{"id":1407,"date":"2022-12-12T13:51:35","date_gmt":"2022-12-12T05:51:35","guid":{"rendered":"http:\/\/www.zongdamining.com\/?post_type=product&#038;p=1407"},"modified":"2023-01-29T16:46:44","modified_gmt":"2023-01-29T08:46:44","slug":"hydro-electric-power-plant-tunnel-fan-for-tunnel-ventilation-system","status":"publish","type":"product","link":"https:\/\/www.zongdamining.com\/es\/product\/hydro-electric-power-plant-tunnel-fan-for-tunnel-ventilation-system\/","title":{"rendered":"Ventilador del t\u00fanel de la central hidroel\u00e9ctrica para el sistema de ventilaci\u00f3n del t\u00fanel"},"content":{"rendered":"<div>\n<p>Despu\u00e9s de a\u00f1os de operaci\u00f3n cuidadosa, el cilindro hidr\u00e1ulico de ingenier\u00eda, Scooptram, cami\u00f3n de transporte subterr\u00e1neo actualmente distribuido por nuestra empresa es favorecido por los usuarios en el pa\u00eds y en el extranjero, y tambi\u00e9n ha obtenido buenos beneficios econ\u00f3micos y sociales. Seguimos trabajando duro para proporcionar a los clientes productos y servicios de calidad. Tambi\u00e9n trabajamos estrechamente con clientes y proveedores de una manera responsable para avanzar juntos y crear un futuro mejor! Nuestra empresa cumple con las \u00faltimas tendencias de moda, satisface las m\u00e1ximas necesidades de los clientes y brinda el servicio m\u00e1s dedicado. Prestamos atenci\u00f3n a los detalles, prestamos atenci\u00f3n a la calidad y nos esforzamos por construir una marca de alta calidad. La globalizaci\u00f3n econ\u00f3mica requiere que nuestra empresa se enfrente al mundo y cultive constantemente talentos internacionales con visi\u00f3n mundial.<\/p>\n<\/div>\n<div>\n<p><img fetchpriority=\"high\" decoding=\"async\" class=\"alignnone wp-image-1409 size-full\" src=\"http:\/\/www.zongdamining.com\/wp-content\/uploads\/2022\/12\/202005251737177cfa6404b79a4418b76a8de5ad2b504e.jpg\" alt=\"\" width=\"750\" height=\"750\" srcset=\"https:\/\/www.zongdamining.com\/wp-content\/uploads\/2022\/12\/202005251737177cfa6404b79a4418b76a8de5ad2b504e.jpg 750w, https:\/\/www.zongdamining.com\/wp-content\/uploads\/2022\/12\/202005251737177cfa6404b79a4418b76a8de5ad2b504e-300x300.jpg 300w, https:\/\/www.zongdamining.com\/wp-content\/uploads\/2022\/12\/202005251737177cfa6404b79a4418b76a8de5ad2b504e-150x150.jpg 150w, https:\/\/www.zongdamining.com\/wp-content\/uploads\/2022\/12\/202005251737177cfa6404b79a4418b76a8de5ad2b504e-600x600.jpg 600w, https:\/\/www.zongdamining.com\/wp-content\/uploads\/2022\/12\/202005251737177cfa6404b79a4418b76a8de5ad2b504e-100x100.jpg 100w\" sizes=\"(max-width: 750px) 100vw, 750px\" \/><\/p>\n<p><strong>Especificaci\u00f3n<\/strong><\/p>\n<p>Ventilador de ventilaci\u00f3n de t\u00fanel SDS utilizado para el sistema de ventilaci\u00f3n longitudinal del t\u00fanel, los ventiladores se instalan colgando en el techo superior del t\u00fanel o ambos lados, que no afectan al tr\u00e1fico, no hay necesidad de construir la manera de escape. Edificio de bajo costo, es ventiladores de ventilaci\u00f3n muy perfectos.<\/p>\n<p><strong>Caracter\u00edsticas principales<\/strong><\/p>\n<p>1) Estructura simple en tipo lineal, f\u00e1cil en instalaci\u00f3n y mantenimiento.<\/p>\n<p>2) Adoptando componentes de marca mundialmente famosos avanzados en partes neum\u00e1ticas, partes el\u00e9ctricas y partes de operaci\u00f3n.<\/p>\n<p>3) Cig\u00fce\u00f1al doble de alta presi\u00f3n para controlar la apertura y el cierre de la matriz.<\/p>\n<p>4) Ejecuci\u00f3n en una alta automatizaci\u00f3n e intelectualizaci\u00f3n, sin contaminaci\u00f3n<\/p>\n<p>5) Aplique un conector para conectarse con el transportador de aire, que puede alinearse directamente con la m\u00e1quina de llenado.<\/p>\n<p><strong>Estructura general del ventilador SDS<\/strong><\/p>\n<p>El ventilador SDS es una combinaci\u00f3n de ventilador de flujo axial y silenciador externo. El ventilador de chorro de t\u00fanel SDS se compone principalmente de amortiguador de entrada, motor principal, amortiguador de salida y motor.<\/p>\n<p><img decoding=\"async\" class=\"alignnone wp-image-1408 size-full\" src=\"http:\/\/www.zongdamining.com\/wp-content\/uploads\/2022\/12\/20200525173750c36c150db78c43a292cabb6855fdf9d5.jpg\" alt=\"\" width=\"750\" height=\"750\" srcset=\"https:\/\/www.zongdamining.com\/wp-content\/uploads\/2022\/12\/20200525173750c36c150db78c43a292cabb6855fdf9d5.jpg 750w, https:\/\/www.zongdamining.com\/wp-content\/uploads\/2022\/12\/20200525173750c36c150db78c43a292cabb6855fdf9d5-300x300.jpg 300w, https:\/\/www.zongdamining.com\/wp-content\/uploads\/2022\/12\/20200525173750c36c150db78c43a292cabb6855fdf9d5-150x150.jpg 150w, https:\/\/www.zongdamining.com\/wp-content\/uploads\/2022\/12\/20200525173750c36c150db78c43a292cabb6855fdf9d5-600x600.jpg 600w, https:\/\/www.zongdamining.com\/wp-content\/uploads\/2022\/12\/20200525173750c36c150db78c43a292cabb6855fdf9d5-100x100.jpg 100w\" sizes=\"(max-width: 750px) 100vw, 750px\" \/><\/p>\n<p>El ventilador de t\u00fanel de alta eficiencia y bajo ruido de la serie SDF se compone de tres secciones: secci\u00f3n de silenciador de admisi\u00f3n (colector de aire, red protectora, deflector, rejilla rectificadora, silenciador); secci\u00f3n del ventilador (carcasa, impulsor (cuchilla m\u00f3vil), cuchilla estacionaria (cuchilla gu\u00eda), motor); secci\u00f3n de silenciador de salida (silenciador de salida).<\/p>\n<p>1) Impulsor (cuchilla m\u00f3vil): se compone de cuchilla y cubo. El cubo est\u00e1 hecho de acero fundido zg230-450. La cuchilla es una cuchilla de hoja de aire ajustable hecha de fundici\u00f3n de precisi\u00f3n de aleaci\u00f3n de aluminio y silicio ZL104. La ra\u00edz y la cola de la cuchilla est\u00e1n dise\u00f1adas. La fundici\u00f3n de proceso agrega estricta correcci\u00f3n de equilibrio est\u00e1tico y din\u00e1mico, prueba de velocidad excesiva, operaci\u00f3n estable y fiable.<\/p>\n<p>2) Parte de la carcasa: est\u00e1 hecha de placa de acero ordinaria por soldadura, y el cilindro interior est\u00e1 equipado con paleta de gu\u00eda trasera est\u00e1tica, que se trata eliminando la tensi\u00f3n de soldadura.<\/p>\n<p><img decoding=\"async\" class=\"alignnone wp-image-1410 size-full\" src=\"http:\/\/www.zongdamining.com\/wp-content\/uploads\/2022\/12\/202005251738019b92d8b24ac94bffbff9fff5de631363.jpg\" alt=\"\" width=\"750\" height=\"750\" srcset=\"https:\/\/www.zongdamining.com\/wp-content\/uploads\/2022\/12\/202005251738019b92d8b24ac94bffbff9fff5de631363.jpg 750w, https:\/\/www.zongdamining.com\/wp-content\/uploads\/2022\/12\/202005251738019b92d8b24ac94bffbff9fff5de631363-300x300.jpg 300w, https:\/\/www.zongdamining.com\/wp-content\/uploads\/2022\/12\/202005251738019b92d8b24ac94bffbff9fff5de631363-150x150.jpg 150w, https:\/\/www.zongdamining.com\/wp-content\/uploads\/2022\/12\/202005251738019b92d8b24ac94bffbff9fff5de631363-600x600.jpg 600w, https:\/\/www.zongdamining.com\/wp-content\/uploads\/2022\/12\/202005251738019b92d8b24ac94bffbff9fff5de631363-100x100.jpg 100w\" sizes=\"(max-width: 750px) 100vw, 750px\" \/><\/p>\n<\/div>\n<div><\/div>\n<div>\n<p>Somos una empresa de alta tecnolog\u00eda dedicada a la industria del ventilador de t\u00fanel de la central hidroel\u00e9ctrica para el sistema de ventilaci\u00f3n del t\u00fanel y tenemos un sistema de gesti\u00f3n de calidad completo y cient\u00edfico. La innovaci\u00f3n es la fuente del \u00e9xito, y la participaci\u00f3n activa es la mayor fuerza motriz del desarrollo sostenible. Los clientes eligen nuestra empresa es elegir profesional, elegir nuestra empresa es elegir preocupaci\u00f3n, nuestro prop\u00f3sito es que usted simplemente nos diga sus necesidades, nos ocuparemos del resto por usted.<\/p>\n<\/div>","protected":false},"excerpt":{"rendered":"<p>Ventilador de ventilaci\u00f3n de t\u00fanel SDS utilizado para el sistema de ventilaci\u00f3n longitudinal del t\u00fanel, los ventiladores se instalan colgando en el techo superior del t\u00fanel o ambos lados, que no afectan al tr\u00e1fico, no hay necesidad de construir la manera de escape.<\/p>","protected":false},"featured_media":1409,"comment_status":"open","ping_status":"closed","template":"","meta":{"_acf_changed":false},"product_brand":[],"product_cat":[28],"product_tag":[],"class_list":{"0":"post-1407","1":"product","2":"type-product","3":"status-publish","4":"has-post-thumbnail","6":"product_cat-underground-ventilation-systems","8":"first","9":"instock","10":"shipping-taxable","11":"product-type-simple"},"acf":[],"_links":{"self":[{"href":"https:\/\/www.zongdamining.com\/es\/wp-json\/wp\/v2\/product\/1407","targetHints":{"allow":["GET"]}}],"collection":[{"href":"https:\/\/www.zongdamining.com\/es\/wp-json\/wp\/v2\/product"}],"about":[{"href":"https:\/\/www.zongdamining.com\/es\/wp-json\/wp\/v2\/types\/product"}],"replies":[{"embeddable":true,"href":"https:\/\/www.zongdamining.com\/es\/wp-json\/wp\/v2\/comments?post=1407"}],"wp:featuredmedia":[{"embeddable":true,"href":"https:\/\/www.zongdamining.com\/es\/wp-json\/wp\/v2\/media\/1409"}],"wp:attachment":[{"href":"https:\/\/www.zongdamining.com\/es\/wp-json\/wp\/v2\/media?parent=1407"}],"wp:term":[{"taxonomy":"product_brand","embeddable":true,"href":"https:\/\/www.zongdamining.com\/es\/wp-json\/wp\/v2\/product_brand?post=1407"},{"taxonomy":"product_cat","embeddable":true,"href":"https:\/\/www.zongdamining.com\/es\/wp-json\/wp\/v2\/product_cat?post=1407"},{"taxonomy":"product_tag","embeddable":true,"href":"https:\/\/www.zongdamining.com\/es\/wp-json\/wp\/v2\/product_tag?post=1407"}],"curies":[{"name":"WP","href":"https:\/\/api.w.org\/{rel}","templated":true}]}}