{"id":1439,"date":"2022-12-12T14:10:59","date_gmt":"2022-12-12T06:10:59","guid":{"rendered":"http:\/\/www.zongdamining.com\/?post_type=product&#038;p=1439"},"modified":"2025-03-17T11:50:51","modified_gmt":"2025-03-17T03:50:51","slug":"underground-mining-winch-mine-hoist-equipment","status":"publish","type":"product","link":"https:\/\/www.zongdamining.com\/es\/product\/underground-mining-winch-mine-hoist-equipment\/","title":{"rendered":"Equipo de elevaci\u00f3n minera subterr\u00e1nea"},"content":{"rendered":"<p><img fetchpriority=\"high\" decoding=\"async\" class=\"alignnone wp-image-1304 size-full\" src=\"http:\/\/www.zongdamining.com\/wp-content\/uploads\/2022\/12\/underground-mining-scraper-winch00025053060.jpg\" alt=\"\" width=\"730\" height=\"730\" srcset=\"https:\/\/www.zongdamining.com\/wp-content\/uploads\/2022\/12\/underground-mining-scraper-winch00025053060.jpg 730w, https:\/\/www.zongdamining.com\/wp-content\/uploads\/2022\/12\/underground-mining-scraper-winch00025053060-300x300.jpg 300w, https:\/\/www.zongdamining.com\/wp-content\/uploads\/2022\/12\/underground-mining-scraper-winch00025053060-150x150.jpg 150w, https:\/\/www.zongdamining.com\/wp-content\/uploads\/2022\/12\/underground-mining-scraper-winch00025053060-600x600.jpg 600w, https:\/\/www.zongdamining.com\/wp-content\/uploads\/2022\/12\/underground-mining-scraper-winch00025053060-100x100.jpg 100w\" sizes=\"(max-width: 730px) 100vw, 730px\" \/><\/p>\n<p><strong>Equipo de elevaci\u00f3n minera subterr\u00e1nea<\/strong><\/p>\n<p>El enrollador de mina se utiliza principalmente en carreteras inclinadas y ejes de minas de carb\u00f3n, minas de metales y minas no met\u00e1licas para levantar y bajar el personal y los materiales.<\/p>\n<p><strong>Caracter\u00edsticas y ventajas<\/strong><\/p>\n<p>1. Acoplamiento el\u00e1stico<\/p>\n<p>a\u3001Todo mejora al tipo de pin de varilla de nylon, y tiene sistema de freno auxiliar; b) La ventaja<\/p>\n<p>de montaje e instalaci\u00f3n: tiene funci\u00f3n de amortiguador para reducir el da\u00f1o del motor.<\/p>\n<p>c\u3001Trabajo suave;<\/p>\n<p>d\u3001Evitar que se produzca inercia, evitar la p\u00e9rdida de tornillo y la rotura de engranajes.<\/p>\n<p>2. Mejora de la estaci\u00f3n hidr\u00e1ulica:<\/p>\n<p>a\u3001 Frenado de doble etapa de tipo nitr\u00f3geno l\u00edquido;<\/p>\n<p>b\u3001El condensador est\u00e1 disponible para la opci\u00f3n de evitar la temperatura caliente, asegura un<\/p>\n<p>presi\u00f3n constante;<\/p>\n<p>c\u3001Oil-way todos adoptan manguera de alta presi\u00f3n anti-20 presi\u00f3n;<\/p>\n<p>d\u3001La presi\u00f3n del aceite est\u00e1 dentro del rango del valor nominal;<\/p>\n<p>e\u3001F\u00e1cil y conveniente para el desmontaje, la instalaci\u00f3n y el mantenimiento; f\u3001Nivel de aceite<\/p>\n<p>sistema de monitoreo se aplica en la estaci\u00f3n hidr\u00e1ulica.<\/p>\n<p>3. Control el\u00e9ctrico<\/p>\n<p>a\u3001Realiza plenamente la operaci\u00f3n autom\u00e1tica, los puntos de desaceleraci\u00f3n se ponen en vigor de acuerdo con<\/p>\n<p>a la condici\u00f3n de la carretera, aparcamiento suave, no se producen frenos de golpe.<\/p>\n<p>b\u3001El sistema de control el\u00e9ctrico de fabricaci\u00f3n propia son todos de China de alta calidad<\/p>\n<p>productos, en la m\u00e1xima medida garantiza un rendimiento estable, anticarga y<\/p>\n<p>La resistencia al impacto tiene una mejora significativa.<\/p>\n<p>c\u3001Pantalla de visualizaci\u00f3n inteligente con un sistema especial de visualizaci\u00f3n del sistema de fallas.<\/p>\n<p>d\u3001Realiza genuinamente el sistema protector 10 del cabrestante de elevaci\u00f3n sin ninguna influencia en<\/p>\n<p>La operaci\u00f3n real de la m\u00e1quina, mejora en gran medida el objetivo de operaci\u00f3n segura de la m\u00e1quina.<\/p>\n<p>e\u3001El interruptor de luz se aplica en la boca de la mina, aparcamiento en el lugar, muy<\/p>\n<p>exactos;<\/p>\n<p>f\u3001En comparaci\u00f3n con la misma industria, nuestro arn\u00e9s de blindaje avanzado tiene un<\/p>\n<p>mejorada significativamente la capacidad de resistir la perturbaci\u00f3n, al mismo tiempo no<\/p>\n<p>perturbar el sistema de monitoreo de la mina.<\/p>\n<p>g\u3001El control el\u00e9ctrico tiene tanto la aplicaci\u00f3n de la operaci\u00f3n autom\u00e1tica y manual, doble<\/p>\n<p>control PLC;<\/p>\n<p>h\u3001El transformador de frecuencia se da cuenta de que 1HZ se desliza.<\/p>\n<p>4. Todos nuestros productos del cabrestante de elevaci\u00f3n est\u00e1n con dato del horizonte, sin pasos y pozos.<\/p>\n<p>5. Todos los cables y l\u00edneas de aceite est\u00e1n ocultos con una apariencia ordenada y generosa.<\/p>\n<p>6. El ruido del reductor se reduce a alrededor de 70dB, la distancia entre el diente y el diente es<\/p>\n<p>estrictamente controlado para ser 15 ~ 20, tambi\u00e9n se ha hecho una mejora significativa en<\/p>\n<p>bloque de ajuste y cubierta de dientes flotantes, sin potencial de accidente.<\/p>\n<p>7. El freno tipo disco adopta el dise\u00f1o de Luokuang y hemos hecho mejoras en<\/p>\n<p>es, con sistema de protecci\u00f3n contra la fatiga del muelle de disco de freno tipo disco y bloque de freno<\/p>\n<p>sistema de protecci\u00f3n contra el desgaste. Sin fugas de aceite.<\/p>\n<p>8. Indicador de profundidad todos adopta conexi\u00f3n directa, estructura compacta, reemplazar la cadena de accionamiento.<\/p>\n<p>9. Cada cubierta protectora adopta la conexi\u00f3n dividida, que es f\u00e1cil para la instalaci\u00f3n,<\/p>\n<p>evitar golpes.<\/p>\n<p><strong>Datos t\u00e9cnicos<\/strong><\/p>\n<table class=\"table\" style=\"width: 100%;\" border=\"0\" width=\"100%\" cellspacing=\"0\" cellpadding=\"0\">\n<tbody>\n<tr class=\"firstRow\">\n<td style=\"width: 8.10157%;\" width=\"51\">modelo<\/td>\n<td style=\"width: 23.4583%;\" colspan=\"3\" width=\"147\">tambor bobinado<\/td>\n<td style=\"width: 38.4522%;\" colspan=\"5\" width=\"236\">cable de alambre<\/td>\n<td style=\"width: 19.4679%;\" colspan=\"2\" width=\"123\">motor<\/td>\n<td style=\"width: 10.399%;\" width=\"66\">Peso<\/td>\n<\/tr>\n<tr>\n<td style=\"width: 8.10157%;\" width=\"51\"><\/td>\n<td style=\"width: 6.89238%;\" width=\"43\">Cantidad<\/td>\n<td style=\"width: 7.49698%;\" width=\"47\">D\u00eda.  (mm)<\/td>\n<td style=\"width: 9.06892%;\" width=\"57\">Ancho (mm)<\/td>\n<td style=\"width: 6.16687%;\" width=\"38\">Tiro (kn)<\/td>\n<td style=\"width: 7.49698%;\" width=\"47\">Alambre (kn)<\/td>\n<td style=\"width: 7.49698%;\" width=\"47\">Di\u00e1metro (mm)<\/td>\n<td style=\"width: 7.49698%;\" width=\"47\">Di\u00e1metro (mm)<\/td>\n<td style=\"width: 9.79444%;\" width=\"57\">Pesocidad (m\/s)<\/td>\n<td style=\"width: 9.06892%;\" width=\"57\">Potencia<br \/>\n(kw)<\/td>\n<td style=\"width: 10.399%;\" width=\"66\">Rotaci\u00f3n (rpm)<\/td>\n<td style=\"width: 10.399%;\" width=\"66\">Sin motor \/ control<\/td>\n<\/tr>\n<tr>\n<td style=\"width: 8.10157%;\" rowspan=\"2\" width=\"51\">ZDJT-0.8<\/td>\n<td style=\"width: 6.89238%;\" rowspan=\"2\" width=\"43\">1<\/td>\n<td style=\"width: 7.49698%;\" rowspan=\"2\" width=\"47\">800<\/td>\n<td style=\"width: 9.06892%;\" rowspan=\"2\" width=\"57\">600<\/td>\n<td style=\"width: 6.16687%;\" rowspan=\"2\" width=\"38\">15<\/td>\n<td style=\"width: 7.49698%;\" rowspan=\"2\" width=\"47\">15<\/td>\n<td style=\"width: 7.49698%;\" rowspan=\"2\" width=\"47\">16<\/td>\n<td style=\"width: 7.49698%;\" rowspan=\"2\" width=\"47\">480<\/td>\n<td style=\"width: 9.79444%;\" width=\"57\">1<\/td>\n<td style=\"width: 9.06892%;\" width=\"57\">22<\/td>\n<td style=\"width: 10.399%;\" width=\"66\">730<\/td>\n<td style=\"width: 10.399%;\" rowspan=\"2\" width=\"66\">2195 kg<\/td>\n<\/tr>\n<tr>\n<td style=\"width: 9.79444%;\" width=\"57\">1.35<\/td>\n<td style=\"width: 9.06892%;\" width=\"57\">30<\/td>\n<td style=\"width: 10.399%;\" width=\"66\">960<\/td>\n<\/tr>\n<\/tbody>\n<\/table>\n<p><img decoding=\"async\" class=\"alignnone wp-image-1302 size-full\" src=\"http:\/\/www.zongdamining.com\/wp-content\/uploads\/2022\/12\/202005260901078eb89ff0ef8543c7a88e07770de49c4f.jpg\" alt=\"\" width=\"750\" height=\"750\" srcset=\"https:\/\/www.zongdamining.com\/wp-content\/uploads\/2022\/12\/202005260901078eb89ff0ef8543c7a88e07770de49c4f.jpg 750w, https:\/\/www.zongdamining.com\/wp-content\/uploads\/2022\/12\/202005260901078eb89ff0ef8543c7a88e07770de49c4f-300x300.jpg 300w, https:\/\/www.zongdamining.com\/wp-content\/uploads\/2022\/12\/202005260901078eb89ff0ef8543c7a88e07770de49c4f-150x150.jpg 150w, https:\/\/www.zongdamining.com\/wp-content\/uploads\/2022\/12\/202005260901078eb89ff0ef8543c7a88e07770de49c4f-600x600.jpg 600w, https:\/\/www.zongdamining.com\/wp-content\/uploads\/2022\/12\/202005260901078eb89ff0ef8543c7a88e07770de49c4f-100x100.jpg 100w\" sizes=\"(max-width: 750px) 100vw, 750px\" \/><\/p>","protected":false},"excerpt":{"rendered":"<p>El enrollador de mina se utiliza principalmente en carreteras inclinadas y ejes de minas de carb\u00f3n, minas de metales y minas no met\u00e1licas para levantar y bajar el personal y los materiales.<\/p>","protected":false},"featured_media":1302,"comment_status":"open","ping_status":"closed","template":"","meta":{"_acf_changed":false},"product_brand":[],"product_cat":[29],"product_tag":[],"class_list":{"0":"post-1439","1":"product","2":"type-product","3":"status-publish","4":"has-post-thumbnail","6":"product_cat-underground-hoisting-system","8":"first","9":"instock","10":"shipping-taxable","11":"product-type-simple"},"acf":[],"_links":{"self":[{"href":"https:\/\/www.zongdamining.com\/es\/wp-json\/wp\/v2\/product\/1439","targetHints":{"allow":["GET"]}}],"collection":[{"href":"https:\/\/www.zongdamining.com\/es\/wp-json\/wp\/v2\/product"}],"about":[{"href":"https:\/\/www.zongdamining.com\/es\/wp-json\/wp\/v2\/types\/product"}],"replies":[{"embeddable":true,"href":"https:\/\/www.zongdamining.com\/es\/wp-json\/wp\/v2\/comments?post=1439"}],"wp:featuredmedia":[{"embeddable":true,"href":"https:\/\/www.zongdamining.com\/es\/wp-json\/wp\/v2\/media\/1302"}],"wp:attachment":[{"href":"https:\/\/www.zongdamining.com\/es\/wp-json\/wp\/v2\/media?parent=1439"}],"wp:term":[{"taxonomy":"product_brand","embeddable":true,"href":"https:\/\/www.zongdamining.com\/es\/wp-json\/wp\/v2\/product_brand?post=1439"},{"taxonomy":"product_cat","embeddable":true,"href":"https:\/\/www.zongdamining.com\/es\/wp-json\/wp\/v2\/product_cat?post=1439"},{"taxonomy":"product_tag","embeddable":true,"href":"https:\/\/www.zongdamining.com\/es\/wp-json\/wp\/v2\/product_tag?post=1439"}],"curies":[{"name":"WP","href":"https:\/\/api.w.org\/{rel}","templated":true}]}}