{"id":1471,"date":"2022-12-12T14:37:51","date_gmt":"2022-12-12T06:37:51","guid":{"rendered":"http:\/\/www.zongdamining.com\/?post_type=product&#038;p=1471"},"modified":"2023-01-29T16:45:12","modified_gmt":"2023-01-29T08:45:12","slug":"3t-trolley-electric-locomotive-overhead-line-mining-locomotive","status":"publish","type":"product","link":"https:\/\/www.zongdamining.com\/es\/product\/3t-trolley-electric-locomotive-overhead-line-mining-locomotive\/","title":{"rendered":"Locomotora el\u00e9ctrica del trolley 3t, locomotora de miner\u00eda de l\u00ednea a\u00e9rea"},"content":{"rendered":"<p>Nuestro objetivo debe ser consolidar y mejorar la calidad superior y el servicio de los bienes actuales, mientras tanto, crear con frecuencia nuevos productos para satisfacer a diversos clientes. llama para Locomotora de bater\u00eda de miner\u00eda a prueba de llama, Loco de miner\u00eda subterr\u00e1nea a prueba de llama, Pulverizador de hormig\u00f3n m\u00f3vil para miner\u00eda subterr\u00e1nea. Nos adherimos a la &#8216; coraz\u00f3n para hacer, crear valor para los clientes&#8217; filosof\u00eda empresarial, con actitud de trabajo profesional, estandarizada y meticulosa. Entrando en una nueva era, recordaremos nuestra misi\u00f3n original y volveremos a cultivar nuestra cultura corporativa distintiva.<\/p>\n<p><img fetchpriority=\"high\" decoding=\"async\" class=\"alignnone wp-image-1474 size-full\" src=\"http:\/\/www.zongdamining.com\/wp-content\/uploads\/2022\/12\/trolley-electric-locomotive41076860823.jpg\" alt=\"\" width=\"730\" height=\"730\" srcset=\"https:\/\/www.zongdamining.com\/wp-content\/uploads\/2022\/12\/trolley-electric-locomotive41076860823.jpg 730w, https:\/\/www.zongdamining.com\/wp-content\/uploads\/2022\/12\/trolley-electric-locomotive41076860823-300x300.jpg 300w, https:\/\/www.zongdamining.com\/wp-content\/uploads\/2022\/12\/trolley-electric-locomotive41076860823-150x150.jpg 150w, https:\/\/www.zongdamining.com\/wp-content\/uploads\/2022\/12\/trolley-electric-locomotive41076860823-600x600.jpg 600w, https:\/\/www.zongdamining.com\/wp-content\/uploads\/2022\/12\/trolley-electric-locomotive41076860823-100x100.jpg 100w\" sizes=\"(max-width: 730px) 100vw, 730px\" \/><\/p>\n<p><strong>CJY14\/610 G250<\/strong><\/p>\n<p><strong>Datos t\u00e9cnicos<\/strong><\/p>\n<p>14t Trolley Electric Locomotives son nuevos productos especialmente dise\u00f1ados para grandes minas, con caracter\u00edsticas de tama\u00f1o compacto, distancia entre ejes corta, radio de giro peque\u00f1o, velocidad m\u00e1s r\u00e1pida y mayor fuerza de tracci\u00f3n. Las locomotoras reguladoras de velocidad sin pasos IGBT son una nueva generaci\u00f3n de productos de ahorro de energ\u00eda con arranque estable y bajo destino de falla.<\/p>\n<p>El motor adopta un muelle de goma en forma de V, que puede soportar y vibrar y impactar en las direcciones longitudinal, transversal y vertical. Su placa de ala utiliza las placas de ala el\u00e1sticas de goma para garantizar un peque\u00f1o impacto sufrido al pasar por el pozo de descarga.<\/p>\n<p><img decoding=\"async\" class=\"alignnone wp-image-1476 size-full\" src=\"http:\/\/www.zongdamining.com\/wp-content\/uploads\/2022\/12\/2020042110433239368777ab2e41c8948db8a817589603.jpg\" alt=\"\" width=\"750\" height=\"750\" srcset=\"https:\/\/www.zongdamining.com\/wp-content\/uploads\/2022\/12\/2020042110433239368777ab2e41c8948db8a817589603.jpg 750w, https:\/\/www.zongdamining.com\/wp-content\/uploads\/2022\/12\/2020042110433239368777ab2e41c8948db8a817589603-300x300.jpg 300w, https:\/\/www.zongdamining.com\/wp-content\/uploads\/2022\/12\/2020042110433239368777ab2e41c8948db8a817589603-150x150.jpg 150w, https:\/\/www.zongdamining.com\/wp-content\/uploads\/2022\/12\/2020042110433239368777ab2e41c8948db8a817589603-600x600.jpg 600w, https:\/\/www.zongdamining.com\/wp-content\/uploads\/2022\/12\/2020042110433239368777ab2e41c8948db8a817589603-100x100.jpg 100w\" sizes=\"(max-width: 750px) 100vw, 750px\" \/><\/p>\n<div class=\"table-responsive\">\n<table class=\"table\" border=\"0\" width=\"100%\" cellspacing=\"0\" cellpadding=\"0\">\n<tbody>\n<tr class=\"firstRow\">\n<td width=\"243\">Peso del adhesivo<\/td>\n<td width=\"189\">t<\/td>\n<td width=\"217\">14<\/td>\n<\/tr>\n<tr>\n<td width=\"243\">Calibre<\/td>\n<td width=\"189\">mm (mm)<\/td>\n<td width=\"217\">610<\/td>\n<\/tr>\n<tr>\n<td width=\"243\">Voltaje nominal<\/td>\n<td width=\"189\">v<\/td>\n<td width=\"217\">250<\/td>\n<\/tr>\n<tr>\n<td width=\"243\">Fuerza de tracci\u00f3n nominal por hora<\/td>\n<td width=\"189\">KN<\/td>\n<td width=\"217\">26.68<\/td>\n<\/tr>\n<tr>\n<td width=\"243\">Velocidad nominal por hora<\/td>\n<td width=\"189\">Km\/h<\/td>\n<td width=\"217\">12.9<\/td>\n<\/tr>\n<tr>\n<td width=\"243\">Velocidad estructural<\/td>\n<td width=\"189\">Km\/h<\/td>\n<td width=\"217\">27<\/td>\n<\/tr>\n<tr>\n<td width=\"243\">Motor el\u00e9ctrico y potencia<\/td>\n<td width=\"189\">KW<\/td>\n<td width=\"217\">2*52<\/td>\n<\/tr>\n<tr>\n<td width=\"243\">Base de ruedas<\/td>\n<td width=\"189\">mm (mm)<\/td>\n<td width=\"217\">1700<\/td>\n<\/tr>\n<tr>\n<td width=\"243\">Radio m\u00ednimo de curvatura<\/td>\n<td width=\"189\">m<\/td>\n<td width=\"217\">22<\/td>\n<\/tr>\n<tr>\n<td width=\"243\">D\u00eda. De rueda<\/td>\n<td width=\"189\">mm (mm)<\/td>\n<td width=\"217\">760<\/td>\n<\/tr>\n<tr>\n<td width=\"243\">Shake Absorber<\/td>\n<td width=\"189\"><\/td>\n<td width=\"217\">Absorbente de agitaci\u00f3n de placas<\/td>\n<\/tr>\n<tr>\n<td width=\"243\">Tipo de control<\/td>\n<td width=\"189\"><\/td>\n<td width=\"217\">Control de resistencia o control de chopper<\/td>\n<\/tr>\n<tr>\n<td width=\"243\">Tipo de freno<\/td>\n<td width=\"189\"><\/td>\n<td width=\"217\">Freno mec\u00e1nico<\/td>\n<\/tr>\n<tr>\n<td width=\"243\">Tipo de unidad<\/td>\n<td width=\"189\"><\/td>\n<td width=\"217\">Cerrado Drive de engranajes de dos etapas<\/td>\n<\/tr>\n<tr>\n<td width=\"243\">colector pant\u00f3grafo<\/td>\n<td width=\"189\"><\/td>\n<td width=\"217\">Personalizado<\/td>\n<\/tr>\n<tr>\n<td width=\"243\">Dimensi\u00f3n exterior<\/td>\n<td width=\"189\">mm (mm)<\/td>\n<td width=\"217\">L: 4660mm<br \/>\nW: 1270mm<br \/>\nH: Confirmando seg\u00fan Pantograpg personalizado<\/td>\n<\/tr>\n<tr>\n<td width=\"243\">Requisitos sobre la cubierta del cuerpo<\/td>\n<td width=\"189\"><\/td>\n<td width=\"217\">Bulge central para el flujo de agua<\/td>\n<\/tr>\n<tr>\n<td width=\"243\">Pintura y color<\/td>\n<td width=\"189\"><\/td>\n<td width=\"217\">Prevenci\u00f3n mejorada de la corrosi\u00f3n y la oxidaci\u00f3n, pintura roja.<\/td>\n<\/tr>\n<\/tbody>\n<\/table>\n<p><img decoding=\"async\" class=\"alignnone wp-image-1475 size-full\" src=\"http:\/\/www.zongdamining.com\/wp-content\/uploads\/2022\/12\/20200421104509b0ac07d93ca34766b38a5c704709877e.jpg\" alt=\"\" width=\"750\" height=\"675\" srcset=\"https:\/\/www.zongdamining.com\/wp-content\/uploads\/2022\/12\/20200421104509b0ac07d93ca34766b38a5c704709877e.jpg 750w, https:\/\/www.zongdamining.com\/wp-content\/uploads\/2022\/12\/20200421104509b0ac07d93ca34766b38a5c704709877e-300x270.jpg 300w, https:\/\/www.zongdamining.com\/wp-content\/uploads\/2022\/12\/20200421104509b0ac07d93ca34766b38a5c704709877e-600x540.jpg 600w\" sizes=\"(max-width: 750px) 100vw, 750px\" \/><\/p>\n<p>Nos superamos constantemente y nos comprometemos a continuar proporcionando a los fabricantes y clientes tecnolog\u00eda l\u00edder y locomotora el\u00e9ctrica de carretilla 3t rentable, locomotora de miner\u00eda de l\u00ednea a\u00e9rea. Nuestra empresa avanza con la estrategia de &#8216; orientado a la tecnolog\u00eda, calidad para la supervivencia y reputaci\u00f3n para el desarrollo&#8217;  . Nuestra empresa tiene un equipo profesional de promoci\u00f3n de marketing, acumulado rico conocimiento profesional y experiencia de cooperaci\u00f3n para que podamos proporcionar un servicio m\u00e1s perfecto para los clientes.<\/p>\n<\/div>","protected":false},"excerpt":{"rendered":"<p>14t Trolley Electric Locomotives son nuevos productos especialmente dise\u00f1ados para grandes minas, con caracter\u00edsticas de tama\u00f1o compacto, distancia entre ejes corta, radio de giro peque\u00f1o, velocidad m\u00e1s r\u00e1pida y mayor fuerza de tracci\u00f3n.<\/p>","protected":false},"featured_media":1474,"comment_status":"open","ping_status":"closed","template":"","meta":{"_acf_changed":false},"product_brand":[],"product_cat":[27],"product_tag":[],"class_list":{"0":"post-1471","1":"product","2":"type-product","3":"status-publish","4":"has-post-thumbnail","6":"product_cat-underground-mining-locomotives","8":"first","9":"instock","10":"shipping-taxable","11":"product-type-simple"},"acf":[],"_links":{"self":[{"href":"https:\/\/www.zongdamining.com\/es\/wp-json\/wp\/v2\/product\/1471","targetHints":{"allow":["GET"]}}],"collection":[{"href":"https:\/\/www.zongdamining.com\/es\/wp-json\/wp\/v2\/product"}],"about":[{"href":"https:\/\/www.zongdamining.com\/es\/wp-json\/wp\/v2\/types\/product"}],"replies":[{"embeddable":true,"href":"https:\/\/www.zongdamining.com\/es\/wp-json\/wp\/v2\/comments?post=1471"}],"wp:featuredmedia":[{"embeddable":true,"href":"https:\/\/www.zongdamining.com\/es\/wp-json\/wp\/v2\/media\/1474"}],"wp:attachment":[{"href":"https:\/\/www.zongdamining.com\/es\/wp-json\/wp\/v2\/media?parent=1471"}],"wp:term":[{"taxonomy":"product_brand","embeddable":true,"href":"https:\/\/www.zongdamining.com\/es\/wp-json\/wp\/v2\/product_brand?post=1471"},{"taxonomy":"product_cat","embeddable":true,"href":"https:\/\/www.zongdamining.com\/es\/wp-json\/wp\/v2\/product_cat?post=1471"},{"taxonomy":"product_tag","embeddable":true,"href":"https:\/\/www.zongdamining.com\/es\/wp-json\/wp\/v2\/product_tag?post=1471"}],"curies":[{"name":"WP","href":"https:\/\/api.w.org\/{rel}","templated":true}]}}