{"id":1497,"date":"2022-12-12T15:09:24","date_gmt":"2022-12-12T07:09:24","guid":{"rendered":"http:\/\/www.zongdamining.com\/?post_type=product&#038;p=1497"},"modified":"2022-12-12T15:10:14","modified_gmt":"2022-12-12T07:10:14","slug":"underground-mining-ventilation-fan","status":"publish","type":"product","link":"https:\/\/www.zongdamining.com\/es\/product\/underground-mining-ventilation-fan\/","title":{"rendered":"Ventilador de ventilaci\u00f3n de miner\u00eda subterr\u00e1nea"},"content":{"rendered":"<div class=\"pro-details-tit\"><\/div>\n<div class=\"pro-details\">\n<p><img fetchpriority=\"high\" decoding=\"async\" class=\"alignnone wp-image-1502 size-full\" src=\"http:\/\/www.zongdamining.com\/wp-content\/uploads\/2022\/12\/underground-mining-ventilation-fan07263682408.jpg\" alt=\"\" width=\"730\" height=\"730\" srcset=\"https:\/\/www.zongdamining.com\/wp-content\/uploads\/2022\/12\/underground-mining-ventilation-fan07263682408.jpg 730w, https:\/\/www.zongdamining.com\/wp-content\/uploads\/2022\/12\/underground-mining-ventilation-fan07263682408-300x300.jpg 300w, https:\/\/www.zongdamining.com\/wp-content\/uploads\/2022\/12\/underground-mining-ventilation-fan07263682408-150x150.jpg 150w, https:\/\/www.zongdamining.com\/wp-content\/uploads\/2022\/12\/underground-mining-ventilation-fan07263682408-600x600.jpg 600w, https:\/\/www.zongdamining.com\/wp-content\/uploads\/2022\/12\/underground-mining-ventilation-fan07263682408-100x100.jpg 100w\" sizes=\"(max-width: 730px) 100vw, 730px\" \/><\/p>\n<p><strong>Especificaci\u00f3n del producto<\/strong><\/p>\n<p>Ventilador de ventilaci\u00f3n de miner\u00eda subterr\u00e1nea<\/p>\n<p>Ventilador de ventilaci\u00f3n de miner\u00eda subterr\u00e1nea de la serie K desarrollado por la estaci\u00f3n de promoci\u00f3n de ahorro de energ\u00eda de la mina del Ministerio de la industria metal\u00fargica a principios de la d\u00e9cada de 1980, tiene las ventajas \u00fanicas de alta eficiencia aerodin\u00e1mica, buena coincidencia con la red de ventilaci\u00f3n y efecto de ahorro de energ\u00eda extremadamente significativo; Adem\u00e1s, el \u00e1ngulo de instalaci\u00f3n de la pala es ajustable, el viento inverso se puede invertir y el ruido de operaci\u00f3n es bajo. Al mismo tiempo, se adopta la estructura de conexi\u00f3n directa del motor y el impulsor, que tiene una buena estabilidad general e instalaci\u00f3n Es conveniente, seguro y fiable, f\u00e1cil de mantener y baja resistencia local del dispositivo. Como ventilador principal, su volumen de trabajo civil del dispositivo es muy peque\u00f1o, lo que puede ahorrar una gran cantidad de inversi\u00f3n. Es adecuado para la instalaci\u00f3n subterr\u00e1nea y es el ventilador m\u00e1s ideal en el sistema de ventilaci\u00f3n de estaci\u00f3n de ventilador multietapa.<\/p>\n<p>Los ventiladores de ahorro de energ\u00eda de miner\u00eda de la serie K son ampliamente utilizados en metalurgia, metales no ferrosos, oro, industria qu\u00edmica, materiales de construcci\u00f3n, industria nuclear y otras minas del sistema. Los ventiladores de ahorro de energ\u00eda de miner\u00eda de la serie K incluyen principalmente ventiladores locales de la serie JK, DJK, ventiladores principales de la serie K, DK y ventiladores auxiliares. La nueva generaci\u00f3n de ventiladores de ahorro de energ\u00eda de miner\u00eda de la serie K, DK est\u00e1n equipados con un dispositivo de anillo de flujo constante, sin joroba en la curva caracter\u00edstica, mayor eficiencia, mejor rendimiento, mejores especificaciones y una gama de aplicaciones m\u00e1s amplia. Todo tipo de minas no de carb\u00f3n, grandes, medianas y peque\u00f1as, se pueden seleccionar entre el ventilador principal, el ventilador auxiliar, el ventilador local y los ventiladores de la estaci\u00f3n de ventilador.<\/p>\n<p><img decoding=\"async\" class=\"alignnone wp-image-1500 size-full\" src=\"http:\/\/www.zongdamining.com\/wp-content\/uploads\/2022\/12\/underground-mining-ventilation-fan12360088769.jpg\" alt=\"\" width=\"730\" height=\"730\" srcset=\"https:\/\/www.zongdamining.com\/wp-content\/uploads\/2022\/12\/underground-mining-ventilation-fan12360088769.jpg 730w, https:\/\/www.zongdamining.com\/wp-content\/uploads\/2022\/12\/underground-mining-ventilation-fan12360088769-300x300.jpg 300w, https:\/\/www.zongdamining.com\/wp-content\/uploads\/2022\/12\/underground-mining-ventilation-fan12360088769-150x150.jpg 150w, https:\/\/www.zongdamining.com\/wp-content\/uploads\/2022\/12\/underground-mining-ventilation-fan12360088769-600x600.jpg 600w, https:\/\/www.zongdamining.com\/wp-content\/uploads\/2022\/12\/underground-mining-ventilation-fan12360088769-100x100.jpg 100w\" sizes=\"(max-width: 730px) 100vw, 730px\" \/><\/p>\n<p>Los ventiladores parciales de ventilaci\u00f3n de miner\u00eda subterr\u00e1nea de la serie JK con alta eficiencia, ahorro de energ\u00eda y bajo ruido est\u00e1n dise\u00f1ados de acuerdo con las necesidades de ventilaci\u00f3n parcial en varias minas no de carb\u00f3n, como la metalurgia, la industria no ferrosa, el oro, la industria qu\u00edmica, los materiales de construcci\u00f3n y la industria nuclear. Son aplicables a la ventilaci\u00f3n de la excavaci\u00f3n en carreteras, el giro inducido de parada y la harra el\u00e9ctrica, la ventilaci\u00f3n de deriva de la miner\u00eda subnivel sin pilar inferior, la ventilaci\u00f3n local y alguna ventilaci\u00f3n auxiliar. Tambi\u00e9n se puede usar en la construcci\u00f3n de t\u00faneles, construcci\u00f3n de ingenier\u00eda subterr\u00e1nea y otras ocasiones que requieren suministro de aire por conducto de aire.<\/p>\n<p>El dise\u00f1o de los ventiladores locales de la serie JK considera exhaustivamente el volumen de aire del polvo y el escape de carb\u00f3n, la distancia de suministro de aire del conducto de aire, las especificaciones del conducto de aire com\u00fanmente utilizado, el valor de resistencia al aire y las condiciones de servicio en la mina, etc. requeridas por varias operaciones de ventilaci\u00f3n local. Los ventiladores locales de la serie JK se dividen en tres categor\u00edas: rueda de trabajo de un solo polo jk-1no, rueda de trabajo de doble etapa jk-2no y operaci\u00f3n giratoria contra DJK. Entre ellos, los ventiladores locales de la serie jk40 y los ventiladores locales giratorios de la serie djk50 se pueden instalar directamente en el piso de la carretera, o colgarse en la pared lateral o bajo el techo de la carretera.<\/p>\n<p><img decoding=\"async\" class=\"alignnone wp-image-1501 size-full\" src=\"http:\/\/www.zongdamining.com\/wp-content\/uploads\/2022\/12\/underground-mining-ventilation-fan12361182498-1.jpg\" alt=\"\" width=\"730\" height=\"730\" srcset=\"https:\/\/www.zongdamining.com\/wp-content\/uploads\/2022\/12\/underground-mining-ventilation-fan12361182498-1.jpg 730w, https:\/\/www.zongdamining.com\/wp-content\/uploads\/2022\/12\/underground-mining-ventilation-fan12361182498-1-300x300.jpg 300w, https:\/\/www.zongdamining.com\/wp-content\/uploads\/2022\/12\/underground-mining-ventilation-fan12361182498-1-150x150.jpg 150w, https:\/\/www.zongdamining.com\/wp-content\/uploads\/2022\/12\/underground-mining-ventilation-fan12361182498-1-600x600.jpg 600w, https:\/\/www.zongdamining.com\/wp-content\/uploads\/2022\/12\/underground-mining-ventilation-fan12361182498-1-100x100.jpg 100w\" sizes=\"(max-width: 730px) 100vw, 730px\" \/><\/p>\n<p><strong>Caracter\u00edsticas de la serie JK<\/strong><\/p>\n<p>(1) Alta eficiencia de operaci\u00f3n. La eficiencia de presi\u00f3n total m\u00e1s alta de las ruedas de trabajo de una etapa y de dos etapas es del 92% y del 83%, respectivamente, y la eficiencia de presi\u00f3n total m\u00e1s alta del tipo de contrarotaci\u00f3n es del 85%, lo que es del 20 al 30% m\u00e1s alto que los ventiladores locales de la serie JF original, y tiene un efecto de ahorro de energ\u00eda obvio.<\/p>\n<p>(2) Tiene regulaciones completas y una fuerte adaptabilidad. Existen diferentes combinaciones de volumen de aire y valor de presi\u00f3n total de ventiladores locales. La distancia de suministro de aire var\u00eda de 80m a 600m (la distancia de suministro de aire para la operaci\u00f3n en serie puede ser de m\u00e1s de 1200m), lo que puede satisfacer diferentes necesidades de los usuarios.<\/p>\n<p>(3) tama\u00f1o peque\u00f1o, peso ligero, movimiento flexible y conveniente. Cuando su rendimiento es b\u00e1sicamente el mismo que el de los ventiladores locales de la serie JF, su volumen y peso se reducen en un 20-30% y un 20-30% respectivamente.<\/p>\n<p>(4) Bajo ruido. El ruido de JKNO. 4 ventilador local medido en espacio abierto no debe exceder de 86db (a). Si tiene requisitos especiales para el ruido de los ventiladores locales, nuestra f\u00e1brica puede proporcionar un conjunto completo de silenciadores. Por favor, d\u00e9 una explicaci\u00f3n al hacer el pedido.<\/p>\n<p>Los motores de los ventiladores locales de la serie JK y DJK son de 2 polos, y la velocidad es de 2860 ~ 2930r \/ min.<\/p>\n<p>&nbsp;<\/p>\n<table class=\"table\" border=\"0\" width=\"100%\" cellspacing=\"0\" cellpadding=\"0\">\n<tbody>\n<tr class=\"firstRow\">\n<td rowspan=\"2\" width=\"93\">Tipo<\/td>\n<td rowspan=\"2\" width=\"72\">Potencia (kw)<\/td>\n<td rowspan=\"2\" width=\"72\">Volumen de aire (m\u00b3\/s)<\/td>\n<td rowspan=\"2\" width=\"72\">Presi\u00f3n total (Pa)<\/td>\n<td rowspan=\"2\" align=\"center\" valign=\"middle\" width=\"72\">Mini. di\u00e1metro del conducto de aire<\/p>\n<p>(mm)<\/td>\n<td rowspan=\"2\" align=\"center\" valign=\"middle\" width=\"75\">Distancia de suministro de aire (m)<\/td>\n<td colspan=\"3\" width=\"214\">Tama\u00f1o (mm)<\/td>\n<\/tr>\n<tr>\n<td width=\"71\">D<\/td>\n<td width=\"71\">L<\/td>\n<td width=\"71\">H<\/td>\n<\/tr>\n<tr>\n<td width=\"93\">JK58-1 \u21163<\/td>\n<td width=\"72\">1.5<\/td>\n<td width=\"72\">0.9-1.4<\/td>\n<td width=\"72\">928-575<\/td>\n<td width=\"72\">300<\/td>\n<td width=\"75\">80<\/td>\n<td width=\"71\">390<\/td>\n<td width=\"71\">486<\/td>\n<td width=\"71\">230<\/td>\n<\/tr>\n<tr>\n<td width=\"93\">JK58-1 \u21163.5<\/td>\n<td width=\"72\">3<\/td>\n<td width=\"72\">1.5-2.4<\/td>\n<td width=\"72\">1263-752<\/td>\n<td width=\"72\">350<\/td>\n<td width=\"75\">150<\/td>\n<td width=\"71\">450<\/td>\n<td width=\"71\">562<\/td>\n<td width=\"71\">260<\/td>\n<\/tr>\n<tr>\n<td width=\"93\">JK58-1 \u21164<\/td>\n<td width=\"72\">5.5<\/td>\n<td width=\"72\">2.2-3.5<\/td>\n<td width=\"72\">1648-1020<\/td>\n<td width=\"72\">400<\/td>\n<td width=\"75\">200<\/td>\n<td width=\"71\">520<\/td>\n<td width=\"71\">649<\/td>\n<td width=\"71\">290<\/td>\n<\/tr>\n<tr>\n<td width=\"93\">JK58-1 \u21164.5<\/td>\n<td width=\"72\">11<\/td>\n<td width=\"72\">3.1-5.0<\/td>\n<td width=\"72\">2093-1295<\/td>\n<td width=\"72\">450<\/td>\n<td width=\"75\">300<\/td>\n<td width=\"71\">585<\/td>\n<td width=\"71\">728<\/td>\n<td width=\"71\">320<\/td>\n<\/tr>\n<tr>\n<td width=\"93\">JK58-2 \u21164<\/td>\n<td width=\"72\">11<\/td>\n<td width=\"72\">2.2-3.5<\/td>\n<td width=\"72\">2923-1811<\/td>\n<td width=\"72\">400<\/td>\n<td width=\"75\">400<\/td>\n<td width=\"71\">520<\/td>\n<td width=\"71\">877<\/td>\n<td width=\"71\">290<\/td>\n<\/tr>\n<tr>\n<td width=\"93\">JK55-2 \u21164.5<\/td>\n<td width=\"72\">11<\/td>\n<td width=\"72\">3.0-5.2<\/td>\n<td width=\"72\">2276-1811<\/td>\n<td width=\"72\">450<\/td>\n<td width=\"75\">300<\/td>\n<td width=\"71\">543<\/td>\n<td width=\"71\">704<\/td>\n<td width=\"71\">275<\/td>\n<\/tr>\n<tr>\n<td width=\"93\">JK55-1 \u21165<\/td>\n<td width=\"72\">11<\/td>\n<td width=\"72\">4.2-6.6<\/td>\n<td width=\"72\">1726-1324<\/td>\n<td width=\"72\">450<\/td>\n<td width=\"75\">200<\/td>\n<td width=\"71\">600<\/td>\n<td width=\"71\">535<\/td>\n<td width=\"71\">400<\/td>\n<\/tr>\n<tr>\n<td width=\"93\">JK56-1\u21163.15<\/td>\n<td width=\"72\">2.2<\/td>\n<td width=\"72\">1.4-2.1<\/td>\n<td width=\"72\">853-588<\/td>\n<td width=\"72\">300<\/td>\n<td width=\"75\">80<\/td>\n<td width=\"71\">374<\/td>\n<td width=\"71\">634<\/td>\n<td width=\"71\">193<\/td>\n<\/tr>\n<tr>\n<td width=\"93\">JK56-1 \u21164<\/td>\n<td width=\"72\">4<\/td>\n<td width=\"72\">0.1-3.4<\/td>\n<td width=\"72\">1275-981<\/td>\n<td width=\"72\">400<\/td>\n<td width=\"75\">150<\/td>\n<td width=\"71\">477<\/td>\n<td width=\"71\">682<\/td>\n<td width=\"71\">240<\/td>\n<\/tr>\n<tr>\n<td width=\"93\">JK67-1 \u21164.5<\/td>\n<td width=\"72\">7.5<\/td>\n<td width=\"72\">2.6-4.2<\/td>\n<td width=\"72\">2256-1177<\/td>\n<td width=\"72\">400<\/td>\n<td width=\"75\">250<\/td>\n<td width=\"71\">540<\/td>\n<td width=\"71\">760<\/td>\n<td width=\"71\">270<\/td>\n<\/tr>\n<tr>\n<td width=\"93\">JK67-2 \u21164.5<\/td>\n<td width=\"72\">11<\/td>\n<td width=\"72\">2.8-4.3<\/td>\n<td width=\"72\">3237-1471<\/td>\n<td width=\"72\">400<\/td>\n<td width=\"75\">400<\/td>\n<td width=\"71\">540<\/td>\n<td width=\"71\">860<\/td>\n<td width=\"71\">270<\/td>\n<\/tr>\n<tr>\n<td width=\"93\">BJK67-1 \u2116.25<\/td>\n<td width=\"72\">30<\/td>\n<td width=\"72\">4.0-6.3<\/td>\n<td width=\"72\">3776-2648<\/td>\n<td width=\"72\">500<\/td>\n<td width=\"75\">600<\/td>\n<td width=\"71\">620<\/td>\n<td width=\"71\">1364<\/td>\n<td width=\"71\">310<\/td>\n<\/tr>\n<tr>\n<td width=\"93\">JK40-1 \u21165.5<\/td>\n<td width=\"72\">5.5<\/td>\n<td width=\"72\">4.3-5.1<\/td>\n<td width=\"72\">633-475<\/td>\n<td width=\"72\">550<\/td>\n<td width=\"75\">120<\/td>\n<td width=\"71\">720<\/td>\n<td width=\"71\">3800<\/td>\n<td width=\"71\">337<\/td>\n<\/tr>\n<tr>\n<td width=\"93\">JK40-1 \u21166.5<\/td>\n<td width=\"72\">11<\/td>\n<td width=\"72\">7.1-8.4<\/td>\n<td width=\"72\">884-663<\/td>\n<td width=\"72\">650<\/td>\n<td width=\"75\">140<\/td>\n<td width=\"71\">742<\/td>\n<td width=\"71\">3800<\/td>\n<td width=\"71\">396<\/td>\n<\/tr>\n<tr>\n<td width=\"93\">JK40-1 \u21167<\/td>\n<td width=\"72\">15<\/td>\n<td width=\"72\">8.8-10.5<\/td>\n<td width=\"72\">1025-769<\/td>\n<td width=\"72\">700<\/td>\n<td width=\"75\">140<\/td>\n<td width=\"71\">795<\/td>\n<td width=\"71\">4100<\/td>\n<td width=\"71\">425<\/td>\n<\/tr>\n<tr>\n<td width=\"93\">JK40-1 \u21167.5<\/td>\n<td width=\"72\">22<\/td>\n<td width=\"72\">10.9-12.9<\/td>\n<td width=\"72\">1177-883<\/td>\n<td width=\"72\">750<\/td>\n<td width=\"75\">150<\/td>\n<td width=\"71\">824<\/td>\n<td width=\"71\">4100<\/td>\n<td width=\"71\">455<\/td>\n<\/tr>\n<tr>\n<td width=\"93\">JK40-1 \u21168<\/td>\n<td width=\"72\">30<\/td>\n<td width=\"72\">13.2-15.6<\/td>\n<td width=\"72\">1339-1005<\/td>\n<td width=\"72\">800<\/td>\n<td width=\"75\">150<\/td>\n<td width=\"71\">848<\/td>\n<td width=\"71\">4350<\/td>\n<td width=\"71\">485<\/td>\n<\/tr>\n<tr>\n<td width=\"93\">El DJK50 \u21165.5<\/td>\n<td width=\"72\">2 \u00d7 5,5<\/td>\n<td width=\"72\">4.8-5.8<\/td>\n<td width=\"72\">1182-515<\/td>\n<td width=\"72\">550<\/td>\n<td width=\"75\">180<\/td>\n<td width=\"71\">948<\/td>\n<td width=\"71\">3800<\/td>\n<td width=\"71\">337<\/td>\n<\/tr>\n<tr>\n<td width=\"93\">El DJK50 \u21166.5<\/td>\n<td width=\"72\">2 \u00d7 11<\/td>\n<td width=\"72\">7.9-9.5<\/td>\n<td width=\"72\">1651-719<\/td>\n<td width=\"72\">650<\/td>\n<td width=\"75\">200<\/td>\n<td width=\"71\">1120<\/td>\n<td width=\"71\">3800<\/td>\n<td width=\"71\">396<\/td>\n<\/tr>\n<tr>\n<td width=\"93\">El DJK50 \u21167<\/td>\n<td width=\"72\">2 \u00d7 15<\/td>\n<td width=\"72\">9.9-11.9<\/td>\n<td width=\"72\">1915-834<\/td>\n<td width=\"72\">700<\/td>\n<td width=\"75\">200<\/td>\n<td width=\"71\">1207<\/td>\n<td width=\"71\">4100<\/td>\n<td width=\"71\">425<\/td>\n<\/tr>\n<tr>\n<td width=\"93\">El DJK50 \u21167.5<\/td>\n<td width=\"72\">2 \u00d7 22<\/td>\n<td width=\"72\">12.2-14.6<\/td>\n<td width=\"72\">2198-957<\/td>\n<td width=\"72\">750<\/td>\n<td width=\"75\">220<\/td>\n<td width=\"71\">1293<\/td>\n<td width=\"71\">4100<\/td>\n<td width=\"71\">455<\/td>\n<\/tr>\n<tr>\n<td width=\"93\">El DJK50 \u21168<\/td>\n<td width=\"72\">2 \u00d7 30<\/td>\n<td width=\"72\">14.8-17.8<\/td>\n<td width=\"72\">2501-1089<\/td>\n<td width=\"72\">800<\/td>\n<td width=\"75\">220<\/td>\n<td width=\"71\">1340<\/td>\n<td width=\"71\">4350<\/td>\n<td width=\"71\">485<\/td>\n<\/tr>\n<\/tbody>\n<\/table>\n<\/div>","protected":false},"excerpt":{"rendered":"<p>Ventilador de ventilaci\u00f3n de miner\u00eda subterr\u00e1nea de la serie K desarrollado por la estaci\u00f3n de promoci\u00f3n de ahorro de energ\u00eda de la mina del Ministerio de la industria metal\u00fargica a principios de la d\u00e9cada de 1980, tiene las ventajas \u00fanicas de alta eficiencia aerodin\u00e1mica<\/p>","protected":false},"featured_media":1502,"comment_status":"open","ping_status":"closed","template":"","meta":{"_acf_changed":false},"product_brand":[],"product_cat":[28],"product_tag":[],"class_list":{"0":"post-1497","1":"product","2":"type-product","3":"status-publish","4":"has-post-thumbnail","6":"product_cat-underground-ventilation-systems","8":"first","9":"instock","10":"shipping-taxable","11":"product-type-simple"},"acf":[],"_links":{"self":[{"href":"https:\/\/www.zongdamining.com\/es\/wp-json\/wp\/v2\/product\/1497","targetHints":{"allow":["GET"]}}],"collection":[{"href":"https:\/\/www.zongdamining.com\/es\/wp-json\/wp\/v2\/product"}],"about":[{"href":"https:\/\/www.zongdamining.com\/es\/wp-json\/wp\/v2\/types\/product"}],"replies":[{"embeddable":true,"href":"https:\/\/www.zongdamining.com\/es\/wp-json\/wp\/v2\/comments?post=1497"}],"wp:featuredmedia":[{"embeddable":true,"href":"https:\/\/www.zongdamining.com\/es\/wp-json\/wp\/v2\/media\/1502"}],"wp:attachment":[{"href":"https:\/\/www.zongdamining.com\/es\/wp-json\/wp\/v2\/media?parent=1497"}],"wp:term":[{"taxonomy":"product_brand","embeddable":true,"href":"https:\/\/www.zongdamining.com\/es\/wp-json\/wp\/v2\/product_brand?post=1497"},{"taxonomy":"product_cat","embeddable":true,"href":"https:\/\/www.zongdamining.com\/es\/wp-json\/wp\/v2\/product_cat?post=1497"},{"taxonomy":"product_tag","embeddable":true,"href":"https:\/\/www.zongdamining.com\/es\/wp-json\/wp\/v2\/product_tag?post=1497"}],"curies":[{"name":"WP","href":"https:\/\/api.w.org\/{rel}","templated":true}]}}