{"id":1520,"date":"2022-12-12T15:22:51","date_gmt":"2022-12-12T07:22:51","guid":{"rendered":"http:\/\/www.zongdamining.com\/?post_type=product&#038;p=1520"},"modified":"2026-02-12T15:21:17","modified_gmt":"2026-02-12T07:21:17","slug":"underground-scooptram-lhd-wj-3-mine-wheel-loader-price","status":"publish","type":"product","link":"https:\/\/www.zongdamining.com\/es\/product\/underground-scooptram-lhd-wj-3-mine-wheel-loader-price\/","title":{"rendered":"Cargadora subterr\u00e1nea ZDL307 para mineral de mina &#038; carga de rocas residuales"},"content":{"rendered":"<p>Especificaci\u00f3n t\u00e9cnica<\/p>\n<p>ZDL307 DIESEL Cargadora subterr\u00e1nea<\/p>\n<p><strong><b>\u00a0<\/b><\/strong><\/p>\n<p><strong><b>Cargadora subterr\u00e1nea diesel ZDL307 <\/b><\/strong><strong><b>:<\/b><\/strong><strong><b>Equipo de carga sin v\u00eda y transporte a corta distancia<\/b><\/strong><\/p>\n<p><strong><b>\u00a0<\/b><\/strong><\/p>\n<p>El<strong><b>\u00a0<\/b><\/strong><strong><b>Cargadora subterr\u00e1nea diesel ZDL307<\/b><\/strong>\u00a0Se utiliza principalmente en combinaci\u00f3n con camiones mineros en excavaciones subterr\u00e1neas y operaciones mineras. La carga de pala de mineral y varios materiales puede mejorar en gran medida la eficiencia operativa y es un equipo importante para lograr la miner\u00eda sin pista.<\/p>\n<ol>\n<li><b><\/b><strong><b>Caracter\u00edsticas t\u00e9cnicas<\/b><\/strong>:<\/li>\n<\/ol>\n<ul>\n<li><b><\/b><strong><b>Sistema de alimentaci\u00f3n<\/b><\/strong>Equipado con motor refrigerado por aire Deutz.<\/li>\n<li><b><\/b><strong><b>Transmisi\u00f3n<\/b><\/strong>Utiliza una caja de cambios y un convertidor de par.<\/li>\n<li><b><\/b><strong><b>Sistema de frenado<\/b><\/strong>:\n<ul>\n<li><b><\/b><strong><b>Freno de conducci\u00f3n<\/b><\/strong>Freno de muelle multi-disco h\u00famedo con liberaci\u00f3n hidr\u00e1ulica.<\/li>\n<li><b><\/b><strong><b>Freno de estacionamiento<\/b><\/strong>: Freno de muelle en el eje de accionamiento.<\/li>\n<\/ul>\n<\/li>\n<li><b><\/b><strong><b>Marco<\/b><\/strong>Estructura articulada centralmente para mejorar el rendimiento de adhesi\u00f3n.<\/li>\n<li><b><\/b><strong><b>Direcci\u00f3n<\/b><\/strong>Direcci\u00f3n asistida hidr\u00e1ulica con un solo cilindro de direcci\u00f3n.\n<ol start=\"2\">\n<li><b><\/b><strong><b>Puntos destacados del rendimiento<\/b><\/strong>:<\/li>\n<\/ol>\n<\/li>\n<li><b><\/b><strong><b>Motor di\u00e9sel<\/b><\/strong>Impulsado por un motor diesel fiable.<\/li>\n<li><b><\/b><strong><b>Cuatro ruedas motrices<\/b><\/strong>Garantiza tracci\u00f3n y maniobrabilidad.<\/li>\n<li><b><\/b><strong><b>Conducci\u00f3n lateral<\/b><\/strong>Permite flexibilidad en espacios estrechos.<\/li>\n<li><b><\/b><strong><b>Direcci\u00f3n hidr\u00e1ulica articulada central<\/b><\/strong>Gran \u00e1ngulo de direcci\u00f3n para un control preciso.<\/li>\n<li><b><\/b><strong><b>Peque\u00f1o radio de giro<\/b><\/strong>Ideal para operaciones de t\u00fanel de secci\u00f3n media.\n<ol start=\"3\">\n<li><b><\/b><strong><b>Medidas de seguridad<\/b><\/strong>:<\/li>\n<\/ol>\n<\/li>\n<li><b><\/b><strong><b>Equipo de seguridad<\/b><\/strong>Los operadores deben usar cascos de seguridad, llevar dispositivos de auto-rescate y usar l\u00e1mparas de miner\u00eda al entrar en el pozo.<\/li>\n<li><b><\/b><strong><b>Mantenimiento regular<\/b><\/strong>Inspecciones regulares y respuesta r\u00e1pida a los peligros ocultos.<\/li>\n<li><b><\/b><strong><b>Sin mantenimiento durante la operaci\u00f3n<\/b><\/strong>Estrictamente prohibido llevar a cabo el mantenimiento mientras la m\u00e1quina est\u00e1 funcionando.<\/li>\n<li><b><\/b><strong><b>Seguridad durante la soldadura\/corte<\/b><\/strong>Confirme la ausencia de materiales inflamables o explosivos antes del mantenimiento.<\/li>\n<li><b><\/b><strong><b>Precauciones para tubos de escape<\/b><\/strong>Evite el contacto f\u00edsico con la tuber\u00eda de escape caliente.<\/li>\n<li><b><\/b><strong><b>Mantenimiento del sistema hidr\u00e1ulico<\/b><\/strong>La presi\u00f3n debe ser aliviada antes de iniciar cualquier reparaci\u00f3n.<\/li>\n<\/ul>\n<p><strong><b>\u00a0<\/b><\/strong><\/p>\n<p><strong><b>Condiciones de uso para el<\/b><\/strong><strong><b>\u00a0<\/b><\/strong><strong><b>Cargadora subterr\u00e1nea diesel ZDL307<\/b><\/strong><\/p>\n<ol>\n<li><b><\/b><strong><b>Especificaciones del t\u00fanel<\/b><\/strong>:<\/li>\n<\/ol>\n<ul>\n<li>Adecuado para t\u00faneles con un tama\u00f1o de secci\u00f3n transversal de <strong><b>4<\/b><\/strong><strong><b>metros (altura) \u00d7<\/b><\/strong><strong><b>4<\/b><\/strong><strong><b>\u00a0metros (ancho) y m\u00e1s<\/b><\/strong>.<\/li>\n<li>Requiere una <strong><b>placa superior firme<\/b><\/strong>.<\/li>\n<li>Radio m\u00ednimo de giro de <strong><b>\u2265 1 <\/b><\/strong><strong><b>9<\/b><\/strong><strong><b>metros<\/b><\/strong>\u00a0en el exterior.<\/li>\n<li>La pendiente de la carretera debe ser <strong><b>\u2264 14 \u00b0<\/b><\/strong>.<\/li>\n<li>Adecuado <strong><b>ventilaci\u00f3n y drenaje<\/b><\/strong>en el lugar de trabajo.\n<ol start=\"2\">\n<li><b><\/b><strong><b>Factores ambientales<\/b><\/strong>:<\/li>\n<\/ol>\n<\/li>\n<li>Temperatura ambiente dentro del t\u00fanel: <strong><b>-5\u00b0C a 40\u00b0C<\/b><\/strong>.<\/li>\n<li>Humedad relativa m\u00e1xima (a 25\u00b0C): <strong><b>No m\u00e1s del 85%<\/b><\/strong>.<\/li>\n<li>Altitud de ubicaci\u00f3n de uso: <strong><b>No superior a 1000 metros<\/b><\/strong>.<\/li>\n<li>En zonas de alta altitud (por encima de 1000 metros), <strong><b>reducci\u00f3n de potencia<\/b><\/strong>Es necesario para la operaci\u00f3n.\n<ol start=\"3\">\n<li><b><\/b><strong><b>Requisitos de combustible<\/b><\/strong>:<\/li>\n<\/ol>\n<\/li>\n<li>El contenido de azufre del combustible utilizado en esta m\u00e1quina debe <strong><b>no exceda el 0,2%<\/b><\/strong>.\n<ol start=\"4\">\n<li><b><\/b><strong><b>Precauciones de seguridad<\/b><\/strong>:<\/li>\n<\/ol>\n<\/li>\n<li>Estrictamente <strong><b>prohibido<\/b><\/strong>En lugares con <strong><b>Gases inflamables y explosivos<\/b><\/strong> (como gas y polvo de carb\u00f3n).<\/li>\n<\/ul>\n<p><strong><b>\u00a0Especificaciones t\u00e9cnicas<\/b><\/strong><\/p>\n<p><strong><b>Cargadora subterr\u00e1nea diesel ZDL307<\/b><\/strong><strong><b>:<\/b><\/strong><strong><b>Especificaciones t\u00e9cnicas<\/b><\/strong><\/p>\n<h3><strong><b>1. Par\u00e1metros t\u00e9cnicos <\/b><\/strong><\/h3>\n<ul>\n<li><strong> Capacidad de carga nominal:<\/strong>7 t (carga completa)<\/li>\n<li><strong> Capacidad del cubo (apilamiento):<\/strong>3 m\u00b3<\/li>\n<li><strong> Velocidad m\u00e1xima de conducci\u00f3n <\/strong><\/li>\n<\/ul>\n<p><strong>\u00a0Nivel I:<\/strong>5.8 km\/h<\/p>\n<p><strong>Nivel II:<\/strong>9.7 km\/h<\/p>\n<p><strong>Nivel III: <\/strong>15.1 km\/h<\/p>\n<p><strong>Nivel IV:<\/strong>\u00a020,5 km\/h<\/p>\n<ul>\n<li><strong> Horario de trabajo:<\/strong>16 s<\/li>\n<li><strong> Capacidad m\u00e1xima de escalada (carga pesada): \u00a0\u00a0<\/strong>25%<\/li>\n<li><strong> Fuerza de tracci\u00f3n m\u00e1xima:<\/strong>160 kN<\/li>\n<li><strong> Radio de giro: <\/strong>Lado interior 2800 mm Exterior6000 mm<\/li>\n<li><strong> Altura m\u00e1xima de la m\u00e1quina durante la descarga: <\/strong>1950 mm<\/li>\n<li><strong> \u00c1ngulo m\u00e1ximo de descarga: <\/strong>40 \u00b0<\/li>\n<li><strong> \u00c1ngulo de direcci\u00f3n: <\/strong>\u00b1 40 \u00b0<\/li>\n<li><strong>Liberaci\u00f3n de tierra:<\/strong>280 mm<\/li>\n<li><strong>Dimensiones totales:<\/strong>9250 mm \u00d7 2600 mm \u00d7 2250 mm<\/li>\n<li><strong> Peso de funcionamiento de toda la m\u00e1quina:<\/strong>19.5 t<\/li>\n<\/ul>\n<p>&nbsp;<\/p>\n<h3><strong><b>2. Motor<\/b><\/strong><\/h3>\n<ul>\n<li><strong> Motor:<\/strong>DEUTZ BF6M1013EC motor de baja contaminaci\u00f3n enfriado por agua<\/li>\n<li><strong> Potencia nominal \/ velocidad nominal: <\/strong>165kW\/2200 r\/min<\/li>\n<li><strong> M\u00e9todo de inicio: <\/strong>Inicio el\u00e9ctrico<\/li>\n<li><strong> M\u00e9todo de purificaci\u00f3n de gases de escape: m\u00e9todo de purificaci\u00f3n catal\u00edtica<\/strong><\/li>\n<li><strong> Control del acelerador: controlador electr\u00f3nico del acelerador Williams<\/strong><\/li>\n<\/ul>\n<p><strong><b>\u00a0<\/b><\/strong><\/p>\n<h3><strong><b>3. Sistema de transmisi\u00f3n<\/b><\/strong><\/h3>\n<ul>\n<li><strong> Modelo de transmisi\u00f3n: <\/strong>Transmisi\u00f3n autom\u00e1tica de cambio serie DANA R32000;<\/li>\n<li><strong>Modelo del convertidor de par: <\/strong>DANA C270<\/li>\n<li><strong>Modelo de eje de accionamiento: <\/strong>DANA 16D<\/li>\n<li><strong> Relaci\u00f3n de accionamiento final: <\/strong>6<\/li>\n<li><strong> Relaci\u00f3n de velocidad del borde de la rueda: <\/strong>4.46<\/li>\n<li><strong> Relaci\u00f3n de velocidad total: <\/strong>26.77<\/li>\n<li><strong> Neum\u00e1tico: <\/strong>Neum\u00e1tico de alambre de acero inflado liso 17.5-25R<\/li>\n<\/ul>\n<p><strong><b>\u00a0<\/b><\/strong><\/p>\n<h3><strong><b>4. Sistema de frenado<\/b><\/strong><\/h3>\n<ul>\n<li><strong>Bomba de freno: <\/strong>HPT1-16<\/li>\n<li><strong>Desplazamiento: <\/strong>16 ml\/r<\/li>\n<li><strong>Presi\u00f3n m\u00e1xima del sistema de frenado: <\/strong>19 MPa<\/li>\n<li><strong> Freno de servicio: h\u00famedo multi disco muelle freno v\u00e1lvula de freno modelo: <\/strong>MICO<\/li>\n<li><strong>Freno de estacionamiento: <\/strong>freno de muelle en el eje de accionamiento, freno de muelle, freno de liberaci\u00f3n hidr\u00e1ulica<\/li>\n<li><strong>Modelo de v\u00e1lvula de freno de estacionamiento: <\/strong>RA3\/3\/2\/G-3<\/li>\n<\/ul>\n<p><strong>\u00a0<\/strong><\/p>\n<ol start=\"5\">\n<li><strong> Sistema de direcci\u00f3n<\/strong><\/li>\n<\/ol>\n<ul>\n<li><strong> Tipo: <\/strong>Bisagra central, direcci\u00f3n hidr\u00e1ulica<\/li>\n<li><strong>Bomba de trabajo de direcci\u00f3n: DANFOSS ERL100 (compartida por trabajo) desplazamiento: <\/strong>100 ml\/r<\/li>\n<li><strong>Presi\u00f3n m\u00e1xima del sistema de direcci\u00f3n: <\/strong>14 MPa<\/li>\n<li><strong> Di\u00e1metro del cilindro de direcci\u00f3n\/di\u00e1metro de la varilla \u00d7 N\u00famero de cilindros: <\/strong>\u03c6 100\/\u03c6 55 mm \u00d7 dos<\/li>\n<li><strong>V\u00e1lvula de direcci\u00f3n multiv\u00eda: <\/strong>PVG100<\/li>\n<\/ul>\n<p>&nbsp;<\/p>\n<h3><strong><b>6. Sistema de trabajo<\/b><\/strong><\/h3>\n<ul>\n<li><strong> Bomba de trabajo: <\/strong>DANFOSS ERL100<\/li>\n<li><strong> V\u00e1lvula direccional de trabajo: <\/strong>PVG100<\/li>\n<li><strong> Di\u00e1metro del cilindro de elevaci\u00f3n\/di\u00e1metro de la varilla \u00d7 N\u00famero de cilindros: <\/strong>\u03c6 140 \/ \u03c6 80 mm \u00d7 2<\/li>\n<li><strong> Di\u00e1metro del cilindro del cubo\/di\u00e1metro de la varilla \u00d7 N\u00famero de cilindros: <\/strong>\u03c6 200\/\u03c6 110 mm \u00d7 1<\/li>\n<li><strong>Presi\u00f3n m\u00e1xima del sistema de trabajo: <\/strong>25MPa<\/li>\n<\/ul>\n<p><strong><b>\u00a0<\/b><\/strong><\/p>\n<h3><strong><b>7. Sistema el\u00e9ctrico<\/b><\/strong><\/h3>\n<ul>\n<li><strong>Voltaje del sistema: <\/strong>24 V DC<\/li>\n<li><strong>Voltaje\/potencia del motor de arranque: <\/strong>24V \/ 6kW<\/li>\n<li><strong>El arn\u00e9s de cableado est\u00e1 hecho de alambres resistentes a altas temperaturas, y se usan tuber\u00edas onduladas de alta calidad alrededor del arn\u00e9s de cableado<\/strong><\/li>\n<li><strong> Iluminaci\u00f3n: <\/strong>2 faros frontales, 2 \u00d7 75W, 24V<\/li>\n<\/ul>\n<p><strong>2 faros traseros, 2 \u00d7 75W, 24V<\/strong><\/p>\n<p><strong>2 luces de techo de cabina, 24 V<\/strong><\/p>\n<p><strong><b>\u00a0<\/b><\/strong><\/p>\n<h3><strong><b>8. Volumen del tanque<\/b><\/strong><\/h3>\n<ul>\n<li><strong>Tanque de aceite hidr\u00e1ulico: <\/strong>300 L<\/li>\n<li><strong>Tanque de combustible: <\/strong>200 L<\/li>\n<li><strong>Transmisi\u00f3n:<\/strong>36 L<\/li>\n<li><strong> Parte de transmisi\u00f3n principal del eje de accionamiento: <\/strong>17L \u00d7 2<\/li>\n<li><strong>Pieza de reducci\u00f3n de la rueda del eje de accionamiento: <\/strong>3.5 L \u00d7 4<\/li>\n<li><strong>Aceite lubricante del motor:<\/strong>28L<\/li>\n<\/ul>\n<p>&nbsp;<\/p>","protected":false},"excerpt":{"rendered":"<p>La cargadora LHD subterr\u00e1nea ZONGDA se utiliza especialmente en la carga y el transporte de material no carb\u00f3n despu\u00e9s de explotar bajo la mina. Se requiere que el entorno sea un t\u00fanel sin material explosivo, firme en el plano trasero, ventilaci\u00f3n adecuada y techo y carretera sin piedra p\u00f3mez.<\/p>","protected":false},"featured_media":3230,"comment_status":"open","ping_status":"closed","template":"","meta":{"_acf_changed":false},"product_brand":[],"product_cat":[15],"product_tag":[],"class_list":{"0":"post-1520","1":"product","2":"type-product","3":"status-publish","4":"has-post-thumbnail","6":"product_cat-trackless-mining-equipment","8":"first","9":"instock","10":"shipping-taxable","11":"product-type-simple"},"acf":[],"_links":{"self":[{"href":"https:\/\/www.zongdamining.com\/es\/wp-json\/wp\/v2\/product\/1520","targetHints":{"allow":["GET"]}}],"collection":[{"href":"https:\/\/www.zongdamining.com\/es\/wp-json\/wp\/v2\/product"}],"about":[{"href":"https:\/\/www.zongdamining.com\/es\/wp-json\/wp\/v2\/types\/product"}],"replies":[{"embeddable":true,"href":"https:\/\/www.zongdamining.com\/es\/wp-json\/wp\/v2\/comments?post=1520"}],"wp:featuredmedia":[{"embeddable":true,"href":"https:\/\/www.zongdamining.com\/es\/wp-json\/wp\/v2\/media\/3230"}],"wp:attachment":[{"href":"https:\/\/www.zongdamining.com\/es\/wp-json\/wp\/v2\/media?parent=1520"}],"wp:term":[{"taxonomy":"product_brand","embeddable":true,"href":"https:\/\/www.zongdamining.com\/es\/wp-json\/wp\/v2\/product_brand?post=1520"},{"taxonomy":"product_cat","embeddable":true,"href":"https:\/\/www.zongdamining.com\/es\/wp-json\/wp\/v2\/product_cat?post=1520"},{"taxonomy":"product_tag","embeddable":true,"href":"https:\/\/www.zongdamining.com\/es\/wp-json\/wp\/v2\/product_tag?post=1520"}],"curies":[{"name":"WP","href":"https:\/\/api.w.org\/{rel}","templated":true}]}}