{"id":1523,"date":"2022-12-12T15:30:46","date_gmt":"2022-12-12T07:30:46","guid":{"rendered":"http:\/\/www.zongdamining.com\/?post_type=product&#038;p=1523"},"modified":"2022-12-12T15:30:46","modified_gmt":"2022-12-12T07:30:46","slug":"underground-concrete-mixer-truck","status":"publish","type":"product","link":"https:\/\/www.zongdamining.com\/es\/product\/underground-concrete-mixer-truck\/","title":{"rendered":"Cami\u00f3n mezclador de hormig\u00f3n subterr\u00e1neo"},"content":{"rendered":"<div class=\"pro-details-tit\"><img fetchpriority=\"high\" decoding=\"async\" class=\"alignnone wp-image-1315 size-full\" src=\"http:\/\/www.zongdamining.com\/wp-content\/uploads\/2022\/12\/underground-concrete-mixing-truck-for-coal42368241315.jpg\" alt=\"\" width=\"730\" height=\"730\" srcset=\"https:\/\/www.zongdamining.com\/wp-content\/uploads\/2022\/12\/underground-concrete-mixing-truck-for-coal42368241315.jpg 730w, https:\/\/www.zongdamining.com\/wp-content\/uploads\/2022\/12\/underground-concrete-mixing-truck-for-coal42368241315-300x300.jpg 300w, https:\/\/www.zongdamining.com\/wp-content\/uploads\/2022\/12\/underground-concrete-mixing-truck-for-coal42368241315-150x150.jpg 150w, https:\/\/www.zongdamining.com\/wp-content\/uploads\/2022\/12\/underground-concrete-mixing-truck-for-coal42368241315-600x600.jpg 600w, https:\/\/www.zongdamining.com\/wp-content\/uploads\/2022\/12\/underground-concrete-mixing-truck-for-coal42368241315-100x100.jpg 100w\" sizes=\"(max-width: 730px) 100vw, 730px\" \/><\/div>\n<div class=\"pro-details\">\n<p>&nbsp;<\/p>\n<p>El cami\u00f3n mezclador de hormig\u00f3n subterr\u00e1neo se utiliza principalmente para el transporte de hormig\u00f3n en el endurecimiento de la superficie de la carretera<\/p>\n<p><img decoding=\"async\" class=\"alignnone wp-image-1319 size-full\" src=\"http:\/\/www.zongdamining.com\/wp-content\/uploads\/2022\/12\/2020052516341110cb20546e7e4663ac00b1963bb0c780.jpg\" alt=\"\" width=\"750\" height=\"640\" srcset=\"https:\/\/www.zongdamining.com\/wp-content\/uploads\/2022\/12\/2020052516341110cb20546e7e4663ac00b1963bb0c780.jpg 750w, https:\/\/www.zongdamining.com\/wp-content\/uploads\/2022\/12\/2020052516341110cb20546e7e4663ac00b1963bb0c780-300x256.jpg 300w, https:\/\/www.zongdamining.com\/wp-content\/uploads\/2022\/12\/2020052516341110cb20546e7e4663ac00b1963bb0c780-600x512.jpg 600w\" sizes=\"(max-width: 750px) 100vw, 750px\" \/><\/p>\n<p>En la actualidad, la tecnolog\u00eda del cami\u00f3n mezclador de hormig\u00f3n en el terreno ha sido completamente madura en el mercado, y los productos se diversifican y se aplican a muchas industrias y proyectos, lo que puede mejorar en gran medida la eficiencia de trabajo. Hay una serie de ventajas. Sin embargo, en la industria del carb\u00f3n, el modo de transporte del hormig\u00f3n subterr\u00e1neo todav\u00eda se mantiene en el estado original del modo de transporte de camiones volcadores abiertos, que es el partido de transporte. Tambi\u00e9n necesita mucha ayuda de mano de obra. Sin embargo, el uso de camiones mezcladores de hormig\u00f3n subterr\u00e1neos todav\u00eda est\u00e1 en blanco en la industria del carb\u00f3n nacional y global.<\/p>\n<p>Bas\u00e1ndose en esta premisa, nuestra empresa, junto con el Instituto de Investigaci\u00f3n del Grupo Shenhua Shendong, ha desarrollado conjuntamente un cami\u00f3n mezclador de hormig\u00f3n a prueba de explosi\u00f3n adecuado para minas de carb\u00f3n subterr\u00e1neas. Una vez que este producto es publicado, es ampliamente preocupado y bienvenido. En la actualidad, la tecnolog\u00eda de este producto ha sido totalmente madura y utilizada en muchas minas de carb\u00f3n en Shanxi, Shaanxi y Mongolia Interior, y ha sido bien evaluada.<\/p>\n<p>En la actualidad, nuestra empresa est\u00e1 desarrollando los siguientes cuatro tipos de productos con diferentes especificaciones de acuerdo con el entorno real de las minas de carb\u00f3n no utilizadas y los requisitos de los usuarios.<\/p>\n<p><strong>Las ventajas en comparaci\u00f3n con otros modelos antiguos tradicionales<\/strong><\/p>\n<p><img decoding=\"async\" class=\"alignnone wp-image-1524 size-full\" src=\"http:\/\/www.zongdamining.com\/wp-content\/uploads\/2022\/12\/202005251634148d3502644b004f179b6a359edf2e0cdd-1.jpg\" alt=\"\" width=\"750\" height=\"577\" srcset=\"https:\/\/www.zongdamining.com\/wp-content\/uploads\/2022\/12\/202005251634148d3502644b004f179b6a359edf2e0cdd-1.jpg 750w, https:\/\/www.zongdamining.com\/wp-content\/uploads\/2022\/12\/202005251634148d3502644b004f179b6a359edf2e0cdd-1-300x231.jpg 300w, https:\/\/www.zongdamining.com\/wp-content\/uploads\/2022\/12\/202005251634148d3502644b004f179b6a359edf2e0cdd-1-600x462.jpg 600w\" sizes=\"(max-width: 750px) 100vw, 750px\" \/><\/p>\n<p>1. CAPACIDAD MAJOR: El cami\u00f3n mezclador de hormig\u00f3n puede llevar 5 metros c\u00fabicos a la vez, que es 2,5 veces el cami\u00f3n de ingenier\u00eda a prueba de explosi\u00f3n. Por lo tanto, al transportar la misma cantidad de hormig\u00f3n, el cami\u00f3n mezclador de hormig\u00f3n puede acortar en gran medida el tiempo de transporte y aumentar la eficiencia de trabajo;<\/p>\n<p>2. menor consumo de combustible: bajo el mismo volumen de transporte, el consumo de combustible del cami\u00f3n mezclador de hormig\u00f3n se puede ahorrar m\u00e1s de 80 litros en comparaci\u00f3n con el de 100 kil\u00f3metros. Reduce considerablemente el consumo de combustible y ahorra costes de producci\u00f3n. Una especie de<\/p>\n<p>3. PREVENCI\u00d3N DEL CAPADO: En el proceso de transporte, el cami\u00f3n mezclador de hormig\u00f3n siempre mantiene el hormig\u00f3n en el estado de mezcla. En el caso del transporte de larga distancia, evita efectivamente el fen\u00f3meno de formaci\u00f3n de capas o solidificaci\u00f3n de hormig\u00f3n que el cami\u00f3n de ingenier\u00eda a prueba de explosiones no puede evitar. Una especie de<\/p>\n<p>4. F\u00c1CIL OPERACI\u00d3N: Antes de que la mezcladora de hormig\u00f3n transporte, el material se descarga antes de la alimentaci\u00f3n, y la v\u00e1lvula de descarga se puede abrir directamente para descargar el material, lo que es conveniente para el funcionamiento de los operadores, y puede descargar el material cuantitativamente para evitar la descarga excesiva y el desperdicio. Una especie de<\/p>\n<p>5. Prevenci\u00f3n de salpicaduras: El cami\u00f3n mezclador de hormig\u00f3n evita efectivamente que el hormig\u00f3n salpice en la superficie de la carretera debido al choque de la superficie de la carretera, lo que conduce al da\u00f1o de la superficie de la carretera del carril de transporte. Una especie de<\/p>\n<p>6. CABINA COMFORTABLE: La cabina adopta una estructura sellada, que puede reducir efectivamente la exposici\u00f3n de las personas en d\u00edas lluviosos y nevados a la congelaci\u00f3n en invierno; la cabina es relativamente m\u00e1s alta que el veh\u00edculo de ingenier\u00eda a prueba de explosiones, y el conductor&#8217; La visi\u00f3n es buena.<\/p>\n<p><strong>Par\u00e1metros t\u00e9cnicos<\/strong><\/p>\n<p>1) Especificaciones del veh\u00edculo<\/p>\n<table class=\"table\" border=\"0\" width=\"100%\" cellspacing=\"0\" cellpadding=\"0\">\n<tbody>\n<tr class=\"firstRow\">\n<td width=\"45\">No, no.<\/td>\n<td colspan=\"2\" width=\"250\">Opciones<\/td>\n<td width=\"269\">Especificaci\u00f3n<\/td>\n<\/tr>\n<tr>\n<td width=\"45\">1<\/td>\n<td colspan=\"2\" width=\"250\">Tipo<\/td>\n<td width=\"269\">JC4.5<\/td>\n<\/tr>\n<tr>\n<td width=\"45\">2<\/td>\n<td colspan=\"2\" width=\"250\">Volumen efectivo (m3)<\/td>\n<td width=\"269\">4.5<\/td>\n<\/tr>\n<tr>\n<td width=\"45\">3<\/td>\n<td colspan=\"2\" width=\"250\">Peso (kg)<\/td>\n<td width=\"269\">13000<\/td>\n<\/tr>\n<tr>\n<td width=\"45\">4<\/td>\n<td colspan=\"2\" width=\"250\">Masa de carga nominal (kg)<\/td>\n<td width=\"269\">11000<\/td>\n<\/tr>\n<tr>\n<td width=\"45\">5<\/td>\n<td colspan=\"2\" width=\"250\">Dimensiones totales del veh\u00edculo (L x W x H) (mm)<\/td>\n<td width=\"269\">6750\u00d72360\u00d72550<\/td>\n<\/tr>\n<tr>\n<td width=\"45\">6<\/td>\n<td colspan=\"2\" width=\"250\">Velocidad m\u00e1xima del tambor de mezcla (r \/ min)<\/td>\n<td width=\"269\">18<\/td>\n<\/tr>\n<tr>\n<td width=\"45\">7<\/td>\n<td colspan=\"2\" width=\"250\">Velocidad del tanque de mezcla<\/td>\n<td width=\"269\">Tercera marcha (adelante, medio, atr\u00e1s)<\/td>\n<\/tr>\n<tr>\n<td width=\"45\">8<\/td>\n<td colspan=\"2\" width=\"250\">Velocidad de descarga (m\u00b3\/min)<\/td>\n<td width=\"269\">\u22650-0.8 ajustable sin pasos<\/td>\n<\/tr>\n<tr>\n<td width=\"45\">9<\/td>\n<td colspan=\"2\" width=\"250\">Modo de transferencia de tanque de emergencia<\/td>\n<td width=\"269\">Tubulaci\u00f3n de emergencia, tanque de emergencia manual<\/td>\n<\/tr>\n<tr>\n<td width=\"45\">10<\/td>\n<td colspan=\"2\" width=\"250\">Limpieza de veh\u00edculos<\/td>\n<td width=\"269\">Con equipo de lavado de coches (dispositivo)<\/td>\n<\/tr>\n<tr>\n<td width=\"45\">11<\/td>\n<td colspan=\"2\" width=\"250\">Modo de conducci\u00f3n<\/td>\n<td width=\"269\">4 \u00d7 4<\/td>\n<\/tr>\n<tr>\n<td width=\"45\">12<\/td>\n<td colspan=\"2\" width=\"250\">Lubricaci\u00f3n del transportador de tanques<\/td>\n<td width=\"269\">Protecci\u00f3n de sellado, grasa de disulfuro de molibdeno<\/td>\n<\/tr>\n<tr>\n<td width=\"45\">13<\/td>\n<td colspan=\"2\" width=\"250\">Capacidad de escalada (\u00b0) (longitudinal \/ transversal)<\/td>\n<td width=\"269\">14\/7<\/td>\n<\/tr>\n<tr>\n<td width=\"45\">14<\/td>\n<td colspan=\"2\" width=\"250\">Distancia entre ruedas (mm)<\/td>\n<td width=\"269\">3300<\/td>\n<\/tr>\n<tr>\n<td width=\"45\">15<\/td>\n<td colspan=\"2\" width=\"250\">Banda de rodadura (mm)<\/td>\n<td width=\"269\">2045<\/td>\n<\/tr>\n<tr>\n<td rowspan=\"6\" width=\"45\">16<\/td>\n<td rowspan=\"2\" width=\"181\">Radio m\u00ednimo de capacidad de paso (mm) (mm)<\/td>\n<td width=\"69\">adentro<\/td>\n<td width=\"269\">2750<\/td>\n<\/tr>\n<tr>\n<td width=\"69\">afuera<\/td>\n<td width=\"269\">5300<\/td>\n<\/tr>\n<tr>\n<td rowspan=\"4\" width=\"181\">Velocidad de viaje (km \/ h)<br \/>\n(pavimento seco y duro)<\/td>\n<td width=\"69\">\u2160<\/td>\n<td width=\"269\">4<\/td>\n<\/tr>\n<tr>\n<td width=\"69\">\u2161<\/td>\n<td width=\"269\">9<\/td>\n<\/tr>\n<tr>\n<td width=\"69\">\u2162<\/td>\n<td width=\"269\"><\/td>\n<\/tr>\n<tr>\n<td width=\"69\">\u2163<\/td>\n<td width=\"269\"><\/td>\n<\/tr>\n<tr>\n<td width=\"45\">17<\/td>\n<td colspan=\"2\" width=\"250\">Tracci\u00f3n m\u00e1xima (KN)<\/td>\n<td width=\"269\">140<\/td>\n<\/tr>\n<tr>\n<td width=\"45\">18<\/td>\n<td colspan=\"2\" width=\"250\">Sistema de suspensi\u00f3n<\/td>\n<td width=\"269\">Viga de oscilaci\u00f3n r\u00edgida<\/td>\n<\/tr>\n<tr>\n<td width=\"45\">19<\/td>\n<td colspan=\"2\" width=\"250\">Altura de descarga (mm)<\/td>\n<td width=\"269\">1800<\/td>\n<\/tr>\n<tr>\n<td width=\"45\">20<\/td>\n<td colspan=\"2\" width=\"250\">Distancia m\u00ednima al suelo (mm)<\/td>\n<td width=\"269\">300<\/td>\n<\/tr>\n<\/tbody>\n<\/table>\n<p>(2) Configuraci\u00f3n de la cabina<\/p>\n<table class=\"table\" border=\"0\" width=\"100%\" cellspacing=\"0\" cellpadding=\"0\">\n<tbody>\n<tr class=\"firstRow\">\n<td width=\"44\">No, no.<\/td>\n<td colspan=\"2\" width=\"251\">Opciones<\/td>\n<td width=\"266\">Especificaci\u00f3n<\/td>\n<\/tr>\n<tr>\n<td width=\"44\">1<\/td>\n<td colspan=\"2\" width=\"251\">Cab\u00edn<\/td>\n<td width=\"266\">Cabina met\u00e1lica \u00fanica<\/td>\n<\/tr>\n<tr>\n<td width=\"44\">2<\/td>\n<td colspan=\"2\" width=\"251\">Dispositivo de control<\/td>\n<td width=\"266\">Inicio, direcci\u00f3n, aceleraci\u00f3n, frenado, estacionamiento, cambio y otros dispositivos longitudinales<\/td>\n<\/tr>\n<tr>\n<td rowspan=\"3\" width=\"44\">3<\/td>\n<td rowspan=\"3\" width=\"117\">Dispositivo de control<br \/>\nFuerza de control (n)<\/td>\n<td width=\"134\">Volante<\/td>\n<td width=\"266\">\u2264 50<\/td>\n<\/tr>\n<tr>\n<td width=\"134\">Pedal de pie<\/td>\n<td width=\"266\">\u2264 350<\/td>\n<\/tr>\n<tr>\n<td width=\"134\">Manija de control<\/td>\n<td width=\"266\">\u2264 120<\/td>\n<\/tr>\n<tr>\n<td width=\"44\">4<\/td>\n<td colspan=\"2\" width=\"251\">Instrumento de visualizaci\u00f3n<\/td>\n<td width=\"266\">El medidor de presi\u00f3n del aceite, volt\u00edmetro, medidor de temperatura del agua, tac\u00f3metro del motor, veloc\u00edmetro, medidor de combustible, medidor de presi\u00f3n del freno, etc.<\/td>\n<\/tr>\n<tr>\n<td width=\"44\">5<\/td>\n<td colspan=\"2\" width=\"251\">Formulario de asiento<\/td>\n<td width=\"266\">Muelle, delantero y trasero ajustables<\/td>\n<\/tr>\n<\/tbody>\n<\/table>\n<p>(3) Sistema de motor diesel<\/p>\n<table class=\"table\" border=\"0\" width=\"100%\" cellspacing=\"0\" cellpadding=\"0\">\n<tbody>\n<tr class=\"firstRow\">\n<td width=\"43\">No, no.<\/td>\n<td width=\"268\">Opciones<\/td>\n<td width=\"249\">Especificaci\u00f3n<\/td>\n<\/tr>\n<tr>\n<td width=\"43\">1<\/td>\n<td width=\"268\">Tipo<\/td>\n<td width=\"249\">6CTAA8.3-C215<\/td>\n<\/tr>\n<tr>\n<td width=\"43\">2<\/td>\n<td width=\"268\">Disposici\u00f3n del cilindro<\/td>\n<td width=\"249\">En l\u00ednea<\/td>\n<\/tr>\n<tr>\n<td width=\"43\">3<\/td>\n<td width=\"268\">Potencia nominal \/ velocidad (kW \/ rpm)<\/td>\n<td width=\"249\">160\/2200<\/td>\n<\/tr>\n<tr>\n<td width=\"43\">4<\/td>\n<td width=\"268\">Torque m\u00e1ximo (Nm)\/(r\/min)<\/td>\n<td width=\"249\">980\/1500<\/td>\n<\/tr>\n<tr>\n<td width=\"43\">5<\/td>\n<td width=\"268\">Direcci\u00f3n de rotaci\u00f3n (frente al volante)<\/td>\n<td width=\"249\">En sentido antihorario<\/td>\n<\/tr>\n<tr>\n<td width=\"43\">6<\/td>\n<td width=\"268\">Velocidad m\u00ednima de funcionamiento estable (r\/min)<\/td>\n<td width=\"249\">800\u00b150<\/td>\n<\/tr>\n<tr>\n<td width=\"43\">7<\/td>\n<td width=\"268\">Modo de suministro de combustible<\/td>\n<td width=\"249\">Inyecci\u00f3n directa<\/td>\n<\/tr>\n<tr>\n<td width=\"43\">8<\/td>\n<td width=\"268\">Desplazamiento (L)<\/td>\n<td width=\"249\">8.3<\/td>\n<\/tr>\n<tr>\n<td width=\"43\">9<\/td>\n<td width=\"268\">Consumo medio de combustible (g\/KWh)<\/td>\n<td width=\"249\">212<\/td>\n<\/tr>\n<tr>\n<td width=\"43\">10<\/td>\n<td width=\"268\">Perforaci\u00f3n \/ carrera (mm)<\/td>\n<td width=\"249\">114\/135<\/td>\n<\/tr>\n<tr>\n<td width=\"43\">11<\/td>\n<td width=\"268\">Relaci\u00f3n de compresi\u00f3n<\/td>\n<td width=\"249\">17.3\uff1a1<\/td>\n<\/tr>\n<tr>\n<td width=\"43\">12<\/td>\n<td width=\"268\">Modo de admisi\u00f3n<\/td>\n<td width=\"249\">Turbocharging, intercooling de admisi\u00f3n<\/td>\n<\/tr>\n<tr>\n<td width=\"43\">13<\/td>\n<td width=\"268\">Modo de escape<\/td>\n<td width=\"249\">Purificaci\u00f3n y silenciador de gas de cola<\/td>\n<\/tr>\n<tr>\n<td width=\"43\">14<\/td>\n<td width=\"268\">Especificaci\u00f3n del combustible<\/td>\n<td width=\"249\">0 ~ 35 aceite diesel<\/td>\n<\/tr>\n<\/tbody>\n<\/table>\n<p>(4) Par\u00e1metros de transmisi\u00f3n<\/p>\n<table class=\"table\" border=\"0\" width=\"100%\" cellspacing=\"0\" cellpadding=\"0\">\n<tbody>\n<tr class=\"firstRow\">\n<td width=\"43\">No, no.<\/td>\n<td colspan=\"2\" width=\"252\">Opciones<\/td>\n<td width=\"264\">Especificaci\u00f3n<\/td>\n<\/tr>\n<tr>\n<td width=\"43\">1<\/td>\n<td colspan=\"2\" width=\"252\">Modelo de transmisi\u00f3n<\/td>\n<td width=\"264\">R32421-679<\/td>\n<\/tr>\n<tr>\n<td width=\"43\">2<\/td>\n<td colspan=\"2\" width=\"252\">Fabricante de caja de engranajes<\/td>\n<td width=\"264\">DANA<\/td>\n<\/tr>\n<tr>\n<td width=\"43\">3<\/td>\n<td colspan=\"2\" width=\"252\">Tipo de caja de engranajes<\/td>\n<td width=\"264\">Caja de cambios de potencia<\/td>\n<\/tr>\n<tr>\n<td width=\"43\">4<\/td>\n<td rowspan=\"7\" width=\"85\">Relaci\u00f3n engranaje \/ velocidad<\/td>\n<td width=\"167\">\u2160<\/td>\n<td width=\"264\">4.64<\/td>\n<\/tr>\n<tr>\n<td width=\"43\">5<\/td>\n<td width=\"167\">\u2161<\/td>\n<td width=\"264\">2.24<\/td>\n<\/tr>\n<tr>\n<td width=\"43\">6<\/td>\n<td width=\"167\">\u2162<\/td>\n<td width=\"264\">1.29<\/td>\n<\/tr>\n<tr>\n<td width=\"43\">7<\/td>\n<td width=\"167\">\u2163<\/td>\n<td width=\"264\">0.75<\/td>\n<\/tr>\n<tr>\n<td width=\"43\">8<\/td>\n<td width=\"167\">R1<\/td>\n<td width=\"264\">4.64<\/td>\n<\/tr>\n<tr>\n<td width=\"43\">9<\/td>\n<td width=\"167\">R2<\/td>\n<td width=\"264\">2.24<\/td>\n<\/tr>\n<tr>\n<td width=\"43\">10<\/td>\n<td width=\"167\">R3<\/td>\n<td width=\"264\">1.29<\/td>\n<\/tr>\n<tr>\n<td width=\"43\">11<\/td>\n<td width=\"85\"><\/td>\n<td width=\"167\">R4<\/td>\n<td width=\"264\">0.75<\/td>\n<\/tr>\n<\/tbody>\n<\/table>\n<p>(5) Sistema de accionamiento<\/p>\n<table class=\"table\" border=\"0\" width=\"100%\" cellspacing=\"0\" cellpadding=\"0\">\n<tbody>\n<tr class=\"firstRow\">\n<td width=\"46\">No, no.<\/td>\n<td width=\"251\">Opciones<\/td>\n<td width=\"263\">Especificaci\u00f3n<\/td>\n<\/tr>\n<tr>\n<td width=\"46\">1<\/td>\n<td width=\"251\">Modo de transmisi\u00f3n<\/td>\n<td width=\"263\">Transmisi\u00f3n hidromec\u00e1nica<\/td>\n<\/tr>\n<tr>\n<td width=\"46\">2<\/td>\n<td width=\"251\">Modelo de eje (delantero \/ trasero)<\/td>\n<td width=\"263\">10052406<\/td>\n<\/tr>\n<tr>\n<td width=\"46\">3<\/td>\n<td width=\"251\">Relaci\u00f3n de velocidad del eje (delantero \/ trasero)<\/td>\n<td width=\"263\">18.6\/18.6<\/td>\n<\/tr>\n<tr>\n<td width=\"46\">4<\/td>\n<td width=\"251\">Fabricante del eje (delantero \/ trasero)<\/td>\n<td width=\"263\">DANA<\/td>\n<\/tr>\n<tr>\n<td width=\"46\">5<\/td>\n<td width=\"251\">Tama\u00f1o y modelo de neum\u00e1ticos (delantero \/ trasero)<\/td>\n<td width=\"263\">12.00-20<\/td>\n<\/tr>\n<tr>\n<td width=\"46\">6<\/td>\n<td width=\"251\">Tipo de neum\u00e1tico (delantero \/ trasero)<\/td>\n<td width=\"263\">Neum\u00e1tico neum\u00e1tico<\/td>\n<\/tr>\n<\/tbody>\n<\/table>\n<p>(6) Sistema de frenado<\/p>\n<table class=\"table\" border=\"0\" width=\"100%\" cellspacing=\"0\" cellpadding=\"0\">\n<tbody>\n<tr class=\"firstRow\">\n<td width=\"47\">No, no.<\/td>\n<td width=\"272\">Opciones<\/td>\n<td width=\"241\">Especificaci\u00f3n<\/td>\n<\/tr>\n<tr>\n<td width=\"47\">1<\/td>\n<td width=\"272\">Tipo de freno<\/td>\n<td width=\"241\">Freno h\u00famedo<\/td>\n<\/tr>\n<tr>\n<td width=\"47\">2<\/td>\n<td width=\"272\">Desplazamiento de la bomba de freno (ml \/ R) \/ presi\u00f3n (MPA)<\/td>\n<td width=\"241\">30\/20<\/td>\n<\/tr>\n<tr>\n<td width=\"47\">3<\/td>\n<td width=\"272\">Frenado de trabajo<\/td>\n<td width=\"241\">Freno hidr\u00e1ulico \/ liberaci\u00f3n de muelles<\/td>\n<\/tr>\n<tr>\n<td width=\"47\">4<\/td>\n<td width=\"272\">Tipo de freno de emergencia \/ estacionamiento<\/td>\n<td width=\"241\">Freno de muelle \/ liberaci\u00f3n hidr\u00e1ulica<\/td>\n<\/tr>\n<tr>\n<td width=\"47\">5<\/td>\n<td width=\"272\">Distancia de frenado (m) (20km \/ h carretera dura seca)<\/td>\n<td width=\"241\">&lt;  8<\/td>\n<\/tr>\n<\/tbody>\n<\/table>\n<p>(7) Sistema hidr\u00e1ulico del tambor<\/p>\n<table class=\"table\" border=\"0\" width=\"100%\" cellspacing=\"0\" cellpadding=\"0\">\n<tbody>\n<tr class=\"firstRow\">\n<td width=\"47\">No, no.<\/td>\n<td width=\"251\">Opciones<\/td>\n<td width=\"261\">Especificaci\u00f3n<\/td>\n<\/tr>\n<tr>\n<td width=\"47\">1<\/td>\n<td width=\"251\">Modelo de bomba hidr\u00e1ulica de tanque rotativo<\/td>\n<td width=\"261\">90-R-055-HF-1-AB-80-S-3-C6-D-03-GBA-35-35-24<\/td>\n<\/tr>\n<tr>\n<td width=\"47\">2<\/td>\n<td width=\"251\">Forma de bomba<\/td>\n<td width=\"261\">Bomba de pist\u00f3n de desplazamiento variable<\/td>\n<\/tr>\n<tr>\n<td width=\"47\">3<\/td>\n<td width=\"251\">Presi\u00f3n (MPa)<\/td>\n<td width=\"261\">37.5<\/td>\n<\/tr>\n<tr>\n<td width=\"47\">4<\/td>\n<td width=\"251\">Desplazamiento (mL\/r)<\/td>\n<td width=\"261\">55<\/td>\n<\/tr>\n<tr>\n<td width=\"47\">5<\/td>\n<td width=\"251\">Volumen del tanque de aceite hidr\u00e1ulico (L)<\/td>\n<td width=\"261\">120<\/td>\n<\/tr>\n<tr>\n<td width=\"47\">6<\/td>\n<td width=\"251\">Modo de filtrado<\/td>\n<td width=\"261\">Filtraci\u00f3n por succi\u00f3n, filtraci\u00f3n de retorno<\/td>\n<\/tr>\n<tr>\n<td width=\"47\">7<\/td>\n<td width=\"251\">Precisi\u00f3n de filtraci\u00f3n (\u03bc m)<\/td>\n<td width=\"261\">100\/10<\/td>\n<\/tr>\n<tr>\n<td width=\"47\">8<\/td>\n<td width=\"251\">cartucho de filtro<\/td>\n<td width=\"261\">TF-250 \u00d7 100F \/ RF-110 \u00d7 30<\/td>\n<\/tr>\n<\/tbody>\n<\/table>\n<p>(8) Sistema hidr\u00e1ulico de direcci\u00f3n<\/p>\n<table class=\"table\" border=\"0\" width=\"100%\" cellspacing=\"0\" cellpadding=\"0\">\n<tbody>\n<tr class=\"firstRow\">\n<td width=\"47\">No, no.<\/td>\n<td width=\"249\">Opciones<\/td>\n<td width=\"262\">Especificaci\u00f3n<\/td>\n<\/tr>\n<tr>\n<td width=\"47\">1<\/td>\n<td width=\"249\">Modo de direcci\u00f3n<\/td>\n<td width=\"262\">Direcci\u00f3n hidr\u00e1ulica completa de cuatro ruedas<\/td>\n<\/tr>\n<tr>\n<td width=\"47\">2<\/td>\n<td width=\"249\">Desplazamiento de la bomba de direcci\u00f3n (ml \/ R) \/ presi\u00f3n (MPA)<\/td>\n<td width=\"262\">30\/20<\/td>\n<\/tr>\n<\/tbody>\n<\/table>\n<p>9) Iluminaci\u00f3n<\/p>\n<table class=\"table\" border=\"0\" width=\"100%\" cellspacing=\"0\" cellpadding=\"0\">\n<tbody>\n<tr class=\"firstRow\">\n<td width=\"48\">No, no.<\/td>\n<td width=\"248\">Opciones<\/td>\n<td width=\"262\">Especificaci\u00f3n<\/td>\n<\/tr>\n<tr>\n<td width=\"48\">1<\/td>\n<td width=\"248\">Tipo de iluminaci\u00f3n frontal<\/td>\n<td width=\"262\">L\u00e1mpara de luz alta y baja (con tapa protectora r\u00edgida)<\/td>\n<\/tr>\n<tr>\n<td width=\"48\">2<\/td>\n<td width=\"248\">Indicador de freno, se\u00f1al de giro<\/td>\n<td width=\"262\">S\u00ed. S\u00ed.<\/td>\n<\/tr>\n<tr>\n<td width=\"48\">3<\/td>\n<td width=\"248\">L\u00e1mpara de retroceso<\/td>\n<td width=\"262\">Izquierda y derecha<\/td>\n<\/tr>\n<\/tbody>\n<\/table>\n<p>(10) Dispositivo de advertencia de se\u00f1al sonora<\/p>\n<table class=\"table\" border=\"0\" width=\"100%\" cellspacing=\"0\" cellpadding=\"0\">\n<tbody>\n<tr class=\"firstRow\">\n<td width=\"46\">No, no.<\/td>\n<td width=\"251\">Opciones<\/td>\n<td width=\"261\">Especificaci\u00f3n<\/td>\n<\/tr>\n<tr>\n<td width=\"46\">1<\/td>\n<td width=\"251\">Tipo<\/td>\n<td width=\"261\">Cuerno el\u00e9ctrico<\/td>\n<\/tr>\n<tr>\n<td width=\"46\">2<\/td>\n<td width=\"251\">Modo de operaci\u00f3n<\/td>\n<td width=\"261\">Bot\u00f3n manual en el volante<\/td>\n<\/tr>\n<tr>\n<td width=\"46\">3<\/td>\n<td width=\"251\">Volumen (dB(A))<\/td>\n<td width=\"261\">40mPresi\u00f3n de sonido del cuerno a \u226575<\/td>\n<\/tr>\n<tr>\n<td width=\"46\">4<\/td>\n<td width=\"251\">Revertir la advertencia sonora<\/td>\n<td width=\"261\">S\u00ed. S\u00ed.<\/td>\n<\/tr>\n<\/tbody>\n<\/table>\n<p><img loading=\"lazy\" decoding=\"async\" class=\"alignnone wp-image-1320 size-full\" src=\"http:\/\/www.zongdamining.com\/wp-content\/uploads\/2022\/12\/2020052516341718719cffda52435a98e57b63510c847e.jpg\" alt=\"\" width=\"750\" height=\"632\" srcset=\"https:\/\/www.zongdamining.com\/wp-content\/uploads\/2022\/12\/2020052516341718719cffda52435a98e57b63510c847e.jpg 750w, https:\/\/www.zongdamining.com\/wp-content\/uploads\/2022\/12\/2020052516341718719cffda52435a98e57b63510c847e-300x253.jpg 300w, https:\/\/www.zongdamining.com\/wp-content\/uploads\/2022\/12\/2020052516341718719cffda52435a98e57b63510c847e-600x506.jpg 600w\" sizes=\"(max-width: 750px) 100vw, 750px\" \/><\/p>\n<p>El cami\u00f3n mezclador de hormig\u00f3n subterr\u00e1neo es ampliamente utilizado en minas en China y en todo el mundo.<\/p>\n<\/div>","protected":false},"excerpt":{"rendered":"<p>El cami\u00f3n mezclador de hormig\u00f3n subterr\u00e1neo se utiliza principalmente para el transporte de hormig\u00f3n en el endurecimiento de la superficie de la carretera<\/p>","protected":false},"featured_media":1321,"comment_status":"open","ping_status":"closed","template":"","meta":{"_acf_changed":false},"product_brand":[],"product_cat":[15],"product_tag":[],"class_list":{"0":"post-1523","1":"product","2":"type-product","3":"status-publish","4":"has-post-thumbnail","6":"product_cat-trackless-mining-equipment","8":"first","9":"instock","10":"shipping-taxable","11":"product-type-simple"},"acf":[],"_links":{"self":[{"href":"https:\/\/www.zongdamining.com\/es\/wp-json\/wp\/v2\/product\/1523","targetHints":{"allow":["GET"]}}],"collection":[{"href":"https:\/\/www.zongdamining.com\/es\/wp-json\/wp\/v2\/product"}],"about":[{"href":"https:\/\/www.zongdamining.com\/es\/wp-json\/wp\/v2\/types\/product"}],"replies":[{"embeddable":true,"href":"https:\/\/www.zongdamining.com\/es\/wp-json\/wp\/v2\/comments?post=1523"}],"wp:featuredmedia":[{"embeddable":true,"href":"https:\/\/www.zongdamining.com\/es\/wp-json\/wp\/v2\/media\/1321"}],"wp:attachment":[{"href":"https:\/\/www.zongdamining.com\/es\/wp-json\/wp\/v2\/media?parent=1523"}],"wp:term":[{"taxonomy":"product_brand","embeddable":true,"href":"https:\/\/www.zongdamining.com\/es\/wp-json\/wp\/v2\/product_brand?post=1523"},{"taxonomy":"product_cat","embeddable":true,"href":"https:\/\/www.zongdamining.com\/es\/wp-json\/wp\/v2\/product_cat?post=1523"},{"taxonomy":"product_tag","embeddable":true,"href":"https:\/\/www.zongdamining.com\/es\/wp-json\/wp\/v2\/product_tag?post=1523"}],"curies":[{"name":"WP","href":"https:\/\/api.w.org\/{rel}","templated":true}]}}