{"id":1532,"date":"2022-12-12T15:46:32","date_gmt":"2022-12-12T07:46:32","guid":{"rendered":"http:\/\/www.zongdamining.com\/?post_type=product&#038;p=1532"},"modified":"2023-01-29T16:43:22","modified_gmt":"2023-01-29T08:43:22","slug":"high-quality-cjy6-6-trolley-locomotive-for-mining","status":"publish","type":"product","link":"https:\/\/www.zongdamining.com\/es\/product\/high-quality-cjy6-6-trolley-locomotive-for-mining\/","title":{"rendered":"Locomotora de carretilla Cjy6\/6 de alta calidad para la miner\u00eda"},"content":{"rendered":"<p>Nuestra empresa est\u00e1 dispuesta a producir cami\u00f3n de mezclado de hormig\u00f3n subterr\u00e1neo de alta calidad y alto valor a\u00f1adido, cargadora subterr\u00e1nea de miner\u00eda de carb\u00f3n, locomotora el\u00e9ctrica de bater\u00eda para miner\u00eda para los usuarios de una manera pr\u00e1ctica con la filosof\u00eda de &#8216; honestidad y fiabilidad, beneficio mutuo y beneficio mutuo, progreso tecnol\u00f3gico y desarrollo com\u00fan;  . Con el fin de garantizar una mejor calidad y servicio, ahora nos hemos centrado en el proceso de producci\u00f3n. Por lo tanto, no dude en ponerse en contacto con nosotros para consultas.  &#8216; Esfuerzo por la perfecci\u00f3n y la innovaci\u00f3n continua&#8217; no es solo la causa ra\u00edz del negocio en auge y el desarrollo continuo de la empresa, sino tambi\u00e9n la buena tradici\u00f3n de nuestra empresa.<\/p>\n<p><img fetchpriority=\"high\" decoding=\"async\" class=\"alignnone wp-image-1534 size-full\" src=\"http:\/\/www.zongdamining.com\/wp-content\/uploads\/2022\/12\/flameproof-mining-trolley-locomotive46072651080.jpg\" alt=\"\" width=\"730\" height=\"730\" srcset=\"https:\/\/www.zongdamining.com\/wp-content\/uploads\/2022\/12\/flameproof-mining-trolley-locomotive46072651080.jpg 730w, https:\/\/www.zongdamining.com\/wp-content\/uploads\/2022\/12\/flameproof-mining-trolley-locomotive46072651080-300x300.jpg 300w, https:\/\/www.zongdamining.com\/wp-content\/uploads\/2022\/12\/flameproof-mining-trolley-locomotive46072651080-150x150.jpg 150w, https:\/\/www.zongdamining.com\/wp-content\/uploads\/2022\/12\/flameproof-mining-trolley-locomotive46072651080-600x600.jpg 600w, https:\/\/www.zongdamining.com\/wp-content\/uploads\/2022\/12\/flameproof-mining-trolley-locomotive46072651080-100x100.jpg 100w\" sizes=\"(max-width: 730px) 100vw, 730px\" \/><\/p>\n<p><strong>Modelo: CJY10\/6,7,9G<\/strong><\/p>\n<p><strong>Datos t\u00e9cnicos<\/strong><\/p>\n<p>La locomotora se divide en 4 tipos: transmisi\u00f3n ordinaria de un paso, engrosamiento de la placa de pared, transmisi\u00f3n ordinaria de doble paso y tipos de tracci\u00f3n de doble motor. Su voltaje es de 250V y 550V. La forma de regulaci\u00f3n de velocidad tiene la resistencia, el chopper IGBT y la regulaci\u00f3n de velocidad de conversi\u00f3n de frecuencia 3 tipos. Sus caracter\u00edsticas: distancia entre ejes corta, buena rigidez y rendimiento amortiguador.<\/p>\n<p><img decoding=\"async\" class=\"alignnone wp-image-1533 size-full\" src=\"http:\/\/www.zongdamining.com\/wp-content\/uploads\/2022\/12\/202004211050493dbe3698292040d7a0af94dfcb895955.jpg\" alt=\"\" width=\"750\" height=\"681\" srcset=\"https:\/\/www.zongdamining.com\/wp-content\/uploads\/2022\/12\/202004211050493dbe3698292040d7a0af94dfcb895955.jpg 750w, https:\/\/www.zongdamining.com\/wp-content\/uploads\/2022\/12\/202004211050493dbe3698292040d7a0af94dfcb895955-300x272.jpg 300w, https:\/\/www.zongdamining.com\/wp-content\/uploads\/2022\/12\/202004211050493dbe3698292040d7a0af94dfcb895955-600x545.jpg 600w\" sizes=\"(max-width: 750px) 100vw, 750px\" \/><\/p>\n<table class=\"table\" style=\"width: 100%;\" border=\"0\" width=\"100%\" cellspacing=\"0\" cellpadding=\"0\">\n<tbody>\n<tr class=\"firstRow\">\n<td style=\"width: 37.364%;\" width=\"243\">Peso del adhesivo<\/td>\n<td style=\"width: 29.1415%;\" width=\"189\">t<\/td>\n<td style=\"width: 33.3736%;\" width=\"217\">10<\/td>\n<\/tr>\n<tr>\n<td style=\"width: 37.364%;\" width=\"243\">Calibre<\/td>\n<td style=\"width: 29.1415%;\" width=\"189\">mm (mm)<\/td>\n<td style=\"width: 33.3736%;\" width=\"217\">600\/762\/900<\/td>\n<\/tr>\n<tr>\n<td style=\"width: 37.364%;\" width=\"243\">Voltaje nominal<\/td>\n<td style=\"width: 29.1415%;\" width=\"189\">v<\/td>\n<td style=\"width: 33.3736%;\" width=\"217\">250\/550<\/td>\n<\/tr>\n<tr>\n<td style=\"width: 37.364%;\" width=\"243\">Fuerza de tracci\u00f3n nominal por hora<\/td>\n<td style=\"width: 29.1415%;\" width=\"189\">KN<\/td>\n<td style=\"width: 33.3736%;\" width=\"217\">13.05\/15.09\/18.93<\/td>\n<\/tr>\n<tr>\n<td style=\"width: 37.364%;\" width=\"243\">Velocidad nominal por hora<\/td>\n<td style=\"width: 29.1415%;\" width=\"189\">Km\/h<\/td>\n<td style=\"width: 33.3736%;\" width=\"217\">10.05\/11<\/td>\n<\/tr>\n<tr>\n<td style=\"width: 37.364%;\" width=\"243\">Motor el\u00e9ctrico y potencia<\/td>\n<td style=\"width: 29.1415%;\" width=\"189\">KW<\/td>\n<td style=\"width: 33.3736%;\" width=\"217\">2*24 \/ 2*30<\/td>\n<\/tr>\n<tr>\n<td style=\"width: 37.364%;\" width=\"243\">Base de ruedas<\/td>\n<td style=\"width: 29.1415%;\" width=\"189\">mm (mm)<\/td>\n<td style=\"width: 33.3736%;\" width=\"217\">1100\/1220\/1180<\/td>\n<\/tr>\n<tr>\n<td style=\"width: 37.364%;\" width=\"243\">Radio m\u00ednimo de curvatura<\/td>\n<td style=\"width: 29.1415%;\" width=\"189\">m<\/td>\n<td style=\"width: 33.3736%;\" width=\"217\">7\/9\/10<\/td>\n<\/tr>\n<tr>\n<td style=\"width: 37.364%;\" width=\"243\">D\u00eda. De rueda<\/td>\n<td style=\"width: 29.1415%;\" width=\"189\">mm (mm)<\/td>\n<td style=\"width: 33.3736%;\" width=\"217\">680<\/td>\n<\/tr>\n<tr>\n<td style=\"width: 37.364%;\" width=\"243\">Tipo de control<\/td>\n<td style=\"width: 29.1415%;\" width=\"189\"><\/td>\n<td style=\"width: 33.3736%;\" width=\"217\">Control de resistencia o control de chopper<\/td>\n<\/tr>\n<tr>\n<td style=\"width: 37.364%;\" width=\"243\">Tipo de freno<\/td>\n<td style=\"width: 29.1415%;\" width=\"189\"><\/td>\n<td style=\"width: 33.3736%;\" width=\"217\">Freno mec\u00e1nico<\/td>\n<\/tr>\n<tr>\n<td style=\"width: 37.364%;\" width=\"243\">Tipo de unidad<\/td>\n<td style=\"width: 29.1415%;\" width=\"189\"><\/td>\n<td style=\"width: 33.3736%;\" width=\"217\">Cerrado Drive de engranajes de dos etapas<\/td>\n<\/tr>\n<tr>\n<td style=\"width: 37.364%;\" width=\"243\">colector pant\u00f3grafo<\/td>\n<td style=\"width: 29.1415%;\" width=\"189\"><\/td>\n<td style=\"width: 33.3736%;\" width=\"217\">Personalizado<\/td>\n<\/tr>\n<tr>\n<td style=\"width: 37.364%;\" width=\"243\">Dimensi\u00f3n exterior<\/td>\n<td style=\"width: 29.1415%;\" width=\"189\">mm (mm)<\/td>\n<td style=\"width: 33.3736%;\" width=\"217\">L: 4660\/4470<br \/>\nW: 1050\/1212\/1350<br \/>\nH:1550\/1660\/<\/td>\n<\/tr>\n<\/tbody>\n<\/table>\n<p><img decoding=\"async\" class=\"alignnone wp-image-1535 size-full\" src=\"http:\/\/www.zongdamining.com\/wp-content\/uploads\/2022\/12\/20200421105157f932dd49a94146bc9fe5a5c043e11cee.jpg\" alt=\"\" width=\"750\" height=\"716\" srcset=\"https:\/\/www.zongdamining.com\/wp-content\/uploads\/2022\/12\/20200421105157f932dd49a94146bc9fe5a5c043e11cee.jpg 750w, https:\/\/www.zongdamining.com\/wp-content\/uploads\/2022\/12\/20200421105157f932dd49a94146bc9fe5a5c043e11cee-300x286.jpg 300w, https:\/\/www.zongdamining.com\/wp-content\/uploads\/2022\/12\/20200421105157f932dd49a94146bc9fe5a5c043e11cee-600x573.jpg 600w\" sizes=\"(max-width: 750px) 100vw, 750px\" \/><\/p>\n<p>Estamos comprometidos con la creaci\u00f3n de productos confiables y la mejora de la calidad del servicio para los clientes, y nos esforzamos por convertirnos en un fabricante l\u00edder de alta calidad Cjy6\/6 Trolley Locomotive para la miner\u00eda en la industria. Hemos establecido una buena relaci\u00f3n de confianza con marcas de renombre mundial. La empresa ha estado al d\u00eda con el ritmo de los tiempos, apuntando al nivel internacional avanzado, y produciendo una variedad de productos que satisfagan las necesidades de varios mercados internacionales.<\/p>","protected":false},"excerpt":{"rendered":"<p>La locomotora se divide en 4 tipos: transmisi\u00f3n ordinaria de un paso, engrosamiento de la placa de pared, transmisi\u00f3n ordinaria de doble paso y tipos de tracci\u00f3n de doble motor. Su voltaje es de 250V y 550V.<\/p>","protected":false},"featured_media":1534,"comment_status":"open","ping_status":"closed","template":"","meta":{"_acf_changed":false},"product_brand":[],"product_cat":[27],"product_tag":[],"class_list":{"0":"post-1532","1":"product","2":"type-product","3":"status-publish","4":"has-post-thumbnail","6":"product_cat-underground-mining-locomotives","8":"first","9":"instock","10":"shipping-taxable","11":"product-type-simple"},"acf":[],"_links":{"self":[{"href":"https:\/\/www.zongdamining.com\/es\/wp-json\/wp\/v2\/product\/1532","targetHints":{"allow":["GET"]}}],"collection":[{"href":"https:\/\/www.zongdamining.com\/es\/wp-json\/wp\/v2\/product"}],"about":[{"href":"https:\/\/www.zongdamining.com\/es\/wp-json\/wp\/v2\/types\/product"}],"replies":[{"embeddable":true,"href":"https:\/\/www.zongdamining.com\/es\/wp-json\/wp\/v2\/comments?post=1532"}],"wp:featuredmedia":[{"embeddable":true,"href":"https:\/\/www.zongdamining.com\/es\/wp-json\/wp\/v2\/media\/1534"}],"wp:attachment":[{"href":"https:\/\/www.zongdamining.com\/es\/wp-json\/wp\/v2\/media?parent=1532"}],"wp:term":[{"taxonomy":"product_brand","embeddable":true,"href":"https:\/\/www.zongdamining.com\/es\/wp-json\/wp\/v2\/product_brand?post=1532"},{"taxonomy":"product_cat","embeddable":true,"href":"https:\/\/www.zongdamining.com\/es\/wp-json\/wp\/v2\/product_cat?post=1532"},{"taxonomy":"product_tag","embeddable":true,"href":"https:\/\/www.zongdamining.com\/es\/wp-json\/wp\/v2\/product_tag?post=1532"}],"curies":[{"name":"WP","href":"https:\/\/api.w.org\/{rel}","templated":true}]}}