{"id":1540,"date":"2022-12-12T15:56:38","date_gmt":"2022-12-12T07:56:38","guid":{"rendered":"http:\/\/www.zongdamining.com\/?post_type=product&#038;p=1540"},"modified":"2022-12-16T11:10:25","modified_gmt":"2022-12-16T03:10:25","slug":"underground-concrete-spraying-truck","status":"publish","type":"product","link":"https:\/\/www.zongdamining.com\/es\/product\/underground-concrete-spraying-truck\/","title":{"rendered":"Cami\u00f3n de pulverizaci\u00f3n de hormig\u00f3n subterr\u00e1neo"},"content":{"rendered":"<p><img fetchpriority=\"high\" decoding=\"async\" class=\"alignnone wp-image-1547 size-full\" src=\"http:\/\/www.zongdamining.com\/wp-content\/uploads\/2022\/12\/underground-concrete-spraying-truck50382040108.jpg\" alt=\"\" width=\"730\" height=\"730\" srcset=\"https:\/\/www.zongdamining.com\/wp-content\/uploads\/2022\/12\/underground-concrete-spraying-truck50382040108.jpg 730w, https:\/\/www.zongdamining.com\/wp-content\/uploads\/2022\/12\/underground-concrete-spraying-truck50382040108-300x300.jpg 300w, https:\/\/www.zongdamining.com\/wp-content\/uploads\/2022\/12\/underground-concrete-spraying-truck50382040108-150x150.jpg 150w, https:\/\/www.zongdamining.com\/wp-content\/uploads\/2022\/12\/underground-concrete-spraying-truck50382040108-600x600.jpg 600w, https:\/\/www.zongdamining.com\/wp-content\/uploads\/2022\/12\/underground-concrete-spraying-truck50382040108-100x100.jpg 100w\" sizes=\"(max-width: 730px) 100vw, 730px\" \/><\/p>\n<p><strong>ZDPB20T<\/strong><\/p>\n<p>El cami\u00f3n de pulverizaci\u00f3n de hormig\u00f3n subterr\u00e1neo ZDPB20T es una herramienta de pulverizaci\u00f3n confiable con investigaci\u00f3n y desarrollo especiales sobre el endurecimiento superficial y la formaci\u00f3n de la capa de soporte de hormig\u00f3n basada en las condiciones de trabajo reales y las necesidades del subterr\u00e1neo y la experiencia exitosa de muchos carros de creta h\u00fameda dom\u00e9stica y control autom\u00e1tico.  (Ver la imagen a la derecha para la forma del carrito).<\/p>\n<p>El ZDPB20T se compone principalmente de un sistema de inyecci\u00f3n y un sistema de chasis.<\/p>\n<p>El sistema de inyecci\u00f3n es accionado por un motor de 37 kW y el sistema de control est\u00e1 provisto de modo de control remoto, por lo tanto, toda la m\u00e1quina realiza un control automatizado y parametrizado. El sistema transportador es accionado por el motor sin emisiones de escape, lo que mejora en gran medida el entorno operativo subterr\u00e1neo.<\/p>\n<p>El sistema de chasis es accionado por el motor diesel refrigerado por agua original importado de Deutz con una potencia m\u00e1xima de 103 kW, que cumple con la Norma Nacional de Emisiones III. Adopta transmisi\u00f3n mec\u00e1nica hidr\u00e1ulica, con tracci\u00f3n 4 \u00d7 4, chasis bisagrado de mina y freno h\u00famedo de cuatro ruedas, que puede adaptarse mejor a la operaci\u00f3n de mina.<\/p>\n<p><strong>Datos t\u00e9cnicos<\/strong><\/p>\n<p>&nbsp;<\/p>\n<div class=\"table-responsive\">\n<table class=\"table\" border=\"0\" width=\"100%\" cellspacing=\"0\" cellpadding=\"0\">\n<tbody>\n<tr class=\"firstRow\">\n<td width=\"99\"><strong>Categor\u00eda<\/strong><\/td>\n<td width=\"76\"><strong>S.N<\/strong><\/td>\n<td width=\"185\"><strong>Art\u00edculo<\/strong><\/td>\n<td width=\"358\"><strong>ZDPB20T<\/strong><\/td>\n<\/tr>\n<tr>\n<td rowspan=\"10\" width=\"99\">Montaje de chasis<\/td>\n<td width=\"76\">1<\/td>\n<td width=\"185\">Dimensiones<\/td>\n<td width=\"358\">7462\u00d71997\u00d72463mm<\/td>\n<\/tr>\n<tr>\n<td width=\"76\">2<\/td>\n<td width=\"185\">Radio de giro<\/td>\n<td width=\"358\">Dentro 3870\/Fuera 6133mm<\/td>\n<\/tr>\n<tr>\n<td width=\"76\">3<\/td>\n<td width=\"185\">Motor<\/td>\n<td width=\"358\">Motor diesel Deutz<\/td>\n<\/tr>\n<tr>\n<td width=\"76\">4<\/td>\n<td width=\"185\">Potencia nominal<\/td>\n<td width=\"358\">103kw<\/td>\n<\/tr>\n<tr>\n<td width=\"76\">5<\/td>\n<td width=\"185\">Normas de emisi\u00f3n<\/td>\n<td width=\"358\">Norma nacional de emisi\u00f3n III<\/td>\n<\/tr>\n<tr>\n<td width=\"76\">6<\/td>\n<td width=\"185\">Forma de chasis<\/td>\n<td width=\"358\">Chasis bisagrado utilizado para minas<\/td>\n<\/tr>\n<tr>\n<td width=\"76\">7<\/td>\n<td width=\"185\">Formulario de transmisi\u00f3n<\/td>\n<td width=\"358\">Transmisi\u00f3n mec\u00e1nica hidr\u00e1ulica<\/td>\n<\/tr>\n<tr>\n<td width=\"76\">8<\/td>\n<td width=\"185\">Velocidad de conducci\u00f3n<\/td>\n<td width=\"358\">3 engranajes, 0-26km\/h<\/td>\n<\/tr>\n<tr>\n<td width=\"76\">9<\/td>\n<td width=\"185\">Sistema de frenado<\/td>\n<td width=\"358\">Freno de doble circuito h\u00famedo de cuatro ruedas:<br \/>\nEl freno de estacionamiento es el freno de muelle, liberaci\u00f3n hidr\u00e1ulica;<br \/>\nEl freno de servicio es el freno hidr\u00e1ulico, la liberaci\u00f3n del muelle.<\/td>\n<\/tr>\n<tr>\n<td width=\"76\">10<\/td>\n<td width=\"185\">Gradabilidad m\u00e1xima<\/td>\n<td width=\"358\">15 \u00b0<\/td>\n<\/tr>\n<\/tbody>\n<\/table>\n<\/div>\n<p>&nbsp;<\/p>\n<p>&nbsp;<\/p>\n<p>&nbsp;<\/p>\n<div class=\"table-responsive\">\n<table class=\"table\" border=\"0\" width=\"100%\" cellspacing=\"0\" cellpadding=\"0\">\n<tbody>\n<tr class=\"firstRow\">\n<td width=\"105\"><strong>Categor\u00eda<\/strong><\/td>\n<td width=\"65\"><strong>S.N<\/strong><\/td>\n<td width=\"229\"><strong>Art\u00edculo<\/strong><\/td>\n<td width=\"293\"><strong>CSPB20T<\/strong><\/td>\n<\/tr>\n<tr>\n<td rowspan=\"10\" width=\"105\">Sistema de inyecci\u00f3n de hormig\u00f3n<\/td>\n<td width=\"65\">1<\/td>\n<td width=\"229\">Formulario de transporte<\/td>\n<td width=\"293\">Control hidr\u00e1ulico tipo pist\u00f3n, conmutaci\u00f3n autom\u00e1tica de v\u00e1lvula de tubo de oscilaci\u00f3n S<\/td>\n<\/tr>\n<tr>\n<td width=\"65\">2<\/td>\n<td width=\"229\">Capacidad te\u00f3rica de bombeo<\/td>\n<td width=\"293\">20 m\u00b3\/h<\/td>\n<\/tr>\n<tr>\n<td width=\"65\">3<\/td>\n<td width=\"229\">Tama\u00f1o m\u00e1ximo de part\u00edcula permitido<\/td>\n<td width=\"293\">16 mm<\/td>\n<\/tr>\n<tr>\n<td width=\"65\">4<\/td>\n<td width=\"229\">Volumen de tolva<\/td>\n<td width=\"293\">520L<\/td>\n<\/tr>\n<tr>\n<td width=\"65\">5<\/td>\n<td width=\"229\">Altura de alimentaci\u00f3n<\/td>\n<td width=\"293\">1200 mil\u00edmetros<\/td>\n<\/tr>\n<tr>\n<td width=\"65\">6<\/td>\n<td width=\"229\">Control de brazo rob\u00f3tico<\/td>\n<td width=\"293\">Modo de control remoto completo hidr\u00e1ulico de cuatro secciones triple, cableado\/inal\u00e1mbrico<\/td>\n<\/tr>\n<tr>\n<td width=\"65\">7<\/td>\n<td width=\"229\">Altura m\u00e1xima de pulverizaci\u00f3n<\/td>\n<td width=\"293\">8 metros<\/td>\n<\/tr>\n<tr>\n<td width=\"65\">8<\/td>\n<td width=\"229\">Anchura m\u00e1xima de pulverizaci\u00f3n<\/td>\n<td width=\"293\">16 metros<\/td>\n<\/tr>\n<tr>\n<td width=\"65\">9<\/td>\n<td width=\"229\">Gama de pulverizaci\u00f3n de boquillas<\/td>\n<td width=\"293\">Con seis grados de libertad, chorro de rango esf\u00e9rico de 240 \u00b0 y cepillado autom\u00e1tico<\/td>\n<\/tr>\n<tr>\n<td width=\"65\">10<\/td>\n<td width=\"229\">Formulario de accionamiento<\/td>\n<td width=\"293\">Motor para accionamiento normal y motor diesel para accionamiento de emergencia<\/td>\n<\/tr>\n<\/tbody>\n<\/table>\n<\/div>\n<p>&nbsp;<\/p>\n<p>&nbsp;<\/p>\n<div class=\"table-responsive\">\n<table class=\"table\" border=\"0\" width=\"100%\" cellspacing=\"0\" cellpadding=\"0\">\n<tbody>\n<tr class=\"firstRow\">\n<td width=\"105\"><strong>Categor\u00eda<\/strong><\/td>\n<td width=\"65\"><strong>S.N<\/strong><\/td>\n<td width=\"229\"><strong>Art\u00edculo<\/strong><\/td>\n<td width=\"293\"><strong>ZDPB20T<\/strong><\/td>\n<\/tr>\n<tr>\n<td rowspan=\"5\" width=\"105\">Sistema de acelerador<\/td>\n<td width=\"65\">1<\/td>\n<td width=\"229\">Formulario<\/td>\n<td width=\"293\">Impulsado por el motor y el volumen de transporte es ajustable<\/td>\n<\/tr>\n<tr>\n<td width=\"65\">2<\/td>\n<td width=\"229\">Capacidad de llenado<\/td>\n<td width=\"293\">50-600L\/h<\/td>\n<\/tr>\n<tr>\n<td width=\"65\">3<\/td>\n<td width=\"229\">Acelerador<\/td>\n<td width=\"293\">Acelerador de l\u00edquido embotellado<\/td>\n<\/tr>\n<tr>\n<td width=\"65\">4<\/td>\n<td width=\"229\">Sistema de control<\/td>\n<td width=\"293\">Salida sincr\u00f3nica con volumen de bombeo de hormig\u00f3n, que es ajustable<\/td>\n<\/tr>\n<tr>\n<td width=\"65\">5<\/td>\n<td width=\"229\">Conexi\u00f3n con boquilla<\/td>\n<td width=\"293\">Entrada en ambos lados<\/td>\n<\/tr>\n<tr>\n<td rowspan=\"3\" width=\"105\">Sistema de limpieza<\/td>\n<td width=\"65\">6<\/td>\n<td width=\"229\">Formulario<\/td>\n<td width=\"293\">Bomba de \u00e9mbolo accionada hidr\u00e1ulicamente con pistola de agua de alta presi\u00f3n<\/td>\n<\/tr>\n<tr>\n<td width=\"65\">7<\/td>\n<td width=\"229\">Volumen del tanque<\/td>\n<td width=\"293\">130L<\/td>\n<\/tr>\n<tr>\n<td width=\"65\">8<\/td>\n<td width=\"229\">Capacidad de producci\u00f3n<\/td>\n<td width=\"293\">11L \/ min<\/td>\n<\/tr>\n<tr>\n<td rowspan=\"2\" width=\"105\">Compresor de aire<\/td>\n<td width=\"65\">9<\/td>\n<td width=\"229\">Formulario<\/td>\n<td width=\"293\">Motor de accionamiento, compresor de aire de tornillo<\/td>\n<\/tr>\n<tr>\n<td width=\"65\">10<\/td>\n<td width=\"229\">Suministro m\u00e1ximo de aire<\/td>\n<td width=\"293\">7,5 m\u00b3\/min<\/td>\n<\/tr>\n<\/tbody>\n<\/table>\n<\/div>\n<p><img decoding=\"async\" class=\"alignnone wp-image-1546 size-full\" src=\"http:\/\/www.zongdamining.com\/wp-content\/uploads\/2022\/12\/202005251652092146ead574dc4323a2b5d8640c5d8259.jpg\" alt=\"\" width=\"750\" height=\"750\" srcset=\"https:\/\/www.zongdamining.com\/wp-content\/uploads\/2022\/12\/202005251652092146ead574dc4323a2b5d8640c5d8259.jpg 750w, https:\/\/www.zongdamining.com\/wp-content\/uploads\/2022\/12\/202005251652092146ead574dc4323a2b5d8640c5d8259-300x300.jpg 300w, https:\/\/www.zongdamining.com\/wp-content\/uploads\/2022\/12\/202005251652092146ead574dc4323a2b5d8640c5d8259-150x150.jpg 150w, https:\/\/www.zongdamining.com\/wp-content\/uploads\/2022\/12\/202005251652092146ead574dc4323a2b5d8640c5d8259-600x600.jpg 600w, https:\/\/www.zongdamining.com\/wp-content\/uploads\/2022\/12\/202005251652092146ead574dc4323a2b5d8640c5d8259-100x100.jpg 100w\" sizes=\"(max-width: 750px) 100vw, 750px\" \/><\/p>\n<p><img decoding=\"async\" class=\"alignnone wp-image-1544 size-full\" src=\"http:\/\/www.zongdamining.com\/wp-content\/uploads\/2022\/12\/20200525165212a13bc0de369c411794dac0a0885f7959.jpg\" alt=\"\" width=\"750\" height=\"750\" srcset=\"https:\/\/www.zongdamining.com\/wp-content\/uploads\/2022\/12\/20200525165212a13bc0de369c411794dac0a0885f7959.jpg 750w, https:\/\/www.zongdamining.com\/wp-content\/uploads\/2022\/12\/20200525165212a13bc0de369c411794dac0a0885f7959-300x300.jpg 300w, https:\/\/www.zongdamining.com\/wp-content\/uploads\/2022\/12\/20200525165212a13bc0de369c411794dac0a0885f7959-150x150.jpg 150w, https:\/\/www.zongdamining.com\/wp-content\/uploads\/2022\/12\/20200525165212a13bc0de369c411794dac0a0885f7959-600x600.jpg 600w, https:\/\/www.zongdamining.com\/wp-content\/uploads\/2022\/12\/20200525165212a13bc0de369c411794dac0a0885f7959-100x100.jpg 100w\" sizes=\"(max-width: 750px) 100vw, 750px\" \/><\/p>\n<p><img loading=\"lazy\" decoding=\"async\" class=\"alignnone wp-image-1545 size-full\" src=\"http:\/\/www.zongdamining.com\/wp-content\/uploads\/2022\/12\/20200525165215382c03b12d914a8a80cded542fe0b078.jpg\" alt=\"\" width=\"750\" height=\"615\" srcset=\"https:\/\/www.zongdamining.com\/wp-content\/uploads\/2022\/12\/20200525165215382c03b12d914a8a80cded542fe0b078.jpg 750w, https:\/\/www.zongdamining.com\/wp-content\/uploads\/2022\/12\/20200525165215382c03b12d914a8a80cded542fe0b078-300x246.jpg 300w, https:\/\/www.zongdamining.com\/wp-content\/uploads\/2022\/12\/20200525165215382c03b12d914a8a80cded542fe0b078-600x492.jpg 600w\" sizes=\"(max-width: 750px) 100vw, 750px\" \/><\/p>","protected":false},"excerpt":{"rendered":"<p>El cami\u00f3n de pulverizaci\u00f3n de hormig\u00f3n subterr\u00e1neo ZDPB20T es una herramienta de pulverizaci\u00f3n confiable con investigaci\u00f3n y desarrollo especiales sobre el endurecimiento superficial y la formaci\u00f3n de la capa de soporte de hormig\u00f3n basada en las condiciones de trabajo reales y las necesidades del subterr\u00e1neo y la experiencia exitosa de muchos carros de creta h\u00fameda dom\u00e9stica y control autom\u00e1tico.<\/p>","protected":false},"featured_media":1547,"comment_status":"open","ping_status":"closed","template":"","meta":{"_acf_changed":false},"product_brand":[],"product_cat":[15],"product_tag":[],"class_list":{"0":"post-1540","1":"product","2":"type-product","3":"status-publish","4":"has-post-thumbnail","6":"product_cat-trackless-mining-equipment","8":"first","9":"instock","10":"shipping-taxable","11":"product-type-simple"},"acf":[],"_links":{"self":[{"href":"https:\/\/www.zongdamining.com\/es\/wp-json\/wp\/v2\/product\/1540","targetHints":{"allow":["GET"]}}],"collection":[{"href":"https:\/\/www.zongdamining.com\/es\/wp-json\/wp\/v2\/product"}],"about":[{"href":"https:\/\/www.zongdamining.com\/es\/wp-json\/wp\/v2\/types\/product"}],"replies":[{"embeddable":true,"href":"https:\/\/www.zongdamining.com\/es\/wp-json\/wp\/v2\/comments?post=1540"}],"wp:featuredmedia":[{"embeddable":true,"href":"https:\/\/www.zongdamining.com\/es\/wp-json\/wp\/v2\/media\/1547"}],"wp:attachment":[{"href":"https:\/\/www.zongdamining.com\/es\/wp-json\/wp\/v2\/media?parent=1540"}],"wp:term":[{"taxonomy":"product_brand","embeddable":true,"href":"https:\/\/www.zongdamining.com\/es\/wp-json\/wp\/v2\/product_brand?post=1540"},{"taxonomy":"product_cat","embeddable":true,"href":"https:\/\/www.zongdamining.com\/es\/wp-json\/wp\/v2\/product_cat?post=1540"},{"taxonomy":"product_tag","embeddable":true,"href":"https:\/\/www.zongdamining.com\/es\/wp-json\/wp\/v2\/product_tag?post=1540"}],"curies":[{"name":"WP","href":"https:\/\/api.w.org\/{rel}","templated":true}]}}