{"id":1548,"date":"2022-12-12T15:58:20","date_gmt":"2022-12-12T07:58:20","guid":{"rendered":"http:\/\/www.zongdamining.com\/?post_type=product&#038;p=1548"},"modified":"2023-11-16T14:55:10","modified_gmt":"2023-11-16T06:55:10","slug":"underground-miner-carrier","status":"publish","type":"product","link":"https:\/\/www.zongdamining.com\/es\/product\/underground-miner-carrier\/","title":{"rendered":"Carrier minero subterr\u00e1neo"},"content":{"rendered":"<p><img fetchpriority=\"high\" decoding=\"async\" class=\"alignnone size-medium wp-image-1810\" src=\"http:\/\/www.zongdamining.com\/wp-content\/uploads\/2022\/12\/1700115539341-300x168.png\" alt=\"\" width=\"300\" height=\"168\" srcset=\"https:\/\/www.zongdamining.com\/wp-content\/uploads\/2022\/12\/1700115539341-300x168.png 300w, https:\/\/www.zongdamining.com\/wp-content\/uploads\/2022\/12\/1700115539341.png 540w\" sizes=\"(max-width: 300px) 100vw, 300px\" \/><\/p>\n<p>El transportador de personal tipo ZUPC-16 es un transportador de personal de la mina de carretera de monta\u00f1a no minera de carb\u00f3n desarrollado y dise\u00f1ado independientemente por nuestra empresa en base a los \u00faltimos est\u00e1ndares y requisitos nacionales de seguridad, integrando tecnolog\u00eda avanzada en el pa\u00eds y en el extranjero. Es ampliamente aplicable a los viajeros de carreteras de monta\u00f1a que no son minas de carb\u00f3n.<\/p>\n<p>El dise\u00f1o de configuraci\u00f3n estructural cient\u00edfico y razonable cumple con los requisitos de diferentes condiciones de trabajo como el radio de giro, la pendiente de escalada y el paso por carretera en diferentes minas. El dise\u00f1o especial del chasis, el puente h\u00famedo totalmente sellado (tipo de protecci\u00f3n contra la p\u00e9rdida de presi\u00f3n) y el sistema de frenos MICO americano coincidente son seguros, estables y fiables, liderando el camino.<\/p>\n<p>Adoptando el proceso de estampado de acero estructural de alta resistencia, el proceso de envejecimiento por estr\u00e9s y la tecnolog\u00eda de soldadura blindada con gas, el veh\u00edculo&#8217; Los componentes estructurales pueden soportar fuertes cargas despu\u00e9s de la verificaci\u00f3n de la resistencia. La cabina y los veh\u00edculos de navegue han pasado la certificaci\u00f3n de prueba est\u00e1ndar FOPS y ROPS, proporcionando protecci\u00f3n de seguridad para conductores y pasajeros.<\/p>\n<p>El sistema de conducci\u00f3n y control adopta un dise\u00f1o ergon\u00f3mico razonable, cabina sellada con aire acondicionado y configuraci\u00f3n de dise\u00f1o de control centralizado, lo que lo hace f\u00e1cil de operar y c\u00f3modo. Los principales componentes el\u00e9ctricos y controladores, componentes hidr\u00e1ulicos y componentes clave del sistema de transmisi\u00f3n son todos fabricados por marcas nacionales y extranjeras bien conocidas, con un rendimiento fiable.<\/p>\n<p>Despu\u00e9s de un estricto chorro de tiro y la eliminaci\u00f3n de la oxidaci\u00f3n, la cebadora antioxidante puede cumplir con los requisitos t\u00e9cnicos del grado de portador de aeronaves, haciendo que el equipo sea m\u00e1s resistente a la oxidaci\u00f3n, la corrosi\u00f3n y la vida \u00fatil en varias condiciones de funcionamiento.<\/p>\n<ol>\n<li>Dimensiones totales<img decoding=\"async\" class=\"alignnone size-medium wp-image-1812\" src=\"http:\/\/www.zongdamining.com\/wp-content\/uploads\/2022\/12\/1700115652036-300x197.png\" alt=\"\" width=\"300\" height=\"197\" srcset=\"https:\/\/www.zongdamining.com\/wp-content\/uploads\/2022\/12\/1700115652036-300x197.png 300w, https:\/\/www.zongdamining.com\/wp-content\/uploads\/2022\/12\/1700115652036.png 553w\" sizes=\"(max-width: 300px) 100vw, 300px\" \/><img decoding=\"async\" class=\"alignnone size-medium wp-image-1813\" src=\"http:\/\/www.zongdamining.com\/wp-content\/uploads\/2022\/12\/1700115641056-300x210.png\" alt=\"\" width=\"300\" height=\"210\" srcset=\"https:\/\/www.zongdamining.com\/wp-content\/uploads\/2022\/12\/1700115641056-300x210.png 300w, https:\/\/www.zongdamining.com\/wp-content\/uploads\/2022\/12\/1700115641056.png 554w\" sizes=\"(max-width: 300px) 100vw, 300px\" \/><\/li>\n<li>Introducci\u00f3n a la carrocer\u00eda del veh\u00edculo<\/li>\n<li>\u00a0Una c\u00e1mara est\u00e1 instalada dentro del veh\u00edculo para facilitar al conductor observar la situaci\u00f3n dentro del veh\u00edculo.<img loading=\"lazy\" decoding=\"async\" class=\"alignnone size-medium wp-image-1814\" src=\"http:\/\/www.zongdamining.com\/wp-content\/uploads\/2022\/12\/1700115799136-300x169.png\" alt=\"\" width=\"300\" height=\"169\" srcset=\"https:\/\/www.zongdamining.com\/wp-content\/uploads\/2022\/12\/1700115799136-300x169.png 300w, https:\/\/www.zongdamining.com\/wp-content\/uploads\/2022\/12\/1700115799136.png 454w\" sizes=\"(max-width: 300px) 100vw, 300px\" \/><\/li>\n<li>\u00a0La cabina est\u00e1 equipada con un intercomunicador bidireccional para facilitar la comunicaci\u00f3n entre los pasajeros y el conductor.<img loading=\"lazy\" decoding=\"async\" class=\"alignnone size-medium wp-image-1815\" src=\"http:\/\/www.zongdamining.com\/wp-content\/uploads\/2022\/12\/1700115956863-300x293.png\" alt=\"\" width=\"300\" height=\"293\" srcset=\"https:\/\/www.zongdamining.com\/wp-content\/uploads\/2022\/12\/1700115956863-300x293.png 300w, https:\/\/www.zongdamining.com\/wp-content\/uploads\/2022\/12\/1700115956863.png 454w\" sizes=\"(max-width: 300px) 100vw, 300px\" \/><\/li>\n<li>\u00a0El asiento de la cabina y el asiento del pasajero est\u00e1n equipados con asientos mec\u00e1nicos amortiguadores para que los pasajeros se sientan c\u00f3modos durante la conducci\u00f3n.<img loading=\"lazy\" decoding=\"async\" class=\"alignnone size-medium wp-image-1817\" src=\"http:\/\/www.zongdamining.com\/wp-content\/uploads\/2022\/12\/1700116110046-300x178.png\" alt=\"\" width=\"300\" height=\"178\" srcset=\"https:\/\/www.zongdamining.com\/wp-content\/uploads\/2022\/12\/1700116110046-300x178.png 300w, https:\/\/www.zongdamining.com\/wp-content\/uploads\/2022\/12\/1700116110046.png 470w\" sizes=\"(max-width: 300px) 100vw, 300px\" \/><\/li>\n<li>\u00a0La carrocer\u00eda del veh\u00edculo est\u00e1 equipada con puertas de pasajeros en la parte delantera y trasera, y la parte bisagrada es una puerta de emergencia. En caso de emergencia, puede escapar por la puerta de emergencia.<img loading=\"lazy\" decoding=\"async\" class=\"alignnone size-medium wp-image-1818\" src=\"http:\/\/www.zongdamining.com\/wp-content\/uploads\/2022\/12\/1700116156558-300x103.png\" alt=\"\" width=\"300\" height=\"103\" srcset=\"https:\/\/www.zongdamining.com\/wp-content\/uploads\/2022\/12\/1700116156558-300x103.png 300w, https:\/\/www.zongdamining.com\/wp-content\/uploads\/2022\/12\/1700116156558-600x206.png 600w, https:\/\/www.zongdamining.com\/wp-content\/uploads\/2022\/12\/1700116156558.png 666w\" sizes=\"(max-width: 300px) 100vw, 300px\" \/><\/li>\n<\/ol>","protected":false},"excerpt":{"rendered":"<p>El transporte subterr\u00e1neo de personal ZDRU-8k, ZDRU-10k y ZDRU-20k producido por ZONGDA se utiliza principalmente para el transporte subterr\u00e1neo de personal en minas. El sistema de potencia incluye motores Cummins, Xichai y Weichai.<\/p>","protected":false},"featured_media":1467,"comment_status":"open","ping_status":"closed","template":"","meta":{"_acf_changed":false},"product_brand":[],"product_cat":[15],"product_tag":[],"class_list":{"0":"post-1548","1":"product","2":"type-product","3":"status-publish","4":"has-post-thumbnail","6":"product_cat-trackless-mining-equipment","8":"first","9":"instock","10":"shipping-taxable","11":"product-type-simple"},"acf":[],"_links":{"self":[{"href":"https:\/\/www.zongdamining.com\/es\/wp-json\/wp\/v2\/product\/1548","targetHints":{"allow":["GET"]}}],"collection":[{"href":"https:\/\/www.zongdamining.com\/es\/wp-json\/wp\/v2\/product"}],"about":[{"href":"https:\/\/www.zongdamining.com\/es\/wp-json\/wp\/v2\/types\/product"}],"replies":[{"embeddable":true,"href":"https:\/\/www.zongdamining.com\/es\/wp-json\/wp\/v2\/comments?post=1548"}],"wp:featuredmedia":[{"embeddable":true,"href":"https:\/\/www.zongdamining.com\/es\/wp-json\/wp\/v2\/media\/1467"}],"wp:attachment":[{"href":"https:\/\/www.zongdamining.com\/es\/wp-json\/wp\/v2\/media?parent=1548"}],"wp:term":[{"taxonomy":"product_brand","embeddable":true,"href":"https:\/\/www.zongdamining.com\/es\/wp-json\/wp\/v2\/product_brand?post=1548"},{"taxonomy":"product_cat","embeddable":true,"href":"https:\/\/www.zongdamining.com\/es\/wp-json\/wp\/v2\/product_cat?post=1548"},{"taxonomy":"product_tag","embeddable":true,"href":"https:\/\/www.zongdamining.com\/es\/wp-json\/wp\/v2\/product_tag?post=1548"}],"curies":[{"name":"WP","href":"https:\/\/api.w.org\/{rel}","templated":true}]}}