{"id":1551,"date":"2022-12-12T16:01:09","date_gmt":"2022-12-12T08:01:09","guid":{"rendered":"http:\/\/www.zongdamining.com\/?post_type=product&#038;p=1551"},"modified":"2022-12-12T16:01:09","modified_gmt":"2022-12-12T08:01:09","slug":"underground-shotcrete-spraying-machine","status":"publish","type":"product","link":"https:\/\/www.zongdamining.com\/es\/product\/underground-shotcrete-spraying-machine\/","title":{"rendered":"M\u00e1quina de pulverizaci\u00f3n de hormig\u00f3n subterr\u00e1neo"},"content":{"rendered":"<p><img fetchpriority=\"high\" decoding=\"async\" class=\"alignnone wp-image-1547 size-full\" src=\"http:\/\/www.zongdamining.com\/wp-content\/uploads\/2022\/12\/underground-concrete-spraying-truck50382040108.jpg\" alt=\"\" width=\"730\" height=\"730\" srcset=\"https:\/\/www.zongdamining.com\/wp-content\/uploads\/2022\/12\/underground-concrete-spraying-truck50382040108.jpg 730w, https:\/\/www.zongdamining.com\/wp-content\/uploads\/2022\/12\/underground-concrete-spraying-truck50382040108-300x300.jpg 300w, https:\/\/www.zongdamining.com\/wp-content\/uploads\/2022\/12\/underground-concrete-spraying-truck50382040108-150x150.jpg 150w, https:\/\/www.zongdamining.com\/wp-content\/uploads\/2022\/12\/underground-concrete-spraying-truck50382040108-600x600.jpg 600w, https:\/\/www.zongdamining.com\/wp-content\/uploads\/2022\/12\/underground-concrete-spraying-truck50382040108-100x100.jpg 100w\" sizes=\"(max-width: 730px) 100vw, 730px\" \/><\/p>\n<p><strong>ZDPB20T<\/strong><\/p>\n<p>La m\u00e1quina de pulverizaci\u00f3n subterr\u00e1nea ZDPB20T es una herramienta de pulverizaci\u00f3n confiable con investigaci\u00f3n y desarrollo especiales sobre el endurecimiento superficial y la formaci\u00f3n de la capa de soporte de hormig\u00f3n basada en las condiciones de trabajo reales y las necesidades de la experiencia subterr\u00e1nea y exitosa de muchos carros dom\u00e9sticos de creta h\u00fameda y control autom\u00e1tico.  (Ver la imagen a la derecha para la forma del carrito).<\/p>\n<p><img decoding=\"async\" class=\"alignnone wp-image-1553 size-full\" src=\"http:\/\/www.zongdamining.com\/wp-content\/uploads\/2022\/12\/20200525165700fba69be9a1bb4029834084aca6ac1166.jpg\" alt=\"\" width=\"750\" height=\"618\" srcset=\"https:\/\/www.zongdamining.com\/wp-content\/uploads\/2022\/12\/20200525165700fba69be9a1bb4029834084aca6ac1166.jpg 750w, https:\/\/www.zongdamining.com\/wp-content\/uploads\/2022\/12\/20200525165700fba69be9a1bb4029834084aca6ac1166-300x247.jpg 300w, https:\/\/www.zongdamining.com\/wp-content\/uploads\/2022\/12\/20200525165700fba69be9a1bb4029834084aca6ac1166-600x494.jpg 600w\" sizes=\"(max-width: 750px) 100vw, 750px\" \/><\/p>\n<p><strong>Datos t\u00e9cnicos<\/strong><\/p>\n<p>&nbsp;<\/p>\n<table class=\"table\" border=\"0\" width=\"100%\" cellspacing=\"0\" cellpadding=\"0\">\n<tbody>\n<tr class=\"firstRow\">\n<td width=\"114\"><strong>Categor\u00eda<\/strong><\/td>\n<td width=\"114\"><strong>S.N<\/strong><\/td>\n<td width=\"153\"><strong>Art\u00edculo<\/strong><\/td>\n<td width=\"284\"><strong>ZDPB20T<\/strong><\/td>\n<\/tr>\n<tr>\n<td rowspan=\"12\" width=\"114\">Montaje de chasis<\/td>\n<td width=\"114\">1<\/td>\n<td width=\"153\">Dimensiones<\/td>\n<td width=\"284\">7462\u00d71997\u00d72463mm<\/td>\n<\/tr>\n<tr>\n<td width=\"114\">2<\/td>\n<td width=\"153\">Radio de giro<\/td>\n<td width=\"284\">Dentro 3870\/Fuera 6133mm<\/td>\n<\/tr>\n<tr>\n<td width=\"114\">3<\/td>\n<td width=\"153\">Motor<\/td>\n<td width=\"284\">Motor diesel Deutz<\/td>\n<\/tr>\n<tr>\n<td width=\"114\">4<\/td>\n<td width=\"153\">Potencia nominal<\/td>\n<td width=\"284\">103kw<\/td>\n<\/tr>\n<tr>\n<td width=\"114\">5<\/td>\n<td width=\"153\">Normas de emisi\u00f3n<\/td>\n<td width=\"284\">Norma nacional de emisi\u00f3n III<\/td>\n<\/tr>\n<tr>\n<td width=\"114\">6<\/td>\n<td width=\"153\">Forma de chasis<\/td>\n<td width=\"284\">Chasis bisagrado utilizado para minas<\/td>\n<\/tr>\n<tr>\n<td width=\"114\">7<\/td>\n<td width=\"153\">Formulario de transmisi\u00f3n<\/td>\n<td width=\"284\">Transmisi\u00f3n mec\u00e1nica hidr\u00e1ulica<\/td>\n<\/tr>\n<tr>\n<td width=\"114\">8<\/td>\n<td width=\"153\">Velocidad de conducci\u00f3n<\/td>\n<td width=\"284\">3 engranajes, 0-26km\/h<\/td>\n<\/tr>\n<tr>\n<td rowspan=\"3\" width=\"114\">9<\/td>\n<td rowspan=\"3\" width=\"153\">Sistema de frenado<\/td>\n<td width=\"284\">Freno de doble circuito h\u00famedo de cuatro ruedas:<\/td>\n<\/tr>\n<tr>\n<td width=\"284\">El freno de estacionamiento es el freno de muelle, liberaci\u00f3n hidr\u00e1ulica;<\/td>\n<\/tr>\n<tr>\n<td width=\"284\">El freno de servicio es el freno hidr\u00e1ulico, la liberaci\u00f3n del muelle.<\/td>\n<\/tr>\n<tr>\n<td width=\"114\">10<\/td>\n<td width=\"153\">Gradabilidad m\u00e1xima<\/td>\n<td width=\"284\">15 \u00b0<\/td>\n<\/tr>\n<\/tbody>\n<\/table>\n<p>&nbsp;<\/p>\n<p>&nbsp;<\/p>\n<p>&nbsp;<\/p>\n<table class=\"table\" border=\"0\" width=\"100%\" cellspacing=\"0\" cellpadding=\"0\">\n<tbody>\n<tr class=\"firstRow\">\n<td width=\"114\"><strong>Categor\u00eda<\/strong><\/td>\n<td width=\"114\"><strong>S.N<\/strong><\/td>\n<td width=\"153\"><strong>Art\u00edculo<\/strong><\/td>\n<td width=\"284\"><strong>CSPB20T<\/strong><\/td>\n<\/tr>\n<tr>\n<td rowspan=\"10\" width=\"114\">Sistema de inyecci\u00f3n de hormig\u00f3n<\/td>\n<td width=\"114\">1<\/td>\n<td width=\"153\">Formulario de transporte<\/td>\n<td width=\"284\">Control hidr\u00e1ulico tipo pist\u00f3n, conmutaci\u00f3n autom\u00e1tica de v\u00e1lvula de tubo de oscilaci\u00f3n S<\/td>\n<\/tr>\n<tr>\n<td width=\"114\">2<\/td>\n<td width=\"153\">Capacidad te\u00f3rica de bombeo<\/td>\n<td width=\"284\">20 m\u00b3\/h<\/td>\n<\/tr>\n<tr>\n<td width=\"114\">3<\/td>\n<td width=\"153\">Tama\u00f1o m\u00e1ximo de part\u00edcula permitido<\/td>\n<td width=\"284\">16 mm<\/td>\n<\/tr>\n<tr>\n<td width=\"114\">4<\/td>\n<td width=\"153\">Volumen de tolva<\/td>\n<td width=\"284\">520L<\/td>\n<\/tr>\n<tr>\n<td width=\"114\">5<\/td>\n<td width=\"153\">Altura de alimentaci\u00f3n<\/td>\n<td width=\"284\">1200 mil\u00edmetros<\/td>\n<\/tr>\n<tr>\n<td width=\"114\">6<\/td>\n<td width=\"153\">Control de brazo rob\u00f3tico<\/td>\n<td width=\"284\">Modo de control remoto completo hidr\u00e1ulico de cuatro secciones triple, cableado\/inal\u00e1mbrico<\/td>\n<\/tr>\n<tr>\n<td width=\"114\">7<\/td>\n<td width=\"153\">Altura m\u00e1xima de pulverizaci\u00f3n<\/td>\n<td width=\"284\">8 metros<\/td>\n<\/tr>\n<tr>\n<td width=\"114\">8<\/td>\n<td width=\"153\">Anchura m\u00e1xima de pulverizaci\u00f3n<\/td>\n<td width=\"284\">16 metros<\/td>\n<\/tr>\n<tr>\n<td width=\"114\">9<\/td>\n<td width=\"153\">Gama de pulverizaci\u00f3n de boquillas<\/td>\n<td width=\"284\">Con seis grados de libertad, chorro de rango esf\u00e9rico de 240 \u00b0 y cepillado autom\u00e1tico<\/td>\n<\/tr>\n<tr>\n<td width=\"114\">10<\/td>\n<td width=\"153\">Formulario de accionamiento<\/td>\n<td width=\"284\">Motor para accionamiento normal y motor diesel para accionamiento de emergencia<\/td>\n<\/tr>\n<\/tbody>\n<\/table>\n<p>&nbsp;<\/p>\n<p>&nbsp;<\/p>\n<table class=\"table\" border=\"0\" width=\"100%\" cellspacing=\"0\" cellpadding=\"0\">\n<tbody>\n<tr class=\"firstRow\">\n<td width=\"114\"><strong>Categor\u00eda<\/strong><\/td>\n<td width=\"114\"><strong>S.N<\/strong><\/td>\n<td width=\"153\"><strong>Art\u00edculo<\/strong><\/td>\n<td width=\"284\"><strong>ZDPB20T<\/strong><\/td>\n<\/tr>\n<tr>\n<td rowspan=\"5\" width=\"114\">Sistema de acelerador<\/td>\n<td width=\"114\">1<\/td>\n<td width=\"153\">Formulario<\/td>\n<td width=\"284\">Impulsado por el motor y el volumen de transporte es ajustable<\/td>\n<\/tr>\n<tr>\n<td width=\"114\">2<\/td>\n<td width=\"153\">Capacidad de llenado<\/td>\n<td width=\"284\">50-600L\/h<\/td>\n<\/tr>\n<tr>\n<td width=\"114\">3<\/td>\n<td width=\"153\">Acelerador<\/td>\n<td width=\"284\">Acelerador de l\u00edquido embotellado<\/td>\n<\/tr>\n<tr>\n<td width=\"114\">4<\/td>\n<td width=\"153\">Sistema de control<\/td>\n<td width=\"284\">Salida sincr\u00f3nica con volumen de bombeo de hormig\u00f3n, que es ajustable<\/td>\n<\/tr>\n<tr>\n<td width=\"114\">5<\/td>\n<td width=\"153\">Conexi\u00f3n con boquilla<\/td>\n<td width=\"284\">Entrada en ambos lados<\/td>\n<\/tr>\n<tr>\n<td rowspan=\"3\" width=\"114\">Sistema de limpieza<\/td>\n<td width=\"114\">6<\/td>\n<td width=\"153\">Formulario<\/td>\n<td width=\"284\">Bomba de \u00e9mbolo accionada hidr\u00e1ulicamente con pistola de agua de alta presi\u00f3n<\/td>\n<\/tr>\n<tr>\n<td width=\"114\">7<\/td>\n<td width=\"153\">Volumen del tanque<\/td>\n<td width=\"284\">130L<\/td>\n<\/tr>\n<tr>\n<td width=\"114\">8<\/td>\n<td width=\"153\">Capacidad de producci\u00f3n<\/td>\n<td width=\"284\">11L \/ min<\/td>\n<\/tr>\n<tr>\n<td rowspan=\"2\" width=\"114\">Compresor de aire<\/td>\n<td width=\"114\">9<\/td>\n<td width=\"153\">Formulario<\/td>\n<td width=\"284\">Motor de accionamiento, compresor de aire de tornillo<\/td>\n<\/tr>\n<tr>\n<td width=\"114\">10<\/td>\n<td width=\"153\">Suministro m\u00e1ximo de aire<\/td>\n<td width=\"284\">7,5 m\u00b3\/min<\/td>\n<\/tr>\n<\/tbody>\n<\/table>\n<p><img decoding=\"async\" class=\"alignnone wp-image-1552 size-full\" src=\"http:\/\/www.zongdamining.com\/wp-content\/uploads\/2022\/12\/20200525165703cf22348c83de4511aabfe9716cd5b33d.jpg\" alt=\"\" width=\"750\" height=\"750\" srcset=\"https:\/\/www.zongdamining.com\/wp-content\/uploads\/2022\/12\/20200525165703cf22348c83de4511aabfe9716cd5b33d.jpg 750w, https:\/\/www.zongdamining.com\/wp-content\/uploads\/2022\/12\/20200525165703cf22348c83de4511aabfe9716cd5b33d-300x300.jpg 300w, https:\/\/www.zongdamining.com\/wp-content\/uploads\/2022\/12\/20200525165703cf22348c83de4511aabfe9716cd5b33d-150x150.jpg 150w, https:\/\/www.zongdamining.com\/wp-content\/uploads\/2022\/12\/20200525165703cf22348c83de4511aabfe9716cd5b33d-600x600.jpg 600w, https:\/\/www.zongdamining.com\/wp-content\/uploads\/2022\/12\/20200525165703cf22348c83de4511aabfe9716cd5b33d-100x100.jpg 100w\" sizes=\"(max-width: 750px) 100vw, 750px\" \/><\/p>\n<p><strong>Sistema de inyecci\u00f3n &#8211; gama de funcionamiento<\/strong><\/p>\n<p><img loading=\"lazy\" decoding=\"async\" class=\"alignnone wp-image-1546 size-full\" src=\"http:\/\/www.zongdamining.com\/wp-content\/uploads\/2022\/12\/202005251652092146ead574dc4323a2b5d8640c5d8259.jpg\" alt=\"\" width=\"750\" height=\"750\" srcset=\"https:\/\/www.zongdamining.com\/wp-content\/uploads\/2022\/12\/202005251652092146ead574dc4323a2b5d8640c5d8259.jpg 750w, https:\/\/www.zongdamining.com\/wp-content\/uploads\/2022\/12\/202005251652092146ead574dc4323a2b5d8640c5d8259-300x300.jpg 300w, https:\/\/www.zongdamining.com\/wp-content\/uploads\/2022\/12\/202005251652092146ead574dc4323a2b5d8640c5d8259-150x150.jpg 150w, https:\/\/www.zongdamining.com\/wp-content\/uploads\/2022\/12\/202005251652092146ead574dc4323a2b5d8640c5d8259-600x600.jpg 600w, https:\/\/www.zongdamining.com\/wp-content\/uploads\/2022\/12\/202005251652092146ead574dc4323a2b5d8640c5d8259-100x100.jpg 100w\" sizes=\"(max-width: 750px) 100vw, 750px\" \/><\/p>","protected":false},"excerpt":{"rendered":"<p>La m\u00e1quina de pulverizaci\u00f3n subterr\u00e1nea ZDPB20T es una herramienta de pulverizaci\u00f3n confiable con investigaci\u00f3n y desarrollo especiales sobre el endurecimiento superficial y la formaci\u00f3n de la capa de soporte de hormig\u00f3n basada en las condiciones de trabajo reales y las necesidades de la experiencia subterr\u00e1nea y exitosa de muchos carros dom\u00e9sticos de creta h\u00fameda y control autom\u00e1tico.<\/p>","protected":false},"featured_media":1547,"comment_status":"open","ping_status":"closed","template":"","meta":{"_acf_changed":false},"product_brand":[],"product_cat":[15],"product_tag":[],"class_list":{"0":"post-1551","1":"product","2":"type-product","3":"status-publish","4":"has-post-thumbnail","6":"product_cat-trackless-mining-equipment","8":"first","9":"instock","10":"shipping-taxable","11":"product-type-simple"},"acf":[],"_links":{"self":[{"href":"https:\/\/www.zongdamining.com\/es\/wp-json\/wp\/v2\/product\/1551","targetHints":{"allow":["GET"]}}],"collection":[{"href":"https:\/\/www.zongdamining.com\/es\/wp-json\/wp\/v2\/product"}],"about":[{"href":"https:\/\/www.zongdamining.com\/es\/wp-json\/wp\/v2\/types\/product"}],"replies":[{"embeddable":true,"href":"https:\/\/www.zongdamining.com\/es\/wp-json\/wp\/v2\/comments?post=1551"}],"wp:featuredmedia":[{"embeddable":true,"href":"https:\/\/www.zongdamining.com\/es\/wp-json\/wp\/v2\/media\/1547"}],"wp:attachment":[{"href":"https:\/\/www.zongdamining.com\/es\/wp-json\/wp\/v2\/media?parent=1551"}],"wp:term":[{"taxonomy":"product_brand","embeddable":true,"href":"https:\/\/www.zongdamining.com\/es\/wp-json\/wp\/v2\/product_brand?post=1551"},{"taxonomy":"product_cat","embeddable":true,"href":"https:\/\/www.zongdamining.com\/es\/wp-json\/wp\/v2\/product_cat?post=1551"},{"taxonomy":"product_tag","embeddable":true,"href":"https:\/\/www.zongdamining.com\/es\/wp-json\/wp\/v2\/product_tag?post=1551"}],"curies":[{"name":"WP","href":"https:\/\/api.w.org\/{rel}","templated":true}]}}