{"id":1560,"date":"2022-12-12T16:08:59","date_gmt":"2022-12-12T08:08:59","guid":{"rendered":"http:\/\/www.zongdamining.com\/?post_type=product&#038;p=1560"},"modified":"2023-01-29T16:41:57","modified_gmt":"2023-01-29T08:41:57","slug":"fbd6-3-2x22-tunnel-fan-underground-mine-ventilation-blower","status":"publish","type":"product","link":"https:\/\/www.zongdamining.com\/es\/product\/fbd6-3-2x22-tunnel-fan-underground-mine-ventilation-blower\/","title":{"rendered":"Ventilador de t\u00fanel Fbd6.3\/2X22, soplador de ventilaci\u00f3n de mina subterr\u00e1nea"},"content":{"rendered":"<div>\n<p>Contamos con gesti\u00f3n y prueba de calidad profesional. Nuestros productos se producen a trav\u00e9s de un estricto sistema de control de calidad. Nuestra empresa se centra en ayudar a nuestros clientes a lograr un objetivo com\u00fan que es producir locomotora de bater\u00eda de mina de carb\u00f3n de mayor calidad, cargadora de roca, perforadora de roca subterr\u00e1nea a un precio bajo. Nuestra empresa siempre se ha centrado en la estrategia de &#8216; Tecnolog\u00eda para la eternidad, innovaci\u00f3n para el futuro&#8217; se adhiere a la tecnolog\u00eda orientada al mercado y sirve a los clientes globales con productos de alta calidad y excelentes servicios. Seguimos innovando y mejorando para hacer de nuestro negocio una parte de r\u00e1pido crecimiento de nuestra l\u00ednea, y ayudar a nuestros empleados a obtener ventajas y mejorar su autovalor. Esperamos tener relaciones de cooperaci\u00f3n a largo plazo con nuestros clientes. Nuestra empresa puede reducir efectivamente el inventario, mejorar la eficiencia operativa y la capacidad de respuesta al mercado y tener un profundo impacto en toda la gesti\u00f3n de la empresa.<\/p>\n<\/div>\n<div>\n<p><img fetchpriority=\"high\" decoding=\"async\" class=\"alignnone wp-image-1409 size-full\" src=\"http:\/\/www.zongdamining.com\/wp-content\/uploads\/2022\/12\/202005251737177cfa6404b79a4418b76a8de5ad2b504e.jpg\" alt=\"\" width=\"750\" height=\"750\" srcset=\"https:\/\/www.zongdamining.com\/wp-content\/uploads\/2022\/12\/202005251737177cfa6404b79a4418b76a8de5ad2b504e.jpg 750w, https:\/\/www.zongdamining.com\/wp-content\/uploads\/2022\/12\/202005251737177cfa6404b79a4418b76a8de5ad2b504e-300x300.jpg 300w, https:\/\/www.zongdamining.com\/wp-content\/uploads\/2022\/12\/202005251737177cfa6404b79a4418b76a8de5ad2b504e-150x150.jpg 150w, https:\/\/www.zongdamining.com\/wp-content\/uploads\/2022\/12\/202005251737177cfa6404b79a4418b76a8de5ad2b504e-600x600.jpg 600w, https:\/\/www.zongdamining.com\/wp-content\/uploads\/2022\/12\/202005251737177cfa6404b79a4418b76a8de5ad2b504e-100x100.jpg 100w\" sizes=\"(max-width: 750px) 100vw, 750px\" \/><\/p>\n<p><strong>Especificaci\u00f3n<\/strong><\/p>\n<p>Ventilador de ventilaci\u00f3n de t\u00fanel SDS utilizado para el sistema de ventilaci\u00f3n longitudinal del t\u00fanel, los ventiladores se instalan colgando en el techo superior del t\u00fanel o ambos lados, que no afectan al tr\u00e1fico, no hay necesidad de construir la manera de escape. Edificio de bajo costo, es ventiladores de ventilaci\u00f3n muy perfectos.<\/p>\n<p><strong>Caracter\u00edsticas principales<\/strong><\/p>\n<p>1) Estructura simple en tipo lineal, f\u00e1cil en instalaci\u00f3n y mantenimiento.<\/p>\n<p>2) Adoptando componentes de marca mundialmente famosos avanzados en partes neum\u00e1ticas, partes el\u00e9ctricas y partes de operaci\u00f3n.<\/p>\n<p>3) Cig\u00fce\u00f1al doble de alta presi\u00f3n para controlar la apertura y el cierre de la matriz.<\/p>\n<p>4) Ejecuci\u00f3n en una alta automatizaci\u00f3n e intelectualizaci\u00f3n, sin contaminaci\u00f3n<\/p>\n<p>5) Aplique un conector para conectarse con el transportador de aire, que puede alinearse directamente con la m\u00e1quina de llenado.<\/p>\n<p><strong>Estructura general del ventilador SDS<\/strong><\/p>\n<p>El ventilador SDS es una combinaci\u00f3n de ventilador de flujo axial y silenciador externo. El ventilador de chorro de t\u00fanel SDS se compone principalmente de amortiguador de entrada, motor principal, amortiguador de salida y motor.<\/p>\n<p><img decoding=\"async\" class=\"alignnone wp-image-1408 size-full\" src=\"http:\/\/www.zongdamining.com\/wp-content\/uploads\/2022\/12\/20200525173750c36c150db78c43a292cabb6855fdf9d5.jpg\" alt=\"\" width=\"750\" height=\"750\" srcset=\"https:\/\/www.zongdamining.com\/wp-content\/uploads\/2022\/12\/20200525173750c36c150db78c43a292cabb6855fdf9d5.jpg 750w, https:\/\/www.zongdamining.com\/wp-content\/uploads\/2022\/12\/20200525173750c36c150db78c43a292cabb6855fdf9d5-300x300.jpg 300w, https:\/\/www.zongdamining.com\/wp-content\/uploads\/2022\/12\/20200525173750c36c150db78c43a292cabb6855fdf9d5-150x150.jpg 150w, https:\/\/www.zongdamining.com\/wp-content\/uploads\/2022\/12\/20200525173750c36c150db78c43a292cabb6855fdf9d5-600x600.jpg 600w, https:\/\/www.zongdamining.com\/wp-content\/uploads\/2022\/12\/20200525173750c36c150db78c43a292cabb6855fdf9d5-100x100.jpg 100w\" sizes=\"(max-width: 750px) 100vw, 750px\" \/><\/p>\n<p>El ventilador de t\u00fanel de alta eficiencia y bajo ruido de la serie SDF se compone de tres secciones: secci\u00f3n de silenciador de admisi\u00f3n (colector de aire, red protectora, deflector, rejilla rectificadora, silenciador); secci\u00f3n del ventilador (carcasa, impulsor (cuchilla m\u00f3vil), cuchilla estacionaria (cuchilla gu\u00eda), motor); secci\u00f3n de silenciador de salida (silenciador de salida).<\/p>\n<p>1) Impulsor (cuchilla m\u00f3vil): se compone de cuchilla y cubo. El cubo est\u00e1 hecho de acero fundido zg230-450. La cuchilla es una cuchilla de hoja de aire ajustable hecha de fundici\u00f3n de precisi\u00f3n de aleaci\u00f3n de aluminio y silicio ZL104. La ra\u00edz y la cola de la cuchilla est\u00e1n dise\u00f1adas. La fundici\u00f3n de proceso agrega estricta correcci\u00f3n de equilibrio est\u00e1tico y din\u00e1mico, prueba de velocidad excesiva, operaci\u00f3n estable y fiable.<\/p>\n<p>2) Parte de la carcasa: est\u00e1 hecha de placa de acero ordinaria por soldadura, y el cilindro interior est\u00e1 equipado con paleta de gu\u00eda trasera est\u00e1tica, que se trata eliminando la tensi\u00f3n de soldadura.<\/p>\n<p><img decoding=\"async\" class=\"alignnone wp-image-1561 size-full\" src=\"http:\/\/www.zongdamining.com\/wp-content\/uploads\/2022\/12\/202005251738019b92d8b24ac94bffbff9fff5de631363-1.jpg\" alt=\"\" width=\"750\" height=\"750\" srcset=\"https:\/\/www.zongdamining.com\/wp-content\/uploads\/2022\/12\/202005251738019b92d8b24ac94bffbff9fff5de631363-1.jpg 750w, https:\/\/www.zongdamining.com\/wp-content\/uploads\/2022\/12\/202005251738019b92d8b24ac94bffbff9fff5de631363-1-300x300.jpg 300w, https:\/\/www.zongdamining.com\/wp-content\/uploads\/2022\/12\/202005251738019b92d8b24ac94bffbff9fff5de631363-1-150x150.jpg 150w, https:\/\/www.zongdamining.com\/wp-content\/uploads\/2022\/12\/202005251738019b92d8b24ac94bffbff9fff5de631363-1-600x600.jpg 600w, https:\/\/www.zongdamining.com\/wp-content\/uploads\/2022\/12\/202005251738019b92d8b24ac94bffbff9fff5de631363-1-100x100.jpg 100w\" sizes=\"(max-width: 750px) 100vw, 750px\" \/><\/p>\n<\/div>\n<div><\/div>\n<div>\n<p>Con el esp\u00edritu de alta calidad, excelente servicio y desarrollo, prestamos atenci\u00f3n a los detalles y perseguimos conceptos de gesti\u00f3n perfectos para producir ventilador de t\u00fanel Fbd6.3 \/ 2X22, soplador de ventilaci\u00f3n de mina subterr\u00e1nea con rendimiento estable y fiable. Crearemos un sistema de marketing moderno para usted, incluyendo el desarrollo del mercado, la gesti\u00f3n de ventas, la gesti\u00f3n de la satisfacci\u00f3n del cliente, la formaci\u00f3n profesional del personal, la innovaci\u00f3n del modelo de ganancias y otros sistemas. Mejoramos de manera integral la previsi\u00f3n y la sistematicidad de la gesti\u00f3n de riesgos, controlamos estrictamente, prevenemos y evitamos riesgos empresariales, para mejorar continuamente el valor de la empresa.<\/p>\n<\/div>","protected":false},"excerpt":{"rendered":"<p>Ventilador de ventilaci\u00f3n de t\u00fanel SDS utilizado para el sistema de ventilaci\u00f3n longitudinal del t\u00fanel, los ventiladores se instalan colgando en el techo superior del t\u00fanel o ambos lados, que no afectan al tr\u00e1fico, no hay necesidad de construir la manera de escape.<\/p>","protected":false},"featured_media":1296,"comment_status":"open","ping_status":"closed","template":"","meta":{"_acf_changed":false},"product_brand":[],"product_cat":[28],"product_tag":[],"class_list":{"0":"post-1560","1":"product","2":"type-product","3":"status-publish","4":"has-post-thumbnail","6":"product_cat-underground-ventilation-systems","8":"first","9":"instock","10":"shipping-taxable","11":"product-type-simple"},"acf":[],"_links":{"self":[{"href":"https:\/\/www.zongdamining.com\/es\/wp-json\/wp\/v2\/product\/1560","targetHints":{"allow":["GET"]}}],"collection":[{"href":"https:\/\/www.zongdamining.com\/es\/wp-json\/wp\/v2\/product"}],"about":[{"href":"https:\/\/www.zongdamining.com\/es\/wp-json\/wp\/v2\/types\/product"}],"replies":[{"embeddable":true,"href":"https:\/\/www.zongdamining.com\/es\/wp-json\/wp\/v2\/comments?post=1560"}],"wp:featuredmedia":[{"embeddable":true,"href":"https:\/\/www.zongdamining.com\/es\/wp-json\/wp\/v2\/media\/1296"}],"wp:attachment":[{"href":"https:\/\/www.zongdamining.com\/es\/wp-json\/wp\/v2\/media?parent=1560"}],"wp:term":[{"taxonomy":"product_brand","embeddable":true,"href":"https:\/\/www.zongdamining.com\/es\/wp-json\/wp\/v2\/product_brand?post=1560"},{"taxonomy":"product_cat","embeddable":true,"href":"https:\/\/www.zongdamining.com\/es\/wp-json\/wp\/v2\/product_cat?post=1560"},{"taxonomy":"product_tag","embeddable":true,"href":"https:\/\/www.zongdamining.com\/es\/wp-json\/wp\/v2\/product_tag?post=1560"}],"curies":[{"name":"WP","href":"https:\/\/api.w.org\/{rel}","templated":true}]}}