{"id":1567,"date":"2022-12-12T16:15:23","date_gmt":"2022-12-12T08:15:23","guid":{"rendered":"http:\/\/www.zongdamining.com\/?post_type=product&#038;p=1567"},"modified":"2022-12-16T11:07:35","modified_gmt":"2022-12-16T03:07:35","slug":"underground-lhd-loader","status":"publish","type":"product","link":"https:\/\/www.zongdamining.com\/es\/product\/underground-lhd-loader\/","title":{"rendered":"Cargador LHD subterr\u00e1neo"},"content":{"rendered":"<p><img fetchpriority=\"high\" decoding=\"async\" class=\"alignnone wp-image-1511 size-full\" src=\"http:\/\/www.zongdamining.com\/wp-content\/uploads\/2022\/12\/underground-lhd-loader34383763888.jpg\" alt=\"\" width=\"730\" height=\"730\" srcset=\"https:\/\/www.zongdamining.com\/wp-content\/uploads\/2022\/12\/underground-lhd-loader34383763888.jpg 730w, https:\/\/www.zongdamining.com\/wp-content\/uploads\/2022\/12\/underground-lhd-loader34383763888-300x300.jpg 300w, https:\/\/www.zongdamining.com\/wp-content\/uploads\/2022\/12\/underground-lhd-loader34383763888-150x150.jpg 150w, https:\/\/www.zongdamining.com\/wp-content\/uploads\/2022\/12\/underground-lhd-loader34383763888-600x600.jpg 600w, https:\/\/www.zongdamining.com\/wp-content\/uploads\/2022\/12\/underground-lhd-loader34383763888-100x100.jpg 100w\" sizes=\"(max-width: 730px) 100vw, 730px\" \/><\/p>\n<p><strong>Datos t\u00e9cnicos<\/strong><\/p>\n<p>La cargadora LHD subterr\u00e1nea ZONGDA se utiliza especialmente en la carga y el transporte de material no carb\u00f3n despu\u00e9s de explotar bajo la mina. Se requiere que el entorno sea un t\u00fanel sin material explosivo, firme en el plano trasero, ventilaci\u00f3n adecuada y techo y carretera sin piedra p\u00f3mez.<\/p>\n<p>Tambi\u00e9n se puede usar en proyectos de t\u00fanel como ferrocarril y carretera, especialmente aquellos mal estado de trabajo, \u00e1rea de trabajo estrecha, plataforma de trabajo baja y sucia. La m\u00e1quina utiliza el motor de combusti\u00f3n DEUTZ de dos pasos m\u00e1s avanzado, con refrigeraci\u00f3n por viento y bajo nivel de NOx, con purificador de escape seco de platino de Canad\u00e1. El sistema de accionamiento utiliza el convertidor de par hidr\u00e1ulico CLARK y la transmisi\u00f3n de cambio de potencia, f\u00e1cil de manejar y funcionando establemente. El sistema de frenado utiliza sistema de frenado doble hidr\u00e1ulico, con freno multi-disco de tipo h\u00famedo y diferencial antideslizante NO-SPIN de EE.UU. para asegurarse de la seguridad en un entorno de trabajo malo. Las piezas de repuesto del sistema hidr\u00e1ulico utilizan piezas COMERCIALES, todo desv\u00edo hidr\u00e1ulico y control manual. El marco principal bien dise\u00f1ado y el mecanismo de seis barras aseguran la buena forma y la alta eficiencia.<\/p>\n<p><img decoding=\"async\" class=\"alignnone wp-image-1509 size-full\" src=\"http:\/\/www.zongdamining.com\/wp-content\/uploads\/2022\/12\/202004201737327bf7e68c1c304b70a0fc9e554400624c.jpg\" alt=\"\" width=\"750\" height=\"750\" srcset=\"https:\/\/www.zongdamining.com\/wp-content\/uploads\/2022\/12\/202004201737327bf7e68c1c304b70a0fc9e554400624c.jpg 750w, https:\/\/www.zongdamining.com\/wp-content\/uploads\/2022\/12\/202004201737327bf7e68c1c304b70a0fc9e554400624c-300x300.jpg 300w, https:\/\/www.zongdamining.com\/wp-content\/uploads\/2022\/12\/202004201737327bf7e68c1c304b70a0fc9e554400624c-150x150.jpg 150w, https:\/\/www.zongdamining.com\/wp-content\/uploads\/2022\/12\/202004201737327bf7e68c1c304b70a0fc9e554400624c-600x600.jpg 600w, https:\/\/www.zongdamining.com\/wp-content\/uploads\/2022\/12\/202004201737327bf7e68c1c304b70a0fc9e554400624c-100x100.jpg 100w\" sizes=\"(max-width: 750px) 100vw, 750px\" \/><\/p>\n<p>El Diesel LHD tiene una capacidad de 4 toneladas. Est\u00e1 impulsado por el motor DEUTZ BF4L914, mejora la productividad y el t\u00fanel subterr\u00e1neo, y reduce la contaminaci\u00f3n de manera eficiente.<\/p>\n<p><strong>Caracter\u00edsticas<\/strong><\/p>\n<p>\u25c6  Se adoptan el convertidor de par hidr\u00e1ulico Dana y la caja de cambios de cambio de potencia.<\/p>\n<p>\u25c6  El freno multidisco h\u00famedo totalmente cerrado, el freno de muelle y los frenos de liberaci\u00f3n hidr\u00e1ulica se utilizan para el freno de trabajo.<\/p>\n<p>\u25c6  El diferencial antideslizante sin giro importado de los Estados Unidos se adopta para el eje delantero.<\/p>\n<p>\u25c6  El marco de oscilaci\u00f3n tipo caja se adopta para el oscilaci\u00f3n del eje trasero, lo que reduce la tasa de falla.<\/p>\n<p>\u25c6  La cargadora LHD subterr\u00e1nea ZONGDA adopta bisagra central, direcci\u00f3n asistida hidr\u00e1ulica completa.<\/p>\n<p><img decoding=\"async\" class=\"alignnone wp-image-1510 size-full\" src=\"http:\/\/www.zongdamining.com\/wp-content\/uploads\/2022\/12\/20200420173738999b3ef8f314439d816584608d7bc091.jpg\" alt=\"\" width=\"750\" height=\"750\" srcset=\"https:\/\/www.zongdamining.com\/wp-content\/uploads\/2022\/12\/20200420173738999b3ef8f314439d816584608d7bc091.jpg 750w, https:\/\/www.zongdamining.com\/wp-content\/uploads\/2022\/12\/20200420173738999b3ef8f314439d816584608d7bc091-300x300.jpg 300w, https:\/\/www.zongdamining.com\/wp-content\/uploads\/2022\/12\/20200420173738999b3ef8f314439d816584608d7bc091-150x150.jpg 150w, https:\/\/www.zongdamining.com\/wp-content\/uploads\/2022\/12\/20200420173738999b3ef8f314439d816584608d7bc091-600x600.jpg 600w, https:\/\/www.zongdamining.com\/wp-content\/uploads\/2022\/12\/20200420173738999b3ef8f314439d816584608d7bc091-100x100.jpg 100w\" sizes=\"(max-width: 750px) 100vw, 750px\" \/><\/p>\n<p><strong>Datos t\u00e9cnicos<\/strong><\/p>\n<div class=\"table-responsive\">\n<table class=\"table\" border=\"0\" width=\"100%\" cellspacing=\"0\" cellpadding=\"0\">\n<tbody>\n<tr class=\"firstRow\">\n<td width=\"181\">Capacidad nominal del cubo<\/td>\n<td width=\"181\">2 m\u00b3<\/td>\n<td width=\"181\">Velocidad de ejecuci\u00f3n<\/td>\n<td width=\"181\">0-18 m\/h<\/td>\n<\/tr>\n<tr>\n<td width=\"181\">Carga \u00fatil nominal<\/td>\n<td width=\"181\">4T<\/td>\n<td width=\"181\">Min. despacho<\/td>\n<td width=\"181\">280mm<\/td>\n<\/tr>\n<tr>\n<td width=\"181\">Fuerza de ruptura m\u00e1xima<\/td>\n<td width=\"181\">102KN<\/td>\n<td width=\"181\">\u00c1ngulo de direcci\u00f3n m\u00e1ximo<\/td>\n<td width=\"181\">\u00b1 42 \u00b0<\/td>\n<\/tr>\n<tr>\n<td width=\"181\">Fuerza de tracci\u00f3n m\u00e1xima<\/td>\n<td width=\"181\">104KN<\/td>\n<td width=\"181\">\u00c1ngulo de oscilaci\u00f3n del eje trasero<\/td>\n<td width=\"181\">\u00b1 7 \u00b0<\/td>\n<\/tr>\n<tr>\n<td width=\"181\">Altura m\u00e1xima de vertido<\/td>\n<td width=\"181\">1743mm<\/td>\n<td width=\"181\">\u00c1ngulo de salida<\/td>\n<td width=\"181\">16 \u00b0<\/td>\n<\/tr>\n<tr>\n<td width=\"181\">M\u00e1x. Gradabilidad<\/td>\n<td width=\"181\">\u2264 20 \u00b0<\/td>\n<td width=\"181\">Tipo de neum\u00e1tico<\/td>\n<td width=\"181\">12.00-24<\/td>\n<\/tr>\n<tr>\n<td width=\"181\">Altura m\u00ednima de vertido<\/td>\n<td width=\"181\">860 mm<\/td>\n<td width=\"181\">Base de ruedas<\/td>\n<td width=\"181\">2540 mm<\/td>\n<\/tr>\n<tr>\n<td rowspan=\"2\" width=\"181\">Radio de giro m\u00ednimo<\/td>\n<td width=\"181\">4980 (Exterior)<\/td>\n<td rowspan=\"2\" width=\"181\">Motor<\/td>\n<td width=\"181\">Deutz BF4L914<\/td>\n<\/tr>\n<tr>\n<td width=\"181\">2500 (interior)<\/td>\n<td width=\"181\">Deutz BF4M1013EC<\/td>\n<\/tr>\n<tr>\n<td width=\"181\">Dimensiones exteriores<\/td>\n<td width=\"181\">6900*1770*2050 mm\u00b3<\/td>\n<td width=\"181\">Peso de operaci\u00f3n<\/td>\n<td width=\"181\">12.5T<\/td>\n<\/tr>\n<\/tbody>\n<\/table>\n<\/div>\n<p><img loading=\"lazy\" decoding=\"async\" class=\"alignnone wp-image-1514 size-full\" src=\"http:\/\/www.zongdamining.com\/wp-content\/uploads\/2022\/12\/202004201738356ffa6b7706d84702a7a3b12380317ad6.jpg\" alt=\"\" width=\"750\" height=\"415\" srcset=\"https:\/\/www.zongdamining.com\/wp-content\/uploads\/2022\/12\/202004201738356ffa6b7706d84702a7a3b12380317ad6.jpg 750w, https:\/\/www.zongdamining.com\/wp-content\/uploads\/2022\/12\/202004201738356ffa6b7706d84702a7a3b12380317ad6-300x166.jpg 300w, https:\/\/www.zongdamining.com\/wp-content\/uploads\/2022\/12\/202004201738356ffa6b7706d84702a7a3b12380317ad6-600x332.jpg 600w\" sizes=\"(max-width: 750px) 100vw, 750px\" \/><\/p>\n<p><img loading=\"lazy\" decoding=\"async\" class=\"alignnone wp-image-1513 size-full\" src=\"http:\/\/www.zongdamining.com\/wp-content\/uploads\/2022\/12\/202004201738390ed35f4107b940d98b2c15ae93b2e7d8.jpg\" alt=\"\" width=\"750\" height=\"468\" srcset=\"https:\/\/www.zongdamining.com\/wp-content\/uploads\/2022\/12\/202004201738390ed35f4107b940d98b2c15ae93b2e7d8.jpg 750w, https:\/\/www.zongdamining.com\/wp-content\/uploads\/2022\/12\/202004201738390ed35f4107b940d98b2c15ae93b2e7d8-300x187.jpg 300w, https:\/\/www.zongdamining.com\/wp-content\/uploads\/2022\/12\/202004201738390ed35f4107b940d98b2c15ae93b2e7d8-600x374.jpg 600w\" sizes=\"(max-width: 750px) 100vw, 750px\" \/><\/p>","protected":false},"excerpt":{"rendered":"<p>La cargadora LHD subterr\u00e1nea ZONGDA se utiliza especialmente en la carga y el transporte de material no carb\u00f3n despu\u00e9s de explotar bajo la mina. Se requiere que el entorno sea un t\u00fanel sin material explosivo, firme en el plano trasero, ventilaci\u00f3n adecuada y techo y carretera sin piedra p\u00f3mez.<\/p>","protected":false},"featured_media":1511,"comment_status":"open","ping_status":"closed","template":"","meta":{"_acf_changed":false},"product_brand":[],"product_cat":[15],"product_tag":[],"class_list":{"0":"post-1567","1":"product","2":"type-product","3":"status-publish","4":"has-post-thumbnail","6":"product_cat-trackless-mining-equipment","8":"first","9":"instock","10":"shipping-taxable","11":"product-type-simple"},"acf":[],"_links":{"self":[{"href":"https:\/\/www.zongdamining.com\/es\/wp-json\/wp\/v2\/product\/1567","targetHints":{"allow":["GET"]}}],"collection":[{"href":"https:\/\/www.zongdamining.com\/es\/wp-json\/wp\/v2\/product"}],"about":[{"href":"https:\/\/www.zongdamining.com\/es\/wp-json\/wp\/v2\/types\/product"}],"replies":[{"embeddable":true,"href":"https:\/\/www.zongdamining.com\/es\/wp-json\/wp\/v2\/comments?post=1567"}],"wp:featuredmedia":[{"embeddable":true,"href":"https:\/\/www.zongdamining.com\/es\/wp-json\/wp\/v2\/media\/1511"}],"wp:attachment":[{"href":"https:\/\/www.zongdamining.com\/es\/wp-json\/wp\/v2\/media?parent=1567"}],"wp:term":[{"taxonomy":"product_brand","embeddable":true,"href":"https:\/\/www.zongdamining.com\/es\/wp-json\/wp\/v2\/product_brand?post=1567"},{"taxonomy":"product_cat","embeddable":true,"href":"https:\/\/www.zongdamining.com\/es\/wp-json\/wp\/v2\/product_cat?post=1567"},{"taxonomy":"product_tag","embeddable":true,"href":"https:\/\/www.zongdamining.com\/es\/wp-json\/wp\/v2\/product_tag?post=1567"}],"curies":[{"name":"WP","href":"https:\/\/api.w.org\/{rel}","templated":true}]}}