{"id":1568,"date":"2022-12-12T16:19:32","date_gmt":"2022-12-12T08:19:32","guid":{"rendered":"http:\/\/www.zongdamining.com\/?post_type=product&#038;p=1568"},"modified":"2026-01-27T09:50:53","modified_gmt":"2026-01-27T01:50:53","slug":"12ton-underground-mining-dump-truck-ku-12","status":"publish","type":"product","link":"https:\/\/www.zongdamining.com\/es\/product\/12ton-underground-mining-dump-truck-ku-12\/","title":{"rendered":"Cami\u00f3n de vertido de miner\u00eda subterr\u00e1nea de 12 toneladas (KU-12)"},"content":{"rendered":"<div>\n<p>Como una de las empresas&#8217; Productos principales, Loco minero subterr\u00e1neo a prueba de llama, M\u00e1quina de pulverizaci\u00f3n de hormig\u00f3n subterr\u00e1neo a prueba de llama, Material Air Cannons tiene ventajas de precio obvias sobre sus pares y cultiv\u00f3 un grupo de viejos clientes que se apoyan unos a otros, lo que hace que nuestras ventas contin\u00faen aumentando y se vuelvan estables. Puedes encontrar el precio m\u00e1s bajo aqu\u00ed. Nuestra red de servicios de ventas est\u00e1 en todo el mundo para garantizar que las mercanc\u00edas se entreguen a los clientes en el menor tiempo posible.<\/p>\n<\/div>\n<div>\n<p><img fetchpriority=\"high\" decoding=\"async\" class=\"alignnone wp-image-1571 size-full\" src=\"http:\/\/www.zongdamining.com\/wp-content\/uploads\/2022\/12\/underground-dump-truck03369135924.jpg\" alt=\"\" width=\"730\" height=\"730\" srcset=\"https:\/\/www.zongdamining.com\/wp-content\/uploads\/2022\/12\/underground-dump-truck03369135924.jpg 730w, https:\/\/www.zongdamining.com\/wp-content\/uploads\/2022\/12\/underground-dump-truck03369135924-300x300.jpg 300w, https:\/\/www.zongdamining.com\/wp-content\/uploads\/2022\/12\/underground-dump-truck03369135924-150x150.jpg 150w, https:\/\/www.zongdamining.com\/wp-content\/uploads\/2022\/12\/underground-dump-truck03369135924-600x600.jpg 600w, https:\/\/www.zongdamining.com\/wp-content\/uploads\/2022\/12\/underground-dump-truck03369135924-100x100.jpg 100w\" sizes=\"(max-width: 730px) 100vw, 730px\" \/><\/p>\n<p><strong>Caracter\u00edsticas del ZDDK-20<\/strong><\/p>\n<p>Cami\u00f3n de vertido subterr\u00e1neo<\/p>\n<p>Carga nominal de 20t, adecuada para t\u00fanel \u22654.5\u00d74.5m<\/p>\n<p>Adoptar marco articulado central<\/p>\n<p>Elevaci\u00f3n de doble cilindro para el cubo<\/p>\n<p>El veh\u00edculo adopta el sistema de control hidr\u00e1ulico completo, que garantiza bien la seguridad, la comodidad y la durabilidad del control.<\/p>\n<p><img decoding=\"async\" class=\"alignnone wp-image-1453 size-full\" src=\"http:\/\/www.zongdamining.com\/wp-content\/uploads\/2022\/12\/underground-mining-truck38176055494.jpg\" alt=\"\" width=\"730\" height=\"730\" srcset=\"https:\/\/www.zongdamining.com\/wp-content\/uploads\/2022\/12\/underground-mining-truck38176055494.jpg 730w, https:\/\/www.zongdamining.com\/wp-content\/uploads\/2022\/12\/underground-mining-truck38176055494-300x300.jpg 300w, https:\/\/www.zongdamining.com\/wp-content\/uploads\/2022\/12\/underground-mining-truck38176055494-150x150.jpg 150w, https:\/\/www.zongdamining.com\/wp-content\/uploads\/2022\/12\/underground-mining-truck38176055494-600x600.jpg 600w, https:\/\/www.zongdamining.com\/wp-content\/uploads\/2022\/12\/underground-mining-truck38176055494-100x100.jpg 100w\" sizes=\"(max-width: 730px) 100vw, 730px\" \/><\/p>\n<p><strong>Par\u00e1metro y especificaci\u00f3n del modelo est\u00e1ndar<\/strong><\/p>\n<div class=\"table-responsive\">\n<table class=\"table\" border=\"0\" width=\"100%\" cellspacing=\"0\" cellpadding=\"0\">\n<tbody>\n<tr class=\"firstRow\">\n<td width=\"176\">Dimensiones<\/td>\n<td width=\"437\">9050\uff08\u00b1100\uff09mm\u00d72280\uff08\u00b150\uff09mm\u00d72400\uff08\u00b150\uff09mm<\/td>\n<\/tr>\n<tr>\n<td width=\"176\">Motor<\/td>\n<td width=\"437\">DEUTZ F12L413FW \/ 204kW (VOLVO TAD853VE \/ 235KW opcional)<\/td>\n<\/tr>\n<tr>\n<td width=\"176\">Convertidor de torsi\u00f3n<\/td>\n<td width=\"437\">DANA C5000<\/td>\n<\/tr>\n<tr>\n<td width=\"176\">Transmisi\u00f3n<\/td>\n<td width=\"437\">DANA R36000<\/td>\n<\/tr>\n<tr>\n<td width=\"168\">Eje de accionamiento<\/td>\n<td width=\"437\">KESSLER Alemania<\/td>\n<\/tr>\n<tr>\n<td width=\"168\">cubo<\/td>\n<td width=\"437\">10m\u00b3<\/td>\n<\/tr>\n<tr>\n<td width=\"168\">Carga nominal<\/td>\n<td width=\"437\">20 toneladas<\/td>\n<\/tr>\n<tr>\n<td width=\"168\">Peso de descarga<\/td>\n<td width=\"437\">20.8t<\/td>\n<\/tr>\n<tr>\n<td width=\"168\">Capacidad de escalada<\/td>\n<td width=\"437\">15 \u00b0<\/td>\n<\/tr>\n<tr>\n<td width=\"168\">Min.Ground Liberaci\u00f3n<\/td>\n<td width=\"437\">340 mm<\/td>\n<\/tr>\n<tr>\n<td width=\"168\">Velocidad<\/td>\n<td width=\"437\">0-30.9km\/h<\/td>\n<\/tr>\n<tr>\n<td width=\"168\">\u00c1ngulo de giro<\/td>\n<td width=\"437\">\u00b1 42 \u00b0<\/td>\n<\/tr>\n<tr>\n<td width=\"168\">\u00c1ngulo de uni\u00f3n<\/td>\n<td width=\"437\">\u00b1 8 \u00b0<\/td>\n<\/tr>\n<tr>\n<td rowspan=\"3\" width=\"168\">Radio de direcci\u00f3n m\u00ednimo<\/td>\n<td width=\"437\">5105 (\u00b150) mm (dentro)<\/td>\n<\/tr>\n<tr>\n<td colspan=\"1\" rowspan=\"2\" width=\"437\">8275 (\u00b150) mm (fuera)<\/td>\n<\/tr>\n<\/tbody>\n<\/table>\n<\/div>\n<p><img decoding=\"async\" class=\"alignnone wp-image-1570 size-full\" src=\"http:\/\/www.zongdamining.com\/wp-content\/uploads\/2022\/12\/202004210902414f0b47be6ec3458f8369f7f7c8193642.jpg\" alt=\"\" width=\"750\" height=\"712\" srcset=\"https:\/\/www.zongdamining.com\/wp-content\/uploads\/2022\/12\/202004210902414f0b47be6ec3458f8369f7f7c8193642.jpg 750w, https:\/\/www.zongdamining.com\/wp-content\/uploads\/2022\/12\/202004210902414f0b47be6ec3458f8369f7f7c8193642-300x285.jpg 300w, https:\/\/www.zongdamining.com\/wp-content\/uploads\/2022\/12\/202004210902414f0b47be6ec3458f8369f7f7c8193642-600x570.jpg 600w\" sizes=\"(max-width: 750px) 100vw, 750px\" \/><\/p>\n<\/div>\n<div><\/div>\n<div>\n<p>Buscamos la excelencia, nos esforzamos por la perfecci\u00f3n en cada uno de sus productos, ser meticulosos y proporcionarle el mejor cami\u00f3n de vertidero de miner\u00eda subterr\u00e1nea de 12 toneladas (KU-12). Con el fin de permitir a los usuarios disfrutar de servicios de apoyo completos, consulta t\u00e9cnica perfecta y servicio posventa perfecto, nuestros productos y servicios se han actualizado continuamente a lo largo de los a\u00f1os, que ha recibido elogios un\u00e1nimes! Al estar centrados en el cliente, hemos implementado un sistema de respuesta r\u00e1pido, eficiente e integral para atender a los clientes en un plazo de 24 horas.<\/p>\n<\/div>","protected":false},"excerpt":{"rendered":"<p>Carga nominal de 20t, adecuada para t\u00fanel \u22654.5 \u00d7 4.5m. Adoptar marco articulado central<\/p>","protected":false},"featured_media":1571,"comment_status":"open","ping_status":"closed","template":"","meta":{"_acf_changed":false},"product_brand":[],"product_cat":[15],"product_tag":[],"class_list":{"0":"post-1568","1":"product","2":"type-product","3":"status-publish","4":"has-post-thumbnail","6":"product_cat-trackless-mining-equipment","8":"first","9":"instock","10":"shipping-taxable","11":"product-type-simple"},"acf":[],"_links":{"self":[{"href":"https:\/\/www.zongdamining.com\/es\/wp-json\/wp\/v2\/product\/1568","targetHints":{"allow":["GET"]}}],"collection":[{"href":"https:\/\/www.zongdamining.com\/es\/wp-json\/wp\/v2\/product"}],"about":[{"href":"https:\/\/www.zongdamining.com\/es\/wp-json\/wp\/v2\/types\/product"}],"replies":[{"embeddable":true,"href":"https:\/\/www.zongdamining.com\/es\/wp-json\/wp\/v2\/comments?post=1568"}],"wp:featuredmedia":[{"embeddable":true,"href":"https:\/\/www.zongdamining.com\/es\/wp-json\/wp\/v2\/media\/1571"}],"wp:attachment":[{"href":"https:\/\/www.zongdamining.com\/es\/wp-json\/wp\/v2\/media?parent=1568"}],"wp:term":[{"taxonomy":"product_brand","embeddable":true,"href":"https:\/\/www.zongdamining.com\/es\/wp-json\/wp\/v2\/product_brand?post=1568"},{"taxonomy":"product_cat","embeddable":true,"href":"https:\/\/www.zongdamining.com\/es\/wp-json\/wp\/v2\/product_cat?post=1568"},{"taxonomy":"product_tag","embeddable":true,"href":"https:\/\/www.zongdamining.com\/es\/wp-json\/wp\/v2\/product_tag?post=1568"}],"curies":[{"name":"WP","href":"https:\/\/api.w.org\/{rel}","templated":true}]}}