{"id":1575,"date":"2022-12-12T16:26:57","date_gmt":"2022-12-12T08:26:57","guid":{"rendered":"http:\/\/www.zongdamining.com\/?post_type=product&#038;p=1575"},"modified":"2026-01-27T10:01:56","modified_gmt":"2026-01-27T02:01:56","slug":"underground-electric-loader","status":"publish","type":"product","link":"https:\/\/www.zongdamining.com\/es\/product\/underground-electric-loader\/","title":{"rendered":"Cargadora el\u00e9ctrica subterr\u00e1nea ZDL202EC"},"content":{"rendered":"<p><img fetchpriority=\"high\" decoding=\"async\" class=\"alignnone wp-image-1576 size-full\" src=\"http:\/\/www.zongdamining.com\/wp-content\/uploads\/2022\/12\/underground-electric-loader39386419673-1.jpg\" alt=\"\" width=\"730\" height=\"730\" srcset=\"https:\/\/www.zongdamining.com\/wp-content\/uploads\/2022\/12\/underground-electric-loader39386419673-1.jpg 730w, https:\/\/www.zongdamining.com\/wp-content\/uploads\/2022\/12\/underground-electric-loader39386419673-1-300x300.jpg 300w, https:\/\/www.zongdamining.com\/wp-content\/uploads\/2022\/12\/underground-electric-loader39386419673-1-150x150.jpg 150w, https:\/\/www.zongdamining.com\/wp-content\/uploads\/2022\/12\/underground-electric-loader39386419673-1-600x600.jpg 600w, https:\/\/www.zongdamining.com\/wp-content\/uploads\/2022\/12\/underground-electric-loader39386419673-1-100x100.jpg 100w\" sizes=\"(max-width: 730px) 100vw, 730px\" \/><\/p>\n<p><strong>Datos t\u00e9cnicos<\/strong><\/p>\n<p>La cargadora el\u00e9ctrica subterr\u00e1nea ZONGDA es una especie de LHD subterr\u00e1nea desarrollada conjuntamente con institutos de investigaci\u00f3n cient\u00edfica de acuerdo con la situaci\u00f3n espec\u00edfica del equipo de miner\u00eda subterr\u00e1nea sin pista en China y las caracter\u00edsticas de modelos similares en el pa\u00eds y en el extranjero. Esta m\u00e1quina es adecuada para todo tipo de m\u00e9todos de miner\u00eda en minas peque\u00f1as y medianas, como miner\u00eda dentro y fuera del t\u00fanel, construcci\u00f3n y nivelaci\u00f3n del sitio de trabajo y carretera, transporte de materiales y otras operaciones auxiliares.<\/p>\n<p>El LHD tiene estructura razonable, operaci\u00f3n conveniente, precio razonable y apoyo conveniente. La m\u00e1quina adopta motor AC de 380V como potencia, transmisi\u00f3n mec\u00e1nica hidrost\u00e1tica, conducci\u00f3n bidireccional, regulaci\u00f3n de velocidad sin pasos, buen rendimiento de tracci\u00f3n, alta eficiencia de producci\u00f3n, control hidr\u00e1ulico, retracci\u00f3n y liberaci\u00f3n autom\u00e1tica del cable, y sus par\u00e1metros de rendimiento han alcanzado el nivel de modelos extranjeros similares.<\/p>\n<p><img decoding=\"async\" class=\"alignnone wp-image-1573 size-full\" src=\"http:\/\/www.zongdamining.com\/wp-content\/uploads\/2022\/12\/2020042017423315c2cd05f8ab4f6d957007a6a676543b.jpg\" alt=\"\" width=\"750\" height=\"750\" srcset=\"https:\/\/www.zongdamining.com\/wp-content\/uploads\/2022\/12\/2020042017423315c2cd05f8ab4f6d957007a6a676543b.jpg 750w, https:\/\/www.zongdamining.com\/wp-content\/uploads\/2022\/12\/2020042017423315c2cd05f8ab4f6d957007a6a676543b-300x300.jpg 300w, https:\/\/www.zongdamining.com\/wp-content\/uploads\/2022\/12\/2020042017423315c2cd05f8ab4f6d957007a6a676543b-150x150.jpg 150w, https:\/\/www.zongdamining.com\/wp-content\/uploads\/2022\/12\/2020042017423315c2cd05f8ab4f6d957007a6a676543b-600x600.jpg 600w, https:\/\/www.zongdamining.com\/wp-content\/uploads\/2022\/12\/2020042017423315c2cd05f8ab4f6d957007a6a676543b-100x100.jpg 100w\" sizes=\"(max-width: 750px) 100vw, 750px\" \/><\/p>\n<p><strong>Caracter\u00edsticas<\/strong><\/p>\n<p>\u25c6  El LHD est\u00e1 dise\u00f1ado para oscilar el bastidor despu\u00e9s de conectar el anillo giratorio, lo que reduce en gran medida la tasa de fallo.<\/p>\n<p>\u25c6  El sistema de desplazamiento adopta una operaci\u00f3n de control hidr\u00e1ulico completo, lo que hace que el sistema de desplazamiento de la cargadora sea m\u00e1s \u00e1gil, reduzca efectivamente la tasa de fallas y mejore la eficiencia de trabajo.<\/p>\n<p>\u25c6  El sistema de trabajo adopta el sistema de control hidr\u00e1ulico piloto, lo que hace que la operaci\u00f3n sea m\u00e1s sencilla y el sistema de trabajo m\u00e1s eficiente.<\/p>\n<p>\u25c6  Para el freno de estacionamiento, la caja de cambios con freno de placa de fricci\u00f3n de freno, freno de muelle y freno de contacto hidr\u00e1ulico se utilizan para hacer que el freno de estacionamiento sea seguro y fiable.<\/p>\n<p>\u25c6  El cubo adopta la \u00faltima estructura en forma de V de la cargadora minera subterr\u00e1nea internacional, lo que reduce la resistencia a la escopeta.<\/p>\n<p><img decoding=\"async\" class=\"alignnone wp-image-1572 size-full\" src=\"http:\/\/www.zongdamining.com\/wp-content\/uploads\/2022\/12\/20200420174238db3695239a544595a2e08952250efe07.jpg\" alt=\"\" width=\"750\" height=\"750\" srcset=\"https:\/\/www.zongdamining.com\/wp-content\/uploads\/2022\/12\/20200420174238db3695239a544595a2e08952250efe07.jpg 750w, https:\/\/www.zongdamining.com\/wp-content\/uploads\/2022\/12\/20200420174238db3695239a544595a2e08952250efe07-300x300.jpg 300w, https:\/\/www.zongdamining.com\/wp-content\/uploads\/2022\/12\/20200420174238db3695239a544595a2e08952250efe07-150x150.jpg 150w, https:\/\/www.zongdamining.com\/wp-content\/uploads\/2022\/12\/20200420174238db3695239a544595a2e08952250efe07-600x600.jpg 600w, https:\/\/www.zongdamining.com\/wp-content\/uploads\/2022\/12\/20200420174238db3695239a544595a2e08952250efe07-100x100.jpg 100w\" sizes=\"(max-width: 750px) 100vw, 750px\" \/><\/p>\n<p><strong>Datos t\u00e9cnicos<\/strong><\/p>\n<div class=\"table-responsive\">\n<table class=\"table\" border=\"0\" width=\"100%\" cellspacing=\"0\" cellpadding=\"0\">\n<tbody>\n<tr class=\"firstRow\">\n<td width=\"181\">Capacidad nominal del cubo<\/td>\n<td width=\"181\">1 m\u00b3<\/td>\n<td width=\"181\">Velocidad de ejecuci\u00f3n<\/td>\n<td width=\"181\">0-10 m\/h<\/td>\n<\/tr>\n<tr>\n<td width=\"181\">Carga \u00fatil nominal<\/td>\n<td width=\"181\">2T<\/td>\n<td width=\"181\">Min. despacho<\/td>\n<td width=\"181\">200 mm<\/td>\n<\/tr>\n<tr>\n<td width=\"181\">Fuerza de ruptura m\u00e1xima<\/td>\n<td width=\"181\">45 KN<\/td>\n<td width=\"181\">\u00c1ngulo de direcci\u00f3n m\u00e1ximo<\/td>\n<td width=\"181\">\u00b1 38 \u00b0<\/td>\n<\/tr>\n<tr>\n<td width=\"181\">Fuerza de tracci\u00f3n m\u00e1xima<\/td>\n<td width=\"181\">52KN<\/td>\n<td width=\"181\">\u00c1ngulo de oscilaci\u00f3n del eje trasero<\/td>\n<td width=\"181\">\u00b1 8 \u00b0<\/td>\n<\/tr>\n<tr>\n<td width=\"181\">Altura m\u00e1xima de vertido<\/td>\n<td width=\"181\">1080 mm<\/td>\n<td width=\"181\">\u00c1ngulo de salida<\/td>\n<td width=\"181\">15 \u00b0<\/td>\n<\/tr>\n<tr>\n<td width=\"181\">M\u00e1x. Gradabilidad<\/td>\n<td width=\"181\">\u2264 20 \u00b0<\/td>\n<td width=\"181\">Tipo de neum\u00e1tico<\/td>\n<td width=\"181\">10.00-20<\/td>\n<\/tr>\n<tr>\n<td width=\"181\">Altura m\u00ednima de vertido<\/td>\n<td width=\"181\">860 mm<\/td>\n<td width=\"181\">Base de ruedas<\/td>\n<td width=\"181\">2200mm<\/td>\n<\/tr>\n<tr>\n<td rowspan=\"2\" width=\"181\">Radio de giro m\u00ednimo<\/td>\n<td width=\"181\">4260 (Exterior)<\/td>\n<td rowspan=\"2\" width=\"181\">Motor el\u00e9ctrico<\/td>\n<td width=\"181\">380v<\/td>\n<\/tr>\n<tr>\n<td width=\"181\">2540 (interior)<\/td>\n<td width=\"181\">45kw 50hz<\/td>\n<\/tr>\n<tr>\n<td width=\"181\">Dimensiones exteriores<\/td>\n<td width=\"181\">6090*1340*2000 mm\u00b3<\/td>\n<td width=\"181\">Peso de operaci\u00f3n<\/td>\n<td width=\"181\">7.2T<\/td>\n<\/tr>\n<\/tbody>\n<\/table>\n<\/div>","protected":false},"excerpt":{"rendered":"<p>La cargadora el\u00e9ctrica subterr\u00e1nea ZONGDA es una especie de LHD subterr\u00e1nea desarrollada conjuntamente con institutos de investigaci\u00f3n cient\u00edfica de acuerdo con la situaci\u00f3n espec\u00edfica del equipo de miner\u00eda subterr\u00e1nea sin pista en China y las caracter\u00edsticas de modelos similares en el pa\u00eds y en el extranjero.<\/p>","protected":false},"featured_media":1576,"comment_status":"open","ping_status":"closed","template":"","meta":{"_acf_changed":false},"product_brand":[],"product_cat":[15],"product_tag":[],"class_list":{"0":"post-1575","1":"product","2":"type-product","3":"status-publish","4":"has-post-thumbnail","6":"product_cat-trackless-mining-equipment","8":"first","9":"instock","10":"shipping-taxable","11":"product-type-simple"},"acf":[],"_links":{"self":[{"href":"https:\/\/www.zongdamining.com\/es\/wp-json\/wp\/v2\/product\/1575","targetHints":{"allow":["GET"]}}],"collection":[{"href":"https:\/\/www.zongdamining.com\/es\/wp-json\/wp\/v2\/product"}],"about":[{"href":"https:\/\/www.zongdamining.com\/es\/wp-json\/wp\/v2\/types\/product"}],"replies":[{"embeddable":true,"href":"https:\/\/www.zongdamining.com\/es\/wp-json\/wp\/v2\/comments?post=1575"}],"wp:featuredmedia":[{"embeddable":true,"href":"https:\/\/www.zongdamining.com\/es\/wp-json\/wp\/v2\/media\/1576"}],"wp:attachment":[{"href":"https:\/\/www.zongdamining.com\/es\/wp-json\/wp\/v2\/media?parent=1575"}],"wp:term":[{"taxonomy":"product_brand","embeddable":true,"href":"https:\/\/www.zongdamining.com\/es\/wp-json\/wp\/v2\/product_brand?post=1575"},{"taxonomy":"product_cat","embeddable":true,"href":"https:\/\/www.zongdamining.com\/es\/wp-json\/wp\/v2\/product_cat?post=1575"},{"taxonomy":"product_tag","embeddable":true,"href":"https:\/\/www.zongdamining.com\/es\/wp-json\/wp\/v2\/product_tag?post=1575"}],"curies":[{"name":"WP","href":"https:\/\/api.w.org\/{rel}","templated":true}]}}