{"id":1803,"date":"2023-08-11T14:15:27","date_gmt":"2023-08-11T06:15:27","guid":{"rendered":"https:\/\/www.zongdamining.com\/?post_type=product&#038;p=1803"},"modified":"2026-03-13T14:05:58","modified_gmt":"2026-03-13T06:05:58","slug":"underground-loader","status":"publish","type":"product","link":"https:\/\/www.zongdamining.com\/es\/product\/underground-loader\/","title":{"rendered":"Cargador de miner\u00eda subterr\u00e1nea ZDL215 Cargador subterr\u00e1neo c\u00fabico 0,75\/1"},"content":{"rendered":"<p><img fetchpriority=\"high\" decoding=\"async\" class=\"alignnone size-medium wp-image-1801\" src=\"http:\/\/www.zongdamining.com\/wp-content\/uploads\/2023\/08\/1691551634122-300x225.png\" alt=\"\" width=\"300\" height=\"225\" srcset=\"https:\/\/www.zongdamining.com\/wp-content\/uploads\/2023\/08\/1691551634122-300x225.png 300w, https:\/\/www.zongdamining.com\/wp-content\/uploads\/2023\/08\/1691551634122.png 504w\" sizes=\"(max-width: 300px) 100vw, 300px\" \/><\/p>\n<p><strong><u><b>F<\/b><\/u><\/strong><strong><u><b>eatures y ventajas:<\/b><\/u><\/strong><\/p>\n<ol>\n<li>\u00a0El sistema de potencia adopta Cummins o Deutz con emisiones m\u00e1s bajas.<\/li>\n<li>\u00a0Oscillaci\u00f3n por medio del marco giratorio, direcci\u00f3n hidr\u00e1ulica, oscilaci\u00f3n del eje trasero en comparaci\u00f3n con las formas tradicionales m\u00e1s seguras.<\/li>\n<li>El sistema de transmisi\u00f3n utiliza convertidor de par hidr\u00e1ulico, transmisi\u00f3n de cambio de potencia y mejora la fiabilidad.<\/li>\n<li>El sistema operativo adopta el control piloto, haciendo que la operaci\u00f3n sea m\u00e1s sencilla, trabaje de manera m\u00e1s eficiente.<\/li>\n<\/ol>\n<p>El freno de servicio es un muelle aplicado, liberaci\u00f3n hidr\u00e1ulica, y est\u00e1 equipado con un sistema de frenado de emergencia, el freno es seguro y confiable.<\/p>\n<ol start=\"6\">\n<li>El sistema de escape est\u00e1 equipado con sistema de filtraci\u00f3n de agua purificador importado, lo que reduce en gran medida la contaminaci\u00f3n del aire.<\/li>\n<li>Adoptar neum\u00e1ticos de goma lisos resistentes a la perforaci\u00f3n 9.75-18,<\/li>\n<li>La m\u00e1quina puede ser pala, carga, transporte, descarga una operaci\u00f3n, estructura compacta, operaci\u00f3n conveniente, operaci\u00f3n de alta eficiencia para la recuperaci\u00f3n de minas y t\u00faneles, y formaci\u00f3n de la construcci\u00f3n de lugares de trabajo y carreteras, transporte de materiales y otras operaciones auxiliares.<\/li>\n<\/ol>\n<p>Enlace de barra 9.Z para mayor fuerza de retroceso y articulaci\u00f3n de cubo m\u00e1s r\u00e1pida.<\/p>","protected":false},"excerpt":{"rendered":"<p><strong><b>Especificaci\u00f3n t\u00e9cnica<\/b><\/strong><\/p>\n<p>Cargador de miner\u00eda subterr\u00e1nea<\/p>\n<p><strong><b>\u00a0<\/b><\/strong><strong>ZDL215 0.75\/1<\/strong><strong>\u00a0cargador subterr\u00e1neo c\u00fabico<\/strong><\/p>","protected":false},"featured_media":3282,"comment_status":"closed","ping_status":"closed","template":"","meta":{"_acf_changed":false},"product_brand":[],"product_cat":[15],"product_tag":[],"class_list":{"0":"post-1803","1":"product","2":"type-product","3":"status-publish","4":"has-post-thumbnail","6":"product_cat-trackless-mining-equipment","8":"first","9":"instock","10":"shipping-taxable","11":"product-type-simple"},"acf":[],"_links":{"self":[{"href":"https:\/\/www.zongdamining.com\/es\/wp-json\/wp\/v2\/product\/1803","targetHints":{"allow":["GET"]}}],"collection":[{"href":"https:\/\/www.zongdamining.com\/es\/wp-json\/wp\/v2\/product"}],"about":[{"href":"https:\/\/www.zongdamining.com\/es\/wp-json\/wp\/v2\/types\/product"}],"replies":[{"embeddable":true,"href":"https:\/\/www.zongdamining.com\/es\/wp-json\/wp\/v2\/comments?post=1803"}],"wp:featuredmedia":[{"embeddable":true,"href":"https:\/\/www.zongdamining.com\/es\/wp-json\/wp\/v2\/media\/3282"}],"wp:attachment":[{"href":"https:\/\/www.zongdamining.com\/es\/wp-json\/wp\/v2\/media?parent=1803"}],"wp:term":[{"taxonomy":"product_brand","embeddable":true,"href":"https:\/\/www.zongdamining.com\/es\/wp-json\/wp\/v2\/product_brand?post=1803"},{"taxonomy":"product_cat","embeddable":true,"href":"https:\/\/www.zongdamining.com\/es\/wp-json\/wp\/v2\/product_cat?post=1803"},{"taxonomy":"product_tag","embeddable":true,"href":"https:\/\/www.zongdamining.com\/es\/wp-json\/wp\/v2\/product_tag?post=1803"}],"curies":[{"name":"WP","href":"https:\/\/api.w.org\/{rel}","templated":true}]}}