{"id":1806,"date":"2023-09-18T10:43:57","date_gmt":"2023-09-18T02:43:57","guid":{"rendered":"https:\/\/www.zongdamining.com\/?post_type=product&#038;p=1806"},"modified":"2026-03-13T13:54:53","modified_gmt":"2026-03-13T05:54:53","slug":"mining-hoist","status":"publish","type":"product","link":"https:\/\/www.zongdamining.com\/es\/product\/mining-hoist\/","title":{"rendered":"Elevador de miner\u00eda para operaciones de elevaci\u00f3n de ejes de minas subterr\u00e1neas"},"content":{"rendered":"<p>El dispositivo de husillo se ensambla mediante mecanizado de precisi\u00f3n del husillo, tambor, rodamiento y asiento de rodamiento, cubo de conexi\u00f3n, disco de freno doble, placa de revestimiento del tambor, etc.<\/p>\n<p>El husillo es una pieza finamente mecanizada hecha de acero al carbono 45 # de alta calidad, que ha sido forjado, normalizado, mecanizado de precisi\u00f3n e inspeccionado a trav\u00e9s de la detecci\u00f3n de defectos; El proceso de mecanizado del husillo es el siguiente: forja y prensado \u2192  inspecci\u00f3n en blanco \u2192  mecanizado en bruto \u2192  tratamiento t\u00e9rmico e inspecci\u00f3n \u2192  prueba de rendimiento mec\u00e1nico \u2192  mecanizado de precisi\u00f3n. El husillo ha sido sometido a dos inspecciones y pruebas de rendimiento mec\u00e1nico para garantizar su excelente calidad.<\/p>\n<p>Los dos extremos del eje principal est\u00e1n soportados por rodamientos de rodillos esf\u00e9ricos centr\u00edpetos de doble fila, y el asiento del rodamiento est\u00e1 hecho de acero fundido, con sensores de temperatura instalados dentro del asiento del rodamiento. El husillo y el cubo est\u00e1n montados con interferencia, y el cubo est\u00e1 conectado al tambor con pernos de alta resistencia, evitando la concentraci\u00f3n de tensi\u00f3n causada por las llaves de fresado en el husillo y mejorando su resistencia, mejorando efectivamente la vida \u00fatil del husillo.<\/p>\n<p>El tambor est\u00e1 hecho de 16 placas de acero de manganeso con excelente rendimiento de soldadura, que se montan y soldan en el tambor. Despu\u00e9s del tratamiento de envejecimiento por vibraci\u00f3n, se procesa finamente;<\/p>\n<p>El disco de freno se coloca desde el di\u00e1metro del conjunto hasta el tambor, con pernos de bisagra para el posicionamiento axial. Los pernos de alta resistencia se utilizan para la conexi\u00f3n, lo que es conveniente para el transporte y el desmontaje. El disco de freno se atornilla al tambor y se procesa con la superficie de soporte de una sola vez, y se marca con marcas de instalaci\u00f3n para asegurarse de que la desviaci\u00f3n del disco de freno est\u00e1 dentro de los requisitos de dise\u00f1o. El espesor suficiente del disco de freno asegura su resistencia, rigidez y alta capacidad t\u00e9rmica. Esto asegura que el calor generado por la fricci\u00f3n de la zapata de freno en la superficie del disco no se acumule demasiado, asegurando el rendimiento de frenado de la zapata de freno, al mismo tiempo que asegura que el disco de freno no se deforme debido al sobrecalentamiento.<\/p>\n<h1><\/h1>","protected":false},"excerpt":{"rendered":"<pre data-v-561a92d2=\"\">Los elevadores mineros son equipos esenciales utilizados en la industria minera para transportar mineros y materiales hacia arriba y abajo de los ejes de la mina. Estos elevadores desempe\u00f1an un papel crucial para garantizar el funcionamiento sin problemas y eficiente de las actividades mineras.<\/pre>","protected":false},"featured_media":1807,"comment_status":"open","ping_status":"closed","template":"","meta":{"_acf_changed":false},"product_brand":[],"product_cat":[29],"product_tag":[],"class_list":{"0":"post-1806","1":"product","2":"type-product","3":"status-publish","4":"has-post-thumbnail","6":"product_cat-underground-hoisting-system","8":"first","9":"instock","10":"shipping-taxable","11":"product-type-simple"},"acf":[],"_links":{"self":[{"href":"https:\/\/www.zongdamining.com\/es\/wp-json\/wp\/v2\/product\/1806","targetHints":{"allow":["GET"]}}],"collection":[{"href":"https:\/\/www.zongdamining.com\/es\/wp-json\/wp\/v2\/product"}],"about":[{"href":"https:\/\/www.zongdamining.com\/es\/wp-json\/wp\/v2\/types\/product"}],"replies":[{"embeddable":true,"href":"https:\/\/www.zongdamining.com\/es\/wp-json\/wp\/v2\/comments?post=1806"}],"wp:featuredmedia":[{"embeddable":true,"href":"https:\/\/www.zongdamining.com\/es\/wp-json\/wp\/v2\/media\/1807"}],"wp:attachment":[{"href":"https:\/\/www.zongdamining.com\/es\/wp-json\/wp\/v2\/media?parent=1806"}],"wp:term":[{"taxonomy":"product_brand","embeddable":true,"href":"https:\/\/www.zongdamining.com\/es\/wp-json\/wp\/v2\/product_brand?post=1806"},{"taxonomy":"product_cat","embeddable":true,"href":"https:\/\/www.zongdamining.com\/es\/wp-json\/wp\/v2\/product_cat?post=1806"},{"taxonomy":"product_tag","embeddable":true,"href":"https:\/\/www.zongdamining.com\/es\/wp-json\/wp\/v2\/product_tag?post=1806"}],"curies":[{"name":"WP","href":"https:\/\/api.w.org\/{rel}","templated":true}]}}