{"id":1823,"date":"2023-11-17T16:28:40","date_gmt":"2023-11-17T08:28:40","guid":{"rendered":"https:\/\/www.zongdamining.com\/?post_type=product&#038;p=1823"},"modified":"2026-01-22T16:48:03","modified_gmt":"2026-01-22T08:48:03","slug":"underground-mining-loader","status":"publish","type":"product","link":"https:\/\/www.zongdamining.com\/es\/product\/underground-mining-loader\/","title":{"rendered":"Cargadora subterr\u00e1nea compacta ZDL202 para mineral de mina subterr\u00e1nea a peque\u00f1a escala &#038; Operaciones de carga de rocas residuales"},"content":{"rendered":"<p>Datos t\u00e9cnicos<\/p>\n<p>Cargadora subterr\u00e1nea ZDL202<\/p>\n<p>&nbsp;<\/p>\n<p>&nbsp;<\/p>\n<p><strong><b>Cargadora subterr\u00e1nea ZDL202 <\/b><\/strong><strong><b>Equipo de carga de pala sin pista y transporte de corta distancia<\/b><\/strong><\/p>\n<p><strong><b>\u00a0<\/b><\/strong><\/p>\n<p>El\u00a0<strong><b>Cargadora subterr\u00e1nea ZDL202<\/b><\/strong>\u00a0Se utiliza principalmente en combinaci\u00f3n con camiones mineros en excavaciones subterr\u00e1neas y operaciones mineras. La carga de pala de mineral y varios materiales puede mejorar en gran medida la eficiencia operativa y es un equipo importante para lograr la miner\u00eda sin pista.<\/p>\n<p>&nbsp;<\/p>\n<p>Este modelo tiene un bastidor articulado y un mecanismo anti-seis enlaces en forma de S para el mecanismo de trabajo. El conductor&#8217; El asiento se encuentra en la carrocer\u00eda delantera y tiene un cobertizo de conducci\u00f3n protector. El modo de oscilaci\u00f3n es un rodamiento rotativo, y el eje delantero est\u00e1 equipado con un diferencial antideslizante.<\/p>\n<p>&nbsp;<\/p>\n<ol>\n<li><b><\/b><strong><b>Caracter\u00edsticas t\u00e9cnicas<\/b><\/strong>:<\/li>\n<\/ol>\n<p>&nbsp;<\/p>\n<ul>\n<li><strong><b>Sistema de alimentaci\u00f3n<\/b><\/strong>El sistema de energ\u00eda adopta un motor refrigerado por agua, de baja contaminaci\u00f3n, de baja velocidad y de alto par de Kunming Yunnei Company;<\/li>\n<li><strong><b>Transmisi\u00f3n<\/b><\/strong>El sistema de transmisi\u00f3n de potencia adopta una caja de cambios y un convertidor de par, un eje de accionamiento de liberaci\u00f3n hidr\u00e1ulica de freno de muelle producido en el pa\u00eds y neum\u00e1ticos resistentes al corte de la miner\u00eda;<\/li>\n<li><strong><b>Freno de conducci\u00f3n<\/b><\/strong>: El freno de conducci\u00f3n adopta un freno de liberaci\u00f3n hidr\u00e1ulica de muelle multi disco h\u00famedo; v\u00e1lvula de llenado MICO y v\u00e1lvula de freno; El freno de estacionamiento adopta un freno de resorte en el eje de accionamiento para frenar;<\/li>\n<li><strong><b>Marco<\/b><\/strong>El bastidor es una estructura articulada centralmente, con el eje trasero oscilando a izquierda y derecha alrededor del centro del bastidor para mejorar el rendimiento general de adhesi\u00f3n del veh\u00edculo;<\/li>\n<li><strong><b>Direcci\u00f3n<\/b><\/strong>Sistema de direcci\u00f3n asistida hidr\u00e1ulica con un solo cilindro de direcci\u00f3n para el sistema de direcci\u00f3n;<\/li>\n<\/ul>\n<p>&nbsp;<\/p>\n<ol start=\"2\">\n<li><b><\/b><strong><b>Medidas de seguridad<\/b><\/strong>:<\/li>\n<\/ol>\n<ul>\n<li><b><\/b><strong><b>Equipo de seguridad<\/b><\/strong>Los operadores deben usar cascos de seguridad, llevar dispositivos de auto-rescate y usar l\u00e1mparas de miner\u00eda al entrar en el pozo.<\/li>\n<li><b><\/b><strong><b>Mantenimiento regular<\/b><\/strong>Inspecciones regulares y respuesta r\u00e1pida a los peligros ocultos.<\/li>\n<li><b><\/b><strong><b>Sin mantenimiento durante la operaci\u00f3n<\/b><\/strong>Estrictamente prohibido llevar a cabo el mantenimiento mientras la m\u00e1quina est\u00e1 funcionando.<\/li>\n<li><b><\/b><strong><b>Seguridad durante la soldadura\/corte<\/b><\/strong>Confirme la ausencia de materiales inflamables o explosivos antes del mantenimiento.<\/li>\n<li><b><\/b><strong><b>Precauciones para tubos de escape<\/b><\/strong>Evite el contacto f\u00edsico con la tuber\u00eda de escape caliente.<\/li>\n<li><b><\/b><strong><b>Mantenimiento del sistema hidr\u00e1ulico<\/b><\/strong>La presi\u00f3n debe ser aliviada antes de iniciar cualquier reparaci\u00f3n.<\/li>\n<\/ul>\n<p>&nbsp;<\/p>\n<p><strong><b>Condiciones de uso para el <\/b><\/strong><strong><b>Cargadora subterr\u00e1nea ZDL202<\/b><\/strong><\/p>\n<ol>\n<li><b><\/b><strong><b>Especificaciones del t\u00fanel<\/b><\/strong>:<\/li>\n<\/ol>\n<ul>\n<li>Adecuado para t\u00faneles con un tama\u00f1o de secci\u00f3n transversal de <strong><b>5 metros (altura) \u00d7 2,5 metros (ancho) y m\u00e1s<\/b><\/strong>.<\/li>\n<li>Requiere una <strong><b>placa superior firme<\/b><\/strong>.<\/li>\n<li>Radio m\u00ednimo de giro de <strong><b>\u2265 4,3 metros<\/b><\/strong>en el exterior.<\/li>\n<li>La pendiente de la carretera debe ser <strong><b>\u2264 14 \u00b0<\/b><\/strong>.<\/li>\n<li>Adecuado <strong><b>ventilaci\u00f3n y drenaje<\/b><\/strong>en el lugar de trabajo.\n<ol start=\"2\">\n<li><b><\/b><strong><b>Factores ambientales<\/b><\/strong>:<\/li>\n<\/ol>\n<\/li>\n<li>Temperatura ambiente dentro del t\u00fanel: <strong><b>-5\u00b0C a 40\u00b0C<\/b><\/strong>.<\/li>\n<li>Humedad relativa m\u00e1xima (a 25\u00b0C): <strong><b>No m\u00e1s del 85%<\/b><\/strong>.<\/li>\n<li>Altitud de ubicaci\u00f3n de uso: <strong><b>No superior a 1000 metros<\/b><\/strong>.<\/li>\n<li>En zonas de alta altitud (por encima de 1000 metros), <strong><b>reducci\u00f3n de potencia<\/b><\/strong>Es necesario para la operaci\u00f3n.\n<ol start=\"3\">\n<li><b><\/b><strong><b>Requisitos de combustible<\/b><\/strong>:<\/li>\n<\/ol>\n<\/li>\n<li>El contenido de azufre del combustible utilizado en esta m\u00e1quina debe <strong><b>no exceda el 0,2%<\/b><\/strong>.\n<ol start=\"4\">\n<li><b><\/b><strong><b>Precauciones de seguridad<\/b><\/strong>:<\/li>\n<\/ol>\n<\/li>\n<li>Estrictamente <strong><b>prohibido<\/b><\/strong>En lugares con <strong><b>Gases inflamables y explosivos<\/b><\/strong>\u00a0(como gas y polvo de carb\u00f3n).<\/li>\n<\/ul>\n<p>&nbsp;<\/p>\n<p>&nbsp;<\/p>\n<h3><strong><b>1, Par\u00e1metros de la m\u00e1quina<\/b><\/strong><\/h3>\n<h3><strong><b>1.1 Dimensiones generales<\/b><\/strong><\/h3>\n<p><strong><b>Carga nominal <\/b><\/strong><strong><b>:<\/b><\/strong>2000 kg<\/p>\n<p><strong><b>Longitud total (colecci\u00f3n de cubos) <\/b><\/strong><strong><b>:<\/b><\/strong>6200mm\u00b1150<\/p>\n<p><strong><b>Anchura total<\/b><\/strong><strong><b>:<\/b><\/strong>\u00a01340mm\u00b150<\/p>\n<p><strong><b>La altura general (incluyendo la parte superior de la cabina del conductor)<\/b><\/strong><strong><b>:<\/b><\/strong>1950mm\u00b1100<\/p>\n<p><strong><b>Capacidad del cubo (apilamiento SAE) <\/b><\/strong>:\u00a01m3<\/p>\n<p><strong><b>Altura m\u00e1xima de elevaci\u00f3n <\/b><\/strong><strong><b>:<\/b><\/strong>\u00a02970mm<\/p>\n<p><strong><b>Altura m\u00e1xima de descarga <\/b><\/strong><strong><b>:<\/b><\/strong>\u00a01100mm<\/p>\n<p><strong><b>\u00c1ngulo de descarga <\/b><\/strong><strong><b>:<\/b><\/strong>\u00a040 \u00b0<\/p>\n<p><strong><b>Base de ruedas<\/b><\/strong><strong><b>:<\/b><\/strong>\u00a02395mm<\/p>\n<p><strong><b>Deslizamiento m\u00ednimo al suelo<\/b><\/strong>\u00a0\u2265 205mm<\/p>\n<p><strong><b>\u00c1ngulo de salida<\/b><\/strong><strong><b>:<\/b><\/strong>\u00a014 \u00b0<\/p>\n<p>&nbsp;<\/p>\n<h3><strong><b>1.2 Peso de la m\u00e1quina<\/b><\/strong><\/h3>\n<p><strong><b>Operaci\u00f3n <\/b><\/strong><strong><b>peso <\/b><\/strong>:7200kg<\/p>\n<p><strong><b>Peso de carga completa <\/b><\/strong>: 9200kg \u00b1 300kg<\/p>\n<p>&nbsp;<\/p>\n<h3><strong><b>1.3 Capacidad operativa<\/b><\/strong><\/h3>\n<p><strong><b>Velocidad de viaje en primera marcha<\/b><\/strong>: 0-8 km \/ h<\/p>\n<p><strong><b>Segunda marcha <\/b><\/strong>: 0-20 km\/h<\/p>\n<p><strong><b>Capacidad de escalada <\/b><\/strong><strong><b>:<\/b><\/strong>\u00a014 \u00b0<\/p>\n<p><strong><b>Fuerza de tracci\u00f3n m\u00e1xima<\/b><\/strong>\u00a0\u2265 55KN<\/p>\n<p><strong><b>Fuerza m\u00e1xima de la pala (SAE) <\/b><\/strong>\u2265 50KN<\/p>\n<p>&nbsp;<\/p>\n<h3><strong><b>1.4 Tanque de combustible<\/b><\/strong><\/h3>\n<p><strong><b>Dep\u00f3sito de combustible (L)<\/b><\/strong><strong><b>:<\/b><\/strong>\u00a0130<\/p>\n<p><strong><b>Tanque de aceite hidr\u00e1ulico (L) <\/b><\/strong><strong><b>:<\/b><\/strong>\u00a0130<\/p>\n<p>&nbsp;<\/p>\n<h3><strong><b>1.5 Direcci\u00f3n<\/b><\/strong><\/h3>\n<p><strong><b>Direcci\u00f3n asistida hidr\u00e1ulica articulada central<\/b><\/strong><\/p>\n<p><strong><b>Radio m\u00ednimo de giro dentro<\/b><\/strong><strong><b>:<\/b><\/strong>2400 \u00b1 150mm<\/p>\n<p><strong><b>Exterior <\/b><\/strong>:4300 \u00b1 150mm<\/p>\n<p>&nbsp;<\/p>\n<p>2\u3001Configuraci\u00f3n principal de toda la m\u00e1quina<\/p>\n<h3><strong><b>2.1 Motor<\/b><\/strong><\/h3>\n<p><strong><b>Marca<\/b><\/strong><strong><b>\u00a0<\/b><\/strong><strong><b>: <\/b><\/strong>Kunming Yunnei, marca principal de China<\/p>\n<p><strong><b>modelo <\/b><\/strong><strong><b>:<\/b><\/strong>\u00a0YN4EL120-30CR<strong><b>\u00a0<\/b><\/strong><\/p>\n<p><strong><b>Tipo<\/b><\/strong><strong><b>: <\/b><\/strong>Motor diesel refrigerado por agua<\/p>\n<p><strong><b>Potencia nominal <\/b><\/strong><strong><b>:<\/b><\/strong>88KW \/ 2400rpm, 420Nm@1500<\/p>\n<p><strong><b>Emisiones de escape<\/b><\/strong><strong><b>:<\/b><\/strong>\u00a0DOC DPF (etapa nacional china III)<\/p>\n<p><strong><b>M\u00e9todo de inicio:<\/b><\/strong><strong><b>\u00a0<\/b><\/strong>Inicio el\u00e9ctrico<\/p>\n<p><strong><b>Control del acelerador:<\/b><\/strong><strong><b>\u00a0<\/b><\/strong>Controlador electr\u00f3nico del acelerador<\/p>\n<p>&nbsp;<\/p>\n<p>&nbsp;<\/p>\n<h3><strong><b>2.2 Convertidor de par hidr\u00e1ulico<\/b><\/strong><\/h3>\n<p><strong><b>Planta de fabricaci\u00f3n<\/b><\/strong><strong><b>: <\/b><\/strong>Mejor marca de China para LHD, equivalente a DANA<\/p>\n<p><strong><b>modelo<\/b><\/strong><strong><b>: <\/b><\/strong>YJ280S2-1<\/p>\n<p>&nbsp;<\/p>\n<h3><strong><b>2.3 Transmisi\u00f3n<\/b><\/strong><\/h3>\n<p><strong><b>Planta de fabricaci\u00f3n<\/b><\/strong><strong><b>:<\/b><\/strong>\u00a0Mejor marca de China para LHD, equivalente a DANA<\/p>\n<p><strong><b>modelo<\/b><\/strong><strong><b>:<\/b><\/strong>\u00a0ZL15<\/p>\n<p>&nbsp;<\/p>\n<h3><strong><b>2.4 Eje de accionamiento<\/b><\/strong><\/h3>\n<p><strong><b>planta de fabricaci\u00f3n<\/b><\/strong><strong><b>: <\/b><\/strong>Eje de Xuzhou de China, , Equivalente de DANA<\/p>\n<p><strong><b>modelo <\/b><\/strong><strong><b>: <\/b><\/strong>Xuzhou CY20<\/p>\n<p>Eje de accionamiento planetario r\u00edgido con diferencial antideslizante tipo NO-SPIN,<\/p>\n<p>Freno de estacionamiento: resorte aplicado, liberaci\u00f3n hidr\u00e1ulica \/ SAHR<\/p>\n<p>&nbsp;<\/p>\n<h3><strong><b>2.<\/b><\/strong><strong><b>5<\/b><\/strong><strong><b>\u00a0<\/b><\/strong><strong><b>Freno<\/b><\/strong><strong><b>\u00a0sistema<\/b><\/strong><\/h3>\n<p>Freno de trabajo: Freno de muelle multi disco h\u00famedo freno de reset hidr\u00e1ulico<\/p>\n<p>&nbsp;<\/p>\n<h3><strong><b>2.<\/b><\/strong><strong><b>6<\/b><\/strong><strong><b>\u00a0<\/b><\/strong><strong><b>Parque<\/b><\/strong><strong><b>\u00a0sistema<\/b><\/strong><\/h3>\n<p>Dispositivo de borde de rueda de freno de muelle, combinado con freno de trabajo y freno de estacionamiento<\/p>\n<p>&nbsp;<\/p>\n<h3><strong><b>2.<\/b><\/strong><strong><b>7<\/b><\/strong><strong><b>\u00a0<\/b><\/strong><strong><b>Direcci\u00f3n<\/b><\/strong><strong><b>\u00a0sistema<\/b><\/strong><\/h3>\n<p>Tipo: v\u00e1lvula de direcci\u00f3n de control piloto hidr\u00e1ulico SN-31S<\/p>\n<p>Modelo de cilindro de direcci\u00f3n x N\u00famero de cilindros: D90\/d45E \u00d7 1,<\/p>\n<p>\u00c1ngulo de direcci\u00f3n: \u00b1 40 \u00b0<\/p>\n<p>&nbsp;<\/p>\n<h3><strong><b>2.5 <\/b><\/strong><strong><b>Trabajo <\/b><\/strong><strong><b>Sistema hidr\u00e1ulico<\/b><\/strong><\/h3>\n<p>Freno multidisco h\u00famedo con freno de muelle de freno de trabajo y liberaci\u00f3n hidr\u00e1ulica<\/p>\n<p>Tipo: Control hidr\u00e1ulico control piloto v\u00e1lvula direccional de m\u00faltiples v\u00edas<\/p>\n<p>Cilindro de elevaci\u00f3n x N\u00famero de cilindros: D100\/d55 E \u00d7 2<\/p>\n<p>Cilindro de aceite de cubo x N\u00famero de cilindros: D125\/d63 E \u00d7 1<\/p>\n<p>V\u00e1lvula multidireccional: SN-62S<\/p>\n<p><strong><b>Fabricante&#8217; s <\/b><\/strong><strong><b>Carga<\/b><\/strong><strong><b>\u00a0v\u00e1lvula<\/b><\/strong><strong><b>:<\/b><\/strong>\u00a0\u00a0\u00a0\u00a0\u00a0\u00a0\u00a0\u00a0\u00a0\u00a0\u00a0\u00a0Mico, Estados Unidos<\/p>\n<p><strong><b>Equipamiento <\/b><\/strong><strong><b>Bomba<\/b><\/strong><strong><b>:<\/b><\/strong>\u00a0\u00a0\u00a0\u00a0\u00a0\u00a0\u00a0\u00a0\u00a0\u00a0\u00a0\u00a0\u00a0\u00a0\u00a0\u00a0\u00a0\u00a0\u00a0\u00a0\u00a0\u00a0\u00a0\u00a0\u00a0\u00a0PERMCO, Estados Unidos<\/p>\n<p>&nbsp;<\/p>\n<p>&nbsp;<\/p>\n<p>&nbsp;<\/p>\n<p>&nbsp;<\/p>\n<p>&nbsp;<\/p>\n<p>&nbsp;<\/p>\n<p>&nbsp;<\/p>\n<p>&nbsp;<\/p>\n<p>&nbsp;<\/p>","protected":false},"excerpt":{"rendered":"<p>Mini cargadora de transmisi\u00f3n mec\u00e1nica<\/p>","protected":false},"featured_media":3107,"comment_status":"closed","ping_status":"closed","template":"","meta":{"_acf_changed":false},"product_brand":[],"product_cat":[15],"product_tag":[],"class_list":{"0":"post-1823","1":"product","2":"type-product","3":"status-publish","4":"has-post-thumbnail","6":"product_cat-trackless-mining-equipment","8":"first","9":"instock","10":"shipping-taxable","11":"product-type-simple"},"acf":[],"_links":{"self":[{"href":"https:\/\/www.zongdamining.com\/es\/wp-json\/wp\/v2\/product\/1823","targetHints":{"allow":["GET"]}}],"collection":[{"href":"https:\/\/www.zongdamining.com\/es\/wp-json\/wp\/v2\/product"}],"about":[{"href":"https:\/\/www.zongdamining.com\/es\/wp-json\/wp\/v2\/types\/product"}],"replies":[{"embeddable":true,"href":"https:\/\/www.zongdamining.com\/es\/wp-json\/wp\/v2\/comments?post=1823"}],"wp:featuredmedia":[{"embeddable":true,"href":"https:\/\/www.zongdamining.com\/es\/wp-json\/wp\/v2\/media\/3107"}],"wp:attachment":[{"href":"https:\/\/www.zongdamining.com\/es\/wp-json\/wp\/v2\/media?parent=1823"}],"wp:term":[{"taxonomy":"product_brand","embeddable":true,"href":"https:\/\/www.zongdamining.com\/es\/wp-json\/wp\/v2\/product_brand?post=1823"},{"taxonomy":"product_cat","embeddable":true,"href":"https:\/\/www.zongdamining.com\/es\/wp-json\/wp\/v2\/product_cat?post=1823"},{"taxonomy":"product_tag","embeddable":true,"href":"https:\/\/www.zongdamining.com\/es\/wp-json\/wp\/v2\/product_tag?post=1823"}],"curies":[{"name":"WP","href":"https:\/\/api.w.org\/{rel}","templated":true}]}}