{"id":1836,"date":"2024-02-20T14:53:02","date_gmt":"2024-02-20T06:53:02","guid":{"rendered":"https:\/\/www.zongdamining.com\/?post_type=product&#038;p=1836"},"modified":"2026-01-30T14:29:03","modified_gmt":"2026-01-30T06:29:03","slug":"zdfl-0-5-personnel-and-material-carrier","status":"publish","type":"product","link":"https:\/\/www.zongdamining.com\/es\/product\/zdfl-0-5-personnel-and-material-carrier\/","title":{"rendered":"ZDFL-0.5 Transportador de personal y materiales \u2013 Veh\u00edculo utilitario subterr\u00e1neo compacto de 0,5 toneladas"},"content":{"rendered":"<p><img fetchpriority=\"high\" decoding=\"async\" class=\"alignnone size-medium wp-image-1838\" src=\"http:\/\/www.zongdamining.com\/wp-content\/uploads\/2024\/02\/IMG_02fdcc84ed5446caa3575fe021f458d8-300x225.png\" alt=\"\" width=\"300\" height=\"225\" srcset=\"https:\/\/www.zongdamining.com\/wp-content\/uploads\/2024\/02\/IMG_02fdcc84ed5446caa3575fe021f458d8-300x225.png 300w, https:\/\/www.zongdamining.com\/wp-content\/uploads\/2024\/02\/IMG_02fdcc84ed5446caa3575fe021f458d8-1024x768.png 1024w, https:\/\/www.zongdamining.com\/wp-content\/uploads\/2024\/02\/IMG_02fdcc84ed5446caa3575fe021f458d8-768x576.png 768w, https:\/\/www.zongdamining.com\/wp-content\/uploads\/2024\/02\/IMG_02fdcc84ed5446caa3575fe021f458d8-600x450.png 600w, https:\/\/www.zongdamining.com\/wp-content\/uploads\/2024\/02\/IMG_02fdcc84ed5446caa3575fe021f458d8.png 1267w\" sizes=\"(max-width: 300px) 100vw, 300px\" \/> <img decoding=\"async\" class=\"alignnone size-medium wp-image-1839\" src=\"http:\/\/www.zongdamining.com\/wp-content\/uploads\/2024\/02\/IMG_ec2025011b994caeb93edbe9f6b4c09c-300x225.png\" alt=\"\" width=\"300\" height=\"225\" srcset=\"https:\/\/www.zongdamining.com\/wp-content\/uploads\/2024\/02\/IMG_ec2025011b994caeb93edbe9f6b4c09c-300x225.png 300w, https:\/\/www.zongdamining.com\/wp-content\/uploads\/2024\/02\/IMG_ec2025011b994caeb93edbe9f6b4c09c-1024x768.png 1024w, https:\/\/www.zongdamining.com\/wp-content\/uploads\/2024\/02\/IMG_ec2025011b994caeb93edbe9f6b4c09c-768x576.png 768w, https:\/\/www.zongdamining.com\/wp-content\/uploads\/2024\/02\/IMG_ec2025011b994caeb93edbe9f6b4c09c-600x450.png 600w, https:\/\/www.zongdamining.com\/wp-content\/uploads\/2024\/02\/IMG_ec2025011b994caeb93edbe9f6b4c09c.png 1267w\" sizes=\"(max-width: 300px) 100vw, 300px\" \/> <img decoding=\"async\" class=\"alignnone size-medium wp-image-1840\" src=\"http:\/\/www.zongdamining.com\/wp-content\/uploads\/2024\/02\/IMG_322b37082fd348ebb001056ee3cb41cc-300x225.png\" alt=\"\" width=\"300\" height=\"225\" srcset=\"https:\/\/www.zongdamining.com\/wp-content\/uploads\/2024\/02\/IMG_322b37082fd348ebb001056ee3cb41cc-300x225.png 300w, https:\/\/www.zongdamining.com\/wp-content\/uploads\/2024\/02\/IMG_322b37082fd348ebb001056ee3cb41cc-1024x767.png 1024w, https:\/\/www.zongdamining.com\/wp-content\/uploads\/2024\/02\/IMG_322b37082fd348ebb001056ee3cb41cc-768x575.png 768w, https:\/\/www.zongdamining.com\/wp-content\/uploads\/2024\/02\/IMG_322b37082fd348ebb001056ee3cb41cc-600x449.png 600w, https:\/\/www.zongdamining.com\/wp-content\/uploads\/2024\/02\/IMG_322b37082fd348ebb001056ee3cb41cc.png 1267w\" sizes=\"(max-width: 300px) 100vw, 300px\" \/><\/p>\n<p>El veh\u00edculo de manipulaci\u00f3n de materiales ZDFL-0.5 est\u00e1 impulsado por un motor di\u00e9sel, con transmisi\u00f3n mec\u00e1nica hidr\u00e1ulica, tracci\u00f3n a las cuatro ruedas, conducci\u00f3n hacia adelante, direcci\u00f3n hidr\u00e1ulica del eje delantero, gran \u00e1ngulo de direcci\u00f3n, giro flexible y radio peque\u00f1o. Es adecuado para operaciones de carretera de secci\u00f3n media y tiene las siguientes caracter\u00edsticas t\u00e9cnicas:<\/p>\n<p>\u25cf El sistema de energ\u00eda adopta el motor de baja contaminaci\u00f3n enfriado por agua de Yunnei National III;  \u25cf El sistema de transmisi\u00f3n de potencia adopta una transmisi\u00f3n de cambio de potencia, eje de accionamiento DANA y neum\u00e1ticos inflables resistentes al corte con patr\u00f3n de miner\u00eda;  \u25cf  El freno de conducci\u00f3n adopta frenos hidr\u00e1ulicos multi disco h\u00famedos; El freno de estacionamiento adopta una v\u00e1lvula de manija para controlar el freno de muelle del puente, que es seguro y fiable;<\/p>\n<p>\u25cf El marco es una estructura integral con un rendimiento fiable; Adoptar una cabina cerrada es m\u00e1s seguro y c\u00f3modo. Alerta de seguridad \u25cf El operador de esta m\u00e1quina debe llevar un casco de seguridad y llevar un dispositivo de auto-rescate y una l\u00e1mpara de miner\u00eda con ellos al entrar en el pozo;  \u25cf Esta m\u00e1quina debe ser mantenida e inspeccionada regularmente, y cualquier peligro oculto debe ser abordado r\u00e1pidamente;  \u25cf Est\u00e1 estrictamente prohibido realizar mantenimiento mientras la m\u00e1quina est\u00e1 en funcionamiento;  \u25cf Cuando la m\u00e1quina est\u00e1 sometida a mantenimiento, la energ\u00eda debe ser cortada y las palabras &#8220; bajo mantenimiento, sin arranque&#8221; debe ser colgado;  \u25cf  Durante el funcionamiento del veh\u00edculo, el personal est\u00e1 prohibido subir o bajar;  \u25cf Al entrar en la m\u00e1quina para soldar y cortar, se deben tomar medidas de seguridad despu\u00e9s de confirmar que no hay materiales inflamables o explosivos presentes Solo con medidas completas se pueden llevar a cabo operaciones;  \u25cf Cuando el motor est\u00e1 funcionando y la tuber\u00eda de escape no se ha enfriado despu\u00e9s del apagado, est\u00e1 estrictamente prohibido tener contacto f\u00edsico con el purificador de escape. \u25cf La superficie de la tuber\u00eda de escape para evitar lesiones graves como quemaduras;  \u25cf Al reparar el sistema hidr\u00e1ulico de esta m\u00e1quina, la presi\u00f3n debe ser completamente aliviada antes de comenzar la operaci\u00f3n. Condiciones de uso: 1) Esta m\u00e1quina es adecuada para su uso en t\u00faneles con un tama\u00f1o de secci\u00f3n transversal de 2,5 metros (altura) \u00d7 En t\u00faneles de 3 metros (ancho) y superior La tarea requiere una placa superior firme, un radio m\u00ednimo de giro de \u2265 6 metros en el exterior y una pendiente de carretera de \u2264 14 \u00b0, Buena ventilaci\u00f3n y drenaje en el lugar de trabajo; 2) La temperatura ambiente del t\u00fanel es de -5 \u2103 a 40 \u2103, y la humedad relativa m\u00e1xima no es superior al 85% (temperatura a 25 \u2103) Tiempo)<\/p>\n<p>2.1. Par\u00e1metros t\u00e9cnicos de toda la m\u00e1quina Capacidad nominal de carga: 0,5 toneladas Capacidad nominal de pasajeros: 4 personas Tama\u00f1o de la caja: 1050mm * 1840mm * 655mm Velocidad m\u00e1xima de conducci\u00f3n en la primera marcha: 14 \u00b1 1,0 km\/h Segunda marcha: 23 \u00b1 2,0 km\/h Engranaje inverso I: 14 \u00b1 1,0 km\/h Engranaje inverso II: 23 \u00b1 2,0 km\/h Capacidad m\u00e1xima de subida (carga pesada): 14 \u00b0 Fuerza m\u00e1xima de tracci\u00f3n: 35 kN Radio de giro: 8400 mm<\/p>\n<p>\u25cf  Freno de estacionamiento: freno de muelle de eje 2.5. Sistema de direcci\u00f3n \u25cf  Tipo: direcci\u00f3n hidr\u00e1ulica de rueda delantera Bomba de direcci\u00f3n: CBGJ2016\/2016 Desplazamiento: 16ml\/r \u25cf  Presi\u00f3n m\u00e1xima del sistema de direcci\u00f3n: 10 MPa Engranaje de direcci\u00f3n: BZZ1-E125 V\u00e1lvula estable \u00fanica: FLD-F9.5W \u25cf  Di\u00e1metro del cilindro de direcci\u00f3n \/ di\u00e1metro de la varilla: \u03c6 55 \/ \u03c6 45 mm 2.6. Sistema el\u00e9ctrico Voltaje del sistema: 24V DC<\/p>\n<p>&nbsp;<\/p>\n<p>&nbsp;<\/p>","protected":false},"excerpt":{"rendered":"<p><img loading=\"lazy\" decoding=\"async\" class=\"alignnone size-medium wp-image-1837\" src=\"http:\/\/www.zongdamining.com\/wp-content\/uploads\/2024\/02\/1708399430196-300x225.png\" alt=\"\" width=\"300\" height=\"225\" srcset=\"https:\/\/www.zongdamining.com\/wp-content\/uploads\/2024\/02\/1708399430196-300x225.png 300w, https:\/\/www.zongdamining.com\/wp-content\/uploads\/2024\/02\/1708399430196-1024x768.png 1024w, https:\/\/www.zongdamining.com\/wp-content\/uploads\/2024\/02\/1708399430196-768x576.png 768w, https:\/\/www.zongdamining.com\/wp-content\/uploads\/2024\/02\/1708399430196-600x450.png 600w, https:\/\/www.zongdamining.com\/wp-content\/uploads\/2024\/02\/1708399430196.png 1267w\" sizes=\"(max-width: 300px) 100vw, 300px\" \/><\/p>\n<p>El veh\u00edculo de manipulaci\u00f3n de materiales ZDFL-0.5 es un tipo de equipo de manipulaci\u00f3n de materiales dise\u00f1ado y fabricado espec\u00edficamente para minas subterr\u00e1neas no de carb\u00f3n.<\/p>","protected":false},"featured_media":3165,"comment_status":"closed","ping_status":"closed","template":"","meta":{"_acf_changed":false},"product_brand":[],"product_cat":[15],"product_tag":[],"class_list":{"0":"post-1836","1":"product","2":"type-product","3":"status-publish","4":"has-post-thumbnail","6":"product_cat-trackless-mining-equipment","8":"first","9":"instock","10":"shipping-taxable","11":"product-type-simple"},"acf":[],"_links":{"self":[{"href":"https:\/\/www.zongdamining.com\/es\/wp-json\/wp\/v2\/product\/1836","targetHints":{"allow":["GET"]}}],"collection":[{"href":"https:\/\/www.zongdamining.com\/es\/wp-json\/wp\/v2\/product"}],"about":[{"href":"https:\/\/www.zongdamining.com\/es\/wp-json\/wp\/v2\/types\/product"}],"replies":[{"embeddable":true,"href":"https:\/\/www.zongdamining.com\/es\/wp-json\/wp\/v2\/comments?post=1836"}],"wp:featuredmedia":[{"embeddable":true,"href":"https:\/\/www.zongdamining.com\/es\/wp-json\/wp\/v2\/media\/3165"}],"wp:attachment":[{"href":"https:\/\/www.zongdamining.com\/es\/wp-json\/wp\/v2\/media?parent=1836"}],"wp:term":[{"taxonomy":"product_brand","embeddable":true,"href":"https:\/\/www.zongdamining.com\/es\/wp-json\/wp\/v2\/product_brand?post=1836"},{"taxonomy":"product_cat","embeddable":true,"href":"https:\/\/www.zongdamining.com\/es\/wp-json\/wp\/v2\/product_cat?post=1836"},{"taxonomy":"product_tag","embeddable":true,"href":"https:\/\/www.zongdamining.com\/es\/wp-json\/wp\/v2\/product_tag?post=1836"}],"curies":[{"name":"WP","href":"https:\/\/api.w.org\/{rel}","templated":true}]}}