{"id":1842,"date":"2024-02-20T15:51:38","date_gmt":"2024-02-20T07:51:38","guid":{"rendered":"https:\/\/www.zongdamining.com\/?post_type=product&#038;p=1842"},"modified":"2026-01-30T16:46:34","modified_gmt":"2026-01-30T08:46:34","slug":"zdl203-underground-loader","status":"publish","type":"product","link":"https:\/\/www.zongdamining.com\/es\/product\/zdl203-underground-loader\/","title":{"rendered":"ZDL203BH Interruptor m\u00f3vil subterr\u00e1neo, Mini 1.5m3 LHD"},"content":{"rendered":"<p><span style=\"font-size: 18pt;\"><strong>Datos t\u00e9cnicos\u00a0<\/strong><\/span><\/p>\n<p><span style=\"font-size: 18pt;\"><strong>ZONGDA ZDL203BH\u00a0<\/strong><\/span><\/p>\n<p><span style=\"font-size: 18pt;\"><strong>Interruptor m\u00f3vil subterr\u00e1neo,<\/strong><\/span><\/p>\n<p><span style=\"font-size: 18pt;\"><strong>Mini 1.5m3 LHD con martillo de interruptor hidr\u00e1ulico intercambiable coreano GB GBN70T<\/strong><\/span><\/p>\n<p><span style=\"font-size: 18pt;\"><strong>\u00a0<\/strong><\/span><\/p>\n<p><strong><b>Cargadora subterr\u00e1nea ZDL203BH: Mejora de la eficiencia de la miner\u00eda sin pista<\/b><\/strong><\/p>\n<p>El <strong><b>Cargadora subterr\u00e1nea ZDL203BH<\/b><\/strong>\u00a0Est\u00e1 dise\u00f1ado espec\u00edficamente para minas subterr\u00e1neas, dise\u00f1ado espec\u00edficamente para mejorar la eficiencia operativa en conjunci\u00f3n con camiones de miner\u00eda durante las operaciones de excavaci\u00f3n y miner\u00eda. Estas son sus caracter\u00edsticas clave:<\/p>\n<ol>\n<li><b><\/b><strong><b>Caracter\u00edsticas t\u00e9cnicas<\/b><\/strong>:<\/li>\n<\/ol>\n<ul>\n<li><b><\/b><strong><b>Sistema de alimentaci\u00f3n<\/b><\/strong>Equipado con motor refrigerado por aire Deutz.<\/li>\n<li><b><\/b><strong><b>Transmisi\u00f3n<\/b><\/strong>Utiliza una caja de cambios y un convertidor de par.<\/li>\n<li><b><\/b><strong><b>Sistema de frenado<\/b><\/strong>:\n<ul>\n<li><b><\/b><strong><b>Freno de conducci\u00f3n<\/b><\/strong>Freno de muelle multi-disco h\u00famedo con liberaci\u00f3n hidr\u00e1ulica.<\/li>\n<li><b><\/b><strong><b>Freno de estacionamiento<\/b><\/strong>: Freno de muelle en el eje de accionamiento.<\/li>\n<\/ul>\n<\/li>\n<li><b><\/b><strong><b>Marco<\/b><\/strong>Estructura articulada centralmente para mejorar el rendimiento de adhesi\u00f3n.<\/li>\n<li><b><\/b><strong><b>Direcci\u00f3n<\/b><\/strong>Direcci\u00f3n asistida hidr\u00e1ulica con un solo cilindro de direcci\u00f3n.\n<ol start=\"2\">\n<li><b><\/b><strong><b>Puntos destacados del rendimiento<\/b><\/strong>:<\/li>\n<\/ol>\n<\/li>\n<li><b><\/b><strong><b>Motor di\u00e9sel<\/b><\/strong>Impulsado por un motor diesel fiable.<\/li>\n<li><b><\/b><strong><b>Cuatro ruedas motrices<\/b><\/strong>Garantiza tracci\u00f3n y maniobrabilidad.<\/li>\n<li><b><\/b><strong><b>Conducci\u00f3n lateral<\/b><\/strong>Permite flexibilidad en espacios estrechos.<\/li>\n<li><b><\/b><strong><b>Direcci\u00f3n hidr\u00e1ulica articulada central<\/b><\/strong>Gran \u00e1ngulo de direcci\u00f3n para un control preciso.<\/li>\n<li><b><\/b><strong><b>Peque\u00f1o radio de giro<\/b><\/strong>Ideal para operaciones de t\u00fanel de secci\u00f3n media.\n<ol start=\"3\">\n<li><b><\/b><strong><b>Medidas de seguridad<\/b><\/strong>:<\/li>\n<\/ol>\n<\/li>\n<li><b><\/b><strong><b>Equipo de seguridad<\/b><\/strong>Los operadores deben usar cascos de seguridad, llevar dispositivos de auto-rescate y usar l\u00e1mparas de miner\u00eda al entrar en el pozo.<\/li>\n<li><b><\/b><strong><b>Mantenimiento regular<\/b><\/strong>Inspecciones regulares y respuesta r\u00e1pida a los peligros ocultos.<\/li>\n<li><b><\/b><strong><b>Sin mantenimiento durante la operaci\u00f3n<\/b><\/strong>Estrictamente prohibido llevar a cabo el mantenimiento mientras la m\u00e1quina est\u00e1 funcionando.<\/li>\n<li><b><\/b><strong><b>Seguridad durante la soldadura\/corte<\/b><\/strong>Confirme la ausencia de materiales inflamables o explosivos antes del mantenimiento.<\/li>\n<li><b><\/b><strong><b>Precauciones para tubos de escape<\/b><\/strong>Evite el contacto f\u00edsico con la tuber\u00eda de escape caliente.<\/li>\n<li><b><\/b><strong><b>Mantenimiento del sistema hidr\u00e1ulico<\/b><\/strong>La presi\u00f3n debe ser aliviada antes de iniciar cualquier reparaci\u00f3n.<\/li>\n<\/ul>\n<p>La cargadora ZDL203BH desempe\u00f1a un papel crucial para lograr operaciones mineras sin pista eficientes y seguras.<\/p>\n<p>&nbsp;<\/p>\n<p><strong><b>Condiciones de uso para la cargadora subterr\u00e1nea ZDL203BH<\/b><\/strong><\/p>\n<ol>\n<li><b><\/b><strong><b>Especificaciones del t\u00fanel<\/b><\/strong>:<\/li>\n<\/ol>\n<ul>\n<li>Adecuado para t\u00faneles con un tama\u00f1o de secci\u00f3n transversal de <strong><b>5 metros (altura) \u00d7 2,5 metros (ancho) y m\u00e1s<\/b><\/strong>.<\/li>\n<li>Requiere una <strong><b>placa superior firme<\/b><\/strong>.<\/li>\n<li>Radio m\u00ednimo de giro de <strong><b>\u2265 4,3 metros<\/b><\/strong>en el exterior.<\/li>\n<li>La pendiente de la carretera debe ser <strong><b>\u2264 14 \u00b0<\/b><\/strong>.<\/li>\n<li>Adecuado <strong><b>ventilaci\u00f3n y drenaje<\/b><\/strong>en el lugar de trabajo.\n<ol start=\"2\">\n<li><b><\/b><strong><b>Factores ambientales<\/b><\/strong>:<\/li>\n<\/ol>\n<\/li>\n<li>Temperatura ambiente dentro del t\u00fanel: <strong><b>-5\u00b0C a 40\u00b0C<\/b><\/strong>.<\/li>\n<li>Humedad relativa m\u00e1xima (a 25\u00b0C): <strong><b>No m\u00e1s del 85%<\/b><\/strong>.<\/li>\n<li>Altitud de ubicaci\u00f3n de uso: <strong><b>No superior a 1000 metros<\/b><\/strong>.<\/li>\n<li>En zonas de alta altitud (por encima de 1000 metros), <strong><b>reducci\u00f3n de potencia<\/b><\/strong>Es necesario para la operaci\u00f3n.\n<ol start=\"3\">\n<li><b><\/b><strong><b>Requisitos de combustible<\/b><\/strong>:<\/li>\n<\/ol>\n<\/li>\n<li>El contenido de azufre del combustible utilizado en esta m\u00e1quina debe <strong><b>no exceda el 0,2%<\/b><\/strong>.\n<ol start=\"4\">\n<li><b><\/b><strong><b>Precauciones de seguridad<\/b><\/strong>:<\/li>\n<\/ol>\n<\/li>\n<li>Estrictamente <strong><b>prohibido<\/b><\/strong>En lugares con <strong><b>Gases inflamables y explosivos<\/b><\/strong>\u00a0(como gas y polvo de carb\u00f3n).<\/li>\n<\/ul>\n<p>Asegurar el cumplimiento de estas condiciones para un funcionamiento seguro y eficiente de la cargadora subterr\u00e1nea ZDL203BH.<\/p>\n<p><strong><b>DIBUJO T\u00c9CNICO Y DIMENSIONES:<\/b><\/strong><\/p>\n<h2><strong>Cargadora subterr\u00e1nea ZDL203BH: Especificaciones t\u00e9cnicas<\/strong><\/h2>\n<h3><strong><b>1. Dimensiones generales<\/b><\/strong><\/h3>\n<ul>\n<li><strong>Carga nominal<\/strong>: 3000 kg<\/li>\n<li><strong>Longitud total<\/strong>: 6820 mm\/ 7135mm<\/li>\n<li><strong>Ancho de la m\u00e1quina entera<\/strong>: 1640 mm\/1540mm<\/li>\n<li><strong>Altura total (incluida la cabina del conductor)<\/strong>: 2100 mm\/2150mm<\/li>\n<li><strong>Capacidad del cubo (SAE)<\/strong>: 1.5 m\u00b3<\/li>\n<li><strong>\u00c1ngulo de descarga<\/strong>: 40 \u00b0<\/li>\n<li><strong>Base de ruedas<\/strong>: 2511 mm<\/li>\n<li><strong>Liberaci\u00f3n m\u00ednima del suelo<\/strong>: \u2265 240 mm<\/li>\n<li><strong>\u00c1ngulo de salida<\/strong>: 14 \u00b0<\/li>\n<\/ul>\n<h3><strong><b>2. Peso de la m\u00e1quina<\/b><\/strong><\/h3>\n<ul>\n<li><strong>Peso vac\u00edo<\/strong>: 10800 kg \u00b1 300 kg<\/li>\n<li><strong>Peso de carga completa<\/strong>: 13800 kg \u00b1 300 kg<\/li>\n<\/ul>\n<h3>3. <strong><b>Capacidad operativa<\/b><\/strong><\/h3>\n<ul>\n<li><strong>Velocidad de viaje (engranajes)<\/strong>:<\/li>\n<\/ul>\n<ul>\n<li>Primera marcha: 5 km\/h<\/li>\n<li>Segunda marcha: 9 km\/h<\/li>\n<li>Tercera marcha: 19 km\/h<\/li>\n<li>Cuarta marcha: 20 km\/h\n<ul>\n<li><strong>Capacidad de escalada<\/strong>: 14 \u00b0<\/li>\n<li><strong>Fuerza de tracci\u00f3n m\u00e1xima<\/strong>: \u2265 80 kN<\/li>\n<li><strong>Fuerza m\u00e1xima de la pala (SAE)<\/strong>: \u2265 70kN<\/li>\n<\/ul>\n<\/li>\n<\/ul>\n<h3>4. <strong><b>Tanques de combustible e hidr\u00e1ulicos<\/b><\/strong><\/h3>\n<ul>\n<li><strong>Capacidad del tanque de combustible<\/strong>: 130 L<\/li>\n<li><strong>Capacidad del tanque de aceite hidr\u00e1ulico<\/strong>: 130 L<\/li>\n<\/ul>\n<h3>5. <strong><b>Direcci\u00f3n<\/b><\/strong><\/h3>\n<ul>\n<li><strong>Direcci\u00f3n asistida hidr\u00e1ulica articulada central<\/strong><\/li>\n<li><strong>Radio m\u00ednimo de giro<\/strong>:<\/li>\n<\/ul>\n<ul>\n<li>Dentro: 2600\/2630\u00b1 200 mm<\/li>\n<li>Outer: 5000\/4650\u00b1 200 mm<\/li>\n<\/ul>\n<h2><strong>Configuraci\u00f3n principal<\/strong><\/h2>\n<h3><strong><b>1. Motor<\/b><\/strong><\/h3>\n<ul>\n<li><strong>planta de fabricaci\u00f3n<\/strong>: Deutz<\/li>\n<li><strong>modelo<\/strong>: F6L914<\/li>\n<li><strong>Tipo<\/strong>Motor diesel refrigerado por aire, sin turbocompresor<\/li>\n<li><strong>Potencia nominal<\/strong>79 kW a 2300 rpm<\/li>\n<\/ul>\n<h3><strong><b>2. Convertidor de par hidr\u00e1ulico<\/b><\/strong><\/h3>\n<ul>\n<li><strong>modelo<\/strong>: YJ315,<\/li>\n<li>Equivalente ChinoModelo de DANA 272<\/li>\n<\/ul>\n<h3><strong><b>3. Transmisi\u00f3n<\/b><\/strong><\/h3>\n<ul>\n<li><strong>modelo<\/strong>: YD13 644 159A,<\/li>\n<li>Equivalente ChinoModelo de la serie DANA 20000<\/li>\n<\/ul>\n<h3><strong><b>4. Eje de accionamiento<\/b><\/strong><\/h3>\n<ul>\n<li><strong>modelo<\/strong>: 5, MEITONG<\/li>\n<li><strong>Tipo<\/strong>Eje de accionamiento planetario r\u00edgido sin diferencial SPIN<\/li>\n<\/ul>\n<h3><strong><b>5. Sistema hidr\u00e1ulico<\/b><\/strong><\/h3>\n<ul>\n<li><strong>Freno de trabajo<\/strong>Freno multidisco h\u00famedo con muelle aplicado y liberaci\u00f3n hidr\u00e1ulica<\/li>\n<li><strong>Freno de estacionamiento<\/strong>: resorte aplicado, hidr\u00e1ulico liberado<\/li>\n<li><strong>V\u00e1lvula multiv\u00eda<\/strong>: Fuerza del aceite<\/li>\n<li><strong>Bomba de engranajes<\/strong>: PERMCO<\/li>\n<\/ul>","protected":false},"excerpt":{"rendered":"<p><img decoding=\"async\" class=\"alignnone size-medium wp-image-1843\" src=\"http:\/\/www.zongdamining.com\/wp-content\/uploads\/2024\/02\/IMG_473b894a97c94352b477b4c0f69fa45c-300x157.png\" alt=\"\" width=\"300\" height=\"157\" srcset=\"https:\/\/www.zongdamining.com\/wp-content\/uploads\/2024\/02\/IMG_473b894a97c94352b477b4c0f69fa45c-300x157.png 300w, https:\/\/www.zongdamining.com\/wp-content\/uploads\/2024\/02\/IMG_473b894a97c94352b477b4c0f69fa45c-600x314.png 600w, https:\/\/www.zongdamining.com\/wp-content\/uploads\/2024\/02\/IMG_473b894a97c94352b477b4c0f69fa45c.png 650w\" sizes=\"(max-width: 300px) 100vw, 300px\" \/><\/p>\n<p>La cargadora subterr\u00e1nea ZDL203 es un equipo de carga de pala sin v\u00eda y transporte de corta distancia dise\u00f1ado y fabricado espec\u00edficamente para minas subterr\u00e1neas<\/p>","protected":false},"featured_media":3096,"comment_status":"closed","ping_status":"closed","template":"","meta":{"_acf_changed":false},"product_brand":[],"product_cat":[15],"product_tag":[],"class_list":{"0":"post-1842","1":"product","2":"type-product","3":"status-publish","4":"has-post-thumbnail","6":"product_cat-trackless-mining-equipment","8":"first","9":"instock","10":"shipping-taxable","11":"product-type-simple"},"acf":[],"_links":{"self":[{"href":"https:\/\/www.zongdamining.com\/es\/wp-json\/wp\/v2\/product\/1842","targetHints":{"allow":["GET"]}}],"collection":[{"href":"https:\/\/www.zongdamining.com\/es\/wp-json\/wp\/v2\/product"}],"about":[{"href":"https:\/\/www.zongdamining.com\/es\/wp-json\/wp\/v2\/types\/product"}],"replies":[{"embeddable":true,"href":"https:\/\/www.zongdamining.com\/es\/wp-json\/wp\/v2\/comments?post=1842"}],"wp:featuredmedia":[{"embeddable":true,"href":"https:\/\/www.zongdamining.com\/es\/wp-json\/wp\/v2\/media\/3096"}],"wp:attachment":[{"href":"https:\/\/www.zongdamining.com\/es\/wp-json\/wp\/v2\/media?parent=1842"}],"wp:term":[{"taxonomy":"product_brand","embeddable":true,"href":"https:\/\/www.zongdamining.com\/es\/wp-json\/wp\/v2\/product_brand?post=1842"},{"taxonomy":"product_cat","embeddable":true,"href":"https:\/\/www.zongdamining.com\/es\/wp-json\/wp\/v2\/product_cat?post=1842"},{"taxonomy":"product_tag","embeddable":true,"href":"https:\/\/www.zongdamining.com\/es\/wp-json\/wp\/v2\/product_tag?post=1842"}],"curies":[{"name":"WP","href":"https:\/\/api.w.org\/{rel}","templated":true}]}}