{"id":1854,"date":"2024-03-04T14:33:58","date_gmt":"2024-03-04T06:33:58","guid":{"rendered":"https:\/\/www.zongdamining.com\/?post_type=product&#038;p=1854"},"modified":"2026-04-24T14:22:31","modified_gmt":"2026-04-24T06:22:31","slug":"zdl201-underground-loader-0-6m%c2%b3bucket-volume-with-1-2-ton-tramming-capacity","status":"publish","type":"product","link":"https:\/\/www.zongdamining.com\/es\/product\/zdl201-underground-loader-0-6m%c2%b3bucket-volume-with-1-2-ton-tramming-capacity\/","title":{"rendered":"ZDL201 Cargador subterr\u00e1neo 0.6m\u00b3 Volumen de cubo con capacidad de tranv\u00eda de 1.2 toneladas"},"content":{"rendered":"<p><img fetchpriority=\"high\" decoding=\"async\" class=\"alignnone wp-image-1855 size-full\" src=\"http:\/\/www.zongdamining.com\/wp-content\/uploads\/2024\/03\/ZDL201-Underground-Loader.jpg\" alt=\"\" width=\"689\" height=\"459\" srcset=\"https:\/\/www.zongdamining.com\/wp-content\/uploads\/2024\/03\/ZDL201-Underground-Loader.jpg 689w, https:\/\/www.zongdamining.com\/wp-content\/uploads\/2024\/03\/ZDL201-Underground-Loader-300x200.jpg 300w, https:\/\/www.zongdamining.com\/wp-content\/uploads\/2024\/03\/ZDL201-Underground-Loader-600x400.jpg 600w\" sizes=\"(max-width: 689px) 100vw, 689px\" \/><\/p>\n<ol>\n<li><b><\/b><strong>Caracter\u00edsticas de rendimiento del producto y<\/strong><strong><strong>Caracter\u00edsticas<br \/>\n<\/strong><\/strong><\/p>\n<ul>\n<li>ZDL201 es un LHD diesel de 1.2t dise\u00f1ado para la miner\u00eda subterr\u00e1nea y el transporte de minerales met\u00e1licos. El equipo es compacto en tama\u00f1o y peque\u00f1o en radio de giro, lo que es adecuado para el funcionamiento en t\u00faneles estrechos.<\/li>\n<\/ul>\n<p>&nbsp;<\/p>\n<ul>\n<li>El motor adopta la \u00faltima generaci\u00f3n de motor de baja contaminaci\u00f3n de alta potencia D914L04 de Deutz, con una fuerte potencia y un excelente rendimiento.<\/li>\n<\/ul>\n<p>&nbsp;<\/p>\n<p>3) 6.3 el silenciador adopta el purificador de silenciador de escape seco de platino canadiense ECS, que reduce la contaminaci\u00f3n del aire y mejora el entorno de operaci\u00f3n del agujero inferior<\/p>\n<ul>\n<li>Se adoptan la bomba de desplazamiento variable de la serie Linde 55 de Alemania y el motor hidr\u00e1ulico de desplazamiento variable de la \u00faltima generaci\u00f3n de la serie 55 de Sauer Danfoss de los Estados Unidos, que es diferente de los antiguos fabricantes de las series PV22 y MV23. El sistema hidr\u00e1ulico Linde de Alemania y el sistema hidr\u00e1ulico Sauer de los Estados Unidos son marcas internacionalmente famosas, con una baja tasa de fallas y una perfecta coincidencia. Han logrado la mejor coincidencia con el motor DEUTZ, es decir, pueden dar pleno juego a la m\u00e1xima eficiencia del motor, garantizar efectivamente la vida \u00fatil de todo el veh\u00edculo y el eje, reducir el costo de mantenimiento y mejorar la tasa de asistencia del equipo y la eficiencia de la extracci\u00f3n de mineral.<\/li>\n<\/ul>\n<p>&nbsp;<\/p>\n<p>5) Acero de baja aleaci\u00f3n Q345B se selecciona como el material principal para el marco y la placa de todo el veh\u00edculo. El l\u00edmite inferior de rendimiento de este material es de aproximadamente 345mpa, que puede soportar varias cargas desde el interior y el exterior del veh\u00edculo. No solo est\u00e1 garantizado en resistencia, sino tambi\u00e9n soldado y formado a trav\u00e9s de siete procesos como la normalizaci\u00f3n, el envejecimiento, el chorro de arena y la anticorrosi\u00f3n. Por lo tanto, cumple con los requisitos del marco y el dispositivo de trabajo para la estructura, la potencia y el movimiento.<\/p>\n<p>&nbsp;<\/p>\n<p>6) El eje PC15 pesado se selecciona como el eje de accionamiento. En comparaci\u00f3n con el eje ligero de otros fabricantes, es duradero y tiene una alta resistencia al impacto, lo que reduce la tasa de falla. El eje de accionamiento es un eje de accionamiento h\u00famedo normalmente cerrado. A trav\u00e9s del frenado de resorte y la liberaci\u00f3n hidr\u00e1ulica, se mejoran la fiabilidad y la seguridad. Es adecuado para condiciones complejas de carretera subterr\u00e1nea y condiciones de carga de pala.<br \/>\n<img decoding=\"async\" class=\"alignnone wp-image-1856 size-full\" src=\"http:\/\/www.zongdamining.com\/wp-content\/uploads\/2024\/03\/ZDL201-Underground-Loader-1.jpg\" alt=\"\" width=\"511\" height=\"341\" srcset=\"https:\/\/www.zongdamining.com\/wp-content\/uploads\/2024\/03\/ZDL201-Underground-Loader-1.jpg 511w, https:\/\/www.zongdamining.com\/wp-content\/uploads\/2024\/03\/ZDL201-Underground-Loader-1-300x200.jpg 300w\" sizes=\"(max-width: 511px) 100vw, 511px\" \/><\/p>\n<table>\n<tbody>\n<tr>\n<td width=\"41\">No, no.<\/td>\n<td width=\"212\">Especificaciones<\/td>\n<td width=\"207\">Par\u00e1metros<\/td>\n<\/tr>\n<tr>\n<td width=\"41\">1<\/td>\n<td width=\"212\">Capacidad del cubo<\/td>\n<td width=\"207\">0.6m\u00b3<\/td>\n<\/tr>\n<tr>\n<td width=\"41\">2<\/td>\n<td width=\"212\">Capacidad de carga nominal<\/td>\n<td width=\"207\">1.2t<\/td>\n<\/tr>\n<tr>\n<td width=\"41\">3<\/td>\n<td width=\"212\">Fuerza m\u00e1xima de pala<\/td>\n<td width=\"207\">42 KN<\/td>\n<\/tr>\n<tr>\n<td width=\"41\">4<\/td>\n<td width=\"212\">Tracci\u00f3n m\u00e1xima<\/td>\n<td width=\"207\">40 KN<\/td>\n<\/tr>\n<tr>\n<td width=\"41\">5<\/td>\n<td width=\"212\">Altura m\u00e1xima de descarga<\/td>\n<td width=\"207\">735 mm<\/td>\n<\/tr>\n<tr>\n<td width=\"41\">6<\/td>\n<td width=\"212\">Distancia m\u00ednima de descarga<\/td>\n<td width=\"207\">1015\u00a0mm<\/td>\n<\/tr>\n<tr>\n<td width=\"41\">7<\/td>\n<td width=\"212\">Altura m\u00e1xima de levantamiento de cubos<\/td>\n<td width=\"207\">2024 mm<\/td>\n<\/tr>\n<tr>\n<td width=\"41\">8<\/td>\n<td width=\"212\">Tiempo de acci\u00f3n del dispositivo de trabajo<\/p>\n<p>ermany<\/td>\n<td width=\"207\">10 segundos<\/p>\n<p>&nbsp;<\/p>\n<p>&nbsp;<\/td>\n<\/tr>\n<tr>\n<td width=\"41\">9<\/td>\n<td width=\"212\">Capacidad de escalada (carga completa)<\/td>\n<td width=\"207\">\u2264 16 \u00b0<\/td>\n<\/tr>\n<tr>\n<td width=\"41\">10<\/td>\n<td width=\"212\">Radio m\u00ednimo de giro<\/td>\n<td width=\"207\">Exterior 3460 mm<\/p>\n<p>Dentro 1907 mm<\/td>\n<\/tr>\n<tr>\n<td width=\"41\">11<\/td>\n<td width=\"212\">\u00c1ngulo m\u00e1ximo de direcci\u00f3n (izquierda\/derecha)<\/td>\n<td width=\"207\">38 \u00b0<\/td>\n<\/tr>\n<tr>\n<td width=\"41\">12<\/td>\n<td width=\"212\">\u00c1ngulo de salida<\/td>\n<td width=\"207\">16 \u00b0<\/td>\n<\/tr>\n<tr>\n<td width=\"41\">13<\/td>\n<td width=\"212\">Velocidad de viaje (bidireccional)<\/td>\n<td width=\"207\">0-6 km\/h<\/td>\n<\/tr>\n<tr>\n<td width=\"41\">14<\/td>\n<td width=\"212\">Modelo \/ potencia del motor diesel<\/td>\n<td width=\"207\">DEUTZ D914L04\/ 58kW,<\/td>\n<\/tr>\n<tr>\n<td width=\"41\">&nbsp;<\/p>\n<p>15<\/td>\n<td width=\"212\">&nbsp;<\/p>\n<p>Sistema de frenado<\/td>\n<td width=\"207\">Integra el freno de trabajo y el freno de estacionamiento, adopta el freno de muelle y el freno de liberaci\u00f3n hidr\u00e1ulico<\/td>\n<\/tr>\n<tr>\n<td width=\"41\">16<\/td>\n<td width=\"212\">Dimensiones (L x W x H)<\/td>\n<td width=\"207\">5106x1160x1840 mm<\/td>\n<\/tr>\n<tr>\n<td width=\"41\">17<\/td>\n<td width=\"212\">Peso total de la m\u00e1quina<\/td>\n<td width=\"207\">5t<\/td>\n<\/tr>\n<\/tbody>\n<\/table>\n<p>7) El manguito de cobre de toda la m\u00e1quina est\u00e1 hecho de lat\u00f3n de alta resistencia y radialmente incrustado con la carga de grafito cil\u00edndrico ordenado como el material de fricci\u00f3n. La lubricaci\u00f3n s\u00f3lida incrustada es f\u00e1cil de formar una pel\u00edcula de lubricaci\u00f3n, que desempe\u00f1a un gran papel en su rendimiento de fricci\u00f3n y desgaste. Tiene las ventajas de alta precisi\u00f3n, fuerte capacidad de rodamiento y buena resistencia al desgaste.<\/p>\n<p>&nbsp;<\/p>\n<p>8) El eje del pasador est\u00e1 hecho de acero aleado de 40Cr, que necesita someterse a cinco procesos que incluyen torneo duro, templado y templado, torneo fino, templado y molienda fina para garantizar la estabilidad del eje del pasador de ZONGDA ZDL201 durante el per\u00edodo de trabajo.<\/p>\n<p>&nbsp;<\/p>\n<p>9) El tanque de aceite hidr\u00e1ulico adopta la tecnolog\u00eda de lavado \u00e1cido y tratamiento a alta presi\u00f3n, que es diferente de la limpieza manual de otros fabricantes, garantizando as\u00ed la limpieza del sistema hidr\u00e1ulico y haciendo que la bomba y el motor duren m\u00e1s tiempo.<\/p>\n<p>10) se adopta el dise\u00f1o de oscilaci\u00f3n del eje trasero con el rodamiento giratorio intermedio, lo que hace que la estructura sea m\u00e1s razonable y la comodidad y la seguridad de manejo sean mejores.<\/p>\n<p>&nbsp;<\/p>\n<p>11) el dispositivo de protecci\u00f3n de seguimiento de todo el proceso se a\u00f1ade al cilindro de aceite para proteger la varilla de pist\u00f3n del cilindro de aceite de las piedras que caen, proteger eficazmente el cilindro de aceite y prolongar la vida \u00fatil.<\/p>\n<p>&nbsp;<\/p>\n<p>12) todos los tubos y conectores de aceite hidr\u00e1ulico est\u00e1n hechos de marcas bien conocidas importadas, como la marca Ma y Goodyear, y la vida \u00fatil se extiende en gran medida.<\/p>\n<p>13) la cuchilla est\u00e1 hecha de placa especial resistente al desgaste 500 de Baosteel, que es resistente al desgaste y resistente al cizallamiento, 1,5-2 veces la vida \u00fatil de la placa de acero resistente al desgaste ordinaria.<\/li>\n<li><strong>Dimensi\u00f3n del esquema<\/strong><strong><strong>dibujos<br \/>\n<img decoding=\"async\" class=\"alignnone size-medium wp-image-1857\" src=\"http:\/\/www.zongdamining.com\/wp-content\/uploads\/2024\/03\/Outline-dimension-drawings-192x300.jpg\" alt=\"\" width=\"192\" height=\"300\" srcset=\"https:\/\/www.zongdamining.com\/wp-content\/uploads\/2024\/03\/Outline-dimension-drawings-192x300.jpg 192w, https:\/\/www.zongdamining.com\/wp-content\/uploads\/2024\/03\/Outline-dimension-drawings-655x1024.jpg 655w, https:\/\/www.zongdamining.com\/wp-content\/uploads\/2024\/03\/Outline-dimension-drawings-768x1201.jpg 768w, https:\/\/www.zongdamining.com\/wp-content\/uploads\/2024\/03\/Outline-dimension-drawings-600x938.jpg 600w, https:\/\/www.zongdamining.com\/wp-content\/uploads\/2024\/03\/Outline-dimension-drawings.jpg 798w\" sizes=\"(max-width: 192px) 100vw, 192px\" \/><br \/>\n<\/strong><\/strong><\/p>\n<h2><span style=\"font-size: 14pt;\"><b>4.\u00a0<\/b><strong><b>Tecnolog\u00eda de procesamiento de productos ZONGDA<br \/>\n<\/b><\/strong><\/span><\/h2>\n<ol>\n<li><b><\/b><strong><b>l<\/b><\/strong>centro de corte y soldadura para asegurar el entorno de proceso y los requisitos de equipo para el procesamiento de piezas estructurales.<\/li>\n<\/ol>\n<p>&nbsp;<\/p>\n<ol start=\"2\">\n<li><b><\/b>La estructura del marco es procesada por un centro de mecanizado CNC a gran escala. Se sujeta una vez y los orificios dobles se taladran una vez para garantizar la precisi\u00f3n del mecanizado.<\/li>\n<\/ol>\n<p>&nbsp;<\/p>\n<ol start=\"3\">\n<li><strong><b>3<\/b><\/strong><strong><b>.<\/b><\/strong>Se utilizar\u00e1 un horno de recocido grande para llevar a cabo un tratamiento t\u00e9rmico de recocido de una sola vez para evitar la deformaci\u00f3n y las grietas causadas por la tensi\u00f3n del bastidor. Fabricaci\u00f3n y procesamiento de piezas remachadas y soldadas como bastidor delantero y trasero, brazo y cubo:<\/li>\n<\/ol>\n<p><strong><b>Tecnolog\u00eda de procesamiento de las partes principales del cilindro de aceite:<\/b><\/strong><\/p>\n<ul>\n<li>cilindro de barril: soldado aceite puerto de afinaci\u00f3n para asegurar el cilindro de barril fuera de redondeza.<\/li>\n<li>varilla de pist\u00f3n: hecha de material 40CrMo, el proceso es: forja &#8211; giro duro &#8211; enfriamiento y templado &#8211; giro fino &#8211; aburrido &#8211; molienda &#8211; chapado de cromo duro &#8211; pulido.  \u00fc<\/li>\n<\/ul>\n<p><strong><b>Tecnolog\u00eda de procesamiento de piezas de eje principal:<\/b><\/strong><\/p>\n<ul>\n<li>\n<ol start=\"3\">\n<li>El veh\u00edculo debe ser inspeccionado de acuerdo con los requisitos de seguridad gb25518-2010 y JB \/ t5500-2015 para LHD subterr\u00e1neo antes de salir de la f\u00e1brica. La compa\u00f1\u00eda tiene un sitio de prueba a gran escala para simular las condiciones de trabajo y probar el equipo para asegurarse de que los productos entregados cumplan los requisitos de dise\u00f1o y se entregan al cliente. giro duro &#8211; enfriamiento y templado &#8211; giro fino &#8211; apagado &#8211; molienda<br \/>\n<h2><span style=\"font-size: 14pt;\"><b>5. <\/b><strong><b>Proceso de montaje y control de calidad<\/b><\/strong><\/span><\/h2>\n<p><img loading=\"lazy\" decoding=\"async\" class=\"alignnone size-medium wp-image-1858\" src=\"http:\/\/www.zongdamining.com\/wp-content\/uploads\/2024\/03\/Assembly-process-and-quality-control-300x212.jpg\" alt=\"\" width=\"300\" height=\"212\" srcset=\"https:\/\/www.zongdamining.com\/wp-content\/uploads\/2024\/03\/Assembly-process-and-quality-control-300x212.jpg 300w, https:\/\/www.zongdamining.com\/wp-content\/uploads\/2024\/03\/Assembly-process-and-quality-control-768x543.jpg 768w, https:\/\/www.zongdamining.com\/wp-content\/uploads\/2024\/03\/Assembly-process-and-quality-control-600x424.jpg 600w, https:\/\/www.zongdamining.com\/wp-content\/uploads\/2024\/03\/Assembly-process-and-quality-control.jpg 781w\" sizes=\"(max-width: 300px) 100vw, 300px\" \/><\/p>\n<ol>\n<li>Todos los productos de ZONGDA se ensamblan en estricta conformidad con los documentos del proceso de ensamblaje aprobados e instrucciones de operaci\u00f3n, y se rastrean, inspeccionan y registran de manera exhaustiva. Cada equipo y piezas son rastreables.<\/li>\n<\/ol>\n<p>&nbsp;<\/p>\n<ol start=\"2\">\n<li>Todo el proceso de producci\u00f3n de ZONGDA est\u00e1 sujeto a un control de calidad integral de acuerdo con el sistema ISO9001. Se proporciona el proceso de montaje preciso y el control de calidad perfecto. Tiene talleres estandarizados, trabajadores de montaje estrictamente capacitados y utiliza estrictamente el sistema de producci\u00f3n ERP para la gesti\u00f3n. Todo el proceso se gestiona de forma transparente y cada enlace se domina en tiempo real.<\/li>\n<\/ol>\n<ol start=\"3\">\n<li>El veh\u00edculo debe ser inspeccionado de acuerdo con los requisitos de seguridad gb25518-2010 y JB \/ t5500-2015 para LHD subterr\u00e1neo antes de salir de la f\u00e1brica. La empresa cuenta con un sitio de pruebas a gran escala para simular las condiciones de trabajo y probar el equipo para asegurarse de que los productos entregados cumplan los requisitos de dise\u00f1o y se entregan al cliente.<strong>6.La configuraci\u00f3n principal del todo<\/strong><strong>m\u00e1quina<br \/>\n<\/strong><strong><b>7<\/b><\/strong><strong><b>. <\/b><\/strong><strong><strong><b>Servicio posventa<br \/>\n<\/b><\/strong><\/strong><strong><b>(1) Antes y despu\u00e9s de la venta<\/b><\/strong>Pre-sale: According to the needs of customers, our company will arrange technicians to arrive at the mine site at the first time, communicate with customers to understand the customer&#8217;s requirements for the use of equipment, answer questions, and go down to the well to inspect the site conditions, put forward rationalization suggestions, help customers to prepare in advance and select equipment, so that the equipment can be put into use at the first time after arriving at the customer&#8217;s site. After-sales: After the equipment arrives at the demander site, our company dispatches after-sales service personnel to assist in the safe delivery of the equipment to the demander.Location of equipment and installation and commissioning of equipment until normal use.After the installation and commissioning of the LHD, our staff is responsible for training your driving and maintenance personnel until they are skilled in operating the equipment, master basic maintenance knowledge and daily precautions.<\/p>\n<p><strong><b>Calendario del curso:<\/b><\/strong><\/p>\n<ul>\n<li>Comprensi\u00f3n de LHD<\/li>\n<li>Explicaci\u00f3n de los componentes de LHD\n<ul>\n<li>Desmontaje del raspador<\/li>\n<li>Especificaciones de funcionamiento para LHD<\/li>\n<li>Revisi\u00f3n y mantenimiento de LHD<\/li>\n<li>Soluci\u00f3n de problemas comunes<\/li>\n<\/ul>\n<p>Si es necesario, puede enviar personal de mantenimiento para estudiar en nuestra empresa hasta que est\u00e9 capacitado en la reparaci\u00f3n del equipo. Nuestra empresa ofrece alojamiento y comidas. Si hay alg\u00fan problema con el producto durante el per\u00edodo de garant\u00eda, nos apresuraremos a su sitio lo antes posible para reparaci\u00f3n y reemplazo gratuitos. Fuera del per\u00edodo de garant\u00eda<\/p>\n<p>Le ofrecemos un excelente servicio a precio.<\/p>\n<p><strong><b>(2) Tiempo de respuesta para resolver problemas de calidad y operacionales<\/b><\/strong><\/p>\n<p>No importa dentro o fuera del per\u00edodo de garant\u00eda, si hay un problema t\u00e9cnico con el raspador en el futuro y no puede eliminarlo por s\u00ed mismo, la compa\u00f1\u00eda enviar\u00e1 personal profesional y t\u00e9cnico al sitio para la reparaci\u00f3n dentro de las 8-12 horas despu\u00e9s de recibir su aviso. La empresa siempre est\u00e1 lista para brindar soporte t\u00e9cnico cuando necesite consultar sobre problemas t\u00e9cnicos en uso. La empresa lleva a cabo un sistema de visita de retorno regular de 3 meses y env\u00eda personal posventa al sitio cada tres meses para comprobar el uso y ayudar a resolver el problema.<\/p>\n<p><strong><b>(3) Programa y duraci\u00f3n de mantenimiento gratis<\/b><\/strong><\/p>\n<ul>\n<li>Las partes de la estructura del producto (brazo, marco delantero, marco trasero) est\u00e1n garantizadas para el uso normal durante 24 meses;<\/li>\n<li>Otros componentes est\u00e1n garantizados por 12 meses a partir de la fecha de entrega al demandante&#8217; s locales, excepto para el fabricante de motores&#8217; regulaciones y partes fr\u00e1giles.<\/li>\n<li><b><\/b><strong><strong><b>Horario de servicio posventa<\/b><\/strong><\/strong><br \/>\n<table>\n<tbody>\n<tr>\n<td width=\"83\"><strong>SN.<\/strong><\/td>\n<td width=\"256\"><strong><b>Horario de servicio posventa<\/b><\/strong><\/td>\n<td width=\"438\"><strong><b>Contenido del servicio posventa<\/b><\/strong><\/td>\n<td width=\"168\"><strong><b>\u00a0\u00a0\u00a0\u00a0\u00a0<\/b><\/strong><strong><b>Observaciones<\/b><\/strong><\/td>\n<\/tr>\n<tr>\n<td width=\"83\"><strong>\u00a0<\/strong><\/p>\n<p><strong>\u00a0<\/strong><\/p>\n<p><strong>1<\/strong><\/td>\n<td width=\"256\">&nbsp;<\/p>\n<p>Despu\u00e9s de que el contrato entre en vigor<\/td>\n<td width=\"438\">Nuestros t\u00e9cnicos postventa llegan al sitio de uso junto con el equipo para la instalaci\u00f3n y puesta en marcha, y participan en la prueba de ejecuci\u00f3n, evaluaci\u00f3n de rendimiento y aceptaci\u00f3n final del equipo organizado por el uso.<\/td>\n<td width=\"168\">gratis<\/p>\n<p>Admisi\u00f3n<\/td>\n<\/tr>\n<tr>\n<td width=\"83\"><strong>\u00a0<\/strong><\/p>\n<p><strong>2<\/strong><\/td>\n<td width=\"256\">&nbsp;<\/p>\n<p>Despu\u00e9s de la aceptaci\u00f3n<\/td>\n<td width=\"438\">Los operadores est\u00e1n capacitados en mantenimiento y operaci\u00f3n para garantizar su competencia en habilidades b\u00e1sicas.<\/td>\n<td width=\"168\">Admisi\u00f3n gratuita<\/td>\n<\/tr>\n<tr>\n<td width=\"83\"><strong>\u00a0<\/strong><\/p>\n<p><strong>3<\/strong><\/td>\n<td width=\"256\">&nbsp;<\/p>\n<p>Sistema de devoluci\u00f3n regular<\/td>\n<td width=\"438\">Visitas regulares a los clientes cada 3 meses para escuchar cuidadosamente las sugerencias de uso y ayudar a resolver problemas.<\/td>\n<td width=\"168\">Admisi\u00f3n gratuita<\/td>\n<\/tr>\n<tr>\n<td width=\"83\"><strong>\u00a0<\/strong><\/p>\n<p><strong>\u00a0<\/strong><\/p>\n<p><strong>4<\/strong><\/td>\n<td width=\"256\">&nbsp;<\/p>\n<p>Fallo de emergencia, servicio en el sitio<\/td>\n<td width=\"438\">En caso de falla del equipo, responder dentro de 1 hora despu\u00e9s de recibir la notificaci\u00f3n y enviar personal de mantenimiento profesional para usar el sitio dentro de 12 horas.<\/td>\n<td width=\"168\">&nbsp;<\/p>\n<p>Admisi\u00f3n gratuita<\/td>\n<\/tr>\n<\/tbody>\n<\/table>\n<\/li>\n<\/ul>\n<\/li>\n<\/ul>\n<p>&nbsp;<\/p>\n<p>&nbsp;<\/li>\n<\/ol>\n<\/li>\n<\/ol>\n<\/li>\n<\/ul>\n<h2><span style=\"font-size: 14pt;\"><strong><b>\u00a0<\/b><\/strong><\/span><\/h2>\n<\/li>\n<\/ol>","protected":false},"excerpt":{"rendered":"<div data-page-id=\"TuRhfMi8qdz6R2cFsDacK0eJnlg\" data-lark-html-role=\"root\" data-docx-has-block-data=\"false\">\n<div class=\"ace-line ace-line old-record-id-XsvCfwGTzdHtjpc4jiBcxKa3nTc\">ZDL201, a 1.2t diesel LHD, is an underground transportation equipment designed for underground metal ore mining and transportation, suitable for operation in narrow tunnels, featuring high-performance international brand hydraulic system and durable heavy-duty drive axle.<\/div>\n<\/div>","protected":false},"featured_media":3153,"comment_status":"open","ping_status":"closed","template":"","meta":{"_acf_changed":false},"product_brand":[],"product_cat":[15],"product_tag":[],"class_list":{"0":"post-1854","1":"product","2":"type-product","3":"status-publish","4":"has-post-thumbnail","6":"product_cat-trackless-mining-equipment","8":"first","9":"instock","10":"shipping-taxable","11":"product-type-simple"},"acf":[],"_links":{"self":[{"href":"https:\/\/www.zongdamining.com\/es\/wp-json\/wp\/v2\/product\/1854","targetHints":{"allow":["GET"]}}],"collection":[{"href":"https:\/\/www.zongdamining.com\/es\/wp-json\/wp\/v2\/product"}],"about":[{"href":"https:\/\/www.zongdamining.com\/es\/wp-json\/wp\/v2\/types\/product"}],"replies":[{"embeddable":true,"href":"https:\/\/www.zongdamining.com\/es\/wp-json\/wp\/v2\/comments?post=1854"}],"wp:featuredmedia":[{"embeddable":true,"href":"https:\/\/www.zongdamining.com\/es\/wp-json\/wp\/v2\/media\/3153"}],"wp:attachment":[{"href":"https:\/\/www.zongdamining.com\/es\/wp-json\/wp\/v2\/media?parent=1854"}],"wp:term":[{"taxonomy":"product_brand","embeddable":true,"href":"https:\/\/www.zongdamining.com\/es\/wp-json\/wp\/v2\/product_brand?post=1854"},{"taxonomy":"product_cat","embeddable":true,"href":"https:\/\/www.zongdamining.com\/es\/wp-json\/wp\/v2\/product_cat?post=1854"},{"taxonomy":"product_tag","embeddable":true,"href":"https:\/\/www.zongdamining.com\/es\/wp-json\/wp\/v2\/product_tag?post=1854"}],"curies":[{"name":"WP","href":"https:\/\/api.w.org\/{rel}","templated":true}]}}