{"id":2605,"date":"2025-08-27T16:42:57","date_gmt":"2025-08-27T08:42:57","guid":{"rendered":"https:\/\/www.zongdamining.com\/?post_type=product&#038;p=2605"},"modified":"2026-03-13T13:49:44","modified_gmt":"2026-03-13T05:49:44","slug":"zdru-10-personnel-carrier","status":"publish","type":"product","link":"https:\/\/www.zongdamining.com\/es\/product\/zdru-10-personnel-carrier\/","title":{"rendered":"ZDRU-10 4WD Transportador de personal subterr\u00e1neo para seguridad &#038; Mina subterr\u00e1nea eficiente"},"content":{"rendered":"<p><span style=\"font-family: 'arial black', sans-serif;\"><strong><b>El pasajero sin v\u00eda ZDRU-10 <\/b><\/strong><strong><b>cami\u00f3n<\/b><\/strong><strong><b>\u00a0es un equipo de transporte sin v\u00eda dise\u00f1ado y fabricado espec\u00edficamente para minas subterr\u00e1neas.<\/b><\/strong><\/span><\/p>\n<p>&nbsp;<\/p>\n<p><span style=\"font-family: arial, helvetica, sans-serif; font-size: 12pt;\">El <strong><b>Transporte de personal ZDRU-10<\/b><\/strong>\u00a0es impulsado por un motor di\u00e9sel, con transmisi\u00f3n mec\u00e1nica hidr\u00e1ulica, tracci\u00f3n a las cuatro ruedas, conducci\u00f3n hacia adelante, direcci\u00f3n hidr\u00e1ulica del eje delantero, gran \u00e1ngulo de direcci\u00f3n, giro flexible y radio peque\u00f1o. Es adecuado para operaciones de carretera de secci\u00f3n media.<\/span><\/p>\n<p><span style=\"font-family: arial, helvetica, sans-serif; font-size: 12pt;\"><b><\/b><strong><b>\u00a0 \u00a0 \u00a01.Caracter\u00edsticas t\u00e9cnicas<\/b><\/strong>:<\/span><\/p>\n<ul>\n<li><span style=\"font-family: arial, helvetica, sans-serif; font-size: 12pt;\"><strong><b>Sistema de alimentaci\u00f3n<\/b><\/strong>El sistema de energ\u00eda adopta el motor de baja contaminaci\u00f3n enfriado por agua de Yunnei National III;<\/span><\/li>\n<li><span style=\"font-family: arial, helvetica, sans-serif; font-size: 12pt;\"><strong><b>Transmisi\u00f3n<\/b><\/strong>: El sistema de transmisi\u00f3n de potencia adopta una caja de cambios de potencia, un eje de freno h\u00famedo completamente cerrado y neum\u00e1ticos inflables resistentes al corte con patr\u00f3n de miner\u00eda;<\/span><\/li>\n<li><span style=\"font-family: arial, helvetica, sans-serif; font-size: 12pt;\"><strong><b>Sistema de frenado<\/b><\/strong>: El freno de conducci\u00f3n adopta frenos hidr\u00e1ulicos multi disco h\u00famedos; El freno de estacionamiento adopta una v\u00e1lvula direccional manual para controlar el freno de muelle del eje, que es seguro y fiable;<\/span><\/li>\n<li><span style=\"font-family: arial, helvetica, sans-serif; font-size: 12pt;\"><strong><b>Marco<\/b><\/strong>: El marco es una estructura integral con un rendimiento fiable;<\/span><\/li>\n<li><span style=\"font-family: arial, helvetica, sans-serif; font-size: 12pt;\">Adoptar una cabina cerrada es m\u00e1s seguro y c\u00f3modo.<\/span><\/li>\n<li><span style=\"font-family: arial, helvetica, sans-serif; font-size: 12pt;\">Adoptando una orientaci\u00f3n trasera para facilitar la entrada y salida del personal, con buena seguridad.<\/span><\/li>\n<\/ul>\n<p>&nbsp;<\/p>\n<p><span style=\"font-family: arial, helvetica, sans-serif; font-size: 12pt;\"><b><\/b><strong><b>\u00a0 \u00a0 \u00a02.Medidas de seguridad<\/b><\/strong>:<\/span><\/p>\n<ul>\n<li><span style=\"font-family: arial, helvetica, sans-serif; font-size: 12pt;\"><b><\/b><strong><b>Equipo de seguridad<\/b><\/strong>Los operadores deben usar cascos de seguridad, llevar dispositivos de auto-rescate y usar l\u00e1mparas de miner\u00eda al entrar en el pozo.<\/span><\/li>\n<li><span style=\"font-family: arial, helvetica, sans-serif; font-size: 12pt;\"><b><\/b><strong><b>Mantenimiento regular<\/b><\/strong>Inspecciones regulares y respuesta r\u00e1pida a los peligros ocultos.<\/span><\/li>\n<li><span style=\"font-family: arial, helvetica, sans-serif; font-size: 12pt;\"><b><\/b><strong><b>Sin mantenimiento durante la operaci\u00f3n<\/b><\/strong>Estrictamente prohibido llevar a cabo el mantenimiento mientras la m\u00e1quina est\u00e1 funcionando.<\/span><\/li>\n<li><span style=\"font-family: arial, helvetica, sans-serif; font-size: 12pt;\"><b><\/b><strong><b>Seguridad durante la soldadura\/corte<\/b><\/strong>Confirme la ausencia de materiales inflamables o explosivos antes del mantenimiento.<\/span><\/li>\n<li><span style=\"font-family: arial, helvetica, sans-serif; font-size: 12pt;\"><b><\/b><strong><b>Precauciones para tubos de escape<\/b><\/strong>Evite el contacto f\u00edsico con la tuber\u00eda de escape caliente.<\/span><\/li>\n<li><span style=\"font-family: arial, helvetica, sans-serif; font-size: 12pt;\"><b><\/b><strong><b>Mantenimiento del sistema hidr\u00e1ulico<\/b><\/strong>La presi\u00f3n debe ser aliviada antes de iniciar cualquier reparaci\u00f3n.<\/span><\/li>\n<\/ul>\n<p><span style=\"font-family: arial, helvetica, sans-serif; font-size: 12pt;\"><strong><b>Condiciones de uso para el <\/b><\/strong><strong><b>Transporte de personal ZDRU-10<\/b><\/strong><\/span><\/p>\n<p><span style=\"font-family: arial, helvetica, sans-serif; font-size: 12pt;\"><b><\/b><strong><b>\u00a0 \u00a0 \u00a0Especificaciones 1.Tunnel<\/b><\/strong>:<\/span><\/p>\n<ul>\n<li><span style=\"font-family: arial, helvetica, sans-serif; font-size: 12pt;\">Adecuado para t\u00faneles con un tama\u00f1o de secci\u00f3n transversal de <strong><b>5 metros (altura) \u00d7 <\/b><\/strong><strong><b>3<\/b><\/strong><strong><b>metros (ancho) y m\u00e1s<\/b><\/strong>.<\/span><\/li>\n<li><span style=\"font-family: arial, helvetica, sans-serif; font-size: 12pt;\">Requiere una <strong><b>placa superior firme<\/b><\/strong>.<\/span><\/li>\n<li><span style=\"font-family: arial, helvetica, sans-serif; font-size: 12pt;\">Radio m\u00ednimo de giro de <strong><b>\u2265 1<\/b><\/strong><strong><b>95<\/b><\/strong><strong><b>metros<\/b><\/strong>\u00a0en el exterior.<\/span><\/li>\n<li><span style=\"font-family: arial, helvetica, sans-serif; font-size: 12pt;\">La pendiente de la carretera debe ser <strong><b>\u2264 14 \u00b0<\/b><\/strong>.<\/span><\/li>\n<li><span style=\"font-family: arial, helvetica, sans-serif; font-size: 12pt;\">Adecuado <strong><b>ventilaci\u00f3n y drenaje<\/b><\/strong>en el lugar de trabajo.<\/span><\/li>\n<\/ul>\n<p><span style=\"font-family: arial, helvetica, sans-serif; font-size: 12pt;\"><b><\/b><strong><b>\u00a0 \u00a0 \u00a02.Factores ambientales<\/b><\/strong>:<\/span><\/p>\n<ul>\n<li><span style=\"font-family: arial, helvetica, sans-serif; font-size: 12pt;\">Temperatura ambiente dentro del t\u00fanel: <strong><b>-5\u00b0C a 40\u00b0C<\/b><\/strong>.<\/span><\/li>\n<li><span style=\"font-family: arial, helvetica, sans-serif; font-size: 12pt;\">Humedad relativa m\u00e1xima (a 25\u00b0C): <strong><b>No m\u00e1s del 85%<\/b><\/strong>.<\/span><\/li>\n<\/ul>\n<p><span style=\"font-family: arial, helvetica, sans-serif; font-size: 12pt;\"><b><\/b><strong><b>\u00a0 \u00a0 \u00a0 Requisitos 3.Fuel<\/b><\/strong>:<\/span><\/p>\n<ul>\n<li><span style=\"font-family: arial, helvetica, sans-serif; font-size: 12pt;\">El contenido de azufre del combustible utilizado en esta m\u00e1quina debe <strong><b>no exceda el 0,2%<\/b><\/strong>.<\/span><\/li>\n<\/ul>\n<p><span style=\"font-family: arial, helvetica, sans-serif; font-size: 12pt;\"><b><\/b><strong><b>\u00a0 \u00a0 \u00a0 4.Precauciones de seguridad<\/b><\/strong>:<\/span><\/p>\n<ul>\n<li><span style=\"font-family: arial, helvetica, sans-serif; font-size: 12pt;\">Estrictamente <strong><b>prohibido<\/b><\/strong>En lugares con <strong><b>Gases inflamables y explosivos<\/b><\/strong> (como gas y polvo de carb\u00f3n).<\/span><span style=\"font-family: arial, helvetica, sans-serif; font-size: 12pt;\"><strong style=\"font-size: 12pt;\"><b>1.1. Par\u00e1metros t\u00e9cnicos de toda la m\u00e1quina<\/b><\/strong><\/span><span style=\"font-family: arial, helvetica, sans-serif; font-size: 12pt;\"><strong><b>Capacidad nominal de pasajeros: <\/b><\/strong>10 personas<\/span><span style=\"font-family: arial, helvetica, sans-serif; font-size: 12pt;\"><strong><b>Velocidad m\u00e1xima de conducci\u00f3n en el engranaje I: <\/b><\/strong>14 km\/h<\/span><span style=\"font-family: arial, helvetica, sans-serif; font-size: 12pt;\"><strong><b>Segunda marcha:<\/b><\/strong>\u00a024 km\/h<\/span><span style=\"font-family: arial, helvetica, sans-serif; font-size: 12pt;\"><strong><b>Engranaje inverso I: <\/b><\/strong>14 km\/h<\/span><span style=\"font-family: arial, helvetica, sans-serif; font-size: 12pt;\"><strong><b>Capacidad m\u00e1xima de escalada (carga pesada):<\/b><\/strong>14 \u00b0<\/span><span style=\"font-family: arial, helvetica, sans-serif; font-size: 12pt;\"><strong><b>Fuerza de tracci\u00f3n m\u00e1xima: <\/b><\/strong>42kN<\/span><span style=\"font-family: arial, helvetica, sans-serif; font-size: 12pt;\"><strong><b>Radio de giro (lado exterior): <\/b><\/strong>7950 mm<\/span><span style=\"font-family: arial, helvetica, sans-serif; font-size: 12pt;\"><strong><b>Altura m\u00e1xima de toda la m\u00e1quina:<\/b><\/strong>2150 mm<\/span>\n<p><span style=\"font-family: arial, helvetica, sans-serif; font-size: 12pt;\"><strong><b>\u00c1ngulo de direcci\u00f3n:<\/b><\/strong>\u00b1 30 \u00b0<\/span><\/p>\n<p><span style=\"font-family: arial, helvetica, sans-serif; font-size: 12pt;\"><strong><b>Deslizamiento m\u00ednimo al suelo:<\/b><\/strong>\u00a0240 mm<\/span><\/p>\n<p><span style=\"font-family: arial, helvetica, sans-serif; font-size: 12pt;\"><strong><b>Dimensiones externas (longitud \u00d7 ancho \u00d7 altura):<\/b><\/strong>5000 mm x 900 mm x 2150 mm<\/span><\/p>\n<p><span style=\"font-family: arial, helvetica, sans-serif; font-size: 12pt;\"><strong><b>Peso de funcionamiento de toda la m\u00e1quina:<\/b><\/strong>4950kg<\/span><\/p>\n<h3><span style=\"font-family: arial, helvetica, sans-serif; font-size: 12pt;\"><strong><b>\u00a0<\/b><\/strong><\/span><\/h3>\n<h3><span style=\"font-family: arial, helvetica, sans-serif; font-size: 12pt;\"><strong><b>1.2. Motor<\/b><\/strong><\/span><\/h3>\n<p><span style=\"font-family: arial, helvetica, sans-serif; font-size: 12pt;\"><strong><b>Marca<\/b><\/strong><strong><b>\u00a0<\/b><\/strong><strong><b>: <\/b><\/strong>Motor de baja contaminaci\u00f3n Cummins<\/span><\/p>\n<p><span style=\"font-family: arial, helvetica, sans-serif; font-size: 12pt;\"><strong><b>Tipo<\/b><\/strong><strong><b>: <\/b><\/strong>Motor diesel refrigerado por agua<\/span><\/p>\n<p><span style=\"font-family: arial, helvetica, sans-serif; font-size: 12pt;\"><strong><b>Potencia nominal <\/b><\/strong><strong><b>:<\/b><\/strong>81KW \/ 2200rpm, 480Nm@1600<\/span><\/p>\n<p><span style=\"font-family: arial, helvetica, sans-serif; font-size: 12pt;\"><strong><b>Emisiones de escape<\/b><\/strong><strong><b>:<\/b><\/strong>\u00a0DOC DPF (etapa nacional china III)<\/span><\/p>\n<p><span style=\"font-family: arial, helvetica, sans-serif; font-size: 12pt;\"><strong><b>M\u00e9todo de inicio:<\/b><\/strong><strong><b>\u00a0<\/b><\/strong>Inicio el\u00e9ctrico<\/span><\/p>\n<p><span style=\"font-family: arial, helvetica, sans-serif; font-size: 12pt;\"><strong><b>Control del acelerador:<\/b><\/strong><strong><b>\u00a0<\/b><\/strong>Controlador electr\u00f3nico del acelerador<\/span><\/p>\n<h3><span style=\"font-family: arial, helvetica, sans-serif; font-size: 12pt;\"><strong><b>\u00a0<\/b><\/strong><\/span><\/h3>\n<h3><span style=\"font-family: arial, helvetica, sans-serif; font-size: 12pt;\"><strong><b>1.3. Sistema de transmisi\u00f3n<\/b><\/strong><\/span><\/h3>\n<p><span style=\"font-family: arial, helvetica, sans-serif; font-size: 12pt;\"><strong><b>Modelo de transmisi\u00f3n: <\/b><\/strong>ZL15 YJ280<\/span><\/p>\n<p><span style=\"font-family: arial, helvetica, sans-serif; font-size: 12pt;\"><strong><b>Modelo de eje de accionamiento: <\/b><\/strong><\/span><\/p>\n<p><span style=\"font-family: arial, helvetica, sans-serif; font-size: 12pt;\">Eje de frone: DANA 211, freno hidr\u00e1ulico, instalaci\u00f3n de muelle de placa<\/span><\/p>\n<p><span style=\"font-family: arial, helvetica, sans-serif; font-size: 12pt;\">Eje trasero: DANA 111, instalaci\u00f3n integrada de freno de marcha-estacionamiento y muelle de placa<\/span><\/p>\n<p><span style=\"font-family: arial, helvetica, sans-serif; font-size: 12pt;\"><strong><b>Relaci\u00f3n de velocidad total:<\/b><\/strong>13.646<\/span><\/p>\n<p><span style=\"font-family: arial, helvetica, sans-serif; font-size: 12pt;\"><strong><b>Neum\u00e1ticos:<\/b><\/strong><strong><b>\u00a0<\/b><\/strong>Neum\u00e1ticos inflables<\/span><\/p>\n<h3><span style=\"font-family: arial, helvetica, sans-serif; font-size: 12pt;\"><strong><b>1.4. Sistema de frenado<\/b><\/strong><\/span><\/h3>\n<p><span style=\"font-family: arial, helvetica, sans-serif; font-size: 12pt;\"><strong><b>Bomba de freno:<\/b><\/strong><strong><b>\u00a0<\/b><\/strong>CBGJ2016\/2016, desplazamiento: 16ml\/r<\/span><\/p>\n<p><span style=\"font-family: arial, helvetica, sans-serif; font-size: 12pt;\"><strong><b>Presi\u00f3n m\u00e1xima del sistema de frenado:<\/b><\/strong>10,3 MPa<\/span><\/p>\n<p><span style=\"font-family: arial, helvetica, sans-serif; font-size: 12pt;\"><strong><b>Freno de conducci\u00f3n: <\/b><\/strong>Freno multidisco h\u00famedo<\/span><\/p>\n<p><span style=\"font-family: arial, helvetica, sans-serif; font-size: 12pt;\"><strong><b>Modelo de v\u00e1lvula de freno: <\/b><\/strong>MICO GL801-244-069<\/span><\/p>\n<p><span style=\"font-family: arial, helvetica, sans-serif; font-size: 12pt;\"><strong><b>Presi\u00f3n del freno:<\/b><\/strong><strong><b>\u00a0\u00a0<\/b><\/strong>53 bar<\/span><\/p>\n<p><span style=\"font-family: arial, helvetica, sans-serif; font-size: 12pt;\"><strong><b>Frenado de emergencia y frenado de estacionamiento<\/b><\/strong><strong><b>:<\/b><\/strong>\u00a0\u00a0frenos de muelle del eje trasero;<\/span><\/p>\n<p><span style=\"font-family: arial, helvetica, sans-serif; font-size: 12pt;\">El rendimiento del sistema de frenado cumple con las normas EN ISO 3450, AS2958.1 y SABS 1589.<\/span><\/p>\n<p><span style=\"font-family: arial, helvetica, sans-serif; font-size: 12pt;\"><strong><b>Presi\u00f3n de liberaci\u00f3n: <\/b><\/strong>\u00a020 barras<\/span><\/p>\n<h3><span style=\"font-family: arial, helvetica, sans-serif; font-size: 12pt;\"><strong><b>\u00a0<\/b><\/strong><\/span><\/h3>\n<h3><span style=\"font-family: arial, helvetica, sans-serif; font-size: 12pt;\"><strong><b>1.5. Sistema de direcci\u00f3n<\/b><\/strong><\/span><\/h3>\n<\/li>\n<\/ul>\n<h3><b><\/b><strong style=\"font-family: arial, helvetica, sans-serif; font-size: 12pt;\"><b>\u00a0 \u00a0 \u00a0 \u00a0 \u00a0Tipo: <\/b><\/strong><span style=\"font-family: arial, helvetica, sans-serif; font-size: 12pt;\">Direcci\u00f3n hidr\u00e1ulica de rueda delantera<\/span><\/h3>\n<p><span style=\"font-family: arial, helvetica, sans-serif; font-size: 12pt;\"><strong><b>\u00a0 \u00a0 \u00a0 \u00a0 \u00a0Bomba de direcci\u00f3n: <\/b><\/strong>CBGJ2016\/2016<\/span><\/p>\n<p><span style=\"font-family: arial, helvetica, sans-serif; font-size: 12pt;\"><strong><b>\u00a0 \u00a0 \u00a0 \u00a0 \u00a0Desplazamiento:<\/b><\/strong> 16 ml\/r<\/span><\/p>\n<p><strong style=\"font-family: arial, helvetica, sans-serif; font-size: 12pt;\"><b>\u00a0 \u00a0 \u00a0 \u00a0 \u00a0Presi\u00f3n m\u00e1xima del sistema de direcci\u00f3n:<\/b><\/strong><span style=\"font-family: arial, helvetica, sans-serif; font-size: 12pt;\">8 MPa<\/span><\/p>\n<p><span style=\"font-family: arial, helvetica, sans-serif; font-size: 12pt;\"><strong><b>\u00a0 \u00a0 \u00a0 \u00a0 \u00a0Direcci\u00f3n:<\/b><\/strong><strong><b>\u00a0<\/b><\/strong>BZZ1-E125<\/span><\/p>\n<p><span style=\"font-family: arial, helvetica, sans-serif; font-size: 12pt;\"><strong><b>\u00a0 \u00a0 \u00a0 \u00a0 \u00a0V\u00e1lvula estable \u00fanica: <\/b><\/strong>FLD-F9.5W<\/span><\/p>\n<p><strong style=\"font-family: arial, helvetica, sans-serif; font-size: 12pt;\"><b>\u00a0 \u00a0 \u00a0 \u00a0 \u00a0Di\u00e1metro del cilindro de direcci\u00f3n\/di\u00e1metro de la varilla \u00d7 N\u00famero de cilindros: <\/b><\/strong><span style=\"font-family: arial, helvetica, sans-serif; font-size: 12pt;\">\u03c6 55 \/ \u03c6 45 mm<\/span><\/p>\n<h3><span style=\"font-family: arial, helvetica, sans-serif; font-size: 12pt;\"><strong><b>\u00a0<\/b><\/strong><\/span><\/h3>\n<h3><span style=\"font-family: arial, helvetica, sans-serif; font-size: 12pt;\"><strong><b>\u00a0 \u00a0 \u00a0 \u00a0 \u00a01.6. Sistema el\u00e9ctrico<\/b><\/strong><\/span><\/h3>\n<p><span style=\"font-family: arial, helvetica, sans-serif; font-size: 12pt;\"><strong><b>\u00a0 \u00a0 \u00a0 \u00a0 \u00a0Voltaje del sistema:<\/b><\/strong>24 V DC<\/span><\/p>\n<p><span style=\"font-family: arial, helvetica, sans-serif; font-size: 12pt;\"><strong><b>\u00a0 \u00a0 \u00a0 \u00a0 \u00a0Voltaje\/potencia del motor de arranque:<\/b><\/strong>\u00a024V \/ 4.5kW<\/span><\/p>\n<p><span style=\"font-family: arial, helvetica, sans-serif; font-size: 12pt;\"><strong><b>\u00a0 \u00a0 \u00a0 \u00a0 \u00a0 Iluminaci\u00f3n: <\/b><\/strong>\u00a02 faros frontales, 2 \u00d7 24W, 24V<\/span><\/p>\n<p><span style=\"font-family: arial, helvetica, sans-serif; font-size: 12pt;\">\u00a0 \u00a0 \u00a0 \u00a0 \u00a0 \u00a0 \u00a0 \u00a0 \u00a0 \u00a0 \u00a0 \u00a0 \u00a0 \u00a0Dos faros delanteros, dos \u00d7 18W, 24V<\/span><\/p>\n<p><span style=\"font-family: arial, helvetica, sans-serif; font-size: 12pt;\">\u00a0 \u00a0 \u00a0 \u00a0 \u00a0 \u00a0 \u00a0 \u00a0 \u00a0 \u00a0 \u00a0 \u00a0 \u00a0 \u00a02 faros traseros, 2 \u00d7 24W, 24V<\/span><\/p>\n<p><span style=\"font-family: arial, helvetica, sans-serif; font-size: 12pt;\">\u00a0 \u00a0 \u00a0 \u00a0 \u00a0 \u00a0 \u00a0 \u00a0 \u00a0 \u00a0 \u00a0 \u00a0 \u00a0 \u00a02 luces de se\u00f1al de miner\u00eda, 24V, 1 luz de techo de cabina, 24V<\/span><\/p>\n<h3><span style=\"font-family: arial, helvetica, sans-serif; font-size: 12pt;\"><strong><b>\u00a0<\/b><\/strong><\/span><\/h3>\n<h3><span style=\"font-family: arial, helvetica, sans-serif; font-size: 12pt;\"><strong><b>\u00a0 \u00a0 \u00a0 \u00a0 \u00a0 1.7. Capacidad del tanque de combustible<\/b><\/strong><\/span><\/h3>\n<p><span style=\"font-family: arial, helvetica, sans-serif; font-size: 12pt;\"><strong><b>\u00a0 \u00a0 \u00a0 \u00a0 \u00a0 \u00a0Tanque de aceite hidr\u00e1ulico:<\/b><\/strong>90 L<\/span><\/p>\n<p><span style=\"font-family: arial, helvetica, sans-serif; font-size: 12pt;\"><strong><b>\u00a0 \u00a0 \u00a0 \u00a0 \u00a0 \u00a0Tanque de combustible:<\/b><\/strong>110 L<\/span><\/p>\n<p><span style=\"font-family: arial, helvetica, sans-serif; font-size: 12pt;\"><strong><b>\u00a0 \u00a0 \u00a0 \u00a0 \u00a0 Transmisi\u00f3n:<\/b><\/strong> 25 L<\/span><\/p>\n<p><strong style=\"font-family: arial, helvetica, sans-serif; font-size: 12pt;\"><b>\u00a0 \u00a0 \u00a0 \u00a0 \u00a0 \u00a0Parte de transmisi\u00f3n principal del eje de accionamiento:<\/b><\/strong><span style=\"font-family: arial, helvetica, sans-serif; font-size: 12pt;\">5L \u00d7 dos<\/span><\/p>\n<p><span style=\"font-family: arial, helvetica, sans-serif; font-size: 12pt;\"><strong><b>\u00a0 \u00a0 \u00a0 \u00a0 \u00a0 \u00a0Pieza de reducci\u00f3n de la rueda del eje de accionamiento:<\/b><\/strong>0,4 L \u00d7 cuatro<\/span><\/p>\n<p><span style=\"font-family: arial, helvetica, sans-serif; font-size: 12pt;\"><strong><b>\u00a0 \u00a0 \u00a0 \u00a0 \u00a0 \u00a0Aceite lubricante del motor:<\/b><\/strong>7.7L<\/span><\/p>\n<p>&nbsp;<\/p>\n<p><img fetchpriority=\"high\" decoding=\"async\" class=\"aligncenter size-full wp-image-3279\" src=\"http:\/\/www.zongdamining.com\/wp-content\/uploads\/2025\/08\/168ba31f53261dd4c26ee7be0559fd82_compress-2.jpg\" alt=\"ZRU - 10\" width=\"1920\" height=\"1080\" srcset=\"https:\/\/www.zongdamining.com\/wp-content\/uploads\/2025\/08\/168ba31f53261dd4c26ee7be0559fd82_compress-2.jpg 1920w, https:\/\/www.zongdamining.com\/wp-content\/uploads\/2025\/08\/168ba31f53261dd4c26ee7be0559fd82_compress-2-300x169.jpg 300w, https:\/\/www.zongdamining.com\/wp-content\/uploads\/2025\/08\/168ba31f53261dd4c26ee7be0559fd82_compress-2-1024x576.jpg 1024w, https:\/\/www.zongdamining.com\/wp-content\/uploads\/2025\/08\/168ba31f53261dd4c26ee7be0559fd82_compress-2-768x432.jpg 768w, https:\/\/www.zongdamining.com\/wp-content\/uploads\/2025\/08\/168ba31f53261dd4c26ee7be0559fd82_compress-2-1536x864.jpg 1536w, https:\/\/www.zongdamining.com\/wp-content\/uploads\/2025\/08\/168ba31f53261dd4c26ee7be0559fd82_compress-2-18x10.jpg 18w, https:\/\/www.zongdamining.com\/wp-content\/uploads\/2025\/08\/168ba31f53261dd4c26ee7be0559fd82_compress-2-600x338.jpg 600w\" sizes=\"(max-width: 1920px) 100vw, 1920px\" \/><\/p>\n<p>&nbsp;<\/p>","protected":false},"excerpt":{"rendered":"<p><span style=\"font-family: arial, helvetica, sans-serif; font-size: 12pt;\">El <strong><b>Transporte de personal ZDRU-10<\/b><\/strong>\u00a0es impulsado por un motor di\u00e9sel, con transmisi\u00f3n mec\u00e1nica hidr\u00e1ulica, tracci\u00f3n a las cuatro ruedas, conducci\u00f3n hacia adelante, direcci\u00f3n hidr\u00e1ulica del eje delantero, gran \u00e1ngulo de direcci\u00f3n, giro flexible y radio peque\u00f1o. Es adecuado para operaciones de carretera de secci\u00f3n media.<\/span><\/p>","protected":false},"featured_media":3098,"comment_status":"closed","ping_status":"closed","template":"","meta":{"_acf_changed":false},"product_brand":[],"product_cat":[15],"product_tag":[],"class_list":{"0":"post-2605","1":"product","2":"type-product","3":"status-publish","4":"has-post-thumbnail","6":"product_cat-trackless-mining-equipment","8":"first","9":"instock","10":"shipping-taxable","11":"product-type-simple"},"acf":[],"_links":{"self":[{"href":"https:\/\/www.zongdamining.com\/es\/wp-json\/wp\/v2\/product\/2605","targetHints":{"allow":["GET"]}}],"collection":[{"href":"https:\/\/www.zongdamining.com\/es\/wp-json\/wp\/v2\/product"}],"about":[{"href":"https:\/\/www.zongdamining.com\/es\/wp-json\/wp\/v2\/types\/product"}],"replies":[{"embeddable":true,"href":"https:\/\/www.zongdamining.com\/es\/wp-json\/wp\/v2\/comments?post=2605"}],"wp:featuredmedia":[{"embeddable":true,"href":"https:\/\/www.zongdamining.com\/es\/wp-json\/wp\/v2\/media\/3098"}],"wp:attachment":[{"href":"https:\/\/www.zongdamining.com\/es\/wp-json\/wp\/v2\/media?parent=2605"}],"wp:term":[{"taxonomy":"product_brand","embeddable":true,"href":"https:\/\/www.zongdamining.com\/es\/wp-json\/wp\/v2\/product_brand?post=2605"},{"taxonomy":"product_cat","embeddable":true,"href":"https:\/\/www.zongdamining.com\/es\/wp-json\/wp\/v2\/product_cat?post=2605"},{"taxonomy":"product_tag","embeddable":true,"href":"https:\/\/www.zongdamining.com\/es\/wp-json\/wp\/v2\/product_tag?post=2605"}],"curies":[{"name":"WP","href":"https:\/\/api.w.org\/{rel}","templated":true}]}}