{"id":2612,"date":"2025-08-29T10:06:03","date_gmt":"2025-08-29T02:06:03","guid":{"rendered":"https:\/\/www.zongdamining.com\/?post_type=product&#038;p=2612"},"modified":"2026-01-27T13:46:32","modified_gmt":"2026-01-27T05:46:32","slug":"zdl203n-underground-loader","status":"publish","type":"product","link":"https:\/\/www.zongdamining.com\/es\/product\/zdl203n-underground-loader\/","title":{"rendered":"Cargadora subterr\u00e1nea ZDL203N para mina subterr\u00e1nea"},"content":{"rendered":"<p><span style=\"font-family: 'arial black', sans-serif;\"><strong><b>Cargadora subterr\u00e1nea ZDL203N: Mejora de la eficiencia de la miner\u00eda sin pista<\/b><\/strong><\/span><\/p>\n<p><img fetchpriority=\"high\" decoding=\"async\" class=\"aligncenter wp-image-2613\" src=\"http:\/\/www.zongdamining.com\/wp-content\/uploads\/2025\/08\/\u56fe\u72472-1.png\" alt=\"\" width=\"593\" height=\"334\" srcset=\"https:\/\/www.zongdamining.com\/wp-content\/uploads\/2025\/08\/\u56fe\u72472-1.png 1489w, https:\/\/www.zongdamining.com\/wp-content\/uploads\/2025\/08\/\u56fe\u72472-1-300x169.png 300w, https:\/\/www.zongdamining.com\/wp-content\/uploads\/2025\/08\/\u56fe\u72472-1-1024x577.png 1024w, https:\/\/www.zongdamining.com\/wp-content\/uploads\/2025\/08\/\u56fe\u72472-1-768x433.png 768w, https:\/\/www.zongdamining.com\/wp-content\/uploads\/2025\/08\/\u56fe\u72472-1-600x338.png 600w\" sizes=\"(max-width: 593px) 100vw, 593px\" \/><\/p>\n<p><span style=\"font-family: arial, helvetica, sans-serif;\">El <strong><b>Cargadora subterr\u00e1nea ZDL203N<\/b><\/strong>\u00a0Est\u00e1 dise\u00f1ado espec\u00edficamente para minas subterr\u00e1neas, dise\u00f1ado espec\u00edficamente para mejorar la eficiencia operativa en conjunci\u00f3n con camiones de miner\u00eda durante las operaciones de excavaci\u00f3n y miner\u00eda. Estas son sus caracter\u00edsticas clave:<\/span><\/p>\n<p><span style=\"font-family: arial, helvetica, sans-serif;\"><strong><b>\u00a0 \u00a0 \u00a01.Caracter\u00edsticas t\u00e9cnicas<\/b><\/strong>:<\/span><\/p>\n<ul>\n<li><span style=\"font-family: arial, helvetica, sans-serif;\"><b><\/b><strong><b>Sistema de alimentaci\u00f3n<\/b><\/strong>Equipado con motor refrigerado por aire Deutz.<\/span><\/li>\n<li><span style=\"font-family: arial, helvetica, sans-serif;\"><b><\/b><strong><b>Transmisi\u00f3n<\/b><\/strong>Utiliza una caja de cambios y un convertidor de par.<\/span><\/li>\n<li><span style=\"font-family: arial, helvetica, sans-serif;\"><b><\/b><strong><b>Sistema de frenado<\/b><\/strong>:<\/span><\/li>\n<\/ul>\n<p style=\"padding-left: 120px;\"><span style=\"font-family: arial, helvetica, sans-serif;\"><b><\/b><strong><b>Freno de conducci\u00f3n<\/b><\/strong>Freno de muelle multi-disco h\u00famedo con liberaci\u00f3n hidr\u00e1ulica.<\/span><\/p>\n<p style=\"padding-left: 120px;\"><span style=\"font-family: arial, helvetica, sans-serif;\"><b><\/b><strong><b>Freno de estacionamiento<\/b><\/strong>: Freno de muelle en el eje de accionamiento.<\/span><\/p>\n<ul>\n<li><span style=\"font-family: arial, helvetica, sans-serif;\"><b><\/b><strong><b>Marco<\/b><\/strong>Estructura articulada centralmente para mejorar el rendimiento de adhesi\u00f3n.<\/span><\/li>\n<li><span style=\"font-family: arial, helvetica, sans-serif;\"><b><\/b><strong><b>Direcci\u00f3n<\/b><\/strong>Direcci\u00f3n asistida hidr\u00e1ulica con un solo cilindro de direcci\u00f3n.<\/span><\/li>\n<\/ul>\n<p><span style=\"font-family: arial, helvetica, sans-serif;\"><strong><b>\u00a0 \u00a0 \u00a02.Rendimiento destacado<\/b><\/strong>:<\/span><\/p>\n<ul>\n<li><span style=\"font-family: arial, helvetica, sans-serif;\"><b><\/b><strong><b>Motor di\u00e9sel<\/b><\/strong>Impulsado por un motor diesel fiable.<\/span><\/li>\n<li><span style=\"font-family: arial, helvetica, sans-serif;\"><b><\/b><strong><b>Cuatro ruedas motrices<\/b><\/strong>Garantiza tracci\u00f3n y maniobrabilidad.<\/span><\/li>\n<li><span style=\"font-family: arial, helvetica, sans-serif;\"><b><\/b><strong><b>Conducci\u00f3n lateral<\/b><\/strong>Permite flexibilidad en espacios estrechos.<\/span><\/li>\n<li><span style=\"font-family: arial, helvetica, sans-serif;\"><b><\/b><strong><b>Direcci\u00f3n hidr\u00e1ulica articulada central<\/b><\/strong>Gran \u00e1ngulo de direcci\u00f3n para un control preciso.<\/span><\/li>\n<li><span style=\"font-family: arial, helvetica, sans-serif;\"><b><\/b><strong><b>Peque\u00f1o radio de giro<\/b><\/strong>: Ideal para operaciones de t\u00fanel de secci\u00f3n media.\u3001<\/span><\/li>\n<\/ul>\n<p><span style=\"font-family: arial, helvetica, sans-serif;\"><b><\/b><strong><b>\u00a0 \u00a0 \u00a03.Medidas de seguridad<\/b><\/strong>:<\/span><\/p>\n<ul>\n<li><span style=\"font-family: arial, helvetica, sans-serif;\"><b><\/b><strong><b>Equipo de seguridad<\/b><\/strong>Los operadores deben usar cascos de seguridad, llevar dispositivos de auto-rescate y usar l\u00e1mparas de miner\u00eda al entrar en el pozo.<\/span><\/li>\n<li><span style=\"font-family: arial, helvetica, sans-serif;\"><b><\/b><strong><b>Mantenimiento regular<\/b><\/strong>Inspecciones regulares y respuesta r\u00e1pida a los peligros ocultos.<\/span><\/li>\n<li><span style=\"font-family: arial, helvetica, sans-serif;\"><b><\/b><strong><b>Sin mantenimiento durante la operaci\u00f3n<\/b><\/strong>Estrictamente prohibido llevar a cabo el mantenimiento mientras la m\u00e1quina est\u00e1 funcionando.<\/span><\/li>\n<li><span style=\"font-family: arial, helvetica, sans-serif;\"><b><\/b><strong><b>Seguridad durante la soldadura\/corte<\/b><\/strong>Confirme la ausencia de materiales inflamables o explosivos antes del mantenimiento.<\/span><\/li>\n<li><span style=\"font-family: arial, helvetica, sans-serif;\"><b><\/b><strong><b>Precauciones para tubos de escape<\/b><\/strong>Evite el contacto f\u00edsico con la tuber\u00eda de escape caliente.<\/span><\/li>\n<li><span style=\"font-family: arial, helvetica, sans-serif;\"><b><\/b><strong><b>Mantenimiento del sistema hidr\u00e1ulico<\/b><\/strong>La presi\u00f3n debe ser aliviada antes de iniciar cualquier reparaci\u00f3n.<\/span><\/li>\n<\/ul>\n<p><span style=\"font-family: arial, helvetica, sans-serif;\">La cargadora ZDL203N desempe\u00f1a un papel crucial para lograr operaciones mineras sin pista eficientes y seguras.<\/span><\/p>\n<p>&nbsp;<\/p>\n<p>&nbsp;<\/p>\n<p><span style=\"font-family: arial, helvetica, sans-serif;\"><strong><b>Condiciones de uso para la cargadora subterr\u00e1nea ZDL203N<\/b><\/strong><\/span><\/p>\n<p><span style=\"font-family: arial, helvetica, sans-serif;\"><b><\/b><strong><b>\u00a0 \u00a0 \u00a0Especificaciones 1.Tunnel<\/b><\/strong>:<\/span><\/p>\n<ul>\n<li><span style=\"font-family: arial, helvetica, sans-serif;\">Adecuado para t\u00faneles con un tama\u00f1o de secci\u00f3n transversal de <strong><b>5 metros (altura) \u00d7 2,5 metros (ancho) y m\u00e1s<\/b><\/strong>.<\/span><\/li>\n<li><span style=\"font-family: arial, helvetica, sans-serif;\">Requiere una <strong><b>placa superior firme<\/b><\/strong>.<\/span><\/li>\n<li><span style=\"font-family: arial, helvetica, sans-serif;\">Radio m\u00ednimo de giro de <strong><b>\u2265 4,3 metros<\/b><\/strong>en el exterior.<\/span><\/li>\n<li><span style=\"font-family: arial, helvetica, sans-serif;\">La pendiente de la carretera debe ser <strong><b>\u2264 14 \u00b0<\/b><\/strong>.<\/span><\/li>\n<li><span style=\"font-family: arial, helvetica, sans-serif;\">Adecuado <strong><b>ventilaci\u00f3n y drenaje<\/b><\/strong>en el lugar de trabajo.<\/span><b><\/b><\/li>\n<\/ul>\n<p><span style=\"font-family: arial, helvetica, sans-serif;\"><strong><b>\u00a0 \u00a0 \u00a02.Factores ambientales<\/b><\/strong>:<\/span><\/p>\n<ul>\n<li><span style=\"font-family: arial, helvetica, sans-serif;\">Temperatura ambiente dentro del t\u00fanel: <strong><b>-5\u00b0C a 40\u00b0C<\/b><\/strong>.<\/span><\/li>\n<li><span style=\"font-family: arial, helvetica, sans-serif;\">Humedad relativa m\u00e1xima (a 25\u00b0C): <strong><b>No m\u00e1s del 85%<\/b><\/strong>.<\/span><\/li>\n<li><span style=\"font-family: arial, helvetica, sans-serif;\">Altitud de ubicaci\u00f3n de uso: <strong><b>No superior a 1000 metros<\/b><\/strong>.<\/span><\/li>\n<li><span style=\"font-family: arial, helvetica, sans-serif;\">En zonas de alta altitud (por encima de 1000 metros), <strong><b>reducci\u00f3n de potencia<\/b><\/strong>Es necesario para la operaci\u00f3n.<\/span><b><\/b><\/li>\n<\/ul>\n<p><span style=\"font-family: arial, helvetica, sans-serif;\"><strong><b>\u00a0 \u00a0 \u00a0Requisitos 3.Fuel<\/b><\/strong>:<\/span><\/p>\n<ul>\n<li><span style=\"font-family: arial, helvetica, sans-serif;\">El contenido de azufre del combustible utilizado en esta m\u00e1quina debe <strong><b>no exceda el 0,2%<\/b><\/strong>.<\/span><b><\/b><\/li>\n<\/ul>\n<p><span style=\"font-family: arial, helvetica, sans-serif;\"><strong><b>\u00a0 \u00a0 \u00a04.Precauciones de seguridad<\/b><\/strong>:<\/span><\/p>\n<ul>\n<li><span style=\"font-family: arial, helvetica, sans-serif;\">Estrictamente <strong><b>prohibido<\/b><\/strong>En lugares con <strong><b>Gases inflamables y explosivos<\/b><\/strong>\u00a0(como gas y polvo de carb\u00f3n).<\/span><\/li>\n<\/ul>\n<p><span style=\"font-family: arial, helvetica, sans-serif;\">\u00a0 \u00a0 \u00a0 \u00a0 \u00a0Asegurar el cumplimiento de estas condiciones para un funcionamiento seguro y eficiente de la cargadora subterr\u00e1nea ZDL203N.<\/span><\/p>\n<p><span style=\"font-family: arial, helvetica, sans-serif; font-size: 12pt;\"><strong>Cargadora subterr\u00e1nea ZDL203N: Especificaciones t\u00e9cnicas<\/strong><\/span><\/p>\n<p><img decoding=\"async\" class=\"wp-image-2615 alignleft\" src=\"http:\/\/www.zongdamining.com\/wp-content\/uploads\/2025\/08\/\u56fe\u72474-1.png\" alt=\"\" width=\"543\" height=\"502\" srcset=\"https:\/\/www.zongdamining.com\/wp-content\/uploads\/2025\/08\/\u56fe\u72474-1.png 955w, https:\/\/www.zongdamining.com\/wp-content\/uploads\/2025\/08\/\u56fe\u72474-1-300x277.png 300w, https:\/\/www.zongdamining.com\/wp-content\/uploads\/2025\/08\/\u56fe\u72474-1-768x710.png 768w, https:\/\/www.zongdamining.com\/wp-content\/uploads\/2025\/08\/\u56fe\u72474-1-600x555.png 600w\" sizes=\"(max-width: 543px) 100vw, 543px\" \/><\/p>\n<p>&nbsp;<\/p>\n<h3 style=\"padding-left: 760px;\"><span style=\"font-family: arial, helvetica, sans-serif;\"><strong><b>1. Dimensiones generales<\/b><\/strong><\/span><\/h3>\n<p style=\"padding-left: 760px;\"><span style=\"font-family: arial, helvetica, sans-serif;\"><strong>Carga nominal<\/strong>: 3000 kg<\/span><\/p>\n<p style=\"padding-left: 760px;\"><span style=\"font-family: arial, helvetica, sans-serif;\"><strong>Longitud total<\/strong>: 7090 mm<\/span><\/p>\n<p style=\"padding-left: 760px;\"><span style=\"font-family: arial, helvetica, sans-serif;\"><strong>Ancho de la m\u00e1quina entera<\/strong>: 1580 mm<\/span><\/p>\n<p style=\"padding-left: 760px;\"><span style=\"font-family: arial, helvetica, sans-serif;\"><strong>Altura total (incluida la cabina del conductor)<\/strong>: 1830-1970 mmajustable<\/span><\/p>\n<p style=\"padding-left: 760px;\"><span style=\"font-family: arial, helvetica, sans-serif;\"><strong>Capacidad del cubo (SAE)<\/strong>: 1.5 m\u00b3<\/span><\/p>\n<p style=\"padding-left: 760px;\"><span style=\"font-family: arial, helvetica, sans-serif;\"><strong>\u00c1ngulo de descarga<\/strong>: 40 \u00b0<\/span><\/p>\n<p style=\"padding-left: 760px;\"><span style=\"font-family: arial, helvetica, sans-serif;\"><strong>Base de ruedas<\/strong>: 2395mm<\/span><\/p>\n<p style=\"padding-left: 760px;\"><span style=\"font-family: arial, helvetica, sans-serif;\"><strong>Liberaci\u00f3n m\u00ednima del suelo<\/strong>: \u2265 190 mm<\/span><\/p>\n<p style=\"padding-left: 760px;\"><span style=\"font-family: arial, helvetica, sans-serif;\"><strong>\u00c1ngulo de salida<\/strong>: 14 \u00b0<\/span><\/p>\n<h3 style=\"padding-left: 760px;\"><span style=\"font-family: arial, helvetica, sans-serif;\"><strong><b>2. Peso de la m\u00e1quina<\/b><\/strong><\/span><\/h3>\n<p style=\"padding-left: 760px;\"><span style=\"font-family: arial, helvetica, sans-serif;\"><strong>Peso vac\u00edo<\/strong>: 10,800 kg \u00b1 300 kg<\/span><\/p>\n<p style=\"padding-left: 760px;\"><span style=\"font-family: arial, helvetica, sans-serif;\"><strong>Peso de carga completa<\/strong>: 13,800 kg \u00b1 300 kg<\/span><\/p>\n<h3><strong><b>DIBUJO T\u00c9CNICO Y DIMENSIONES:<\/b><\/strong><\/h3>\n<h3><span style=\"font-family: arial, helvetica, sans-serif;\">3. <strong><b>Capacidad operativa<img decoding=\"async\" class=\"wp-image-2674 alignright\" src=\"http:\/\/www.zongdamining.com\/wp-content\/uploads\/2025\/08\/350A6831-\u62f7\u8d1d-scaled.jpg\" alt=\"\" width=\"545\" height=\"545\" srcset=\"https:\/\/www.zongdamining.com\/wp-content\/uploads\/2025\/08\/350A6831-\u62f7\u8d1d-scaled.jpg 2560w, https:\/\/www.zongdamining.com\/wp-content\/uploads\/2025\/08\/350A6831-\u62f7\u8d1d-300x300.jpg 300w, https:\/\/www.zongdamining.com\/wp-content\/uploads\/2025\/08\/350A6831-\u62f7\u8d1d-1024x1024.jpg 1024w, https:\/\/www.zongdamining.com\/wp-content\/uploads\/2025\/08\/350A6831-\u62f7\u8d1d-150x150.jpg 150w, https:\/\/www.zongdamining.com\/wp-content\/uploads\/2025\/08\/350A6831-\u62f7\u8d1d-768x768.jpg 768w, https:\/\/www.zongdamining.com\/wp-content\/uploads\/2025\/08\/350A6831-\u62f7\u8d1d-1536x1536.jpg 1536w, https:\/\/www.zongdamining.com\/wp-content\/uploads\/2025\/08\/350A6831-\u62f7\u8d1d-2048x2048.jpg 2048w, https:\/\/www.zongdamining.com\/wp-content\/uploads\/2025\/08\/350A6831-\u62f7\u8d1d-700x700.jpg 700w, https:\/\/www.zongdamining.com\/wp-content\/uploads\/2025\/08\/350A6831-\u62f7\u8d1d-600x600.jpg 600w, https:\/\/www.zongdamining.com\/wp-content\/uploads\/2025\/08\/350A6831-\u62f7\u8d1d-100x100.jpg 100w\" sizes=\"(max-width: 545px) 100vw, 545px\" \/><\/b><\/strong><\/span><\/h3>\n<ul>\n<li><span style=\"font-family: arial, helvetica, sans-serif;\"><strong>Velocidad de viaje (engranajes)<\/strong>:<\/span><\/li>\n<\/ul>\n<ul>\n<li><span style=\"font-family: arial, helvetica, sans-serif;\">Primera marcha: 0-8km\/h<\/span><\/li>\n<li><span style=\"font-family: arial, helvetica, sans-serif;\">Segunda marcha: 0-9km\/h<\/span><\/li>\n<li><span style=\"font-family: arial, helvetica, sans-serif;\">Tercera marcha: 0-19 km\/h<\/span><\/li>\n<li><span style=\"font-family: arial, helvetica, sans-serif;\">ForthGear: 0-20 km\/h<\/span><\/li>\n<\/ul>\n<p style=\"padding-left: 120px;\"><span style=\"font-family: arial, helvetica, sans-serif;\"><strong>Capacidad de escalada<\/strong>: 14 \u00b0<\/span><\/p>\n<p style=\"padding-left: 120px;\"><span style=\"font-family: arial, helvetica, sans-serif;\"><strong>Fuerza de tracci\u00f3n m\u00e1xima<\/strong>: \u2265 80kN<\/span><\/p>\n<p style=\"padding-left: 120px;\"><span style=\"font-family: arial, helvetica, sans-serif;\"><strong>Fuerza m\u00e1xima de la pala (SAE)<\/strong>: \u2265 70kN<\/span><\/p>\n<h3><span style=\"font-family: arial, helvetica, sans-serif;\">4. <strong><b>Tanques de combustible e hidr\u00e1ulicos<\/b><\/strong><\/span><\/h3>\n<ul>\n<li><span style=\"font-family: arial, helvetica, sans-serif;\"><strong>Capacidad del tanque de combustible<\/strong>: 130 L<\/span><\/li>\n<li><span style=\"font-family: arial, helvetica, sans-serif;\"><strong>Capacidad del tanque de aceite hidr\u00e1ulico<\/strong>: 130 L<\/span><\/li>\n<\/ul>\n<h3><span style=\"font-family: arial, helvetica, sans-serif;\">5. <strong><b>Direcci\u00f3n<\/b><\/strong><\/span><\/h3>\n<ul>\n<li><span style=\"font-family: arial, helvetica, sans-serif;\"><strong>Direcci\u00f3n asistida hidr\u00e1ulica articulada central<\/strong><\/span><\/li>\n<li><span style=\"font-family: arial, helvetica, sans-serif;\"><strong>Radio m\u00ednimo de giro<\/strong>:<\/span><\/li>\n<\/ul>\n<ul>\n<li><span style=\"font-family: arial, helvetica, sans-serif;\">Dentro: 2600 \u00b1 200 mm<\/span><\/li>\n<li><span style=\"font-family: arial, helvetica, sans-serif;\">Exterior: 4800 \u00b1 200 mm<\/span><\/li>\n<\/ul>\n<h2><span style=\"font-family: arial, helvetica, sans-serif; font-size: 14pt;\"><strong>Configuraci\u00f3n principal<img loading=\"lazy\" decoding=\"async\" class=\"wp-image-2675 alignleft\" src=\"http:\/\/www.zongdamining.com\/wp-content\/uploads\/2025\/08\/350A6832-\u62f7\u8d1d-scaled.jpg\" alt=\"\" width=\"674\" height=\"674\" srcset=\"https:\/\/www.zongdamining.com\/wp-content\/uploads\/2025\/08\/350A6832-\u62f7\u8d1d-scaled.jpg 2560w, https:\/\/www.zongdamining.com\/wp-content\/uploads\/2025\/08\/350A6832-\u62f7\u8d1d-300x300.jpg 300w, https:\/\/www.zongdamining.com\/wp-content\/uploads\/2025\/08\/350A6832-\u62f7\u8d1d-1024x1024.jpg 1024w, https:\/\/www.zongdamining.com\/wp-content\/uploads\/2025\/08\/350A6832-\u62f7\u8d1d-150x150.jpg 150w, https:\/\/www.zongdamining.com\/wp-content\/uploads\/2025\/08\/350A6832-\u62f7\u8d1d-768x768.jpg 768w, https:\/\/www.zongdamining.com\/wp-content\/uploads\/2025\/08\/350A6832-\u62f7\u8d1d-1536x1536.jpg 1536w, https:\/\/www.zongdamining.com\/wp-content\/uploads\/2025\/08\/350A6832-\u62f7\u8d1d-2048x2048.jpg 2048w, https:\/\/www.zongdamining.com\/wp-content\/uploads\/2025\/08\/350A6832-\u62f7\u8d1d-700x700.jpg 700w, https:\/\/www.zongdamining.com\/wp-content\/uploads\/2025\/08\/350A6832-\u62f7\u8d1d-600x600.jpg 600w, https:\/\/www.zongdamining.com\/wp-content\/uploads\/2025\/08\/350A6832-\u62f7\u8d1d-100x100.jpg 100w\" sizes=\"(max-width: 674px) 100vw, 674px\" \/><\/strong><\/span><\/h2>\n<h3><span style=\"font-family: arial, helvetica, sans-serif;\"><strong><b>1. Motor<\/b><\/strong><\/span><\/h3>\n<ul>\n<li><span style=\"font-family: arial, helvetica, sans-serif;\"><strong>planta de fabricaci\u00f3n<\/strong>: Deutz<\/span><\/li>\n<li><span style=\"font-family: arial, helvetica, sans-serif;\"><strong>modelo<\/strong>: F6L914<\/span><\/li>\n<li><span style=\"font-family: arial, helvetica, sans-serif;\"><strong>Tipo<\/strong>Motor diesel refrigerado por aire, sin turbocompresor<\/span><\/li>\n<li><span style=\"font-family: arial, helvetica, sans-serif;\"><strong>Potencia nominal<\/strong>: 79 kW\/2300 rpm<\/span><\/li>\n<\/ul>\n<h3><span style=\"font-family: arial, helvetica, sans-serif;\"><strong><b>2. Convertidor de par hidr\u00e1ulico<\/b><\/strong><\/span><\/h3>\n<ul>\n<li><span style=\"font-family: arial, helvetica, sans-serif;\"><strong>modelo<\/strong>: YJ315,<\/span><\/li>\n<li><span style=\"font-family: arial, helvetica, sans-serif;\">Equivalente ChinoModelo de DANA 272<\/span><\/li>\n<\/ul>\n<h3><span style=\"font-family: arial, helvetica, sans-serif;\"><strong><b>3. Transmisi\u00f3n<\/b><\/strong><\/span><\/h3>\n<ul>\n<li><span style=\"font-family: arial, helvetica, sans-serif;\"><strong>modelo<\/strong>: YD13 644 159A,<\/span><\/li>\n<li><span style=\"font-family: arial, helvetica, sans-serif;\">Equivalente ChinoModelo de la serie DANA 20000<\/span><\/li>\n<\/ul>\n<h3><span style=\"font-family: arial, helvetica, sans-serif;\"><strong><b>4. Eje de accionamiento<\/b><\/strong><\/span><\/h3>\n<ul>\n<li><span style=\"font-family: arial, helvetica, sans-serif;\"><strong>modelo<\/strong>: 5,<\/span><\/li>\n<li><span style=\"font-family: arial, helvetica, sans-serif;\"><strong>Tipo<\/strong>Eje de accionamiento planetario r\u00edgido sin diferencial SPIN<\/span><\/li>\n<\/ul>\n<h3><span style=\"font-family: arial, helvetica, sans-serif;\"><strong><b>5. Sistema hidr\u00e1ulico<\/b><\/strong><\/span><\/h3>\n<ul>\n<li><span style=\"font-family: arial, helvetica, sans-serif;\"><strong>Freno de trabajo<\/strong>Freno multidisco h\u00famedo con muelle aplicado y liberaci\u00f3n hidr\u00e1ulica<\/span><\/li>\n<li><span style=\"font-family: arial, helvetica, sans-serif;\"><strong>Freno de estacionamiento<\/strong>: resorte aplicado, hidr\u00e1ulico liberado<\/span><\/li>\n<li><span style=\"font-family: arial, helvetica, sans-serif;\"><strong>V\u00e1lvula multiv\u00eda<\/strong>: Fuerza del aceite<\/span><\/li>\n<li><span style=\"font-family: arial, helvetica, sans-serif;\"><strong>Bomba de engranajes<\/strong>: PERMCO<\/span><\/li>\n<\/ul>\n<p>&nbsp;<\/p>","protected":false},"excerpt":{"rendered":"<p><span style=\"font-family: arial, helvetica, sans-serif;\">El <strong><b>Cargadora subterr\u00e1nea ZDL203N<\/b><\/strong> Est\u00e1 dise\u00f1ado espec\u00edficamente para minas subterr\u00e1neas, dise\u00f1ado espec\u00edficamente para mejorar la eficiencia operativa en conjunci\u00f3n con camiones de miner\u00eda durante las operaciones de excavaci\u00f3n y miner\u00eda. Aqu\u00ed est\u00e1n sus caracter\u00edsticas clave<\/span><\/p>","protected":false},"featured_media":2672,"comment_status":"closed","ping_status":"closed","template":"","meta":{"_acf_changed":false},"product_brand":[],"product_cat":[15],"product_tag":[],"class_list":{"0":"post-2612","1":"product","2":"type-product","3":"status-publish","4":"has-post-thumbnail","6":"product_cat-trackless-mining-equipment","8":"first","9":"instock","10":"shipping-taxable","11":"product-type-simple"},"acf":[],"_links":{"self":[{"href":"https:\/\/www.zongdamining.com\/es\/wp-json\/wp\/v2\/product\/2612","targetHints":{"allow":["GET"]}}],"collection":[{"href":"https:\/\/www.zongdamining.com\/es\/wp-json\/wp\/v2\/product"}],"about":[{"href":"https:\/\/www.zongdamining.com\/es\/wp-json\/wp\/v2\/types\/product"}],"replies":[{"embeddable":true,"href":"https:\/\/www.zongdamining.com\/es\/wp-json\/wp\/v2\/comments?post=2612"}],"wp:featuredmedia":[{"embeddable":true,"href":"https:\/\/www.zongdamining.com\/es\/wp-json\/wp\/v2\/media\/2672"}],"wp:attachment":[{"href":"https:\/\/www.zongdamining.com\/es\/wp-json\/wp\/v2\/media?parent=2612"}],"wp:term":[{"taxonomy":"product_brand","embeddable":true,"href":"https:\/\/www.zongdamining.com\/es\/wp-json\/wp\/v2\/product_brand?post=2612"},{"taxonomy":"product_cat","embeddable":true,"href":"https:\/\/www.zongdamining.com\/es\/wp-json\/wp\/v2\/product_cat?post=2612"},{"taxonomy":"product_tag","embeddable":true,"href":"https:\/\/www.zongdamining.com\/es\/wp-json\/wp\/v2\/product_tag?post=2612"}],"curies":[{"name":"WP","href":"https:\/\/api.w.org\/{rel}","templated":true}]}}