{"id":2618,"date":"2025-08-29T10:21:36","date_gmt":"2025-08-29T02:21:36","guid":{"rendered":"https:\/\/www.zongdamining.com\/?post_type=product&#038;p=2618"},"modified":"2026-01-27T11:33:02","modified_gmt":"2026-01-27T03:33:02","slug":"zdl204dd-underground-loader","status":"publish","type":"product","link":"https:\/\/www.zongdamining.com\/es\/product\/zdl204dd-underground-loader\/","title":{"rendered":"Cargador subterr\u00e1neo ZDL204DD"},"content":{"rendered":"<p><span style=\"font-family: 'arial black', sans-serif;\"><strong><b>Cargadora subterr\u00e1nea ZDL204DD <\/b><\/strong><strong><b>: Equipo de transporte de corta distancia de carga de pala sin pista.<\/b><\/strong><\/span><\/p>\n<p>&nbsp;<\/p>\n<p><img fetchpriority=\"high\" decoding=\"async\" class=\"aligncenter wp-image-2620\" src=\"http:\/\/www.zongdamining.com\/wp-content\/uploads\/2025\/08\/\u56fe\u72472-2.png\" alt=\"\" width=\"672\" height=\"448\" srcset=\"https:\/\/www.zongdamining.com\/wp-content\/uploads\/2025\/08\/\u56fe\u72472-2.png 885w, https:\/\/www.zongdamining.com\/wp-content\/uploads\/2025\/08\/\u56fe\u72472-2-300x200.png 300w, https:\/\/www.zongdamining.com\/wp-content\/uploads\/2025\/08\/\u56fe\u72472-2-768x512.png 768w, https:\/\/www.zongdamining.com\/wp-content\/uploads\/2025\/08\/\u56fe\u72472-2-600x400.png 600w\" sizes=\"(max-width: 672px) 100vw, 672px\" \/><\/p>\n<p><span style=\"font-family: arial, helvetica, sans-serif; font-size: 12pt;\">La cargadora subterr\u00e1nea ZDL204DD se utiliza principalmente en combinaci\u00f3n con camiones de miner\u00eda en operaciones de excavaci\u00f3n subterr\u00e1nea y miner\u00eda. La carga de pala de mineral y varios materiales puede mejorar en gran medida la eficiencia operativa y es un equipo importante para lograr la miner\u00eda sin pista.<\/span><\/p>\n<p>&nbsp;<\/p>\n<p><span style=\"font-family: arial, helvetica, sans-serif; font-size: 12pt;\"><strong><b>Caracter\u00edsticas t\u00e9cnicas<\/b><\/strong>:<\/span><\/p>\n<ul>\n<li><span style=\"font-family: arial, helvetica, sans-serif; font-size: 12pt;\"><strong><b>Sistema de alimentaci\u00f3n<\/b><\/strong>El sistema de potencia adopta motor de alta torsi\u00f3n de baja velocidad de baja contaminaci\u00f3n enfriado por agua de Deutz AG;<\/span><\/li>\n<li><span style=\"font-family: arial, helvetica, sans-serif; font-size: 12pt;\"><strong><b>Transmisi\u00f3n<\/b><\/strong>: El sistema de transmisi\u00f3n de potencia adopta DANAor marcas chinas principales de caja de cambios y convertidor de par, eje de accionamiento de liberaci\u00f3n hidr\u00e1ulica de freno de muelle dom\u00e9stico y neum\u00e1ticos resistentes al corte de la miner\u00eda;<\/span><\/li>\n<li><span style=\"font-family: arial, helvetica, sans-serif; font-size: 12pt;\"><strong><b>Sistema de frenado<\/b><\/strong>: El freno de servicio adopta el muelle multi disco h\u00famedo aplicado y el freno de liberaci\u00f3n hidr\u00e1ulico; v\u00e1lvula de carga MICO y v\u00e1lvula de freno; El freno de estacionamiento adopta frenos de resorte en el eje de accionamiento para frenar;<\/span><\/li>\n<li><span style=\"font-family: arial, helvetica, sans-serif; font-size: 12pt;\"><strong><b>Marco<\/b><\/strong>El bastidor es una estructura articulada central, con el eje trasero oscilando a izquierda y derecha alrededor del centro del bastidor para mejorar el rendimiento de adhesi\u00f3n de toda la m\u00e1quina;<\/span><\/li>\n<li><span style=\"font-family: arial, helvetica, sans-serif; font-size: 12pt;\"><strong><b>Direcci\u00f3n<\/b><\/strong>Sistema de direcci\u00f3n asistida hidr\u00e1ulica con un solo cilindro de direcci\u00f3n para el sistema de direcci\u00f3n;<\/span><\/li>\n<\/ul>\n<p>&nbsp;<\/p>\n<p><span style=\"font-family: arial, helvetica, sans-serif; font-size: 12pt;\"><strong><b>Medidas de seguridad:<\/b><\/strong><\/span><\/p>\n<ul>\n<li><span style=\"font-family: arial, helvetica, sans-serif; font-size: 12pt;\"><strong><b>Equipo de seguridad<\/b><\/strong>Los operadores deben usar cascos de seguridad, llevar dispositivos de auto-rescate y usar l\u00e1mparas de miner\u00eda al entrar en el pozo.<\/span><\/li>\n<li><span style=\"font-family: arial, helvetica, sans-serif; font-size: 12pt;\"><strong><b>Mantenimiento regular<\/b><\/strong>Inspecciones regulares y respuesta r\u00e1pida a los peligros ocultos.<\/span><\/li>\n<li><span style=\"font-family: arial, helvetica, sans-serif; font-size: 12pt;\"><strong><b>Sin mantenimiento durante la operaci\u00f3n<\/b><\/strong>Estrictamente prohibido llevar a cabo el mantenimiento mientras la m\u00e1quina est\u00e1 funcionando.<\/span><\/li>\n<li><span style=\"font-family: arial, helvetica, sans-serif; font-size: 12pt;\"><strong><b>Seguridad durante la soldadura\/corte<\/b><\/strong>Confirme la ausencia de materiales inflamables o explosivos antes del mantenimiento.<\/span><\/li>\n<li><span style=\"font-family: arial, helvetica, sans-serif; font-size: 12pt;\"><strong><b>Precauciones para tubos de escape<\/b><\/strong>Evite el contacto f\u00edsico con la tuber\u00eda de escape caliente.<\/span><\/li>\n<li><span style=\"font-family: arial, helvetica, sans-serif; font-size: 12pt;\"><strong><b>Mantenimiento del sistema hidr\u00e1ulico<\/b><\/strong>La presi\u00f3n debe ser aliviada antes de iniciar cualquier reparaci\u00f3n.<\/span><\/li>\n<\/ul>\n<p>&nbsp;<\/p>\n<p><span style=\"font-family: arial, helvetica, sans-serif; font-size: 12pt;\"><strong><b>Condiciones de aplicaci\u00f3n<\/b><\/strong><strong><b>\u00a0para el <\/b><\/strong><strong><b>Cargadora subterr\u00e1nea ZDL204DD<\/b><\/strong><strong>:<\/strong><\/span><\/p>\n<ol>\n<li><span style=\"font-family: arial, helvetica, sans-serif; font-size: 12pt;\"><b><\/b><strong><b>Especificaciones del t\u00fanel<\/b><\/strong>:<\/span><\/li>\n<\/ol>\n<ul>\n<li><span style=\"font-family: arial, helvetica, sans-serif; font-size: 12pt;\">Adecuado para t\u00faneles con un tama\u00f1o de secci\u00f3n transversal de <strong><b>2.5<\/b><\/strong><strong><b>metros (altura) \u00d7<\/b><\/strong><strong><b>2.5<\/b><\/strong><strong><b>metros (ancho) y m\u00e1s<\/b><\/strong>.<\/span><\/li>\n<li><span style=\"font-family: arial, helvetica, sans-serif; font-size: 12pt;\">Requiere una <strong><b>placa superior firme<\/b><\/strong>.<\/span><\/li>\n<li><span style=\"font-family: arial, helvetica, sans-serif; font-size: 12pt;\">Radio m\u00ednimo de giro de <strong><b>\u2265 1 <\/b><\/strong><strong><b>5.3 <\/b><\/strong><strong><b>metros<\/b><\/strong>en el exterior.<\/span><\/li>\n<li><span style=\"font-family: arial, helvetica, sans-serif; font-size: 12pt;\">La pendiente de la carretera debe ser <strong><b>\u2264 14 \u00b0<\/b><\/strong>.<\/span><\/li>\n<li><span style=\"font-family: arial, helvetica, sans-serif; font-size: 12pt;\">Adecuado <strong><b>ventilaci\u00f3n y drenaje<\/b><\/strong>en el lugar de trabajo.<\/span><\/li>\n<\/ul>\n<ol start=\"2\">\n<li><span style=\"font-family: arial, helvetica, sans-serif; font-size: 12pt;\"><b><\/b><strong><b>Factores ambientales<\/b><\/strong>:<\/span><\/li>\n<\/ol>\n<ul>\n<li><span style=\"font-family: arial, helvetica, sans-serif; font-size: 12pt;\">Temperatura ambiente dentro del t\u00fanel: <strong><b>-5\u00b0C a 40\u00b0C<\/b><\/strong>.<\/span><\/li>\n<li><span style=\"font-family: arial, helvetica, sans-serif; font-size: 12pt;\">Humedad relativa m\u00e1xima (a 25\u00b0C): <strong><b>No m\u00e1s del 85%<\/b><\/strong>.<\/span><\/li>\n<li><span style=\"font-family: arial, helvetica, sans-serif; font-size: 12pt;\">Altitud de ubicaci\u00f3n de uso: <strong><b>No superior a 1000 metros<\/b><\/strong>.<\/span><\/li>\n<li><span style=\"font-family: arial, helvetica, sans-serif; font-size: 12pt;\">En zonas de alta altitud (por encima de 1000 metros), <strong><b>reducci\u00f3n de potencia<\/b><\/strong>Es necesario para la operaci\u00f3n.<\/span><\/li>\n<\/ul>\n<ol start=\"3\">\n<li><span style=\"font-family: arial, helvetica, sans-serif; font-size: 12pt;\"><b><\/b><strong><b>Requisitos de combustible<\/b><\/strong>:<\/span><\/li>\n<\/ol>\n<ul>\n<li><span style=\"font-family: arial, helvetica, sans-serif; font-size: 12pt;\">El contenido de azufre del combustible utilizado en esta m\u00e1quina debe <strong><b>no exceda el 0,2%<\/b><\/strong>.<\/span><\/li>\n<\/ul>\n<ol start=\"4\">\n<li><span style=\"font-family: arial, helvetica, sans-serif; font-size: 12pt;\"><b><\/b><strong><b>Precauciones de seguridad<\/b><\/strong>:<\/span><\/li>\n<\/ol>\n<ul>\n<li><span style=\"font-family: arial, helvetica, sans-serif; font-size: 12pt;\">Estrictamente <strong><b>prohibido<\/b><\/strong>En lugares con <strong><b>Gases inflamables y explosivos<\/b><\/strong>(como gas y polvo de carb\u00f3n).<\/span><\/li>\n<li><img decoding=\"async\" class=\"wp-image-2621 alignright\" src=\"http:\/\/www.zongdamining.com\/wp-content\/uploads\/2025\/08\/\u56fe\u72473-2.png\" alt=\"\" width=\"587\" height=\"723\" srcset=\"https:\/\/www.zongdamining.com\/wp-content\/uploads\/2025\/08\/\u56fe\u72473-2.png 577w, https:\/\/www.zongdamining.com\/wp-content\/uploads\/2025\/08\/\u56fe\u72473-2-243x300.png 243w\" sizes=\"(max-width: 587px) 100vw, 587px\" \/><\/li>\n<\/ul>\n<p><span style=\"font-family: arial, helvetica, sans-serif; font-size: 12pt;\"><strong><b>T\u00e9cnica<\/b><\/strong><strong><b>\u00a0<\/b><\/strong><strong><b>P<\/b><\/strong><strong><b>aram\u00e9tricos<\/b><\/strong><\/span><\/p>\n<h3><span style=\"font-family: arial, helvetica, sans-serif; font-size: 12pt;\"><strong><b>1.1 Dimensiones generales<\/b><\/strong><\/span><\/h3>\n<ul>\n<li><span style=\"font-family: arial, helvetica, sans-serif; font-size: 12pt;\"><strong><b>Carga nominal<\/b><\/strong><strong><b>:<\/b><\/strong>\u00a04000kg<\/span><\/li>\n<li><span style=\"font-family: arial, helvetica, sans-serif; font-size: 12pt;\"><strong><b>En general <\/b><\/strong><strong><b>longitud<\/b><\/strong><strong><b>:<\/b><\/strong>\u00a0\u00a07230mm<\/span><\/li>\n<li><span style=\"font-family: arial, helvetica, sans-serif; font-size: 12pt;\"><strong><b>O<\/b><\/strong><strong><b>anchura verall<\/b><\/strong><strong><b>: <\/b><\/strong><strong><b>\u00a0<\/b><\/strong>\u00a01750 mm<\/span><\/li>\n<li><span style=\"font-family: arial, helvetica, sans-serif; font-size: 12pt;\"><strong><b>O<\/b><\/strong><strong><b>verall altura (incluyendo la parte superior de la cabina del conductor&#8217;s)<\/b><\/strong><strong><b>: <\/b><\/strong>\u00a02100mm<\/span><\/li>\n<li><span style=\"font-family: arial, helvetica, sans-serif; font-size: 12pt;\"><strong><b>Capacidad del cubo (apilamiento SAE) <\/b><\/strong><strong><b>:<\/b><\/strong>\u00a02m3<\/span><\/li>\n<li><span style=\"font-family: arial, helvetica, sans-serif; font-size: 12pt;\"><strong><b>Altura m\u00e1xima de elevaci\u00f3n<\/b><\/strong><strong><b>:<\/b><\/strong>\u00a04075mm<\/span><\/li>\n<li><span style=\"font-family: arial, helvetica, sans-serif; font-size: 12pt;\"><strong><b>Altura m\u00e1xima de descarga<\/b><\/strong><strong><b>:<\/b><\/strong>\u00a01790 mm<\/span><\/li>\n<li><span style=\"font-family: arial, helvetica, sans-serif; font-size: 12pt;\"><strong><b>\u00c1ngulo de descarga<\/b><\/strong><strong><b>:<\/b><\/strong>\u00a040 \u00b0<\/span><\/li>\n<li><span style=\"font-family: arial, helvetica, sans-serif; font-size: 12pt;\"><strong><b>Base de ruedas<\/b><\/strong>\u00a0\uff1a2580mm<\/span><\/li>\n<li><span style=\"font-family: arial, helvetica, sans-serif; font-size: 12pt;\"><strong><b>Deslizamiento m\u00ednimo al suelo \u2265<\/b><\/strong>\u00a0240 mm<\/span><\/li>\n<li><span style=\"font-family: arial, helvetica, sans-serif; font-size: 12pt;\"><strong><b>\u00c1ngulo de salida<\/b><\/strong><strong><b>:<\/b><\/strong>\u00a014 \u00b0<\/span><\/li>\n<\/ul>\n<p>&nbsp;<\/p>\n<h3><span style=\"font-family: arial, helvetica, sans-serif; font-size: 12pt;\"><strong><b>1.2 Peso de la m\u00e1quina<\/b><\/strong><\/span><\/h3>\n<ul>\n<li><span style=\"font-family: arial, helvetica, sans-serif; font-size: 12pt;\"><strong><b>Operaci\u00f3n<\/b><\/strong><strong><b>\u00a0peso<\/b><\/strong><strong><b>:<\/b><\/strong>\u00a013100kg<\/span><\/li>\n<li><span style=\"font-family: arial, helvetica, sans-serif; font-size: 12pt;\"><strong><b>F<\/b><\/strong><strong><b>peso de carga ull<\/b><\/strong><strong><b>:<\/b><\/strong>\u00a0\u00a0\u00a0\u00a017100kg<\/span><\/li>\n<\/ul>\n<p>&nbsp;<\/p>\n<h3><span style=\"font-family: arial, helvetica, sans-serif; font-size: 12pt;\"><strong><b>1.3 Capacidad operativa<\/b><\/strong><\/span><\/h3>\n<ul>\n<li><span style=\"font-family: arial, helvetica, sans-serif; font-size: 12pt;\"><strong><b>Velocidad de viaje<\/b><\/strong><\/span><\/li>\n<li><span style=\"font-family: arial, helvetica, sans-serif; font-size: 12pt;\"><strong><b>Adelante<\/b><\/strong><strong><b>\/<\/b><\/strong><strong><b>Reversi\u00f3n: <\/b><\/strong>\u00a00 ~ 25km \/ h<\/span><\/li>\n<li><span style=\"font-family: arial, helvetica, sans-serif; font-size: 12pt;\"><strong><b>Capacidad de escalada 14 \u00b0<\/b><\/strong><strong><b>:<\/b><\/strong><strong><b>\u00a0<\/b><\/strong>3.4km\/h<\/span><\/li>\n<li><span style=\"font-family: arial, helvetica, sans-serif; font-size: 12pt;\"><strong><b>Fuerza de tracci\u00f3n m\u00e1xima<\/b><\/strong><strong><b>:<\/b><\/strong>\u00a0110KN<\/span><\/li>\n<li><span style=\"font-family: arial, helvetica, sans-serif; font-size: 12pt;\"><strong><b>Fuerza de raspado m\u00e1xima<\/b><\/strong><strong><b>: <\/b><\/strong>(SAE) 90KN<\/span><\/li>\n<\/ul>\n<p>&nbsp;<\/p>\n<h3><span style=\"font-family: arial, helvetica, sans-serif; font-size: 12pt;\"><strong><b>1.4 Tanque de combustible<img decoding=\"async\" class=\"wp-image-2774 alignleft\" src=\"http:\/\/www.zongdamining.com\/wp-content\/uploads\/2025\/09\/350A6813-\u62f7\u8d1d-1-scaled.png\" alt=\"\" width=\"529\" height=\"529\" srcset=\"https:\/\/www.zongdamining.com\/wp-content\/uploads\/2025\/09\/350A6813-\u62f7\u8d1d-1-scaled.png 2560w, https:\/\/www.zongdamining.com\/wp-content\/uploads\/2025\/09\/350A6813-\u62f7\u8d1d-1-300x300.png 300w, https:\/\/www.zongdamining.com\/wp-content\/uploads\/2025\/09\/350A6813-\u62f7\u8d1d-1-1024x1024.png 1024w, https:\/\/www.zongdamining.com\/wp-content\/uploads\/2025\/09\/350A6813-\u62f7\u8d1d-1-150x150.png 150w, https:\/\/www.zongdamining.com\/wp-content\/uploads\/2025\/09\/350A6813-\u62f7\u8d1d-1-768x768.png 768w, https:\/\/www.zongdamining.com\/wp-content\/uploads\/2025\/09\/350A6813-\u62f7\u8d1d-1-1536x1536.png 1536w, https:\/\/www.zongdamining.com\/wp-content\/uploads\/2025\/09\/350A6813-\u62f7\u8d1d-1-2048x2048.png 2048w, https:\/\/www.zongdamining.com\/wp-content\/uploads\/2025\/09\/350A6813-\u62f7\u8d1d-1-700x700.png 700w, https:\/\/www.zongdamining.com\/wp-content\/uploads\/2025\/09\/350A6813-\u62f7\u8d1d-1-600x600.png 600w, https:\/\/www.zongdamining.com\/wp-content\/uploads\/2025\/09\/350A6813-\u62f7\u8d1d-1-100x100.png 100w\" sizes=\"(max-width: 529px) 100vw, 529px\" \/><\/b><\/strong><\/span><\/h3>\n<ul>\n<li><span style=\"font-family: arial, helvetica, sans-serif; font-size: 12pt;\"><strong><b>Dep\u00f3sito de combustible (L) <\/b><\/strong><strong><b>:<\/b><\/strong>130<\/span><\/li>\n<li><span style=\"font-family: arial, helvetica, sans-serif; font-size: 12pt;\"><strong><b>Tanque de aceite hidr\u00e1ulico (L)<\/b><\/strong><strong><b>:<\/b><\/strong>\u00a0160<\/span><\/li>\n<\/ul>\n<p>&nbsp;<\/p>\n<h3><span style=\"font-family: arial, helvetica, sans-serif; font-size: 12pt;\"><strong><b>1.5 Direcci\u00f3n<\/b><\/strong><\/span><\/h3>\n<ul>\n<li><span style=\"font-family: arial, helvetica, sans-serif; font-size: 12pt;\"><strong><b>Direcci\u00f3n asistida hidr\u00e1ulica articulada central<\/b><\/strong><\/span><\/li>\n<li><span style=\"font-family: arial, helvetica, sans-serif; font-size: 12pt;\"><strong><b>Radio m\u00ednimo de giro<\/b><\/strong><strong><b>&#8211;<\/b><\/strong><strong><b>\u00a0adentro<\/b><\/strong>:\u00a0\u00a0\u00a0\u00a0\u00a0\u00a0\u00a02860 \u00b1 200mm<\/span><\/li>\n<li><span style=\"font-family: arial, helvetica, sans-serif; font-size: 12pt;\"><strong><b>Fuera<\/b><\/strong>\uff1a \u00a05300 \u00b1 200mm<\/span><\/li>\n<\/ul>\n<p>&nbsp;<\/p>\n<p><span style=\"font-family: arial, helvetica, sans-serif; font-size: 12pt;\"><strong><b>2\u3001Configuraci\u00f3n principal de toda la m\u00e1quina<\/b><\/strong><\/span><\/p>\n<h3><span style=\"font-family: arial, helvetica, sans-serif; font-size: 12pt;\"><strong><b>2.1 Motor<\/b><\/strong><\/span><\/h3>\n<ul>\n<li><span style=\"font-family: arial, helvetica, sans-serif; font-size: 12pt;\"><strong><b>Fabricante<\/b><\/strong><strong><b>:<\/b><\/strong><strong><b>\u00a0<\/b><\/strong>DEUTZ<\/span><\/li>\n<li><span style=\"font-family: arial, helvetica, sans-serif; font-size: 12pt;\"><strong><b>modelo<\/b><\/strong><strong><b>:<\/b><\/strong>\u00a0F6L914 (importado hecho en Alemania)<\/span><\/li>\n<li><span style=\"font-family: arial, helvetica, sans-serif; font-size: 12pt;\"><strong><b>Tipo:<\/b><\/strong>\u00a0Motor diesel refrigerado por aire<\/span><\/li>\n<li><span style=\"font-family: arial, helvetica, sans-serif; font-size: 12pt;\"><strong><b>Potencia nominal<\/b><\/strong><strong><b>:<\/b><\/strong>\u00a0\u00a084KW \/ 2300rpm<\/span><\/li>\n<\/ul>\n<p>&nbsp;<\/p>\n<h3><span style=\"font-family: arial, helvetica, sans-serif; font-size: 12pt;\"><strong><b>2.2 Convertidor de par hidr\u00e1ulico<img loading=\"lazy\" decoding=\"async\" class=\"wp-image-2772 alignright\" src=\"http:\/\/www.zongdamining.com\/wp-content\/uploads\/2025\/09\/350A6809-\u62f7\u8d1d-scaled.png\" alt=\"\" width=\"641\" height=\"641\" srcset=\"https:\/\/www.zongdamining.com\/wp-content\/uploads\/2025\/09\/350A6809-\u62f7\u8d1d-scaled.png 2560w, https:\/\/www.zongdamining.com\/wp-content\/uploads\/2025\/09\/350A6809-\u62f7\u8d1d-300x300.png 300w, https:\/\/www.zongdamining.com\/wp-content\/uploads\/2025\/09\/350A6809-\u62f7\u8d1d-1024x1024.png 1024w, https:\/\/www.zongdamining.com\/wp-content\/uploads\/2025\/09\/350A6809-\u62f7\u8d1d-150x150.png 150w, https:\/\/www.zongdamining.com\/wp-content\/uploads\/2025\/09\/350A6809-\u62f7\u8d1d-768x768.png 768w, https:\/\/www.zongdamining.com\/wp-content\/uploads\/2025\/09\/350A6809-\u62f7\u8d1d-1536x1536.png 1536w, https:\/\/www.zongdamining.com\/wp-content\/uploads\/2025\/09\/350A6809-\u62f7\u8d1d-2048x2048.png 2048w, https:\/\/www.zongdamining.com\/wp-content\/uploads\/2025\/09\/350A6809-\u62f7\u8d1d-700x700.png 700w, https:\/\/www.zongdamining.com\/wp-content\/uploads\/2025\/09\/350A6809-\u62f7\u8d1d-600x600.png 600w, https:\/\/www.zongdamining.com\/wp-content\/uploads\/2025\/09\/350A6809-\u62f7\u8d1d-100x100.png 100w\" sizes=\"(max-width: 641px) 100vw, 641px\" \/><\/b><\/strong><\/span><\/h3>\n<ul>\n<li><span style=\"font-family: arial, helvetica, sans-serif; font-size: 12pt;\">Modelo C272 (USA DANA)<\/span><\/li>\n<\/ul>\n<p>&nbsp;<\/p>\n<h3><span style=\"font-family: arial, helvetica, sans-serif; font-size: 12pt;\"><strong><b>2.3 Transmisi\u00f3n<\/b><\/strong><\/span><\/h3>\n<ul>\n<li><span style=\"font-family: arial, helvetica, sans-serif; font-size: 12pt;\">Modelo RT32000 (USA DANA)<\/span><\/li>\n<li><span style=\"font-family: arial, helvetica, sans-serif; font-size: 12pt;\">Tipo: Cambio de potencia<\/span><\/li>\n<\/ul>\n<p>&nbsp;<\/p>\n<h3><span style=\"font-family: arial, helvetica, sans-serif; font-size: 12pt;\"><strong><b>2.4 Eje de accionamiento<\/b><\/strong><\/span><\/h3>\n<ul>\n<li><span style=\"font-family: arial, helvetica, sans-serif; font-size: 12pt;\"><strong><b>Fabricaci\u00f3n<\/b><\/strong><strong><b>es: <\/b><\/strong>Eje Xuzhou<\/span><\/li>\n<li><span style=\"font-family: arial, helvetica, sans-serif; font-size: 12pt;\"><strong><b>modelo<\/b><\/strong>Modelo: WJ2DN-F\/R<\/span><\/li>\n<li><span style=\"font-family: arial, helvetica, sans-serif; font-size: 12pt;\"><strong><b>Eje r\u00edgido de transmisi\u00f3n planetaria con diferencial antideslizante tipo NO-SPIN<\/b><\/strong><strong><b>s<\/b><\/strong><\/span><\/li>\n<\/ul>\n<p>&nbsp;<\/p>\n<h3><span style=\"font-family: arial, helvetica, sans-serif; font-size: 12pt;\"><strong><b>2.5 Sistema hidr\u00e1ulico<\/b><\/strong><\/span><\/h3>\n<ul>\n<li><span style=\"font-family: arial, helvetica, sans-serif; font-size: 12pt;\"><strong><b>Freno multidisco h\u00famedo con freno de trabajo<\/b><\/strong><\/span><\/li>\n<li><span style=\"font-family: arial, helvetica, sans-serif; font-size: 12pt;\"><strong><b>Freno de estacionamiento<\/b><\/strong><strong><b>El: S<\/b><\/strong><strong><b>pr\u00edncipe <\/b><\/strong><strong><b>Aplicado H<\/b><\/strong><strong><b>hidr\u00e1ulico <\/b><\/strong><strong><b>R<\/b><\/strong><strong><b>elease<\/b><\/strong><\/span><\/li>\n<li><span style=\"font-family: arial, helvetica, sans-serif; font-size: 12pt;\"><strong><b>V\u00e1lvula multiv\u00eda<\/b><\/strong><strong><b>: Estados Unidos<\/b><\/strong><strong><b>\u00a0P<\/b><\/strong><strong><b>ARKER<\/b><\/strong><\/span><\/li>\n<li><span style=\"font-family: arial, helvetica, sans-serif; font-size: 12pt;\"><strong><b>Bomba<\/b><\/strong><strong><b>Marca europea PERMCO<\/b><\/strong><\/span><\/li>\n<\/ul>\n<p>&nbsp;<\/p>","protected":false},"excerpt":{"rendered":"<p><span style=\"font-family: arial, helvetica, sans-serif; font-size: 12pt;\">La cargadora subterr\u00e1nea ZDL204DD se utiliza principalmente en combinaci\u00f3n con camiones de miner\u00eda en operaciones de excavaci\u00f3n subterr\u00e1nea y miner\u00eda. La carga de pala de mineral y varios materiales puede mejorar en gran medida la eficiencia operativa y es un equipo importante para lograr la miner\u00eda sin pista.<\/span><\/p>","protected":false},"featured_media":3138,"comment_status":"closed","ping_status":"closed","template":"","meta":{"_acf_changed":false},"product_brand":[],"product_cat":[15],"product_tag":[],"class_list":{"0":"post-2618","1":"product","2":"type-product","3":"status-publish","4":"has-post-thumbnail","6":"product_cat-trackless-mining-equipment","8":"first","9":"instock","10":"shipping-taxable","11":"product-type-simple"},"acf":[],"_links":{"self":[{"href":"https:\/\/www.zongdamining.com\/es\/wp-json\/wp\/v2\/product\/2618","targetHints":{"allow":["GET"]}}],"collection":[{"href":"https:\/\/www.zongdamining.com\/es\/wp-json\/wp\/v2\/product"}],"about":[{"href":"https:\/\/www.zongdamining.com\/es\/wp-json\/wp\/v2\/types\/product"}],"replies":[{"embeddable":true,"href":"https:\/\/www.zongdamining.com\/es\/wp-json\/wp\/v2\/comments?post=2618"}],"wp:featuredmedia":[{"embeddable":true,"href":"https:\/\/www.zongdamining.com\/es\/wp-json\/wp\/v2\/media\/3138"}],"wp:attachment":[{"href":"https:\/\/www.zongdamining.com\/es\/wp-json\/wp\/v2\/media?parent=2618"}],"wp:term":[{"taxonomy":"product_brand","embeddable":true,"href":"https:\/\/www.zongdamining.com\/es\/wp-json\/wp\/v2\/product_brand?post=2618"},{"taxonomy":"product_cat","embeddable":true,"href":"https:\/\/www.zongdamining.com\/es\/wp-json\/wp\/v2\/product_cat?post=2618"},{"taxonomy":"product_tag","embeddable":true,"href":"https:\/\/www.zongdamining.com\/es\/wp-json\/wp\/v2\/product_tag?post=2618"}],"curies":[{"name":"WP","href":"https:\/\/api.w.org\/{rel}","templated":true}]}}