{"id":2649,"date":"2025-09-08T13:40:17","date_gmt":"2025-09-08T05:40:17","guid":{"rendered":"https:\/\/www.zongdamining.com\/?post_type=product&#038;p=2649"},"modified":"2026-01-27T11:14:44","modified_gmt":"2026-01-27T03:14:44","slug":"zdl307l-low-profile-lhd","status":"publish","type":"product","link":"https:\/\/www.zongdamining.com\/es\/product\/zdl307l-low-profile-lhd\/","title":{"rendered":"ZDL307L LHD de perfil bajo para mina subterr\u00e1nea"},"content":{"rendered":"<p><span style=\"font-family: arial, helvetica, sans-serif;\"><strong><b>Caracter\u00edsticas:<\/b><\/strong><\/span><\/p>\n<p><span style=\"font-family: arial, helvetica, sans-serif;\"><strong><b>Especialmente dise\u00f1ado para la miner\u00eda de venas de mineral de 4mx4m y operaciones de excavaci\u00f3n de t\u00faneles para proporcionar la m\u00e1xima capacidad de carga de conducci\u00f3n. El sistema de transmisi\u00f3n mec\u00e1nica hidr\u00e1ulica proporciona una mayor tracci\u00f3n, asegurando la m\u00e1xima fuerza de inserci\u00f3n del cubo durante la miner\u00eda y proporcionando una cabina c\u00f3moda para los operadores.<\/b><\/strong><\/span><\/p>\n<p><img fetchpriority=\"high\" decoding=\"async\" class=\"wp-image-2650 aligncenter\" src=\"http:\/\/www.zongdamining.com\/wp-content\/uploads\/2025\/09\/\u56fe\u72471.png\" alt=\"\" width=\"566\" height=\"283\" srcset=\"https:\/\/www.zongdamining.com\/wp-content\/uploads\/2025\/09\/\u56fe\u72471.png 1920w, https:\/\/www.zongdamining.com\/wp-content\/uploads\/2025\/09\/\u56fe\u72471-300x150.png 300w, https:\/\/www.zongdamining.com\/wp-content\/uploads\/2025\/09\/\u56fe\u72471-1024x512.png 1024w, https:\/\/www.zongdamining.com\/wp-content\/uploads\/2025\/09\/\u56fe\u72471-768x384.png 768w, https:\/\/www.zongdamining.com\/wp-content\/uploads\/2025\/09\/\u56fe\u72471-1536x768.png 1536w, https:\/\/www.zongdamining.com\/wp-content\/uploads\/2025\/09\/\u56fe\u72471-600x300.png 600w\" sizes=\"(max-width: 566px) 100vw, 566px\" \/><\/p>\n<ul>\n<li><span style=\"font-family: arial, helvetica, sans-serif;\">Alta seguridad. Los operadores est\u00e1n protegidos por un dosel protector y se mantienen alejados de \u00e1reas peligrosas.<\/span><\/li>\n<li><span style=\"font-family: arial, helvetica, sans-serif;\">Todas las piezas de mantenimiento est\u00e1n bien protegidas y f\u00e1ciles de mantener.<\/span><\/li>\n<li><span style=\"font-family: arial, helvetica, sans-serif;\">El motor es un motor refrigerado por aire Deutz;<\/span><\/li>\n<li><span style=\"font-family: arial, helvetica, sans-serif;\">La transmisi\u00f3n adopta convertidor de par DANA importado y caja de cambios de cambio de potencia;<\/span><\/li>\n<li><span style=\"font-family: arial, helvetica, sans-serif;\">Dise\u00f1o compacto y flexible adecuado para t\u00faneles estrechos;<\/span><\/li>\n<li><span style=\"font-family: arial, helvetica, sans-serif;\">La v\u00e1lvula multiv\u00eda adopta un tipo operado por piloto, que es m\u00e1s conveniente para operar;<\/span><\/li>\n<li><span style=\"font-family: arial, helvetica, sans-serif;\">Bisagra central, baja tasa de falla, alta comodidad;<\/span><\/li>\n<li><span style=\"font-family: arial, helvetica, sans-serif;\">El eje trasero adopta un bastidor basculante de doble soporte para reducir la tasa de fallos.<\/span><\/li>\n<\/ul>\n<p><span style=\"font-family: arial, helvetica, sans-serif;\"><strong><b>Capacidad de producci\u00f3n<img decoding=\"async\" class=\"wp-image-2651 alignright\" src=\"http:\/\/www.zongdamining.com\/wp-content\/uploads\/2025\/09\/\u56fe\u72472.png\" alt=\"\" width=\"428\" height=\"571\" srcset=\"https:\/\/www.zongdamining.com\/wp-content\/uploads\/2025\/09\/\u56fe\u72472.png 534w, https:\/\/www.zongdamining.com\/wp-content\/uploads\/2025\/09\/\u56fe\u72472-225x300.png 225w\" sizes=\"(max-width: 428px) 100vw, 428px\" \/>\u00a0 \u00a0 \u00a0 \u00a0 \u00a0 \u00a0 \u00a0 \u00a0 \u00a0 \u00a0 \u00a0 \u00a0 \u00a0 \u00a0 \u00a0 \u00a0 \u00a0 \u00a0 \u00a0 \u00a0 \u00a0 \u00a0 \u00a0 \u00a0 \u00a0 \u00a0 \u00a0 \u00a0 \u00a0 \u00a0 \u00a0 \u00a0 \u00a0 \u00a0 \u00a0 \u00a0 \u00a0 \u00a0 \u00a0 \u00a0 \u00a0 \u00a0 \u00a0 \u00a0 \u00a0 \u00a0 \u00a0 \u00a0 \u00a0 \u00a0 \u00a0 \u00a0 \u00a0 \u00a0 \u00a0 \u00a0 \u00a0 \u00a0 \u00a0 \u00a0 \u00a0 \u00a0 \u00a0 \u00a0 \u00a0 \u00a0<\/b><\/strong><\/span><\/p>\n<ul>\n<li><span style=\"font-family: arial, helvetica, sans-serif;\">Capacidad de carga de conducci\u00f3n: 6000kg<\/span><\/li>\n<li><span style=\"font-family: arial, helvetica, sans-serif;\">Fuerza de tracci\u00f3n \u2265120kN<\/span><\/li>\n<li><span style=\"font-family: arial, helvetica, sans-serif;\">Fuerza de raspado, cubo recogido \u2265100kN<\/span><\/li>\n<li><span style=\"font-family: arial, helvetica, sans-serif;\">Cubo est\u00e1ndar: 3 m\u00b3<\/span><\/li>\n<\/ul>\n<p><strong style=\"font-family: arial, helvetica, sans-serif; text-align: right;\"><b>Velocidad de conducci\u00f3n hacia adelante y hacia atr\u00e1s (horizontal\/carga completa)<\/b><\/strong><\/p>\n<ul>\n<li><span style=\"font-family: arial, helvetica, sans-serif;\">Primera marcha: 4.0km\/h<\/span><\/li>\n<li><span style=\"font-family: arial, helvetica, sans-serif;\">Segunda marcha: 10.0km\/h<\/span><\/li>\n<\/ul>\n<p><strong><span style=\"font-family: arial, helvetica, sans-serif;\">Tiempo de operaci\u00f3n del cubo<\/span><\/strong><\/p>\n<ul>\n<li><span style=\"font-family: arial, helvetica, sans-serif;\">Elevador: 6.5S<\/span><\/li>\n<li><span style=\"font-family: arial, helvetica, sans-serif;\">Oto\u00f1o: 3.6S<\/span><\/li>\n<li><span style=\"font-family: arial, helvetica, sans-serif;\">Descarga: 3.2<\/span><\/li>\n<\/ul>\n<p><strong style=\"font-family: arial, helvetica, sans-serif;\"><b>Peso vac\u00edo<\/b><\/strong><\/p>\n<p>&nbsp;<\/p>\n<ul>\n<li><span style=\"font-family: arial, helvetica, sans-serif;\">Peso del veh\u00edculo: 20 500kg<\/span><\/li>\n<li><span style=\"font-family: arial, helvetica, sans-serif;\">Carga del eje delantero: 9 000kg<\/span><\/li>\n<li><span style=\"font-family: arial, helvetica, sans-serif;\">Carga del eje trasero: 11 500kg<\/span><\/li>\n<\/ul>\n<p><span style=\"font-family: arial, helvetica, sans-serif;\"><strong><b>Peso de carga completa<\/b><\/strong><\/span><\/p>\n<ul>\n<li><span style=\"font-family: arial, helvetica, sans-serif;\">Peso total de carga completa: 27 5000kg<\/span><\/li>\n<li><span style=\"font-family: arial, helvetica, sans-serif;\">Carga del eje delantero: 19 700kg<\/span><\/li>\n<li><span style=\"font-family: arial, helvetica, sans-serif;\">Carga del eje trasero: 7 800kg<\/span><\/li>\n<\/ul>\n<p><span style=\"font-family: arial, helvetica, sans-serif;\"><strong>Motor<img decoding=\"async\" class=\"wp-image-2732 alignleft\" src=\"http:\/\/www.zongdamining.com\/wp-content\/uploads\/2025\/09\/350A6755-\u62f7\u8d1d-scaled.png\" alt=\"\" width=\"629\" height=\"629\" srcset=\"https:\/\/www.zongdamining.com\/wp-content\/uploads\/2025\/09\/350A6755-\u62f7\u8d1d-scaled.png 2560w, https:\/\/www.zongdamining.com\/wp-content\/uploads\/2025\/09\/350A6755-\u62f7\u8d1d-300x300.png 300w, https:\/\/www.zongdamining.com\/wp-content\/uploads\/2025\/09\/350A6755-\u62f7\u8d1d-1024x1024.png 1024w, https:\/\/www.zongdamining.com\/wp-content\/uploads\/2025\/09\/350A6755-\u62f7\u8d1d-150x150.png 150w, https:\/\/www.zongdamining.com\/wp-content\/uploads\/2025\/09\/350A6755-\u62f7\u8d1d-768x768.png 768w, https:\/\/www.zongdamining.com\/wp-content\/uploads\/2025\/09\/350A6755-\u62f7\u8d1d-1536x1536.png 1536w, https:\/\/www.zongdamining.com\/wp-content\/uploads\/2025\/09\/350A6755-\u62f7\u8d1d-2048x2048.png 2048w, https:\/\/www.zongdamining.com\/wp-content\/uploads\/2025\/09\/350A6755-\u62f7\u8d1d-700x700.png 700w, https:\/\/www.zongdamining.com\/wp-content\/uploads\/2025\/09\/350A6755-\u62f7\u8d1d-600x600.png 600w, https:\/\/www.zongdamining.com\/wp-content\/uploads\/2025\/09\/350A6755-\u62f7\u8d1d-100x100.png 100w\" sizes=\"(max-width: 629px) 100vw, 629px\" \/><\/strong><\/span><\/p>\n<ul>\n<li><span style=\"font-family: arial, helvetica, sans-serif;\">Motor diesel: alem\u00e1n Deutz BF6M1013EC<\/span><\/li>\n<li><span style=\"font-family: arial, helvetica, sans-serif;\">Potencia de salida: 165kW@2300rpm<\/span><\/li>\n<li><span style=\"font-family: arial, helvetica, sans-serif;\">Torque: 854Nm@1400rpm<\/span><\/li>\n<li><span style=\"font-family: arial, helvetica, sans-serif;\">N\u00famero de cilindros: Motor de 6 cilindros en l\u00ednea<\/span><\/li>\n<li><span style=\"font-family: arial, helvetica, sans-serif;\">Desplazamiento: 7L<\/span><\/li>\n<li><span style=\"font-family: arial, helvetica, sans-serif;\">Sistema de enfriamiento: enfriado por agua<\/span><\/li>\n<li><span style=\"font-family: arial, helvetica, sans-serif;\">Sistema el\u00e9ctrico: 24V<\/span><\/li>\n<li><span style=\"font-family: arial, helvetica, sans-serif;\">Consumo promedio de combustible: 19L\/h<\/span><\/li>\n<li><span style=\"font-family: arial, helvetica, sans-serif;\">Capacidad del tanque de combustible: 250L<\/span><\/li>\n<\/ul>\n<p><span style=\"font-family: arial, helvetica, sans-serif;\"><strong>Convertidor de torsi\u00f3n<\/strong><\/span><\/p>\n<ul>\n<li><span style=\"font-family: arial, helvetica, sans-serif;\">DANA C270 : Nivel \u00fanico \u00a0\u00a0\u00a0<\/span><\/li>\n<\/ul>\n<p><span style=\"font-family: arial, helvetica, sans-serif;\"><strong><b>Transmisi\u00f3n<\/b><\/strong><\/span><\/p>\n<ul>\n<li><span style=\"font-family: arial, helvetica, sans-serif;\">DANA R32000 : Control el\u00e9ctrico de cambio de marchas<\/span><\/li>\n<\/ul>\n<p><span style=\"font-family: arial, helvetica, sans-serif;\"><strong><b>Eje<\/b><\/strong><\/span><\/p>\n<p><span style=\"font-family: arial, helvetica, sans-serif;\">Estados Unidos DANA<\/span><\/p>\n<ul>\n<li><span style=\"font-family: arial, helvetica, sans-serif;\">Eje delantero: 16D, freno de liberaci\u00f3n hidr\u00e1ulico aplicado por muelle, diferencial NO SPIN, instalaci\u00f3n fija<\/span><\/li>\n<li><span style=\"font-family: arial, helvetica, sans-serif;\">Eje trasero: 16D, freno de liberaci\u00f3n hidr\u00e1ulico aplicado por muelle, diferencial est\u00e1ndar, \u00e1ngulo de oscilaci\u00f3n \u00b1 8 \u00b0<\/span><\/li>\n<\/ul>\n<p><span style=\"font-family: arial, helvetica, sans-serif;\"><strong><b>Neum\u00e1ticos<\/b><\/strong><\/span><\/p>\n<ul>\n<li><span style=\"font-family: arial, helvetica, sans-serif;\">Modelo de neum\u00e1tico: 17.5-25S<\/span><\/li>\n<\/ul>\n<p><span style=\"font-family: arial, helvetica, sans-serif;\"><strong><b>Marcos delanteros y traseros<img loading=\"lazy\" decoding=\"async\" class=\"wp-image-2674 alignright\" src=\"http:\/\/www.zongdamining.com\/wp-content\/uploads\/2025\/08\/350A6831-\u62f7\u8d1d-scaled.jpg\" alt=\"\" width=\"635\" height=\"635\" srcset=\"https:\/\/www.zongdamining.com\/wp-content\/uploads\/2025\/08\/350A6831-\u62f7\u8d1d-scaled.jpg 2560w, https:\/\/www.zongdamining.com\/wp-content\/uploads\/2025\/08\/350A6831-\u62f7\u8d1d-300x300.jpg 300w, https:\/\/www.zongdamining.com\/wp-content\/uploads\/2025\/08\/350A6831-\u62f7\u8d1d-1024x1024.jpg 1024w, https:\/\/www.zongdamining.com\/wp-content\/uploads\/2025\/08\/350A6831-\u62f7\u8d1d-150x150.jpg 150w, https:\/\/www.zongdamining.com\/wp-content\/uploads\/2025\/08\/350A6831-\u62f7\u8d1d-768x768.jpg 768w, https:\/\/www.zongdamining.com\/wp-content\/uploads\/2025\/08\/350A6831-\u62f7\u8d1d-1536x1536.jpg 1536w, https:\/\/www.zongdamining.com\/wp-content\/uploads\/2025\/08\/350A6831-\u62f7\u8d1d-2048x2048.jpg 2048w, https:\/\/www.zongdamining.com\/wp-content\/uploads\/2025\/08\/350A6831-\u62f7\u8d1d-700x700.jpg 700w, https:\/\/www.zongdamining.com\/wp-content\/uploads\/2025\/08\/350A6831-\u62f7\u8d1d-600x600.jpg 600w, https:\/\/www.zongdamining.com\/wp-content\/uploads\/2025\/08\/350A6831-\u62f7\u8d1d-100x100.jpg 100w\" sizes=\"(max-width: 635px) 100vw, 635px\" \/><\/b><\/strong><\/span><\/p>\n<ul>\n<li><span style=\"font-family: arial, helvetica, sans-serif;\">Estructura de acero soldado de alta resistencia. La relaci\u00f3n de grosor del material est\u00e1 optimizada para reducir el peso propio, mejorar la capacidad de transporte y mejorar la vida \u00fatil de los componentes estructurales.<\/span><\/li>\n<li><span style=\"font-family: arial, helvetica, sans-serif;\">Bisagra central<\/span><\/li>\n<li><span style=\"font-family: arial, helvetica, sans-serif;\">Lubricaci\u00f3n centralizada autom\u00e1tica: Opcional<\/span><\/li>\n<\/ul>\n<p><span style=\"font-family: arial, helvetica, sans-serif;\"><strong><b>S<\/b><\/strong><strong><b>sistema hidr\u00e1ulico teering<\/b><\/strong><\/span><\/p>\n<ul>\n<li><span style=\"font-family: arial, helvetica, sans-serif;\">Bisagra central, direcci\u00f3n asistida hidr\u00e1ulica, dos cilindros de aceite de doble operaci\u00f3n operan. Direcci\u00f3n controlada por piloto totalmente hidr\u00e1ulica.<\/span><\/li>\n<\/ul>\n<p><span style=\"font-family: arial, helvetica, sans-serif;\"><strong><b>Radio de giro<\/b><\/strong><\/span><\/p>\n<ul>\n<li><span style=\"font-family: arial, helvetica, sans-serif;\">\u00c1ngulo de direcci\u00f3n: \u00b140\u00b0<\/span><\/li>\n<li><span style=\"font-family: arial, helvetica, sans-serif;\">Di\u00e1metro interior: 3000 mm<\/span><\/li>\n<li><span style=\"font-family: arial, helvetica, sans-serif;\">Di\u00e1metro exterior: 6200 mm<\/span><\/li>\n<\/ul>\n<p><span style=\"font-family: arial, helvetica, sans-serif;\"><strong><b>Sistema hidr\u00e1ulico cubo<\/b><\/strong><\/span><\/p>\n<ul>\n<li><span style=\"font-family: arial, helvetica, sans-serif;\">Las palancas de control dobles controlan el movimiento del cubo y la pluma (control hidr\u00e1ulico). El aceite es suministrado a la v\u00e1lvula principal del sistema hidr\u00e1ulico del cubo por la bomba de engranajes<\/span>.<\/li>\n<\/ul>\n<p><span style=\"font-family: arial, helvetica, sans-serif;\"><strong><b>Sistema de frenos<\/b><\/strong><\/span><\/p>\n<ul>\n<li><span style=\"font-family: arial, helvetica, sans-serif;\">El freno de accionamiento est\u00e1 equipado con frenos de muelle en cada borde de la rueda y frenos multidisco h\u00famedos de liberaci\u00f3n hidr\u00e1ulica.<\/span><\/li>\n<li><span style=\"font-family: arial, helvetica, sans-serif;\">El frenado de emergencia y el frenado de estacionamiento son los frenos laterales de la rueda del eje motriz, mientras que el frenado de trabajo y el frenado de estacionamiento se combinan en uno.<\/span><\/li>\n<li><span style=\"font-family: arial, helvetica, sans-serif;\">El rendimiento del sistema de frenado cumple con las normas EN ISO 3450, AS2958.1 y SABS 1589.<\/span><\/li>\n<\/ul>\n<p>&nbsp;<\/p>\n<p>&nbsp;<\/p>\n<p>&nbsp;<\/p>","protected":false},"excerpt":{"rendered":"<p><span style=\"font-family: arial, helvetica, sans-serif;\">Especialmente dise\u00f1ado para la miner\u00eda de venas de mineral de 4mx4m y operaciones de excavaci\u00f3n de t\u00faneles para proporcionar la m\u00e1xima capacidad de carga de conducci\u00f3n. El sistema de transmisi\u00f3n mec\u00e1nica hidr\u00e1ulica proporciona una mayor tracci\u00f3n, asegurando la m\u00e1xima fuerza de inserci\u00f3n del cubo durante la miner\u00eda y proporcionando una cabina c\u00f3moda para los operadores.<\/span><\/p>","protected":false},"featured_media":2773,"comment_status":"closed","ping_status":"closed","template":"","meta":{"_acf_changed":false},"product_brand":[],"product_cat":[15],"product_tag":[],"class_list":{"0":"post-2649","1":"product","2":"type-product","3":"status-publish","4":"has-post-thumbnail","6":"product_cat-trackless-mining-equipment","8":"first","9":"instock","10":"shipping-taxable","11":"product-type-simple"},"acf":[],"_links":{"self":[{"href":"https:\/\/www.zongdamining.com\/es\/wp-json\/wp\/v2\/product\/2649","targetHints":{"allow":["GET"]}}],"collection":[{"href":"https:\/\/www.zongdamining.com\/es\/wp-json\/wp\/v2\/product"}],"about":[{"href":"https:\/\/www.zongdamining.com\/es\/wp-json\/wp\/v2\/types\/product"}],"replies":[{"embeddable":true,"href":"https:\/\/www.zongdamining.com\/es\/wp-json\/wp\/v2\/comments?post=2649"}],"wp:featuredmedia":[{"embeddable":true,"href":"https:\/\/www.zongdamining.com\/es\/wp-json\/wp\/v2\/media\/2773"}],"wp:attachment":[{"href":"https:\/\/www.zongdamining.com\/es\/wp-json\/wp\/v2\/media?parent=2649"}],"wp:term":[{"taxonomy":"product_brand","embeddable":true,"href":"https:\/\/www.zongdamining.com\/es\/wp-json\/wp\/v2\/product_brand?post=2649"},{"taxonomy":"product_cat","embeddable":true,"href":"https:\/\/www.zongdamining.com\/es\/wp-json\/wp\/v2\/product_cat?post=2649"},{"taxonomy":"product_tag","embeddable":true,"href":"https:\/\/www.zongdamining.com\/es\/wp-json\/wp\/v2\/product_tag?post=2649"}],"curies":[{"name":"WP","href":"https:\/\/api.w.org\/{rel}","templated":true}]}}