{"id":2657,"date":"2025-09-08T14:24:06","date_gmt":"2025-09-08T06:24:06","guid":{"rendered":"https:\/\/www.zongdamining.com\/?post_type=product&#038;p=2657"},"modified":"2026-03-10T14:12:39","modified_gmt":"2026-03-10T06:12:39","slug":"zongda-zdl410-underground-loader","status":"publish","type":"product","link":"https:\/\/www.zongdamining.com\/es\/product\/zongda-zdl410-underground-loader\/","title":{"rendered":"Cargador subterr\u00e1neo ZDL410"},"content":{"rendered":"<p><span style=\"font-family: arial, helvetica, sans-serif;\"><strong><b>ZDL410 subterr\u00e1neo<\/b><\/strong><strong><b>\u00a0<\/b><\/strong><strong><b>cargador <\/b><\/strong><strong><b>: <\/b><\/strong><strong><b>Equipo de transporte de corta distancia de carga de pala sin pista.<\/b><\/strong><\/span><\/p>\n<p><img fetchpriority=\"high\" decoding=\"async\" class=\"aligncenter wp-image-2658\" src=\"http:\/\/www.zongdamining.com\/wp-content\/uploads\/2025\/09\/\u56fe\u72471-1.png\" alt=\"\" width=\"794\" height=\"595\" srcset=\"https:\/\/www.zongdamining.com\/wp-content\/uploads\/2025\/09\/\u56fe\u72471-1.png 1386w, https:\/\/www.zongdamining.com\/wp-content\/uploads\/2025\/09\/\u56fe\u72471-1-300x225.png 300w, https:\/\/www.zongdamining.com\/wp-content\/uploads\/2025\/09\/\u56fe\u72471-1-1024x768.png 1024w, https:\/\/www.zongdamining.com\/wp-content\/uploads\/2025\/09\/\u56fe\u72471-1-768x576.png 768w, https:\/\/www.zongdamining.com\/wp-content\/uploads\/2025\/09\/\u56fe\u72471-1-600x450.png 600w\" sizes=\"(max-width: 794px) 100vw, 794px\" \/><\/p>\n<p><span style=\"font-family: arial, helvetica, sans-serif;\"><strong><b>Cargadora subterr\u00e1nea ZDL410<\/b><\/strong>\u00a0Se utiliza principalmente en combinaci\u00f3n con camiones mineros en excavaciones subterr\u00e1neas y operaciones mineras. La carga de pala de mineral y varios materiales puede mejorar en gran medida la eficiencia operativa y es un equipo importante para lograr la miner\u00eda sin pista.<\/span><\/p>\n<p><span style=\"font-family: arial, helvetica, sans-serif;\"><strong><b>1.<\/b><\/strong><strong><b>Caracter\u00edsticas t\u00e9cnicas<\/b><\/strong>:<\/span><\/p>\n<ul>\n<li><span style=\"font-family: arial, helvetica, sans-serif;\"><strong><b>Sistema de alimentaci\u00f3n<\/b><\/strong>: El sistema de potencia adopta un motor VOLVO refrigerado por agua de baja contaminaci\u00f3n, baja velocidad y alto par;<\/span><\/li>\n<li><span style=\"font-family: arial, helvetica, sans-serif;\"><strong><b>Transmisi\u00f3n<\/b><\/strong>El sistema de transmisi\u00f3n de potencia adopta la caja de cambios DANA y el convertidor de par, el eje de accionamiento de liberaci\u00f3n hidr\u00e1ulica del freno de muelle DANA, los neum\u00e1ticos resistentes al corte de la miner\u00eda y tiene un sistema de cambio autom\u00e1tico;<\/span><\/li>\n<li><span style=\"font-family: arial, helvetica, sans-serif;\"><strong><b>Sistema de frenado<\/b><\/strong>: El freno de servicio adopta el freno de muelle multi disco h\u00famedo y el freno de liberaci\u00f3n hidr\u00e1ulico; v\u00e1lvula de llenado MICO y v\u00e1lvula de freno; El freno de estacionamiento adopta frenos de resorte en el eje de accionamiento para frenar;<\/span><\/li>\n<li><span style=\"font-family: arial, helvetica, sans-serif;\"><strong><b>Marco<\/b><\/strong>El bastidor es una estructura articulada central, con el eje trasero oscilando a izquierda y derecha alrededor del centro del bastidor para mejorar el rendimiento de adhesi\u00f3n de toda la m\u00e1quina;<\/span><\/li>\n<li><span style=\"font-family: arial, helvetica, sans-serif;\"><strong><b>Direcci\u00f3n<\/b><\/strong>: El sistema de direcci\u00f3n es un sistema de direcci\u00f3n asistida hidr\u00e1ulica con cilindros de direcci\u00f3n de doble cara;<\/span><\/li>\n<\/ul>\n<p><span style=\"font-family: arial, helvetica, sans-serif;\"><strong><b>2.<\/b><\/strong><strong><b>Medidas de seguridad:<\/b><\/strong><\/span><\/p>\n<ul>\n<li><span style=\"font-family: arial, helvetica, sans-serif;\"><strong><b>Equipo de seguridad<\/b><\/strong>Los operadores deben usar cascos de seguridad, llevar dispositivos de auto-rescate y usar l\u00e1mparas de miner\u00eda al entrar en el pozo.<\/span><\/li>\n<li><span style=\"font-family: arial, helvetica, sans-serif;\"><strong><b>Mantenimiento regular<\/b><\/strong>Inspecciones regulares y respuesta r\u00e1pida a los peligros ocultos.<\/span><\/li>\n<li><span style=\"font-family: arial, helvetica, sans-serif;\"><strong><b>Sin mantenimiento durante la operaci\u00f3n<\/b><\/strong>Estrictamente prohibido llevar a cabo el mantenimiento mientras la m\u00e1quina est\u00e1 funcionando.<\/span><\/li>\n<li><span style=\"font-family: arial, helvetica, sans-serif;\"><strong><b>Seguridad durante la soldadura\/corte<\/b><\/strong>Confirme la ausencia de materiales inflamables o explosivos antes del mantenimiento.<\/span><\/li>\n<li><span style=\"font-family: arial, helvetica, sans-serif;\"><strong><b>Precauciones para tubos de escape<\/b><\/strong>Evite el contacto f\u00edsico con la tuber\u00eda de escape caliente.<\/span><\/li>\n<li><span style=\"font-family: arial, helvetica, sans-serif;\"><strong><b>Mantenimiento del sistema hidr\u00e1ulico<\/b><\/strong>La presi\u00f3n debe ser aliviada antes de iniciar cualquier reparaci\u00f3n.<\/span><\/li>\n<\/ul>\n<p>&nbsp;<\/p>\n<p><span style=\"font-family: arial, helvetica, sans-serif;\"><strong><b>Condiciones de aplicaci\u00f3n<\/b><\/strong><strong><b>\u00a0para el <\/b><\/strong><strong><b>Cargadora de combusti\u00f3n interna subterr\u00e1nea ZDL410<\/b><\/strong><strong>:<\/strong><\/span><\/p>\n<p><span style=\"font-family: arial, helvetica, sans-serif;\"><b><\/b><strong><b>\u00a0 \u00a0 \u00a0Especificaciones 1.Tunnel<\/b><\/strong>:<\/span><\/p>\n<ul>\n<li><span style=\"font-family: arial, helvetica, sans-serif;\">Adecuado para t\u00faneles con un tama\u00f1o de secci\u00f3n transversal de <strong><b>5<\/b><\/strong><strong><b>metros (altura) \u00d7<\/b><\/strong><strong><b>5<\/b><\/strong><strong><b>metros (ancho) y m\u00e1s<\/b><\/strong>.<\/span><\/li>\n<li><span style=\"font-family: arial, helvetica, sans-serif;\">Requiere una <strong><b>placa superior firme<\/b><\/strong>.<\/span><\/li>\n<li><span style=\"font-family: arial, helvetica, sans-serif;\">Radio m\u00ednimo de giro de <strong><b>\u2265 1 <\/b><\/strong><strong><b>9<\/b><\/strong><strong><b>metros<\/b><\/strong>en el exterior.<\/span><\/li>\n<li><span style=\"font-family: arial, helvetica, sans-serif;\">La pendiente de la carretera debe ser <strong><b>\u2264 14 \u00b0<\/b><\/strong>.<\/span><\/li>\n<li><span style=\"font-family: arial, helvetica, sans-serif;\">Adecuado <strong><b>ventilaci\u00f3n y drenaje<\/b><\/strong>en el lugar de trabajo.<\/span><\/li>\n<\/ul>\n<p><span style=\"font-family: arial, helvetica, sans-serif;\"><b><\/b><strong><b>\u00a0 \u00a0 \u00a02.Factores ambientales<\/b><\/strong>:<\/span><\/p>\n<ul>\n<li><span style=\"font-family: arial, helvetica, sans-serif;\">Temperatura ambiente dentro del t\u00fanel: <strong><b>-5\u00b0C a 40\u00b0C<\/b><\/strong>.<\/span><\/li>\n<li><span style=\"font-family: arial, helvetica, sans-serif;\">Humedad relativa m\u00e1xima (a 25\u00b0C): <strong><b>No m\u00e1s del 85%<\/b><\/strong>.<\/span><\/li>\n<li><span style=\"font-family: arial, helvetica, sans-serif;\">Altitud de ubicaci\u00f3n de uso: <strong><b>No superior a 1000 metros<\/b><\/strong>.<\/span><\/li>\n<li><span style=\"font-family: arial, helvetica, sans-serif;\">En zonas de alta altitud (por encima de 1000 metros), <strong><b>reducci\u00f3n de potencia<\/b><\/strong>Es necesario para la operaci\u00f3n.<\/span><\/li>\n<\/ul>\n<p><span style=\"font-family: arial, helvetica, sans-serif;\"><b><\/b><strong><b>\u00a0 \u00a0 \u00a0Requisitos 3.Fuel<\/b><\/strong>:<\/span><\/p>\n<ul>\n<li><span style=\"font-family: arial, helvetica, sans-serif;\">El contenido de azufre del combustible utilizado en esta m\u00e1quina debe <strong><b>no exceda el 0,2%<\/b><\/strong>.<\/span><\/li>\n<\/ul>\n<p><span style=\"font-family: arial, helvetica, sans-serif;\"><b><\/b><strong><b>\u00a0 \u00a0 \u00a04.Precauciones de seguridad<\/b><\/strong>:<\/span><\/p>\n<ul>\n<li><span style=\"font-family: arial, helvetica, sans-serif;\">Estrictamente <strong><b>prohibido<\/b><\/strong>En lugares con <strong><b>Gases inflamables y explosivos<\/b><\/strong>(como gas y polvo de carb\u00f3n).<\/span><\/li>\n<\/ul>\n<p style=\"text-align: left;\"><strong><b>Dimensiones del esquema:<\/b><\/strong><\/p>\n<figure id=\"attachment_2659\" aria-describedby=\"caption-attachment-2659\" style=\"width: 531px\" class=\"wp-caption alignleft\"><img decoding=\"async\" class=\"wp-image-2659\" src=\"http:\/\/www.zongdamining.com\/wp-content\/uploads\/2025\/09\/\u56fe\u72472-1.png\" alt=\"Dimensiones del esquema\" width=\"531\" height=\"635\" srcset=\"https:\/\/www.zongdamining.com\/wp-content\/uploads\/2025\/09\/\u56fe\u72472-1.png 760w, https:\/\/www.zongdamining.com\/wp-content\/uploads\/2025\/09\/\u56fe\u72472-1-251x300.png 251w, https:\/\/www.zongdamining.com\/wp-content\/uploads\/2025\/09\/\u56fe\u72472-1-600x718.png 600w\" sizes=\"(max-width: 531px) 100vw, 531px\" \/><figcaption id=\"caption-attachment-2659\" class=\"wp-caption-text\">Par\u00e1metros t\u00e9cnicos del producto<\/figcaption><\/figure>\n<p><span style=\"font-family: arial, helvetica, sans-serif;\"><strong><b>1.Par\u00e1metros t\u00e9cnicos <\/b><\/strong><\/span><\/p>\n<ul>\n<li><span style=\"font-family: arial, helvetica, sans-serif;\"><strong> Capacidad de carga nominal<\/strong>10 t (carga completa)<\/span><\/li>\n<li><span style=\"font-family: arial, helvetica, sans-serif;\"><strong> Capacidad del cubo<\/strong>:4.5 m \u00b3<\/span><\/li>\n<li><span style=\"font-family: arial, helvetica, sans-serif;\"><strong> Velocidad m\u00e1xima en primera marcha<\/strong>5,5 km\/h<\/span><\/li>\n<\/ul>\n<p><span style=\"font-family: arial, helvetica, sans-serif;\">\u00a0 \u00a0 \u00a0 \u00a0 \u00a0Segunda marcha:10,2 km\/h<\/span><\/p>\n<p><span style=\"font-family: arial, helvetica, sans-serif;\">\u00a0 \u00a0 \u00a0 \u00a0 \u00a0Tercera marcha: 17,5 km\/h<\/span><\/p>\n<p><span style=\"font-family: arial, helvetica, sans-serif;\">\u00a0 \u00a0 \u00a0 \u00a0 \u00a0Cuarta marcha: 31,7 km\/h<\/span><\/p>\n<p><span style=\"font-family: arial, helvetica, sans-serif;\">\u00a0 \u00a0 \u00a0 \u00a0 \u00a0Tiempo de trabajo:14 segundos<\/span><\/p>\n<ul>\n<li><span style=\"font-family: arial, helvetica, sans-serif;\"><strong>Fuerza de tracci\u00f3n m\u00e1xima<\/strong>:200 kN<\/span><\/li>\n<li><span style=\"font-family: arial, helvetica, sans-serif;\"><strong>Fuerza m\u00e1xima de pala<\/strong>:188 kN<\/span><\/li>\n<li><span style=\"font-family: arial, helvetica, sans-serif;\"><strong>Radio de giro:<\/strong>3408 \u00b1 200 mm en el lado interior<\/span><\/li>\n<\/ul>\n<p><span style=\"font-family: arial, helvetica, sans-serif;\">\u00a0 \u00a0 \u00a0 \u00a0 \u00a0 Exterior 6700 \u00b1 200 mm<\/span><\/p>\n<ul>\n<li><span style=\"font-family: arial, helvetica, sans-serif;\"><strong>Altura m\u00e1xima de descarga:<\/strong>2050 mm<\/span><\/li>\n<li><span style=\"font-family: arial, helvetica, sans-serif;\"><strong>Distancia m\u00ednima de descarga:<\/strong>1650 mm<\/span><\/li>\n<li><span style=\"font-family: arial, helvetica, sans-serif;\"><strong>\u00c1ngulo m\u00e1ximo de descarga:<\/strong>39 \u00b0<\/span><\/li>\n<li><span style=\"font-family: arial, helvetica, sans-serif;\"><strong>\u00c1ngulo de direcci\u00f3n:<\/strong>\u00b1 42 \u00b0<\/span><\/li>\n<li><span style=\"font-family: arial, helvetica, sans-serif;\"><strong>Deslizamiento m\u00ednimo al suelo:<\/strong>380 mm<\/span><\/li>\n<li><span style=\"font-family: arial, helvetica, sans-serif;\"><strong> Dimensiones totales (longitud \u00d7 ancho \u00d7 altura): <\/strong>9850 mm \u00d7 2588 mm \u00d7 2380 mm<\/span><\/li>\n<li><span style=\"font-family: arial, helvetica, sans-serif;\"><strong>Peso de funcionamiento de toda la m\u00e1quina:<\/strong>29000 \u00b1 500 kg<\/span><\/li>\n<\/ul>\n<p><span style=\"font-family: arial, helvetica, sans-serif;\"><strong><b>\u00a0 \u00a0 \u00a0<\/b><\/strong><\/span><\/p>\n<p><strong style=\"font-family: arial, helvetica, sans-serif;\">\u00a0<\/strong><\/p>\n<p><span style=\"font-family: arial, helvetica, sans-serif;\"><b>\u00a0<\/b><\/span><\/p>\n<p><span style=\"font-family: arial, helvetica, sans-serif;\"><strong><b>\u00a0 \u00a0 \u00a02.Engine\u00a0 \u00a0 \u00a0 \u00a0 \u00a0 \u00a0 \u00a0 \u00a0 \u00a0 \u00a0 \u00a0 \u00a0 \u00a0 \u00a0 \u00a0 \u00a0 \u00a0 \u00a0 \u00a0 \u00a0 \u00a0 \u00a0 \u00a0 \u00a0 \u00a0 \u00a0 \u00a0 \u00a0 \u00a0 \u00a0 \u00a0 \u00a0 \u00a0 \u00a0 \u00a0 \u00a0 \u00a0 \u00a0 \u00a0 \u00a0 \u00a0 \u00a0 \u00a0 \u00a0 \u00a0 \u00a0 \u00a0 \u00a0 \u00a0 \u00a0 \u00a0 \u00a0 \u00a0<\/b><\/strong><\/span><\/p>\n<ul>\n<li><span style=\"font-family: arial, helvetica, sans-serif;\"><strong>Motor:<\/strong>VOLVO TAD1151VE motor de baja contaminaci\u00f3n enfriado por agua<\/span><\/li>\n<li><span style=\"font-family: arial, helvetica, sans-serif;\"><strong>Potencia nominal \/ velocidad nominal:<\/strong>265 kW\/2100 r\/min<\/span><\/li>\n<li><span style=\"font-family: arial, helvetica, sans-serif;\"><strong> M\u00e9todo de inicio:<\/strong>Inicio el\u00e9ctrico<\/span><\/li>\n<li><span style=\"font-family: arial, helvetica, sans-serif;\"><strong> M\u00e9todo de purificaci\u00f3n de gases de escape: <\/strong>M\u00e9todo de purificaci\u00f3n catal\u00edtica<\/span><\/li>\n<li><span style=\"font-family: arial, helvetica, sans-serif;\"><strong> Control del acelerador:<\/strong>Controlador electr\u00f3nico del acelerador Williams<\/span><\/li>\n<\/ul>\n<p>&nbsp;<\/p>\n<p style=\"text-align: left;\"><span style=\"font-family: arial, helvetica, sans-serif;\"><strong><b>\u00a0 \u00a0 \u00a03. sistema de transmisi\u00f3n<\/b><\/strong><\/span><\/p>\n<ul style=\"text-align: left;\">\n<li><span style=\"font-family: arial, helvetica, sans-serif;\"><strong>Modelo de transmisi\u00f3n:<\/strong>R36000<\/span><\/li>\n<li><span style=\"font-family: arial, helvetica, sans-serif;\"><strong>Modelo del convertidor de par:<\/strong>C5500<\/span><\/li>\n<li><span style=\"font-family: arial, helvetica, sans-serif;\"><strong>Modelo de eje de accionamiento:<\/strong>DANA 20D<\/span><\/li>\n<li><span style=\"font-family: arial, helvetica, sans-serif;\"><strong> Neum\u00e1tico: <\/strong>18.0-25R neum\u00e1tico de alambre de acero inflado liso<\/span><\/li>\n<\/ul>\n<p><span style=\"font-family: arial, helvetica, sans-serif;\"><strong><b>\u00a0 \u00a0 \u00a04.Sistema de frenado<\/b><\/strong><\/span><\/p>\n<ul>\n<li><span style=\"font-family: arial, helvetica, sans-serif;\"><strong>Bomba de freno:<\/strong>28 ml\/r<\/span><\/li>\n<li><span style=\"font-family: arial, helvetica, sans-serif;\"><strong> Frenado de servicio:<\/strong>Freno de muelle multi disco h\u00famedo<\/span><\/li>\n<li><span style=\"font-family: arial, helvetica, sans-serif;\"><strong>Modelo de v\u00e1lvula de freno:<\/strong>MICO<\/span><\/li>\n<li><span style=\"font-family: arial, helvetica, sans-serif;\"><strong> Freno de estacionamiento:<\/strong>Freno de muelle en el eje de accionamiento<\/span><\/li>\n<li><span style=\"font-family: arial, helvetica, sans-serif;\"><strong>Primavera <\/strong><strong>Aplicar<\/strong><strong>, liberaci\u00f3n hidr\u00e1ulica del freno<\/strong><\/span><\/li>\n<\/ul>\n<p>&nbsp;<\/p>\n<p><span style=\"font-family: arial, helvetica, sans-serif;\"><strong><b>\u00a0 \u00a0 \u00a05.Sistema de direcci\u00f3n<\/b><\/strong><\/span><\/p>\n<ul>\n<li><span style=\"font-family: arial, helvetica, sans-serif;\"><strong> Tipo:<\/strong>Bisagra central, direcci\u00f3n hidr\u00e1ulica<\/span><\/li>\n<li><span style=\"font-family: arial, helvetica, sans-serif;\"><strong>Bomba de direcci\u00f3n:<\/strong>75 ml\/r<\/span><\/li>\n<li><span style=\"font-family: arial, helvetica, sans-serif;\"><strong> Di\u00e1metro del cilindro de direcci\u00f3n\/di\u00e1metro de la varilla \u00d7 N\u00famero de cilindros: <\/strong>\u03c6 125\/\u03c6 70 mm \u00d7 dos<\/span><\/li>\n<li><span style=\"font-family: arial, helvetica, sans-serif;\"><strong>V\u00e1lvula de direcci\u00f3n multiv\u00eda:<\/strong>Control electrohidr\u00e1ulico Parker K170LS<\/span><\/li>\n<\/ul>\n<p>&nbsp;<\/p>\n<p style=\"text-align: left;\"><span style=\"font-family: arial, helvetica, sans-serif;\"><strong><b>\u00a0 \u00a0 \u00a0 \u00a0 6.Sistema de trabajo<\/b><\/strong><\/span><\/p>\n<ul>\n<li style=\"list-style-type: none;\">\n<ul>\n<li style=\"list-style-type: none;\">\n<ul>\n<li style=\"list-style-type: none;\">\n<ul>\n<li style=\"list-style-type: none;\">\n<ul>\n<li style=\"list-style-type: none;\">\n<ul>\n<li style=\"list-style-type: none;\">\n<ul>\n<li style=\"list-style-type: none;\">\n<ul>\n<li style=\"list-style-type: none;\">\n<ul>\n<li style=\"list-style-type: none;\">\n<ul>\n<li style=\"list-style-type: none;\">\n<ul>\n<li style=\"list-style-type: none;\">\n<ul>\n<li style=\"list-style-type: none;\">\n<ul>\n<li style=\"list-style-type: none;\">\n<ul>\n<li style=\"list-style-type: none;\">\n<ul>\n<li style=\"list-style-type: none;\">\n<ul>\n<li style=\"list-style-type: none;\">\n<ul>\n<li><span style=\"font-family: arial, helvetica, sans-serif;\"><strong>Bomba de trabajo:<\/strong>75 ml\/r<\/span><\/li>\n<li><span style=\"font-family: arial, helvetica, sans-serif;\"><strong> V\u00e1lvula multiv\u00eda de trabajo:<\/strong>Control electrohidr\u00e1ulico Parker M200LS<\/span><\/li>\n<li><span style=\"font-family: arial, helvetica, sans-serif;\"><strong> Di\u00e1metro del cilindro de elevaci\u00f3n\/di\u00e1metro de la varilla \u00d7 N\u00famero de cilindros: <\/strong>\u03c6 160\/\u03c6 90 mm \u00d7 dos<\/span><\/li>\n<li><span style=\"font-family: arial, helvetica, sans-serif;\"><strong> Di\u00e1metro del cilindro del cubo\/di\u00e1metro de la varilla \u00d7 N\u00famero de cilindros: <\/strong>\u03c6 200\/\u03c6 110 mm \u00d7 uno<\/span><\/li>\n<\/ul>\n<\/li>\n<\/ul>\n<\/li>\n<\/ul>\n<\/li>\n<\/ul>\n<\/li>\n<\/ul>\n<\/li>\n<\/ul>\n<\/li>\n<\/ul>\n<\/li>\n<\/ul>\n<\/li>\n<\/ul>\n<\/li>\n<\/ul>\n<\/li>\n<\/ul>\n<\/li>\n<\/ul>\n<\/li>\n<\/ul>\n<\/li>\n<\/ul>\n<\/li>\n<\/ul>\n<\/li>\n<\/ul>\n<\/li>\n<\/ul>\n<p style=\"padding-left: 640px;\"><span style=\"font-family: arial, helvetica, sans-serif;\"><strong><b>\u00a0 \u00a0 \u00a0Sistema 7.Electrical<\/b><\/strong><\/span><\/p>\n<ul>\n<li style=\"list-style-type: none;\">\n<ul>\n<li style=\"list-style-type: none;\">\n<ul>\n<li style=\"list-style-type: none;\">\n<ul>\n<li style=\"list-style-type: none;\">\n<ul>\n<li style=\"list-style-type: none;\">\n<ul>\n<li style=\"list-style-type: none;\">\n<ul>\n<li style=\"list-style-type: none;\">\n<ul>\n<li style=\"list-style-type: none;\">\n<ul>\n<li style=\"list-style-type: none;\">\n<ul>\n<li style=\"list-style-type: none;\">\n<ul>\n<li style=\"list-style-type: none;\">\n<ul>\n<li style=\"list-style-type: none;\">\n<ul>\n<li style=\"list-style-type: none;\">\n<ul>\n<li style=\"list-style-type: none;\">\n<ul>\n<li style=\"list-style-type: none;\">\n<ul>\n<li style=\"list-style-type: none;\">\n<ul>\n<li><span style=\"font-family: arial, helvetica, sans-serif;\"><strong>Voltaje del sistema:<\/strong>24 V DC<\/span><\/li>\n<li><span style=\"font-family: arial, helvetica, sans-serif;\"><strong>Voltaje\/potencia del motor de arranque:<\/strong>24V \/ 6kW<\/span><\/li>\n<li><span style=\"font-family: arial, helvetica, sans-serif;\"><strong> Iluminaci\u00f3n:<\/strong>4 Faros frontales, 2 \u00d7 75W, 24V<\/span><\/li>\n<\/ul>\n<\/li>\n<\/ul>\n<\/li>\n<\/ul>\n<\/li>\n<\/ul>\n<\/li>\n<\/ul>\n<\/li>\n<\/ul>\n<\/li>\n<\/ul>\n<\/li>\n<\/ul>\n<\/li>\n<\/ul>\n<\/li>\n<\/ul>\n<\/li>\n<\/ul>\n<\/li>\n<\/ul>\n<\/li>\n<\/ul>\n<\/li>\n<\/ul>\n<\/li>\n<\/ul>\n<\/li>\n<\/ul>\n<\/li>\n<\/ul>\n<p style=\"padding-left: 640px;\"><span style=\"font-family: arial, helvetica, sans-serif;\">\u00a0 \u00a0 \u00a0 \u00a0 \u00a0 2 Faros traseros, 2 \u00d7 75W, 24V<\/span><\/p>\n<p style=\"padding-left: 640px;\"><span style=\"font-family: arial, helvetica, sans-serif;\">\u00a0 \u00a0 \u00a0 \u00a0 \u00a0 1 Luz de techo de cabina, 24 V<\/span><\/p>\n<p style=\"padding-left: 640px;\"><span style=\"font-family: arial, helvetica, sans-serif;\"><strong><b>\u00a0 \u00a0 \u00a0Capacidad del tanque 8.Fuel<\/b><\/strong><\/span><\/p>\n<ul>\n<li style=\"list-style-type: none;\">\n<ul>\n<li style=\"list-style-type: none;\">\n<ul>\n<li style=\"list-style-type: none;\">\n<ul>\n<li style=\"list-style-type: none;\">\n<ul>\n<li style=\"list-style-type: none;\">\n<ul>\n<li style=\"list-style-type: none;\">\n<ul>\n<li style=\"list-style-type: none;\">\n<ul>\n<li style=\"list-style-type: none;\">\n<ul>\n<li style=\"list-style-type: none;\">\n<ul>\n<li style=\"list-style-type: none;\">\n<ul>\n<li style=\"list-style-type: none;\">\n<ul>\n<li style=\"list-style-type: none;\">\n<ul>\n<li style=\"list-style-type: none;\">\n<ul>\n<li style=\"list-style-type: none;\">\n<ul>\n<li style=\"list-style-type: none;\">\n<ul>\n<li style=\"list-style-type: none;\">\n<ul>\n<li><span style=\"font-family: arial, helvetica, sans-serif;\"><strong>Tanque de aceite hidr\u00e1ulico:<\/strong>300 L<\/span><\/li>\n<li><span style=\"font-family: arial, helvetica, sans-serif;\"><strong>Tanque de combustible:<\/strong>300 L<\/span><\/li>\n<li><span style=\"font-family: arial, helvetica, sans-serif;\"><strong>Transmisi\u00f3n:<\/strong>36 L<\/span><\/li>\n<li><span style=\"font-family: arial, helvetica, sans-serif;\"><strong> Parte de transmisi\u00f3n principal del eje de accionamiento: <\/strong>17L \u00d7 dos<\/span><\/li>\n<li><span style=\"font-family: arial, helvetica, sans-serif;\"><strong>Pieza de reducci\u00f3n de la rueda del eje de accionamiento:<\/strong>3,5 L \u00d7 cuatro<\/span><\/li>\n<li><span style=\"font-family: arial, helvetica, sans-serif;\"><strong>Aceite lubricante del motor:<\/strong>28L<\/span><\/li>\n<\/ul>\n<\/li>\n<\/ul>\n<\/li>\n<\/ul>\n<\/li>\n<\/ul>\n<\/li>\n<\/ul>\n<\/li>\n<\/ul>\n<\/li>\n<\/ul>\n<\/li>\n<\/ul>\n<\/li>\n<\/ul>\n<\/li>\n<\/ul>\n<\/li>\n<\/ul>\n<\/li>\n<\/ul>\n<\/li>\n<\/ul>\n<\/li>\n<\/ul>\n<\/li>\n<\/ul>\n<\/li>\n<\/ul>\n<\/li>\n<\/ul>","protected":false},"excerpt":{"rendered":"<p><span style=\"font-family: arial, helvetica, sans-serif;\"><strong><b>Cargadora subterr\u00e1nea ZDL410<\/b><\/strong>\u00a0Se utiliza principalmente en combinaci\u00f3n con camiones mineros en excavaciones subterr\u00e1neas y operaciones mineras. La carga de pala de mineral y varios materiales puede mejorar en gran medida la eficiencia operativa y es un equipo importante para lograr la miner\u00eda sin pista.<\/span><\/p>","protected":false},"featured_media":2774,"comment_status":"closed","ping_status":"closed","template":"","meta":{"_acf_changed":false},"product_brand":[],"product_cat":[15],"product_tag":[],"class_list":{"0":"post-2657","1":"product","2":"type-product","3":"status-publish","4":"has-post-thumbnail","6":"product_cat-trackless-mining-equipment","8":"first","9":"instock","10":"shipping-taxable","11":"product-type-simple"},"acf":[],"_links":{"self":[{"href":"https:\/\/www.zongdamining.com\/es\/wp-json\/wp\/v2\/product\/2657","targetHints":{"allow":["GET"]}}],"collection":[{"href":"https:\/\/www.zongdamining.com\/es\/wp-json\/wp\/v2\/product"}],"about":[{"href":"https:\/\/www.zongdamining.com\/es\/wp-json\/wp\/v2\/types\/product"}],"replies":[{"embeddable":true,"href":"https:\/\/www.zongdamining.com\/es\/wp-json\/wp\/v2\/comments?post=2657"}],"wp:featuredmedia":[{"embeddable":true,"href":"https:\/\/www.zongdamining.com\/es\/wp-json\/wp\/v2\/media\/2774"}],"wp:attachment":[{"href":"https:\/\/www.zongdamining.com\/es\/wp-json\/wp\/v2\/media?parent=2657"}],"wp:term":[{"taxonomy":"product_brand","embeddable":true,"href":"https:\/\/www.zongdamining.com\/es\/wp-json\/wp\/v2\/product_brand?post=2657"},{"taxonomy":"product_cat","embeddable":true,"href":"https:\/\/www.zongdamining.com\/es\/wp-json\/wp\/v2\/product_cat?post=2657"},{"taxonomy":"product_tag","embeddable":true,"href":"https:\/\/www.zongdamining.com\/es\/wp-json\/wp\/v2\/product_tag?post=2657"}],"curies":[{"name":"WP","href":"https:\/\/api.w.org\/{rel}","templated":true}]}}