{"id":2727,"date":"2025-09-24T14:05:18","date_gmt":"2025-09-24T06:05:18","guid":{"rendered":"https:\/\/www.zongdamining.com\/?post_type=product&#038;p=2727"},"modified":"2026-01-23T15:53:08","modified_gmt":"2026-01-23T07:53:08","slug":"technical-data-zdl717-underground-loader","status":"publish","type":"product","link":"https:\/\/www.zongdamining.com\/es\/product\/technical-data-zdl717-underground-loader\/","title":{"rendered":"ZDL717 Cargadora subterr\u00e1nea pesada para mineral de mina &#038; Carga de roca de residuos"},"content":{"rendered":"<p><span style=\"font-family: arial, helvetica, sans-serif;\"><strong><b>Cargador subterr\u00e1neo ZDL717 <\/b><\/strong><strong><b>Equipo de transporte de corta distancia de carga de pala sin pista<\/b><\/strong><strong><b>.<\/b><\/strong>\u00a0<\/span><\/p>\n<p>&nbsp;<\/p>\n<p><strong><b>El <\/b><\/strong><strong><b>Cargador subterr\u00e1neo ZDL717<\/b><\/strong><strong><b>\u00a0<\/b><\/strong>Se utiliza principalmente en combinaci\u00f3n con camiones mineros en excavaciones subterr\u00e1neas y operaciones mineras. La carga de pala de mineral y varios materiales puede mejorar en gran medida la eficiencia operativa y es un equipo importante para lograr la miner\u00eda sin pista.<\/p>\n<p><span style=\"font-family: arial, helvetica, sans-serif;\"><strong><b>\u00a0 \u00a0 \u00a01.<\/b><\/strong><strong><b>Caracter\u00edsticas t\u00e9cnicas<\/b><\/strong>:<\/span><\/p>\n<ul>\n<li><span style=\"font-family: arial, helvetica, sans-serif;\"><strong><b>Sistema de alimentaci\u00f3n<\/b><\/strong>: El sistema de potencia adopta Cummins QSZ13-C380-30 motor de alta torsi\u00f3n de baja velocidad de baja contaminaci\u00f3n enfriado por agua<\/span><\/li>\n<li><span style=\"font-family: arial, helvetica, sans-serif;\"><strong><b>Transmisi\u00f3n<\/b><\/strong>El sistema de transmisi\u00f3n de potencia adopta la caja de cambios DANA y el convertidor de par, el eje de accionamiento de liberaci\u00f3n hidr\u00e1ulica del freno de muelle DANA y los neum\u00e1ticos resistentes al corte de la miner\u00eda;<\/span><\/li>\n<li><span style=\"font-family: arial, helvetica, sans-serif;\"><strong><b>Sistema de frenado<\/b><\/strong>: El freno de servicio adopta el freno de muelle multi disco h\u00famedo y el freno de liberaci\u00f3n hidr\u00e1ulico; v\u00e1lvula de llenado MICO y v\u00e1lvula de freno; El freno de estacionamiento adopta frenos de resorte en el eje de accionamiento para frenar;<\/span><\/li>\n<li><span style=\"font-family: arial, helvetica, sans-serif;\"><strong><b>Marco<\/b><\/strong>El marco es una estructura articulada central, con el eje trasero oscilando a la izquierda y a la derecha alrededor del centro del marco para mejorar el rendimiento de adhesi\u00f3n de toda la m\u00e1quina;<\/span><\/li>\n<li><span style=\"font-family: arial, helvetica, sans-serif;\"><strong><b>Direcci\u00f3n<\/b><\/strong>: El sistema de direcci\u00f3n es un sistema de direcci\u00f3n asistida hidr\u00e1ulica con cilindros de direcci\u00f3n de doble cara;<\/span><\/li>\n<\/ul>\n<p><span style=\"font-family: arial, helvetica, sans-serif;\"><b><\/b><strong><b>\u00a0 \u00a0 \u00a02.Medidas de seguridad:<\/b><\/strong><\/span><\/p>\n<ul>\n<li><span style=\"font-family: arial, helvetica, sans-serif;\"><strong><b>Equipo de seguridad<\/b><\/strong>Los operadores deben usar cascos de seguridad, llevar dispositivos de auto-rescate y usar l\u00e1mparas de miner\u00eda al entrar en el pozo.<\/span><\/li>\n<li><span style=\"font-family: arial, helvetica, sans-serif;\"><strong><b>Mantenimiento regular<\/b><\/strong>Inspecciones regulares y respuesta r\u00e1pida a los peligros ocultos.<\/span><\/li>\n<li><span style=\"font-family: arial, helvetica, sans-serif;\"><strong><b>Sin mantenimiento durante la operaci\u00f3n<\/b><\/strong>Estrictamente prohibido llevar a cabo el mantenimiento mientras la m\u00e1quina est\u00e1 funcionando.<\/span><\/li>\n<li><span style=\"font-family: arial, helvetica, sans-serif;\"><strong><b>Seguridad durante la soldadura\/corte<\/b><\/strong>Confirme la ausencia de materiales inflamables o explosivos antes del mantenimiento.<\/span><\/li>\n<li><span style=\"font-family: arial, helvetica, sans-serif;\"><strong><b>Precauciones para tubos de escape<\/b><\/strong>Evite el contacto f\u00edsico con la tuber\u00eda de escape caliente.<\/span><\/li>\n<li><span style=\"font-family: arial, helvetica, sans-serif;\"><strong><b>Mantenimiento del sistema hidr\u00e1ulico<\/b><\/strong>La presi\u00f3n debe ser aliviada antes de iniciar cualquier reparaci\u00f3n.<\/span><\/li>\n<\/ul>\n<p><span style=\"font-family: arial, helvetica, sans-serif;\"><strong><b>Condiciones de aplicaci\u00f3n<\/b><\/strong><strong><b>\u00a0para el <\/b><\/strong><strong><b>Cargador subterr\u00e1neo ZDL717 <\/b><\/strong><strong>:<\/strong><\/span><\/p>\n<p><span style=\"font-family: arial, helvetica, sans-serif;\"><b><\/b><strong><b>\u00a0 \u00a0<span style=\"font-family: arial, helvetica, sans-serif;\"> Especificaciones 1.Tunnel<\/span><\/b><\/strong>:<\/span><\/p>\n<ul>\n<li><span style=\"font-family: arial, helvetica, sans-serif;\">Adecuado para t\u00faneles con un tama\u00f1o de secci\u00f3n transversal de <\/span><strong style=\"font-family: arial, helvetica, sans-serif;\"><b>4<\/b><\/strong><strong style=\"font-family: arial, helvetica, sans-serif;\"><b>metros (altura) \u00d7<\/b><\/strong><strong style=\"font-family: arial, helvetica, sans-serif;\"><b>4<\/b><\/strong><strong style=\"font-family: arial, helvetica, sans-serif;\"><b>metros (ancho) y m\u00e1s<\/b><\/strong><span style=\"font-family: arial, helvetica, sans-serif;\">.<\/span><\/li>\n<li><span style=\"font-family: arial, helvetica, sans-serif;\">Requiere una <strong><b>placa superior firme<\/b><\/strong>.<\/span><\/li>\n<li><span style=\"font-family: arial, helvetica, sans-serif;\">Radio m\u00ednimo de giro de <strong><b>\u2265 1 <\/b><\/strong><strong><b>7<\/b><\/strong><strong><b>metros<\/b><\/strong>en el exterior.<\/span><\/li>\n<li><span style=\"font-family: arial, helvetica, sans-serif;\">La pendiente de la carretera debe ser <strong><b>\u2264 14 \u00b0<\/b><\/strong>.<\/span><\/li>\n<li><span style=\"font-family: arial, helvetica, sans-serif;\">Adecuado <strong><b>ventilaci\u00f3n y drenaje<\/b><\/strong>en el lugar de trabajo.<\/span><\/li>\n<\/ul>\n<p><span style=\"font-family: arial, helvetica, sans-serif;\"><b><\/b><strong><b>\u00a0 \u00a0 \u00a02.Factores ambientales<\/b><\/strong>:<\/span><\/p>\n<ul>\n<li><span style=\"font-family: arial, helvetica, sans-serif;\">Temperatura ambiente dentro del t\u00fanel: <strong><b>-5\u00b0C a 40\u00b0C<\/b><\/strong>.<\/span><\/li>\n<li><span style=\"font-family: arial, helvetica, sans-serif;\">Humedad relativa m\u00e1xima (a 25\u00b0C): <strong><b>No m\u00e1s del 85%<\/b><\/strong>.<\/span><\/li>\n<li><span style=\"font-family: arial, helvetica, sans-serif;\">Altitud de ubicaci\u00f3n de uso: <strong><b>No superior a 1000 metros<\/b><\/strong>.<\/span><\/li>\n<li><span style=\"font-family: arial, helvetica, sans-serif;\">En zonas de alta altitud (por encima de 1000 metros), <strong><b>reducci\u00f3n de potencia<\/b><\/strong>Es necesario para la operaci\u00f3n.<\/span><\/li>\n<\/ul>\n<p><span style=\"font-family: arial, helvetica, sans-serif;\"><b><\/b><strong><b>\u00a0 \u00a0 \u00a0Requisitos 3.Fuel<\/b><\/strong>:<\/span><\/p>\n<ul>\n<li><span style=\"font-family: arial, helvetica, sans-serif;\">El contenido de azufre del combustible utilizado en esta m\u00e1quina debe <strong><b>no exceda el 0,2%<\/b><\/strong>.<\/span><\/li>\n<\/ul>\n<p><span style=\"font-family: arial, helvetica, sans-serif;\"><b><\/b><strong><b>\u00a0 \u00a0 \u00a04.Precauciones de seguridad<\/b><\/strong>:<\/span><\/p>\n<ul>\n<li><span style=\"font-family: arial, helvetica, sans-serif;\">Estrictamente <strong><b>prohibido<\/b><\/strong>En lugares con <strong><b>Gases inflamables y explosivos<\/b><\/strong>(como gas y polvo de carb\u00f3n).<\/span><\/li>\n<\/ul>\n<p><span style=\"font-family: arial, helvetica, sans-serif;\"><strong><b>\u00a0Dimensiones exteriores<\/b><\/strong><\/span><\/p>\n<p><span style=\"font-family: arial, helvetica, sans-serif;\"><strong><b>\u00a0 \u00a0 1.Par\u00e1metros t\u00e9cnicos<\/b><\/strong><\/span><\/p>\n<ul>\n<li><span style=\"font-family: arial, helvetica, sans-serif;\"><strong>Capacidad de carga nominal:<\/strong>17 t (carga completa)<\/span><\/li>\n<li><strong style=\"font-family: arial, helvetica, sans-serif;\">Capacidad del cubo (apilamiento):<\/strong><span style=\"font-family: arial, helvetica, sans-serif;\">7 m \u00b3<\/span><\/li>\n<li><strong style=\"font-family: arial, helvetica, sans-serif;\">Velocidad m\u00e1xima de conducci\u00f3n en el engranaje I:<\/strong><span style=\"font-family: arial, helvetica, sans-serif;\">0-22 km\/h<\/span><\/li>\n<li><span style=\"font-family: arial, helvetica, sans-serif;\"><strong>Tiempo de trabajo:<\/strong>13 segundos<\/span><\/li>\n<li><span style=\"font-family: arial, helvetica, sans-serif;\"><strong>Capacidad m\u00e1xima de escalada (carga pesada): <\/strong>25%<\/span><\/li>\n<li><span style=\"font-family: arial, helvetica, sans-serif;\"><strong>Fuerza de tracci\u00f3n m\u00e1xima:<\/strong>350 KN<\/span><\/li>\n<li><span style=\"font-family: arial, helvetica, sans-serif;\"><strong>Radio de giro:<\/strong>Lado interior 3519 mmFuera 7103 mm<\/span><\/li>\n<li><span style=\"font-family: arial, helvetica, sans-serif;\"><strong>Altura m\u00e1xima de la m\u00e1quina durante la descarga:<\/strong>2444 mm<\/span><\/li>\n<li><span style=\"font-family: arial, helvetica, sans-serif;\"><strong>\u00c1ngulo m\u00e1ximo de descarga:<\/strong>40 \u00b0<\/span><\/li>\n<li><span style=\"font-family: arial, helvetica, sans-serif;\"><strong>\u00c1ngulo de direcci\u00f3n:<\/strong>\u00b1 40 \u00b0<\/span><\/li>\n<li><span style=\"font-family: arial, helvetica, sans-serif;\"><strong>Deslizamiento m\u00ednimo al suelo: <\/strong>350 mm<\/span><\/li>\n<li><span style=\"font-family: arial, helvetica, sans-serif;\"><strong> Dimensiones totales: longitud \u00b3 anchura \u00b3 altura: <\/strong>11000 mm \u00b3 2866 mm \u00b3 2500 mm<\/span><\/li>\n<li><span style=\"font-family: arial, helvetica, sans-serif;\"><strong>Peso de funcionamiento de toda la m\u00e1quina:<\/strong>42 toneladas<\/span><\/li>\n<\/ul>\n<p><span style=\"font-family: arial, helvetica, sans-serif;\"><strong>\u00a0 \u00a0 \u00a02.<\/strong><\/span><strong style=\"font-family: arial, helvetica, sans-serif;\"><b>Motor<\/b><\/strong><\/p>\n<ul>\n<li><span style=\"font-family: arial, helvetica, sans-serif;\"><strong>Motor: <\/strong>Cummins QSZ13-C380 motor de baja contaminaci\u00f3n enfriado por agua<\/span><\/li>\n<li><span style=\"font-family: arial, helvetica, sans-serif;\"><strong>Potencia nominal \/ velocidad nominal: <\/strong>286 kW\/1900 r\/min<\/span><\/li>\n<li><span style=\"font-family: arial, helvetica, sans-serif;\"><strong>Torque m\u00e1ximo de salida: <\/strong>1900 N \u00b7 m @ 1500 r\/min<\/span><\/li>\n<li><span style=\"font-family: arial, helvetica, sans-serif;\"><strong>M\u00e9todo de inicio: <\/strong>Inicio el\u00e9ctrico<\/span><\/li>\n<li><span style=\"font-family: arial, helvetica, sans-serif;\"><strong> M\u00e9todo de purificaci\u00f3n de gases de escape: <\/strong>M\u00e9todo de purificaci\u00f3n catal\u00edtica<\/span><\/li>\n<li><span style=\"font-family: arial, helvetica, sans-serif;\"><strong>Control del acelerador: <\/strong>Controlador electr\u00f3nico del acelerador Williams<\/span><\/li>\n<li><span style=\"font-family: arial, helvetica, sans-serif;\"><strong>Norma de emisi\u00f3n<\/strong><strong>Nivel 3 \/ Euro III \/ Nacional chino 3<\/strong><\/span><\/li>\n<\/ul>\n<p><span style=\"font-family: arial, helvetica, sans-serif;\"><strong><b>\u00a0 \u00a0 \u00a0<\/b><\/strong><\/span><span style=\"font-family: arial, helvetica, sans-serif;\"><strong><b>3. sistema de transmisi\u00f3n<\/b><\/strong><\/span><\/p>\n<ul>\n<li><span style=\"font-family: arial, helvetica, sans-serif;\"><strong>Modelo de transmisi\u00f3n: <\/strong>RC6420, equivalente chino de DANA<\/span><\/li>\n<li><span style=\"font-family: arial, helvetica, sans-serif;\"><strong>Modelo del convertidor de par: <\/strong>YJ380FK,<b><\/b>Equivalente chino de DANA<\/span><\/li>\n<li><span style=\"font-family: arial, helvetica, sans-serif;\"><strong>Modelo de eje de accionamiento: <\/strong>DANA 53R300<\/span><\/li>\n<li><span style=\"font-family: arial, helvetica, sans-serif;\"><strong>Relaci\u00f3n de velocidad total:<\/strong>30.4<\/span><\/li>\n<li><span style=\"font-family: arial, helvetica, sans-serif;\"><strong> Neum\u00e1ticos: <\/strong>Neum\u00e1ticos neum\u00e1ticos<\/span><\/li>\n<\/ul>\n<p><span style=\"font-family: arial, helvetica, sans-serif;\"><strong><b>4.Sistema de frenado<img fetchpriority=\"high\" decoding=\"async\" class=\"wp-image-2729 alignleft\" src=\"http:\/\/www.zongdamining.com\/wp-content\/uploads\/2025\/09\/350A6739-\u62f7\u8d1d-scaled.png\" alt=\"\" width=\"442\" height=\"442\" srcset=\"https:\/\/www.zongdamining.com\/wp-content\/uploads\/2025\/09\/350A6739-\u62f7\u8d1d-scaled.png 2560w, https:\/\/www.zongdamining.com\/wp-content\/uploads\/2025\/09\/350A6739-\u62f7\u8d1d-300x300.png 300w, https:\/\/www.zongdamining.com\/wp-content\/uploads\/2025\/09\/350A6739-\u62f7\u8d1d-1024x1024.png 1024w, https:\/\/www.zongdamining.com\/wp-content\/uploads\/2025\/09\/350A6739-\u62f7\u8d1d-150x150.png 150w, https:\/\/www.zongdamining.com\/wp-content\/uploads\/2025\/09\/350A6739-\u62f7\u8d1d-768x768.png 768w, https:\/\/www.zongdamining.com\/wp-content\/uploads\/2025\/09\/350A6739-\u62f7\u8d1d-1536x1536.png 1536w, https:\/\/www.zongdamining.com\/wp-content\/uploads\/2025\/09\/350A6739-\u62f7\u8d1d-2048x2048.png 2048w, https:\/\/www.zongdamining.com\/wp-content\/uploads\/2025\/09\/350A6739-\u62f7\u8d1d-700x700.png 700w, https:\/\/www.zongdamining.com\/wp-content\/uploads\/2025\/09\/350A6739-\u62f7\u8d1d-600x600.png 600w, https:\/\/www.zongdamining.com\/wp-content\/uploads\/2025\/09\/350A6739-\u62f7\u8d1d-100x100.png 100w\" sizes=\"(max-width: 442px) 100vw, 442px\" \/><\/b><\/strong><\/span><\/p>\n<ul>\n<li><span style=\"font-family: arial, helvetica, sans-serif;\"><strong> Bomba de freno de trabajo:<\/strong>P2075\/2025<\/span><\/li>\n<li><span style=\"font-family: arial, helvetica, sans-serif;\"><strong>Desplazamiento:<\/strong>75\/25 ml\/r<\/span><\/li>\n<li><span style=\"font-family: arial, helvetica, sans-serif;\"><strong>Presi\u00f3n m\u00e1xima del sistema:<\/strong>20 MPa<\/span><\/li>\n<li><span style=\"font-family: arial, helvetica, sans-serif;\"><strong> Frenado de servicio:<\/strong>Freno de muelle multi disco h\u00famedo<\/span><\/li>\n<li><span style=\"font-family: arial, helvetica, sans-serif;\"><strong>Modelo de v\u00e1lvula de freno:<\/strong>MICO GL820-161-138 (ZL)<\/span><\/li>\n<li><span style=\"font-family: arial, helvetica, sans-serif;\"><strong>Presi\u00f3n de liberaci\u00f3n:<\/strong>138 bar<\/span><\/li>\n<li><span style=\"font-family: arial, helvetica, sans-serif;\"><strong>Modelo de v\u00e1lvula de llenado:<\/strong>06-463-022<\/span><\/li>\n<li><span style=\"font-family: arial, helvetica, sans-serif;\"><strong> Freno de estacionamiento:<\/strong>Freno de muelle en el eje de accionamiento<\/span><\/li>\n<li><span style=\"font-family: arial, helvetica, sans-serif;\"><strong>Freno de muelle, liberaci\u00f3n hidr\u00e1ulica del freno<\/strong><\/span><\/li>\n<li><span style=\"font-family: arial, helvetica, sans-serif;\"><strong>Modelo de v\u00e1lvula de freno de estacionamiento: <\/strong>RA3\/3\/2\/G-3<\/span><\/li>\n<\/ul>\n<p><span style=\"font-family: arial, helvetica, sans-serif;\"><strong>5.<\/strong><\/span><strong style=\"font-family: arial, helvetica, sans-serif;\"><b>Sistema de direcci\u00f3n<\/b><\/strong><\/p>\n<ul>\n<li><span style=\"font-family: arial, helvetica, sans-serif;\"><strong> Tipo:<\/strong>Bisagra central, direcci\u00f3n hidr\u00e1ulica<\/span><\/li>\n<li><span style=\"font-family: arial, helvetica, sans-serif;\"><strong> Bomba de trabajo de direcci\u00f3n: P2075\/2025 Desplazamiento: <\/strong>75 ml\/r<\/span><\/li>\n<li><span style=\"font-family: arial, helvetica, sans-serif;\"><strong> Presi\u00f3n m\u00e1xima del sistema de direcci\u00f3n: <\/strong>20 MPa<\/span><\/li>\n<li><span style=\"font-family: arial, helvetica, sans-serif;\"><strong> V\u00e1lvula de direcci\u00f3n multiv\u00eda:<\/strong>K170LS<\/span><\/li>\n<li><span style=\"font-family: arial, helvetica, sans-serif;\"><strong> Di\u00e1metro del cilindro de direcci\u00f3n\/di\u00e1metro de la varilla \u00b3 N\u00famero de cilindros: <\/strong>\u03c6 150\/\u03c6 90 mm \u00b3 dos<\/span><\/li>\n<\/ul>\n<p><span style=\"font-family: arial, helvetica, sans-serif;\"><strong><b>6.<\/b><\/strong><\/span><strong style=\"font-family: arial, helvetica, sans-serif;\"><b>Sistema de trabajo<img decoding=\"async\" class=\"wp-image-2731 alignright\" src=\"http:\/\/www.zongdamining.com\/wp-content\/uploads\/2025\/09\/350A6753-\u62f7\u8d1d-scaled.png\" alt=\"\" width=\"470\" height=\"470\" srcset=\"https:\/\/www.zongdamining.com\/wp-content\/uploads\/2025\/09\/350A6753-\u62f7\u8d1d-scaled.png 2560w, https:\/\/www.zongdamining.com\/wp-content\/uploads\/2025\/09\/350A6753-\u62f7\u8d1d-300x300.png 300w, https:\/\/www.zongdamining.com\/wp-content\/uploads\/2025\/09\/350A6753-\u62f7\u8d1d-1024x1024.png 1024w, https:\/\/www.zongdamining.com\/wp-content\/uploads\/2025\/09\/350A6753-\u62f7\u8d1d-150x150.png 150w, https:\/\/www.zongdamining.com\/wp-content\/uploads\/2025\/09\/350A6753-\u62f7\u8d1d-768x768.png 768w, https:\/\/www.zongdamining.com\/wp-content\/uploads\/2025\/09\/350A6753-\u62f7\u8d1d-1536x1536.png 1536w, https:\/\/www.zongdamining.com\/wp-content\/uploads\/2025\/09\/350A6753-\u62f7\u8d1d-2048x2048.png 2048w, https:\/\/www.zongdamining.com\/wp-content\/uploads\/2025\/09\/350A6753-\u62f7\u8d1d-700x700.png 700w, https:\/\/www.zongdamining.com\/wp-content\/uploads\/2025\/09\/350A6753-\u62f7\u8d1d-600x600.png 600w, https:\/\/www.zongdamining.com\/wp-content\/uploads\/2025\/09\/350A6753-\u62f7\u8d1d-100x100.png 100w\" sizes=\"(max-width: 470px) 100vw, 470px\" \/><\/b><\/strong><\/p>\n<ul>\n<li><span style=\"font-family: arial, helvetica, sans-serif;\"><strong> V\u00e1lvula direccional de trabajo:<\/strong>M200LS-2-4588<\/span><\/li>\n<li><span style=\"font-family: arial, helvetica, sans-serif;\"><strong> Di\u00e1metro del cilindro de elevaci\u00f3n\/di\u00e1metro de la varilla \u00b3 N\u00famero de cilindros: <\/strong>\u03c6 160 \/ \u03c6 100 mm \u00b3 dos<\/span><\/li>\n<li><span style=\"font-family: arial, helvetica, sans-serif;\"><strong> Di\u00e1metro del cilindro del cubo\/di\u00e1metro de la varilla \u00b3 N\u00famero de cilindros: <\/strong>\u03c6 260 \/ \u03c6 160 mm \u00b3 dos<\/span><\/li>\n<li><span style=\"font-family: arial, helvetica, sans-serif;\"><strong> Presi\u00f3n m\u00e1xima del sistema de trabajo: \u00a0<\/strong>24 MPa<\/span><\/li>\n<\/ul>\n<p><span style=\"font-family: arial, helvetica, sans-serif;\"><strong><b>7.<\/b><\/strong><\/span><strong style=\"font-family: arial, helvetica, sans-serif;\"><b>Sistema el\u00e9ctrico<\/b><\/strong><\/p>\n<ul>\n<li><span style=\"font-family: arial, helvetica, sans-serif;\"><strong> Voltaje del sistema: <\/strong>24 V DC<\/span><\/li>\n<li><span style=\"font-family: arial, helvetica, sans-serif;\"><strong> Voltaje\/potencia del motor de arranque: <\/strong>24V \/ 6kW<\/span><\/li>\n<li><span style=\"font-family: arial, helvetica, sans-serif;\"><strong> Iluminaci\u00f3n: <\/strong>2 faros delanteros, 2 \u00b3 75W, 24V, 2 faros traseros, 2 \u00b3 75W, 24V<\/span><\/li>\n<li><span style=\"font-family: arial, helvetica, sans-serif;\"><strong>2 luces de techo de cabina, 24 V<\/strong><\/span><\/li>\n<\/ul>\n<p><span style=\"font-family: arial, helvetica, sans-serif;\"><strong><b>Capacidad del tanque 8.Fuel<\/b><\/strong><\/span><\/p>\n<ul>\n<li><span style=\"font-family: arial, helvetica, sans-serif;\"><strong> Tanque de aceite hidr\u00e1ulico:<\/strong>540 L<\/span><\/li>\n<li><span style=\"font-family: arial, helvetica, sans-serif;\"><strong> Tanque de combustible:<\/strong>450 L<\/span><\/li>\n<li><span style=\"font-family: arial, helvetica, sans-serif;\"><strong> Transmisi\u00f3n: <\/strong>32 L<\/span><\/li>\n<li><span style=\"font-family: arial, helvetica, sans-serif;\"><strong> Parte de transmisi\u00f3n principal del eje de accionamiento:<\/strong>36L \u00b3 dos<\/span><\/li>\n<li><span style=\"font-family: arial, helvetica, sans-serif;\"><strong> Pieza de reducci\u00f3n de la rueda del eje de accionamiento:<\/strong>6,5 L \u00b3 cuatro<\/span><\/li>\n<li><span style=\"font-family: arial, helvetica, sans-serif;\"><strong> Aceite lubricante del motor:<\/strong>38L<\/span><\/li>\n<\/ul>","protected":false},"excerpt":{"rendered":"<p><span style=\"font-family: arial, helvetica, sans-serif;\"><strong><b>El <\/b><\/strong><strong><b>Cargador subterr\u00e1neo ZDL717<\/b><\/strong><strong><b>\u00a0<\/b><\/strong>Se utiliza principalmente en combinaci\u00f3n con camiones mineros en excavaciones subterr\u00e1neas y operaciones mineras. La carga de pala de mineral y varios materiales puede mejorar en gran medida la eficiencia operativa y es un equipo importante para lograr la miner\u00eda sin pista.<\/span><\/p>","protected":false},"featured_media":2729,"comment_status":"closed","ping_status":"closed","template":"","meta":{"_acf_changed":false},"product_brand":[],"product_cat":[15],"product_tag":[],"class_list":{"0":"post-2727","1":"product","2":"type-product","3":"status-publish","4":"has-post-thumbnail","6":"product_cat-trackless-mining-equipment","8":"first","9":"instock","10":"shipping-taxable","11":"product-type-simple"},"acf":[],"_links":{"self":[{"href":"https:\/\/www.zongdamining.com\/es\/wp-json\/wp\/v2\/product\/2727","targetHints":{"allow":["GET"]}}],"collection":[{"href":"https:\/\/www.zongdamining.com\/es\/wp-json\/wp\/v2\/product"}],"about":[{"href":"https:\/\/www.zongdamining.com\/es\/wp-json\/wp\/v2\/types\/product"}],"replies":[{"embeddable":true,"href":"https:\/\/www.zongdamining.com\/es\/wp-json\/wp\/v2\/comments?post=2727"}],"wp:featuredmedia":[{"embeddable":true,"href":"https:\/\/www.zongdamining.com\/es\/wp-json\/wp\/v2\/media\/2729"}],"wp:attachment":[{"href":"https:\/\/www.zongdamining.com\/es\/wp-json\/wp\/v2\/media?parent=2727"}],"wp:term":[{"taxonomy":"product_brand","embeddable":true,"href":"https:\/\/www.zongdamining.com\/es\/wp-json\/wp\/v2\/product_brand?post=2727"},{"taxonomy":"product_cat","embeddable":true,"href":"https:\/\/www.zongdamining.com\/es\/wp-json\/wp\/v2\/product_cat?post=2727"},{"taxonomy":"product_tag","embeddable":true,"href":"https:\/\/www.zongdamining.com\/es\/wp-json\/wp\/v2\/product_tag?post=2727"}],"curies":[{"name":"WP","href":"https:\/\/api.w.org\/{rel}","templated":true}]}}