{"id":2740,"date":"2025-09-24T15:08:56","date_gmt":"2025-09-24T07:08:56","guid":{"rendered":"https:\/\/www.zongdamining.com\/?post_type=product&#038;p=2740"},"modified":"2026-02-28T10:56:17","modified_gmt":"2026-02-28T02:56:17","slug":"zdl614-underground-loader","status":"publish","type":"product","link":"https:\/\/www.zongdamining.com\/es\/product\/zdl614-underground-loader\/","title":{"rendered":"Cargador subterr\u00e1neo ZDL614 6m\u00b3 LHD pesado para carga de minas subterr\u00e1neas"},"content":{"rendered":"<p><span style=\"font-family: arial, helvetica, sans-serif;\"><strong><b>El <\/b><\/strong><strong><b>Cargador subterr\u00e1neo ZDL614<\/b><\/strong><strong><b>\u00a0<\/b><\/strong>Se utiliza principalmente en combinaci\u00f3n con camiones mineros en excavaciones subterr\u00e1neas y operaciones mineras. La carga de pala de mineral y varios materiales puede mejorar en gran medida la eficiencia operativa y es un equipo importante para lograr la miner\u00eda sin pista.<\/span><\/p>\n<p>&nbsp;<\/p>\n<p><span style=\"font-family: arial, helvetica, sans-serif;\"><strong><b>Caracter\u00edsticas del cargador subterr\u00e1neo ZDL614:<\/b><\/strong><\/span><\/p>\n<ul>\n<li><span style=\"font-family: arial, helvetica, sans-serif;\">Dise\u00f1ado especialmente para operaciones de extracci\u00f3n de venas y t\u00faneles de 4,5 m x 4,5 m para proporcionar la m\u00e1xima capacidad de transporte. El sistema de transmisi\u00f3n hidromec\u00e1nica proporciona una mayor fuerza de tracci\u00f3n, asegurando la m\u00e1xima penetraci\u00f3n del cubo durante la carga de mineral, al tiempo que proporciona una cabina c\u00f3moda para el operador Homo sapiens.<\/span><\/li>\n<li><span style=\"font-family: arial, helvetica, sans-serif;\">Alta seguridad. Los operadores de Homo sapiens est\u00e1n protegidos bajo el dosel del refugio, alej\u00e1ndose de \u00e1reas peligrosas.<\/span><\/li>\n<li><span style=\"font-family: arial, helvetica, sans-serif;\">Todas las piezas de mantenimiento est\u00e1n bien protegidas mientras se mantiene f\u00e1cil de servicio y mantenimiento.<\/span><\/li>\n<li><span style=\"font-family: arial, helvetica, sans-serif;\">El motor se selecciona de Volvo importado;<\/span><\/li>\n<li><span style=\"font-family: arial, helvetica, sans-serif;\">El sistema de doble variable adopta convertidores de par DANA importados y transmisiones de cambio de potencia;<\/span><\/li>\n<li><span style=\"font-family: arial, helvetica, sans-serif;\">Dise\u00f1o compacto y flexible adecuado para pasillos estrechos;<\/span><\/li>\n<li><span style=\"font-family: arial, helvetica, sans-serif;\">La v\u00e1lvula multiv\u00eda adopta un dise\u00f1o operado por piloto, haciendo que la operaci\u00f3n sea m\u00e1s flexible y conveniente;<\/span><\/li>\n<li><span style=\"font-family: arial, helvetica, sans-serif;\">Articulaci\u00f3n central, baja tasa de falla, alto nivel de comodidad;<\/span><\/li>\n<li><span style=\"font-family: arial, helvetica, sans-serif;\">El eje trasero adopta un bastidor oscilante de doble soporte para reducir la tasa de fallos.<\/span><\/li>\n<\/ul>\n<p><span style=\"font-family: arial, helvetica, sans-serif;\"><strong><b>El <\/b><\/strong><strong><b>M<\/b><\/strong><strong><b>ain <\/b><\/strong><strong><b>A<\/b><\/strong><strong><b>ventajas del cargador subterr\u00e1neo ZDL614<\/b><\/strong><strong><b>:<\/b><\/strong><\/span><\/p>\n<p><span style=\"font-family: arial, helvetica, sans-serif;\">\u00a0 \u00a0 1.Compliant con dise\u00f1o ergon\u00f3mico, cabina cerrada con calefacci\u00f3n y aire acondicionado de refrigeraci\u00f3n. El conductor&#8217; espacio para las piernas dentro de la cabina es relativamente grande, y el conductor&#8217; El espacio de control tiene buena visibilidad.<\/span><\/p>\n<p><span style=\"font-family: arial, helvetica, sans-serif;\">\u00a0 \u00a0 El marco es una estructura articulada central, y el eje trasero oscila a la izquierda y a la derecha alrededor del centro del marco para mejorar el rendimiento de adhesi\u00f3n de toda la m\u00e1quina.<\/span><\/p>\n<p><span style=\"font-family: arial, helvetica, sans-serif;\"><strong><b>Dimensiones del esquema<\/b><\/strong><\/span><\/p>\n<p><span style=\"font-family: arial, helvetica, sans-serif;\"><strong><b>Capacidad de producci\u00f3n<\/b><\/strong><\/span><\/p>\n<ul>\n<li><span style=\"font-family: arial, helvetica, sans-serif;\">Carga m\u00e1xima: 14000kg<\/span><\/li>\n<li><span style=\"font-family: arial, helvetica, sans-serif;\">Tracci\u00f3n: 300kN<\/span><\/li>\n<li><span style=\"font-family: arial, helvetica, sans-serif;\">Fuerza de excavaci\u00f3n del cubo, rodamiento del cubo: 225kN<\/span><\/li>\n<li><span style=\"font-family: arial, helvetica, sans-serif;\">Balde est\u00e1ndar: 6m\u00b3<\/span><\/li>\n<\/ul>\n<p><span style=\"font-family: arial, helvetica, sans-serif;\"><strong><b>Velocidad de desplazamiento hacia adelante y hacia atr\u00e1s (horizontal\/totalmente cargada)<\/b><\/strong><\/span><\/p>\n<ul>\n<li><span style=\"font-family: arial, helvetica, sans-serif;\">1 marcha: 4,10 km\/h\u00a0<\/span><\/li>\n<li><span style=\"font-family: arial, helvetica, sans-serif;\">2 engranajes: 7,2 km\/h\u00a0<\/span><\/li>\n<li><span style=\"font-family: arial, helvetica, sans-serif;\">3 marchas: 11,5 km\/h<\/span><\/li>\n<li><span style=\"font-family: arial, helvetica, sans-serif;\">4 marchas: 17,7 km\/h<\/span><\/li>\n<\/ul>\n<p><span style=\"font-family: arial, helvetica, sans-serif;\"><strong><b>Tiempo de operaci\u00f3n del cubo<\/b><\/strong><\/span><\/p>\n<ul>\n<li><span style=\"font-family: arial, helvetica, sans-serif;\">Elevaci\u00f3n: 8.9 segundos\u3001<\/span><\/li>\n<li><span style=\"font-family: arial, helvetica, sans-serif;\">Ca\u00edda: 4.5 segundos<\/span><\/li>\n<li><span style=\"font-family: arial, helvetica, sans-serif;\">Descarga y descarga: 4.9 segundos<\/span><\/li>\n<\/ul>\n<p><img fetchpriority=\"high\" decoding=\"async\" class=\"wp-image-2732 alignleft\" src=\"http:\/\/www.zongdamining.com\/wp-content\/uploads\/2025\/09\/350A6755-\u62f7\u8d1d-scaled.png\" alt=\"\" width=\"549\" height=\"549\" srcset=\"https:\/\/www.zongdamining.com\/wp-content\/uploads\/2025\/09\/350A6755-\u62f7\u8d1d-scaled.png 2560w, https:\/\/www.zongdamining.com\/wp-content\/uploads\/2025\/09\/350A6755-\u62f7\u8d1d-300x300.png 300w, https:\/\/www.zongdamining.com\/wp-content\/uploads\/2025\/09\/350A6755-\u62f7\u8d1d-1024x1024.png 1024w, https:\/\/www.zongdamining.com\/wp-content\/uploads\/2025\/09\/350A6755-\u62f7\u8d1d-150x150.png 150w, https:\/\/www.zongdamining.com\/wp-content\/uploads\/2025\/09\/350A6755-\u62f7\u8d1d-768x768.png 768w, https:\/\/www.zongdamining.com\/wp-content\/uploads\/2025\/09\/350A6755-\u62f7\u8d1d-1536x1536.png 1536w, https:\/\/www.zongdamining.com\/wp-content\/uploads\/2025\/09\/350A6755-\u62f7\u8d1d-2048x2048.png 2048w, https:\/\/www.zongdamining.com\/wp-content\/uploads\/2025\/09\/350A6755-\u62f7\u8d1d-700x700.png 700w, https:\/\/www.zongdamining.com\/wp-content\/uploads\/2025\/09\/350A6755-\u62f7\u8d1d-600x600.png 600w, https:\/\/www.zongdamining.com\/wp-content\/uploads\/2025\/09\/350A6755-\u62f7\u8d1d-100x100.png 100w\" sizes=\"(max-width: 549px) 100vw, 549px\" \/><strong style=\"font-family: arial, helvetica, sans-serif;\"><b>Peso de carga vac\u00eda<\/b><\/strong><\/p>\n<ul>\n<li><span style=\"font-family: arial, helvetica, sans-serif;\">Peso del veh\u00edculo: 39 500 kg<\/span><\/li>\n<li><span style=\"font-family: arial, helvetica, sans-serif;\">Carga del eje delantero: 17 200 kg<\/span><\/li>\n<li><span style=\"font-family: arial, helvetica, sans-serif;\">Carga del eje trasero: 22 300 kg<\/span><\/li>\n<\/ul>\n<p style=\"padding-left: 480px;\"><span style=\"font-family: arial, helvetica, sans-serif;\"><strong><b>Peso cargado<\/b><\/strong><\/span><\/p>\n<ul>\n<li><span style=\"font-family: arial, helvetica, sans-serif;\">Peso cargado bruto: 53 500 kg<\/span><\/li>\n<li><span style=\"font-family: arial, helvetica, sans-serif;\">Carga del eje delantero: 39 300 kg<\/span><\/li>\n<li><span style=\"font-family: arial, helvetica, sans-serif;\">Carga del eje trasero: 14 200 kg<\/span><\/li>\n<\/ul>\n<p>&nbsp;<\/p>\n<p>&nbsp;<\/p>\n<p>&nbsp;<\/p>\n<p>&nbsp;<\/p>\n<p>&nbsp;<\/p>\n<p>&nbsp;<\/p>\n<p>&nbsp;<\/p>\n<p>&nbsp;<\/p>\n<p><span style=\"font-family: arial, helvetica, sans-serif;\"><strong>Sistema de alimentaci\u00f3n<\/strong><\/span><\/p>\n<p><span style=\"font-family: arial, helvetica, sans-serif;\"><strong>Motor<\/strong><\/span><\/p>\n<ul>\n<li><span style=\"font-family: arial, helvetica, sans-serif;\">Motor diesel: Volvo TAD 1350 VE<\/span><\/li>\n<li><span style=\"font-family: arial, helvetica, sans-serif;\">Potencia de salida: 256 kW\/1900 r\/min<\/span><\/li>\n<li><span style=\"font-family: arial, helvetica, sans-serif;\">Torque: 2175 N \u00b7 m @ 1200 r \/ min<\/span><\/li>\n<li><span style=\"font-family: arial, helvetica, sans-serif;\">N\u00famero de cilindros: 6 cilindros en l\u00ednea<\/span><\/li>\n<li><span style=\"font-family: arial, helvetica, sans-serif;\">Desplazamiento: 13L<\/span><\/li>\n<li><span style=\"font-family: arial, helvetica, sans-serif;\">Sistema de enfriamiento: Enfriamiento por agua<\/span><\/li>\n<li><span style=\"font-family: arial, helvetica, sans-serif;\">Modo de combusti\u00f3n: 4 tiempos, turbocompreso con intercooler<\/span><\/li>\n<li><span style=\"font-family: arial, helvetica, sans-serif;\">Filtraci\u00f3n de admisi\u00f3n: filtro seco<\/span><\/li>\n<li><span style=\"font-family: arial, helvetica, sans-serif;\">Sistema el\u00e9ctrico: 24V<\/span><\/li>\n<li><span style=\"font-family: arial, helvetica, sans-serif;\">Consumo medio de combustible: 33 L\/h<\/span><\/li>\n<li><span style=\"font-family: arial, helvetica, sans-serif;\">Capacidad del tanque de combustible: 380 L<\/span><\/li>\n<\/ul>\n<p>&nbsp;<\/p>\n<p><span style=\"font-family: arial, helvetica, sans-serif;\"><strong>T<\/strong><strong>convertidor\/transmisi\u00f3n orque<\/strong><\/span><\/p>\n<ul>\n<li><span style=\"font-family: arial, helvetica, sans-serif;\">Dana: 6422<\/span><\/li>\n<li><span style=\"font-family: arial, helvetica, sans-serif;\">Dana C8602: cambio de potencia, control de cambio controlado electr\u00f3nicamente de cuatro velocidades para adelante e inverso<\/span><\/li>\n<\/ul>\n<p><span style=\"font-family: arial, helvetica, sans-serif;\"><strong>\u00a0<\/strong><strong>A<\/strong><strong>Xle<\/strong><\/span><\/p>\n<ul>\n<li><span style=\"font-family: arial, helvetica, sans-serif;\">Eje delantero kessler 106 o DANA 53R: Freno de muelle multi-disco h\u00famedo, diferencial antideslizante<\/span><\/li>\n<li><span style=\"font-family: arial, helvetica, sans-serif;\">Eje trasero kessler 106 o DANA 53R: Freno de muelle multi-disco h\u00famedo, diferencial antideslizante<\/span><\/li>\n<\/ul>\n<p><span style=\"font-family: arial, helvetica, sans-serif;\"><strong>Neum\u00e1ticos<\/strong><\/span><\/p>\n<ul>\n<li><span style=\"font-family: arial, helvetica, sans-serif;\">Modelo de neum\u00e1tico: 26.5-25 L5S<\/span><\/li>\n<li><span style=\"font-family: arial, helvetica, sans-serif;\">Especificaci\u00f3n de la llanta: 22.00\/3.0<\/span><\/li>\n<\/ul>\n<p><span style=\"font-family: arial, helvetica, sans-serif;\"><strong><b>\u00a0<\/b><\/strong><strong><b>Cab\u00edn<img decoding=\"async\" class=\"wp-image-2734 alignleft\" src=\"http:\/\/www.zongdamining.com\/wp-content\/uploads\/2025\/09\/350A6806-\u62f7\u8d1d-scaled.png\" alt=\"\" width=\"687\" height=\"687\" srcset=\"https:\/\/www.zongdamining.com\/wp-content\/uploads\/2025\/09\/350A6806-\u62f7\u8d1d-scaled.png 2560w, https:\/\/www.zongdamining.com\/wp-content\/uploads\/2025\/09\/350A6806-\u62f7\u8d1d-300x300.png 300w, https:\/\/www.zongdamining.com\/wp-content\/uploads\/2025\/09\/350A6806-\u62f7\u8d1d-1024x1024.png 1024w, https:\/\/www.zongdamining.com\/wp-content\/uploads\/2025\/09\/350A6806-\u62f7\u8d1d-150x150.png 150w, https:\/\/www.zongdamining.com\/wp-content\/uploads\/2025\/09\/350A6806-\u62f7\u8d1d-768x768.png 768w, https:\/\/www.zongdamining.com\/wp-content\/uploads\/2025\/09\/350A6806-\u62f7\u8d1d-1536x1536.png 1536w, https:\/\/www.zongdamining.com\/wp-content\/uploads\/2025\/09\/350A6806-\u62f7\u8d1d-2048x2048.png 2048w, https:\/\/www.zongdamining.com\/wp-content\/uploads\/2025\/09\/350A6806-\u62f7\u8d1d-700x700.png 700w, https:\/\/www.zongdamining.com\/wp-content\/uploads\/2025\/09\/350A6806-\u62f7\u8d1d-600x600.png 600w, https:\/\/www.zongdamining.com\/wp-content\/uploads\/2025\/09\/350A6806-\u62f7\u8d1d-100x100.png 100w\" sizes=\"(max-width: 687px) 100vw, 687px\" \/><\/b><\/strong><\/span><\/p>\n<p><span style=\"font-family: arial, helvetica, sans-serif;\"><strong><b>\u00a0<\/b><\/strong><strong><b>Conductor&#8217; s asiento<\/b><\/strong><\/span><\/p>\n<ul>\n<li><span style=\"font-family: arial, helvetica, sans-serif;\">El conductor&#8217; El asiento est\u00e1 equipado con absorci\u00f3n de golpes hidr\u00e1ulica ajustable, y la altura del asiento, la posici\u00f3n delantera y trasera y el respaldo se pueden ajustar.<\/span><\/li>\n<li><span style=\"font-family: arial, helvetica, sans-serif;\">Cintur\u00f3n de seguridad de tres puntos.<\/span><\/li>\n<li><span style=\"font-family: arial, helvetica, sans-serif;\">Los reposabrazos y los joysticks ajustables se pueden montar en la puerta de la cabina o en la pared derecha de la cabina.<\/span><\/li>\n<li><span style=\"font-family: arial, helvetica, sans-serif;\">Calefacci\u00f3n y refrigeraci\u00f3n aire acondicionado<\/span><\/li>\n<\/ul>\n<p><span style=\"font-family: arial, helvetica, sans-serif;\"><strong><b>\u00a0<\/b><\/strong><strong><b>Marco <\/b><\/strong><\/span><\/p>\n<p><span style=\"font-family: arial, helvetica, sans-serif;\"><strong><b>\u00a0<\/b><\/strong><strong><b>Marcos delanteros y traseros<\/b><\/strong><\/span><\/p>\n<ul>\n<li><span style=\"font-family: arial, helvetica, sans-serif;\">Estructura de acero soldado de alta resistencia. Con un espesor de material optimizado, reduce el peso propio, mejora la capacidad de transporte y mejora la vida \u00fatil de los componentes estructurales.<\/span><\/li>\n<li><span style=\"font-family: arial, helvetica, sans-serif;\">Articulaci\u00f3n central: Conexi\u00f3n de rodamientos ajustable<\/span><\/li>\n<\/ul>\n<p><span style=\"font-family: arial, helvetica, sans-serif;\"><strong><b>\u00a0<\/b><\/strong><strong><b>Sistema hidr\u00e1ulico<\/b><\/strong><\/span><\/p>\n<p><span style=\"font-family: arial, helvetica, sans-serif;\"><strong><b>\u00a0<\/b><\/strong><strong><b>Sistema hidr\u00e1ulico de direcci\u00f3n<\/b><\/strong><\/span><\/p>\n<ul>\n<li><span style=\"font-family: arial, helvetica, sans-serif;\">Articulaci\u00f3n central, direcci\u00f3n asistida hidr\u00e1ulica y dos cilindros de trabajo dobles en funcionamiento. Controlado por un joystick el\u00e9ctrico.<\/span><\/li>\n<\/ul>\n<p><span style=\"font-family: arial, helvetica, sans-serif;\"><strong><b>Sistema hidr\u00e1ulico de trabajo<\/b><\/strong><\/span><\/p>\n<ul>\n<li><span style=\"font-family: arial, helvetica, sans-serif;\">Cuando la direcci\u00f3n no est\u00e1 en uso, el flujo de aceite de la bomba hidr\u00e1ulica de direcci\u00f3n se dirige al sistema hidr\u00e1ulico de trabajo. El joystick, el cubo y los dispositivos de control de la pluma (el\u00e9ctricos) est\u00e1n equipados con una bomba de pist\u00f3n, que puede suministrar aceite a la v\u00e1lvula principal hidr\u00e1ulica del cubo.<\/span><\/li>\n<li><span style=\"font-family: arial, helvetica, sans-serif;\">Capacidad del tanque de aceite hidr\u00e1ulico 300L.<\/span><\/li>\n<\/ul>\n<p><span style=\"font-family: arial, helvetica, sans-serif;\"><strong><b>\u00a0<\/b><\/strong><strong><b>Freno<\/b><\/strong><\/span><\/p>\n<ul>\n<li><span style=\"font-family: arial, helvetica, sans-serif;\">El freno de servicio adopta el frenado de resorte; Los frenos multidisco accionados hidr\u00e1ulicamente est\u00e1n instalados en todas las ruedas. Hay dos circuitos independientes: uno para el eje delantero y el otro para el eje trasero. El freno de servicio tambi\u00e9n puede funcionar como freno de emergencia y freno de estacionamiento. El rendimiento del sistema de frenado cumple con los requisitos de EN ISO 3450, AS 2958.1 y SABS 1589.<\/span><\/li>\n<\/ul>","protected":false},"excerpt":{"rendered":"<p><span style=\"font-family: arial, helvetica, sans-serif;\"><strong><b>El <\/b><\/strong><strong><b>Cargador subterr\u00e1neo ZDL614<\/b><\/strong><strong><b>\u00a0<\/b><\/strong>Se utiliza principalmente en combinaci\u00f3n con camiones mineros en excavaciones subterr\u00e1neas y operaciones mineras. La carga de pala de mineral y varios materiales puede mejorar en gran medida la eficiencia operativa y es un equipo importante para lograr la miner\u00eda sin pista.<\/span><\/p>","protected":false},"featured_media":2732,"comment_status":"closed","ping_status":"closed","template":"","meta":{"_acf_changed":false},"product_brand":[],"product_cat":[15],"product_tag":[],"class_list":{"0":"post-2740","1":"product","2":"type-product","3":"status-publish","4":"has-post-thumbnail","6":"product_cat-trackless-mining-equipment","8":"first","9":"instock","10":"shipping-taxable","11":"product-type-simple"},"acf":[],"_links":{"self":[{"href":"https:\/\/www.zongdamining.com\/es\/wp-json\/wp\/v2\/product\/2740","targetHints":{"allow":["GET"]}}],"collection":[{"href":"https:\/\/www.zongdamining.com\/es\/wp-json\/wp\/v2\/product"}],"about":[{"href":"https:\/\/www.zongdamining.com\/es\/wp-json\/wp\/v2\/types\/product"}],"replies":[{"embeddable":true,"href":"https:\/\/www.zongdamining.com\/es\/wp-json\/wp\/v2\/comments?post=2740"}],"wp:featuredmedia":[{"embeddable":true,"href":"https:\/\/www.zongdamining.com\/es\/wp-json\/wp\/v2\/media\/2732"}],"wp:attachment":[{"href":"https:\/\/www.zongdamining.com\/es\/wp-json\/wp\/v2\/media?parent=2740"}],"wp:term":[{"taxonomy":"product_brand","embeddable":true,"href":"https:\/\/www.zongdamining.com\/es\/wp-json\/wp\/v2\/product_brand?post=2740"},{"taxonomy":"product_cat","embeddable":true,"href":"https:\/\/www.zongdamining.com\/es\/wp-json\/wp\/v2\/product_cat?post=2740"},{"taxonomy":"product_tag","embeddable":true,"href":"https:\/\/www.zongdamining.com\/es\/wp-json\/wp\/v2\/product_tag?post=2740"}],"curies":[{"name":"WP","href":"https:\/\/api.w.org\/{rel}","templated":true}]}}