{"id":1218,"date":"2022-12-12T10:43:54","date_gmt":"2022-12-12T02:43:54","guid":{"rendered":"http:\/\/www.zongdamining.com\/?post_type=product&#038;p=1218"},"modified":"2024-04-28T15:56:33","modified_gmt":"2024-04-28T07:56:33","slug":"crawler-mucking-machine","status":"publish","type":"product","link":"https:\/\/www.zongdamining.com\/fr\/product\/crawler-mucking-machine\/","title":{"rendered":"Crawler Machine de bouage"},"content":{"rendered":"<p><strong><img fetchpriority=\"high\" decoding=\"async\" class=\"alignnone wp-image-1231 size-full\" src=\"http:\/\/www.zongdamining.com\/wp-content\/uploads\/2022\/12\/crawler-mucking-machine15039559282-1.jpg\" alt=\"\" width=\"730\" height=\"730\" srcset=\"https:\/\/www.zongdamining.com\/wp-content\/uploads\/2022\/12\/crawler-mucking-machine15039559282-1.jpg 730w, https:\/\/www.zongdamining.com\/wp-content\/uploads\/2022\/12\/crawler-mucking-machine15039559282-1-300x300.jpg 300w, https:\/\/www.zongdamining.com\/wp-content\/uploads\/2022\/12\/crawler-mucking-machine15039559282-1-150x150.jpg 150w, https:\/\/www.zongdamining.com\/wp-content\/uploads\/2022\/12\/crawler-mucking-machine15039559282-1-600x600.jpg 600w, https:\/\/www.zongdamining.com\/wp-content\/uploads\/2022\/12\/crawler-mucking-machine15039559282-1-100x100.jpg 100w\" sizes=\"(max-width: 730px) 100vw, 730px\" \/><\/strong><\/p>\n<p><strong>T\u00e9l\u00e9commande crawler mucking machine<\/strong><\/p>\n<p>Experts en s\u00e9curit\u00e9 pour la solution des tunnels!<\/p>\n<p>Prendre la position de leader en mati\u00e8re de s\u00e9curit\u00e9 !<\/p>\n<p>MACHINE D'ENVOIREMENT DE CRAWLER traditionnelle a \u00e9t\u00e9 introduite en Chine il y a 60 ans. La premi\u00e8re g\u00e9n\u00e9ration a \u00e9t\u00e9 utilis\u00e9e pour le relev\u00e9 et la cartographie dans la province du Hebei en Chine en 1954. Apr\u00e8s 30 ans de promotion, la deuxi\u00e8me g\u00e9n\u00e9ration est devenue celle sans enroulement.<\/p>\n<p>Gr\u00e2ce \u00e0 son exp\u00e9rience, ZONGDA a recherch\u00e9 et d\u00e9velopp\u00e9 un chargeur de roche \u00e0 t\u00e9l\u00e9commande \u00e0 rampe de machine de bouage qui am\u00e9liore l'efficacit\u00e9 de trente pour cent pour atteindre l'exigence de l'exploitation mini\u00e8re.<\/p>\n<p><strong>Structure<\/strong><\/p>\n<p>1.Les deux bo\u00eetes de commande \u00e9lectriques originales ne sont devenues qu'une seule. Et un autre endroit a \u00e9t\u00e9 remplac\u00e9 par un dispositif hydraulique. Un ensemble de moteurs hydrauliques est ajout\u00e9 entre le plateau tournant et le plateau, entra\u00eenant le plateau tournant pour tourner.<\/p>\n<p>2.Via un ensemble de t\u00e9l\u00e9commande, la machine peut \u00eatre t\u00e9l\u00e9command\u00e9e.<\/p>\n<p><strong>Caract\u00e9ristiques<\/strong><\/p>\n<p>1. La longue distance (entre 5m-20 m) maintient les op\u00e9rateurs loin des dangers, r\u00e9duisant les risques de roulement.<\/p>\n<p>2. L'op\u00e9rateur est revived du travail fastidieux avec l'am\u00e9lioration de l'environnement de travail.<\/p>\n<p>3. L'efficacit\u00e9 est renforc\u00e9e de plus de 30% en raison de son fonctionnement visuel.<\/p>\n<p>4. Le dispositif d'\u00e9clairage est ajout\u00e9 dans la t\u00eate de la machine<\/p>\n<p>5. Il existe trois modes de contr\u00f4le:<\/p>\n<p>T\u00e9l\u00e9commande<\/p>\n<p>Contr\u00f4le du bouton<\/p>\n<p>Contr\u00f4le manuel pour standby<\/p>\n<p><strong>Donn\u00e9es techniques<\/strong><\/p>\n<div class=\"table-responsive\">\n<table class=\"table\" style=\"width: 100%;\" border=\"0\" width=\"100%\" cellspacing=\"0\" cellpadding=\"0\">\n<tbody>\n<tr class=\"firstRow\">\n<td style=\"width: 14.0266%;\" colspan=\"2\" width=\"92\">Mod\u00e8le<\/td>\n<td style=\"width: 5.80411%;\" width=\"32\">du Z-17W<\/td>\n<td style=\"width: 7.85973%;\" width=\"46\">Z-17WYK<\/td>\n<td style=\"width: 11.2455%;\" width=\"57\">ZLKY20<\/td>\n<td style=\"width: 5.92503%;\" width=\"32\">du Z-20W<\/td>\n<td style=\"width: 8.34341%;\" width=\"46\">Z-20WYK<\/td>\n<td style=\"width: 11.2455%;\" width=\"57\">ZLKY26<\/td>\n<td style=\"width: 7.85973%;\" width=\"43\">du Z-30W<\/td>\n<td style=\"width: 8.34341%;\" width=\"46\">Z-30WYK<\/td>\n<td style=\"width: 11.2455%;\" width=\"57\">ZLKY45<\/td>\n<td style=\"width: 7.85973%;\" width=\"43\">ZQ26<\/td>\n<\/tr>\n<tr>\n<td style=\"width: 14.0266%;\" colspan=\"2\" width=\"92\">Taille de route applicable W * H \/ m<\/td>\n<td style=\"width: 5.80411%;\" width=\"32\">1.7*2<\/td>\n<td style=\"width: 7.85973%;\" width=\"46\">1.7*2<\/td>\n<td style=\"width: 11.2455%;\" width=\"57\">2*2.2<\/td>\n<td style=\"width: 5.92503%;\" width=\"32\">2*2.2<\/td>\n<td style=\"width: 8.34341%;\" width=\"46\">2*2.2<\/td>\n<td style=\"width: 11.2455%;\" width=\"57\">2.2*2.5<\/td>\n<td style=\"width: 7.85973%;\" width=\"43\">2.2*2.5<\/td>\n<td style=\"width: 8.34341%;\" width=\"46\">2.2*2.5<\/td>\n<td style=\"width: 11.2455%;\" width=\"57\">2.2*2.5<\/td>\n<td style=\"width: 7.85973%;\" width=\"43\">2.2*2.5<\/td>\n<\/tr>\n<tr>\n<td style=\"width: 14.0266%;\" colspan=\"2\" width=\"92\">Gauge<\/td>\n<td style=\"width: 85.7316%;\" colspan=\"10\" width=\"461\">600\/\/762\/900mm (personnalis\u00e9)<\/td>\n<\/tr>\n<tr>\n<td style=\"width: 14.0266%;\" colspan=\"2\" width=\"92\">Capacit\u00e9 de chargement m\u00b3\/h<\/td>\n<td style=\"width: 5.80411%;\" width=\"32\">20-30<\/td>\n<td style=\"width: 7.85973%;\" width=\"46\">30-40<\/td>\n<td style=\"width: 11.2455%;\" width=\"57\">35-45<\/td>\n<td style=\"width: 5.92503%;\" width=\"32\">30-40<\/td>\n<td style=\"width: 8.34341%;\" width=\"46\">40-50<\/td>\n<td style=\"width: 11.2455%;\" width=\"57\">50-60<\/td>\n<td style=\"width: 7.85973%;\" width=\"43\">50-60<\/td>\n<td style=\"width: 8.34341%;\" width=\"46\">60-70<\/td>\n<td style=\"width: 11.2455%;\" width=\"57\">80-100<\/td>\n<td style=\"width: 7.85973%;\" width=\"43\">50-60<\/td>\n<\/tr>\n<tr>\n<td style=\"width: 14.0266%;\" colspan=\"2\" width=\"92\">Volume du seau \u33a1<\/td>\n<td style=\"width: 5.80411%;\" width=\"32\">0.17<\/td>\n<td style=\"width: 7.85973%;\" width=\"46\">0.17<\/td>\n<td style=\"width: 11.2455%;\" width=\"57\">0.2<\/td>\n<td style=\"width: 5.92503%;\" width=\"32\">0.2<\/td>\n<td style=\"width: 8.34341%;\" width=\"46\">0.2<\/td>\n<td style=\"width: 11.2455%;\" width=\"57\">0.26<\/td>\n<td style=\"width: 7.85973%;\" width=\"43\">0.3<\/td>\n<td style=\"width: 8.34341%;\" width=\"46\">0.3<\/td>\n<td style=\"width: 11.2455%;\" width=\"57\">0.45<\/td>\n<td style=\"width: 7.85973%;\" width=\"43\">0.26<\/td>\n<\/tr>\n<tr>\n<td style=\"width: 14.0266%;\" colspan=\"2\" width=\"92\">Largeur de chargement mm<\/td>\n<td style=\"width: 5.80411%;\" width=\"32\">1700<\/td>\n<td style=\"width: 7.85973%;\" width=\"46\">1700<\/td>\n<td style=\"width: 11.2455%;\" width=\"57\">Arbitrairement<\/td>\n<td style=\"width: 5.92503%;\" width=\"32\">2000<\/td>\n<td style=\"width: 8.34341%;\" width=\"46\">2000<\/td>\n<td style=\"width: 11.2455%;\" width=\"57\">Arbitrairement<\/td>\n<td style=\"width: 7.85973%;\" width=\"43\">2400<\/td>\n<td style=\"width: 8.34341%;\" width=\"46\">2400<\/td>\n<td style=\"width: 11.2455%;\" width=\"57\">Arbitrairement<\/td>\n<td style=\"width: 7.85973%;\" width=\"43\">2700<\/td>\n<\/tr>\n<tr>\n<td style=\"width: 14.0266%;\" colspan=\"2\" width=\"92\">Hauteur de travail du seau mm<\/td>\n<td style=\"width: 5.80411%;\" width=\"32\">1920<\/td>\n<td style=\"width: 7.85973%;\" width=\"46\">1920<\/td>\n<td style=\"width: 11.2455%;\" width=\"57\">1920<\/td>\n<td style=\"width: 5.92503%;\" width=\"32\">2180<\/td>\n<td style=\"width: 8.34341%;\" width=\"46\">2180<\/td>\n<td style=\"width: 11.2455%;\" width=\"57\">2240<\/td>\n<td style=\"width: 7.85973%;\" width=\"43\">2240<\/td>\n<td style=\"width: 8.34341%;\" width=\"46\">2240<\/td>\n<td style=\"width: 11.2455%;\" width=\"57\">2240<\/td>\n<td style=\"width: 7.85973%;\" width=\"43\">2240<\/td>\n<\/tr>\n<tr>\n<td style=\"width: 14.0266%;\" colspan=\"2\" width=\"92\">Hauteur du seau mm<\/td>\n<td style=\"width: 5.80411%;\" width=\"32\">1320<\/td>\n<td style=\"width: 7.85973%;\" width=\"46\">1320<\/td>\n<td style=\"width: 11.2455%;\" width=\"57\">1210<\/td>\n<td style=\"width: 5.92503%;\" width=\"32\">1360<\/td>\n<td style=\"width: 8.34341%;\" width=\"46\">1360<\/td>\n<td style=\"width: 11.2455%;\" width=\"57\"><\/td>\n<td style=\"width: 7.85973%;\" width=\"43\">1360<\/td>\n<td style=\"width: 8.34341%;\" width=\"46\">1360<\/td>\n<td style=\"width: 11.2455%;\" width=\"57\">1460<\/td>\n<td style=\"width: 7.85973%;\" width=\"43\">1250<\/td>\n<\/tr>\n<tr>\n<td style=\"width: 14.0266%;\" colspan=\"2\" width=\"92\">Gradabilit\u00e9<\/td>\n<td style=\"width: 5.80411%;\" width=\"32\"><\/td>\n<td style=\"width: 7.85973%;\" width=\"46\"><\/td>\n<td style=\"width: 11.2455%;\" width=\"57\">25\u00b0<\/td>\n<td style=\"width: 5.92503%;\" width=\"32\"><\/td>\n<td style=\"width: 8.34341%;\" width=\"46\"><\/td>\n<td style=\"width: 11.2455%;\" width=\"57\">25\u00b0<\/td>\n<td style=\"width: 7.85973%;\" width=\"43\"><\/td>\n<td style=\"width: 8.34341%;\" width=\"46\"><\/td>\n<td style=\"width: 11.2455%;\" width=\"57\">25\u00b0<\/td>\n<td style=\"width: 7.85973%;\" width=\"43\"><\/td>\n<\/tr>\n<tr>\n<td style=\"width: 5.44135%;\" width=\"35\">Taille<\/td>\n<td style=\"width: 8.58525%;\" width=\"57\">L mm<\/td>\n<td style=\"width: 5.80411%;\" width=\"32\">2120<\/td>\n<td style=\"width: 7.85973%;\" width=\"46\">2120<\/td>\n<td style=\"width: 11.2455%;\" width=\"57\">2287<\/td>\n<td style=\"width: 5.92503%;\" width=\"32\">2480<\/td>\n<td style=\"width: 8.34341%;\" width=\"46\">2480<\/td>\n<td style=\"width: 11.2455%;\" width=\"57\"><\/td>\n<td style=\"width: 7.85973%;\" width=\"43\"><\/td>\n<td style=\"width: 8.34341%;\" width=\"46\">2620<\/td>\n<td style=\"width: 11.2455%;\" width=\"57\">2660<\/td>\n<td style=\"width: 7.85973%;\" width=\"43\">2400<\/td>\n<\/tr>\n<tr>\n<td style=\"width: 5.44135%;\" width=\"35\"><\/td>\n<td style=\"width: 8.58525%;\" width=\"57\">L mm<\/td>\n<td style=\"width: 5.80411%;\" width=\"32\">1130<\/td>\n<td style=\"width: 7.85973%;\" width=\"46\">1130<\/td>\n<td style=\"width: 11.2455%;\" width=\"57\">1372<\/td>\n<td style=\"width: 5.92503%;\" width=\"32\">1380<\/td>\n<td style=\"width: 8.34341%;\" width=\"46\">1380<\/td>\n<td style=\"width: 11.2455%;\" width=\"57\"><\/td>\n<td style=\"width: 7.85973%;\" width=\"43\">1380<\/td>\n<td style=\"width: 8.34341%;\" width=\"46\">1380<\/td>\n<td style=\"width: 11.2455%;\" width=\"57\">1520<\/td>\n<td style=\"width: 7.85973%;\" width=\"43\">1090-1380<\/td>\n<\/tr>\n<tr>\n<td style=\"width: 5.44135%;\" width=\"35\"><\/td>\n<td style=\"width: 8.58525%;\" width=\"57\">H mm<\/td>\n<td style=\"width: 5.80411%;\" width=\"32\">1200<\/td>\n<td style=\"width: 7.85973%;\" width=\"46\">1200<\/td>\n<td style=\"width: 11.2455%;\" width=\"57\">1415<\/td>\n<td style=\"width: 5.92503%;\" width=\"32\">1460<\/td>\n<td style=\"width: 8.34341%;\" width=\"46\">1460<\/td>\n<td style=\"width: 11.2455%;\" width=\"57\"><\/td>\n<td style=\"width: 7.85973%;\" width=\"43\">1545<\/td>\n<td style=\"width: 8.34341%;\" width=\"46\">1650<\/td>\n<td style=\"width: 11.2455%;\" width=\"57\">1650<\/td>\n<td style=\"width: 7.85973%;\" width=\"43\">1500<\/td>\n<\/tr>\n<tr>\n<td style=\"width: 14.0266%;\" colspan=\"2\" width=\"92\">Puissance du moteur de voyage kw<\/td>\n<td style=\"width: 5.80411%;\" width=\"32\">10.5<\/td>\n<td style=\"width: 7.85973%;\" width=\"46\">10.5<\/td>\n<td style=\"width: 11.2455%;\" width=\"57\">Moteur hydraulique 5000N \/ 2units<\/td>\n<td style=\"width: 5.92503%;\" width=\"32\">10.5<\/td>\n<td style=\"width: 8.34341%;\" width=\"46\">10.5<\/td>\n<td style=\"width: 11.2455%;\" width=\"57\">Moteur hydraulique 5000N \/ 2units<\/td>\n<td style=\"width: 7.85973%;\" width=\"43\">13<\/td>\n<td style=\"width: 8.34341%;\" width=\"46\">13<\/td>\n<td style=\"width: 11.2455%;\" width=\"57\">Moteur hydraulique 5000N \/ 2units<\/td>\n<td style=\"width: 7.85973%;\" width=\"43\">8.83<\/td>\n<\/tr>\n<tr>\n<td style=\"width: 14.0266%;\" colspan=\"2\" width=\"92\">Puissance du moteur de seau kw<\/td>\n<td style=\"width: 5.80411%;\" width=\"32\">10.5<\/td>\n<td style=\"width: 7.85973%;\" width=\"46\">10.5<\/td>\n<td style=\"width: 11.2455%;\" width=\"57\">13<\/td>\n<td style=\"width: 5.92503%;\" width=\"32\">13<\/td>\n<td style=\"width: 8.34341%;\" width=\"46\">13<\/td>\n<td style=\"width: 11.2455%;\" width=\"57\">13<\/td>\n<td style=\"width: 7.85973%;\" width=\"43\">15<\/td>\n<td style=\"width: 8.34341%;\" width=\"46\">15<\/td>\n<td style=\"width: 11.2455%;\" width=\"57\">15<\/td>\n<td style=\"width: 7.85973%;\" width=\"43\">14.71<\/td>\n<\/tr>\n<tr>\n<td style=\"width: 14.0266%;\" colspan=\"2\" width=\"92\">Puissance du moteur hydraulique<\/td>\n<td style=\"width: 5.80411%;\" width=\"32\"><\/td>\n<td style=\"width: 7.85973%;\" width=\"46\">1.5<\/td>\n<td style=\"width: 11.2455%;\" width=\"57\">7.5<\/td>\n<td style=\"width: 5.92503%;\" width=\"32\"><\/td>\n<td style=\"width: 8.34341%;\" width=\"46\">1.5<\/td>\n<td style=\"width: 11.2455%;\" width=\"57\">7.5<\/td>\n<td style=\"width: 7.85973%;\" width=\"43\"><\/td>\n<td style=\"width: 8.34341%;\" width=\"46\">2.2<\/td>\n<td style=\"width: 11.2455%;\" width=\"57\">11<\/td>\n<td style=\"width: 7.85973%;\" width=\"43\"><\/td>\n<\/tr>\n<tr>\n<td style=\"width: 14.0266%;\" colspan=\"2\" width=\"92\">Poids kg<\/td>\n<td style=\"width: 5.80411%;\" width=\"32\">3200<\/td>\n<td style=\"width: 7.85973%;\" width=\"46\">3300<\/td>\n<td style=\"width: 11.2455%;\" width=\"57\">3700<\/td>\n<td style=\"width: 5.92503%;\" width=\"32\">3750<\/td>\n<td style=\"width: 8.34341%;\" width=\"46\">3800<\/td>\n<td style=\"width: 11.2455%;\" width=\"57\">3900<\/td>\n<td style=\"width: 7.85973%;\" width=\"43\">4500<\/td>\n<td style=\"width: 8.34341%;\" width=\"46\">4500<\/td>\n<td style=\"width: 11.2455%;\" width=\"57\">4800<\/td>\n<td style=\"width: 7.85973%;\" width=\"43\">2700<\/td>\n<\/tr>\n<tr>\n<td style=\"width: 99.7583%;\" colspan=\"12\" align=\"center\" valign=\"middle\" width=\"553\">Chargeur Z-Rock; W-Pas de corde enchev\u00eatr\u00e9e; YK-t\u00e9l\u00e9commande; Type L-Crawler;<\/p>\n<p>ZLKY-T\u00e9l\u00e9commande hydraulique chargeur de roches \u00e0 rampes<\/td>\n<\/tr>\n<\/tbody>\n<\/table>\n<p><strong>Livraison<\/strong><\/p>\n<p><img decoding=\"async\" class=\"alignnone wp-image-1229 size-full\" src=\"http:\/\/www.zongdamining.com\/wp-content\/uploads\/2022\/12\/crawler-mucking-machine19232989850.jpg\" alt=\"\" width=\"730\" height=\"730\" srcset=\"https:\/\/www.zongdamining.com\/wp-content\/uploads\/2022\/12\/crawler-mucking-machine19232989850.jpg 730w, https:\/\/www.zongdamining.com\/wp-content\/uploads\/2022\/12\/crawler-mucking-machine19232989850-300x300.jpg 300w, https:\/\/www.zongdamining.com\/wp-content\/uploads\/2022\/12\/crawler-mucking-machine19232989850-150x150.jpg 150w, https:\/\/www.zongdamining.com\/wp-content\/uploads\/2022\/12\/crawler-mucking-machine19232989850-600x600.jpg 600w, https:\/\/www.zongdamining.com\/wp-content\/uploads\/2022\/12\/crawler-mucking-machine19232989850-100x100.jpg 100w\" sizes=\"(max-width: 730px) 100vw, 730px\" \/> <img decoding=\"async\" class=\"alignnone wp-image-1228 size-full\" src=\"http:\/\/www.zongdamining.com\/wp-content\/uploads\/2022\/12\/crawler-mucking-machine19234083364.jpg\" alt=\"\" width=\"730\" height=\"730\" srcset=\"https:\/\/www.zongdamining.com\/wp-content\/uploads\/2022\/12\/crawler-mucking-machine19234083364.jpg 730w, https:\/\/www.zongdamining.com\/wp-content\/uploads\/2022\/12\/crawler-mucking-machine19234083364-300x300.jpg 300w, https:\/\/www.zongdamining.com\/wp-content\/uploads\/2022\/12\/crawler-mucking-machine19234083364-150x150.jpg 150w, https:\/\/www.zongdamining.com\/wp-content\/uploads\/2022\/12\/crawler-mucking-machine19234083364-600x600.jpg 600w, https:\/\/www.zongdamining.com\/wp-content\/uploads\/2022\/12\/crawler-mucking-machine19234083364-100x100.jpg 100w\" sizes=\"(max-width: 730px) 100vw, 730px\" \/><\/p>\n<\/div>","protected":false},"excerpt":{"rendered":"<p>MACHINE D'ENVOIREMENT DE CRAWLER traditionnelle a \u00e9t\u00e9 introduite en Chine il y a 60 ans. La premi\u00e8re g\u00e9n\u00e9ration a \u00e9t\u00e9 utilis\u00e9e pour le relev\u00e9 et la cartographie dans la province du Hebei en Chine en 1954. Apr\u00e8s 30 ans de promotion, la deuxi\u00e8me g\u00e9n\u00e9ration est devenue celle sans enroulement.<\/p>","protected":false},"featured_media":1227,"comment_status":"open","ping_status":"closed","template":"","meta":{"_acf_changed":false},"product_brand":[],"product_cat":[15],"product_tag":[],"class_list":{"0":"post-1218","1":"product","2":"type-product","3":"status-publish","4":"has-post-thumbnail","6":"product_cat-trackless-mining-equipment","8":"first","9":"instock","10":"shipping-taxable","11":"product-type-simple"},"acf":[],"_links":{"self":[{"href":"https:\/\/www.zongdamining.com\/fr\/wp-json\/wp\/v2\/product\/1218","targetHints":{"allow":["GET"]}}],"collection":[{"href":"https:\/\/www.zongdamining.com\/fr\/wp-json\/wp\/v2\/product"}],"about":[{"href":"https:\/\/www.zongdamining.com\/fr\/wp-json\/wp\/v2\/types\/product"}],"replies":[{"embeddable":true,"href":"https:\/\/www.zongdamining.com\/fr\/wp-json\/wp\/v2\/comments?post=1218"}],"wp:featuredmedia":[{"embeddable":true,"href":"https:\/\/www.zongdamining.com\/fr\/wp-json\/wp\/v2\/media\/1227"}],"wp:attachment":[{"href":"https:\/\/www.zongdamining.com\/fr\/wp-json\/wp\/v2\/media?parent=1218"}],"wp:term":[{"taxonomy":"product_brand","embeddable":true,"href":"https:\/\/www.zongdamining.com\/fr\/wp-json\/wp\/v2\/product_brand?post=1218"},{"taxonomy":"product_cat","embeddable":true,"href":"https:\/\/www.zongdamining.com\/fr\/wp-json\/wp\/v2\/product_cat?post=1218"},{"taxonomy":"product_tag","embeddable":true,"href":"https:\/\/www.zongdamining.com\/fr\/wp-json\/wp\/v2\/product_tag?post=1218"}],"curies":[{"name":"WP","href":"https:\/\/api.w.org\/{rel}","templated":true}]}}