{"id":1241,"date":"2022-12-12T11:08:43","date_gmt":"2022-12-12T03:08:43","guid":{"rendered":"http:\/\/www.zongdamining.com\/?post_type=product&#038;p=1241"},"modified":"2025-03-17T11:53:27","modified_gmt":"2025-03-17T03:53:27","slug":"geophysical-exploration-instrument-geological-resistivity-survey-and-geologic-prospecting-equipment-for-underground-water-detector-locator","status":"publish","type":"product","link":"https:\/\/www.zongdamining.com\/fr\/product\/geophysical-exploration-instrument-geological-resistivity-survey-and-geologic-prospecting-equipment-for-underground-water-detector-locator\/","title":{"rendered":"Instrument d'exploration g\u00e9ophysique Survey de r\u00e9sistivit\u00e9 g\u00e9ologique et \u00e9quipement de prospection g\u00e9ologique pour d\u00e9tecteur d'eau souterraine"},"content":{"rendered":"<div>\n<p>Notre locomotive \u00e0 batterie mini\u00e8re \u00e0 prova de flamme, transm\u00e9langeur de b\u00e9ton souterrain, chargeur \u00e9lectrique souterrain attire et rassemble de plus en plus de clients de haute qualit\u00e9, d'excellents employ\u00e9s et fournisseurs de haute qualit\u00e9 pour cr\u00e9er de l'\u00e9clat. Depuis la cr\u00e9ation de notre entreprise, nous avons fermement \u00e9tabli la politique de conduire le d\u00e9veloppement de produits avec la technologie et gagner la confiance du march\u00e9 avec des effets de qualit\u00e9. La strat\u00e9gie de diversification pour notre entreprise dans le d\u00e9veloppement de produits, le d\u00e9veloppement du march\u00e9, la p\u00e9n\u00e9tration du march\u00e9 fournit une bonne garantie. Avec nous votre argent en s\u00e9curit\u00e9 votre entreprise en s\u00e9curit\u00e9. Au 21\u00e8me si\u00e8cle, notre entreprise est confront\u00e9e au d\u00e9fi de la mondialisation, ce qui rend notre entreprise&#8217; s marketing plus \u00e9troitement li\u00e9 \u00e0 l'\u00e9conomie mondiale, rendre la concurrence du march\u00e9 extr\u00eamement f\u00e9roce, les moyens de marketing correspondants et le mode de service de notre entreprise ont pos\u00e9 de nouveaux d\u00e9fis.<\/p>\n<\/div>\n<div>\n<p><img fetchpriority=\"high\" decoding=\"async\" class=\"alignnone wp-image-1240 size-full\" src=\"http:\/\/www.zongdamining.com\/wp-content\/uploads\/2022\/12\/flame-proof-mining-battery-locomotive32250486774.jpg\" alt=\"\" width=\"750\" height=\"750\" srcset=\"https:\/\/www.zongdamining.com\/wp-content\/uploads\/2022\/12\/flame-proof-mining-battery-locomotive32250486774.jpg 750w, https:\/\/www.zongdamining.com\/wp-content\/uploads\/2022\/12\/flame-proof-mining-battery-locomotive32250486774-300x300.jpg 300w, https:\/\/www.zongdamining.com\/wp-content\/uploads\/2022\/12\/flame-proof-mining-battery-locomotive32250486774-150x150.jpg 150w, https:\/\/www.zongdamining.com\/wp-content\/uploads\/2022\/12\/flame-proof-mining-battery-locomotive32250486774-600x600.jpg 600w, https:\/\/www.zongdamining.com\/wp-content\/uploads\/2022\/12\/flame-proof-mining-battery-locomotive32250486774-100x100.jpg 100w\" sizes=\"(max-width: 750px) 100vw, 750px\" \/><\/p>\n<p><strong>Mod\u00e8le: CTY12\/610\/GB192<\/strong><\/p>\n<p><strong>Donn\u00e9es techniques de la locomotive de batterie mini\u00e8re \u00e0 l'\u00e9preuve de la flamme de 12t<\/strong><\/p>\n<p>12t Locomotive \u00e0 batterie d'exploitation mini\u00e8re \u00e0 prova de flamme, le mode de r\u00e9gulation de vitesse est divis\u00e9 en r\u00e9gulation de vitesse de l'h\u00e9licopt\u00e8re, freinage m\u00e9canique, entra\u00eenement de bo\u00eete de vitesses \u00e0 deux \u00e9tapes, amortissement de ressort en caoutchouc, tension de 192v. Ses caract\u00e9ristiques: grande traction, bonnes performances d'acc\u00e9l\u00e9ration, fonctionnement facile, entretien simple, fonctionnement stable.<\/p>\n<p><img decoding=\"async\" class=\"alignnone wp-image-1245 size-full\" src=\"http:\/\/www.zongdamining.com\/wp-content\/uploads\/2022\/12\/20200421115425d0623defb4e3422da44e92af20968ffe.jpg\" alt=\"\" width=\"750\" height=\"644\" srcset=\"https:\/\/www.zongdamining.com\/wp-content\/uploads\/2022\/12\/20200421115425d0623defb4e3422da44e92af20968ffe.jpg 750w, https:\/\/www.zongdamining.com\/wp-content\/uploads\/2022\/12\/20200421115425d0623defb4e3422da44e92af20968ffe-300x258.jpg 300w, https:\/\/www.zongdamining.com\/wp-content\/uploads\/2022\/12\/20200421115425d0623defb4e3422da44e92af20968ffe-600x515.jpg 600w\" sizes=\"(max-width: 750px) 100vw, 750px\" \/><\/p>\n<p>&nbsp;<\/p>\n<table class=\"table\" border=\"0\" width=\"100%\" cellspacing=\"0\" cellpadding=\"0\">\n<tbody>\n<tr class=\"firstRow\">\n<td width=\"243\">Poids adh\u00e9sif<\/td>\n<td width=\"189\">t<\/td>\n<td width=\"217\">12<\/td>\n<\/tr>\n<tr>\n<td width=\"243\">Gauge<\/td>\n<td width=\"189\">mm<\/td>\n<td width=\"217\">610<\/td>\n<\/tr>\n<tr>\n<td width=\"243\">Tension nominale<\/td>\n<td width=\"189\">v<\/td>\n<td width=\"217\">192<\/td>\n<\/tr>\n<tr>\n<td width=\"243\">Force de traction nominale heure<\/td>\n<td width=\"189\">KN<\/td>\n<td width=\"217\">16.46<\/td>\n<\/tr>\n<tr>\n<td width=\"243\">Heure Vitesse nominale<\/td>\n<td width=\"189\">Km\/h<\/td>\n<td width=\"217\">8.7<\/td>\n<\/tr>\n<tr>\n<td width=\"243\">Moteur \u00e9lectrique et puissance<\/td>\n<td width=\"189\">kW<\/td>\n<td width=\"217\">22*2<\/td>\n<\/tr>\n<tr>\n<td width=\"243\">Batterie<\/td>\n<td width=\"189\">du D560KT<\/td>\n<td width=\"217\">96 pi\u00e8ces<\/td>\n<\/tr>\n<tr>\n<td width=\"243\">Base de roue<\/td>\n<td width=\"189\">mm<\/td>\n<td width=\"217\">1180<\/td>\n<\/tr>\n<tr>\n<td width=\"243\">Min. rayon de courbure<\/td>\n<td width=\"189\">m<\/td>\n<td width=\"217\">7<\/td>\n<\/tr>\n<tr>\n<td width=\"243\">Dia. De roue<\/td>\n<td width=\"189\">mm<\/td>\n<td width=\"217\">680<\/td>\n<\/tr>\n<tr>\n<td width=\"243\">Type de contr\u00f4le<\/td>\n<td width=\"189\"><\/td>\n<td width=\"217\">Contr\u00f4le chopper<\/td>\n<\/tr>\n<tr>\n<td width=\"243\">Type de frein<\/td>\n<td width=\"189\"><\/td>\n<td width=\"217\">Frein m\u00e9canique ou frein pneumatique<\/td>\n<\/tr>\n<tr>\n<td width=\"243\">Type d'entra\u00eenement<\/td>\n<td width=\"189\"><\/td>\n<td width=\"217\">Bo\u00eete de vitesses Two Stage Drive<\/td>\n<\/tr>\n<tr>\n<td width=\"243\">Hauteur de traction<\/td>\n<td width=\"189\">mm<\/td>\n<td width=\"217\">320\uff0c 430<\/td>\n<\/tr>\n<tr>\n<td width=\"243\">Dimension ext\u00e9rieure<\/td>\n<td width=\"189\">mm<\/td>\n<td width=\"217\">L : 5100mm<br \/>\nL : 1080mm<br \/>\nH: 1660mm<\/td>\n<\/tr>\n<\/tbody>\n<\/table>\n<p>&nbsp;<\/p>\n<p><img decoding=\"async\" class=\"alignnone wp-image-1246 size-full\" src=\"http:\/\/www.zongdamining.com\/wp-content\/uploads\/2022\/12\/20200421115601a173c61feacb4171ba18273d24999833.jpg\" alt=\"\" width=\"750\" height=\"629\" srcset=\"https:\/\/www.zongdamining.com\/wp-content\/uploads\/2022\/12\/20200421115601a173c61feacb4171ba18273d24999833.jpg 750w, https:\/\/www.zongdamining.com\/wp-content\/uploads\/2022\/12\/20200421115601a173c61feacb4171ba18273d24999833-300x252.jpg 300w, https:\/\/www.zongdamining.com\/wp-content\/uploads\/2022\/12\/20200421115601a173c61feacb4171ba18273d24999833-600x503.jpg 600w\" sizes=\"(max-width: 750px) 100vw, 750px\" \/><\/p>\n<\/div>\n<div><\/div>\n<div>\n<p>Gr\u00e2ce \u00e0 l'exploration et \u00e0 la d\u00e9couverte continues, notre instrument d'exploration g\u00e9ophysique Geological Resistivity Survey et Geological Prospecting Equipment for Underground Water Detector Locator maintient toujours des avantages uniques et est profond\u00e9ment favoris\u00e9 par les clients. Nous sommes pr\u00eats \u00e0 fournir de meilleurs produits \u00e0 nos clients. Nous nous concentrons sur le d\u00e9veloppement des employ\u00e9s, ce qui cr\u00e9e une culture d'entreprise de respect mutuel et de poursuite professionnelle.<\/p>\n<\/div>","protected":false},"excerpt":{"rendered":"<p>12t Locomotive \u00e0 batterie d'exploitation mini\u00e8re \u00e0 prova de flamme, le mode de r\u00e9gulation de vitesse est divis\u00e9 en r\u00e9gulation de vitesse de l'h\u00e9licopt\u00e8re, freinage m\u00e9canique, entra\u00eenement de bo\u00eete de vitesses \u00e0 deux \u00e9tapes, amortissement de ressort en caoutchouc, tension de 192v.<\/p>","protected":false},"featured_media":1240,"comment_status":"open","ping_status":"closed","template":"","meta":{"_acf_changed":false},"product_brand":[],"product_cat":[27],"product_tag":[],"class_list":{"0":"post-1241","1":"product","2":"type-product","3":"status-publish","4":"has-post-thumbnail","6":"product_cat-underground-mining-locomotives","8":"first","9":"instock","10":"shipping-taxable","11":"product-type-simple"},"acf":[],"_links":{"self":[{"href":"https:\/\/www.zongdamining.com\/fr\/wp-json\/wp\/v2\/product\/1241","targetHints":{"allow":["GET"]}}],"collection":[{"href":"https:\/\/www.zongdamining.com\/fr\/wp-json\/wp\/v2\/product"}],"about":[{"href":"https:\/\/www.zongdamining.com\/fr\/wp-json\/wp\/v2\/types\/product"}],"replies":[{"embeddable":true,"href":"https:\/\/www.zongdamining.com\/fr\/wp-json\/wp\/v2\/comments?post=1241"}],"wp:featuredmedia":[{"embeddable":true,"href":"https:\/\/www.zongdamining.com\/fr\/wp-json\/wp\/v2\/media\/1240"}],"wp:attachment":[{"href":"https:\/\/www.zongdamining.com\/fr\/wp-json\/wp\/v2\/media?parent=1241"}],"wp:term":[{"taxonomy":"product_brand","embeddable":true,"href":"https:\/\/www.zongdamining.com\/fr\/wp-json\/wp\/v2\/product_brand?post=1241"},{"taxonomy":"product_cat","embeddable":true,"href":"https:\/\/www.zongdamining.com\/fr\/wp-json\/wp\/v2\/product_cat?post=1241"},{"taxonomy":"product_tag","embeddable":true,"href":"https:\/\/www.zongdamining.com\/fr\/wp-json\/wp\/v2\/product_tag?post=1241"}],"curies":[{"name":"WP","href":"https:\/\/api.w.org\/{rel}","templated":true}]}}