{"id":1254,"date":"2022-12-12T15:30:09","date_gmt":"2022-12-12T07:30:09","guid":{"rendered":"http:\/\/www.zongdamining.com\/?post_type=product&#038;p=1254"},"modified":"2025-03-17T11:50:23","modified_gmt":"2025-03-17T03:50:23","slug":"trolley-electric-locomotive-for-coal-mining","status":"publish","type":"product","link":"https:\/\/www.zongdamining.com\/fr\/product\/trolley-electric-locomotive-for-coal-mining\/","title":{"rendered":"Trolley Locomotive \u00e9lectrique pour l'exploitation mini\u00e8re du charbon"},"content":{"rendered":"<div class=\"pro-details\">\n<div class=\"pro-details-tit\"><\/div>\n<div class=\"pro-details\">\n<p><img fetchpriority=\"high\" decoding=\"async\" class=\"alignnone wp-image-1258 size-full\" src=\"http:\/\/www.zongdamining.com\/wp-content\/uploads\/2022\/12\/trolley-electric-locomotive-for-coal-mining52364381800.jpg\" alt=\"\" width=\"730\" height=\"730\" srcset=\"https:\/\/www.zongdamining.com\/wp-content\/uploads\/2022\/12\/trolley-electric-locomotive-for-coal-mining52364381800.jpg 730w, https:\/\/www.zongdamining.com\/wp-content\/uploads\/2022\/12\/trolley-electric-locomotive-for-coal-mining52364381800-300x300.jpg 300w, https:\/\/www.zongdamining.com\/wp-content\/uploads\/2022\/12\/trolley-electric-locomotive-for-coal-mining52364381800-150x150.jpg 150w, https:\/\/www.zongdamining.com\/wp-content\/uploads\/2022\/12\/trolley-electric-locomotive-for-coal-mining52364381800-600x600.jpg 600w, https:\/\/www.zongdamining.com\/wp-content\/uploads\/2022\/12\/trolley-electric-locomotive-for-coal-mining52364381800-100x100.jpg 100w\" sizes=\"(max-width: 730px) 100vw, 730px\" \/><\/p>\n<p><strong>Mod\u00e8le: CJY3\/6,7,9G<\/strong><\/p>\n<p><strong>Donn\u00e9es techniques<\/strong><\/p>\n<p>La locomotive \u00e9lectrique de chariot 3t pour l'exploitation mini\u00e8re du charbon adopte la r\u00e9gulation de vitesse IGBT, avec la tension 250v, et le syst\u00e8me de freinage m\u00e9canique et \u00e9lectrique. Ses caract\u00e9ristiques: D\u00e9marrage stable, force de traction \u00e9lev\u00e9e, fonctionnement stable et flexible, m\u00e9canicien en marche adopte des engrenages coniques et des engrenages \u00e0 deux \u00e9tapes, avec une dur\u00e9e de vie plus longue et une efficacit\u00e9 \u00e9lev\u00e9e. Les fonctions: D\u00e9marrage en douceur retard\u00e9 et syst\u00e8me de protection pour sous tension, surtension et surcourant. Lampe de locomotives avec commutateur automatique de lampe rouge et blanche et verrouillage op\u00e9rationnel.<\/p>\n<p><img decoding=\"async\" class=\"alignnone wp-image-1257 size-full\" src=\"http:\/\/www.zongdamining.com\/wp-content\/uploads\/2022\/12\/trolley-electric-locomotive-for-coal-mining56336881718.jpg\" alt=\"\" width=\"730\" height=\"730\" srcset=\"https:\/\/www.zongdamining.com\/wp-content\/uploads\/2022\/12\/trolley-electric-locomotive-for-coal-mining56336881718.jpg 730w, https:\/\/www.zongdamining.com\/wp-content\/uploads\/2022\/12\/trolley-electric-locomotive-for-coal-mining56336881718-300x300.jpg 300w, https:\/\/www.zongdamining.com\/wp-content\/uploads\/2022\/12\/trolley-electric-locomotive-for-coal-mining56336881718-150x150.jpg 150w, https:\/\/www.zongdamining.com\/wp-content\/uploads\/2022\/12\/trolley-electric-locomotive-for-coal-mining56336881718-600x600.jpg 600w, https:\/\/www.zongdamining.com\/wp-content\/uploads\/2022\/12\/trolley-electric-locomotive-for-coal-mining56336881718-100x100.jpg 100w\" sizes=\"(max-width: 730px) 100vw, 730px\" \/><\/p>\n<p>&nbsp;<\/p>\n<table class=\"table\" border=\"0\" width=\"100%\" cellspacing=\"0\" cellpadding=\"0\">\n<tbody>\n<tr class=\"firstRow\">\n<td width=\"243\">Poids adh\u00e9sif<\/td>\n<td width=\"78\">t<\/td>\n<td width=\"371\">3<\/td>\n<\/tr>\n<tr>\n<td width=\"243\">Gauge<\/td>\n<td width=\"78\">mm<\/td>\n<td width=\"371\">600\/762\/900<\/td>\n<\/tr>\n<tr>\n<td width=\"243\">Tension nominale<\/td>\n<td width=\"78\">v<\/td>\n<td width=\"371\">250<\/td>\n<\/tr>\n<tr>\n<td width=\"243\">Force de traction nominale heure<\/td>\n<td width=\"78\">KN<\/td>\n<td width=\"371\">6.1\/5.79<\/td>\n<\/tr>\n<tr>\n<td width=\"243\">Heure Vitesse nominale<\/td>\n<td width=\"78\">Km\/h<\/td>\n<td width=\"371\">10.6\/7.5<\/td>\n<\/tr>\n<tr>\n<td width=\"243\">Moteur \u00e9lectrique et puissance<\/td>\n<td width=\"78\">kW<\/td>\n<td width=\"371\">1*12 \/ 2*6.5<\/td>\n<\/tr>\n<tr>\n<td width=\"243\">Base de roue<\/td>\n<td width=\"78\">mm<\/td>\n<td width=\"371\">816\/850<\/td>\n<\/tr>\n<tr>\n<td width=\"243\">Min. rayon de courbure<\/td>\n<td width=\"78\">m<\/td>\n<td width=\"371\">5.7\/6<\/td>\n<\/tr>\n<tr>\n<td width=\"243\">Dia. De roue<\/td>\n<td width=\"78\">mm<\/td>\n<td width=\"371\">650\/520<\/td>\n<\/tr>\n<tr>\n<td width=\"243\">Type de contr\u00f4le<\/td>\n<td width=\"78\"><\/td>\n<td width=\"371\">Contr\u00f4le de la r\u00e9sistance ou contr\u00f4le du chopper<\/td>\n<\/tr>\n<tr>\n<td width=\"243\">Type de frein<\/td>\n<td width=\"78\"><\/td>\n<td width=\"371\">frein m\u00e9canique<\/td>\n<\/tr>\n<tr>\n<td width=\"243\">Type d'entra\u00eenement<\/td>\n<td width=\"78\"><\/td>\n<td width=\"371\">Un ou deux \u00e9tages d'entra\u00eenement<\/td>\n<\/tr>\n<tr>\n<td width=\"243\">Collecteur pantographe<\/td>\n<td width=\"78\"><\/td>\n<td width=\"371\">Personnalis\u00e9<\/td>\n<\/tr>\n<tr>\n<td width=\"243\">Dimension ext\u00e9rieure<\/td>\n<td width=\"78\">mm<\/td>\n<td width=\"371\">L: 2960\/2750<br \/>\nW: 920\/1082\/1220<br \/>\nH:1550<\/td>\n<\/tr>\n<\/tbody>\n<\/table>\n<p>&nbsp;<\/p>\n<p><img decoding=\"async\" class=\"alignnone wp-image-1256 size-full\" src=\"http:\/\/www.zongdamining.com\/wp-content\/uploads\/2022\/12\/trolley-electric-locomotive-for-coal-mining56338444114.jpg\" alt=\"\" width=\"730\" height=\"730\" srcset=\"https:\/\/www.zongdamining.com\/wp-content\/uploads\/2022\/12\/trolley-electric-locomotive-for-coal-mining56338444114.jpg 730w, https:\/\/www.zongdamining.com\/wp-content\/uploads\/2022\/12\/trolley-electric-locomotive-for-coal-mining56338444114-300x300.jpg 300w, https:\/\/www.zongdamining.com\/wp-content\/uploads\/2022\/12\/trolley-electric-locomotive-for-coal-mining56338444114-150x150.jpg 150w, https:\/\/www.zongdamining.com\/wp-content\/uploads\/2022\/12\/trolley-electric-locomotive-for-coal-mining56338444114-600x600.jpg 600w, https:\/\/www.zongdamining.com\/wp-content\/uploads\/2022\/12\/trolley-electric-locomotive-for-coal-mining56338444114-100x100.jpg 100w\" sizes=\"(max-width: 730px) 100vw, 730px\" \/><\/p>\n<\/div>\n<\/div>","protected":false},"excerpt":{"rendered":"<p>La locomotive \u00e9lectrique de chariot 3t pour l'exploitation mini\u00e8re du charbon adopte la r\u00e9gulation de vitesse IGBT, avec la tension 250v, et le syst\u00e8me de freinage m\u00e9canique et \u00e9lectrique.<\/p>","protected":false},"featured_media":1258,"comment_status":"open","ping_status":"closed","template":"","meta":{"_acf_changed":false},"product_brand":[],"product_cat":[27],"product_tag":[],"class_list":{"0":"post-1254","1":"product","2":"type-product","3":"status-publish","4":"has-post-thumbnail","6":"product_cat-underground-mining-locomotives","8":"first","9":"instock","10":"shipping-taxable","11":"product-type-simple"},"acf":[],"_links":{"self":[{"href":"https:\/\/www.zongdamining.com\/fr\/wp-json\/wp\/v2\/product\/1254","targetHints":{"allow":["GET"]}}],"collection":[{"href":"https:\/\/www.zongdamining.com\/fr\/wp-json\/wp\/v2\/product"}],"about":[{"href":"https:\/\/www.zongdamining.com\/fr\/wp-json\/wp\/v2\/types\/product"}],"replies":[{"embeddable":true,"href":"https:\/\/www.zongdamining.com\/fr\/wp-json\/wp\/v2\/comments?post=1254"}],"wp:featuredmedia":[{"embeddable":true,"href":"https:\/\/www.zongdamining.com\/fr\/wp-json\/wp\/v2\/media\/1258"}],"wp:attachment":[{"href":"https:\/\/www.zongdamining.com\/fr\/wp-json\/wp\/v2\/media?parent=1254"}],"wp:term":[{"taxonomy":"product_brand","embeddable":true,"href":"https:\/\/www.zongdamining.com\/fr\/wp-json\/wp\/v2\/product_brand?post=1254"},{"taxonomy":"product_cat","embeddable":true,"href":"https:\/\/www.zongdamining.com\/fr\/wp-json\/wp\/v2\/product_cat?post=1254"},{"taxonomy":"product_tag","embeddable":true,"href":"https:\/\/www.zongdamining.com\/fr\/wp-json\/wp\/v2\/product_tag?post=1254"}],"curies":[{"name":"WP","href":"https:\/\/api.w.org\/{rel}","templated":true}]}}