{"id":1275,"date":"2022-12-12T11:35:13","date_gmt":"2022-12-12T03:35:13","guid":{"rendered":"http:\/\/www.zongdamining.com\/?post_type=product&#038;p=1275"},"modified":"2022-12-12T15:21:28","modified_gmt":"2022-12-12T07:21:28","slug":"flameproof-mining-trolley-locomotive","status":"publish","type":"product","link":"https:\/\/www.zongdamining.com\/fr\/product\/flameproof-mining-trolley-locomotive\/","title":{"rendered":"Locomotive de chariot minier \u00e0 l'\u00e9preuve du feu"},"content":{"rendered":"<p><img fetchpriority=\"high\" decoding=\"async\" class=\"alignnone wp-image-1258 size-full\" src=\"http:\/\/www.zongdamining.com\/wp-content\/uploads\/2022\/12\/trolley-electric-locomotive-for-coal-mining52364381800.jpg\" alt=\"\" width=\"730\" height=\"730\" srcset=\"https:\/\/www.zongdamining.com\/wp-content\/uploads\/2022\/12\/trolley-electric-locomotive-for-coal-mining52364381800.jpg 730w, https:\/\/www.zongdamining.com\/wp-content\/uploads\/2022\/12\/trolley-electric-locomotive-for-coal-mining52364381800-300x300.jpg 300w, https:\/\/www.zongdamining.com\/wp-content\/uploads\/2022\/12\/trolley-electric-locomotive-for-coal-mining52364381800-150x150.jpg 150w, https:\/\/www.zongdamining.com\/wp-content\/uploads\/2022\/12\/trolley-electric-locomotive-for-coal-mining52364381800-600x600.jpg 600w, https:\/\/www.zongdamining.com\/wp-content\/uploads\/2022\/12\/trolley-electric-locomotive-for-coal-mining52364381800-100x100.jpg 100w\" sizes=\"(max-width: 730px) 100vw, 730px\" \/><\/p>\n<p><strong>Donn\u00e9es techniques<\/strong><\/p>\n<p>La locomotive est divis\u00e9e en 4 types: Transmission ordinaire \u00e0 une \u00e9tape, \u00e9paississement de la plaque murale, transmission ordinaire \u00e0 double \u00e9tape et types de traction \u00e0 double moteur. Sa tension est de 250V et 550V. La fa\u00e7on de r\u00e9gulation de vitesse a la r\u00e9sistance, le chopper IGBT et la r\u00e9gulation de vitesse de conversion de fr\u00e9quence 3 types. Ses caract\u00e9ristiques: court empattement, bonne rigidit\u00e9 et performances d'amortissement.<\/p>\n<p><img decoding=\"async\" class=\"alignnone wp-image-1278 size-full\" src=\"http:\/\/www.zongdamining.com\/wp-content\/uploads\/2022\/12\/flameproof-mining-trolley-locomotive52307975405.jpg\" alt=\"\" width=\"730\" height=\"730\" srcset=\"https:\/\/www.zongdamining.com\/wp-content\/uploads\/2022\/12\/flameproof-mining-trolley-locomotive52307975405.jpg 730w, https:\/\/www.zongdamining.com\/wp-content\/uploads\/2022\/12\/flameproof-mining-trolley-locomotive52307975405-300x300.jpg 300w, https:\/\/www.zongdamining.com\/wp-content\/uploads\/2022\/12\/flameproof-mining-trolley-locomotive52307975405-150x150.jpg 150w, https:\/\/www.zongdamining.com\/wp-content\/uploads\/2022\/12\/flameproof-mining-trolley-locomotive52307975405-600x600.jpg 600w, https:\/\/www.zongdamining.com\/wp-content\/uploads\/2022\/12\/flameproof-mining-trolley-locomotive52307975405-100x100.jpg 100w\" sizes=\"(max-width: 730px) 100vw, 730px\" \/><\/p>\n<p>&nbsp;<\/p>\n<table class=\"table\" border=\"0\" width=\"100%\" cellspacing=\"0\" cellpadding=\"0\">\n<tbody>\n<tr class=\"firstRow\">\n<td width=\"243\">Poids adh\u00e9sif<\/td>\n<td width=\"189\">t<\/td>\n<td width=\"217\">10<\/td>\n<\/tr>\n<tr>\n<td width=\"243\">Gauge<\/td>\n<td width=\"189\">mm<\/td>\n<td width=\"217\">600\/762\/900<\/td>\n<\/tr>\n<tr>\n<td width=\"243\">Tension nominale<\/td>\n<td width=\"189\">v<\/td>\n<td width=\"217\">250\/550<\/td>\n<\/tr>\n<tr>\n<td width=\"243\">Force de traction nominale heure<\/td>\n<td width=\"189\">KN<\/td>\n<td width=\"217\">13.05\/15.09\/18.93<\/td>\n<\/tr>\n<tr>\n<td width=\"243\">Heure Vitesse nominale<\/td>\n<td width=\"189\">Km\/h<\/td>\n<td width=\"217\">10.05\/11<\/td>\n<\/tr>\n<tr>\n<td width=\"243\">Moteur \u00e9lectrique et puissance<\/td>\n<td width=\"189\">kW<\/td>\n<td width=\"217\">2*24 \/ 2*30<\/td>\n<\/tr>\n<tr>\n<td width=\"243\">Base de roue<\/td>\n<td width=\"189\">mm<\/td>\n<td width=\"217\">1100\/1220\/1180<\/td>\n<\/tr>\n<tr>\n<td width=\"243\">Min. rayon de courbure<\/td>\n<td width=\"189\">m<\/td>\n<td width=\"217\">7\/9\/10<\/td>\n<\/tr>\n<tr>\n<td width=\"243\">Dia. De roue<\/td>\n<td width=\"189\">mm<\/td>\n<td width=\"217\">680<\/td>\n<\/tr>\n<tr>\n<td width=\"243\">Type de contr\u00f4le<\/td>\n<td width=\"189\"><\/td>\n<td width=\"217\">Contr\u00f4le de la r\u00e9sistance ou contr\u00f4le du chopper<\/td>\n<\/tr>\n<tr>\n<td width=\"243\">Type de frein<\/td>\n<td width=\"189\"><\/td>\n<td width=\"217\">frein m\u00e9canique<\/td>\n<\/tr>\n<tr>\n<td width=\"243\">Type d'entra\u00eenement<\/td>\n<td width=\"189\"><\/td>\n<td width=\"217\">Ferm\u00e9 Two Stage Gear Drive<\/td>\n<\/tr>\n<tr>\n<td width=\"243\">Collecteur pantographe<\/td>\n<td width=\"189\"><\/td>\n<td width=\"217\">Personnalis\u00e9<\/td>\n<\/tr>\n<tr>\n<td width=\"243\">Dimension ext\u00e9rieure<\/td>\n<td width=\"189\">mm<\/td>\n<td width=\"217\">L: 4660\/4470<br \/>\nW: 1050\/1212\/1350<br \/>\nH:1550\/1660\/<\/td>\n<\/tr>\n<\/tbody>\n<\/table>\n<p>&nbsp;<\/p>\n<p><img decoding=\"async\" class=\"alignnone wp-image-1257 size-full\" src=\"http:\/\/www.zongdamining.com\/wp-content\/uploads\/2022\/12\/trolley-electric-locomotive-for-coal-mining56336881718.jpg\" alt=\"\" width=\"730\" height=\"730\" srcset=\"https:\/\/www.zongdamining.com\/wp-content\/uploads\/2022\/12\/trolley-electric-locomotive-for-coal-mining56336881718.jpg 730w, https:\/\/www.zongdamining.com\/wp-content\/uploads\/2022\/12\/trolley-electric-locomotive-for-coal-mining56336881718-300x300.jpg 300w, https:\/\/www.zongdamining.com\/wp-content\/uploads\/2022\/12\/trolley-electric-locomotive-for-coal-mining56336881718-150x150.jpg 150w, https:\/\/www.zongdamining.com\/wp-content\/uploads\/2022\/12\/trolley-electric-locomotive-for-coal-mining56336881718-600x600.jpg 600w, https:\/\/www.zongdamining.com\/wp-content\/uploads\/2022\/12\/trolley-electric-locomotive-for-coal-mining56336881718-100x100.jpg 100w\" sizes=\"(max-width: 730px) 100vw, 730px\" \/><\/p>","protected":false},"excerpt":{"rendered":"<p>La locomotive est divis\u00e9e en 4 types: Transmission ordinaire \u00e0 une \u00e9tape, \u00e9paississement de la plaque murale, transmission ordinaire \u00e0 double \u00e9tape et types de traction \u00e0 double moteur. Sa tension est de 250V et 550V.<\/p>","protected":false},"featured_media":1258,"comment_status":"open","ping_status":"closed","template":"","meta":{"_acf_changed":false},"product_brand":[],"product_cat":[27],"product_tag":[],"class_list":{"0":"post-1275","1":"product","2":"type-product","3":"status-publish","4":"has-post-thumbnail","6":"product_cat-underground-mining-locomotives","8":"first","9":"instock","10":"shipping-taxable","11":"product-type-simple"},"acf":[],"_links":{"self":[{"href":"https:\/\/www.zongdamining.com\/fr\/wp-json\/wp\/v2\/product\/1275","targetHints":{"allow":["GET"]}}],"collection":[{"href":"https:\/\/www.zongdamining.com\/fr\/wp-json\/wp\/v2\/product"}],"about":[{"href":"https:\/\/www.zongdamining.com\/fr\/wp-json\/wp\/v2\/types\/product"}],"replies":[{"embeddable":true,"href":"https:\/\/www.zongdamining.com\/fr\/wp-json\/wp\/v2\/comments?post=1275"}],"wp:featuredmedia":[{"embeddable":true,"href":"https:\/\/www.zongdamining.com\/fr\/wp-json\/wp\/v2\/media\/1258"}],"wp:attachment":[{"href":"https:\/\/www.zongdamining.com\/fr\/wp-json\/wp\/v2\/media?parent=1275"}],"wp:term":[{"taxonomy":"product_brand","embeddable":true,"href":"https:\/\/www.zongdamining.com\/fr\/wp-json\/wp\/v2\/product_brand?post=1275"},{"taxonomy":"product_cat","embeddable":true,"href":"https:\/\/www.zongdamining.com\/fr\/wp-json\/wp\/v2\/product_cat?post=1275"},{"taxonomy":"product_tag","embeddable":true,"href":"https:\/\/www.zongdamining.com\/fr\/wp-json\/wp\/v2\/product_tag?post=1275"}],"curies":[{"name":"WP","href":"https:\/\/api.w.org\/{rel}","templated":true}]}}