{"id":1276,"date":"2022-12-12T11:32:54","date_gmt":"2022-12-12T03:32:54","guid":{"rendered":"http:\/\/www.zongdamining.com\/?post_type=product&#038;p=1276"},"modified":"2023-01-29T16:51:43","modified_gmt":"2023-01-29T08:51:43","slug":"underground-rock-mining-drilling-machine","status":"publish","type":"product","link":"https:\/\/www.zongdamining.com\/fr\/product\/underground-rock-mining-drilling-machine\/","title":{"rendered":"Machine de forage mini\u00e8re souterraine"},"content":{"rendered":"<p>Avec la concurrence de plus en plus f\u00e9roce dans le march\u00e9 de la locomotive \u00e9lectrique \u00e0 batterie pour l'exploitation mini\u00e8re, les ventilateurs de ventilation des mines de charbon, les v\u00e9hicules utilitaires souterrains, notre soci\u00e9t\u00e9 s'efforce dur, ne renonce jamais et essaie constamment de trouver la meilleure philosophie d'entreprise. Nous fournissons non seulement des \u00e9quipements de haute qualit\u00e9, fiables et \u00e9conomiques, mais nous fournissons \u00e9galement un soutien m\u00e9ticuleux et patient pour toutes sortes de probl\u00e8mes que vous rencontrez lors de l'utilisation. Avec une large gamme, de bonne qualit\u00e9, des prix raisonnables et des designs \u00e9l\u00e9gants, nos produits sont largement utilis\u00e9s dans ces industries et d'autres industries. Notre politique commerciale coh\u00e9rente est orient\u00e9e vers la qualit\u00e9 et notre bonne r\u00e9putation a inject\u00e9 une puissance continue dans le d\u00e9veloppement de l'entreprise.<\/p>\n<p><img fetchpriority=\"high\" decoding=\"async\" class=\"alignnone wp-image-1280 size-full\" src=\"http:\/\/www.zongdamining.com\/wp-content\/uploads\/2022\/12\/flame-proof-mining-battery-locomotive32250486774-1.jpg\" alt=\"\" width=\"750\" height=\"750\" srcset=\"https:\/\/www.zongdamining.com\/wp-content\/uploads\/2022\/12\/flame-proof-mining-battery-locomotive32250486774-1.jpg 750w, https:\/\/www.zongdamining.com\/wp-content\/uploads\/2022\/12\/flame-proof-mining-battery-locomotive32250486774-1-300x300.jpg 300w, https:\/\/www.zongdamining.com\/wp-content\/uploads\/2022\/12\/flame-proof-mining-battery-locomotive32250486774-1-150x150.jpg 150w, https:\/\/www.zongdamining.com\/wp-content\/uploads\/2022\/12\/flame-proof-mining-battery-locomotive32250486774-1-600x600.jpg 600w, https:\/\/www.zongdamining.com\/wp-content\/uploads\/2022\/12\/flame-proof-mining-battery-locomotive32250486774-1-100x100.jpg 100w\" sizes=\"(max-width: 750px) 100vw, 750px\" \/><\/p>\n<p><strong>Mod\u00e8le: CTY12\/610\/GB192<\/strong><\/p>\n<p><strong>Donn\u00e9es techniques de la locomotive de batterie mini\u00e8re \u00e0 l'\u00e9preuve de la flamme de 12t<\/strong><\/p>\n<p>12t Locomotive \u00e0 batterie d'exploitation mini\u00e8re \u00e0 prova de flamme, le mode de r\u00e9gulation de vitesse est divis\u00e9 en r\u00e9gulation de vitesse de l'h\u00e9licopt\u00e8re, freinage m\u00e9canique, entra\u00eenement de bo\u00eete de vitesses \u00e0 deux \u00e9tapes, amortissement de ressort en caoutchouc, tension de 192v. Ses caract\u00e9ristiques: grande traction, bonnes performances d'acc\u00e9l\u00e9ration, fonctionnement facile, entretien simple, fonctionnement stable.<\/p>\n<p><img decoding=\"async\" class=\"alignnone wp-image-1281 size-full\" src=\"http:\/\/www.zongdamining.com\/wp-content\/uploads\/2022\/12\/20200421115425d0623defb4e3422da44e92af20968ffe-1.jpg\" alt=\"\" width=\"750\" height=\"644\" srcset=\"https:\/\/www.zongdamining.com\/wp-content\/uploads\/2022\/12\/20200421115425d0623defb4e3422da44e92af20968ffe-1.jpg 750w, https:\/\/www.zongdamining.com\/wp-content\/uploads\/2022\/12\/20200421115425d0623defb4e3422da44e92af20968ffe-1-300x258.jpg 300w, https:\/\/www.zongdamining.com\/wp-content\/uploads\/2022\/12\/20200421115425d0623defb4e3422da44e92af20968ffe-1-600x515.jpg 600w\" sizes=\"(max-width: 750px) 100vw, 750px\" \/><\/p>\n<div class=\"table-responsive\">\n<table class=\"table\" border=\"0\" width=\"100%\" cellspacing=\"0\" cellpadding=\"0\">\n<tbody>\n<tr class=\"firstRow\">\n<td width=\"243\">Poids adh\u00e9sif<\/td>\n<td width=\"189\">t<\/td>\n<td width=\"217\">12<\/td>\n<\/tr>\n<tr>\n<td width=\"243\">Gauge<\/td>\n<td width=\"189\">mm<\/td>\n<td width=\"217\">610<\/td>\n<\/tr>\n<tr>\n<td width=\"243\">Tension nominale<\/td>\n<td width=\"189\">v<\/td>\n<td width=\"217\">192<\/td>\n<\/tr>\n<tr>\n<td width=\"243\">Force de traction nominale heure<\/td>\n<td width=\"189\">KN<\/td>\n<td width=\"217\">16.46<\/td>\n<\/tr>\n<tr>\n<td width=\"243\">Heure Vitesse nominale<\/td>\n<td width=\"189\">Km\/h<\/td>\n<td width=\"217\">8.7<\/td>\n<\/tr>\n<tr>\n<td width=\"243\">Moteur \u00e9lectrique et puissance<\/td>\n<td width=\"189\">kW<\/td>\n<td width=\"217\">22*2<\/td>\n<\/tr>\n<tr>\n<td width=\"243\">Batterie<\/td>\n<td width=\"189\">du D560KT<\/td>\n<td width=\"217\">96 pi\u00e8ces<\/td>\n<\/tr>\n<tr>\n<td width=\"243\">Base de roue<\/td>\n<td width=\"189\">mm<\/td>\n<td width=\"217\">1180<\/td>\n<\/tr>\n<tr>\n<td width=\"243\">Min. rayon de courbure<\/td>\n<td width=\"189\">m<\/td>\n<td width=\"217\">7<\/td>\n<\/tr>\n<tr>\n<td width=\"243\">Dia. De roue<\/td>\n<td width=\"189\">mm<\/td>\n<td width=\"217\">680<\/td>\n<\/tr>\n<tr>\n<td width=\"243\">Type de contr\u00f4le<\/td>\n<td width=\"189\"><\/td>\n<td width=\"217\">Contr\u00f4le chopper<\/td>\n<\/tr>\n<tr>\n<td width=\"243\">Type de frein<\/td>\n<td width=\"189\"><\/td>\n<td width=\"217\">Frein m\u00e9canique ou frein pneumatique<\/td>\n<\/tr>\n<tr>\n<td width=\"243\">Type d'entra\u00eenement<\/td>\n<td width=\"189\"><\/td>\n<td width=\"217\">Bo\u00eete de vitesses Two Stage Drive<\/td>\n<\/tr>\n<tr>\n<td width=\"243\">Hauteur de traction<\/td>\n<td width=\"189\">mm<\/td>\n<td width=\"217\">320\uff0c 430<\/td>\n<\/tr>\n<tr>\n<td width=\"243\">Dimension ext\u00e9rieure<\/td>\n<td width=\"189\">mm<\/td>\n<td width=\"217\">L : 5100mm<br \/>\nL : 1080mm<br \/>\nH: 1660mm<\/td>\n<\/tr>\n<\/tbody>\n<\/table>\n<\/div>\n<p><img decoding=\"async\" class=\"alignnone wp-image-1279 size-full\" src=\"http:\/\/www.zongdamining.com\/wp-content\/uploads\/2022\/12\/20200421115601a173c61feacb4171ba18273d24999833-1.jpg\" alt=\"\" width=\"750\" height=\"629\" srcset=\"https:\/\/www.zongdamining.com\/wp-content\/uploads\/2022\/12\/20200421115601a173c61feacb4171ba18273d24999833-1.jpg 750w, https:\/\/www.zongdamining.com\/wp-content\/uploads\/2022\/12\/20200421115601a173c61feacb4171ba18273d24999833-1-300x252.jpg 300w, https:\/\/www.zongdamining.com\/wp-content\/uploads\/2022\/12\/20200421115601a173c61feacb4171ba18273d24999833-1-600x503.jpg 600w\" sizes=\"(max-width: 750px) 100vw, 750px\" \/><\/p>\n<p>Vos exigences sont notre travail, nous vous fournirons la meilleure machine de forage de roche souterraine de qualit\u00e9 et le service le plus satisfaisant! Nous avons r\u00e9alis\u00e9 une augmentation simultan\u00e9e de la popularit\u00e9 et de la r\u00e9putation dans les c\u0153urs des consommateurs. Nos produits b\u00e9n\u00e9ficient d'une bonne popularit\u00e9 parmi nos clients.<\/p>","protected":false},"excerpt":{"rendered":"<p>12t Locomotive \u00e0 batterie d'exploitation mini\u00e8re \u00e0 prova de flamme, le mode de r\u00e9gulation de vitesse est divis\u00e9 en r\u00e9gulation de vitesse de l'h\u00e9licopt\u00e8re, freinage m\u00e9canique, entra\u00eenement de bo\u00eete de vitesses \u00e0 deux \u00e9tapes, amortissement de ressort en caoutchouc, tension de 192v.<\/p>","protected":false},"featured_media":1280,"comment_status":"open","ping_status":"closed","template":"","meta":{"_acf_changed":false},"product_brand":[],"product_cat":[27],"product_tag":[],"class_list":{"0":"post-1276","1":"product","2":"type-product","3":"status-publish","4":"has-post-thumbnail","6":"product_cat-underground-mining-locomotives","8":"first","9":"instock","10":"shipping-taxable","11":"product-type-simple"},"acf":[],"_links":{"self":[{"href":"https:\/\/www.zongdamining.com\/fr\/wp-json\/wp\/v2\/product\/1276","targetHints":{"allow":["GET"]}}],"collection":[{"href":"https:\/\/www.zongdamining.com\/fr\/wp-json\/wp\/v2\/product"}],"about":[{"href":"https:\/\/www.zongdamining.com\/fr\/wp-json\/wp\/v2\/types\/product"}],"replies":[{"embeddable":true,"href":"https:\/\/www.zongdamining.com\/fr\/wp-json\/wp\/v2\/comments?post=1276"}],"wp:featuredmedia":[{"embeddable":true,"href":"https:\/\/www.zongdamining.com\/fr\/wp-json\/wp\/v2\/media\/1280"}],"wp:attachment":[{"href":"https:\/\/www.zongdamining.com\/fr\/wp-json\/wp\/v2\/media?parent=1276"}],"wp:term":[{"taxonomy":"product_brand","embeddable":true,"href":"https:\/\/www.zongdamining.com\/fr\/wp-json\/wp\/v2\/product_brand?post=1276"},{"taxonomy":"product_cat","embeddable":true,"href":"https:\/\/www.zongdamining.com\/fr\/wp-json\/wp\/v2\/product_cat?post=1276"},{"taxonomy":"product_tag","embeddable":true,"href":"https:\/\/www.zongdamining.com\/fr\/wp-json\/wp\/v2\/product_tag?post=1276"}],"curies":[{"name":"WP","href":"https:\/\/api.w.org\/{rel}","templated":true}]}}