{"id":1298,"date":"2022-12-12T11:51:27","date_gmt":"2022-12-12T03:51:27","guid":{"rendered":"http:\/\/www.zongdamining.com\/?post_type=product&#038;p=1298"},"modified":"2026-01-27T09:53:25","modified_gmt":"2026-01-27T01:53:25","slug":"15kw-explosion-proof-scraper-winch","status":"publish","type":"product","link":"https:\/\/www.zongdamining.com\/fr\/product\/15kw-explosion-proof-scraper-winch\/","title":{"rendered":"Trencheau de rasoir \u00e0 l'\u00e9preuve d'explosion 15kw"},"content":{"rendered":"<p>Nous fa\u00e7onnons et am\u00e9liorons l'image de marque de la machine de bouage de roues d'entreprise, du filtre \u00e0 particules diesel, du chargeur minier de charbon souterrain comme notre direction de d\u00e9veloppement et fournissons aux clients des services efficaces et \u00e0 valeur ajout\u00e9e. Avec le d\u00e9veloppement rapide de la mondialisation \u00e9conomique et la formation de march\u00e9s \u00e9mergents, nous devons nous efforcer de d\u00e9velopper l'innovation et de compter sur la technologie pour gagner si nous voulons en tirer parti. Dans le march\u00e9 de plus en plus concurrentiel, avec des produits de haute qualit\u00e9 de service sinc\u00e8re et une r\u00e9putation bien m\u00e9rit\u00e9e, nous offrons toujours un soutien aux clients sur les produits et les techniques pour atteindre une coop\u00e9ration \u00e0 long terme. Bienvenue nouveaux et anciens clients pour visiter et discuter, votre demande est la source de notre innovation, votre soutien est la garantie de notre d\u00e9veloppement. La satisfaction du client et le succ\u00e8s est notre qu\u00eate, nous ferons des efforts inlassables \u00e0 cette fin. Nos produits et services sont tous bas\u00e9s sur la satisfaction des besoins des clients.<\/p>\n<p><img fetchpriority=\"high\" decoding=\"async\" class=\"alignnone wp-image-1302 size-full\" src=\"http:\/\/www.zongdamining.com\/wp-content\/uploads\/2022\/12\/202005260901078eb89ff0ef8543c7a88e07770de49c4f.jpg\" alt=\"\" width=\"750\" height=\"750\" srcset=\"https:\/\/www.zongdamining.com\/wp-content\/uploads\/2022\/12\/202005260901078eb89ff0ef8543c7a88e07770de49c4f.jpg 750w, https:\/\/www.zongdamining.com\/wp-content\/uploads\/2022\/12\/202005260901078eb89ff0ef8543c7a88e07770de49c4f-300x300.jpg 300w, https:\/\/www.zongdamining.com\/wp-content\/uploads\/2022\/12\/202005260901078eb89ff0ef8543c7a88e07770de49c4f-150x150.jpg 150w, https:\/\/www.zongdamining.com\/wp-content\/uploads\/2022\/12\/202005260901078eb89ff0ef8543c7a88e07770de49c4f-600x600.jpg 600w, https:\/\/www.zongdamining.com\/wp-content\/uploads\/2022\/12\/202005260901078eb89ff0ef8543c7a88e07770de49c4f-100x100.jpg 100w\" sizes=\"(max-width: 750px) 100vw, 750px\" \/><\/p>\n<p>S\u00e9rie ZJTP treuil de rasage minier souterrain<\/p>\n<p>Le treuil minier ZJTP est principalement utilis\u00e9 pour les arbres de plancher de mine et les mat\u00e9riaux de levage d'arbre inclin\u00e9, le personnel et l'\u00e9quipement, peut \u00e9galement \u00eatre utilis\u00e9 pour le transport souterrain et le levage de seau coulant.<\/p>\n<p>Il peut \u00eatre treuil \u00e0 tambour unique et treuil \u00e0 tambour double.<\/p>\n<p><strong>Donn\u00e9es techniques<\/strong><\/p>\n<p><img decoding=\"async\" class=\"alignnone wp-image-1303 size-full\" src=\"http:\/\/www.zongdamining.com\/wp-content\/uploads\/2022\/12\/2020052609024899d27606d7ff461d9ffad5495c07cd58.jpg\" alt=\"\" width=\"750\" height=\"1025\" srcset=\"https:\/\/www.zongdamining.com\/wp-content\/uploads\/2022\/12\/2020052609024899d27606d7ff461d9ffad5495c07cd58.jpg 750w, https:\/\/www.zongdamining.com\/wp-content\/uploads\/2022\/12\/2020052609024899d27606d7ff461d9ffad5495c07cd58-220x300.jpg 220w, https:\/\/www.zongdamining.com\/wp-content\/uploads\/2022\/12\/2020052609024899d27606d7ff461d9ffad5495c07cd58-600x820.jpg 600w\" sizes=\"(max-width: 750px) 100vw, 750px\" \/><img decoding=\"async\" class=\"alignnone wp-image-1304 size-full\" src=\"http:\/\/www.zongdamining.com\/wp-content\/uploads\/2022\/12\/underground-mining-scraper-winch00025053060.jpg\" alt=\"\" width=\"730\" height=\"730\" srcset=\"https:\/\/www.zongdamining.com\/wp-content\/uploads\/2022\/12\/underground-mining-scraper-winch00025053060.jpg 730w, https:\/\/www.zongdamining.com\/wp-content\/uploads\/2022\/12\/underground-mining-scraper-winch00025053060-300x300.jpg 300w, https:\/\/www.zongdamining.com\/wp-content\/uploads\/2022\/12\/underground-mining-scraper-winch00025053060-150x150.jpg 150w, https:\/\/www.zongdamining.com\/wp-content\/uploads\/2022\/12\/underground-mining-scraper-winch00025053060-600x600.jpg 600w, https:\/\/www.zongdamining.com\/wp-content\/uploads\/2022\/12\/underground-mining-scraper-winch00025053060-100x100.jpg 100w\" sizes=\"(max-width: 730px) 100vw, 730px\" \/><\/p>\n<p>Nous esp\u00e9rons que nous deviendrons le fournisseur que vous attendez avec la conception \u00e0 la mode, les produits de haute qualit\u00e9, le service attentif et les prix comp\u00e9titifs de notre treuil de rasage \u00e0 l'explosion de 15kw. Nous sommes dispos\u00e9s \u00e0 \u00e9tablir une relation commerciale stable, \u00e9gale et mutuellement b\u00e9n\u00e9fique avec les clients du monde entier, afin que nous puissions nous d\u00e9velopper et prosp\u00e9rer ensemble. Notre entreprise promet solennellement que pour nos anciens clients et vous qui deviendrez notre nouveau partenaire, vos besoins sont notre responsabilit\u00e9.<\/p>","protected":false},"excerpt":{"rendered":"<p>Le treuil minier ZJTP est principalement utilis\u00e9 pour les arbres de plancher de mine et les mat\u00e9riaux de levage d'arbre inclin\u00e9, le personnel et l'\u00e9quipement, peut \u00e9galement \u00eatre utilis\u00e9 pour le transport souterrain et le levage de seau coulant.<\/p>","protected":false},"featured_media":1304,"comment_status":"open","ping_status":"closed","template":"","meta":{"_acf_changed":false},"product_brand":[],"product_cat":[29],"product_tag":[],"class_list":{"0":"post-1298","1":"product","2":"type-product","3":"status-publish","4":"has-post-thumbnail","6":"product_cat-underground-hoisting-system","8":"first","9":"instock","10":"shipping-taxable","11":"product-type-simple"},"acf":[],"_links":{"self":[{"href":"https:\/\/www.zongdamining.com\/fr\/wp-json\/wp\/v2\/product\/1298","targetHints":{"allow":["GET"]}}],"collection":[{"href":"https:\/\/www.zongdamining.com\/fr\/wp-json\/wp\/v2\/product"}],"about":[{"href":"https:\/\/www.zongdamining.com\/fr\/wp-json\/wp\/v2\/types\/product"}],"replies":[{"embeddable":true,"href":"https:\/\/www.zongdamining.com\/fr\/wp-json\/wp\/v2\/comments?post=1298"}],"wp:featuredmedia":[{"embeddable":true,"href":"https:\/\/www.zongdamining.com\/fr\/wp-json\/wp\/v2\/media\/1304"}],"wp:attachment":[{"href":"https:\/\/www.zongdamining.com\/fr\/wp-json\/wp\/v2\/media?parent=1298"}],"wp:term":[{"taxonomy":"product_brand","embeddable":true,"href":"https:\/\/www.zongdamining.com\/fr\/wp-json\/wp\/v2\/product_brand?post=1298"},{"taxonomy":"product_cat","embeddable":true,"href":"https:\/\/www.zongdamining.com\/fr\/wp-json\/wp\/v2\/product_cat?post=1298"},{"taxonomy":"product_tag","embeddable":true,"href":"https:\/\/www.zongdamining.com\/fr\/wp-json\/wp\/v2\/product_tag?post=1298"}],"curies":[{"name":"WP","href":"https:\/\/api.w.org\/{rel}","templated":true}]}}