{"id":1308,"date":"2022-12-12T11:59:16","date_gmt":"2022-12-12T03:59:16","guid":{"rendered":"http:\/\/www.zongdamining.com\/?post_type=product&#038;p=1308"},"modified":"2022-12-16T11:06:23","modified_gmt":"2022-12-16T03:06:23","slug":"battery-electric-locomotive-for-mining","status":"publish","type":"product","link":"https:\/\/www.zongdamining.com\/fr\/product\/battery-electric-locomotive-for-mining\/","title":{"rendered":"Locomotive \u00e9lectrique \u00e0 batterie pour l'exploitation mini\u00e8re"},"content":{"rendered":"<p><img fetchpriority=\"high\" decoding=\"async\" class=\"alignnone wp-image-1311 size-full\" src=\"http:\/\/www.zongdamining.com\/wp-content\/uploads\/2022\/12\/battery-electric-locomotive-for-mining23411599450.jpg\" alt=\"\" width=\"750\" height=\"750\" srcset=\"https:\/\/www.zongdamining.com\/wp-content\/uploads\/2022\/12\/battery-electric-locomotive-for-mining23411599450.jpg 750w, https:\/\/www.zongdamining.com\/wp-content\/uploads\/2022\/12\/battery-electric-locomotive-for-mining23411599450-300x300.jpg 300w, https:\/\/www.zongdamining.com\/wp-content\/uploads\/2022\/12\/battery-electric-locomotive-for-mining23411599450-150x150.jpg 150w, https:\/\/www.zongdamining.com\/wp-content\/uploads\/2022\/12\/battery-electric-locomotive-for-mining23411599450-600x600.jpg 600w, https:\/\/www.zongdamining.com\/wp-content\/uploads\/2022\/12\/battery-electric-locomotive-for-mining23411599450-100x100.jpg 100w\" sizes=\"(max-width: 750px) 100vw, 750px\" \/><\/p>\n<p><strong>Donn\u00e9es techniques de la locomotive \u00e9lectrique \u00e0 batterie 8t pour l'exploitation mini\u00e8re<\/strong><\/p>\n<p>Mod\u00e8le: CTY8\/610GB110<\/p>\n<p>La locomotive \u00e9lectrique de batterie 8t pour l'exploitation mini\u00e8re adopte une transmission m\u00e9canique \u00e0 une \u00e9tape. Ses caract\u00e9ristiques: traction, fonctionnement pratique, entretien simple, fonctionnement fiable, adapt\u00e9 au transport souterrain dans un environnement anti-explosion.<\/p>\n<p><img decoding=\"async\" class=\"alignnone wp-image-1309 size-full\" src=\"http:\/\/www.zongdamining.com\/wp-content\/uploads\/2022\/12\/202004211059043a4360655b314305aeb90210922132fe.jpg\" alt=\"\" width=\"750\" height=\"666\" srcset=\"https:\/\/www.zongdamining.com\/wp-content\/uploads\/2022\/12\/202004211059043a4360655b314305aeb90210922132fe.jpg 750w, https:\/\/www.zongdamining.com\/wp-content\/uploads\/2022\/12\/202004211059043a4360655b314305aeb90210922132fe-300x266.jpg 300w, https:\/\/www.zongdamining.com\/wp-content\/uploads\/2022\/12\/202004211059043a4360655b314305aeb90210922132fe-600x533.jpg 600w\" sizes=\"(max-width: 750px) 100vw, 750px\" \/><\/p>\n<p><strong>Donn\u00e9es techniques de la locomotive \u00e9lectrique \u00e0 batterie 8t pour l'exploitation mini\u00e8re<\/strong><\/p>\n<p>&nbsp;<\/p>\n<div class=\"table-responsive\">\n<table class=\"table\" border=\"0\" width=\"100%\" cellspacing=\"0\" cellpadding=\"0\">\n<tbody>\n<tr class=\"firstRow\">\n<td colspan=\"3\" width=\"650\">Mod\u00e8le: CTY8\/610GB110<\/td>\n<\/tr>\n<tr>\n<td width=\"243\">Poids adh\u00e9sif<\/td>\n<td width=\"189\">t<\/td>\n<td width=\"217\">8<\/td>\n<\/tr>\n<tr>\n<td width=\"243\">Gauge<\/td>\n<td width=\"189\">mm<\/td>\n<td width=\"217\">610<\/td>\n<\/tr>\n<tr>\n<td width=\"243\">Tension nominale<\/td>\n<td width=\"189\">v<\/td>\n<td width=\"217\">110<\/td>\n<\/tr>\n<tr>\n<td width=\"243\">Force de traction nominale heure<\/td>\n<td width=\"189\">KN<\/td>\n<td width=\"217\">11.8<\/td>\n<\/tr>\n<tr>\n<td width=\"243\">Heure Vitesse nominale<\/td>\n<td width=\"189\">Km\/h<\/td>\n<td width=\"217\">6.2<\/td>\n<\/tr>\n<tr>\n<td width=\"243\">Moteur \u00e9lectrique et puissance<\/td>\n<td width=\"189\">kW<\/td>\n<td width=\"217\">11*2<\/td>\n<\/tr>\n<tr>\n<td width=\"243\">Batterie<\/td>\n<td width=\"189\">du D-44KT<\/td>\n<td width=\"217\">55 pi\u00e8ces<\/td>\n<\/tr>\n<tr>\n<td width=\"243\">Base de roue<\/td>\n<td width=\"189\">mm<\/td>\n<td width=\"217\">1100<\/td>\n<\/tr>\n<tr>\n<td width=\"243\">Min. rayon de courbure<\/td>\n<td width=\"189\">m<\/td>\n<td width=\"217\">7<\/td>\n<\/tr>\n<tr>\n<td width=\"243\">Dia. De roue<\/td>\n<td width=\"189\">mm<\/td>\n<td width=\"217\">680<\/td>\n<\/tr>\n<tr>\n<td width=\"243\">Type de contr\u00f4le<\/td>\n<td width=\"189\"><\/td>\n<td width=\"217\">Contr\u00f4le chopper<\/td>\n<\/tr>\n<tr>\n<td width=\"243\">Type de frein<\/td>\n<td width=\"189\"><\/td>\n<td width=\"217\">frein m\u00e9canique<\/td>\n<\/tr>\n<tr>\n<td width=\"243\">Type d'entra\u00eenement<\/td>\n<td width=\"189\"><\/td>\n<td width=\"217\">Bo\u00eete de vitesses Single Stage Drive<\/td>\n<\/tr>\n<tr>\n<td width=\"243\">Hauteur de traction<\/td>\n<td width=\"189\">mm<\/td>\n<td width=\"217\">320, 430<\/td>\n<\/tr>\n<tr>\n<td width=\"243\">Dimension ext\u00e9rieure<\/td>\n<td width=\"189\">mm<\/td>\n<td width=\"217\">L : 4450mm<br \/>\nL : 1060mm<br \/>\nH : 1600mm<\/td>\n<\/tr>\n<\/tbody>\n<\/table>\n<\/div>\n<p>&nbsp;<\/p>\n<p><img decoding=\"async\" class=\"alignnone wp-image-1310 size-full\" src=\"http:\/\/www.zongdamining.com\/wp-content\/uploads\/2022\/12\/2020042111003447a494a9a1fc4bce8872cfee49ab7274.jpg\" alt=\"\" width=\"750\" height=\"629\" srcset=\"https:\/\/www.zongdamining.com\/wp-content\/uploads\/2022\/12\/2020042111003447a494a9a1fc4bce8872cfee49ab7274.jpg 750w, https:\/\/www.zongdamining.com\/wp-content\/uploads\/2022\/12\/2020042111003447a494a9a1fc4bce8872cfee49ab7274-300x252.jpg 300w, https:\/\/www.zongdamining.com\/wp-content\/uploads\/2022\/12\/2020042111003447a494a9a1fc4bce8872cfee49ab7274-600x503.jpg 600w\" sizes=\"(max-width: 750px) 100vw, 750px\" \/><\/p>","protected":false},"excerpt":{"rendered":"<p>La locomotive \u00e9lectrique de batterie 8t pour l'exploitation mini\u00e8re adopte une transmission m\u00e9canique \u00e0 une \u00e9tape. Ses caract\u00e9ristiques: traction, fonctionnement pratique, entretien simple, fonctionnement fiable, adapt\u00e9 au transport souterrain dans un environnement anti-explosion.<\/p>","protected":false},"featured_media":1311,"comment_status":"open","ping_status":"closed","template":"","meta":{"_acf_changed":false},"product_brand":[],"product_cat":[27],"product_tag":[],"class_list":{"0":"post-1308","1":"product","2":"type-product","3":"status-publish","4":"has-post-thumbnail","6":"product_cat-underground-mining-locomotives","8":"first","9":"instock","10":"shipping-taxable","11":"product-type-simple"},"acf":[],"_links":{"self":[{"href":"https:\/\/www.zongdamining.com\/fr\/wp-json\/wp\/v2\/product\/1308","targetHints":{"allow":["GET"]}}],"collection":[{"href":"https:\/\/www.zongdamining.com\/fr\/wp-json\/wp\/v2\/product"}],"about":[{"href":"https:\/\/www.zongdamining.com\/fr\/wp-json\/wp\/v2\/types\/product"}],"replies":[{"embeddable":true,"href":"https:\/\/www.zongdamining.com\/fr\/wp-json\/wp\/v2\/comments?post=1308"}],"wp:featuredmedia":[{"embeddable":true,"href":"https:\/\/www.zongdamining.com\/fr\/wp-json\/wp\/v2\/media\/1311"}],"wp:attachment":[{"href":"https:\/\/www.zongdamining.com\/fr\/wp-json\/wp\/v2\/media?parent=1308"}],"wp:term":[{"taxonomy":"product_brand","embeddable":true,"href":"https:\/\/www.zongdamining.com\/fr\/wp-json\/wp\/v2\/product_brand?post=1308"},{"taxonomy":"product_cat","embeddable":true,"href":"https:\/\/www.zongdamining.com\/fr\/wp-json\/wp\/v2\/product_cat?post=1308"},{"taxonomy":"product_tag","embeddable":true,"href":"https:\/\/www.zongdamining.com\/fr\/wp-json\/wp\/v2\/product_tag?post=1308"}],"curies":[{"name":"WP","href":"https:\/\/api.w.org\/{rel}","templated":true}]}}