{"id":1329,"date":"2022-12-12T12:26:07","date_gmt":"2022-12-12T04:26:07","guid":{"rendered":"http:\/\/www.zongdamining.com\/?post_type=product&#038;p=1329"},"modified":"2022-12-12T15:16:07","modified_gmt":"2022-12-12T07:16:07","slug":"diesel-chinese-engine-underground-mining-dump-truck","status":"publish","type":"product","link":"https:\/\/www.zongdamining.com\/fr\/product\/diesel-chinese-engine-underground-mining-dump-truck\/","title":{"rendered":"Diesel chinois moteur minier souterrain camion \u00e0 virure"},"content":{"rendered":"<p><img fetchpriority=\"high\" decoding=\"async\" class=\"alignnone wp-image-1332 size-full\" src=\"http:\/\/www.zongdamining.com\/wp-content\/uploads\/2022\/12\/diesel-chinese-engine-underground-mining-dump20550619451.jpg\" alt=\"\" width=\"730\" height=\"730\" srcset=\"https:\/\/www.zongdamining.com\/wp-content\/uploads\/2022\/12\/diesel-chinese-engine-underground-mining-dump20550619451.jpg 730w, https:\/\/www.zongdamining.com\/wp-content\/uploads\/2022\/12\/diesel-chinese-engine-underground-mining-dump20550619451-300x300.jpg 300w, https:\/\/www.zongdamining.com\/wp-content\/uploads\/2022\/12\/diesel-chinese-engine-underground-mining-dump20550619451-150x150.jpg 150w, https:\/\/www.zongdamining.com\/wp-content\/uploads\/2022\/12\/diesel-chinese-engine-underground-mining-dump20550619451-600x600.jpg 600w, https:\/\/www.zongdamining.com\/wp-content\/uploads\/2022\/12\/diesel-chinese-engine-underground-mining-dump20550619451-100x100.jpg 100w\" sizes=\"(max-width: 730px) 100vw, 730px\" \/><\/p>\n<p><strong>Environnement d'application<\/strong><\/p>\n<p>1. Il peut \u00eatre utilis\u00e9 \u00e0 temp\u00e9rature ambiante (- 15 \u2103 ~ 40 \u2103).<\/p>\n<p>2. Il est utilis\u00e9 dans les zones \u00e0 une altitude ne d\u00e9passant pas (2000) M.<\/p>\n<p>3. Utilisation normale dans l'environnement avec une humidit\u00e9 ne d\u00e9passant pas 95% (25 \u2103).<\/p>\n<p>4. Il peut \u00eatre utilis\u00e9 normalement dans les mines m\u00e9talliques ou non m\u00e9talliques.<\/p>\n<p>5. Il devrait y avoir une capacit\u00e9 de ventilation suffisante sous la mine et sa composition de l &apos; air ambiant devrait r\u00e9pondre aux exigences de  &lt; les r\u00e8glements de s\u00e9curit\u00e9 pour les mines m\u00e9talliques et non m\u00e9talliques &gt;  &gt; (2006).<\/p>\n<p><strong>Param\u00e8tres techniques principaux<\/strong><\/p>\n<p>&nbsp;<\/p>\n<table class=\"table\" border=\"0\" width=\"100%\" cellspacing=\"0\" cellpadding=\"0\">\n<tbody>\n<tr class=\"firstRow\">\n<td width=\"52\"><strong>Non, non.<\/strong><\/td>\n<td colspan=\"2\" width=\"212\"><strong>OPTIONS<\/strong><\/td>\n<td colspan=\"2\" width=\"280\"><strong>Sp\u00e9cification<\/strong><\/td>\n<\/tr>\n<tr>\n<td align=\"center\" valign=\"middle\" width=\"52\">1<\/td>\n<td colspan=\"2\" align=\"center\" valign=\"middle\" width=\"212\">Type<\/td>\n<td colspan=\"2\" width=\"280\">Royaume-Uni-20<\/td>\n<\/tr>\n<tr>\n<td align=\"center\" valign=\"middle\" width=\"52\">2<\/td>\n<td colspan=\"2\" align=\"center\" valign=\"middle\" width=\"212\">Charge nominale (kg)<\/td>\n<td colspan=\"2\" width=\"280\">20000<\/td>\n<\/tr>\n<tr>\n<td align=\"center\" valign=\"middle\" width=\"52\">3<\/td>\n<td colspan=\"2\" align=\"center\" valign=\"middle\" width=\"212\">Poids de freinage (kg)<\/td>\n<td colspan=\"2\" width=\"280\">13000<\/td>\n<\/tr>\n<tr>\n<td align=\"center\" valign=\"middle\" width=\"52\">4<\/td>\n<td colspan=\"2\" align=\"center\" valign=\"middle\" width=\"212\">Dimensions globales (L \u00d7 L \u00d7 H) (mm)<\/td>\n<td colspan=\"2\" width=\"280\">7656\u00d72570\u00d72573<\/td>\n<\/tr>\n<tr>\n<td align=\"center\" valign=\"middle\" width=\"52\">5<\/td>\n<td colspan=\"2\" align=\"center\" valign=\"middle\" width=\"212\">Traction maximale (KN)<\/td>\n<td colspan=\"2\" width=\"280\">198<\/td>\n<\/tr>\n<tr>\n<td align=\"center\" valign=\"middle\" width=\"52\">6<\/td>\n<td colspan=\"2\" align=\"center\" valign=\"middle\" width=\"212\">Mode de conduite<\/td>\n<td colspan=\"2\" width=\"280\">6\u00d74 Chaque roue motrice<\/td>\n<\/tr>\n<tr>\n<td align=\"center\" valign=\"middle\" width=\"52\">7<\/td>\n<td colspan=\"2\" align=\"center\" valign=\"middle\" width=\"212\">Mode de transmission<\/td>\n<td colspan=\"2\" width=\"280\">Moteur m\u00e9canique<\/td>\n<\/tr>\n<tr>\n<td align=\"center\" valign=\"middle\" width=\"52\">8<\/td>\n<td colspan=\"2\" align=\"center\" valign=\"middle\" width=\"212\">D\u00e9gagement minimum au sol (mm)<\/td>\n<td colspan=\"2\" width=\"280\">280<\/td>\n<\/tr>\n<tr>\n<td rowspan=\"2\" align=\"center\" valign=\"middle\" width=\"52\">9<\/td>\n<td rowspan=\"2\" align=\"center\" valign=\"middle\" width=\"123\">Mode de freinage<\/td>\n<td align=\"center\" valign=\"middle\" width=\"89\">Freinage de travail<\/td>\n<td colspan=\"2\" width=\"280\">Frein \u00e0 ressort, lib\u00e9ration hydraulique<\/td>\n<\/tr>\n<tr>\n<td align=\"center\" valign=\"middle\" width=\"89\">Frein de stationnement<\/td>\n<td colspan=\"2\" width=\"280\">Frein \u00e0 ressort, lib\u00e9ration hydraulique<\/td>\n<\/tr>\n<tr>\n<td align=\"center\" valign=\"middle\" width=\"52\">10<\/td>\n<td colspan=\"2\" align=\"center\" valign=\"middle\" width=\"212\">Capacit\u00e9 d'escalade (\u00b0) (longitudinale \/ transversale)<\/td>\n<td colspan=\"2\" width=\"280\">14\/5<\/td>\n<\/tr>\n<tr>\n<td align=\"center\" valign=\"middle\" width=\"52\">11<\/td>\n<td colspan=\"2\" align=\"center\" valign=\"middle\" width=\"212\">Emphase sur roues (mm)<\/td>\n<td colspan=\"2\" width=\"280\">3650+1350<\/td>\n<\/tr>\n<tr>\n<td align=\"center\" valign=\"middle\" width=\"52\">12<\/td>\n<td colspan=\"2\" align=\"center\" valign=\"middle\" width=\"212\">Largeur de piste (avant \/ arri\u00e8re) (mm)<\/td>\n<td colspan=\"2\" width=\"280\">2060\/1860<\/td>\n<\/tr>\n<tr>\n<td rowspan=\"2\" align=\"center\" valign=\"middle\" width=\"52\">13<\/td>\n<td rowspan=\"2\" align=\"center\" valign=\"middle\" width=\"123\">Raison minimum de capacit\u00e9 de passage (mm)<\/td>\n<td align=\"center\" valign=\"middle\" width=\"89\">\u00e0 l'int\u00e9rieur<\/td>\n<td colspan=\"2\" width=\"280\">5600<\/td>\n<\/tr>\n<tr>\n<td align=\"center\" valign=\"middle\" width=\"89\">En dehors<\/td>\n<td colspan=\"2\" width=\"280\">9500<\/td>\n<\/tr>\n<tr>\n<td rowspan=\"6\" align=\"center\" valign=\"middle\" width=\"52\">14<\/td>\n<td colspan=\"2\" rowspan=\"6\" align=\"center\" valign=\"middle\" width=\"212\">Vitesse de d\u00e9placement (km \/ h) (pavement sec et dur)<\/td>\n<td width=\"136\">I<\/td>\n<td width=\"144\">7.2<\/td>\n<\/tr>\n<tr>\n<td width=\"136\">II<\/td>\n<td width=\"144\">12.2<\/td>\n<\/tr>\n<tr>\n<td width=\"136\">III<\/td>\n<td width=\"144\"><\/td>\n<\/tr>\n<tr>\n<td width=\"136\">IV<\/td>\n<td width=\"144\"><\/td>\n<\/tr>\n<tr>\n<td width=\"136\">V<\/td>\n<td width=\"144\"><\/td>\n<\/tr>\n<tr>\n<td width=\"136\">Engrenage inverse<\/td>\n<td width=\"144\"><\/td>\n<\/tr>\n<tr>\n<td align=\"center\" valign=\"middle\" width=\"52\">15<\/td>\n<td colspan=\"2\" align=\"center\" valign=\"middle\" width=\"212\">Norme d'\u00e9mission<\/td>\n<td colspan=\"2\" width=\"280\">Norme d'\u00e9mission GB 17691-2005 phase III<\/td>\n<\/tr>\n<tr>\n<td align=\"center\" valign=\"middle\" width=\"52\">16<\/td>\n<td colspan=\"2\" align=\"center\" valign=\"middle\" width=\"212\">Mode de d\u00e9marrage<\/td>\n<td colspan=\"2\" width=\"280\">D\u00e9marrage \u00e9lectrique<\/td>\n<\/tr>\n<tr>\n<td align=\"center\" valign=\"middle\" width=\"52\">17<\/td>\n<td colspan=\"2\" align=\"center\" valign=\"middle\" width=\"212\">Adapter \u00e0 la plage de temp\u00e9rature ambiante (\u00b0C)<\/td>\n<td colspan=\"2\" width=\"280\">-15\uff5e40<\/td>\n<\/tr>\n<tr>\n<td align=\"center\" valign=\"middle\" width=\"52\">18<\/td>\n<td colspan=\"2\" align=\"center\" valign=\"middle\" width=\"212\">Taille maximale non amovible (L \u00d7 L \u00d7 H) (mm)<\/td>\n<td colspan=\"2\" width=\"280\">5868\u00d72570\u00d71680<\/td>\n<\/tr>\n<tr>\n<td align=\"center\" valign=\"middle\" width=\"52\">19<\/td>\n<td colspan=\"2\" align=\"center\" valign=\"middle\" width=\"212\">Utilisation de pi\u00e8ces endommag\u00e9es et de pi\u00e8ces g\u00e9n\u00e9rales<\/td>\n<td colspan=\"2\" width=\"280\">Assurer l'interchangeabilit\u00e9 en utilisation<\/td>\n<\/tr>\n<tr>\n<td align=\"center\" valign=\"middle\" width=\"52\">20<\/td>\n<td colspan=\"2\" align=\"center\" valign=\"middle\" width=\"212\">C\u00e2ble \u00e0 \u00e9quipement \u00e9lectrique<\/td>\n<td colspan=\"2\" width=\"280\">La conception, la fabrication et l'installation des \u00e9quipements \u00e9lectriques de soutien doivent \u00eatre conformes aux dispositions pertinentes de GB5226.1<\/td>\n<\/tr>\n<tr>\n<td align=\"center\" valign=\"middle\" width=\"52\">21<\/td>\n<td colspan=\"2\" align=\"center\" valign=\"middle\" width=\"212\">Syst\u00e8me d'absorption des chocs<\/td>\n<td colspan=\"2\" width=\"280\">Suspension \u00e0 ressort \u00e0 feuille avant \/ arri\u00e8re<\/td>\n<\/tr>\n<tr>\n<td align=\"center\" valign=\"middle\" width=\"52\">22<\/td>\n<td colspan=\"2\" align=\"center\" valign=\"middle\" width=\"212\">Chassis<\/td>\n<td colspan=\"2\" width=\"280\">Autocontr\u00f4le<\/td>\n<\/tr>\n<tr>\n<td align=\"center\" valign=\"middle\" width=\"52\">23<\/td>\n<td colspan=\"2\" align=\"center\" valign=\"middle\" width=\"212\">Dispositif d'extinction d'incendie<\/td>\n<td colspan=\"2\" width=\"280\">Deux extincteurs portables \u00e0 poudre s\u00e8che de 4 kg<\/td>\n<\/tr>\n<tr>\n<td align=\"center\" valign=\"middle\" width=\"52\">24<\/td>\n<td colspan=\"2\" align=\"center\" valign=\"middle\" width=\"212\">Configuration de la queue<\/td>\n<td colspan=\"2\" width=\"280\">\u00c9quip\u00e9 de traction<\/td>\n<\/tr>\n<tr>\n<td align=\"center\" valign=\"middle\" width=\"52\">25<\/td>\n<td colspan=\"2\" align=\"center\" valign=\"middle\" width=\"212\">Couleur du corps<\/td>\n<td colspan=\"2\" width=\"280\">Ing\u00e9nierie jaune<\/td>\n<\/tr>\n<\/tbody>\n<\/table>\n<p>&nbsp;<\/p>\n<p>(2) Configuration de voiture et de cabine<\/p>\n<p>&nbsp;<\/p>\n<table class=\"table\" border=\"0\" width=\"100%\" cellspacing=\"0\" cellpadding=\"0\">\n<tbody>\n<tr class=\"firstRow\">\n<td width=\"53\"><strong>Non, non.<\/strong><\/td>\n<td width=\"204\"><strong>OPTIONS<\/strong><\/td>\n<td width=\"287\"><strong>Sp\u00e9cification<\/strong><\/td>\n<\/tr>\n<tr>\n<td align=\"center\" valign=\"middle\" width=\"53\">1<\/td>\n<td align=\"center\" valign=\"middle\" width=\"204\">Manipuler le contenu<\/td>\n<td width=\"287\">D\u00e9marrage, direction, acc\u00e9l\u00e9ration, travail et freinage d'urgence, changement de vitesse<\/td>\n<\/tr>\n<tr>\n<td align=\"center\" valign=\"middle\" width=\"53\">2<\/td>\n<td align=\"center\" valign=\"middle\" width=\"204\">Instrument d'affichage<\/td>\n<td width=\"287\">Volume d'huile, vitesse, vitesse, feu de d\u00e9faillance du moteur, manom\u00e8tre du syst\u00e8me, manom\u00e8tre du frein<\/td>\n<\/tr>\n<tr>\n<td align=\"center\" valign=\"middle\" width=\"53\">3<\/td>\n<td align=\"center\" valign=\"middle\" width=\"204\">Porte de voiture<\/td>\n<td width=\"287\">Porte unique<\/td>\n<\/tr>\n<tr>\n<td align=\"center\" valign=\"middle\" width=\"53\">4<\/td>\n<td align=\"center\" valign=\"middle\" width=\"204\">Dispositif d'avertissement<\/td>\n<td width=\"287\">Mettre en place des panneaux d'avertissement, qui comprennent principalement: des \u00e9l\u00e9ments d'avertissement pendant la conduite, des \u00e9l\u00e9ments d'avertissement pendant le d\u00e9marrage et l'arr\u00eat, des conseils de fonctionnement n\u00e9cessaires pour le freinage, etc.<\/td>\n<\/tr>\n<tr>\n<td align=\"center\" valign=\"middle\" width=\"53\">5<\/td>\n<td align=\"center\" valign=\"middle\" width=\"204\">chauffage<\/td>\n<td width=\"287\">Oui<\/td>\n<\/tr>\n<tr>\n<td align=\"center\" valign=\"middle\" width=\"53\">6<\/td>\n<td align=\"center\" valign=\"middle\" width=\"204\">Climatisation<\/td>\n<td width=\"287\">Oui<\/td>\n<\/tr>\n<\/tbody>\n<\/table>\n<p>&nbsp;<\/p>\n<p>(3) Syst\u00e8me de moteur diesel<\/p>\n<p>&nbsp;<\/p>\n<table class=\"table\" border=\"0\" width=\"100%\" cellspacing=\"0\" cellpadding=\"0\">\n<tbody>\n<tr class=\"firstRow\">\n<td width=\"52\"><strong>- Non, non.<\/strong><\/td>\n<td width=\"204\"><strong>Options<\/strong><\/td>\n<td width=\"289\"><strong>Sp\u00e9cification<\/strong><\/td>\n<\/tr>\n<tr>\n<td align=\"center\" valign=\"middle\" width=\"52\">1<\/td>\n<td align=\"center\" valign=\"middle\" width=\"204\">Type<\/td>\n<td width=\"289\">YC6L290-T300<\/td>\n<\/tr>\n<tr>\n<td align=\"center\" valign=\"middle\" width=\"52\">2<\/td>\n<td align=\"center\" valign=\"middle\" width=\"204\">Disposition de cylindre<\/td>\n<td width=\"289\">En ligne<\/td>\n<\/tr>\n<tr>\n<td align=\"center\" valign=\"middle\" width=\"52\">3<\/td>\n<td align=\"center\" valign=\"middle\" width=\"204\">(kW\/tr\/min)<\/td>\n<td width=\"289\">213\/2200<\/td>\n<\/tr>\n<tr>\n<td align=\"center\" valign=\"middle\" width=\"52\">4<\/td>\n<td align=\"center\" valign=\"middle\" width=\"204\">Couple maximum (nm) \/ vitesse (r \/ min)<\/td>\n<td width=\"289\">1100\/1200-1400<\/td>\n<\/tr>\n<tr>\n<td align=\"center\" valign=\"middle\" width=\"52\">5<\/td>\n<td align=\"center\" valign=\"middle\" width=\"204\">Direction de rotation (face au volant)<\/td>\n<td width=\"289\">Dans le sens antihoraire<\/td>\n<\/tr>\n<tr>\n<td align=\"center\" valign=\"middle\" width=\"52\">6<\/td>\n<td align=\"center\" valign=\"middle\" width=\"204\">Vitesse de fonctionnement stable minimale (r\/min)<\/td>\n<td width=\"289\">600-650<\/td>\n<\/tr>\n<tr>\n<td align=\"center\" valign=\"middle\" width=\"52\">7<\/td>\n<td align=\"center\" valign=\"middle\" width=\"204\">D\u00e9placement (L)<\/td>\n<td width=\"289\">8.424<\/td>\n<\/tr>\n<tr>\n<td align=\"center\" valign=\"middle\" width=\"52\">8<\/td>\n<td align=\"center\" valign=\"middle\" width=\"204\">Taux moyen de consommation de carburant (g\/KWh)<\/td>\n<td width=\"289\">210<\/td>\n<\/tr>\n<tr>\n<td align=\"center\" valign=\"middle\" width=\"52\">9<\/td>\n<td align=\"center\" valign=\"middle\" width=\"204\">Nombre de cylindres &#8211; al\u00e9sage \/ course (mm)<\/td>\n<td width=\"289\">6-113\/140<\/td>\n<\/tr>\n<tr>\n<td align=\"center\" valign=\"middle\" width=\"52\">10<\/td>\n<td align=\"center\" valign=\"middle\" width=\"204\">Ratio de compression<\/td>\n<td width=\"289\">17.5\uff1a1<\/td>\n<\/tr>\n<tr>\n<td align=\"center\" valign=\"middle\" width=\"52\">11<\/td>\n<td align=\"center\" valign=\"middle\" width=\"204\">Mode d'admission<\/td>\n<td width=\"289\">Turbo<\/td>\n<\/tr>\n<tr>\n<td align=\"center\" valign=\"middle\" width=\"52\">12<\/td>\n<td align=\"center\" valign=\"middle\" width=\"204\">Sp\u00e9cification du carburant<\/td>\n<td width=\"289\">0~35#Diesel<\/td>\n<\/tr>\n<tr>\n<td align=\"center\" valign=\"middle\" width=\"52\">13<\/td>\n<td align=\"center\" valign=\"middle\" width=\"204\">Mode de d\u00e9marrage<\/td>\n<td width=\"289\">D\u00e9marrage \u00e9lectrique<\/td>\n<\/tr>\n<\/tbody>\n<\/table>\n<p>&nbsp;<\/p>\n<p>(4) Syst\u00e8me d'entra\u00eenement<\/p>\n<p>&nbsp;<\/p>\n<table class=\"table\" border=\"0\" width=\"100%\" cellspacing=\"0\" cellpadding=\"0\">\n<tbody>\n<tr class=\"firstRow\">\n<td width=\"52\"><strong>- Non, non.<\/strong><\/td>\n<td width=\"204\"><strong>Options<\/strong><\/td>\n<td width=\"288\"><strong>Sp\u00e9cification<\/strong><\/td>\n<\/tr>\n<tr>\n<td align=\"center\" valign=\"middle\" width=\"52\">1<\/td>\n<td align=\"center\" valign=\"middle\" width=\"204\">Taille et mod\u00e8le de pneu (avant \/ arri\u00e8re)<\/td>\n<td width=\"288\">10.00-20-24PR<\/td>\n<\/tr>\n<tr>\n<td align=\"center\" valign=\"middle\" width=\"52\">2<\/td>\n<td align=\"center\" valign=\"middle\" width=\"204\">Type de pneu (avant \/ arri\u00e8re)<\/td>\n<td width=\"288\">Pneumatique radial<\/td>\n<\/tr>\n<\/tbody>\n<\/table>\n<p>&nbsp;<\/p>\n<p>(5) Assemblage de frein<\/p>\n<p>&nbsp;<\/p>\n<table class=\"table\" border=\"0\" width=\"100%\" cellspacing=\"0\" cellpadding=\"0\">\n<tbody>\n<tr class=\"firstRow\">\n<td width=\"52\"><strong>Non, non.<\/strong><\/td>\n<td width=\"204\"><strong>Options<\/strong><\/td>\n<td width=\"288\"><strong>Sp\u00e9cification<\/strong><\/td>\n<\/tr>\n<tr>\n<td align=\"center\" valign=\"middle\" width=\"52\">1<\/td>\n<td align=\"center\" valign=\"middle\" width=\"204\">Type de frein de travail \/ d'urgence \/ de stationnement<\/td>\n<td width=\"288\">Frein humide \u00e0 disques multiples<\/td>\n<\/tr>\n<tr>\n<td align=\"center\" valign=\"middle\" width=\"52\">2<\/td>\n<td align=\"center\" valign=\"middle\" width=\"204\">frein<\/td>\n<td width=\"288\">Int\u00e9gr\u00e9 au pont<\/td>\n<\/tr>\n<tr>\n<td align=\"center\" valign=\"middle\" width=\"52\">3<\/td>\n<td align=\"center\" valign=\"middle\" width=\"204\">Type de frein de service<\/td>\n<td width=\"288\">Frein \u00e0 ressort, lib\u00e9ration hydraulique<\/td>\n<\/tr>\n<tr>\n<td align=\"center\" valign=\"middle\" width=\"52\">4<\/td>\n<td align=\"center\" valign=\"middle\" width=\"204\">Type de frein d'urgence \/ de stationnement<\/td>\n<td width=\"288\">Frein \u00e0 ressort, lib\u00e9ration hydraulique<\/td>\n<\/tr>\n<tr>\n<td align=\"center\" valign=\"middle\" width=\"52\">5<\/td>\n<td align=\"center\" valign=\"middle\" width=\"204\">Distance de freinage 20km \/ h (m) (pavement sec et dur)<\/td>\n<td width=\"288\">\u2264 8<\/td>\n<\/tr>\n<\/tbody>\n<\/table>\n<p>&nbsp;<\/p>\n<p>(6) Syst\u00e8me hydraulique<\/p>\n<p>&nbsp;<\/p>\n<table class=\"table\" border=\"0\" width=\"100%\" cellspacing=\"0\" cellpadding=\"0\">\n<tbody>\n<tr class=\"firstRow\">\n<td width=\"49\"><strong>Non, non.<\/strong><\/td>\n<td width=\"216\"><strong>Options<\/strong><\/td>\n<td width=\"276\"><strong>Sp\u00e9cification<\/strong><\/td>\n<\/tr>\n<tr>\n<td align=\"center\" valign=\"middle\" width=\"49\">1<\/td>\n<td align=\"center\" valign=\"middle\" width=\"216\">Forme de pompe<\/td>\n<td width=\"276\">Pompe \u00e0 double engrenage<\/td>\n<\/tr>\n<tr>\n<td align=\"center\" valign=\"middle\" width=\"49\">2<\/td>\n<td align=\"center\" valign=\"middle\" width=\"216\">D\u00e9placement (avant \/ apr\u00e8s) (ml \/ R)<\/td>\n<td width=\"276\">52+14<\/td>\n<\/tr>\n<tr>\n<td align=\"center\" valign=\"middle\" width=\"49\">3<\/td>\n<td align=\"center\" valign=\"middle\" width=\"216\">Volume du r\u00e9servoir d'huile hydraulique (L)<\/td>\n<td width=\"276\">110<\/td>\n<\/tr>\n<tr>\n<td align=\"center\" valign=\"middle\" width=\"49\">4<\/td>\n<td align=\"center\" valign=\"middle\" width=\"216\">Mode de filtrage<\/td>\n<td width=\"276\">Filtration \u00e0 haute pression \/ filtration \u00e0 huile de retour<\/td>\n<\/tr>\n<tr>\n<td align=\"center\" valign=\"middle\" width=\"49\">5<\/td>\n<td align=\"center\" valign=\"middle\" width=\"216\">Pr\u00e9cision de filtration (\u03bc m) (\u03bc m)<\/td>\n<td width=\"276\">10\/20<\/td>\n<\/tr>\n<\/tbody>\n<\/table>\n<p>&nbsp;<\/p>\n<p>(7) Syst\u00e8me de direction<\/p>\n<p>&nbsp;<\/p>\n<table class=\"table\" border=\"0\" width=\"100%\" cellspacing=\"0\" cellpadding=\"0\">\n<tbody>\n<tr class=\"firstRow\">\n<td width=\"61\"><strong>Non, non.<\/strong><\/td>\n<td width=\"204\"><strong>Options<\/strong><\/td>\n<td width=\"273\"><strong>Sp\u00e9cification<\/strong><\/td>\n<\/tr>\n<tr>\n<td align=\"center\" valign=\"middle\" width=\"61\">1<\/td>\n<td align=\"center\" valign=\"middle\" width=\"204\">Mode de commande de la direction<\/td>\n<td width=\"273\"><\/td>\n<\/tr>\n<\/tbody>\n<\/table>\n<p>&nbsp;<\/p>\n<p>8) L'\u00e9clairage<\/p>\n<p>&nbsp;<\/p>\n<table class=\"table\" border=\"0\" width=\"100%\" cellspacing=\"0\" cellpadding=\"0\">\n<tbody>\n<tr class=\"firstRow\">\n<td width=\"60\"><strong>Non, non.<\/strong><\/td>\n<td width=\"203\"><strong>Options<\/strong><\/td>\n<td width=\"277\"><strong>Sp\u00e9cification<\/strong><\/td>\n<\/tr>\n<tr>\n<td align=\"center\" valign=\"middle\" width=\"60\">1<\/td>\n<td align=\"center\" valign=\"middle\" width=\"203\">Type de projecteur<\/td>\n<td width=\"277\">Haut et bas faisceau<\/td>\n<\/tr>\n<tr>\n<td align=\"center\" valign=\"middle\" width=\"60\">2<\/td>\n<td align=\"center\" valign=\"middle\" width=\"203\">Quantit\u00e9 (unit\u00e9)<\/td>\n<td width=\"277\">2<\/td>\n<\/tr>\n<tr>\n<td align=\"center\" valign=\"middle\" width=\"60\">3<\/td>\n<td align=\"center\" valign=\"middle\" width=\"203\">Indicateur de frein, signal de virage<\/td>\n<td width=\"277\">Oui<\/td>\n<\/tr>\n<tr>\n<td align=\"center\" valign=\"middle\" width=\"60\">4<\/td>\n<td align=\"center\" valign=\"middle\" width=\"203\">Lampe de retour (pi\u00e8ce)<\/td>\n<td width=\"277\">2<\/td>\n<\/tr>\n<\/tbody>\n<\/table>\n<p>&nbsp;<\/p>\n<p>(9) Dispositif d'avertissement de signal sonore<\/p>\n<table class=\"table\" border=\"0\" width=\"100%\" cellspacing=\"0\" cellpadding=\"0\">\n<tbody>\n<tr class=\"firstRow\">\n<td width=\"52\"><strong>Non, non.<\/strong><\/td>\n<td width=\"216\"><strong>Options<\/strong><\/td>\n<td width=\"276\"><strong>Sp\u00e9cification<\/strong><\/td>\n<\/tr>\n<tr>\n<td align=\"center\" valign=\"middle\" width=\"52\">1<\/td>\n<td align=\"center\" valign=\"middle\" width=\"216\">Type<\/td>\n<td width=\"276\">Corne \u00e9lectrique<\/td>\n<\/tr>\n<tr>\n<td align=\"center\" valign=\"middle\" width=\"52\">2<\/td>\n<td align=\"center\" valign=\"middle\" width=\"216\">Mode de fonctionnement<\/td>\n<td width=\"276\">Bouton manuel sur le volant<\/td>\n<\/tr>\n<\/tbody>\n<\/table>","protected":false},"excerpt":{"rendered":"<p>1. Il peut \u00eatre utilis\u00e9 \u00e0 temp\u00e9rature ambiante (- 15 \u2103 ~ 40 \u2103).<br \/>\n2. Il est utilis\u00e9 dans les zones \u00e0 une altitude ne d\u00e9passant pas (2000) M.<\/p>","protected":false},"featured_media":1332,"comment_status":"open","ping_status":"closed","template":"","meta":{"_acf_changed":false},"product_brand":[],"product_cat":[15],"product_tag":[],"class_list":{"0":"post-1329","1":"product","2":"type-product","3":"status-publish","4":"has-post-thumbnail","6":"product_cat-trackless-mining-equipment","8":"first","9":"instock","10":"shipping-taxable","11":"product-type-simple"},"acf":[],"_links":{"self":[{"href":"https:\/\/www.zongdamining.com\/fr\/wp-json\/wp\/v2\/product\/1329","targetHints":{"allow":["GET"]}}],"collection":[{"href":"https:\/\/www.zongdamining.com\/fr\/wp-json\/wp\/v2\/product"}],"about":[{"href":"https:\/\/www.zongdamining.com\/fr\/wp-json\/wp\/v2\/types\/product"}],"replies":[{"embeddable":true,"href":"https:\/\/www.zongdamining.com\/fr\/wp-json\/wp\/v2\/comments?post=1329"}],"wp:featuredmedia":[{"embeddable":true,"href":"https:\/\/www.zongdamining.com\/fr\/wp-json\/wp\/v2\/media\/1332"}],"wp:attachment":[{"href":"https:\/\/www.zongdamining.com\/fr\/wp-json\/wp\/v2\/media?parent=1329"}],"wp:term":[{"taxonomy":"product_brand","embeddable":true,"href":"https:\/\/www.zongdamining.com\/fr\/wp-json\/wp\/v2\/product_brand?post=1329"},{"taxonomy":"product_cat","embeddable":true,"href":"https:\/\/www.zongdamining.com\/fr\/wp-json\/wp\/v2\/product_cat?post=1329"},{"taxonomy":"product_tag","embeddable":true,"href":"https:\/\/www.zongdamining.com\/fr\/wp-json\/wp\/v2\/product_tag?post=1329"}],"curies":[{"name":"WP","href":"https:\/\/api.w.org\/{rel}","templated":true}]}}