{"id":1330,"date":"2022-12-12T12:21:34","date_gmt":"2022-12-12T04:21:34","guid":{"rendered":"http:\/\/www.zongdamining.com\/?post_type=product&#038;p=1330"},"modified":"2022-12-12T12:21:34","modified_gmt":"2022-12-12T04:21:34","slug":"underground-exploration-drill-rig","status":"publish","type":"product","link":"https:\/\/www.zongdamining.com\/fr\/product\/underground-exploration-drill-rig\/","title":{"rendered":"Exploration souterraine Drill Rig"},"content":{"rendered":"<p><img fetchpriority=\"high\" decoding=\"async\" class=\"alignnone wp-image-1325 size-full\" src=\"http:\/\/www.zongdamining.com\/wp-content\/uploads\/2022\/12\/underground-exploration-drill-rig39180121774.jpg\" alt=\"\" width=\"730\" height=\"730\" srcset=\"https:\/\/www.zongdamining.com\/wp-content\/uploads\/2022\/12\/underground-exploration-drill-rig39180121774.jpg 730w, https:\/\/www.zongdamining.com\/wp-content\/uploads\/2022\/12\/underground-exploration-drill-rig39180121774-300x300.jpg 300w, https:\/\/www.zongdamining.com\/wp-content\/uploads\/2022\/12\/underground-exploration-drill-rig39180121774-150x150.jpg 150w, https:\/\/www.zongdamining.com\/wp-content\/uploads\/2022\/12\/underground-exploration-drill-rig39180121774-600x600.jpg 600w, https:\/\/www.zongdamining.com\/wp-content\/uploads\/2022\/12\/underground-exploration-drill-rig39180121774-100x100.jpg 100w\" sizes=\"(max-width: 730px) 100vw, 730px\" \/> <img decoding=\"async\" class=\"alignnone wp-image-1328 size-full\" src=\"http:\/\/www.zongdamining.com\/wp-content\/uploads\/2022\/12\/20200525174113c5d732f2484249c793c36cc2a061c5af.jpg\" alt=\"\" width=\"750\" height=\"610\" srcset=\"https:\/\/www.zongdamining.com\/wp-content\/uploads\/2022\/12\/20200525174113c5d732f2484249c793c36cc2a061c5af.jpg 750w, https:\/\/www.zongdamining.com\/wp-content\/uploads\/2022\/12\/20200525174113c5d732f2484249c793c36cc2a061c5af-300x244.jpg 300w, https:\/\/www.zongdamining.com\/wp-content\/uploads\/2022\/12\/20200525174113c5d732f2484249c793c36cc2a061c5af-600x488.jpg 600w\" sizes=\"(max-width: 750px) 100vw, 750px\" \/><\/p>\n<p><strong>Caract\u00e9ristiques du produit<\/strong><\/p>\n<p>1, la t\u00eate de puissance avec le ressort m\u00e9canique et le bloc de c\u00f4ne de serrage \/ mode de lib\u00e9ration hydraulique, serre de mani\u00e8re fiable pour un long cycle d'entretien.<\/p>\n<p>2, le syst\u00e8me d'alimentation est entra\u00een\u00e9 directement par le cylindre, de sorte que la structure est simple et compacte, et la force d'alimentation \/ de traction est plus grande.<\/p>\n<p>3, syst\u00e8me hydraulique sensible \u00e0 la charge, \u00e9conomie d'\u00e9nergie et protection de l'environnement;<\/p>\n<p>4, base hydraulique standard qui peut r\u00e9aliser 0-180 \u00b0 ajustement d'inclinaison, pratique, rapide et fiable.<\/p>\n<p>5, treuil de noyau hydraulique\/\u00e9lectrique facultatif;<\/p>\n<p>6, panneau de commande ergonomique peut atteindre le contr\u00f4le centralis\u00e9 et les param\u00e8tres de forage montrent. L'op\u00e9ration est pratique, s\u00fbre et fiable sous une faible intensit\u00e9 de travail.<\/p>\n<p>&nbsp;<\/p>\n<table class=\"table\" border=\"0\" width=\"100%\" cellspacing=\"0\" cellpadding=\"0\">\n<tbody>\n<tr class=\"firstRow\">\n<td colspan=\"2\" width=\"521\"><strong>Param\u00e8tres techniques<\/strong><\/td>\n<\/tr>\n<tr>\n<td width=\"317\">Capacit\u00e9 de forage<\/td>\n<td width=\"203\">850 m *<\/td>\n<\/tr>\n<tr>\n<td width=\"317\">Plage d'ouverture<\/td>\n<td width=\"203\">BQ-HQ<\/td>\n<\/tr>\n<tr>\n<td width=\"317\">Couple maximum<\/td>\n<td width=\"203\">700 Nm<\/td>\n<\/tr>\n<tr>\n<td width=\"317\">Vitesse maximale<\/td>\n<td width=\"203\">1000 r\/min<\/td>\n<\/tr>\n<tr>\n<td width=\"317\">Force d'alimentation<\/td>\n<td width=\"203\">65 KN<\/td>\n<\/tr>\n<tr>\n<td width=\"317\">Tirez en haut<\/td>\n<td width=\"203\">65 KN<\/td>\n<\/tr>\n<tr>\n<td width=\"317\">Course d'alimentation<\/td>\n<td width=\"203\">1600 mm<\/td>\n<\/tr>\n<tr>\n<td width=\"317\">Angle de forage<\/td>\n<td width=\"203\">0-180\u00b0<\/td>\n<\/tr>\n<tr>\n<td width=\"317\">Puissance du moteur<\/td>\n<td width=\"203\">55 kilowatts<\/td>\n<\/tr>\n<tr>\n<td width=\"317\">Longueur de l'h\u00f4te<\/td>\n<td width=\"203\">3200 mm<\/td>\n<\/tr>\n<tr>\n<td width=\"317\">Largeur de l'h\u00f4te<\/td>\n<td width=\"203\">1500 mm<\/td>\n<\/tr>\n<tr>\n<td width=\"317\">Hauteur de l'h\u00f4te<\/td>\n<td width=\"203\">1500 mm<\/td>\n<\/tr>\n<tr>\n<td width=\"317\">Poids de l'h\u00f4te<\/td>\n<td width=\"203\">1.2 t<\/td>\n<\/tr>\n<\/tbody>\n<\/table>\n<p>&nbsp;<\/p>\n<p>* Remarque: Les donn\u00e9es du tableau sont les donn\u00e9es de forage vertical vers le bas de l'ouverture BQ dans la roche homog\u00e8ne, \u00e0 titre de r\u00e9f\u00e9rence seulement.<\/p>\n<p>La relation entre la profondeur de forage, le diam\u00e8tre de forage et le mat\u00e9riau de l'arbre de forage<\/p>\n<p>&nbsp;<\/p>\n<table class=\"table\" border=\"0\" width=\"100%\" cellspacing=\"0\" cellpadding=\"0\">\n<tbody>\n<tr class=\"firstRow\">\n<td rowspan=\"2\" width=\"108\"><strong>Diam\u00e8tre du trou de forage<\/strong><strong>(<\/strong><strong>mm<\/strong><strong>) et<\/strong><\/td>\n<td rowspan=\"2\" width=\"108\"><strong>Diam\u00e8tre de la tige<\/strong><strong>(<\/strong><strong>mm<\/strong><strong>) et<\/strong><\/td>\n<td rowspan=\"2\" width=\"108\"><strong>Mat\u00e9riel de la tige<\/strong><\/td>\n<td colspan=\"3\" width=\"324\"><strong>Profondeur de forage<\/strong><strong>(<\/strong><strong>m<\/strong><strong>) et<\/strong><\/td>\n<\/tr>\n<tr>\n<td width=\"108\"><strong>En bas du trou<\/strong><\/td>\n<td width=\"108\"><strong>Niveau de l'eau<\/strong><\/td>\n<td width=\"108\"><strong>Uphole<\/strong><\/td>\n<\/tr>\n<tr>\n<td nowrap=\"nowrap\" width=\"108\">95 (Si\u00e8ge)<\/td>\n<td nowrap=\"nowrap\" width=\"108\">89<\/td>\n<td nowrap=\"nowrap\" width=\"108\">acier<\/td>\n<td nowrap=\"nowrap\" width=\"108\">400<\/td>\n<td nowrap=\"nowrap\" width=\"108\">300<\/td>\n<td nowrap=\"nowrap\" width=\"108\">200<\/td>\n<\/tr>\n<tr>\n<td nowrap=\"nowrap\" width=\"108\">75 (NQ)<\/td>\n<td nowrap=\"nowrap\" width=\"108\">71<\/td>\n<td nowrap=\"nowrap\" width=\"108\">acier<\/td>\n<td nowrap=\"nowrap\" width=\"108\">600<\/td>\n<td nowrap=\"nowrap\" width=\"108\">400<\/td>\n<td nowrap=\"nowrap\" width=\"108\">300<\/td>\n<\/tr>\n<tr>\n<td nowrap=\"nowrap\" width=\"108\">59 (BQ)<\/td>\n<td nowrap=\"nowrap\" width=\"108\">55.5<\/td>\n<td nowrap=\"nowrap\" width=\"108\">acier<\/td>\n<td nowrap=\"nowrap\" width=\"108\">850<\/td>\n<td nowrap=\"nowrap\" width=\"108\">550<\/td>\n<td nowrap=\"nowrap\" width=\"108\">400<\/td>\n<\/tr>\n<\/tbody>\n<\/table>\n<p>&nbsp;<\/p>\n<p><strong>Corps principal<\/strong><\/p>\n<p>Le corps principal est compos\u00e9 de cadre d'alimentation, unit\u00e9 de rotation, support de base de tige, cylindre, etc.  It&#8217; s facile \u00e0 d\u00e9monter et \u00e0 assembler. Gr\u00e2ce \u00e0 la base hydraulique standard qui peut r\u00e9aliser un ajustement d'inclinaison de 0 \u00e0 180\u00b0.<\/p>\n<p><img decoding=\"async\" class=\"alignnone wp-image-1326 size-full\" src=\"http:\/\/www.zongdamining.com\/wp-content\/uploads\/2022\/12\/202005251741162d4a18ffb5364d82b763a60cc0e60d23.jpg\" alt=\"\" width=\"750\" height=\"750\" srcset=\"https:\/\/www.zongdamining.com\/wp-content\/uploads\/2022\/12\/202005251741162d4a18ffb5364d82b763a60cc0e60d23.jpg 750w, https:\/\/www.zongdamining.com\/wp-content\/uploads\/2022\/12\/202005251741162d4a18ffb5364d82b763a60cc0e60d23-300x300.jpg 300w, https:\/\/www.zongdamining.com\/wp-content\/uploads\/2022\/12\/202005251741162d4a18ffb5364d82b763a60cc0e60d23-150x150.jpg 150w, https:\/\/www.zongdamining.com\/wp-content\/uploads\/2022\/12\/202005251741162d4a18ffb5364d82b763a60cc0e60d23-600x600.jpg 600w, https:\/\/www.zongdamining.com\/wp-content\/uploads\/2022\/12\/202005251741162d4a18ffb5364d82b763a60cc0e60d23-100x100.jpg 100w\" sizes=\"(max-width: 750px) 100vw, 750px\" \/><\/p>\n<p>La conception du panneau de commande est simple et facile \u00e0 utiliser.<\/p>\n<p><strong>Unit\u00e9 d'alimentation<\/strong><\/p>\n<p>L'unit\u00e9 d'alimentation de la plate-forme de forage d'exploration souterraine est mont\u00e9e sur un cadre mont\u00e9, qui est facile \u00e0 d\u00e9placer et peut \u00eatre \u00e0 une distance du corps de travail lorsqu'il fonctionne.<\/p>\n<p><img loading=\"lazy\" decoding=\"async\" class=\"alignnone wp-image-1327 size-full\" src=\"http:\/\/www.zongdamining.com\/wp-content\/uploads\/2022\/12\/20200525174119a654a8feb4454a149963e7607aa74021.jpg\" alt=\"\" width=\"750\" height=\"680\" srcset=\"https:\/\/www.zongdamining.com\/wp-content\/uploads\/2022\/12\/20200525174119a654a8feb4454a149963e7607aa74021.jpg 750w, https:\/\/www.zongdamining.com\/wp-content\/uploads\/2022\/12\/20200525174119a654a8feb4454a149963e7607aa74021-300x272.jpg 300w, https:\/\/www.zongdamining.com\/wp-content\/uploads\/2022\/12\/20200525174119a654a8feb4454a149963e7607aa74021-600x544.jpg 600w\" sizes=\"(max-width: 750px) 100vw, 750px\" \/><\/p>","protected":false},"excerpt":{"rendered":"<p>La t\u00eate d'alimentation avec ressort m\u00e9canique et bloc de c\u00f4ne de serrage \/ mode de lib\u00e9ration hydraulique, se serre de mani\u00e8re fiable pour un long cycle d'entretien.<\/p>","protected":false},"featured_media":1325,"comment_status":"open","ping_status":"closed","template":"","meta":{"_acf_changed":false},"product_brand":[],"product_cat":[88],"product_tag":[],"class_list":{"0":"post-1330","1":"product","2":"type-product","3":"status-publish","4":"has-post-thumbnail","6":"product_cat-underground-exploration-machine","8":"first","9":"instock","10":"shipping-taxable","11":"product-type-simple"},"acf":[],"_links":{"self":[{"href":"https:\/\/www.zongdamining.com\/fr\/wp-json\/wp\/v2\/product\/1330","targetHints":{"allow":["GET"]}}],"collection":[{"href":"https:\/\/www.zongdamining.com\/fr\/wp-json\/wp\/v2\/product"}],"about":[{"href":"https:\/\/www.zongdamining.com\/fr\/wp-json\/wp\/v2\/types\/product"}],"replies":[{"embeddable":true,"href":"https:\/\/www.zongdamining.com\/fr\/wp-json\/wp\/v2\/comments?post=1330"}],"wp:featuredmedia":[{"embeddable":true,"href":"https:\/\/www.zongdamining.com\/fr\/wp-json\/wp\/v2\/media\/1325"}],"wp:attachment":[{"href":"https:\/\/www.zongdamining.com\/fr\/wp-json\/wp\/v2\/media?parent=1330"}],"wp:term":[{"taxonomy":"product_brand","embeddable":true,"href":"https:\/\/www.zongdamining.com\/fr\/wp-json\/wp\/v2\/product_brand?post=1330"},{"taxonomy":"product_cat","embeddable":true,"href":"https:\/\/www.zongdamining.com\/fr\/wp-json\/wp\/v2\/product_cat?post=1330"},{"taxonomy":"product_tag","embeddable":true,"href":"https:\/\/www.zongdamining.com\/fr\/wp-json\/wp\/v2\/product_tag?post=1330"}],"curies":[{"name":"WP","href":"https:\/\/api.w.org\/{rel}","templated":true}]}}