{"id":1375,"date":"2022-12-12T13:42:24","date_gmt":"2022-12-12T05:42:24","guid":{"rendered":"http:\/\/www.zongdamining.com\/?post_type=product&#038;p=1375"},"modified":"2026-01-27T09:54:07","modified_gmt":"2026-01-27T01:54:07","slug":"2-ton-side-dumping-low-profile-mining-underground-wheel-loader","status":"publish","type":"product","link":"https:\/\/www.zongdamining.com\/fr\/product\/2-ton-side-dumping-low-profile-mining-underground-wheel-loader\/","title":{"rendered":"Chargeuse \u00e0 roues souterraine d'exploitation mini\u00e8re de profil bas de dumping lat\u00e9ral de 2 tonnes"},"content":{"rendered":"<div>\n<p>Depuis la cr\u00e9ation de notre soci\u00e9t\u00e9, camion \u00e0 virure souterrain, transporteur souterrain de support de toit ignifuge, \u00e9quipement d'aide au flux de mat\u00e9riaux sont bien accueillis par les utilisateurs parce que nous avons une riche exp\u00e9rience dans la production de produits et saisissons les opportunit\u00e9s du march\u00e9. Nous r\u00e9alisons une formation r\u00e9guli\u00e8re pour chaque employ\u00e9, ce qui non seulement am\u00e9liore encore l'efficacit\u00e9 de la production, mais am\u00e9liore \u00e9galement consid\u00e9rablement la qualit\u00e9 des produits, jetant une base solide de logiciels et de mat\u00e9riel pour le d\u00e9veloppement \u00e0 grande \u00e9chelle de notre entreprise. Notre mission est de fournir au march\u00e9 des produits connexes plus \u00e9conomes en \u00e9nergie et respectueux de l'environnement. La soci\u00e9t\u00e9 pr\u00eate attention \u00e0 la protection de l'environnement et aux personnes&#8217; des moyens de subsistance, et est une entreprise moderne avec un grand sens de la responsabilit\u00e9 sociale. Notre soci\u00e9t\u00e9 a \u00e9tabli une bonne relation de coop\u00e9ration strat\u00e9gique avec de nombreuses entreprises bien connues, et a un groupe de personnel de service apr\u00e8s-vente de haute qualit\u00e9. Notre marque est bien accueillie par les clients \u00e0 la maison et \u00e0 l'\u00e9tranger, et jouit d'une bonne r\u00e9putation dans le m\u00eame secteur.<\/p>\n<\/div>\n<div>\n<p><img fetchpriority=\"high\" decoding=\"async\" class=\"alignnone wp-image-1385 size-full\" src=\"http:\/\/www.zongdamining.com\/wp-content\/uploads\/2022\/12\/underground-mining-loader57236310478.jpg\" alt=\"\" width=\"730\" height=\"730\" srcset=\"https:\/\/www.zongdamining.com\/wp-content\/uploads\/2022\/12\/underground-mining-loader57236310478.jpg 730w, https:\/\/www.zongdamining.com\/wp-content\/uploads\/2022\/12\/underground-mining-loader57236310478-300x300.jpg 300w, https:\/\/www.zongdamining.com\/wp-content\/uploads\/2022\/12\/underground-mining-loader57236310478-150x150.jpg 150w, https:\/\/www.zongdamining.com\/wp-content\/uploads\/2022\/12\/underground-mining-loader57236310478-600x600.jpg 600w, https:\/\/www.zongdamining.com\/wp-content\/uploads\/2022\/12\/underground-mining-loader57236310478-100x100.jpg 100w\" sizes=\"(max-width: 730px) 100vw, 730px\" \/><\/p>\n<p>Les chargeurs miniers souterrains ZONGDA sont d\u00e9velopp\u00e9s avec les normes internationales, adoptent la technologie avanc\u00e9e \u00e9trang\u00e8re, selon la situation r\u00e9elle des mines \u00e0 l'int\u00e9rieur et \u00e0 l'\u00e9tranger, combin\u00e9es avec l'exp\u00e9rience pratique de nombreuses ann\u00e9es de production de LHD. Il est principalement utilis\u00e9 pour le chargement et le d\u00e9versement des mines souterraines pour le chargement de mat\u00e9riaux en vrac pour le transport apr\u00e8s le soufflage, peut \u00e9galement \u00eatre utilis\u00e9 dans l'ing\u00e9nierie des tunnels ferroviaires, autoroutiers et de conservation de l'eau, particuli\u00e8rement adapt\u00e9 au travail dans de mauvaises conditions. Le lieu de travail est \u00e9troit, boueux et faible face de travail situations.<\/p>\n<p>ZDWJ-1 est un petit chargeur minier souterrain pour des tunnels miniers de 2,5 x 2,5 m. Il utilise la conduite lat\u00e9rale et le fonctionnement. La cabine est spacieuse, avec une large vue et un fonctionnement confortable.<\/p>\n<p>La machine enti\u00e8re adopte la structure d'oscillation du corps de type roulement central articul\u00e9 et tournant, qui a une meilleure stabilit\u00e9 et capacit\u00e9 de passage.<\/p>\n<p>Le syst\u00e8me de transmission utilise un syst\u00e8me de transmission hydrostatique (pompe et moteur) pour une vitesse variable en continu.<\/p>\n<p><img decoding=\"async\" class=\"alignnone wp-image-1384 size-full\" src=\"http:\/\/www.zongdamining.com\/wp-content\/uploads\/2022\/12\/2020042013323943679076cd414495a54acd542789a143.jpg\" alt=\"\" width=\"750\" height=\"573\" srcset=\"https:\/\/www.zongdamining.com\/wp-content\/uploads\/2022\/12\/2020042013323943679076cd414495a54acd542789a143.jpg 750w, https:\/\/www.zongdamining.com\/wp-content\/uploads\/2022\/12\/2020042013323943679076cd414495a54acd542789a143-300x229.jpg 300w, https:\/\/www.zongdamining.com\/wp-content\/uploads\/2022\/12\/2020042013323943679076cd414495a54acd542789a143-600x458.jpg 600w\" sizes=\"(max-width: 750px) 100vw, 750px\" \/><\/p>\n<p>Le Diesel LHD a une capacit\u00e9 de 2 tonnes. Il est aliment\u00e9 par le moteur DEUTZ BF4L914, am\u00e9liore la productivit\u00e9 et le tunnel souterrain, et r\u00e9duit efficacement la pollution.<\/p>\n<p><strong>Caract\u00e9ristiques<\/strong><\/p>\n<p>\u25c6  Le LHD est con\u00e7u pour balancer le cadre apr\u00e8s la connexion de la bague pivotante, ce qui r\u00e9duit consid\u00e9rablement le taux de d\u00e9faillance.<\/p>\n<p>\u25c6  Le syst\u00e8me de d\u00e9placement adopte un fonctionnement de contr\u00f4le hydraulique complet, ce qui rend le syst\u00e8me de d\u00e9placement du chargeur plus agile, r\u00e9duit efficacement le taux de d\u00e9faillance et am\u00e9liore l'efficacit\u00e9 de travail.<\/p>\n<p>\u25c6  Le syst\u00e8me de travail adopte le syst\u00e8me de commande hydraulique pilote, ce qui simplifie l'op\u00e9ration et rend le syst\u00e8me de travail plus efficace.<\/p>\n<p>\u25c6  Pour le frein de stationnement, la bo\u00eete de vitesses avec frein \u00e0 plaque de frottement de frein, frein \u00e0 ressort et frein de contact lib\u00e9r\u00e9 hydraulique sont utilis\u00e9es pour rendre le frein de stationnement s\u00fbr et fiable.<\/p>\n<p>\u25c6  Le seau adopte la derni\u00e8re structure en forme de V du chargeur minier souterrain international, ce qui r\u00e9duit la r\u00e9sistance \u00e0 l'\u00e9puisement.<\/p>\n<p><img decoding=\"async\" class=\"alignnone wp-image-1381 size-full\" src=\"http:\/\/www.zongdamining.com\/wp-content\/uploads\/2022\/12\/20200420132107a925beb383564d9eb0b36be9e479c9d3.jpg\" alt=\"\" width=\"750\" height=\"750\" srcset=\"https:\/\/www.zongdamining.com\/wp-content\/uploads\/2022\/12\/20200420132107a925beb383564d9eb0b36be9e479c9d3.jpg 750w, https:\/\/www.zongdamining.com\/wp-content\/uploads\/2022\/12\/20200420132107a925beb383564d9eb0b36be9e479c9d3-300x300.jpg 300w, https:\/\/www.zongdamining.com\/wp-content\/uploads\/2022\/12\/20200420132107a925beb383564d9eb0b36be9e479c9d3-150x150.jpg 150w, https:\/\/www.zongdamining.com\/wp-content\/uploads\/2022\/12\/20200420132107a925beb383564d9eb0b36be9e479c9d3-600x600.jpg 600w, https:\/\/www.zongdamining.com\/wp-content\/uploads\/2022\/12\/20200420132107a925beb383564d9eb0b36be9e479c9d3-100x100.jpg 100w\" sizes=\"(max-width: 750px) 100vw, 750px\" \/><\/p>\n<p><strong>Donn\u00e9es techniques<\/strong><\/p>\n<table class=\"table\" border=\"0\" width=\"100%\" cellspacing=\"0\" cellpadding=\"0\">\n<tbody>\n<tr class=\"firstRow\">\n<td width=\"181\">Capacit\u00e9 nominale du seau<\/td>\n<td width=\"181\">1 m\u00b3<\/td>\n<td width=\"181\">Vitesse de fonctionnement<\/td>\n<td width=\"181\">0-10 m\/h<\/td>\n<\/tr>\n<tr>\n<td width=\"181\">Charge utile nominale<\/td>\n<td width=\"181\">2T<\/td>\n<td width=\"181\">D\u00e9gagement minimum<\/td>\n<td width=\"181\">200 mm<\/td>\n<\/tr>\n<tr>\n<td width=\"181\">Force de rupture maximale<\/td>\n<td width=\"181\">48 KN<\/td>\n<td width=\"181\">Angle de direction max.<\/td>\n<td width=\"181\">\u00b1 38\u00b0<\/td>\n<\/tr>\n<tr>\n<td width=\"181\">Force de traction maximale<\/td>\n<td width=\"181\">56 KN<\/td>\n<td width=\"181\">Angle de bascule de l'essieu arri\u00e8re<\/td>\n<td width=\"181\">\u00b1 8\u00b0<\/td>\n<\/tr>\n<tr>\n<td width=\"181\">Max. Hauteur de dumping<\/td>\n<td width=\"181\">1050mm<\/td>\n<td width=\"181\">Angle de d\u00e9part<\/td>\n<td width=\"181\">15\u00b0<\/td>\n<\/tr>\n<tr>\n<td width=\"181\">Max. Gradabilit\u00e9<\/td>\n<td width=\"181\">\u2264 20\u00b0<\/td>\n<td width=\"181\">Type de pneu<\/td>\n<td width=\"181\">10.00-20<\/td>\n<\/tr>\n<tr>\n<td width=\"181\">Min. Hauteur de dumping<\/td>\n<td width=\"181\">860 mm<\/td>\n<td width=\"181\">Base de roues<\/td>\n<td width=\"181\">2200mm<\/td>\n<\/tr>\n<tr>\n<td rowspan=\"2\" width=\"181\">Min. rayon de tournage<\/td>\n<td width=\"181\">4260 (ext\u00e9rieur)<\/td>\n<td rowspan=\"2\" width=\"181\">moteur<\/td>\n<td width=\"181\">Deutz BF4L914<\/td>\n<\/tr>\n<tr>\n<td width=\"181\">2540 (Int\u00e9rieur)<\/td>\n<td width=\"181\">Deutz D914L04<\/td>\n<\/tr>\n<tr>\n<td width=\"181\">Dimensions ext\u00e9rieures<\/td>\n<td width=\"181\">6030*1340*2000 mm\u00b3<\/td>\n<td width=\"181\">Poids d'op\u00e9ration<\/td>\n<td width=\"181\">6.8T<\/td>\n<\/tr>\n<\/tbody>\n<\/table>\n<p><img loading=\"lazy\" decoding=\"async\" class=\"alignnone wp-image-1383 size-full\" src=\"http:\/\/www.zongdamining.com\/wp-content\/uploads\/2022\/12\/2020042013211942466dfcb2fb40aab214bb11d245d6be.jpg\" alt=\"\" width=\"629\" height=\"619\" srcset=\"https:\/\/www.zongdamining.com\/wp-content\/uploads\/2022\/12\/2020042013211942466dfcb2fb40aab214bb11d245d6be.jpg 629w, https:\/\/www.zongdamining.com\/wp-content\/uploads\/2022\/12\/2020042013211942466dfcb2fb40aab214bb11d245d6be-300x295.jpg 300w, https:\/\/www.zongdamining.com\/wp-content\/uploads\/2022\/12\/2020042013211942466dfcb2fb40aab214bb11d245d6be-600x590.jpg 600w\" sizes=\"(max-width: 629px) 100vw, 629px\" \/><\/p>\n<\/div>\n<div><\/div>\n<div>\n<p>Pour cr\u00e9er beaucoup plus d'avantages pour la chargeuse \u00e0 roues souterraine \u00e0 profil bas de 2 tonnes. Tout en pr\u00eatant attention \u00e0 l'investissement dans la science et la technologie, nous sommes \u00e9galement d\u00e9di\u00e9s au concept de gestion moderne de &#8216; orient\u00e9 vers les gens&#8217;  . Nous prenons &#8216; convivial, orient\u00e9 vers la qualit\u00e9, int\u00e9gratif, innovant&#8217; comme objectifs.<\/p>\n<\/div>","protected":false},"excerpt":{"rendered":"<p>Les chargeurs miniers souterrains ZONGDA sont d\u00e9velopp\u00e9s avec les normes internationales, adoptent la technologie avanc\u00e9e \u00e9trang\u00e8re, selon la situation r\u00e9elle des mines \u00e0 l'int\u00e9rieur et \u00e0 l'\u00e9tranger, combin\u00e9es avec l'exp\u00e9rience pratique de nombreuses ann\u00e9es de production de LHD.<\/p>","protected":false},"featured_media":1385,"comment_status":"open","ping_status":"closed","template":"","meta":{"_acf_changed":false},"product_brand":[],"product_cat":[15],"product_tag":[],"class_list":{"0":"post-1375","1":"product","2":"type-product","3":"status-publish","4":"has-post-thumbnail","6":"product_cat-trackless-mining-equipment","8":"first","9":"instock","10":"shipping-taxable","11":"product-type-simple"},"acf":[],"_links":{"self":[{"href":"https:\/\/www.zongdamining.com\/fr\/wp-json\/wp\/v2\/product\/1375","targetHints":{"allow":["GET"]}}],"collection":[{"href":"https:\/\/www.zongdamining.com\/fr\/wp-json\/wp\/v2\/product"}],"about":[{"href":"https:\/\/www.zongdamining.com\/fr\/wp-json\/wp\/v2\/types\/product"}],"replies":[{"embeddable":true,"href":"https:\/\/www.zongdamining.com\/fr\/wp-json\/wp\/v2\/comments?post=1375"}],"wp:featuredmedia":[{"embeddable":true,"href":"https:\/\/www.zongdamining.com\/fr\/wp-json\/wp\/v2\/media\/1385"}],"wp:attachment":[{"href":"https:\/\/www.zongdamining.com\/fr\/wp-json\/wp\/v2\/media?parent=1375"}],"wp:term":[{"taxonomy":"product_brand","embeddable":true,"href":"https:\/\/www.zongdamining.com\/fr\/wp-json\/wp\/v2\/product_brand?post=1375"},{"taxonomy":"product_cat","embeddable":true,"href":"https:\/\/www.zongdamining.com\/fr\/wp-json\/wp\/v2\/product_cat?post=1375"},{"taxonomy":"product_tag","embeddable":true,"href":"https:\/\/www.zongdamining.com\/fr\/wp-json\/wp\/v2\/product_tag?post=1375"}],"curies":[{"name":"WP","href":"https:\/\/api.w.org\/{rel}","templated":true}]}}