{"id":1390,"date":"2022-12-12T13:47:15","date_gmt":"2022-12-12T05:47:15","guid":{"rendered":"http:\/\/www.zongdamining.com\/?post_type=product&#038;p=1390"},"modified":"2022-12-12T13:47:15","modified_gmt":"2022-12-12T05:47:15","slug":"scooptram-mining-15","status":"publish","type":"product","link":"https:\/\/www.zongdamining.com\/fr\/product\/scooptram-mining-15\/","title":{"rendered":"Scooptram Mining"},"content":{"rendered":"<p><strong>SP\u00c9CIFICATIONS TECHNIQUES<\/strong><\/p>\n<p><img decoding=\"async\" class=\"alignnone wp-image-1402 size-full\" src=\"http:\/\/www.zongdamining.com\/wp-content\/uploads\/2022\/12\/20220823104440bfbfdcd10a6e4af5b87a3577482503c9.jpg\" alt=\"\" width=\"448\" height=\"103\" srcset=\"https:\/\/www.zongdamining.com\/wp-content\/uploads\/2022\/12\/20220823104440bfbfdcd10a6e4af5b87a3577482503c9.jpg 448w, https:\/\/www.zongdamining.com\/wp-content\/uploads\/2022\/12\/20220823104440bfbfdcd10a6e4af5b87a3577482503c9-300x69.jpg 300w\" sizes=\"(max-width: 448px) 100vw, 448px\" \/><\/p>\n<p>Combustion interne LHD<\/p>\n<p><strong>Pr\u00e9sentation du chargeur souterrain diesel ZDL203<\/strong><\/p>\n<p><strong>\u00a0<\/strong><\/p>\n<p>&nbsp;<\/p>\n<p>J'ai.\u00a0<strong>Caract\u00e9ristiques techniques<\/strong><\/p>\n<ul class=\"list-paddingleft-2\">\n<li>Transmission m\u00e9canique hydraulique, peut donner plein jeu \u00e0 la puissance du moteur, et s'adapter automatiquement au changement de charge dans une certaine gamme, \u00e0 la r\u00e9gulation automatique de vitesse.<\/li>\n<li>Quatre roues motrices, essieu avant avec diff\u00e9rentiel antid\u00e9rapant, oscillation de l'essieu arri\u00e8re, entra\u00eenement et bonne gradabilit\u00e9, s'adaptent \u00e0 toutes sortes de mauvaises conditions routi\u00e8res.<\/li>\n<li>Pneumatique r\u00e9sistant \u00e0 la coupe lisse, longue dur\u00e9e de vie.<\/li>\n<li>Cadre articul\u00e9, petit rayon de tournure, m\u00e9canisme flexible.<\/li>\n<li>Direction hydraulique compl\u00e8te, structure compacte et entretien lisse et facile.<\/li>\n<li>Frein multi-disque humide hydraulique complet, syst\u00e8me de freinage \u00e0 double ligne, structure simple et fiabilit\u00e9 de freinage \u00e9lev\u00e9e, sans entretien.<\/li>\n<li>Dispositif de travail \u00e0 six liaisons inverses et commande hydraulique pilote, manoeuvre l\u00e9g\u00e8re et sensible, force de rupture forte, mouvement bien \u00e9quilibr\u00e9.<\/li>\n<\/ul>\n<p><img fetchpriority=\"high\" decoding=\"async\" class=\"alignnone wp-image-1397 size-full\" src=\"http:\/\/www.zongdamining.com\/wp-content\/uploads\/2022\/12\/20220823104539cec067faed6e4809ad2afba8df07a915.jpg\" alt=\"\" width=\"705\" height=\"370\" srcset=\"https:\/\/www.zongdamining.com\/wp-content\/uploads\/2022\/12\/20220823104539cec067faed6e4809ad2afba8df07a915.jpg 705w, https:\/\/www.zongdamining.com\/wp-content\/uploads\/2022\/12\/20220823104539cec067faed6e4809ad2afba8df07a915-300x157.jpg 300w, https:\/\/www.zongdamining.com\/wp-content\/uploads\/2022\/12\/20220823104539cec067faed6e4809ad2afba8df07a915-600x315.jpg 600w\" sizes=\"(max-width: 705px) 100vw, 705px\" \/><\/p>\n<p>II.\u00a0<strong>SP\u00c9CIFICATIONS TECHNIQUES<\/strong><strong>\u00a0<\/strong><\/p>\n<table width=\"786\" data-sort=\"sortDisabled\">\n<tbody>\n<tr class=\"firstRow\">\n<td><strong>1<\/strong><\/td>\n<td><strong>Mod\u00e8le moteur<\/strong><\/td>\n<td colspan=\"2\" rowspan=\"1\"><strong>YUCHAI YCD4J33T6-110, 81KW, \/DEUTZ F6LD914, 86KW<\/strong><\/td>\n<\/tr>\n<tr>\n<td><strong>2<\/strong><\/td>\n<td><strong>Convertisseur de couple<\/strong><\/td>\n<td colspan=\"2\" rowspan=\"1\"><strong>SHANTUI YJ315LG<\/strong><\/td>\n<\/tr>\n<tr>\n<td><strong>3<\/strong><\/td>\n<td><strong>Transmission<\/strong><\/td>\n<td colspan=\"2\" rowspan=\"1\"><strong>HANGZHOU YD13044159<\/strong><\/td>\n<\/tr>\n<tr>\n<td><strong>4<\/strong><\/td>\n<td><strong>essieu<\/strong><\/td>\n<td colspan=\"2\" rowspan=\"1\"><strong>XUZHOU QINGFENG NO SPIN Diff\u00e9rentiel<\/strong><\/td>\n<\/tr>\n<tr>\n<td><strong>5<\/strong><\/td>\n<td><strong>frein<\/strong><\/td>\n<td colspan=\"2\" rowspan=\"1\"><strong>Frein hydraulique rel\u00e2ch\u00e9 appliqu\u00e9 \u00e0 ressort POSI-STOP<\/strong><\/td>\n<\/tr>\n<tr>\n<td><strong>6<\/strong><\/td>\n<td><strong>Capacit\u00e9<\/strong><\/td>\n<td colspan=\"2\" rowspan=\"1\"><strong>1.5m<sup>3<\/sup>(SAE Stacking)<\/strong><\/td>\n<\/tr>\n<tr>\n<td><strong>7<\/strong><\/td>\n<td><strong>Charge utile nominale<\/strong><\/td>\n<td colspan=\"2\" rowspan=\"1\"><strong>3t<\/strong><\/td>\n<\/tr>\n<tr>\n<td><strong>8<\/strong><\/td>\n<td><strong>Hauteur de levage max.<\/strong><\/td>\n<td colspan=\"2\" rowspan=\"1\"><strong>3650mm<\/strong><\/td>\n<\/tr>\n<tr>\n<td><strong>9<\/strong><\/td>\n<td><strong>Hauteur de d\u00e9chargement max.<\/strong><\/td>\n<td colspan=\"2\" rowspan=\"1\"><strong>1350 mm<\/strong><\/td>\n<\/tr>\n<tr>\n<td><strong>10<\/strong><\/td>\n<td><strong>Min.d\u00e9chargement distance<\/strong><\/td>\n<td colspan=\"2\" rowspan=\"1\"><strong>1000mm<\/strong><\/td>\n<\/tr>\n<tr>\n<td><strong>11<\/strong><\/td>\n<td><strong>Purificateur d'\u00e9chappement<\/strong><\/td>\n<td colspan=\"2\" rowspan=\"1\"><strong>Silenceur DOC<\/strong><\/td>\n<\/tr>\n<tr>\n<td><strong>12<\/strong><\/td>\n<td><strong>Gradabilit\u00e9 maximale<\/strong><\/td>\n<td colspan=\"2\" rowspan=\"1\"><strong>15\u00b0<\/strong><\/td>\n<\/tr>\n<tr>\n<td><strong>13<\/strong><\/td>\n<td><strong>D\u00e9gagement au sol<\/strong><\/td>\n<td colspan=\"2\" rowspan=\"1\"><strong>240 mm<\/strong><\/td>\n<\/tr>\n<tr>\n<td colspan=\"1\" rowspan=\"3\"><strong>\u00a0<\/strong><\/p>\n<p><strong>14<\/strong><\/p>\n<p><strong>\u00a0<\/strong><\/td>\n<td colspan=\"1\" rowspan=\"3\"><strong>\u00a0<\/strong><\/p>\n<p><strong>Vitesse de voyage<\/strong><\/td>\n<td colspan=\"2\" rowspan=\"1\"><strong>1<sup>St<\/sup>\u00a0vitesse 0-4km\/h<\/strong><\/td>\n<\/tr>\n<tr>\n<td colspan=\"2\" rowspan=\"1\"><strong>2<sup>nd<\/sup>\u00a0vitesse 0-9km\/h<\/strong><\/td>\n<\/tr>\n<tr>\n<td colspan=\"2\" rowspan=\"1\"><strong>3<sup>rd<\/sup>\u00a0vitesse 0-15km\/h<\/strong><\/td>\n<\/tr>\n<tr>\n<td><strong>15<\/strong><\/td>\n<td><strong>Angle de direction<\/strong><\/td>\n<td><strong>\u00b1 38\u00b0<\/strong><\/td>\n<td><\/td>\n<\/tr>\n<tr>\n<td colspan=\"1\" rowspan=\"3\"><strong>\u00a0<\/strong><\/p>\n<p><strong>16<\/strong><\/td>\n<td colspan=\"1\" rowspan=\"3\"><strong>\u00a0<\/strong><\/p>\n<p><strong>Dimension<\/strong><\/td>\n<td><strong>Longueur<\/strong><\/td>\n<td><strong>6800mm<\/strong><\/td>\n<\/tr>\n<tr>\n<td><strong>Largeur<\/strong><\/td>\n<td><strong>1640 mm<\/strong><\/td>\n<\/tr>\n<tr>\n<td><strong>Hauteur de cabine<\/strong><\/td>\n<td><strong>2000mm<\/strong><\/td>\n<\/tr>\n<\/tbody>\n<\/table>\n<p>III.\u00a0<strong>DIMENSIONS EXTERNI\u00c8RES DE L'MINE SCOOPTRAM<\/strong><\/p>\n<p><img decoding=\"async\" class=\"alignnone wp-image-1400 size-full\" src=\"http:\/\/www.zongdamining.com\/wp-content\/uploads\/2022\/12\/202208231053273d9ee48edb9747309eead0d01fee9ce9-1.jpg\" alt=\"\" width=\"705\" height=\"814\" srcset=\"https:\/\/www.zongdamining.com\/wp-content\/uploads\/2022\/12\/202208231053273d9ee48edb9747309eead0d01fee9ce9-1.jpg 705w, https:\/\/www.zongdamining.com\/wp-content\/uploads\/2022\/12\/202208231053273d9ee48edb9747309eead0d01fee9ce9-1-260x300.jpg 260w, https:\/\/www.zongdamining.com\/wp-content\/uploads\/2022\/12\/202208231053273d9ee48edb9747309eead0d01fee9ce9-1-600x693.jpg 600w\" sizes=\"(max-width: 705px) 100vw, 705px\" \/><\/p>","protected":false},"excerpt":{"rendered":"<p>L'exploitation mini\u00e8re Scooptram a une qualit\u00e9 de protection \u00e9lev\u00e9e et convient aux mines souterraines \u00d7 Dans l'environnement humide et poussi\u00e9reux de la route de 5m, la machine est hautement intelligente, s\u00fbre et fiable, a une bonne stabilit\u00e9 globale et peut grandement am\u00e9liorer la productivit\u00e9 et la rentabilit\u00e9 de la mine.<\/p>","protected":false},"featured_media":1397,"comment_status":"open","ping_status":"closed","template":"","meta":{"_acf_changed":false},"product_brand":[],"product_cat":[15],"product_tag":[],"class_list":{"0":"post-1390","1":"product","2":"type-product","3":"status-publish","4":"has-post-thumbnail","6":"product_cat-trackless-mining-equipment","8":"first","9":"instock","10":"shipping-taxable","11":"product-type-simple"},"acf":[],"_links":{"self":[{"href":"https:\/\/www.zongdamining.com\/fr\/wp-json\/wp\/v2\/product\/1390","targetHints":{"allow":["GET"]}}],"collection":[{"href":"https:\/\/www.zongdamining.com\/fr\/wp-json\/wp\/v2\/product"}],"about":[{"href":"https:\/\/www.zongdamining.com\/fr\/wp-json\/wp\/v2\/types\/product"}],"replies":[{"embeddable":true,"href":"https:\/\/www.zongdamining.com\/fr\/wp-json\/wp\/v2\/comments?post=1390"}],"wp:featuredmedia":[{"embeddable":true,"href":"https:\/\/www.zongdamining.com\/fr\/wp-json\/wp\/v2\/media\/1397"}],"wp:attachment":[{"href":"https:\/\/www.zongdamining.com\/fr\/wp-json\/wp\/v2\/media?parent=1390"}],"wp:term":[{"taxonomy":"product_brand","embeddable":true,"href":"https:\/\/www.zongdamining.com\/fr\/wp-json\/wp\/v2\/product_brand?post=1390"},{"taxonomy":"product_cat","embeddable":true,"href":"https:\/\/www.zongdamining.com\/fr\/wp-json\/wp\/v2\/product_cat?post=1390"},{"taxonomy":"product_tag","embeddable":true,"href":"https:\/\/www.zongdamining.com\/fr\/wp-json\/wp\/v2\/product_tag?post=1390"}],"curies":[{"name":"WP","href":"https:\/\/api.w.org\/{rel}","templated":true}]}}