{"id":1392,"date":"2022-12-12T13:46:32","date_gmt":"2022-12-12T05:46:32","guid":{"rendered":"http:\/\/www.zongdamining.com\/?post_type=product&#038;p=1392"},"modified":"2022-12-16T11:11:08","modified_gmt":"2022-12-16T03:11:08","slug":"70-ton-underground-mining-dump-truck-howo-6x4-dumper-truck","status":"publish","type":"product","link":"https:\/\/www.zongdamining.com\/fr\/product\/70-ton-underground-mining-dump-truck-howo-6x4-dumper-truck\/","title":{"rendered":"Camion \u00e0 virure mini\u00e8re souterrain de 70 tonnes HOWO 6X4 camion \u00e0 virure"},"content":{"rendered":"<div>\n<p>Nous voulons cr\u00e9er une entreprise de premi\u00e8re classe, cultiver les talents professionnels, promouvoir le d\u00e9veloppement du transm\u00e9langeur de b\u00e9ton souterrain mondial, de la machine de pulv\u00e9risation de b\u00e9ton souterrain, de l'industrie de forage \u00e0 pierre \u00e0 jambe d'air et devenir un leader respect\u00e9. La satisfaction du client est le capital de nos efforts continus, nous sommes dispos\u00e9s \u00e0 servir les clients avec une technologie professionnelle et un esprit d\u00e9vou\u00e9. Nous cr\u00e9ons une plateforme de d\u00e9veloppement pour les employ\u00e9s, cr\u00e9ant de la richesse et de la valeur pour les partenaires et formant une vie meilleure pour les utilisateurs.<\/p>\n<\/div>\n<div>\n<p><img fetchpriority=\"high\" decoding=\"async\" class=\"alignnone wp-image-1306 size-full\" src=\"http:\/\/www.zongdamining.com\/wp-content\/uploads\/2022\/12\/underground-articulated-truck06507488102.jpg\" alt=\"\" width=\"730\" height=\"730\" srcset=\"https:\/\/www.zongdamining.com\/wp-content\/uploads\/2022\/12\/underground-articulated-truck06507488102.jpg 730w, https:\/\/www.zongdamining.com\/wp-content\/uploads\/2022\/12\/underground-articulated-truck06507488102-300x300.jpg 300w, https:\/\/www.zongdamining.com\/wp-content\/uploads\/2022\/12\/underground-articulated-truck06507488102-150x150.jpg 150w, https:\/\/www.zongdamining.com\/wp-content\/uploads\/2022\/12\/underground-articulated-truck06507488102-600x600.jpg 600w, https:\/\/www.zongdamining.com\/wp-content\/uploads\/2022\/12\/underground-articulated-truck06507488102-100x100.jpg 100w\" sizes=\"(max-width: 730px) 100vw, 730px\" \/><\/p>\n<p><strong>Caract\u00e9ristiques<\/strong><\/p>\n<p>Charge nominale de 20t, adapt\u00e9e au tunnel \u22654.5\u00d74.5m<\/p>\n<p><img decoding=\"async\" class=\"alignnone wp-image-1403 size-full\" src=\"http:\/\/www.zongdamining.com\/wp-content\/uploads\/2022\/12\/202005251533500ccd64ce14184aef884cb49a34cff608.jpg\" alt=\"\" width=\"748\" height=\"677\" srcset=\"https:\/\/www.zongdamining.com\/wp-content\/uploads\/2022\/12\/202005251533500ccd64ce14184aef884cb49a34cff608.jpg 748w, https:\/\/www.zongdamining.com\/wp-content\/uploads\/2022\/12\/202005251533500ccd64ce14184aef884cb49a34cff608-300x272.jpg 300w, https:\/\/www.zongdamining.com\/wp-content\/uploads\/2022\/12\/202005251533500ccd64ce14184aef884cb49a34cff608-600x543.jpg 600w\" sizes=\"(max-width: 748px) 100vw, 748px\" \/><\/p>\n<p>Adopter cadre articul\u00e9 central<\/p>\n<p>Levage double cylindre pour le seau<\/p>\n<p>Le v\u00e9hicule adopte le syst\u00e8me de commande hydraulique complet, qui assure bien la s\u00e9curit\u00e9, le confort et la durabilit\u00e9 du contr\u00f4le.<\/p>\n<p><strong>Donn\u00e9es techniques<\/strong><\/p>\n<p>&nbsp;<\/p>\n<table class=\"table\" border=\"0\" width=\"100%\" cellspacing=\"0\" cellpadding=\"0\">\n<tbody>\n<tr class=\"firstRow\">\n<td width=\"177\">Dimension<\/td>\n<td width=\"439\">9050\uff08\u00b1100\uff09mm\u00d72280\uff08\u00b150\uff09mm\u00d72400\uff08\u00b150\uff09mm<\/td>\n<\/tr>\n<tr>\n<td width=\"177\">moteur<\/td>\n<td width=\"439\">DEUTZ F12L413FW \/ 204kW (VOLVO TAD853VE \/ 235KW en option)<\/td>\n<\/tr>\n<tr>\n<td width=\"177\">Convertisseur de couple<\/td>\n<td width=\"439\">DANA C5000<\/td>\n<\/tr>\n<tr>\n<td width=\"177\">Transmission<\/td>\n<td width=\"439\">DANA R36000<\/td>\n<\/tr>\n<\/tbody>\n<\/table>\n<p>&nbsp;<\/p>\n<table class=\"table\" border=\"0\" width=\"100%\" cellspacing=\"0\" cellpadding=\"0\">\n<tbody>\n<tr class=\"firstRow\">\n<td width=\"168\">Essieu d'entra\u00eenement<\/td>\n<td width=\"437\">KESSLER Allemagne<\/td>\n<\/tr>\n<tr>\n<td width=\"168\">seau<\/td>\n<td width=\"437\">10m\u00b3<\/td>\n<\/tr>\n<tr>\n<td width=\"168\">Charge nominale<\/td>\n<td width=\"437\">20 tonnes<\/td>\n<\/tr>\n<tr>\n<td width=\"168\">Poids de d\u00e9chargement<\/td>\n<td width=\"437\">20.8t<\/td>\n<\/tr>\n<tr>\n<td width=\"168\">Capacit\u00e9 d'escalade<\/td>\n<td width=\"437\">15\u00b0<\/td>\n<\/tr>\n<tr>\n<td width=\"168\">D\u00e9gagement Min.Ground<\/td>\n<td width=\"437\">340 mm<\/td>\n<\/tr>\n<tr>\n<td width=\"168\">Vitesse<\/td>\n<td width=\"437\">0-30.9km\/h<\/td>\n<\/tr>\n<tr>\n<td width=\"168\">Angle de tournage<\/td>\n<td width=\"437\">\u00b1 42\u00b0<\/td>\n<\/tr>\n<tr>\n<td width=\"168\">Angle joint<\/td>\n<td width=\"437\">\u00b1 8\u00b0<\/td>\n<\/tr>\n<tr>\n<td rowspan=\"3\" width=\"168\">Min. rayon de direction<\/td>\n<td width=\"437\">5105 (\u00b150) mm (\u00e0 l'int\u00e9rieur)<\/td>\n<\/tr>\n<tr>\n<td colspan=\"1\" rowspan=\"2\" width=\"437\">8275 (\u00b150) mm (ext\u00e9rieur)<\/td>\n<\/tr>\n<\/tbody>\n<\/table>\n<p><img decoding=\"async\" class=\"alignnone wp-image-1305 size-full\" src=\"http:\/\/www.zongdamining.com\/wp-content\/uploads\/2022\/12\/2020052516091315dfea2381604b1a987edb291c63b565.jpg\" alt=\"\" width=\"750\" height=\"669\" srcset=\"https:\/\/www.zongdamining.com\/wp-content\/uploads\/2022\/12\/2020052516091315dfea2381604b1a987edb291c63b565.jpg 750w, https:\/\/www.zongdamining.com\/wp-content\/uploads\/2022\/12\/2020052516091315dfea2381604b1a987edb291c63b565-300x268.jpg 300w, https:\/\/www.zongdamining.com\/wp-content\/uploads\/2022\/12\/2020052516091315dfea2381604b1a987edb291c63b565-600x535.jpg 600w\" sizes=\"(max-width: 750px) 100vw, 750px\" \/><\/p>\n<\/div>\n<div><\/div>\n<div>\n<p>Avec une forte force d'entreprise et des relations de coop\u00e9ration pr\u00e9cises avec les principaux fabricants, nous pouvons vous fournir la meilleure qualit\u00e9 70 tonnes de camion \u00e0 vidange minier souterrain HOWO 6X4 camion \u00e0 vidange aux prix les plus favorables. Nous avons \u00e9tabli un syst\u00e8me de gestion complet qui int\u00e8gre \u00e9troitement les ventes de produits, les contrats, l'entreposage, les finances et l'efficacit\u00e9 du personnel dans son ensemble pour garantir strictement la qualit\u00e9 des produits. Depuis longtemps, notre entreprise adh\u00e8re \u00e0 la philosophie d'affaires de &#8216; La qualit\u00e9 est la vie, bas\u00e9e sur l'int\u00e9grit\u00e9, le client d'abord&#8217; d\u00e9velopper constamment de nouveaux produits, \u00e9largir l'\u00e9chelle de l'entreprise et servir chaque client avec soin, gagnant ainsi l'\u00e9loge de nos clients.<\/p>\n<\/div>","protected":false},"excerpt":{"rendered":"<p>Le v\u00e9hicule adopte le syst\u00e8me de commande hydraulique complet, qui assure bien la s\u00e9curit\u00e9, le confort et la durabilit\u00e9 du contr\u00f4le.<\/p>","protected":false},"featured_media":1305,"comment_status":"open","ping_status":"closed","template":"","meta":{"_acf_changed":false},"product_brand":[],"product_cat":[15],"product_tag":[],"class_list":{"0":"post-1392","1":"product","2":"type-product","3":"status-publish","4":"has-post-thumbnail","6":"product_cat-trackless-mining-equipment","8":"first","9":"instock","10":"shipping-taxable","11":"product-type-simple"},"acf":[],"_links":{"self":[{"href":"https:\/\/www.zongdamining.com\/fr\/wp-json\/wp\/v2\/product\/1392","targetHints":{"allow":["GET"]}}],"collection":[{"href":"https:\/\/www.zongdamining.com\/fr\/wp-json\/wp\/v2\/product"}],"about":[{"href":"https:\/\/www.zongdamining.com\/fr\/wp-json\/wp\/v2\/types\/product"}],"replies":[{"embeddable":true,"href":"https:\/\/www.zongdamining.com\/fr\/wp-json\/wp\/v2\/comments?post=1392"}],"wp:featuredmedia":[{"embeddable":true,"href":"https:\/\/www.zongdamining.com\/fr\/wp-json\/wp\/v2\/media\/1305"}],"wp:attachment":[{"href":"https:\/\/www.zongdamining.com\/fr\/wp-json\/wp\/v2\/media?parent=1392"}],"wp:term":[{"taxonomy":"product_brand","embeddable":true,"href":"https:\/\/www.zongdamining.com\/fr\/wp-json\/wp\/v2\/product_brand?post=1392"},{"taxonomy":"product_cat","embeddable":true,"href":"https:\/\/www.zongdamining.com\/fr\/wp-json\/wp\/v2\/product_cat?post=1392"},{"taxonomy":"product_tag","embeddable":true,"href":"https:\/\/www.zongdamining.com\/fr\/wp-json\/wp\/v2\/product_tag?post=1392"}],"curies":[{"name":"WP","href":"https:\/\/api.w.org\/{rel}","templated":true}]}}