{"id":1407,"date":"2022-12-12T13:51:35","date_gmt":"2022-12-12T05:51:35","guid":{"rendered":"http:\/\/www.zongdamining.com\/?post_type=product&#038;p=1407"},"modified":"2023-01-29T16:46:44","modified_gmt":"2023-01-29T08:46:44","slug":"hydro-electric-power-plant-tunnel-fan-for-tunnel-ventilation-system","status":"publish","type":"product","link":"https:\/\/www.zongdamining.com\/fr\/product\/hydro-electric-power-plant-tunnel-fan-for-tunnel-ventilation-system\/","title":{"rendered":"Ventilateur de tunnel de centrale hydro\u00e9lectrique pour syst\u00e8me de ventilation de tunnel"},"content":{"rendered":"<div>\n<p>Apr\u00e8s des ann\u00e9es d'exploitation soigneuse, le cylindre hydraulique d'ing\u00e9nierie, Scooptram, camion de traction souterrain actuellement distribu\u00e9 par notre soci\u00e9t\u00e9 est favoris\u00e9 par les utilisateurs \u00e0 la maison et \u00e0 l'\u00e9tranger, et a \u00e9galement obtenu de bons avantages \u00e9conomiques et sociaux. Nous continuons \u00e0 travailler dur pour fournir aux clients des produits et services de qualit\u00e9. Nous travaillons \u00e9galement en \u00e9troite collaboration avec les clients et les fournisseurs de mani\u00e8re responsable pour faire des progr\u00e8s ensemble et cr\u00e9er un meilleur avenir! Notre entreprise se conforme aux derni\u00e8res tendances de la mode, r\u00e9pond aux besoins maximaux des clients et fournit le service le plus d\u00e9di\u00e9. Nous faisons attention aux d\u00e9tails, pr\u00eatons attention \u00e0 la qualit\u00e9 et nous nous effor\u00e7ons de construire une marque de haute qualit\u00e9. La mondialisation \u00e9conomique exige que notre entreprise fasse face au monde et cultive constamment des talents internationaux avec une vision mondiale.<\/p>\n<\/div>\n<div>\n<p><img fetchpriority=\"high\" decoding=\"async\" class=\"alignnone wp-image-1409 size-full\" src=\"http:\/\/www.zongdamining.com\/wp-content\/uploads\/2022\/12\/202005251737177cfa6404b79a4418b76a8de5ad2b504e.jpg\" alt=\"\" width=\"750\" height=\"750\" srcset=\"https:\/\/www.zongdamining.com\/wp-content\/uploads\/2022\/12\/202005251737177cfa6404b79a4418b76a8de5ad2b504e.jpg 750w, https:\/\/www.zongdamining.com\/wp-content\/uploads\/2022\/12\/202005251737177cfa6404b79a4418b76a8de5ad2b504e-300x300.jpg 300w, https:\/\/www.zongdamining.com\/wp-content\/uploads\/2022\/12\/202005251737177cfa6404b79a4418b76a8de5ad2b504e-150x150.jpg 150w, https:\/\/www.zongdamining.com\/wp-content\/uploads\/2022\/12\/202005251737177cfa6404b79a4418b76a8de5ad2b504e-600x600.jpg 600w, https:\/\/www.zongdamining.com\/wp-content\/uploads\/2022\/12\/202005251737177cfa6404b79a4418b76a8de5ad2b504e-100x100.jpg 100w\" sizes=\"(max-width: 750px) 100vw, 750px\" \/><\/p>\n<p><strong>Sp\u00e9cification<\/strong><\/p>\n<p>Ventilateur de ventilation de tunnel SDS utilis\u00e9 pour le syst\u00e8me de ventilation longitudinale du tunnel, les ventilateurs sont install\u00e9s suspendus sur le toit sup\u00e9rieur du tunnel ou des deux c\u00f4t\u00e9s, qui n'affectent pas le trafic, pas besoin de construire la voie d'\u00e9chappement. B\u00e2timent \u00e0 faible co\u00fbt, est tr\u00e8s parfait ventilateurs de ventilation.<\/p>\n<p><strong>Caract\u00e9ristiques principales<\/strong><\/p>\n<p>1) Structure simple en type lin\u00e9aire, facile dans l'installation et le maintien.<\/p>\n<p>2) Adopter des composants avanc\u00e9s de marque de renomm\u00e9e mondiale dans les pi\u00e8ces pneumatiques, les pi\u00e8ces \u00e9lectriques et les pi\u00e8ces d'exploitation.<\/p>\n<p>3) double manivelle haute pression pour contr\u00f4ler l'ouverture et la fermeture de la matrice.<\/p>\n<p>4) Ex\u00e9cution dans une automatisation et une intellectualisation \u00e9lev\u00e9es, aucune pollution<\/p>\n<p>5) Appliquer un connecteur pour se connecter au convoyeur d'air, qui peut directement en ligne avec la machine de remplissage.<\/p>\n<p><strong>Structure g\u00e9n\u00e9rale du ventilateur SDS<\/strong><\/p>\n<p>Le ventilateur SDS est une combinaison de ventilateur \u00e0 d\u00e9bit axial et silencieux externe. Le ventilateur \u00e0 jet de tunnel SDS est principalement compos\u00e9 d'un silencieux d'admission, d'un moteur principal, d'un silencieux de sortie et d'un moteur.<\/p>\n<p><img decoding=\"async\" class=\"alignnone wp-image-1408 size-full\" src=\"http:\/\/www.zongdamining.com\/wp-content\/uploads\/2022\/12\/20200525173750c36c150db78c43a292cabb6855fdf9d5.jpg\" alt=\"\" width=\"750\" height=\"750\" srcset=\"https:\/\/www.zongdamining.com\/wp-content\/uploads\/2022\/12\/20200525173750c36c150db78c43a292cabb6855fdf9d5.jpg 750w, https:\/\/www.zongdamining.com\/wp-content\/uploads\/2022\/12\/20200525173750c36c150db78c43a292cabb6855fdf9d5-300x300.jpg 300w, https:\/\/www.zongdamining.com\/wp-content\/uploads\/2022\/12\/20200525173750c36c150db78c43a292cabb6855fdf9d5-150x150.jpg 150w, https:\/\/www.zongdamining.com\/wp-content\/uploads\/2022\/12\/20200525173750c36c150db78c43a292cabb6855fdf9d5-600x600.jpg 600w, https:\/\/www.zongdamining.com\/wp-content\/uploads\/2022\/12\/20200525173750c36c150db78c43a292cabb6855fdf9d5-100x100.jpg 100w\" sizes=\"(max-width: 750px) 100vw, 750px\" \/><\/p>\n<p>Le ventilateur de tunnel \u00e0 haut rendement et \u00e0 faible bruit de la s\u00e9rie SDF est compos\u00e9 de trois sections: section silencieuse d'admission (collecteur d'air, filet de protection, d\u00e9flecteur, grille de redressement, silencieux); section de ventilateur (bo\u00eetier, roue (lame mobile), lame fixe (lame de guidage), moteur); section silencieuse de sortie (silencieux de sortie).<\/p>\n<p>1) Impulseur (lame mobile) : il est compos\u00e9 de lame et de moyeu. Le moyeu est en acier coul\u00e9 zg230-450. La lame est une lame r\u00e9glable en alliage de silicium en aluminium ZL104 coul\u00e9e de pr\u00e9cision. La racine et la queue de la lame sont con\u00e7ues. La coul\u00e9e de processus ajoute une correction d'\u00e9quilibre statique et dynamique stricte, un test de vitesse, un fonctionnement stable et fiable.<\/p>\n<p>2) pi\u00e8ce de coquille: il est fait de plaque d'acier ordinaire par soudage, et le cylindre int\u00e9rieur est \u00e9quip\u00e9 d'une palette de guidage arri\u00e8re statique, qui est trait\u00e9e en \u00e9liminant la contrainte de soudage.<\/p>\n<p><img decoding=\"async\" class=\"alignnone wp-image-1410 size-full\" src=\"http:\/\/www.zongdamining.com\/wp-content\/uploads\/2022\/12\/202005251738019b92d8b24ac94bffbff9fff5de631363.jpg\" alt=\"\" width=\"750\" height=\"750\" srcset=\"https:\/\/www.zongdamining.com\/wp-content\/uploads\/2022\/12\/202005251738019b92d8b24ac94bffbff9fff5de631363.jpg 750w, https:\/\/www.zongdamining.com\/wp-content\/uploads\/2022\/12\/202005251738019b92d8b24ac94bffbff9fff5de631363-300x300.jpg 300w, https:\/\/www.zongdamining.com\/wp-content\/uploads\/2022\/12\/202005251738019b92d8b24ac94bffbff9fff5de631363-150x150.jpg 150w, https:\/\/www.zongdamining.com\/wp-content\/uploads\/2022\/12\/202005251738019b92d8b24ac94bffbff9fff5de631363-600x600.jpg 600w, https:\/\/www.zongdamining.com\/wp-content\/uploads\/2022\/12\/202005251738019b92d8b24ac94bffbff9fff5de631363-100x100.jpg 100w\" sizes=\"(max-width: 750px) 100vw, 750px\" \/><\/p>\n<\/div>\n<div><\/div>\n<div>\n<p>Nous sommes une entreprise de haute technologie d\u00e9di\u00e9e \u00e0 l'industrie du ventilateur de tunnel de centrale hydro\u00e9lectrique pour le syst\u00e8me de ventilation de tunnel et disposons d'un syst\u00e8me de gestion de la qualit\u00e9 complet et scientifique. L\u2019innovation est la source du succ\u00e8s et la participation active est la plus grande force motrice du d\u00e9veloppement durable. Les clients choisissent notre entreprise est de choisir professionnel, choisir notre entreprise est de choisir l'inqui\u00e9tude, notre but est que vous nous dites juste vos besoins, nous nous occuperons du reste pour vous.<\/p>\n<\/div>","protected":false},"excerpt":{"rendered":"<p>Ventilateur de ventilation de tunnel SDS utilis\u00e9 pour le syst\u00e8me de ventilation longitudinale du tunnel, les ventilateurs sont install\u00e9s suspendus sur le toit sup\u00e9rieur du tunnel ou des deux c\u00f4t\u00e9s, qui n'affectent pas le trafic, pas besoin de construire la voie d'\u00e9chappement.<\/p>","protected":false},"featured_media":1409,"comment_status":"open","ping_status":"closed","template":"","meta":{"_acf_changed":false},"product_brand":[],"product_cat":[28],"product_tag":[],"class_list":{"0":"post-1407","1":"product","2":"type-product","3":"status-publish","4":"has-post-thumbnail","6":"product_cat-underground-ventilation-systems","8":"first","9":"instock","10":"shipping-taxable","11":"product-type-simple"},"acf":[],"_links":{"self":[{"href":"https:\/\/www.zongdamining.com\/fr\/wp-json\/wp\/v2\/product\/1407","targetHints":{"allow":["GET"]}}],"collection":[{"href":"https:\/\/www.zongdamining.com\/fr\/wp-json\/wp\/v2\/product"}],"about":[{"href":"https:\/\/www.zongdamining.com\/fr\/wp-json\/wp\/v2\/types\/product"}],"replies":[{"embeddable":true,"href":"https:\/\/www.zongdamining.com\/fr\/wp-json\/wp\/v2\/comments?post=1407"}],"wp:featuredmedia":[{"embeddable":true,"href":"https:\/\/www.zongdamining.com\/fr\/wp-json\/wp\/v2\/media\/1409"}],"wp:attachment":[{"href":"https:\/\/www.zongdamining.com\/fr\/wp-json\/wp\/v2\/media?parent=1407"}],"wp:term":[{"taxonomy":"product_brand","embeddable":true,"href":"https:\/\/www.zongdamining.com\/fr\/wp-json\/wp\/v2\/product_brand?post=1407"},{"taxonomy":"product_cat","embeddable":true,"href":"https:\/\/www.zongdamining.com\/fr\/wp-json\/wp\/v2\/product_cat?post=1407"},{"taxonomy":"product_tag","embeddable":true,"href":"https:\/\/www.zongdamining.com\/fr\/wp-json\/wp\/v2\/product_tag?post=1407"}],"curies":[{"name":"WP","href":"https:\/\/api.w.org\/{rel}","templated":true}]}}