{"id":1439,"date":"2022-12-12T14:10:59","date_gmt":"2022-12-12T06:10:59","guid":{"rendered":"http:\/\/www.zongdamining.com\/?post_type=product&#038;p=1439"},"modified":"2025-03-17T11:50:51","modified_gmt":"2025-03-17T03:50:51","slug":"underground-mining-winch-mine-hoist-equipment","status":"publish","type":"product","link":"https:\/\/www.zongdamining.com\/fr\/product\/underground-mining-winch-mine-hoist-equipment\/","title":{"rendered":"\u00c9quipement de levage minier souterrain"},"content":{"rendered":"<p><img fetchpriority=\"high\" decoding=\"async\" class=\"alignnone wp-image-1304 size-full\" src=\"http:\/\/www.zongdamining.com\/wp-content\/uploads\/2022\/12\/underground-mining-scraper-winch00025053060.jpg\" alt=\"\" width=\"730\" height=\"730\" srcset=\"https:\/\/www.zongdamining.com\/wp-content\/uploads\/2022\/12\/underground-mining-scraper-winch00025053060.jpg 730w, https:\/\/www.zongdamining.com\/wp-content\/uploads\/2022\/12\/underground-mining-scraper-winch00025053060-300x300.jpg 300w, https:\/\/www.zongdamining.com\/wp-content\/uploads\/2022\/12\/underground-mining-scraper-winch00025053060-150x150.jpg 150w, https:\/\/www.zongdamining.com\/wp-content\/uploads\/2022\/12\/underground-mining-scraper-winch00025053060-600x600.jpg 600w, https:\/\/www.zongdamining.com\/wp-content\/uploads\/2022\/12\/underground-mining-scraper-winch00025053060-100x100.jpg 100w\" sizes=\"(max-width: 730px) 100vw, 730px\" \/><\/p>\n<p><strong>\u00c9quipement de levage minier souterrain<\/strong><\/p>\n<p>L'enrouleur de mine est principalement utilis\u00e9 dans les routes inclin\u00e9es et les puits des mines de charbon, des mines de m\u00e9taux et des mines non m\u00e9talliques pour soulever et r\u00e9duire le personnel et les mat\u00e9riaux.<\/p>\n<p><strong>Caract\u00e9ristiques et avantages<\/strong><\/p>\n<p>1. Coupling \u00e9lastique<\/p>\n<p>a\u3001Tout s'am\u00e9liore au type de broche de tige de nylon, et a un syst\u00e8me de frein auxiliaire; b) Avantage<\/p>\n<p>de l'assemblage et de l'installation: a une fonction tampon pour r\u00e9duire les dommages du moteur.<\/p>\n<p>c\u3001Travail en douceur;<\/p>\n<p>d\u3001Emp\u00eacher que l'inertie survienne, \u00e9viter la perte de vis et la cassure de l'engrenage.<\/p>\n<p>2. Am\u00e9lioration de la station hydraulique :<\/p>\n<p>a\u3001Frenage \u00e0 double \u00e9tape de type azote liquide;<\/p>\n<p>b\u3001Le condensateur est disponible pour l'option d'emp\u00eacher la temp\u00e9rature chaude, assure un<\/p>\n<p>pression constante;<\/p>\n<p>c\u3001Oil-way adoptent tous le tuyau \u00e0 haute pression anti-20 pression;<\/p>\n<p>d\u3001La pression d'huile est dans la plage de valeur nominale;<\/p>\n<p>e\u3001Facile et pratique pour le d\u00e9montage, l'installation et l'entretien; f\u3001Niveau d'huile<\/p>\n<p>syst\u00e8me de surveillance est appliqu\u00e9 sur la station hydraulique.<\/p>\n<p>3. Contr\u00f4le \u00e9lectrique<\/p>\n<p>a\u3001Totalement r\u00e9alise le fonctionnement automatique, les points de d\u00e9c\u00e9l\u00e9ration sont mis en \u0153uvre selon<\/p>\n<p>\u00e0 l'\u00e9tat de la route, stationnement en douceur, aucun frein \u00e0 choc ne se produit.<\/p>\n<p>b\u3001Le syst\u00e8me de contr\u00f4le \u00e9lectrique fabriqu\u00e9 par lui-m\u00eame provient tous de la Chine de haute qualit\u00e9<\/p>\n<p>produits, dans la mesure maximale garantit une performance stable, anti-charge et<\/p>\n<p>La r\u00e9sistance aux chocs a \u00e9t\u00e9 consid\u00e9rablement am\u00e9lior\u00e9e.<\/p>\n<p>c\u3001\u00c9cran d'affichage intelligent avec un syst\u00e8me d'affichage sp\u00e9cial du syst\u00e8me de d\u00e9faillance.<\/p>\n<p>d, r\u00e9alise vraiment le syst\u00e8me de protection 10 du treuil de levage sans aucune influence sur<\/p>\n<p>fonctionnement r\u00e9el de la machine, am\u00e9liore grandement la cible d'exploitation s\u00fbre de la machine.<\/p>\n<p>e\u3001L'interrupteur \u00e0 fonctionnement l\u00e9ger est appliqu\u00e9 \u00e0 la bouche de la mine, stationnement sur place, tr\u00e8s<\/p>\n<p>pr\u00e9cis ;<\/p>\n<p>f\u3001Compar\u00e9 \u00e0 la m\u00eame industrie, notre harnais de blindage avanc\u00e9 a un<\/p>\n<p>significativement am\u00e9lior\u00e9e capacit\u00e9 de r\u00e9sister aux perturbations, en m\u00eame temps ne sera pas<\/p>\n<p>perturber le syst\u00e8me de surveillance de la mine.<\/p>\n<p>g\u3001Le contr\u00f4le \u00e9lectrique a \u00e0 la fois l'application de fonctionnement automatique et manuel, double<\/p>\n<p>contr\u00f4le PLC;<\/p>\n<p>h\u3001Transformateur de fr\u00e9quence r\u00e9alise 1HZ basculement-off flottant.<\/p>\n<p>4. Tous nos produits de treuil de levage sont avec date d'horizon, pas de pas et de trous.<\/p>\n<p>5. Tous les fils et les lignes d'huile sont cach\u00e9s avec une apparence ordonn\u00e9e et g\u00e9n\u00e9reuse.<\/p>\n<p>6. Le bruit du r\u00e9ducteur est r\u00e9duit \u00e0 environ 70dB, la distance entre la dent et la dent est<\/p>\n<p>strictement contr\u00f4l\u00e9 pour \u00eatre 15 ~ 20, \u00e9galement une am\u00e9lioration significative a \u00e9t\u00e9 faite sur<\/p>\n<p>bloc de r\u00e9glage et couverture dentaire flottante, sans potentiel d'accident.<\/p>\n<p>7. Le frein de type \u00e0 disque adopte la conception de Luokuang et nous avons fait de l'am\u00e9lioration sur<\/p>\n<p>il, avec syst\u00e8me de protection contre la fatigue de ressort de disque de frein de type disque et bloc de frein<\/p>\n<p>syst\u00e8me de protection contre l'usure. Pas de fuite d'huile.<\/p>\n<p>8. L'indicateur de profondeur adopte tous la connexion directe, la structure compacte, remplacer l'entra\u00eenement \u00e0 cha\u00eene.<\/p>\n<p>9. Chaque couvercle protecteur adopte tous la connexion divis\u00e9e, qui est facile pour l'installation,<\/p>\n<p>\u00e9viter les frappements.<\/p>\n<p><strong>Donn\u00e9es techniques<\/strong><\/p>\n<table class=\"table\" style=\"width: 100%;\" border=\"0\" width=\"100%\" cellspacing=\"0\" cellpadding=\"0\">\n<tbody>\n<tr class=\"firstRow\">\n<td style=\"width: 8.10157%;\" width=\"51\">Mod\u00e8le<\/td>\n<td style=\"width: 23.4583%;\" colspan=\"3\" width=\"147\">Bobinage tambour<\/td>\n<td style=\"width: 38.4522%;\" colspan=\"5\" width=\"236\">c\u00e2ble<\/td>\n<td style=\"width: 19.4679%;\" colspan=\"2\" width=\"123\">moteur<\/td>\n<td style=\"width: 10.399%;\" width=\"66\">Poids<\/td>\n<\/tr>\n<tr>\n<td style=\"width: 8.10157%;\" width=\"51\"><\/td>\n<td style=\"width: 6.89238%;\" width=\"43\">Quantit\u00e9<\/td>\n<td style=\"width: 7.49698%;\" width=\"47\">Dia.  (mm)<\/td>\n<td style=\"width: 9.06892%;\" width=\"57\">Largeur (mm)<\/td>\n<td style=\"width: 6.16687%;\" width=\"38\">Tirage (kn)<\/td>\n<td style=\"width: 7.49698%;\" width=\"47\">Fil (kn)<\/td>\n<td style=\"width: 7.49698%;\" width=\"47\">Diam\u00e8tre (mm)<\/td>\n<td style=\"width: 7.49698%;\" width=\"47\">Diam\u00e8tre (mm)<\/td>\n<td style=\"width: 9.79444%;\" width=\"57\">Poissocit\u00e9 (m\/s)<\/td>\n<td style=\"width: 9.06892%;\" width=\"57\">Puissance<br \/>\n(kW)<\/td>\n<td style=\"width: 10.399%;\" width=\"66\">Rotation (rpm)<\/td>\n<td style=\"width: 10.399%;\" width=\"66\">Sans moteur \/ contr\u00f4le<\/td>\n<\/tr>\n<tr>\n<td style=\"width: 8.10157%;\" rowspan=\"2\" width=\"51\">ZDJT-0.8<\/td>\n<td style=\"width: 6.89238%;\" rowspan=\"2\" width=\"43\">1<\/td>\n<td style=\"width: 7.49698%;\" rowspan=\"2\" width=\"47\">800<\/td>\n<td style=\"width: 9.06892%;\" rowspan=\"2\" width=\"57\">600<\/td>\n<td style=\"width: 6.16687%;\" rowspan=\"2\" width=\"38\">15<\/td>\n<td style=\"width: 7.49698%;\" rowspan=\"2\" width=\"47\">15<\/td>\n<td style=\"width: 7.49698%;\" rowspan=\"2\" width=\"47\">16<\/td>\n<td style=\"width: 7.49698%;\" rowspan=\"2\" width=\"47\">480<\/td>\n<td style=\"width: 9.79444%;\" width=\"57\">1<\/td>\n<td style=\"width: 9.06892%;\" width=\"57\">22<\/td>\n<td style=\"width: 10.399%;\" width=\"66\">730<\/td>\n<td style=\"width: 10.399%;\" rowspan=\"2\" width=\"66\">2195 kg<\/td>\n<\/tr>\n<tr>\n<td style=\"width: 9.79444%;\" width=\"57\">1.35<\/td>\n<td style=\"width: 9.06892%;\" width=\"57\">30<\/td>\n<td style=\"width: 10.399%;\" width=\"66\">960<\/td>\n<\/tr>\n<\/tbody>\n<\/table>\n<p><img decoding=\"async\" class=\"alignnone wp-image-1302 size-full\" src=\"http:\/\/www.zongdamining.com\/wp-content\/uploads\/2022\/12\/202005260901078eb89ff0ef8543c7a88e07770de49c4f.jpg\" alt=\"\" width=\"750\" height=\"750\" srcset=\"https:\/\/www.zongdamining.com\/wp-content\/uploads\/2022\/12\/202005260901078eb89ff0ef8543c7a88e07770de49c4f.jpg 750w, https:\/\/www.zongdamining.com\/wp-content\/uploads\/2022\/12\/202005260901078eb89ff0ef8543c7a88e07770de49c4f-300x300.jpg 300w, https:\/\/www.zongdamining.com\/wp-content\/uploads\/2022\/12\/202005260901078eb89ff0ef8543c7a88e07770de49c4f-150x150.jpg 150w, https:\/\/www.zongdamining.com\/wp-content\/uploads\/2022\/12\/202005260901078eb89ff0ef8543c7a88e07770de49c4f-600x600.jpg 600w, https:\/\/www.zongdamining.com\/wp-content\/uploads\/2022\/12\/202005260901078eb89ff0ef8543c7a88e07770de49c4f-100x100.jpg 100w\" sizes=\"(max-width: 750px) 100vw, 750px\" \/><\/p>","protected":false},"excerpt":{"rendered":"<p>L'enrouleur de mine est principalement utilis\u00e9 dans les routes inclin\u00e9es et les puits des mines de charbon, des mines de m\u00e9taux et des mines non m\u00e9talliques pour soulever et r\u00e9duire le personnel et les mat\u00e9riaux.<\/p>","protected":false},"featured_media":1302,"comment_status":"open","ping_status":"closed","template":"","meta":{"_acf_changed":false},"product_brand":[],"product_cat":[29],"product_tag":[],"class_list":{"0":"post-1439","1":"product","2":"type-product","3":"status-publish","4":"has-post-thumbnail","6":"product_cat-underground-hoisting-system","8":"first","9":"instock","10":"shipping-taxable","11":"product-type-simple"},"acf":[],"_links":{"self":[{"href":"https:\/\/www.zongdamining.com\/fr\/wp-json\/wp\/v2\/product\/1439","targetHints":{"allow":["GET"]}}],"collection":[{"href":"https:\/\/www.zongdamining.com\/fr\/wp-json\/wp\/v2\/product"}],"about":[{"href":"https:\/\/www.zongdamining.com\/fr\/wp-json\/wp\/v2\/types\/product"}],"replies":[{"embeddable":true,"href":"https:\/\/www.zongdamining.com\/fr\/wp-json\/wp\/v2\/comments?post=1439"}],"wp:featuredmedia":[{"embeddable":true,"href":"https:\/\/www.zongdamining.com\/fr\/wp-json\/wp\/v2\/media\/1302"}],"wp:attachment":[{"href":"https:\/\/www.zongdamining.com\/fr\/wp-json\/wp\/v2\/media?parent=1439"}],"wp:term":[{"taxonomy":"product_brand","embeddable":true,"href":"https:\/\/www.zongdamining.com\/fr\/wp-json\/wp\/v2\/product_brand?post=1439"},{"taxonomy":"product_cat","embeddable":true,"href":"https:\/\/www.zongdamining.com\/fr\/wp-json\/wp\/v2\/product_cat?post=1439"},{"taxonomy":"product_tag","embeddable":true,"href":"https:\/\/www.zongdamining.com\/fr\/wp-json\/wp\/v2\/product_tag?post=1439"}],"curies":[{"name":"WP","href":"https:\/\/api.w.org\/{rel}","templated":true}]}}