{"id":1450,"date":"2022-12-12T14:16:36","date_gmt":"2022-12-12T06:16:36","guid":{"rendered":"http:\/\/www.zongdamining.com\/?post_type=product&#038;p=1450"},"modified":"2022-12-12T14:16:36","modified_gmt":"2022-12-12T06:16:36","slug":"underground-mining-truck","status":"publish","type":"product","link":"https:\/\/www.zongdamining.com\/fr\/product\/underground-mining-truck\/","title":{"rendered":"Camion minier souterrain"},"content":{"rendered":"<p><img fetchpriority=\"high\" decoding=\"async\" class=\"alignnone wp-image-1452 size-full\" src=\"http:\/\/www.zongdamining.com\/wp-content\/uploads\/2022\/12\/underground-mining-truck38174625834.jpg\" alt=\"\" width=\"730\" height=\"730\" srcset=\"https:\/\/www.zongdamining.com\/wp-content\/uploads\/2022\/12\/underground-mining-truck38174625834.jpg 730w, https:\/\/www.zongdamining.com\/wp-content\/uploads\/2022\/12\/underground-mining-truck38174625834-300x300.jpg 300w, https:\/\/www.zongdamining.com\/wp-content\/uploads\/2022\/12\/underground-mining-truck38174625834-150x150.jpg 150w, https:\/\/www.zongdamining.com\/wp-content\/uploads\/2022\/12\/underground-mining-truck38174625834-600x600.jpg 600w, https:\/\/www.zongdamining.com\/wp-content\/uploads\/2022\/12\/underground-mining-truck38174625834-100x100.jpg 100w\" sizes=\"(max-width: 730px) 100vw, 730px\" \/><\/p>\n<p><strong>Caract\u00e9ristiques<\/strong><\/p>\n<p>Charge nominale de 20t, adapt\u00e9e au tunnel \u22654.5\u00d74.5m<\/p>\n<p><img decoding=\"async\" class=\"alignnone wp-image-1454 size-full\" src=\"http:\/\/www.zongdamining.com\/wp-content\/uploads\/2022\/12\/underground-mining-truck38177552547.jpg\" alt=\"\" width=\"730\" height=\"730\" srcset=\"https:\/\/www.zongdamining.com\/wp-content\/uploads\/2022\/12\/underground-mining-truck38177552547.jpg 730w, https:\/\/www.zongdamining.com\/wp-content\/uploads\/2022\/12\/underground-mining-truck38177552547-300x300.jpg 300w, https:\/\/www.zongdamining.com\/wp-content\/uploads\/2022\/12\/underground-mining-truck38177552547-150x150.jpg 150w, https:\/\/www.zongdamining.com\/wp-content\/uploads\/2022\/12\/underground-mining-truck38177552547-600x600.jpg 600w, https:\/\/www.zongdamining.com\/wp-content\/uploads\/2022\/12\/underground-mining-truck38177552547-100x100.jpg 100w\" sizes=\"(max-width: 730px) 100vw, 730px\" \/><\/p>\n<p>Adopter cadre articul\u00e9 central<\/p>\n<p>Levage double cylindre pour le seau<\/p>\n<p>Le v\u00e9hicule adopte le syst\u00e8me de commande hydraulique complet, qui assure bien la s\u00e9curit\u00e9, le confort et la durabilit\u00e9 du contr\u00f4le.<\/p>\n<p><strong>Donn\u00e9es techniques<\/strong><\/p>\n<p>&nbsp;<\/p>\n<table class=\"table\" border=\"0\" width=\"100%\" cellspacing=\"0\" cellpadding=\"0\">\n<tbody>\n<tr class=\"firstRow\">\n<td width=\"177\">Dimension<\/td>\n<td width=\"439\">9050\uff08\u00b1100\uff09mm\u00d72280\uff08\u00b150\uff09mm\u00d72400\uff08\u00b150\uff09mm<\/td>\n<\/tr>\n<tr>\n<td width=\"177\">moteur<\/td>\n<td width=\"439\">DEUTZ F12L413FW \/ 204kW (VOLVO TAD853VE \/ 235KW en option)<\/td>\n<\/tr>\n<tr>\n<td width=\"177\">Convertisseur de couple<\/td>\n<td width=\"439\">DANA C5000<\/td>\n<\/tr>\n<tr>\n<td width=\"177\">Transmission<\/td>\n<td width=\"439\">DANA R36000<\/td>\n<\/tr>\n<\/tbody>\n<\/table>\n<p>&nbsp;<\/p>\n<table class=\"table\" style=\"width: 100%;\" border=\"0\" width=\"100%\" cellspacing=\"0\" cellpadding=\"0\">\n<tbody>\n<tr class=\"firstRow\">\n<td style=\"width: 27.8114%;\" width=\"168\">Essieu d'entra\u00eenement<\/td>\n<td style=\"width: 71.9468%;\" width=\"437\">KESSLER Allemagne<\/td>\n<\/tr>\n<tr>\n<td style=\"width: 27.8114%;\" width=\"168\">seau<\/td>\n<td style=\"width: 71.9468%;\" width=\"437\">10m\u00b3<\/td>\n<\/tr>\n<tr>\n<td style=\"width: 27.8114%;\" width=\"168\">Charge nominale<\/td>\n<td style=\"width: 71.9468%;\" width=\"437\">20 tonnes<\/td>\n<\/tr>\n<tr>\n<td style=\"width: 27.8114%;\" width=\"168\">Poids de d\u00e9chargement<\/td>\n<td style=\"width: 71.9468%;\" width=\"437\">20.8t<\/td>\n<\/tr>\n<tr>\n<td style=\"width: 27.8114%;\" width=\"168\">Capacit\u00e9 d'escalade<\/td>\n<td style=\"width: 71.9468%;\" width=\"437\">15\u00b0<\/td>\n<\/tr>\n<tr>\n<td style=\"width: 27.8114%;\" width=\"168\">D\u00e9gagement Min.Ground<\/td>\n<td style=\"width: 71.9468%;\" width=\"437\">340 mm<\/td>\n<\/tr>\n<tr>\n<td style=\"width: 27.8114%;\" width=\"168\">Vitesse<\/td>\n<td style=\"width: 71.9468%;\" width=\"437\">0-30.9km\/h<\/td>\n<\/tr>\n<tr>\n<td style=\"width: 27.8114%;\" width=\"168\">Angle de tournage<\/td>\n<td style=\"width: 71.9468%;\" width=\"437\">\u00b1 42\u00b0<\/td>\n<\/tr>\n<tr>\n<td style=\"width: 27.8114%;\" width=\"168\">Angle joint<\/td>\n<td style=\"width: 71.9468%;\" width=\"437\">\u00b1 8\u00b0<\/td>\n<\/tr>\n<tr>\n<td style=\"width: 27.8114%;\" rowspan=\"3\" width=\"168\">Min. rayon de direction<\/td>\n<td style=\"width: 71.9468%;\" width=\"437\">5105 (\u00b150) mm (\u00e0 l'int\u00e9rieur)<\/td>\n<\/tr>\n<tr>\n<td style=\"width: 71.9468%;\" colspan=\"1\" rowspan=\"2\" width=\"437\">8275 (\u00b150) mm (ext\u00e9rieur)<\/td>\n<\/tr>\n<\/tbody>\n<\/table>\n<p><img decoding=\"async\" class=\"alignnone wp-image-1455 size-full\" src=\"http:\/\/www.zongdamining.com\/wp-content\/uploads\/2022\/12\/underground-mining-truck31059989942.jpg\" alt=\"\" width=\"730\" height=\"730\" srcset=\"https:\/\/www.zongdamining.com\/wp-content\/uploads\/2022\/12\/underground-mining-truck31059989942.jpg 730w, https:\/\/www.zongdamining.com\/wp-content\/uploads\/2022\/12\/underground-mining-truck31059989942-300x300.jpg 300w, https:\/\/www.zongdamining.com\/wp-content\/uploads\/2022\/12\/underground-mining-truck31059989942-150x150.jpg 150w, https:\/\/www.zongdamining.com\/wp-content\/uploads\/2022\/12\/underground-mining-truck31059989942-600x600.jpg 600w, https:\/\/www.zongdamining.com\/wp-content\/uploads\/2022\/12\/underground-mining-truck31059989942-100x100.jpg 100w\" sizes=\"(max-width: 730px) 100vw, 730px\" \/><\/p>","protected":false},"excerpt":{"rendered":"<p>Le v\u00e9hicule adopte le syst\u00e8me de commande hydraulique complet, qui assure bien la s\u00e9curit\u00e9, le confort et la durabilit\u00e9 du contr\u00f4le.<\/p>","protected":false},"featured_media":1455,"comment_status":"open","ping_status":"closed","template":"","meta":{"_acf_changed":false},"product_brand":[],"product_cat":[15],"product_tag":[],"class_list":{"0":"post-1450","1":"product","2":"type-product","3":"status-publish","4":"has-post-thumbnail","6":"product_cat-trackless-mining-equipment","8":"first","9":"instock","10":"shipping-taxable","11":"product-type-simple"},"acf":[],"_links":{"self":[{"href":"https:\/\/www.zongdamining.com\/fr\/wp-json\/wp\/v2\/product\/1450","targetHints":{"allow":["GET"]}}],"collection":[{"href":"https:\/\/www.zongdamining.com\/fr\/wp-json\/wp\/v2\/product"}],"about":[{"href":"https:\/\/www.zongdamining.com\/fr\/wp-json\/wp\/v2\/types\/product"}],"replies":[{"embeddable":true,"href":"https:\/\/www.zongdamining.com\/fr\/wp-json\/wp\/v2\/comments?post=1450"}],"wp:featuredmedia":[{"embeddable":true,"href":"https:\/\/www.zongdamining.com\/fr\/wp-json\/wp\/v2\/media\/1455"}],"wp:attachment":[{"href":"https:\/\/www.zongdamining.com\/fr\/wp-json\/wp\/v2\/media?parent=1450"}],"wp:term":[{"taxonomy":"product_brand","embeddable":true,"href":"https:\/\/www.zongdamining.com\/fr\/wp-json\/wp\/v2\/product_brand?post=1450"},{"taxonomy":"product_cat","embeddable":true,"href":"https:\/\/www.zongdamining.com\/fr\/wp-json\/wp\/v2\/product_cat?post=1450"},{"taxonomy":"product_tag","embeddable":true,"href":"https:\/\/www.zongdamining.com\/fr\/wp-json\/wp\/v2\/product_tag?post=1450"}],"curies":[{"name":"WP","href":"https:\/\/api.w.org\/{rel}","templated":true}]}}