{"id":1456,"date":"2022-12-12T14:18:21","date_gmt":"2022-12-12T06:18:21","guid":{"rendered":"http:\/\/www.zongdamining.com\/?post_type=product&#038;p=1456"},"modified":"2026-01-27T09:53:53","modified_gmt":"2026-01-27T01:53:53","slug":"factory-of-underground-mining-dump-truck-with-competitive-price","status":"publish","type":"product","link":"https:\/\/www.zongdamining.com\/fr\/product\/factory-of-underground-mining-dump-truck-with-competitive-price\/","title":{"rendered":"Fabrique de camion \u00e0 virure minier souterrain avec prix comp\u00e9titif"},"content":{"rendered":"<div>\n<p>Nous pouvons toujours satisfaire nos clients respect\u00e9s avec notre bonne qualit\u00e9, bon prix et bon service car nous sommes plus professionnels et plus travailleurs et le faisons de mani\u00e8re rentable pour Machine d'exploration souterraine, Camion souterrain, Chargeur minier souterrain de charbon. Notre niveau technique et notre assurance qualit\u00e9 permettent \u00e0 nos produits de gagner continuellement la confiance et la faveur des clients \u00e9trangers. Nous attendons avec impatience votre visite.<\/p>\n<\/div>\n<div>\n<p><img fetchpriority=\"high\" decoding=\"async\" class=\"alignnone wp-image-1453 size-full\" src=\"http:\/\/www.zongdamining.com\/wp-content\/uploads\/2022\/12\/underground-mining-truck38176055494.jpg\" alt=\"\" width=\"730\" height=\"730\" srcset=\"https:\/\/www.zongdamining.com\/wp-content\/uploads\/2022\/12\/underground-mining-truck38176055494.jpg 730w, https:\/\/www.zongdamining.com\/wp-content\/uploads\/2022\/12\/underground-mining-truck38176055494-300x300.jpg 300w, https:\/\/www.zongdamining.com\/wp-content\/uploads\/2022\/12\/underground-mining-truck38176055494-150x150.jpg 150w, https:\/\/www.zongdamining.com\/wp-content\/uploads\/2022\/12\/underground-mining-truck38176055494-600x600.jpg 600w, https:\/\/www.zongdamining.com\/wp-content\/uploads\/2022\/12\/underground-mining-truck38176055494-100x100.jpg 100w\" sizes=\"(max-width: 730px) 100vw, 730px\" \/><\/p>\n<p><strong>Caract\u00e9ristiques<\/strong><\/p>\n<p>Charge nominale de 20t, adapt\u00e9e au tunnel \u22654.5\u00d74.5m<\/p>\n<p><img decoding=\"async\" class=\"alignnone wp-image-1454 size-full\" src=\"http:\/\/www.zongdamining.com\/wp-content\/uploads\/2022\/12\/underground-mining-truck38177552547.jpg\" alt=\"\" width=\"730\" height=\"730\" srcset=\"https:\/\/www.zongdamining.com\/wp-content\/uploads\/2022\/12\/underground-mining-truck38177552547.jpg 730w, https:\/\/www.zongdamining.com\/wp-content\/uploads\/2022\/12\/underground-mining-truck38177552547-300x300.jpg 300w, https:\/\/www.zongdamining.com\/wp-content\/uploads\/2022\/12\/underground-mining-truck38177552547-150x150.jpg 150w, https:\/\/www.zongdamining.com\/wp-content\/uploads\/2022\/12\/underground-mining-truck38177552547-600x600.jpg 600w, https:\/\/www.zongdamining.com\/wp-content\/uploads\/2022\/12\/underground-mining-truck38177552547-100x100.jpg 100w\" sizes=\"(max-width: 730px) 100vw, 730px\" \/><\/p>\n<p>Adopter cadre articul\u00e9 central<\/p>\n<p>Levage double cylindre pour le seau<\/p>\n<p>Le v\u00e9hicule adopte le syst\u00e8me de commande hydraulique complet, qui assure bien la s\u00e9curit\u00e9, le confort et la durabilit\u00e9 du contr\u00f4le.<\/p>\n<p><strong>Donn\u00e9es techniques<\/strong><\/p>\n<p>&nbsp;<\/p>\n<table class=\"table\" border=\"0\" width=\"100%\" cellspacing=\"0\" cellpadding=\"0\">\n<tbody>\n<tr class=\"firstRow\">\n<td width=\"177\">Dimension<\/td>\n<td width=\"439\">9050\uff08\u00b1100\uff09mm\u00d72280\uff08\u00b150\uff09mm\u00d72400\uff08\u00b150\uff09mm<\/td>\n<\/tr>\n<tr>\n<td width=\"177\">moteur<\/td>\n<td width=\"439\">DEUTZ F12L413FW \/ 204kW (VOLVO TAD853VE \/ 235KW en option)<\/td>\n<\/tr>\n<tr>\n<td width=\"177\">Convertisseur de couple<\/td>\n<td width=\"439\">DANA C5000<\/td>\n<\/tr>\n<tr>\n<td width=\"177\">Transmission<\/td>\n<td width=\"439\">DANA R36000<\/td>\n<\/tr>\n<\/tbody>\n<\/table>\n<p>&nbsp;<\/p>\n<table class=\"table\" border=\"0\" width=\"100%\" cellspacing=\"0\" cellpadding=\"0\">\n<tbody>\n<tr class=\"firstRow\">\n<td width=\"168\">Essieu d'entra\u00eenement<\/td>\n<td width=\"437\">KESSLER Allemagne<\/td>\n<\/tr>\n<tr>\n<td width=\"168\">seau<\/td>\n<td width=\"437\">10m\u00b3<\/td>\n<\/tr>\n<tr>\n<td width=\"168\">Charge nominale<\/td>\n<td width=\"437\">20 tonnes<\/td>\n<\/tr>\n<tr>\n<td width=\"168\">Poids de d\u00e9chargement<\/td>\n<td width=\"437\">20.8t<\/td>\n<\/tr>\n<tr>\n<td width=\"168\">Capacit\u00e9 d'escalade<\/td>\n<td width=\"437\">15\u00b0<\/td>\n<\/tr>\n<tr>\n<td width=\"168\">D\u00e9gagement Min.Ground<\/td>\n<td width=\"437\">340 mm<\/td>\n<\/tr>\n<tr>\n<td width=\"168\">Vitesse<\/td>\n<td width=\"437\">0-30.9km\/h<\/td>\n<\/tr>\n<tr>\n<td width=\"168\">Angle de tournage<\/td>\n<td width=\"437\">\u00b1 42\u00b0<\/td>\n<\/tr>\n<tr>\n<td width=\"168\">Angle joint<\/td>\n<td width=\"437\">\u00b1 8\u00b0<\/td>\n<\/tr>\n<tr>\n<td rowspan=\"3\" width=\"168\">Min. rayon de direction<\/td>\n<td width=\"437\">5105 (\u00b150) mm (\u00e0 l'int\u00e9rieur)<\/td>\n<\/tr>\n<tr>\n<td colspan=\"1\" rowspan=\"2\" width=\"437\">8275 (\u00b150) mm (ext\u00e9rieur)<\/td>\n<\/tr>\n<\/tbody>\n<\/table>\n<p><img decoding=\"async\" class=\"alignnone wp-image-1455 size-full\" src=\"http:\/\/www.zongdamining.com\/wp-content\/uploads\/2022\/12\/underground-mining-truck31059989942.jpg\" alt=\"\" width=\"730\" height=\"730\" srcset=\"https:\/\/www.zongdamining.com\/wp-content\/uploads\/2022\/12\/underground-mining-truck31059989942.jpg 730w, https:\/\/www.zongdamining.com\/wp-content\/uploads\/2022\/12\/underground-mining-truck31059989942-300x300.jpg 300w, https:\/\/www.zongdamining.com\/wp-content\/uploads\/2022\/12\/underground-mining-truck31059989942-150x150.jpg 150w, https:\/\/www.zongdamining.com\/wp-content\/uploads\/2022\/12\/underground-mining-truck31059989942-600x600.jpg 600w, https:\/\/www.zongdamining.com\/wp-content\/uploads\/2022\/12\/underground-mining-truck31059989942-100x100.jpg 100w\" sizes=\"(max-width: 730px) 100vw, 730px\" \/><\/p>\n<\/div>\n<div><\/div>\n<div>\n<p>Notre progr\u00e8s d\u00e9pend des machines innovantes, de grands talents et des forces technologiques constamment renforc\u00e9es pour l'usine de camion \u00e0 virure minier souterrain avec un prix comp\u00e9titif. Notre objectif est de s'efforcer d'obtenir une am\u00e9lioration constante de la qualit\u00e9 du produit avec des prix comp\u00e9titifs pour le livrer en temps opportun et fiable en assurant aux clients&#8217; satisfaction avec le service. Avec une bonne r\u00e9putation et un service d\u00e9di\u00e9, nous avons gagn\u00e9 la reconnaissance unanime et les \u00e9loges des utilisateurs.<\/p>\n<\/div>","protected":false},"excerpt":{"rendered":"<p>Le v\u00e9hicule adopte le syst\u00e8me de commande hydraulique complet, qui assure bien la s\u00e9curit\u00e9, le confort et la durabilit\u00e9 du contr\u00f4le.<\/p>","protected":false},"featured_media":1455,"comment_status":"open","ping_status":"closed","template":"","meta":{"_acf_changed":false},"product_brand":[],"product_cat":[15],"product_tag":[],"class_list":{"0":"post-1456","1":"product","2":"type-product","3":"status-publish","4":"has-post-thumbnail","6":"product_cat-trackless-mining-equipment","8":"first","9":"instock","10":"shipping-taxable","11":"product-type-simple"},"acf":[],"_links":{"self":[{"href":"https:\/\/www.zongdamining.com\/fr\/wp-json\/wp\/v2\/product\/1456","targetHints":{"allow":["GET"]}}],"collection":[{"href":"https:\/\/www.zongdamining.com\/fr\/wp-json\/wp\/v2\/product"}],"about":[{"href":"https:\/\/www.zongdamining.com\/fr\/wp-json\/wp\/v2\/types\/product"}],"replies":[{"embeddable":true,"href":"https:\/\/www.zongdamining.com\/fr\/wp-json\/wp\/v2\/comments?post=1456"}],"wp:featuredmedia":[{"embeddable":true,"href":"https:\/\/www.zongdamining.com\/fr\/wp-json\/wp\/v2\/media\/1455"}],"wp:attachment":[{"href":"https:\/\/www.zongdamining.com\/fr\/wp-json\/wp\/v2\/media?parent=1456"}],"wp:term":[{"taxonomy":"product_brand","embeddable":true,"href":"https:\/\/www.zongdamining.com\/fr\/wp-json\/wp\/v2\/product_brand?post=1456"},{"taxonomy":"product_cat","embeddable":true,"href":"https:\/\/www.zongdamining.com\/fr\/wp-json\/wp\/v2\/product_cat?post=1456"},{"taxonomy":"product_tag","embeddable":true,"href":"https:\/\/www.zongdamining.com\/fr\/wp-json\/wp\/v2\/product_tag?post=1456"}],"curies":[{"name":"WP","href":"https:\/\/api.w.org\/{rel}","templated":true}]}}