{"id":1471,"date":"2022-12-12T14:37:51","date_gmt":"2022-12-12T06:37:51","guid":{"rendered":"http:\/\/www.zongdamining.com\/?post_type=product&#038;p=1471"},"modified":"2023-01-29T16:45:12","modified_gmt":"2023-01-29T08:45:12","slug":"3t-trolley-electric-locomotive-overhead-line-mining-locomotive","status":"publish","type":"product","link":"https:\/\/www.zongdamining.com\/fr\/product\/3t-trolley-electric-locomotive-overhead-line-mining-locomotive\/","title":{"rendered":"Locomotive \u00e9lectrique de chariot 3t, locomotive mini\u00e8re de ligne a\u00e9rienne"},"content":{"rendered":"<p>Notre objectif devrait \u00eatre de consolider et d'am\u00e9liorer la qualit\u00e9 sup\u00e9rieure et le service des biens actuels, en attendant cr\u00e9er fr\u00e9quemment de nouveaux produits pour satisfaire divers clients&#8217; appels pour Locomotive de batterie d'exploitation mini\u00e8re \u00e0 l'\u00e9preuve de la flamme, Loco d'exploitation mini\u00e8re souterraine \u00e0 l'\u00e9preuve de la flamme, Pulv\u00e9risateur de b\u00e9ton mobile pour l'exploitation mini\u00e8re souterraine. Nous respectons &#8216; c\u0153ur \u00e0 faire, cr\u00e9er de la valeur pour les clients&#8217; philosophie d'entreprise, avec une attitude de travail professionnelle, standardis\u00e9e et m\u00e9ticuleuse. Entrant dans une nouvelle \u00e8re, nous nous souviendrons de notre mission originale et nous nous engagerons \u00e0 nouveau \u00e0 cultiver notre culture d\u2019entreprise distinctive.<\/p>\n<p><img fetchpriority=\"high\" decoding=\"async\" class=\"alignnone wp-image-1474 size-full\" src=\"http:\/\/www.zongdamining.com\/wp-content\/uploads\/2022\/12\/trolley-electric-locomotive41076860823.jpg\" alt=\"\" width=\"730\" height=\"730\" srcset=\"https:\/\/www.zongdamining.com\/wp-content\/uploads\/2022\/12\/trolley-electric-locomotive41076860823.jpg 730w, https:\/\/www.zongdamining.com\/wp-content\/uploads\/2022\/12\/trolley-electric-locomotive41076860823-300x300.jpg 300w, https:\/\/www.zongdamining.com\/wp-content\/uploads\/2022\/12\/trolley-electric-locomotive41076860823-150x150.jpg 150w, https:\/\/www.zongdamining.com\/wp-content\/uploads\/2022\/12\/trolley-electric-locomotive41076860823-600x600.jpg 600w, https:\/\/www.zongdamining.com\/wp-content\/uploads\/2022\/12\/trolley-electric-locomotive41076860823-100x100.jpg 100w\" sizes=\"(max-width: 730px) 100vw, 730px\" \/><\/p>\n<p><strong>CJY14\/610 G250<\/strong><\/p>\n<p><strong>Donn\u00e9es techniques<\/strong><\/p>\n<p>14t Trolley Electric Locomotives sont de nouveaux produits sp\u00e9cialement con\u00e7us pour les grandes mines, avec des caract\u00e9ristiques de taille compacte, d'empattement court, de petit rayon de virage, de vitesse plus rapide et de force de traction plus grande. Les locomotives \u00e0 r\u00e9gulation de vitesse sans pas IGBT sont une nouvelle g\u00e9n\u00e9ration de produits \u00e0 \u00e9conomie d'\u00e9nergie avec un d\u00e9marrage stable et un destin de d\u00e9faillance faible.<\/p>\n<p>Le moteur adopte un ressort en caoutchouc en forme de V, qui peut tenir et vibration et impact dans les directions longitudinale, transversale et verticale. Sa plaque d'aile utilise les plaques d'aile \u00e9lastiques en caoutchouc pour garantir un petit impact subi lors du passage de la fosse de d\u00e9chargement.<\/p>\n<p><img decoding=\"async\" class=\"alignnone wp-image-1476 size-full\" src=\"http:\/\/www.zongdamining.com\/wp-content\/uploads\/2022\/12\/2020042110433239368777ab2e41c8948db8a817589603.jpg\" alt=\"\" width=\"750\" height=\"750\" srcset=\"https:\/\/www.zongdamining.com\/wp-content\/uploads\/2022\/12\/2020042110433239368777ab2e41c8948db8a817589603.jpg 750w, https:\/\/www.zongdamining.com\/wp-content\/uploads\/2022\/12\/2020042110433239368777ab2e41c8948db8a817589603-300x300.jpg 300w, https:\/\/www.zongdamining.com\/wp-content\/uploads\/2022\/12\/2020042110433239368777ab2e41c8948db8a817589603-150x150.jpg 150w, https:\/\/www.zongdamining.com\/wp-content\/uploads\/2022\/12\/2020042110433239368777ab2e41c8948db8a817589603-600x600.jpg 600w, https:\/\/www.zongdamining.com\/wp-content\/uploads\/2022\/12\/2020042110433239368777ab2e41c8948db8a817589603-100x100.jpg 100w\" sizes=\"(max-width: 750px) 100vw, 750px\" \/><\/p>\n<div class=\"table-responsive\">\n<table class=\"table\" border=\"0\" width=\"100%\" cellspacing=\"0\" cellpadding=\"0\">\n<tbody>\n<tr class=\"firstRow\">\n<td width=\"243\">Poids adh\u00e9sif<\/td>\n<td width=\"189\">t<\/td>\n<td width=\"217\">14<\/td>\n<\/tr>\n<tr>\n<td width=\"243\">Gauge<\/td>\n<td width=\"189\">mm<\/td>\n<td width=\"217\">610<\/td>\n<\/tr>\n<tr>\n<td width=\"243\">Tension nominale<\/td>\n<td width=\"189\">v<\/td>\n<td width=\"217\">250<\/td>\n<\/tr>\n<tr>\n<td width=\"243\">Force de traction nominale heure<\/td>\n<td width=\"189\">KN<\/td>\n<td width=\"217\">26.68<\/td>\n<\/tr>\n<tr>\n<td width=\"243\">Heure Vitesse nominale<\/td>\n<td width=\"189\">Km\/h<\/td>\n<td width=\"217\">12.9<\/td>\n<\/tr>\n<tr>\n<td width=\"243\">Vitesse structurelle<\/td>\n<td width=\"189\">Km\/h<\/td>\n<td width=\"217\">27<\/td>\n<\/tr>\n<tr>\n<td width=\"243\">Moteur \u00e9lectrique et puissance<\/td>\n<td width=\"189\">kW<\/td>\n<td width=\"217\">2*52<\/td>\n<\/tr>\n<tr>\n<td width=\"243\">Base de roue<\/td>\n<td width=\"189\">mm<\/td>\n<td width=\"217\">1700<\/td>\n<\/tr>\n<tr>\n<td width=\"243\">Min. rayon de courbure<\/td>\n<td width=\"189\">m<\/td>\n<td width=\"217\">22<\/td>\n<\/tr>\n<tr>\n<td width=\"243\">Dia. De roue<\/td>\n<td width=\"189\">mm<\/td>\n<td width=\"217\">760<\/td>\n<\/tr>\n<tr>\n<td width=\"243\">Shake Absorbant<\/td>\n<td width=\"189\"><\/td>\n<td width=\"217\">Absorbeur d'agitation de plaque<\/td>\n<\/tr>\n<tr>\n<td width=\"243\">Type de contr\u00f4le<\/td>\n<td width=\"189\"><\/td>\n<td width=\"217\">Contr\u00f4le de la r\u00e9sistance ou contr\u00f4le du chopper<\/td>\n<\/tr>\n<tr>\n<td width=\"243\">Type de frein<\/td>\n<td width=\"189\"><\/td>\n<td width=\"217\">frein m\u00e9canique<\/td>\n<\/tr>\n<tr>\n<td width=\"243\">Type d'entra\u00eenement<\/td>\n<td width=\"189\"><\/td>\n<td width=\"217\">Ferm\u00e9 Two Stage Gear Drive<\/td>\n<\/tr>\n<tr>\n<td width=\"243\">Collecteur pantographe<\/td>\n<td width=\"189\"><\/td>\n<td width=\"217\">Personnalis\u00e9<\/td>\n<\/tr>\n<tr>\n<td width=\"243\">Dimension ext\u00e9rieure<\/td>\n<td width=\"189\">mm<\/td>\n<td width=\"217\">L : 4660mm<br \/>\nL: 1270mm<br \/>\nH: Confirmant selon Pantograpg personnalis\u00e9<\/td>\n<\/tr>\n<tr>\n<td width=\"243\">Exigences relatives \u00e0 la couverture du corps<\/td>\n<td width=\"189\"><\/td>\n<td width=\"217\">Bulge centrale pour le flux d'eau<\/td>\n<\/tr>\n<tr>\n<td width=\"243\">Peinture et couleur<\/td>\n<td width=\"189\"><\/td>\n<td width=\"217\">Pr\u00e9vention am\u00e9lior\u00e9e de la corrosion et de la rouille, peinture rouge.<\/td>\n<\/tr>\n<\/tbody>\n<\/table>\n<p><img decoding=\"async\" class=\"alignnone wp-image-1475 size-full\" src=\"http:\/\/www.zongdamining.com\/wp-content\/uploads\/2022\/12\/20200421104509b0ac07d93ca34766b38a5c704709877e.jpg\" alt=\"\" width=\"750\" height=\"675\" srcset=\"https:\/\/www.zongdamining.com\/wp-content\/uploads\/2022\/12\/20200421104509b0ac07d93ca34766b38a5c704709877e.jpg 750w, https:\/\/www.zongdamining.com\/wp-content\/uploads\/2022\/12\/20200421104509b0ac07d93ca34766b38a5c704709877e-300x270.jpg 300w, https:\/\/www.zongdamining.com\/wp-content\/uploads\/2022\/12\/20200421104509b0ac07d93ca34766b38a5c704709877e-600x540.jpg 600w\" sizes=\"(max-width: 750px) 100vw, 750px\" \/><\/p>\n<p>Nous nous d\u00e9passons constamment, et nous nous engageons \u00e0 continuer \u00e0 fournir aux fabricants et aux clients une technologie de pointe et une locomotive \u00e9lectrique \u00e0 chariot 3t rentable, une locomotive mini\u00e8re de ligne a\u00e9rienne. Notre entreprise avance avec la strat\u00e9gie de &#8216; orient\u00e9 vers la technologie, la qualit\u00e9 pour la survie, et la r\u00e9putation pour le d\u00e9veloppement&#8217;  . Notre soci\u00e9t\u00e9 a une \u00e9quipe de promotion de marketing professionnelle, accumul\u00e9 riche connaissance professionnelle et exp\u00e9rience de coop\u00e9ration afin que nous puissions fournir un service plus parfait pour les clients.<\/p>\n<\/div>","protected":false},"excerpt":{"rendered":"<p>14t Trolley Electric Locomotives sont de nouveaux produits sp\u00e9cialement con\u00e7us pour les grandes mines, avec des caract\u00e9ristiques de taille compacte, d'empattement court, de petit rayon de virage, de vitesse plus rapide et de force de traction plus grande.<\/p>","protected":false},"featured_media":1474,"comment_status":"open","ping_status":"closed","template":"","meta":{"_acf_changed":false},"product_brand":[],"product_cat":[27],"product_tag":[],"class_list":{"0":"post-1471","1":"product","2":"type-product","3":"status-publish","4":"has-post-thumbnail","6":"product_cat-underground-mining-locomotives","8":"first","9":"instock","10":"shipping-taxable","11":"product-type-simple"},"acf":[],"_links":{"self":[{"href":"https:\/\/www.zongdamining.com\/fr\/wp-json\/wp\/v2\/product\/1471","targetHints":{"allow":["GET"]}}],"collection":[{"href":"https:\/\/www.zongdamining.com\/fr\/wp-json\/wp\/v2\/product"}],"about":[{"href":"https:\/\/www.zongdamining.com\/fr\/wp-json\/wp\/v2\/types\/product"}],"replies":[{"embeddable":true,"href":"https:\/\/www.zongdamining.com\/fr\/wp-json\/wp\/v2\/comments?post=1471"}],"wp:featuredmedia":[{"embeddable":true,"href":"https:\/\/www.zongdamining.com\/fr\/wp-json\/wp\/v2\/media\/1474"}],"wp:attachment":[{"href":"https:\/\/www.zongdamining.com\/fr\/wp-json\/wp\/v2\/media?parent=1471"}],"wp:term":[{"taxonomy":"product_brand","embeddable":true,"href":"https:\/\/www.zongdamining.com\/fr\/wp-json\/wp\/v2\/product_brand?post=1471"},{"taxonomy":"product_cat","embeddable":true,"href":"https:\/\/www.zongdamining.com\/fr\/wp-json\/wp\/v2\/product_cat?post=1471"},{"taxonomy":"product_tag","embeddable":true,"href":"https:\/\/www.zongdamining.com\/fr\/wp-json\/wp\/v2\/product_tag?post=1471"}],"curies":[{"name":"WP","href":"https:\/\/api.w.org\/{rel}","templated":true}]}}