{"id":1497,"date":"2022-12-12T15:09:24","date_gmt":"2022-12-12T07:09:24","guid":{"rendered":"http:\/\/www.zongdamining.com\/?post_type=product&#038;p=1497"},"modified":"2022-12-12T15:10:14","modified_gmt":"2022-12-12T07:10:14","slug":"underground-mining-ventilation-fan","status":"publish","type":"product","link":"https:\/\/www.zongdamining.com\/fr\/product\/underground-mining-ventilation-fan\/","title":{"rendered":"Ventilateur de ventilation mini\u00e8re souterraine"},"content":{"rendered":"<div class=\"pro-details-tit\"><\/div>\n<div class=\"pro-details\">\n<p><img fetchpriority=\"high\" decoding=\"async\" class=\"alignnone wp-image-1502 size-full\" src=\"http:\/\/www.zongdamining.com\/wp-content\/uploads\/2022\/12\/underground-mining-ventilation-fan07263682408.jpg\" alt=\"\" width=\"730\" height=\"730\" srcset=\"https:\/\/www.zongdamining.com\/wp-content\/uploads\/2022\/12\/underground-mining-ventilation-fan07263682408.jpg 730w, https:\/\/www.zongdamining.com\/wp-content\/uploads\/2022\/12\/underground-mining-ventilation-fan07263682408-300x300.jpg 300w, https:\/\/www.zongdamining.com\/wp-content\/uploads\/2022\/12\/underground-mining-ventilation-fan07263682408-150x150.jpg 150w, https:\/\/www.zongdamining.com\/wp-content\/uploads\/2022\/12\/underground-mining-ventilation-fan07263682408-600x600.jpg 600w, https:\/\/www.zongdamining.com\/wp-content\/uploads\/2022\/12\/underground-mining-ventilation-fan07263682408-100x100.jpg 100w\" sizes=\"(max-width: 730px) 100vw, 730px\" \/><\/p>\n<p><strong>Sp\u00e9cification du produit<\/strong><\/p>\n<p>Ventilateur de ventilation mini\u00e8re souterraine<\/p>\n<p>Ventilateur de ventilation mini\u00e8re souterraine de la s\u00e9rie K d\u00e9velopp\u00e9 par la station de promotion de l'\u00e9conomie d'\u00e9nergie de la mine du minist\u00e8re de l'industrie m\u00e9tallurgique au d\u00e9but des ann\u00e9es 1980, a les avantages uniques d'une efficacit\u00e9 a\u00e9rodynamique \u00e9lev\u00e9e, d'une bonne correspondance avec le r\u00e9seau de ventilation et d'un effet d'\u00e9conomie d'\u00e9nergie extr\u00eamement important; en outre, l'angle d'installation de la lame est r\u00e9glable, le vent inverse peut \u00eatre invers\u00e9 et le bruit de fonctionnement est faible. En m\u00eame temps, la structure de connexion directe du moteur et de la roue est adopt\u00e9e, qui a une bonne stabilit\u00e9 globale et une installation Il est pratique, s\u00fbr et fiable, facile \u00e0 entretenir et faible r\u00e9sistance locale du dispositif. En tant que ventilateur principal, son volume de travail civil de l'appareil est tr\u00e8s petit, ce qui peut \u00e9conomiser beaucoup d'investissement. Il convient \u00e0 l'installation souterraine et est le ventilateur le plus id\u00e9al dans le syst\u00e8me de ventilation multi\u00e9tage de station de ventilation.<\/p>\n<p>Les ventilateurs \u00e0 \u00e9conomie d'\u00e9nergie miniers de la s\u00e9rie K sont largement utilis\u00e9s dans la m\u00e9tallurgie, les m\u00e9taux non ferreux, l'or, l'industrie chimique, les mat\u00e9riaux de construction, l'industrie nucl\u00e9aire et d'autres mines de syst\u00e8me. Les ventilateurs \u00e0 \u00e9conomie d'\u00e9nergie miniers de la s\u00e9rie K comprennent principalement les ventilateurs locaux de la s\u00e9rie JK, DJK, les ventilateurs principaux de la s\u00e9rie K et DK et les ventilateurs auxiliaires. La nouvelle g\u00e9n\u00e9ration de ventilateurs miniers \u00e0 \u00e9conomie d'\u00e9nergie de la s\u00e9rie K, DK est \u00e9quip\u00e9e d'un dispositif \u00e0 anneau \u00e0 d\u00e9bit constant, sans bosse sur la courbe caract\u00e9ristique, d'une efficacit\u00e9 plus \u00e9lev\u00e9e, de meilleures performances, de meilleures sp\u00e9cifications et d'une gamme d'applications plus large. Toutes sortes de mines non charbonni\u00e8res, grandes, moyennes et petites, peuvent \u00eatre s\u00e9lectionn\u00e9es parmi le ventilateur principal, le ventilateur auxiliaire, le ventilateur local et les ventilateurs de station de ventilation.<\/p>\n<p><img decoding=\"async\" class=\"alignnone wp-image-1500 size-full\" src=\"http:\/\/www.zongdamining.com\/wp-content\/uploads\/2022\/12\/underground-mining-ventilation-fan12360088769.jpg\" alt=\"\" width=\"730\" height=\"730\" srcset=\"https:\/\/www.zongdamining.com\/wp-content\/uploads\/2022\/12\/underground-mining-ventilation-fan12360088769.jpg 730w, https:\/\/www.zongdamining.com\/wp-content\/uploads\/2022\/12\/underground-mining-ventilation-fan12360088769-300x300.jpg 300w, https:\/\/www.zongdamining.com\/wp-content\/uploads\/2022\/12\/underground-mining-ventilation-fan12360088769-150x150.jpg 150w, https:\/\/www.zongdamining.com\/wp-content\/uploads\/2022\/12\/underground-mining-ventilation-fan12360088769-600x600.jpg 600w, https:\/\/www.zongdamining.com\/wp-content\/uploads\/2022\/12\/underground-mining-ventilation-fan12360088769-100x100.jpg 100w\" sizes=\"(max-width: 730px) 100vw, 730px\" \/><\/p>\n<p>Les ventilateurs partiels de ventilation mini\u00e8re souterraine de la s\u00e9rie JK avec un rendement \u00e9lev\u00e9, une \u00e9conomie d'\u00e9nergie et un faible bruit sont con\u00e7us en fonction des besoins de ventilation partielle dans diverses mines non carboni\u00e8res, telles que la m\u00e9tallurgie, l'industrie non ferrouse, l'or, l'industrie chimique, les mat\u00e9riaux de construction et l'industrie nucl\u00e9aire. Ils s'appliquent \u00e0 la ventilation de l'excavation routi\u00e8re, au tirage induit de l'arr\u00eat et de la fresse \u00e9lectrique, \u00e0 la ventilation \u00e0 la d\u00e9rive de l'exploitation mini\u00e8re de sous-niveau sans pilier de fond, \u00e0 la ventilation locale et \u00e0 une ventilation auxiliaire. Il peut \u00e9galement \u00eatre utilis\u00e9 dans la construction de tunnels, la construction d'ing\u00e9nierie souterraine et d'autres occasions n\u00e9cessitant l'alimentation d'air par conduit d'air.<\/p>\n<p>La conception des ventilateurs locaux de la s\u00e9rie JK tient compte de mani\u00e8re exhaustive du volume d'air des gaz d'\u00e9chappement de poussi\u00e8re et de charbon, de la distance d'alimentation d'air de la conduite d'air, des sp\u00e9cifications de la conduite d'air couramment utilis\u00e9e, de la valeur de la r\u00e9sistance \u00e0 l'air et des conditions de service dans la mine, etc. requises par diverses op\u00e9rations de ventilation locale. Les ventilateurs locaux de la s\u00e9rie JK sont divis\u00e9s en trois cat\u00e9gories: roue de travail \u00e0 p\u00f4le unique jk-1no, roue de travail \u00e0 double \u00e9tage jk-2no et op\u00e9ration \u00e0 contre-rotation DJK. Parmi eux, les ventilateurs locaux de la s\u00e9rie jk40 et les ventilateurs locaux rotatifs de la s\u00e9rie djk50 peuvent \u00eatre install\u00e9s directement sur le plancher de la route, ou accroch\u00e9s sur le mur lat\u00e9ral ou sous le toit de la route.<\/p>\n<p><img decoding=\"async\" class=\"alignnone wp-image-1501 size-full\" src=\"http:\/\/www.zongdamining.com\/wp-content\/uploads\/2022\/12\/underground-mining-ventilation-fan12361182498-1.jpg\" alt=\"\" width=\"730\" height=\"730\" srcset=\"https:\/\/www.zongdamining.com\/wp-content\/uploads\/2022\/12\/underground-mining-ventilation-fan12361182498-1.jpg 730w, https:\/\/www.zongdamining.com\/wp-content\/uploads\/2022\/12\/underground-mining-ventilation-fan12361182498-1-300x300.jpg 300w, https:\/\/www.zongdamining.com\/wp-content\/uploads\/2022\/12\/underground-mining-ventilation-fan12361182498-1-150x150.jpg 150w, https:\/\/www.zongdamining.com\/wp-content\/uploads\/2022\/12\/underground-mining-ventilation-fan12361182498-1-600x600.jpg 600w, https:\/\/www.zongdamining.com\/wp-content\/uploads\/2022\/12\/underground-mining-ventilation-fan12361182498-1-100x100.jpg 100w\" sizes=\"(max-width: 730px) 100vw, 730px\" \/><\/p>\n<p><strong>Caract\u00e9ristiques de la s\u00e9rie JK<\/strong><\/p>\n<p>(1) Efficacit\u00e9 de fonctionnement \u00e9lev\u00e9e. L'efficacit\u00e9 de pression totale la plus \u00e9lev\u00e9e des roues de travail \u00e0 un \u00e9tage et \u00e0 deux \u00e9tages est respectivement de 92% et de 83%, et l'efficacit\u00e9 de pression totale la plus \u00e9lev\u00e9e du type contre-rotatif est de 85%, ce qui est de 20 \u00e0 30% plus \u00e9lev\u00e9 que les ventilateurs locaux de la s\u00e9rie JF originale, et a un effet d'\u00e9conomie d'\u00e9nergie \u00e9vident.<\/p>\n<p>(2) Il poss\u00e8de une r\u00e9glementation compl\u00e8te et une grande adaptabilit\u00e9. Il existe diff\u00e9rentes combinaisons de volume d'air et de valeur de pression totale des ventilateurs locaux. La distance d'alimentation d'air varie de 80m \u00e0 600m (la distance d'alimentation d'air pour le fonctionnement en s\u00e9rie peut \u00eatre sup\u00e9rieure \u00e0 1200m), qui peut r\u00e9pondre aux diff\u00e9rents besoins des utilisateurs.<\/p>\n<p>(3) Petite taille, poids l\u00e9ger, mouvement flexible et pratique. Lorsque ses performances sont essentiellement les m\u00eames que celles des ventilateurs locaux de la s\u00e9rie JF, son volume et son poids sont r\u00e9duits de 20-30% et de 20-30% respectivement.<\/p>\n<p>(4) Faible bruit. Le bruit de JKNO. 4 ventilateur local mesur\u00e9 en plein espace ne doit pas d\u00e9passer 86db (a). Si vous avez des exigences sp\u00e9ciales pour le bruit des ventilateurs locaux, notre usine peut fournir un ensemble complet de silencieux. Veuillez donner une explication lors de la commande.<\/p>\n<p>Les moteurs des ventilateurs locaux de la s\u00e9rie JK et DJK sont 2 p\u00f4les, et la vitesse est de 2860 ~ 2930r \/ min.<\/p>\n<p>&nbsp;<\/p>\n<table class=\"table\" border=\"0\" width=\"100%\" cellspacing=\"0\" cellpadding=\"0\">\n<tbody>\n<tr class=\"firstRow\">\n<td rowspan=\"2\" width=\"93\">Type<\/td>\n<td rowspan=\"2\" width=\"72\">Puissance (kw)<\/td>\n<td rowspan=\"2\" width=\"72\">Volume d'air (m\u00b3\/s)<\/td>\n<td rowspan=\"2\" width=\"72\">Pression totale (Pa)<\/td>\n<td rowspan=\"2\" align=\"center\" valign=\"middle\" width=\"72\">Mini. diam\u00e8tre du conduit d'air<\/p>\n<p>(mm)<\/td>\n<td rowspan=\"2\" align=\"center\" valign=\"middle\" width=\"75\">Distance d'alimentation d'air (m)<\/td>\n<td colspan=\"3\" width=\"214\">Taille (mm)<\/td>\n<\/tr>\n<tr>\n<td width=\"71\">D<\/td>\n<td width=\"71\">L<\/td>\n<td width=\"71\">H<\/td>\n<\/tr>\n<tr>\n<td width=\"93\">le JK58-1 \u21163<\/td>\n<td width=\"72\">1.5<\/td>\n<td width=\"72\">0.9-1.4<\/td>\n<td width=\"72\">928-575<\/td>\n<td width=\"72\">300<\/td>\n<td width=\"75\">80<\/td>\n<td width=\"71\">390<\/td>\n<td width=\"71\">486<\/td>\n<td width=\"71\">230<\/td>\n<\/tr>\n<tr>\n<td width=\"93\">le JK58-1 \u21163.5<\/td>\n<td width=\"72\">3<\/td>\n<td width=\"72\">1.5-2.4<\/td>\n<td width=\"72\">1263-752<\/td>\n<td width=\"72\">350<\/td>\n<td width=\"75\">150<\/td>\n<td width=\"71\">450<\/td>\n<td width=\"71\">562<\/td>\n<td width=\"71\">260<\/td>\n<\/tr>\n<tr>\n<td width=\"93\">le JK58-1 \u21164<\/td>\n<td width=\"72\">5.5<\/td>\n<td width=\"72\">2.2-3.5<\/td>\n<td width=\"72\">1648-1020<\/td>\n<td width=\"72\">400<\/td>\n<td width=\"75\">200<\/td>\n<td width=\"71\">520<\/td>\n<td width=\"71\">649<\/td>\n<td width=\"71\">290<\/td>\n<\/tr>\n<tr>\n<td width=\"93\">le JK58-1 \u21164.5<\/td>\n<td width=\"72\">11<\/td>\n<td width=\"72\">3.1-5.0<\/td>\n<td width=\"72\">2093-1295<\/td>\n<td width=\"72\">450<\/td>\n<td width=\"75\">300<\/td>\n<td width=\"71\">585<\/td>\n<td width=\"71\">728<\/td>\n<td width=\"71\">320<\/td>\n<\/tr>\n<tr>\n<td width=\"93\">le JK58-2 \u21164<\/td>\n<td width=\"72\">11<\/td>\n<td width=\"72\">2.2-3.5<\/td>\n<td width=\"72\">2923-1811<\/td>\n<td width=\"72\">400<\/td>\n<td width=\"75\">400<\/td>\n<td width=\"71\">520<\/td>\n<td width=\"71\">877<\/td>\n<td width=\"71\">290<\/td>\n<\/tr>\n<tr>\n<td width=\"93\">le JK55-2 \u21164.5<\/td>\n<td width=\"72\">11<\/td>\n<td width=\"72\">3.0-5.2<\/td>\n<td width=\"72\">2276-1811<\/td>\n<td width=\"72\">450<\/td>\n<td width=\"75\">300<\/td>\n<td width=\"71\">543<\/td>\n<td width=\"71\">704<\/td>\n<td width=\"71\">275<\/td>\n<\/tr>\n<tr>\n<td width=\"93\">le JK55-1 \u21165<\/td>\n<td width=\"72\">11<\/td>\n<td width=\"72\">4.2-6.6<\/td>\n<td width=\"72\">1726-1324<\/td>\n<td width=\"72\">450<\/td>\n<td width=\"75\">200<\/td>\n<td width=\"71\">600<\/td>\n<td width=\"71\">535<\/td>\n<td width=\"71\">400<\/td>\n<\/tr>\n<tr>\n<td width=\"93\">JK56-1\u21163.15<\/td>\n<td width=\"72\">2.2<\/td>\n<td width=\"72\">1.4-2.1<\/td>\n<td width=\"72\">853-588<\/td>\n<td width=\"72\">300<\/td>\n<td width=\"75\">80<\/td>\n<td width=\"71\">374<\/td>\n<td width=\"71\">634<\/td>\n<td width=\"71\">193<\/td>\n<\/tr>\n<tr>\n<td width=\"93\">le JK56-1 \u21164<\/td>\n<td width=\"72\">4<\/td>\n<td width=\"72\">0.1-3.4<\/td>\n<td width=\"72\">1275-981<\/td>\n<td width=\"72\">400<\/td>\n<td width=\"75\">150<\/td>\n<td width=\"71\">477<\/td>\n<td width=\"71\">682<\/td>\n<td width=\"71\">240<\/td>\n<\/tr>\n<tr>\n<td width=\"93\">le JK67-1 \u21164.5<\/td>\n<td width=\"72\">7.5<\/td>\n<td width=\"72\">2.6-4.2<\/td>\n<td width=\"72\">2256-1177<\/td>\n<td width=\"72\">400<\/td>\n<td width=\"75\">250<\/td>\n<td width=\"71\">540<\/td>\n<td width=\"71\">760<\/td>\n<td width=\"71\">270<\/td>\n<\/tr>\n<tr>\n<td width=\"93\">le JK67-2 \u21164.5<\/td>\n<td width=\"72\">11<\/td>\n<td width=\"72\">2.8-4.3<\/td>\n<td width=\"72\">3237-1471<\/td>\n<td width=\"72\">400<\/td>\n<td width=\"75\">400<\/td>\n<td width=\"71\">540<\/td>\n<td width=\"71\">860<\/td>\n<td width=\"71\">270<\/td>\n<\/tr>\n<tr>\n<td width=\"93\">BJK67-1 \u2116.25<\/td>\n<td width=\"72\">30<\/td>\n<td width=\"72\">4.0-6.3<\/td>\n<td width=\"72\">3776-2648<\/td>\n<td width=\"72\">500<\/td>\n<td width=\"75\">600<\/td>\n<td width=\"71\">620<\/td>\n<td width=\"71\">1364<\/td>\n<td width=\"71\">310<\/td>\n<\/tr>\n<tr>\n<td width=\"93\">le JK40-1 \u21165.5<\/td>\n<td width=\"72\">5.5<\/td>\n<td width=\"72\">4.3-5.1<\/td>\n<td width=\"72\">633-475<\/td>\n<td width=\"72\">550<\/td>\n<td width=\"75\">120<\/td>\n<td width=\"71\">720<\/td>\n<td width=\"71\">3800<\/td>\n<td width=\"71\">337<\/td>\n<\/tr>\n<tr>\n<td width=\"93\">le JK40-1 \u21166.5<\/td>\n<td width=\"72\">11<\/td>\n<td width=\"72\">7.1-8.4<\/td>\n<td width=\"72\">884-663<\/td>\n<td width=\"72\">650<\/td>\n<td width=\"75\">140<\/td>\n<td width=\"71\">742<\/td>\n<td width=\"71\">3800<\/td>\n<td width=\"71\">396<\/td>\n<\/tr>\n<tr>\n<td width=\"93\">le JK40-1 \u21167<\/td>\n<td width=\"72\">15<\/td>\n<td width=\"72\">8.8-10.5<\/td>\n<td width=\"72\">1025-769<\/td>\n<td width=\"72\">700<\/td>\n<td width=\"75\">140<\/td>\n<td width=\"71\">795<\/td>\n<td width=\"71\">4100<\/td>\n<td width=\"71\">425<\/td>\n<\/tr>\n<tr>\n<td width=\"93\">le JK40-1 \u21167.5<\/td>\n<td width=\"72\">22<\/td>\n<td width=\"72\">10.9-12.9<\/td>\n<td width=\"72\">1177-883<\/td>\n<td width=\"72\">750<\/td>\n<td width=\"75\">150<\/td>\n<td width=\"71\">824<\/td>\n<td width=\"71\">4100<\/td>\n<td width=\"71\">455<\/td>\n<\/tr>\n<tr>\n<td width=\"93\">le JK40-1 \u21168<\/td>\n<td width=\"72\">30<\/td>\n<td width=\"72\">13.2-15.6<\/td>\n<td width=\"72\">1339-1005<\/td>\n<td width=\"72\">800<\/td>\n<td width=\"75\">150<\/td>\n<td width=\"71\">848<\/td>\n<td width=\"71\">4350<\/td>\n<td width=\"71\">485<\/td>\n<\/tr>\n<tr>\n<td width=\"93\">Le DJK50- \u21165.5<\/td>\n<td width=\"72\">2 \u00d7 5,5<\/td>\n<td width=\"72\">4.8-5.8<\/td>\n<td width=\"72\">1182-515<\/td>\n<td width=\"72\">550<\/td>\n<td width=\"75\">180<\/td>\n<td width=\"71\">948<\/td>\n<td width=\"71\">3800<\/td>\n<td width=\"71\">337<\/td>\n<\/tr>\n<tr>\n<td width=\"93\">Le DJK50- \u21166.5<\/td>\n<td width=\"72\">2\u00d711<\/td>\n<td width=\"72\">7.9-9.5<\/td>\n<td width=\"72\">1651-719<\/td>\n<td width=\"72\">650<\/td>\n<td width=\"75\">200<\/td>\n<td width=\"71\">1120<\/td>\n<td width=\"71\">3800<\/td>\n<td width=\"71\">396<\/td>\n<\/tr>\n<tr>\n<td width=\"93\">Le DJK50- \u21167<\/td>\n<td width=\"72\">2\u00d715<\/td>\n<td width=\"72\">9.9-11.9<\/td>\n<td width=\"72\">1915-834<\/td>\n<td width=\"72\">700<\/td>\n<td width=\"75\">200<\/td>\n<td width=\"71\">1207<\/td>\n<td width=\"71\">4100<\/td>\n<td width=\"71\">425<\/td>\n<\/tr>\n<tr>\n<td width=\"93\">Le DJK50- \u21167.5<\/td>\n<td width=\"72\">2\u00d722<\/td>\n<td width=\"72\">12.2-14.6<\/td>\n<td width=\"72\">2198-957<\/td>\n<td width=\"72\">750<\/td>\n<td width=\"75\">220<\/td>\n<td width=\"71\">1293<\/td>\n<td width=\"71\">4100<\/td>\n<td width=\"71\">455<\/td>\n<\/tr>\n<tr>\n<td width=\"93\">Le DJK50- \u21168<\/td>\n<td width=\"72\">2\u00d730<\/td>\n<td width=\"72\">14.8-17.8<\/td>\n<td width=\"72\">2501-1089<\/td>\n<td width=\"72\">800<\/td>\n<td width=\"75\">220<\/td>\n<td width=\"71\">1340<\/td>\n<td width=\"71\">4350<\/td>\n<td width=\"71\">485<\/td>\n<\/tr>\n<\/tbody>\n<\/table>\n<\/div>","protected":false},"excerpt":{"rendered":"<p>Ventilateur de ventilation mini\u00e8re souterraine s\u00e9rie K d\u00e9velopp\u00e9 par la station de promotion d'\u00e9conomie d'\u00e9nergie de la mine du minist\u00e8re de l'industrie m\u00e9tallurgique au d\u00e9but des ann\u00e9es 1980, a les avantages uniques d'une efficacit\u00e9 a\u00e9rodynamique \u00e9lev\u00e9e<\/p>","protected":false},"featured_media":1502,"comment_status":"open","ping_status":"closed","template":"","meta":{"_acf_changed":false},"product_brand":[],"product_cat":[28],"product_tag":[],"class_list":{"0":"post-1497","1":"product","2":"type-product","3":"status-publish","4":"has-post-thumbnail","6":"product_cat-underground-ventilation-systems","8":"first","9":"instock","10":"shipping-taxable","11":"product-type-simple"},"acf":[],"_links":{"self":[{"href":"https:\/\/www.zongdamining.com\/fr\/wp-json\/wp\/v2\/product\/1497","targetHints":{"allow":["GET"]}}],"collection":[{"href":"https:\/\/www.zongdamining.com\/fr\/wp-json\/wp\/v2\/product"}],"about":[{"href":"https:\/\/www.zongdamining.com\/fr\/wp-json\/wp\/v2\/types\/product"}],"replies":[{"embeddable":true,"href":"https:\/\/www.zongdamining.com\/fr\/wp-json\/wp\/v2\/comments?post=1497"}],"wp:featuredmedia":[{"embeddable":true,"href":"https:\/\/www.zongdamining.com\/fr\/wp-json\/wp\/v2\/media\/1502"}],"wp:attachment":[{"href":"https:\/\/www.zongdamining.com\/fr\/wp-json\/wp\/v2\/media?parent=1497"}],"wp:term":[{"taxonomy":"product_brand","embeddable":true,"href":"https:\/\/www.zongdamining.com\/fr\/wp-json\/wp\/v2\/product_brand?post=1497"},{"taxonomy":"product_cat","embeddable":true,"href":"https:\/\/www.zongdamining.com\/fr\/wp-json\/wp\/v2\/product_cat?post=1497"},{"taxonomy":"product_tag","embeddable":true,"href":"https:\/\/www.zongdamining.com\/fr\/wp-json\/wp\/v2\/product_tag?post=1497"}],"curies":[{"name":"WP","href":"https:\/\/api.w.org\/{rel}","templated":true}]}}