{"id":1520,"date":"2022-12-12T15:22:51","date_gmt":"2022-12-12T07:22:51","guid":{"rendered":"http:\/\/www.zongdamining.com\/?post_type=product&#038;p=1520"},"modified":"2026-02-12T15:21:17","modified_gmt":"2026-02-12T07:21:17","slug":"underground-scooptram-lhd-wj-3-mine-wheel-loader-price","status":"publish","type":"product","link":"https:\/\/www.zongdamining.com\/fr\/product\/underground-scooptram-lhd-wj-3-mine-wheel-loader-price\/","title":{"rendered":"Chargeur souterrain ZDL307 pour minerai de mine &#038; chargement de roches d\u00e9chets"},"content":{"rendered":"<p>SP\u00c9CIFICATIONS TECHNIQUES<\/p>\n<p>Chargeur souterrain diesel ZDL307<\/p>\n<p><strong><b>\u00a0<\/b><\/strong><\/p>\n<p><strong><b>Chargeur souterrain diesel ZDL307 <\/b><\/strong><strong><b>:<\/b><\/strong><strong><b>\u00c9quipement de chargement sans voie et de transport \u00e0 courte distance<\/b><\/strong><\/p>\n<p><strong><b>\u00a0<\/b><\/strong><\/p>\n<p>Le<strong><b>\u00a0<\/b><\/strong><strong><b>Chargeur souterrain diesel ZDL307<\/b><\/strong>\u00a0principalement utilis\u00e9 en conjonction avec les camions miniers dans les excavations souterraines et les op\u00e9rations mini\u00e8res. Le chargement \u00e0 pelle du minerai et de divers mat\u00e9riaux peut grandement am\u00e9liorer l'efficacit\u00e9 op\u00e9rationnelle et est un \u00e9quipement important pour r\u00e9aliser l'exploitation mini\u00e8re sans voie.<\/p>\n<ol>\n<li><b><\/b><strong><b>Caract\u00e9ristiques techniques<\/b><\/strong>:<\/li>\n<\/ol>\n<ul>\n<li><b><\/b><strong><b>Syst\u00e8me d'alimentation<\/b><\/strong>\u00c9quip\u00e9 d'un moteur refroidi \u00e0 air Deutz.<\/li>\n<li><b><\/b><strong><b>Transmission<\/b><\/strong>: Utilise une bo\u00eete de vitesses et un convertisseur de couple.<\/li>\n<li><b><\/b><strong><b>Syst\u00e8me de freinage<\/b><\/strong>:\n<ul>\n<li><b><\/b><strong><b>frein de conduite<\/b><\/strong>: frein \u00e0 ressort multi-disque humide avec lib\u00e9ration hydraulique.<\/li>\n<li><b><\/b><strong><b>frein de stationnement<\/b><\/strong>: frein \u00e0 ressort sur l'essieu moteur.<\/li>\n<\/ul>\n<\/li>\n<li><b><\/b><strong><b>Cadre<\/b><\/strong>: Structure \u00e0 charni\u00e8re centrale pour une meilleure performance d'adh\u00e9sion.<\/li>\n<li><b><\/b><strong><b>Direction<\/b><\/strong>: Direction assist\u00e9e hydraulique avec un seul cylindre de direction.\n<ol start=\"2\">\n<li><b><\/b><strong><b>Points saillants de la performance<\/b><\/strong>:<\/li>\n<\/ol>\n<\/li>\n<li><b><\/b><strong><b>moteur diesel<\/b><\/strong>Aliment\u00e9 par un moteur diesel fiable.<\/li>\n<li><b><\/b><strong><b>Traction \u00e0 quatre roues<\/b><\/strong>Assure la traction et la man\u0153uvrabilit\u00e9.<\/li>\n<li><b><\/b><strong><b>Conduction lat\u00e9rale<\/b><\/strong>Permet la flexibilit\u00e9 dans des espaces restreints.<\/li>\n<li><b><\/b><strong><b>Direction hydraulique articul\u00e9e centrale<\/b><\/strong>: Grand angle de direction pour un contr\u00f4le pr\u00e9cis.<\/li>\n<li><b><\/b><strong><b>Petit rayon de tournage<\/b><\/strong>Id\u00e9al pour les op\u00e9rations de tunnel de section moyenne.\n<ol start=\"3\">\n<li><b><\/b><strong><b>Mesures de s\u00e9curit\u00e9<\/b><\/strong>:<\/li>\n<\/ol>\n<\/li>\n<li><b><\/b><strong><b>\u00e9quipement de s\u00e9curit\u00e9<\/b><\/strong>Les op\u00e9rateurs doivent porter des casques de s\u00e9curit\u00e9, porter des dispositifs d'auto-sauvetage et utiliser des lampes mini\u00e8res lors de l'entr\u00e9e dans le puits.<\/li>\n<li><b><\/b><strong><b>Entretien r\u00e9gulier<\/b><\/strong>Inspections r\u00e9guli\u00e8res et r\u00e9ponse rapide aux dangers cach\u00e9s.<\/li>\n<li><b><\/b><strong><b>Pas d'entretien pendant l'exploitation<\/b><\/strong>: Il est strictement interdit d'effectuer l'entretien pendant que la machine fonctionne.<\/li>\n<li><b><\/b><strong><b>S\u00e9curit\u00e9 pendant la soudure\/coupe<\/b><\/strong>Confirmer l'absence de mati\u00e8res inflammables ou explosives avant la maintenance.<\/li>\n<li><b><\/b><strong><b>Pr\u00e9cautions pour les tuyaux d'\u00e9chappement<\/b><\/strong>\u00c9vitez le contact physique avec le tuyau d'\u00e9chappement chaud.<\/li>\n<li><b><\/b><strong><b>Entretien du syst\u00e8me hydraulique<\/b><\/strong>La pression doit \u00eatre soulag\u00e9e avant de commencer toute r\u00e9paration.<\/li>\n<\/ul>\n<p><strong><b>\u00a0<\/b><\/strong><\/p>\n<p><strong><b>Conditions d'utilisation pour le<\/b><\/strong><strong><b>\u00a0<\/b><\/strong><strong><b>Chargeur souterrain diesel ZDL307<\/b><\/strong><\/p>\n<ol>\n<li><b><\/b><strong><b>Sp\u00e9cifications du tunnel<\/b><\/strong>:<\/li>\n<\/ol>\n<ul>\n<li>Convient pour les tunnels avec une taille en section transversale de <strong><b>4<\/b><\/strong><strong><b>m\u00e8tres (hauteur) \u00d7<\/b><\/strong><strong><b>4<\/b><\/strong><strong><b>\u00a0m\u00e8tres (largeur) et plus<\/b><\/strong>.<\/li>\n<li>N\u00e9cessite un <strong><b>plaque sup\u00e9rieure ferme<\/b><\/strong>.<\/li>\n<li>rayon de tournure minimum de <strong><b>\u2265 <\/b><\/strong><strong><b>9<\/b><\/strong><strong><b>m\u00e8tres<\/b><\/strong>\u00a0\u00e0 l'ext\u00e9rieur.<\/li>\n<li>La pente routi\u00e8re doit \u00eatre <strong><b>\u2264 14\u00b0<\/b><\/strong>.<\/li>\n<li>ad\u00e9quate <strong><b>ventilation et drainage<\/b><\/strong>sur le lieu de travail.\n<ol start=\"2\">\n<li><b><\/b><strong><b>Facteurs environnementaux<\/b><\/strong>:<\/li>\n<\/ol>\n<\/li>\n<li>Temp\u00e9rature dans le tunnel : <strong><b>-5\u00b0C \u00e0 40\u00b0C<\/b><\/strong>.<\/li>\n<li>Humidit\u00e9 relative maximale (\u00e0 25\u00b0C): <strong><b>Pas plus de 85%<\/b><\/strong>.<\/li>\n<li>Altitude de l'emplacement d'utilisation: <strong><b>Pas plus de 1000 m\u00e8tres<\/b><\/strong>.<\/li>\n<li>Dans les zones de haute altitude (au-dessus de 1000 m\u00e8tres), <strong><b>r\u00e9duction de puissance<\/b><\/strong>n\u00e9cessaire pour l'op\u00e9ration.\n<ol start=\"3\">\n<li><b><\/b><strong><b>Exigences en carburant<\/b><\/strong>:<\/li>\n<\/ol>\n<\/li>\n<li>La teneur en soufre du carburant utilis\u00e9 dans cette machine doit <strong><b>ne pas d\u00e9passer 0,2 %<\/b><\/strong>.\n<ol start=\"4\">\n<li><b><\/b><strong><b>Pr\u00e9cautions de s\u00e9curit\u00e9<\/b><\/strong>:<\/li>\n<\/ol>\n<\/li>\n<li>Strictement <strong><b>interdit<\/b><\/strong>dans des lieux avec <strong><b>gaz inflammables et explosifs<\/b><\/strong> (comme le gaz et la poussi\u00e8re de charbon).<\/li>\n<\/ul>\n<p><strong><b>\u00a0Sp\u00e9cifications techniques<\/b><\/strong><\/p>\n<p><strong><b>Chargeur souterrain diesel ZDL307<\/b><\/strong><strong><b>:<\/b><\/strong><strong><b>Sp\u00e9cifications techniques<\/b><\/strong><\/p>\n<h3><strong><b>1. Param\u00e8tres techniques <\/b><\/strong><\/h3>\n<ul>\n<li><strong> Capacit\u00e9 de charge nominale:<\/strong>7 t (pleine charge)<\/li>\n<li><strong> Capacit\u00e9 du seau (empilage) :<\/strong>3 m\u00b3<\/li>\n<li><strong> Vitesse de conduite maximale <\/strong><\/li>\n<\/ul>\n<p><strong>\u00a0Niveau I :<\/strong>5,8 km\/h<\/p>\n<p><strong>Niveau II :<\/strong>9,7 km\/h<\/p>\n<p><strong>Niveau III : <\/strong>15,1 km\/h<\/p>\n<p><strong>Niveau IV :<\/strong>\u00a020,5 km\/h<\/p>\n<ul>\n<li><strong> Heures de travail :<\/strong>16 s<\/li>\n<li><strong> Capacit\u00e9 maximale d'escalade (charge lourde): \u00a0\u00a0<\/strong>25%<\/li>\n<li><strong> Force de traction maximale:<\/strong>160 kN<\/li>\n<li><strong> Rayon de tournage : <\/strong>c\u00f4t\u00e9 int\u00e9rieur 2800 mm ext\u00e9rieur6000 mm<\/li>\n<li><strong> Hauteur maximale de la machine lors du d\u00e9chargement: <\/strong>1950 mm<\/li>\n<li><strong> Angle de d\u00e9chargement maximum : <\/strong>40\u00b0<\/li>\n<li><strong> Angle de direction: <\/strong>\u00b1 40\u00b0<\/li>\n<li><strong>D\u00e9gagement au sol :<\/strong>280 mm<\/li>\n<li><strong>Dimensions globales :<\/strong>9250 mm \u00d7 2600 mm \u00d7 2250 mm<\/li>\n<li><strong> Poids de fonctionnement de toute la machine:<\/strong>19.5 t<\/li>\n<\/ul>\n<p>&nbsp;<\/p>\n<h3><strong><b>2. Moteur<\/b><\/strong><\/h3>\n<ul>\n<li><strong> Moteur :<\/strong>Moteur \u00e0 faible pollution refroidi par eau DEUTZ BF6M1013EC<\/li>\n<li><strong> Puissance nominale\/vitesse nominale: <\/strong>165kW\/2200 r\/min<\/li>\n<li><strong> M\u00e9thode de d\u00e9marrage : <\/strong>D\u00e9marrage \u00e9lectrique<\/li>\n<li><strong> M\u00e9thode de purification des gaz d'\u00e9chappement: m\u00e9thode de purification catalytique<\/strong><\/li>\n<li><strong> Contr\u00f4le de l'acc\u00e9l\u00e9rateur: Contr\u00f4leur \u00e9lectronique de l'acc\u00e9l\u00e9rateur Williams<\/strong><\/li>\n<\/ul>\n<p><strong><b>\u00a0<\/b><\/strong><\/p>\n<h3><strong><b>3. Syst\u00e8me de transmission<\/b><\/strong><\/h3>\n<ul>\n<li><strong> Mod\u00e8le de transmission: <\/strong>Transmission automatique de la s\u00e9rie DANA R32000;<\/li>\n<li><strong>Convertisseur de couple mod\u00e8le: <\/strong>DANA C270<\/li>\n<li><strong>Mod\u00e8le d'essieu moteur: <\/strong>DANA 16D<\/li>\n<li><strong> Ratio d'entra\u00eenement final: <\/strong>6<\/li>\n<li><strong> Ratio de vitesse de bord de roue: <\/strong>4.46<\/li>\n<li><strong> Ratio de vitesse totale : <\/strong>26.77<\/li>\n<li><strong> Pneumatique : <\/strong>Pneumatique de fil d'acier gonfl\u00e9 lisse 17.5-25R<\/li>\n<\/ul>\n<p><strong><b>\u00a0<\/b><\/strong><\/p>\n<h3><strong><b>4. Syst\u00e8me de freinage<\/b><\/strong><\/h3>\n<ul>\n<li><strong>Pompe de frein: <\/strong>HPT1-16<\/li>\n<li><strong>D\u00e9placement : <\/strong>16 ml\/r<\/li>\n<li><strong>Pression maximale du syst\u00e8me de freinage : <\/strong>19 MPa<\/li>\n<li><strong> Fren de service: Mouill\u00e9 multi-disque soupape de frein \u00e0 ressort mod\u00e8le de frein: <\/strong>MICO<\/li>\n<li><strong>Frein de stationnement : <\/strong>frein \u00e0 ressort sur l'essieu moteur, frein \u00e0 ressort, frein de lib\u00e9ration hydraulique<\/li>\n<li><strong>Mod\u00e8le de vanne de frein de stationnement: <\/strong>RA3\/3\/2\/G-3<\/li>\n<\/ul>\n<p><strong>\u00a0<\/strong><\/p>\n<ol start=\"5\">\n<li><strong> Syst\u00e8me de direction<\/strong><\/li>\n<\/ol>\n<ul>\n<li><strong> Type : <\/strong>Charni\u00e8re centrale, direction hydraulique<\/li>\n<li><strong>Pompe de travail de direction: DANFOSS ERL100 (partag\u00e9e par travail) d\u00e9placement: <\/strong>100 ml\/r<\/li>\n<li><strong>Pression maximale du syst\u00e8me de direction : <\/strong>14 MPa<\/li>\n<li><strong> Diam\u00e8tre du cylindre de direction\/diam\u00e8tre de la tige \u00d7 Nombre de cylindres: <\/strong>\u03c6 100\/\u03c6 55 mm \u00d7 deux<\/li>\n<li><strong>Valve multivoie de direction: <\/strong>PVG100<\/li>\n<\/ul>\n<p>&nbsp;<\/p>\n<h3><strong><b>6. Syst\u00e8me de travail<\/b><\/strong><\/h3>\n<ul>\n<li><strong> Pompe de travail: <\/strong>DANFOSS ERL100<\/li>\n<li><strong> Vanne directionnelle de travail: <\/strong>PVG100<\/li>\n<li><strong> Diam\u00e8tre du cylindre de levage\/diam\u00e8tre de la tige \u00d7 Nombre de cylindres: <\/strong>\u03c6 140\/\u03c6 80 mm \u00d7 2<\/li>\n<li><strong> Diam\u00e8tre du cylindre du seau\/diam\u00e8tre de la tige \u00d7 Nombre de cylindres: <\/strong>\u03c6 200\/\u03c6 110 mm \u00d7 1<\/li>\n<li><strong>Pression maximale du syst\u00e8me de travail: <\/strong>25 MPa<\/li>\n<\/ul>\n<p><strong><b>\u00a0<\/b><\/strong><\/p>\n<h3><strong><b>7. Syst\u00e8me \u00e9lectrique<\/b><\/strong><\/h3>\n<ul>\n<li><strong>Tension du syst\u00e8me: <\/strong>24 V DC<\/li>\n<li><strong>Tension\/puissance du moteur de d\u00e9marrage: <\/strong>24V \/ 6kW<\/li>\n<li><strong>Le harnais de c\u00e2blage est fait de fils r\u00e9sistants aux temp\u00e9ratures \u00e9lev\u00e9es, et des tuyaux ondul\u00e9s de haute qualit\u00e9 sont utilis\u00e9s autour du harnais de c\u00e2blage<\/strong><\/li>\n<li><strong> \u00c9clairage : <\/strong>2 phares avant, 2 \u00d7 75W, 24V<\/li>\n<\/ul>\n<p><strong>2 phares arri\u00e8re, 2 \u00d7 75W, 24V<\/strong><\/p>\n<p><strong>2 plafonniers de cabine, 24 V<\/strong><\/p>\n<p><strong><b>\u00a0<\/b><\/strong><\/p>\n<h3><strong><b>8. Volume du r\u00e9servoir<\/b><\/strong><\/h3>\n<ul>\n<li><strong>R\u00e9servoir d'huile hydraulique: <\/strong>300 L<\/li>\n<li><strong>R\u00e9serve de carburant: <\/strong>200 L<\/li>\n<li><strong>Transmission :<\/strong>36 L<\/li>\n<li><strong> Pi\u00e8ce de transmission principale de l'essieu moteur: <\/strong>17L \u00d7 2<\/li>\n<li><strong>Pi\u00e8ce de r\u00e9duction de roue d'essieu moteur: <\/strong>3.5 L \u00d7 4<\/li>\n<li><strong>Huile lubrifiante moteur:<\/strong>28L<\/li>\n<\/ul>\n<p>&nbsp;<\/p>","protected":false},"excerpt":{"rendered":"<p>Le chargeur LHD souterrain ZONGDA est sp\u00e9cialement utilis\u00e9 pour charger et transporter des mati\u00e8res autres que le charbon apr\u00e8s avoir explos\u00e9 sous la mine. L'environnement doit \u00eatre un tunnel sans mat\u00e9riau explosif, ferme \u00e0 l'arri\u00e8re plan, ventilation ad\u00e9quate, et toit et c\u00f4t\u00e9 de route sans pierre ponce.<\/p>","protected":false},"featured_media":3230,"comment_status":"open","ping_status":"closed","template":"","meta":{"_acf_changed":false},"product_brand":[],"product_cat":[15],"product_tag":[],"class_list":{"0":"post-1520","1":"product","2":"type-product","3":"status-publish","4":"has-post-thumbnail","6":"product_cat-trackless-mining-equipment","8":"first","9":"instock","10":"shipping-taxable","11":"product-type-simple"},"acf":[],"_links":{"self":[{"href":"https:\/\/www.zongdamining.com\/fr\/wp-json\/wp\/v2\/product\/1520","targetHints":{"allow":["GET"]}}],"collection":[{"href":"https:\/\/www.zongdamining.com\/fr\/wp-json\/wp\/v2\/product"}],"about":[{"href":"https:\/\/www.zongdamining.com\/fr\/wp-json\/wp\/v2\/types\/product"}],"replies":[{"embeddable":true,"href":"https:\/\/www.zongdamining.com\/fr\/wp-json\/wp\/v2\/comments?post=1520"}],"wp:featuredmedia":[{"embeddable":true,"href":"https:\/\/www.zongdamining.com\/fr\/wp-json\/wp\/v2\/media\/3230"}],"wp:attachment":[{"href":"https:\/\/www.zongdamining.com\/fr\/wp-json\/wp\/v2\/media?parent=1520"}],"wp:term":[{"taxonomy":"product_brand","embeddable":true,"href":"https:\/\/www.zongdamining.com\/fr\/wp-json\/wp\/v2\/product_brand?post=1520"},{"taxonomy":"product_cat","embeddable":true,"href":"https:\/\/www.zongdamining.com\/fr\/wp-json\/wp\/v2\/product_cat?post=1520"},{"taxonomy":"product_tag","embeddable":true,"href":"https:\/\/www.zongdamining.com\/fr\/wp-json\/wp\/v2\/product_tag?post=1520"}],"curies":[{"name":"WP","href":"https:\/\/api.w.org\/{rel}","templated":true}]}}