{"id":1523,"date":"2022-12-12T15:30:46","date_gmt":"2022-12-12T07:30:46","guid":{"rendered":"http:\/\/www.zongdamining.com\/?post_type=product&#038;p=1523"},"modified":"2022-12-12T15:30:46","modified_gmt":"2022-12-12T07:30:46","slug":"underground-concrete-mixer-truck","status":"publish","type":"product","link":"https:\/\/www.zongdamining.com\/fr\/product\/underground-concrete-mixer-truck\/","title":{"rendered":"Camion m\u00e9langeur de b\u00e9ton souterrain"},"content":{"rendered":"<div class=\"pro-details-tit\"><img fetchpriority=\"high\" decoding=\"async\" class=\"alignnone wp-image-1315 size-full\" src=\"http:\/\/www.zongdamining.com\/wp-content\/uploads\/2022\/12\/underground-concrete-mixing-truck-for-coal42368241315.jpg\" alt=\"\" width=\"730\" height=\"730\" srcset=\"https:\/\/www.zongdamining.com\/wp-content\/uploads\/2022\/12\/underground-concrete-mixing-truck-for-coal42368241315.jpg 730w, https:\/\/www.zongdamining.com\/wp-content\/uploads\/2022\/12\/underground-concrete-mixing-truck-for-coal42368241315-300x300.jpg 300w, https:\/\/www.zongdamining.com\/wp-content\/uploads\/2022\/12\/underground-concrete-mixing-truck-for-coal42368241315-150x150.jpg 150w, https:\/\/www.zongdamining.com\/wp-content\/uploads\/2022\/12\/underground-concrete-mixing-truck-for-coal42368241315-600x600.jpg 600w, https:\/\/www.zongdamining.com\/wp-content\/uploads\/2022\/12\/underground-concrete-mixing-truck-for-coal42368241315-100x100.jpg 100w\" sizes=\"(max-width: 730px) 100vw, 730px\" \/><\/div>\n<div class=\"pro-details\">\n<p>&nbsp;<\/p>\n<p>Le camion m\u00e9langeur de b\u00e9ton souterrain est principalement utilis\u00e9 pour le transport de b\u00e9ton dans le durcissement de la surface de la route<\/p>\n<p><img decoding=\"async\" class=\"alignnone wp-image-1319 size-full\" src=\"http:\/\/www.zongdamining.com\/wp-content\/uploads\/2022\/12\/2020052516341110cb20546e7e4663ac00b1963bb0c780.jpg\" alt=\"\" width=\"750\" height=\"640\" srcset=\"https:\/\/www.zongdamining.com\/wp-content\/uploads\/2022\/12\/2020052516341110cb20546e7e4663ac00b1963bb0c780.jpg 750w, https:\/\/www.zongdamining.com\/wp-content\/uploads\/2022\/12\/2020052516341110cb20546e7e4663ac00b1963bb0c780-300x256.jpg 300w, https:\/\/www.zongdamining.com\/wp-content\/uploads\/2022\/12\/2020052516341110cb20546e7e4663ac00b1963bb0c780-600x512.jpg 600w\" sizes=\"(max-width: 750px) 100vw, 750px\" \/><\/p>\n<p>\u00c0 l'heure actuelle, la technologie du camion m\u00e9langeur de b\u00e9ton au sol a \u00e9t\u00e9 enti\u00e8rement m\u00fbre sur le march\u00e9, et les produits sont diversifi\u00e9s et appliqu\u00e9s \u00e0 de nombreuses industries et projets, ce qui peut grandement am\u00e9liorer l'efficacit\u00e9 de travail. Il y a une s\u00e9rie d'avantages. Cependant, dans l'industrie du charbon, le mode de transport du b\u00e9ton souterrain reste toujours dans l'\u00e9tat original du mode de transport de camion basculeur ouvert, qui est le parti de transport Il est non seulement petit en volume de transport et faible en efficacit\u00e9, mais aussi facile \u00e0 \u00e9clabousser et \u00e0 coucher le b\u00e9ton dans le transport \u00e0 longue distance. Il faut aussi beaucoup d\u2019aide de main-d\u2019\u0153uvre. Cependant, l'utilisation de camions m\u00e9langeurs de b\u00e9ton souterrains est toujours vide dans l'industrie du charbon nationale et mondiale.<\/p>\n<p>Sur la base de cette pr\u00e9misse, notre soci\u00e9t\u00e9, en collaboration avec l'Institut de recherche du groupe Shenhua Shendong, a d\u00e9velopp\u00e9 conjointement un camion m\u00e9langeur de b\u00e9ton anti-explosif adapt\u00e9 aux mines de charbon souterraines. Une fois que ce produit est publi\u00e9, il est largement concern\u00e9 et accueilli. \u00c0 l'heure actuelle, la technologie de ce produit a \u00e9t\u00e9 enti\u00e8rement matur\u00e9e et utilis\u00e9e dans de nombreuses mines de charbon dans le Shanxi, le Shaanxi et la Mongolie int\u00e9rieure, et elle a \u00e9t\u00e9 bien \u00e9valu\u00e9e.<\/p>\n<p>Actuellement, notre soci\u00e9t\u00e9 d\u00e9veloppe les quatre types de produits suivants avec des sp\u00e9cifications diff\u00e9rentes en fonction de l'environnement r\u00e9el des mines de charbon inutilis\u00e9es et des exigences des utilisateurs.<\/p>\n<p><strong>Les avantages par rapport aux autres mod\u00e8les traditionnels<\/strong><\/p>\n<p><img decoding=\"async\" class=\"alignnone wp-image-1524 size-full\" src=\"http:\/\/www.zongdamining.com\/wp-content\/uploads\/2022\/12\/202005251634148d3502644b004f179b6a359edf2e0cdd-1.jpg\" alt=\"\" width=\"750\" height=\"577\" srcset=\"https:\/\/www.zongdamining.com\/wp-content\/uploads\/2022\/12\/202005251634148d3502644b004f179b6a359edf2e0cdd-1.jpg 750w, https:\/\/www.zongdamining.com\/wp-content\/uploads\/2022\/12\/202005251634148d3502644b004f179b6a359edf2e0cdd-1-300x231.jpg 300w, https:\/\/www.zongdamining.com\/wp-content\/uploads\/2022\/12\/202005251634148d3502644b004f179b6a359edf2e0cdd-1-600x462.jpg 600w\" sizes=\"(max-width: 750px) 100vw, 750px\" \/><\/p>\n<p>1. PLUS GRANDE CAPACIT\u00c9: Le camion m\u00e9langeur de b\u00e9ton peut transporter 5 m\u00e8tres cubes \u00e0 la fois, ce qui est 2,5 fois le camion d'ing\u00e9nierie \u00e0 l'\u00e9preuve d'explosion. Par cons\u00e9quent, lors du transport de la m\u00eame quantit\u00e9 de b\u00e9ton, le camion m\u00e9langeur de b\u00e9ton peut consid\u00e9rablement raccourcir le temps de transport et augmenter l'efficacit\u00e9 de travail;<\/p>\n<p>2. Consommation de carburant plus basse: Sous le m\u00eame volume de transport, la consommation de carburant du camion m\u00e9langeur de b\u00e9ton peut \u00eatre \u00e9conomis\u00e9e plus de 80 litres par rapport \u00e0 celle de 100 kilom\u00e8tres. Il r\u00e9duit consid\u00e9rablement la consommation de carburant et \u00e9conomise les co\u00fbts de production. Une sorte de<\/p>\n<p>3. Pr\u00e9vention de la couche: Dans le processus de transport, le camion m\u00e9langeur de b\u00e9ton maintient toujours le b\u00e9ton dans l'\u00e9tat de m\u00e9lange. Dans le cas du transport \u00e0 longue distance, il emp\u00eache efficacement le ph\u00e9nom\u00e8ne de stratification ou de solidification du b\u00e9ton que le camion d'ing\u00e9nierie anti-explosion ne peut \u00e9viter. Une sorte de<\/p>\n<p>4. OPERATION FACILE: Avant que le m\u00e9langeur de b\u00e9ton ne transporte, le mat\u00e9riau est d\u00e9charg\u00e9 avant l'alimentation, et la vanne de d\u00e9charge peut \u00eatre ouverte directement pour d\u00e9charger le mat\u00e9riau, ce qui est pratique pour le fonctionnement des op\u00e9rateurs, et il peut d\u00e9charger le mat\u00e9riau quantitativement pour \u00e9viter les d\u00e9charges et les d\u00e9chets excessifs. Une sorte de<\/p>\n<p>5. Pr\u00e9vention des \u00e9claboussements: Le camion m\u00e9langeur de b\u00e9ton emp\u00eache efficacement le b\u00e9ton d'\u00e9clabousser sur la surface de la route en raison du choc de la surface de la route, ce qui conduit \u00e0 l'endommagement de la surface de la route de la voie de transport. Une sorte de<\/p>\n<p>6. CABINE COMFORTABLE: La cabine adopte une structure scell\u00e9e, qui peut efficacement r\u00e9duire l'exposition des personnes dans les jours pluvieux et enneig\u00e9s au gel en hiver; la cabine est relativement plus \u00e9lev\u00e9e que le v\u00e9hicule d'ing\u00e9nierie \u00e0 l'explosion, et le conducteur&#8217; La vision est bonne.<\/p>\n<p><strong>Param\u00e8tres techniques<\/strong><\/p>\n<p>1) Sp\u00e9cifications du v\u00e9hicule<\/p>\n<table class=\"table\" border=\"0\" width=\"100%\" cellspacing=\"0\" cellpadding=\"0\">\n<tbody>\n<tr class=\"firstRow\">\n<td width=\"45\">Non, non.<\/td>\n<td colspan=\"2\" width=\"250\">Options<\/td>\n<td width=\"269\">Sp\u00e9cification<\/td>\n<\/tr>\n<tr>\n<td width=\"45\">1<\/td>\n<td colspan=\"2\" width=\"250\">Type<\/td>\n<td width=\"269\">JC4.5<\/td>\n<\/tr>\n<tr>\n<td width=\"45\">2<\/td>\n<td colspan=\"2\" width=\"250\">Volume effectif (m3)<\/td>\n<td width=\"269\">4.5<\/td>\n<\/tr>\n<tr>\n<td width=\"45\">3<\/td>\n<td colspan=\"2\" width=\"250\">Poids de freinage (kg)<\/td>\n<td width=\"269\">13000<\/td>\n<\/tr>\n<tr>\n<td width=\"45\">4<\/td>\n<td colspan=\"2\" width=\"250\">Masse de charge nominale (kg)<\/td>\n<td width=\"269\">11000<\/td>\n<\/tr>\n<tr>\n<td width=\"45\">5<\/td>\n<td colspan=\"2\" width=\"250\">Dimensions globales du v\u00e9hicule (L \u00d7 L \u00d7 H) (mm)<\/td>\n<td width=\"269\">6750\u00d72360\u00d72550<\/td>\n<\/tr>\n<tr>\n<td width=\"45\">6<\/td>\n<td colspan=\"2\" width=\"250\">Vitesse maximale du tambour de m\u00e9lange (r\/min)<\/td>\n<td width=\"269\">18<\/td>\n<\/tr>\n<tr>\n<td width=\"45\">7<\/td>\n<td colspan=\"2\" width=\"250\">Vitesse du r\u00e9servoir de m\u00e9lange<\/td>\n<td width=\"269\">Troisi\u00e8me vitesse (avant, milieu, arri\u00e8re)<\/td>\n<\/tr>\n<tr>\n<td width=\"45\">8<\/td>\n<td colspan=\"2\" width=\"250\">Vitesse de d\u00e9chargement (m\u00b3\/min)<\/td>\n<td width=\"269\">\u22650-0.8 r\u00e9glable sans pas<\/td>\n<\/tr>\n<tr>\n<td width=\"45\">9<\/td>\n<td colspan=\"2\" width=\"250\">Mode de transfert de r\u00e9servoir d'urgence<\/td>\n<td width=\"269\">Pipeline d'urgence, r\u00e9servoir d'urgence manuel<\/td>\n<\/tr>\n<tr>\n<td width=\"45\">10<\/td>\n<td colspan=\"2\" width=\"250\">Nettoyage des v\u00e9hicules<\/td>\n<td width=\"269\">Avec \u00e9quipement de lavage de voitures (appareil)<\/td>\n<\/tr>\n<tr>\n<td width=\"45\">11<\/td>\n<td colspan=\"2\" width=\"250\">Mode de conduite<\/td>\n<td width=\"269\">4\u00d74<\/td>\n<\/tr>\n<tr>\n<td width=\"45\">12<\/td>\n<td colspan=\"2\" width=\"250\">Lubrication du porte-r\u00e9servoirs<\/td>\n<td width=\"269\">Protection d'\u00e9tanch\u00e9it\u00e9, graisse de disulfure de molybd\u00e8ne<\/td>\n<\/tr>\n<tr>\n<td width=\"45\">13<\/td>\n<td colspan=\"2\" width=\"250\">Capacit\u00e9 d'escalade (\u00b0) (longitudinale \/ transversale)<\/td>\n<td width=\"269\">14\/7<\/td>\n<\/tr>\n<tr>\n<td width=\"45\">14<\/td>\n<td colspan=\"2\" width=\"250\">Emphase sur roues (mm)<\/td>\n<td width=\"269\">3300<\/td>\n<\/tr>\n<tr>\n<td width=\"45\">15<\/td>\n<td colspan=\"2\" width=\"250\">Bande de roulement (mm)<\/td>\n<td width=\"269\">2045<\/td>\n<\/tr>\n<tr>\n<td rowspan=\"6\" width=\"45\">16<\/td>\n<td rowspan=\"2\" width=\"181\">Raison minimum de capacit\u00e9 de passage (mm) (mm)<\/td>\n<td width=\"69\">\u00e0 l'int\u00e9rieur<\/td>\n<td width=\"269\">2750<\/td>\n<\/tr>\n<tr>\n<td width=\"69\">ext\u00e9rieur<\/td>\n<td width=\"269\">5300<\/td>\n<\/tr>\n<tr>\n<td rowspan=\"4\" width=\"181\">Vitesse de voyage (km \/ h)<br \/>\n(pavement sec et dur)<\/td>\n<td width=\"69\">\u2160<\/td>\n<td width=\"269\">4<\/td>\n<\/tr>\n<tr>\n<td width=\"69\">\u2161<\/td>\n<td width=\"269\">9<\/td>\n<\/tr>\n<tr>\n<td width=\"69\">\u2162<\/td>\n<td width=\"269\"><\/td>\n<\/tr>\n<tr>\n<td width=\"69\">\u2163<\/td>\n<td width=\"269\"><\/td>\n<\/tr>\n<tr>\n<td width=\"45\">17<\/td>\n<td colspan=\"2\" width=\"250\">Traction maximale (KN)<\/td>\n<td width=\"269\">140<\/td>\n<\/tr>\n<tr>\n<td width=\"45\">18<\/td>\n<td colspan=\"2\" width=\"250\">Syst\u00e8me de suspension<\/td>\n<td width=\"269\">Poutre d'oscillation rigide<\/td>\n<\/tr>\n<tr>\n<td width=\"45\">19<\/td>\n<td colspan=\"2\" width=\"250\">Hauteur de d\u00e9chargement (mm)<\/td>\n<td width=\"269\">1800<\/td>\n<\/tr>\n<tr>\n<td width=\"45\">20<\/td>\n<td colspan=\"2\" width=\"250\">D\u00e9gagement minimum au sol (mm)<\/td>\n<td width=\"269\">300<\/td>\n<\/tr>\n<\/tbody>\n<\/table>\n<p>(2) Configuration de la cabine<\/p>\n<table class=\"table\" border=\"0\" width=\"100%\" cellspacing=\"0\" cellpadding=\"0\">\n<tbody>\n<tr class=\"firstRow\">\n<td width=\"44\">Non, non.<\/td>\n<td colspan=\"2\" width=\"251\">Options<\/td>\n<td width=\"266\">Sp\u00e9cification<\/td>\n<\/tr>\n<tr>\n<td width=\"44\">1<\/td>\n<td colspan=\"2\" width=\"251\">Cabine<\/td>\n<td width=\"266\">Cabine en m\u00e9tal unique<\/td>\n<\/tr>\n<tr>\n<td width=\"44\">2<\/td>\n<td colspan=\"2\" width=\"251\">Dispositif de commande<\/td>\n<td width=\"266\">D\u00e9marrage, direction, acc\u00e9l\u00e9ration, freinage, stationnement, d\u00e9calage et autres dispositifs longitudinaux<\/td>\n<\/tr>\n<tr>\n<td rowspan=\"3\" width=\"44\">3<\/td>\n<td rowspan=\"3\" width=\"117\">Dispositif de commande<br \/>\nForce de commande (n)<\/td>\n<td width=\"134\">Volant<\/td>\n<td width=\"266\">\u2264 50<\/td>\n<\/tr>\n<tr>\n<td width=\"134\">P\u00e9dale de pied<\/td>\n<td width=\"266\">\u2264 350<\/td>\n<\/tr>\n<tr>\n<td width=\"134\">Poign\u00e9e de contr\u00f4le<\/td>\n<td width=\"266\">\u2264 120<\/td>\n<\/tr>\n<tr>\n<td width=\"44\">4<\/td>\n<td colspan=\"2\" width=\"251\">Instrument d'affichage<\/td>\n<td width=\"266\">Manom\u00e8tre d'huile, voltm\u00e8tre, manom\u00e8tre de temp\u00e9rature de l'eau, tachometre moteur, tachometre, manom\u00e8tre de carburant, manom\u00e8tre de frein, etc.<\/td>\n<\/tr>\n<tr>\n<td width=\"44\">5<\/td>\n<td colspan=\"2\" width=\"251\">Formulaire de si\u00e8ge<\/td>\n<td width=\"266\">ressort, avant et arri\u00e8re r\u00e9glables<\/td>\n<\/tr>\n<\/tbody>\n<\/table>\n<p>(3) Syst\u00e8me de moteur diesel<\/p>\n<table class=\"table\" border=\"0\" width=\"100%\" cellspacing=\"0\" cellpadding=\"0\">\n<tbody>\n<tr class=\"firstRow\">\n<td width=\"43\">Non, non.<\/td>\n<td width=\"268\">Options<\/td>\n<td width=\"249\">Sp\u00e9cification<\/td>\n<\/tr>\n<tr>\n<td width=\"43\">1<\/td>\n<td width=\"268\">Type<\/td>\n<td width=\"249\">6CTAA8.3-C215<\/td>\n<\/tr>\n<tr>\n<td width=\"43\">2<\/td>\n<td width=\"268\">Disposition de cylindre<\/td>\n<td width=\"249\">En ligne<\/td>\n<\/tr>\n<tr>\n<td width=\"43\">3<\/td>\n<td width=\"268\">Puissance nominale \/ vitesse (kW \/ tr \/ min)<\/td>\n<td width=\"249\">160\/2200<\/td>\n<\/tr>\n<tr>\n<td width=\"43\">4<\/td>\n<td width=\"268\">Couple maximum (Nm)\/(r\/min)<\/td>\n<td width=\"249\">980\/1500<\/td>\n<\/tr>\n<tr>\n<td width=\"43\">5<\/td>\n<td width=\"268\">Direction de rotation (face au volant)<\/td>\n<td width=\"249\">Dans le sens antihoraire<\/td>\n<\/tr>\n<tr>\n<td width=\"43\">6<\/td>\n<td width=\"268\">Vitesse de fonctionnement stable minimale (r\/min)<\/td>\n<td width=\"249\">800\u00b150<\/td>\n<\/tr>\n<tr>\n<td width=\"43\">7<\/td>\n<td width=\"268\">Mode d'alimentation en carburant<\/td>\n<td width=\"249\">Injection directe<\/td>\n<\/tr>\n<tr>\n<td width=\"43\">8<\/td>\n<td width=\"268\">D\u00e9placement (L)<\/td>\n<td width=\"249\">8.3<\/td>\n<\/tr>\n<tr>\n<td width=\"43\">9<\/td>\n<td width=\"268\">Taux moyen de consommation de carburant (g\/KWh)<\/td>\n<td width=\"249\">212<\/td>\n<\/tr>\n<tr>\n<td width=\"43\">10<\/td>\n<td width=\"268\">Al\u00e9sage \/ course (mm)<\/td>\n<td width=\"249\">114\/135<\/td>\n<\/tr>\n<tr>\n<td width=\"43\">11<\/td>\n<td width=\"268\">Ratio de compression<\/td>\n<td width=\"249\">17.3\uff1a1<\/td>\n<\/tr>\n<tr>\n<td width=\"43\">12<\/td>\n<td width=\"268\">Mode d'admission<\/td>\n<td width=\"249\">Turbocharge, intercooling d'admission<\/td>\n<\/tr>\n<tr>\n<td width=\"43\">13<\/td>\n<td width=\"268\">Mode d'\u00e9chappement<\/td>\n<td width=\"249\">Purification et silenciation du gaz de queue<\/td>\n<\/tr>\n<tr>\n<td width=\"43\">14<\/td>\n<td width=\"268\">Sp\u00e9cification du carburant<\/td>\n<td width=\"249\">0 ~ 35 huile diesel<\/td>\n<\/tr>\n<\/tbody>\n<\/table>\n<p>(4) Param\u00e8tres de transmission<\/p>\n<table class=\"table\" border=\"0\" width=\"100%\" cellspacing=\"0\" cellpadding=\"0\">\n<tbody>\n<tr class=\"firstRow\">\n<td width=\"43\">Non, non.<\/td>\n<td colspan=\"2\" width=\"252\">Options<\/td>\n<td width=\"264\">Sp\u00e9cification<\/td>\n<\/tr>\n<tr>\n<td width=\"43\">1<\/td>\n<td colspan=\"2\" width=\"252\">Mod\u00e8le de transmission<\/td>\n<td width=\"264\">R32421-679<\/td>\n<\/tr>\n<tr>\n<td width=\"43\">2<\/td>\n<td colspan=\"2\" width=\"252\">Fabricant de bo\u00eete de vitesses<\/td>\n<td width=\"264\">DANA<\/td>\n<\/tr>\n<tr>\n<td width=\"43\">3<\/td>\n<td colspan=\"2\" width=\"252\">Type de bo\u00eete de vitesses<\/td>\n<td width=\"264\">Bo\u00eete de vitesses \u00e0 changement de puissance<\/td>\n<\/tr>\n<tr>\n<td width=\"43\">4<\/td>\n<td rowspan=\"7\" width=\"85\">Rapport vitesse \/ vitesse<\/td>\n<td width=\"167\">\u2160<\/td>\n<td width=\"264\">4.64<\/td>\n<\/tr>\n<tr>\n<td width=\"43\">5<\/td>\n<td width=\"167\">\u2161<\/td>\n<td width=\"264\">2.24<\/td>\n<\/tr>\n<tr>\n<td width=\"43\">6<\/td>\n<td width=\"167\">\u2162<\/td>\n<td width=\"264\">1.29<\/td>\n<\/tr>\n<tr>\n<td width=\"43\">7<\/td>\n<td width=\"167\">\u2163<\/td>\n<td width=\"264\">0.75<\/td>\n<\/tr>\n<tr>\n<td width=\"43\">8<\/td>\n<td width=\"167\">du R1<\/td>\n<td width=\"264\">4.64<\/td>\n<\/tr>\n<tr>\n<td width=\"43\">9<\/td>\n<td width=\"167\">R2<\/td>\n<td width=\"264\">2.24<\/td>\n<\/tr>\n<tr>\n<td width=\"43\">10<\/td>\n<td width=\"167\">R3<\/td>\n<td width=\"264\">1.29<\/td>\n<\/tr>\n<tr>\n<td width=\"43\">11<\/td>\n<td width=\"85\"><\/td>\n<td width=\"167\">R4<\/td>\n<td width=\"264\">0.75<\/td>\n<\/tr>\n<\/tbody>\n<\/table>\n<p>(5) Syst\u00e8me d'entra\u00eenement<\/p>\n<table class=\"table\" border=\"0\" width=\"100%\" cellspacing=\"0\" cellpadding=\"0\">\n<tbody>\n<tr class=\"firstRow\">\n<td width=\"46\">Non, non.<\/td>\n<td width=\"251\">Options<\/td>\n<td width=\"263\">Sp\u00e9cification<\/td>\n<\/tr>\n<tr>\n<td width=\"46\">1<\/td>\n<td width=\"251\">Mode de transmission<\/td>\n<td width=\"263\">Transmission hydrom\u00e9canique<\/td>\n<\/tr>\n<tr>\n<td width=\"46\">2<\/td>\n<td width=\"251\">Mod\u00e8le d'essieu (avant \/ arri\u00e8re)<\/td>\n<td width=\"263\">10052406<\/td>\n<\/tr>\n<tr>\n<td width=\"46\">3<\/td>\n<td width=\"251\">Rapport vitesse de l'essieu (avant \/ arri\u00e8re)<\/td>\n<td width=\"263\">18.6\/18.6<\/td>\n<\/tr>\n<tr>\n<td width=\"46\">4<\/td>\n<td width=\"251\">Fabricant de l'essieu (avant \/ arri\u00e8re)<\/td>\n<td width=\"263\">DANA<\/td>\n<\/tr>\n<tr>\n<td width=\"46\">5<\/td>\n<td width=\"251\">Taille et mod\u00e8le de pneu (avant \/ arri\u00e8re)<\/td>\n<td width=\"263\">12.00-20<\/td>\n<\/tr>\n<tr>\n<td width=\"46\">6<\/td>\n<td width=\"251\">Type de pneu (avant \/ arri\u00e8re)<\/td>\n<td width=\"263\">Pneumatique<\/td>\n<\/tr>\n<\/tbody>\n<\/table>\n<p>(6) Syst\u00e8me de freinage<\/p>\n<table class=\"table\" border=\"0\" width=\"100%\" cellspacing=\"0\" cellpadding=\"0\">\n<tbody>\n<tr class=\"firstRow\">\n<td width=\"47\">Non, non.<\/td>\n<td width=\"272\">Options<\/td>\n<td width=\"241\">Sp\u00e9cification<\/td>\n<\/tr>\n<tr>\n<td width=\"47\">1<\/td>\n<td width=\"272\">Type de frein<\/td>\n<td width=\"241\">Frein humide<\/td>\n<\/tr>\n<tr>\n<td width=\"47\">2<\/td>\n<td width=\"272\">D\u00e9placement de la pompe de frein (ml \/ R) \/ pression (MPA)<\/td>\n<td width=\"241\">30\/20<\/td>\n<\/tr>\n<tr>\n<td width=\"47\">3<\/td>\n<td width=\"272\">Freinage de travail<\/td>\n<td width=\"241\">Frein hydraulique \/ rel\u00e2chement de ressort<\/td>\n<\/tr>\n<tr>\n<td width=\"47\">4<\/td>\n<td width=\"272\">Type de frein d'urgence \/ de stationnement<\/td>\n<td width=\"241\">Frein \u00e0 ressort \/ lib\u00e9ration hydraulique<\/td>\n<\/tr>\n<tr>\n<td width=\"47\">5<\/td>\n<td width=\"272\">Distance de freinage (m) (20km \/ h route dure s\u00e8che)<\/td>\n<td width=\"241\">&lt;  8<\/td>\n<\/tr>\n<\/tbody>\n<\/table>\n<p>(7) syst\u00e8me hydraulique de tambour<\/p>\n<table class=\"table\" border=\"0\" width=\"100%\" cellspacing=\"0\" cellpadding=\"0\">\n<tbody>\n<tr class=\"firstRow\">\n<td width=\"47\">Non, non.<\/td>\n<td width=\"251\">Options<\/td>\n<td width=\"261\">Sp\u00e9cification<\/td>\n<\/tr>\n<tr>\n<td width=\"47\">1<\/td>\n<td width=\"251\">Mod\u00e8le de pompe hydraulique de r\u00e9servoir rotatif<\/td>\n<td width=\"261\">90-R-055-HF-1-AB-80-S-3-C6-D-03-GBA-35-35-24<\/td>\n<\/tr>\n<tr>\n<td width=\"47\">2<\/td>\n<td width=\"251\">Forme de pompe<\/td>\n<td width=\"261\">Pompe \u00e0 piston \u00e0 d\u00e9placement variable<\/td>\n<\/tr>\n<tr>\n<td width=\"47\">3<\/td>\n<td width=\"251\">Pression (MPa)<\/td>\n<td width=\"261\">37.5<\/td>\n<\/tr>\n<tr>\n<td width=\"47\">4<\/td>\n<td width=\"251\">D\u00e9placement (mL\/r)<\/td>\n<td width=\"261\">55<\/td>\n<\/tr>\n<tr>\n<td width=\"47\">5<\/td>\n<td width=\"251\">Volume du r\u00e9servoir d'huile hydraulique (L)<\/td>\n<td width=\"261\">120<\/td>\n<\/tr>\n<tr>\n<td width=\"47\">6<\/td>\n<td width=\"251\">Mode de filtrage<\/td>\n<td width=\"261\">Filtration par aspiration, filtration de retour<\/td>\n<\/tr>\n<tr>\n<td width=\"47\">7<\/td>\n<td width=\"251\">Pr\u00e9cision de filtration (\u03bc m)<\/td>\n<td width=\"261\">100\/10<\/td>\n<\/tr>\n<tr>\n<td width=\"47\">8<\/td>\n<td width=\"251\">cartouche filtre<\/td>\n<td width=\"261\">TF-250 \u00d7 100F \/ RF-110 \u00d7 30<\/td>\n<\/tr>\n<\/tbody>\n<\/table>\n<p>(8) Syst\u00e8me hydraulique de direction<\/p>\n<table class=\"table\" border=\"0\" width=\"100%\" cellspacing=\"0\" cellpadding=\"0\">\n<tbody>\n<tr class=\"firstRow\">\n<td width=\"47\">Non, non.<\/td>\n<td width=\"249\">Options<\/td>\n<td width=\"262\">Sp\u00e9cification<\/td>\n<\/tr>\n<tr>\n<td width=\"47\">1<\/td>\n<td width=\"249\">Mode de direction<\/td>\n<td width=\"262\">Direction hydraulique compl\u00e8te sur quatre roues<\/td>\n<\/tr>\n<tr>\n<td width=\"47\">2<\/td>\n<td width=\"249\">D\u00e9placement de la pompe de direction (ml \/ R) \/ pression (MPA)<\/td>\n<td width=\"262\">30\/20<\/td>\n<\/tr>\n<\/tbody>\n<\/table>\n<p>9) L'\u00e9clairage<\/p>\n<table class=\"table\" border=\"0\" width=\"100%\" cellspacing=\"0\" cellpadding=\"0\">\n<tbody>\n<tr class=\"firstRow\">\n<td width=\"48\">Non, non.<\/td>\n<td width=\"248\">Options<\/td>\n<td width=\"262\">Sp\u00e9cification<\/td>\n<\/tr>\n<tr>\n<td width=\"48\">1<\/td>\n<td width=\"248\">Type d'\u00e9clairage avant<\/td>\n<td width=\"262\">Lampe \u00e0 haut et bas faisceau (avec couvercle de lampe protectrice rigide)<\/td>\n<\/tr>\n<tr>\n<td width=\"48\">2<\/td>\n<td width=\"248\">Indicateur de frein, signal de virage<\/td>\n<td width=\"262\">Oui<\/td>\n<\/tr>\n<tr>\n<td width=\"48\">3<\/td>\n<td width=\"248\">Lampe de retour<\/td>\n<td width=\"262\">Gauche et droite<\/td>\n<\/tr>\n<\/tbody>\n<\/table>\n<p>(10) Dispositif d'avertissement de signal sonore<\/p>\n<table class=\"table\" border=\"0\" width=\"100%\" cellspacing=\"0\" cellpadding=\"0\">\n<tbody>\n<tr class=\"firstRow\">\n<td width=\"46\">Non, non.<\/td>\n<td width=\"251\">Options<\/td>\n<td width=\"261\">Sp\u00e9cification<\/td>\n<\/tr>\n<tr>\n<td width=\"46\">1<\/td>\n<td width=\"251\">Type<\/td>\n<td width=\"261\">Corne \u00e9lectrique<\/td>\n<\/tr>\n<tr>\n<td width=\"46\">2<\/td>\n<td width=\"251\">Mode de fonctionnement<\/td>\n<td width=\"261\">Bouton manuel sur le volant<\/td>\n<\/tr>\n<tr>\n<td width=\"46\">3<\/td>\n<td width=\"251\">Volume (dB(A))<\/td>\n<td width=\"261\">40mPression sonore de corne \u00e0 \u226575<\/td>\n<\/tr>\n<tr>\n<td width=\"46\">4<\/td>\n<td width=\"251\">Avertissement sonore invers\u00e9<\/td>\n<td width=\"261\">Oui<\/td>\n<\/tr>\n<\/tbody>\n<\/table>\n<p><img loading=\"lazy\" decoding=\"async\" class=\"alignnone wp-image-1320 size-full\" src=\"http:\/\/www.zongdamining.com\/wp-content\/uploads\/2022\/12\/2020052516341718719cffda52435a98e57b63510c847e.jpg\" alt=\"\" width=\"750\" height=\"632\" srcset=\"https:\/\/www.zongdamining.com\/wp-content\/uploads\/2022\/12\/2020052516341718719cffda52435a98e57b63510c847e.jpg 750w, https:\/\/www.zongdamining.com\/wp-content\/uploads\/2022\/12\/2020052516341718719cffda52435a98e57b63510c847e-300x253.jpg 300w, https:\/\/www.zongdamining.com\/wp-content\/uploads\/2022\/12\/2020052516341718719cffda52435a98e57b63510c847e-600x506.jpg 600w\" sizes=\"(max-width: 750px) 100vw, 750px\" \/><\/p>\n<p>Le camion m\u00e9langeur de b\u00e9ton souterrain est largement utilis\u00e9 sur les mines en Chine et dans le monde entier.<\/p>\n<\/div>","protected":false},"excerpt":{"rendered":"<p>Le camion m\u00e9langeur de b\u00e9ton souterrain est principalement utilis\u00e9 pour le transport de b\u00e9ton dans le durcissement de la surface de la route<\/p>","protected":false},"featured_media":1321,"comment_status":"open","ping_status":"closed","template":"","meta":{"_acf_changed":false},"product_brand":[],"product_cat":[15],"product_tag":[],"class_list":{"0":"post-1523","1":"product","2":"type-product","3":"status-publish","4":"has-post-thumbnail","6":"product_cat-trackless-mining-equipment","8":"first","9":"instock","10":"shipping-taxable","11":"product-type-simple"},"acf":[],"_links":{"self":[{"href":"https:\/\/www.zongdamining.com\/fr\/wp-json\/wp\/v2\/product\/1523","targetHints":{"allow":["GET"]}}],"collection":[{"href":"https:\/\/www.zongdamining.com\/fr\/wp-json\/wp\/v2\/product"}],"about":[{"href":"https:\/\/www.zongdamining.com\/fr\/wp-json\/wp\/v2\/types\/product"}],"replies":[{"embeddable":true,"href":"https:\/\/www.zongdamining.com\/fr\/wp-json\/wp\/v2\/comments?post=1523"}],"wp:featuredmedia":[{"embeddable":true,"href":"https:\/\/www.zongdamining.com\/fr\/wp-json\/wp\/v2\/media\/1321"}],"wp:attachment":[{"href":"https:\/\/www.zongdamining.com\/fr\/wp-json\/wp\/v2\/media?parent=1523"}],"wp:term":[{"taxonomy":"product_brand","embeddable":true,"href":"https:\/\/www.zongdamining.com\/fr\/wp-json\/wp\/v2\/product_brand?post=1523"},{"taxonomy":"product_cat","embeddable":true,"href":"https:\/\/www.zongdamining.com\/fr\/wp-json\/wp\/v2\/product_cat?post=1523"},{"taxonomy":"product_tag","embeddable":true,"href":"https:\/\/www.zongdamining.com\/fr\/wp-json\/wp\/v2\/product_tag?post=1523"}],"curies":[{"name":"WP","href":"https:\/\/api.w.org\/{rel}","templated":true}]}}