{"id":1532,"date":"2022-12-12T15:46:32","date_gmt":"2022-12-12T07:46:32","guid":{"rendered":"http:\/\/www.zongdamining.com\/?post_type=product&#038;p=1532"},"modified":"2023-01-29T16:43:22","modified_gmt":"2023-01-29T08:43:22","slug":"high-quality-cjy6-6-trolley-locomotive-for-mining","status":"publish","type":"product","link":"https:\/\/www.zongdamining.com\/fr\/product\/high-quality-cjy6-6-trolley-locomotive-for-mining\/","title":{"rendered":"Locomotive de chariot Cjy6\/6 de haute qualit\u00e9 pour l'exploitation mini\u00e8re"},"content":{"rendered":"<p>Notre soci\u00e9t\u00e9 est pr\u00eate \u00e0 produire de haute qualit\u00e9, \u00e0 haute valeur ajout\u00e9e camion de m\u00e9lange de b\u00e9ton souterrain, chargeur souterrain d'exploitation mini\u00e8re du charbon, locomotive \u00e9lectrique \u00e0 batterie pour l'exploitation mini\u00e8re pour les utilisateurs d'une mani\u00e8re concr\u00e8te avec la philosophie de &#8216; honn\u00eatet\u00e9 et fiabilit\u00e9, b\u00e9n\u00e9fice mutuel et gagnant-gagnant, progr\u00e8s technologique et d\u00e9veloppement commun&#8217;  . Afin d'assurer une meilleure qualit\u00e9 et un meilleur service, nous nous sommes maintenant concentr\u00e9s sur le processus de production. Donc, vous devriez vous sentir libre de nous contacter pour des questions.  &#8216; Vers la perfection et l'innovation continue&#8217; est non seulement la cause profonde de l'entreprise en plein essor et le d\u00e9veloppement continu de l'entreprise, mais aussi la belle tradition de notre entreprise.<\/p>\n<p><img fetchpriority=\"high\" decoding=\"async\" class=\"alignnone wp-image-1534 size-full\" src=\"http:\/\/www.zongdamining.com\/wp-content\/uploads\/2022\/12\/flameproof-mining-trolley-locomotive46072651080.jpg\" alt=\"\" width=\"730\" height=\"730\" srcset=\"https:\/\/www.zongdamining.com\/wp-content\/uploads\/2022\/12\/flameproof-mining-trolley-locomotive46072651080.jpg 730w, https:\/\/www.zongdamining.com\/wp-content\/uploads\/2022\/12\/flameproof-mining-trolley-locomotive46072651080-300x300.jpg 300w, https:\/\/www.zongdamining.com\/wp-content\/uploads\/2022\/12\/flameproof-mining-trolley-locomotive46072651080-150x150.jpg 150w, https:\/\/www.zongdamining.com\/wp-content\/uploads\/2022\/12\/flameproof-mining-trolley-locomotive46072651080-600x600.jpg 600w, https:\/\/www.zongdamining.com\/wp-content\/uploads\/2022\/12\/flameproof-mining-trolley-locomotive46072651080-100x100.jpg 100w\" sizes=\"(max-width: 730px) 100vw, 730px\" \/><\/p>\n<p><strong>Mod\u00e8le: CJY10\/6,7,9G<\/strong><\/p>\n<p><strong>Donn\u00e9es techniques<\/strong><\/p>\n<p>La locomotive est divis\u00e9e en 4 types: Transmission ordinaire \u00e0 une \u00e9tape, \u00e9paississement de la plaque murale, transmission ordinaire \u00e0 double \u00e9tape et types de traction \u00e0 double moteur. Sa tension est de 250V et 550V. La fa\u00e7on de r\u00e9gulation de vitesse a la r\u00e9sistance, le chopper IGBT et la r\u00e9gulation de vitesse de conversion de fr\u00e9quence 3 types. Ses caract\u00e9ristiques: court empattement, bonne rigidit\u00e9 et performances d'amortissement.<\/p>\n<p><img decoding=\"async\" class=\"alignnone wp-image-1533 size-full\" src=\"http:\/\/www.zongdamining.com\/wp-content\/uploads\/2022\/12\/202004211050493dbe3698292040d7a0af94dfcb895955.jpg\" alt=\"\" width=\"750\" height=\"681\" srcset=\"https:\/\/www.zongdamining.com\/wp-content\/uploads\/2022\/12\/202004211050493dbe3698292040d7a0af94dfcb895955.jpg 750w, https:\/\/www.zongdamining.com\/wp-content\/uploads\/2022\/12\/202004211050493dbe3698292040d7a0af94dfcb895955-300x272.jpg 300w, https:\/\/www.zongdamining.com\/wp-content\/uploads\/2022\/12\/202004211050493dbe3698292040d7a0af94dfcb895955-600x545.jpg 600w\" sizes=\"(max-width: 750px) 100vw, 750px\" \/><\/p>\n<table class=\"table\" style=\"width: 100%;\" border=\"0\" width=\"100%\" cellspacing=\"0\" cellpadding=\"0\">\n<tbody>\n<tr class=\"firstRow\">\n<td style=\"width: 37.364%;\" width=\"243\">Poids adh\u00e9sif<\/td>\n<td style=\"width: 29.1415%;\" width=\"189\">t<\/td>\n<td style=\"width: 33.3736%;\" width=\"217\">10<\/td>\n<\/tr>\n<tr>\n<td style=\"width: 37.364%;\" width=\"243\">Gauge<\/td>\n<td style=\"width: 29.1415%;\" width=\"189\">mm<\/td>\n<td style=\"width: 33.3736%;\" width=\"217\">600\/762\/900<\/td>\n<\/tr>\n<tr>\n<td style=\"width: 37.364%;\" width=\"243\">Tension nominale<\/td>\n<td style=\"width: 29.1415%;\" width=\"189\">v<\/td>\n<td style=\"width: 33.3736%;\" width=\"217\">250\/550<\/td>\n<\/tr>\n<tr>\n<td style=\"width: 37.364%;\" width=\"243\">Force de traction nominale heure<\/td>\n<td style=\"width: 29.1415%;\" width=\"189\">KN<\/td>\n<td style=\"width: 33.3736%;\" width=\"217\">13.05\/15.09\/18.93<\/td>\n<\/tr>\n<tr>\n<td style=\"width: 37.364%;\" width=\"243\">Heure Vitesse nominale<\/td>\n<td style=\"width: 29.1415%;\" width=\"189\">Km\/h<\/td>\n<td style=\"width: 33.3736%;\" width=\"217\">10.05\/11<\/td>\n<\/tr>\n<tr>\n<td style=\"width: 37.364%;\" width=\"243\">Moteur \u00e9lectrique et puissance<\/td>\n<td style=\"width: 29.1415%;\" width=\"189\">kW<\/td>\n<td style=\"width: 33.3736%;\" width=\"217\">2*24 \/ 2*30<\/td>\n<\/tr>\n<tr>\n<td style=\"width: 37.364%;\" width=\"243\">Base de roue<\/td>\n<td style=\"width: 29.1415%;\" width=\"189\">mm<\/td>\n<td style=\"width: 33.3736%;\" width=\"217\">1100\/1220\/1180<\/td>\n<\/tr>\n<tr>\n<td style=\"width: 37.364%;\" width=\"243\">Min. rayon de courbure<\/td>\n<td style=\"width: 29.1415%;\" width=\"189\">m<\/td>\n<td style=\"width: 33.3736%;\" width=\"217\">7\/9\/10<\/td>\n<\/tr>\n<tr>\n<td style=\"width: 37.364%;\" width=\"243\">Dia. De roue<\/td>\n<td style=\"width: 29.1415%;\" width=\"189\">mm<\/td>\n<td style=\"width: 33.3736%;\" width=\"217\">680<\/td>\n<\/tr>\n<tr>\n<td style=\"width: 37.364%;\" width=\"243\">Type de contr\u00f4le<\/td>\n<td style=\"width: 29.1415%;\" width=\"189\"><\/td>\n<td style=\"width: 33.3736%;\" width=\"217\">Contr\u00f4le de la r\u00e9sistance ou contr\u00f4le du chopper<\/td>\n<\/tr>\n<tr>\n<td style=\"width: 37.364%;\" width=\"243\">Type de frein<\/td>\n<td style=\"width: 29.1415%;\" width=\"189\"><\/td>\n<td style=\"width: 33.3736%;\" width=\"217\">frein m\u00e9canique<\/td>\n<\/tr>\n<tr>\n<td style=\"width: 37.364%;\" width=\"243\">Type d'entra\u00eenement<\/td>\n<td style=\"width: 29.1415%;\" width=\"189\"><\/td>\n<td style=\"width: 33.3736%;\" width=\"217\">Ferm\u00e9 Two Stage Gear Drive<\/td>\n<\/tr>\n<tr>\n<td style=\"width: 37.364%;\" width=\"243\">Collecteur pantographe<\/td>\n<td style=\"width: 29.1415%;\" width=\"189\"><\/td>\n<td style=\"width: 33.3736%;\" width=\"217\">Personnalis\u00e9<\/td>\n<\/tr>\n<tr>\n<td style=\"width: 37.364%;\" width=\"243\">Dimension ext\u00e9rieure<\/td>\n<td style=\"width: 29.1415%;\" width=\"189\">mm<\/td>\n<td style=\"width: 33.3736%;\" width=\"217\">L: 4660\/4470<br \/>\nW: 1050\/1212\/1350<br \/>\nH:1550\/1660\/<\/td>\n<\/tr>\n<\/tbody>\n<\/table>\n<p><img decoding=\"async\" class=\"alignnone wp-image-1535 size-full\" src=\"http:\/\/www.zongdamining.com\/wp-content\/uploads\/2022\/12\/20200421105157f932dd49a94146bc9fe5a5c043e11cee.jpg\" alt=\"\" width=\"750\" height=\"716\" srcset=\"https:\/\/www.zongdamining.com\/wp-content\/uploads\/2022\/12\/20200421105157f932dd49a94146bc9fe5a5c043e11cee.jpg 750w, https:\/\/www.zongdamining.com\/wp-content\/uploads\/2022\/12\/20200421105157f932dd49a94146bc9fe5a5c043e11cee-300x286.jpg 300w, https:\/\/www.zongdamining.com\/wp-content\/uploads\/2022\/12\/20200421105157f932dd49a94146bc9fe5a5c043e11cee-600x573.jpg 600w\" sizes=\"(max-width: 750px) 100vw, 750px\" \/><\/p>\n<p>Nous nous engageons \u00e0 cr\u00e9er des produits fiables et \u00e0 am\u00e9liorer la qualit\u00e9 du service pour les clients, et nous nous effor\u00e7ons de devenir un fabricant leader pour la locomotive de chariot Cjy6\/6 de haute qualit\u00e9 pour l'exploitation mini\u00e8re dans l'industrie. Nous avons \u00e9tabli une bonne relation de confiance avec des marques de renomm\u00e9e mondiale. La soci\u00e9t\u00e9 a suivi le rythme des temps, visant le niveau avanc\u00e9 international et produisant une vari\u00e9t\u00e9 de produits qui r\u00e9pondent aux besoins de diff\u00e9rents march\u00e9s internationaux.<\/p>","protected":false},"excerpt":{"rendered":"<p>La locomotive est divis\u00e9e en 4 types: Transmission ordinaire \u00e0 une \u00e9tape, \u00e9paississement de la plaque murale, transmission ordinaire \u00e0 double \u00e9tape et types de traction \u00e0 double moteur. Sa tension est de 250V et 550V.<\/p>","protected":false},"featured_media":1534,"comment_status":"open","ping_status":"closed","template":"","meta":{"_acf_changed":false},"product_brand":[],"product_cat":[27],"product_tag":[],"class_list":{"0":"post-1532","1":"product","2":"type-product","3":"status-publish","4":"has-post-thumbnail","6":"product_cat-underground-mining-locomotives","8":"first","9":"instock","10":"shipping-taxable","11":"product-type-simple"},"acf":[],"_links":{"self":[{"href":"https:\/\/www.zongdamining.com\/fr\/wp-json\/wp\/v2\/product\/1532","targetHints":{"allow":["GET"]}}],"collection":[{"href":"https:\/\/www.zongdamining.com\/fr\/wp-json\/wp\/v2\/product"}],"about":[{"href":"https:\/\/www.zongdamining.com\/fr\/wp-json\/wp\/v2\/types\/product"}],"replies":[{"embeddable":true,"href":"https:\/\/www.zongdamining.com\/fr\/wp-json\/wp\/v2\/comments?post=1532"}],"wp:featuredmedia":[{"embeddable":true,"href":"https:\/\/www.zongdamining.com\/fr\/wp-json\/wp\/v2\/media\/1534"}],"wp:attachment":[{"href":"https:\/\/www.zongdamining.com\/fr\/wp-json\/wp\/v2\/media?parent=1532"}],"wp:term":[{"taxonomy":"product_brand","embeddable":true,"href":"https:\/\/www.zongdamining.com\/fr\/wp-json\/wp\/v2\/product_brand?post=1532"},{"taxonomy":"product_cat","embeddable":true,"href":"https:\/\/www.zongdamining.com\/fr\/wp-json\/wp\/v2\/product_cat?post=1532"},{"taxonomy":"product_tag","embeddable":true,"href":"https:\/\/www.zongdamining.com\/fr\/wp-json\/wp\/v2\/product_tag?post=1532"}],"curies":[{"name":"WP","href":"https:\/\/api.w.org\/{rel}","templated":true}]}}