{"id":1548,"date":"2022-12-12T15:58:20","date_gmt":"2022-12-12T07:58:20","guid":{"rendered":"http:\/\/www.zongdamining.com\/?post_type=product&#038;p=1548"},"modified":"2023-11-16T14:55:10","modified_gmt":"2023-11-16T06:55:10","slug":"underground-miner-carrier","status":"publish","type":"product","link":"https:\/\/www.zongdamining.com\/fr\/product\/underground-miner-carrier\/","title":{"rendered":"Carrier de mineur souterrain"},"content":{"rendered":"<p><img fetchpriority=\"high\" decoding=\"async\" class=\"alignnone size-medium wp-image-1810\" src=\"http:\/\/www.zongdamining.com\/wp-content\/uploads\/2022\/12\/1700115539341-300x168.png\" alt=\"\" width=\"300\" height=\"168\" srcset=\"https:\/\/www.zongdamining.com\/wp-content\/uploads\/2022\/12\/1700115539341-300x168.png 300w, https:\/\/www.zongdamining.com\/wp-content\/uploads\/2022\/12\/1700115539341.png 540w\" sizes=\"(max-width: 300px) 100vw, 300px\" \/><\/p>\n<p>Le transporteur de personnel de type ZUPC-16 est un transporteur de personnel de montagne non routier de mine de charbon d\u00e9velopp\u00e9 et con\u00e7u ind\u00e9pendamment par notre soci\u00e9t\u00e9 sur la base des derni\u00e8res normes et exigences nationales de s\u00e9curit\u00e9, int\u00e9grant la technologie avanc\u00e9e \u00e0 l'int\u00e9rieur et \u00e0 l'\u00e9tranger. Il est largement applicable aux navetteurs routiers de montagne non mines de charbon.<\/p>\n<p>La conception de configuration structurelle scientifique et raisonnable r\u00e9pond aux exigences de diff\u00e9rentes conditions de travail telles que le rayon de virage, la pente d'escalade et le passage routier dans diff\u00e9rentes mines. La conception sp\u00e9ciale du ch\u00e2ssis, le pont humide enti\u00e8rement scell\u00e9 (type de protection contre la perte de pression) et le syst\u00e8me de freinage MICO am\u00e9ricain correspondant sont s\u00fbrs, stables et fiables, ouvrant la voie.<\/p>\n<p>Adoptant le processus d'estampage en acier structurel \u00e0 haute r\u00e9sistance, le processus de vieillissement sous tension et la technologie de soudage blind\u00e9 au gaz, le v\u00e9hicule&#8217; Les composants structurels peuvent r\u00e9sister \u00e0 de fortes charges apr\u00e8s v\u00e9rification de la r\u00e9sistance. La cabine et les v\u00e9hicules de banlieue ont pass\u00e9 la certification d'essai standard FOPS et ROPS, offrant une protection de s\u00e9curit\u00e9 pour les conducteurs et les passagers.<\/p>\n<p>Le syst\u00e8me de conduite et de contr\u00f4le adopte une conception ergonomique raisonnable, une cabine climatis\u00e9e scell\u00e9e et une configuration de conception de contr\u00f4le centralis\u00e9e, ce qui le rend facile \u00e0 utiliser et confortable. Les principaux composants \u00e9lectriques et contr\u00f4leurs, les composants hydrauliques et les composants cl\u00e9s du syst\u00e8me de transmission sont tous fabriqu\u00e9s par des marques nationales et \u00e9trang\u00e8res bien connues, avec des performances fiables.<\/p>\n<p>Apr\u00e8s un tir rigoureux et l'\u00e9limination de la rouille, l'amor\u00e7age antirouille peut r\u00e9pondre aux exigences techniques de la qualit\u00e9 de transporteur d'avion, rendant l'\u00e9quipement plus r\u00e9sistant \u00e0 la rouille, \u00e0 la corrosion et \u00e0 la dur\u00e9e de vie dans diverses conditions de fonctionnement.<\/p>\n<ol>\n<li>Dimensions globales<img decoding=\"async\" class=\"alignnone size-medium wp-image-1812\" src=\"http:\/\/www.zongdamining.com\/wp-content\/uploads\/2022\/12\/1700115652036-300x197.png\" alt=\"\" width=\"300\" height=\"197\" srcset=\"https:\/\/www.zongdamining.com\/wp-content\/uploads\/2022\/12\/1700115652036-300x197.png 300w, https:\/\/www.zongdamining.com\/wp-content\/uploads\/2022\/12\/1700115652036.png 553w\" sizes=\"(max-width: 300px) 100vw, 300px\" \/><img decoding=\"async\" class=\"alignnone size-medium wp-image-1813\" src=\"http:\/\/www.zongdamining.com\/wp-content\/uploads\/2022\/12\/1700115641056-300x210.png\" alt=\"\" width=\"300\" height=\"210\" srcset=\"https:\/\/www.zongdamining.com\/wp-content\/uploads\/2022\/12\/1700115641056-300x210.png 300w, https:\/\/www.zongdamining.com\/wp-content\/uploads\/2022\/12\/1700115641056.png 554w\" sizes=\"(max-width: 300px) 100vw, 300px\" \/><\/li>\n<li>Introduction \u00e0 la carrosserie du v\u00e9hicule<\/li>\n<li>\u00a0Une cam\u00e9ra est install\u00e9e \u00e0 l'int\u00e9rieur du v\u00e9hicule pour permettre au conducteur d'observer la situation \u00e0 l'int\u00e9rieur du v\u00e9hicule.<img loading=\"lazy\" decoding=\"async\" class=\"alignnone size-medium wp-image-1814\" src=\"http:\/\/www.zongdamining.com\/wp-content\/uploads\/2022\/12\/1700115799136-300x169.png\" alt=\"\" width=\"300\" height=\"169\" srcset=\"https:\/\/www.zongdamining.com\/wp-content\/uploads\/2022\/12\/1700115799136-300x169.png 300w, https:\/\/www.zongdamining.com\/wp-content\/uploads\/2022\/12\/1700115799136.png 454w\" sizes=\"(max-width: 300px) 100vw, 300px\" \/><\/li>\n<li>\u00a0La cabine est \u00e9quip\u00e9e d'un intercom bidirectionnel pour faciliter la communication entre les passagers et le conducteur.<img loading=\"lazy\" decoding=\"async\" class=\"alignnone size-medium wp-image-1815\" src=\"http:\/\/www.zongdamining.com\/wp-content\/uploads\/2022\/12\/1700115956863-300x293.png\" alt=\"\" width=\"300\" height=\"293\" srcset=\"https:\/\/www.zongdamining.com\/wp-content\/uploads\/2022\/12\/1700115956863-300x293.png 300w, https:\/\/www.zongdamining.com\/wp-content\/uploads\/2022\/12\/1700115956863.png 454w\" sizes=\"(max-width: 300px) 100vw, 300px\" \/><\/li>\n<li>\u00a0Le si\u00e8ge de cabine et le si\u00e8ge passager sont \u00e9quip\u00e9s de si\u00e8ges m\u00e9caniques amortissants pour rendre les passagers confortables pendant la conduite<img loading=\"lazy\" decoding=\"async\" class=\"alignnone size-medium wp-image-1817\" src=\"http:\/\/www.zongdamining.com\/wp-content\/uploads\/2022\/12\/1700116110046-300x178.png\" alt=\"\" width=\"300\" height=\"178\" srcset=\"https:\/\/www.zongdamining.com\/wp-content\/uploads\/2022\/12\/1700116110046-300x178.png 300w, https:\/\/www.zongdamining.com\/wp-content\/uploads\/2022\/12\/1700116110046.png 470w\" sizes=\"(max-width: 300px) 100vw, 300px\" \/><\/li>\n<li>\u00a0La carrosserie du v\u00e9hicule est \u00e9quip\u00e9e de portes pour passagers \u00e0 l'avant et \u00e0 l'arri\u00e8re, et la partie articul\u00e9e est une porte d'urgence. En cas d'urgence, vous pouvez vous \u00e9chapper par la porte d'urgence.<img loading=\"lazy\" decoding=\"async\" class=\"alignnone size-medium wp-image-1818\" src=\"http:\/\/www.zongdamining.com\/wp-content\/uploads\/2022\/12\/1700116156558-300x103.png\" alt=\"\" width=\"300\" height=\"103\" srcset=\"https:\/\/www.zongdamining.com\/wp-content\/uploads\/2022\/12\/1700116156558-300x103.png 300w, https:\/\/www.zongdamining.com\/wp-content\/uploads\/2022\/12\/1700116156558-600x206.png 600w, https:\/\/www.zongdamining.com\/wp-content\/uploads\/2022\/12\/1700116156558.png 666w\" sizes=\"(max-width: 300px) 100vw, 300px\" \/><\/li>\n<\/ol>","protected":false},"excerpt":{"rendered":"<p>Les transporteurs de personnel souterrains ZDRU-8k, ZDRU-10k et ZDRU-20k produits par ZONGDA sont principalement utilis\u00e9s pour le transport souterrain de personnel dans les mines. Le syst\u00e8me d'alimentation comprend Cummins, Xichai et Weichai moteurs.<\/p>","protected":false},"featured_media":1467,"comment_status":"open","ping_status":"closed","template":"","meta":{"_acf_changed":false},"product_brand":[],"product_cat":[15],"product_tag":[],"class_list":{"0":"post-1548","1":"product","2":"type-product","3":"status-publish","4":"has-post-thumbnail","6":"product_cat-trackless-mining-equipment","8":"first","9":"instock","10":"shipping-taxable","11":"product-type-simple"},"acf":[],"_links":{"self":[{"href":"https:\/\/www.zongdamining.com\/fr\/wp-json\/wp\/v2\/product\/1548","targetHints":{"allow":["GET"]}}],"collection":[{"href":"https:\/\/www.zongdamining.com\/fr\/wp-json\/wp\/v2\/product"}],"about":[{"href":"https:\/\/www.zongdamining.com\/fr\/wp-json\/wp\/v2\/types\/product"}],"replies":[{"embeddable":true,"href":"https:\/\/www.zongdamining.com\/fr\/wp-json\/wp\/v2\/comments?post=1548"}],"wp:featuredmedia":[{"embeddable":true,"href":"https:\/\/www.zongdamining.com\/fr\/wp-json\/wp\/v2\/media\/1467"}],"wp:attachment":[{"href":"https:\/\/www.zongdamining.com\/fr\/wp-json\/wp\/v2\/media?parent=1548"}],"wp:term":[{"taxonomy":"product_brand","embeddable":true,"href":"https:\/\/www.zongdamining.com\/fr\/wp-json\/wp\/v2\/product_brand?post=1548"},{"taxonomy":"product_cat","embeddable":true,"href":"https:\/\/www.zongdamining.com\/fr\/wp-json\/wp\/v2\/product_cat?post=1548"},{"taxonomy":"product_tag","embeddable":true,"href":"https:\/\/www.zongdamining.com\/fr\/wp-json\/wp\/v2\/product_tag?post=1548"}],"curies":[{"name":"WP","href":"https:\/\/api.w.org\/{rel}","templated":true}]}}