{"id":1551,"date":"2022-12-12T16:01:09","date_gmt":"2022-12-12T08:01:09","guid":{"rendered":"http:\/\/www.zongdamining.com\/?post_type=product&#038;p=1551"},"modified":"2022-12-12T16:01:09","modified_gmt":"2022-12-12T08:01:09","slug":"underground-shotcrete-spraying-machine","status":"publish","type":"product","link":"https:\/\/www.zongdamining.com\/fr\/product\/underground-shotcrete-spraying-machine\/","title":{"rendered":"Machine de pulv\u00e9risation de b\u00e9ton souterrain"},"content":{"rendered":"<p><img fetchpriority=\"high\" decoding=\"async\" class=\"alignnone wp-image-1547 size-full\" src=\"http:\/\/www.zongdamining.com\/wp-content\/uploads\/2022\/12\/underground-concrete-spraying-truck50382040108.jpg\" alt=\"\" width=\"730\" height=\"730\" srcset=\"https:\/\/www.zongdamining.com\/wp-content\/uploads\/2022\/12\/underground-concrete-spraying-truck50382040108.jpg 730w, https:\/\/www.zongdamining.com\/wp-content\/uploads\/2022\/12\/underground-concrete-spraying-truck50382040108-300x300.jpg 300w, https:\/\/www.zongdamining.com\/wp-content\/uploads\/2022\/12\/underground-concrete-spraying-truck50382040108-150x150.jpg 150w, https:\/\/www.zongdamining.com\/wp-content\/uploads\/2022\/12\/underground-concrete-spraying-truck50382040108-600x600.jpg 600w, https:\/\/www.zongdamining.com\/wp-content\/uploads\/2022\/12\/underground-concrete-spraying-truck50382040108-100x100.jpg 100w\" sizes=\"(max-width: 730px) 100vw, 730px\" \/><\/p>\n<p><strong>ZDPB20T<\/strong><\/p>\n<p>La machine de pulv\u00e9risation de crete souterraine ZDPB20T est un outil de pulv\u00e9risation fiable avec une recherche et un d\u00e9veloppement sp\u00e9ciaux sur le durcissement de la surface et la formation de la couche de support de b\u00e9ton bas\u00e9e sur les conditions de travail r\u00e9elles et les besoins du souterrain et l'exp\u00e9rience r\u00e9ussie de nombreux chariots de crete humide domestiques et de contr\u00f4le automatique.  (Voir l'image \u00e0 droite pour la forme du chariot).<\/p>\n<p><img decoding=\"async\" class=\"alignnone wp-image-1553 size-full\" src=\"http:\/\/www.zongdamining.com\/wp-content\/uploads\/2022\/12\/20200525165700fba69be9a1bb4029834084aca6ac1166.jpg\" alt=\"\" width=\"750\" height=\"618\" srcset=\"https:\/\/www.zongdamining.com\/wp-content\/uploads\/2022\/12\/20200525165700fba69be9a1bb4029834084aca6ac1166.jpg 750w, https:\/\/www.zongdamining.com\/wp-content\/uploads\/2022\/12\/20200525165700fba69be9a1bb4029834084aca6ac1166-300x247.jpg 300w, https:\/\/www.zongdamining.com\/wp-content\/uploads\/2022\/12\/20200525165700fba69be9a1bb4029834084aca6ac1166-600x494.jpg 600w\" sizes=\"(max-width: 750px) 100vw, 750px\" \/><\/p>\n<p><strong>Donn\u00e9es techniques<\/strong><\/p>\n<p>&nbsp;<\/p>\n<table class=\"table\" border=\"0\" width=\"100%\" cellspacing=\"0\" cellpadding=\"0\">\n<tbody>\n<tr class=\"firstRow\">\n<td width=\"114\"><strong>Cat\u00e9gorie<\/strong><\/td>\n<td width=\"114\"><strong>S.N<\/strong><\/td>\n<td width=\"153\"><strong>Article<\/strong><\/td>\n<td width=\"284\"><strong>ZDPB20T<\/strong><\/td>\n<\/tr>\n<tr>\n<td rowspan=\"12\" width=\"114\">Assemblage de ch\u00e2ssis<\/td>\n<td width=\"114\">1<\/td>\n<td width=\"153\">Dimensions<\/td>\n<td width=\"284\">7462\u00d71997\u00d72463mm<\/td>\n<\/tr>\n<tr>\n<td width=\"114\">2<\/td>\n<td width=\"153\">Rayon de tournage<\/td>\n<td width=\"284\">Int\u00e9rieur 3870\/Ext\u00e9rieur 6133mm<\/td>\n<\/tr>\n<tr>\n<td width=\"114\">3<\/td>\n<td width=\"153\">moteur<\/td>\n<td width=\"284\">Moteur diesel Deutz<\/td>\n<\/tr>\n<tr>\n<td width=\"114\">4<\/td>\n<td width=\"153\">Puissance nominale<\/td>\n<td width=\"284\">103kw<\/td>\n<\/tr>\n<tr>\n<td width=\"114\">5<\/td>\n<td width=\"153\">Normes d'\u00e9mission<\/td>\n<td width=\"284\">Norme nationale d'\u00e9mission III<\/td>\n<\/tr>\n<tr>\n<td width=\"114\">6<\/td>\n<td width=\"153\">Forme de ch\u00e2ssis<\/td>\n<td width=\"284\">Chassis \u00e0 charni\u00e8res utilis\u00e9 pour les mines<\/td>\n<\/tr>\n<tr>\n<td width=\"114\">7<\/td>\n<td width=\"153\">Formulaire de transmission<\/td>\n<td width=\"284\">Transmission m\u00e9canique hydraulique<\/td>\n<\/tr>\n<tr>\n<td width=\"114\">8<\/td>\n<td width=\"153\">Vitesse de conduite<\/td>\n<td width=\"284\">3 vitesses, 0-26km\/h<\/td>\n<\/tr>\n<tr>\n<td rowspan=\"3\" width=\"114\">9<\/td>\n<td rowspan=\"3\" width=\"153\">Syst\u00e8me de freinage<\/td>\n<td width=\"284\">Four roues frein \u00e0 double circuit humide:<\/td>\n<\/tr>\n<tr>\n<td width=\"284\">frein de stationnement est frein \u00e0 ressort, lib\u00e9ration hydraulique;<\/td>\n<\/tr>\n<tr>\n<td width=\"284\">Le frein de service est un frein hydraulique, rel\u00e2chement de ressort.<\/td>\n<\/tr>\n<tr>\n<td width=\"114\">10<\/td>\n<td width=\"153\">Gradabilit\u00e9 maximale<\/td>\n<td width=\"284\">15\u00b0<\/td>\n<\/tr>\n<\/tbody>\n<\/table>\n<p>&nbsp;<\/p>\n<p>&nbsp;<\/p>\n<p>&nbsp;<\/p>\n<table class=\"table\" border=\"0\" width=\"100%\" cellspacing=\"0\" cellpadding=\"0\">\n<tbody>\n<tr class=\"firstRow\">\n<td width=\"114\"><strong>Cat\u00e9gorie<\/strong><\/td>\n<td width=\"114\"><strong>S.N<\/strong><\/td>\n<td width=\"153\"><strong>Article<\/strong><\/td>\n<td width=\"284\"><strong>du CSPB20T<\/strong><\/td>\n<\/tr>\n<tr>\n<td rowspan=\"10\" width=\"114\">Syst\u00e8me d'injection de b\u00e9ton<\/td>\n<td width=\"114\">1<\/td>\n<td width=\"153\">Formulaire de transport<\/td>\n<td width=\"284\">Contr\u00f4le hydraulique de type piston, commutation automatique de la vanne de tuyau d'oscillation S<\/td>\n<\/tr>\n<tr>\n<td width=\"114\">2<\/td>\n<td width=\"153\">Capacit\u00e9 th\u00e9orique de pompage<\/td>\n<td width=\"284\">20 m\u00b3\/h<\/td>\n<\/tr>\n<tr>\n<td width=\"114\">3<\/td>\n<td width=\"153\">Taille maximale de particules autoris\u00e9e<\/td>\n<td width=\"284\">16 mm<\/td>\n<\/tr>\n<tr>\n<td width=\"114\">4<\/td>\n<td width=\"153\">Volume de tr\u00e9mie<\/td>\n<td width=\"284\">520L<\/td>\n<\/tr>\n<tr>\n<td width=\"114\">5<\/td>\n<td width=\"153\">Hauteur d'alimentation<\/td>\n<td width=\"284\">1200 mm<\/td>\n<\/tr>\n<tr>\n<td width=\"114\">6<\/td>\n<td width=\"153\">Contr\u00f4le du bras robotique<\/td>\n<td width=\"284\">Mode de t\u00e9l\u00e9commande compl\u00e8tement hydraulique \u00e0 quatre sections triple, c\u00e2bl\u00e9\/sans fil<\/td>\n<\/tr>\n<tr>\n<td width=\"114\">7<\/td>\n<td width=\"153\">Hauteur maximale de pulv\u00e9risation<\/td>\n<td width=\"284\">8 m\u00e8tres<\/td>\n<\/tr>\n<tr>\n<td width=\"114\">8<\/td>\n<td width=\"153\">Largeur maximale de pulv\u00e9risation<\/td>\n<td width=\"284\">16m<\/td>\n<\/tr>\n<tr>\n<td width=\"114\">9<\/td>\n<td width=\"153\">Gamme de pulv\u00e9risation de buses<\/td>\n<td width=\"284\">Avec six degr\u00e9s de libert\u00e9, jet \u00e0 port\u00e9e sph\u00e9rique de 240\u00b0 et brossage automatique<\/td>\n<\/tr>\n<tr>\n<td width=\"114\">10<\/td>\n<td width=\"153\">Formulaire de conduite<\/td>\n<td width=\"284\">Moteur pour entra\u00eenement normal et moteur diesel pour entra\u00eenement d'urgence<\/td>\n<\/tr>\n<\/tbody>\n<\/table>\n<p>&nbsp;<\/p>\n<p>&nbsp;<\/p>\n<table class=\"table\" border=\"0\" width=\"100%\" cellspacing=\"0\" cellpadding=\"0\">\n<tbody>\n<tr class=\"firstRow\">\n<td width=\"114\"><strong>Cat\u00e9gorie<\/strong><\/td>\n<td width=\"114\"><strong>S.N<\/strong><\/td>\n<td width=\"153\"><strong>Article<\/strong><\/td>\n<td width=\"284\"><strong>ZDPB20T<\/strong><\/td>\n<\/tr>\n<tr>\n<td rowspan=\"5\" width=\"114\">Syst\u00e8me d'acc\u00e9l\u00e9rateur<\/td>\n<td width=\"114\">1<\/td>\n<td width=\"153\">Formulaire<\/td>\n<td width=\"284\">Aliment\u00e9 par moteur et le volume de transport est r\u00e9glable<\/td>\n<\/tr>\n<tr>\n<td width=\"114\">2<\/td>\n<td width=\"153\">Capacit\u00e9 de remplissage<\/td>\n<td width=\"284\">50-600L\/h<\/td>\n<\/tr>\n<tr>\n<td width=\"114\">3<\/td>\n<td width=\"153\">acc\u00e9l\u00e9rateur<\/td>\n<td width=\"284\">Acc\u00e9l\u00e9rateur de liquide en bouteille<\/td>\n<\/tr>\n<tr>\n<td width=\"114\">4<\/td>\n<td width=\"153\">Syst\u00e8me de contr\u00f4le<\/td>\n<td width=\"284\">Sortie synchrone avec volume de pompage de b\u00e9ton, qui est r\u00e9glable<\/td>\n<\/tr>\n<tr>\n<td width=\"114\">5<\/td>\n<td width=\"153\">Connexion avec buse<\/td>\n<td width=\"284\">Entr\u00e9e des deux c\u00f4t\u00e9s<\/td>\n<\/tr>\n<tr>\n<td rowspan=\"3\" width=\"114\">Syst\u00e8me de nettoyage<\/td>\n<td width=\"114\">6<\/td>\n<td width=\"153\">Formulaire<\/td>\n<td width=\"284\">Pompe \u00e0 piston \u00e0 entra\u00eenement hydraulique avec pistolet \u00e0 eau haute pression<\/td>\n<\/tr>\n<tr>\n<td width=\"114\">7<\/td>\n<td width=\"153\">Volume du r\u00e9servoir<\/td>\n<td width=\"284\">130L<\/td>\n<\/tr>\n<tr>\n<td width=\"114\">8<\/td>\n<td width=\"153\">Capacit\u00e9 de sortie<\/td>\n<td width=\"284\">11 L\/min<\/td>\n<\/tr>\n<tr>\n<td rowspan=\"2\" width=\"114\">Compresseur d'air<\/td>\n<td width=\"114\">9<\/td>\n<td width=\"153\">Formulaire<\/td>\n<td width=\"284\">Moteur d'entra\u00eenement, compresseur d'air \u00e0 vis<\/td>\n<\/tr>\n<tr>\n<td width=\"114\">10<\/td>\n<td width=\"153\">Alimentation d'air maximale<\/td>\n<td width=\"284\">7,5 m\u00b3\/min<\/td>\n<\/tr>\n<\/tbody>\n<\/table>\n<p><img decoding=\"async\" class=\"alignnone wp-image-1552 size-full\" src=\"http:\/\/www.zongdamining.com\/wp-content\/uploads\/2022\/12\/20200525165703cf22348c83de4511aabfe9716cd5b33d.jpg\" alt=\"\" width=\"750\" height=\"750\" srcset=\"https:\/\/www.zongdamining.com\/wp-content\/uploads\/2022\/12\/20200525165703cf22348c83de4511aabfe9716cd5b33d.jpg 750w, https:\/\/www.zongdamining.com\/wp-content\/uploads\/2022\/12\/20200525165703cf22348c83de4511aabfe9716cd5b33d-300x300.jpg 300w, https:\/\/www.zongdamining.com\/wp-content\/uploads\/2022\/12\/20200525165703cf22348c83de4511aabfe9716cd5b33d-150x150.jpg 150w, https:\/\/www.zongdamining.com\/wp-content\/uploads\/2022\/12\/20200525165703cf22348c83de4511aabfe9716cd5b33d-600x600.jpg 600w, https:\/\/www.zongdamining.com\/wp-content\/uploads\/2022\/12\/20200525165703cf22348c83de4511aabfe9716cd5b33d-100x100.jpg 100w\" sizes=\"(max-width: 750px) 100vw, 750px\" \/><\/p>\n<p><strong>Syst\u00e8me d'injection &#8211; plage de fonctionnement<\/strong><\/p>\n<p><img loading=\"lazy\" decoding=\"async\" class=\"alignnone wp-image-1546 size-full\" src=\"http:\/\/www.zongdamining.com\/wp-content\/uploads\/2022\/12\/202005251652092146ead574dc4323a2b5d8640c5d8259.jpg\" alt=\"\" width=\"750\" height=\"750\" srcset=\"https:\/\/www.zongdamining.com\/wp-content\/uploads\/2022\/12\/202005251652092146ead574dc4323a2b5d8640c5d8259.jpg 750w, https:\/\/www.zongdamining.com\/wp-content\/uploads\/2022\/12\/202005251652092146ead574dc4323a2b5d8640c5d8259-300x300.jpg 300w, https:\/\/www.zongdamining.com\/wp-content\/uploads\/2022\/12\/202005251652092146ead574dc4323a2b5d8640c5d8259-150x150.jpg 150w, https:\/\/www.zongdamining.com\/wp-content\/uploads\/2022\/12\/202005251652092146ead574dc4323a2b5d8640c5d8259-600x600.jpg 600w, https:\/\/www.zongdamining.com\/wp-content\/uploads\/2022\/12\/202005251652092146ead574dc4323a2b5d8640c5d8259-100x100.jpg 100w\" sizes=\"(max-width: 750px) 100vw, 750px\" \/><\/p>","protected":false},"excerpt":{"rendered":"<p>La machine de pulv\u00e9risation de crete souterraine ZDPB20T est un outil de pulv\u00e9risation fiable avec une recherche et un d\u00e9veloppement sp\u00e9ciaux sur le durcissement de la surface et la formation de la couche de support de b\u00e9ton bas\u00e9e sur les conditions de travail r\u00e9elles et les besoins du souterrain et l'exp\u00e9rience r\u00e9ussie de nombreux chariots de crete humide domestiques et de contr\u00f4le automatique.<\/p>","protected":false},"featured_media":1547,"comment_status":"open","ping_status":"closed","template":"","meta":{"_acf_changed":false},"product_brand":[],"product_cat":[15],"product_tag":[],"class_list":{"0":"post-1551","1":"product","2":"type-product","3":"status-publish","4":"has-post-thumbnail","6":"product_cat-trackless-mining-equipment","8":"first","9":"instock","10":"shipping-taxable","11":"product-type-simple"},"acf":[],"_links":{"self":[{"href":"https:\/\/www.zongdamining.com\/fr\/wp-json\/wp\/v2\/product\/1551","targetHints":{"allow":["GET"]}}],"collection":[{"href":"https:\/\/www.zongdamining.com\/fr\/wp-json\/wp\/v2\/product"}],"about":[{"href":"https:\/\/www.zongdamining.com\/fr\/wp-json\/wp\/v2\/types\/product"}],"replies":[{"embeddable":true,"href":"https:\/\/www.zongdamining.com\/fr\/wp-json\/wp\/v2\/comments?post=1551"}],"wp:featuredmedia":[{"embeddable":true,"href":"https:\/\/www.zongdamining.com\/fr\/wp-json\/wp\/v2\/media\/1547"}],"wp:attachment":[{"href":"https:\/\/www.zongdamining.com\/fr\/wp-json\/wp\/v2\/media?parent=1551"}],"wp:term":[{"taxonomy":"product_brand","embeddable":true,"href":"https:\/\/www.zongdamining.com\/fr\/wp-json\/wp\/v2\/product_brand?post=1551"},{"taxonomy":"product_cat","embeddable":true,"href":"https:\/\/www.zongdamining.com\/fr\/wp-json\/wp\/v2\/product_cat?post=1551"},{"taxonomy":"product_tag","embeddable":true,"href":"https:\/\/www.zongdamining.com\/fr\/wp-json\/wp\/v2\/product_tag?post=1551"}],"curies":[{"name":"WP","href":"https:\/\/api.w.org\/{rel}","templated":true}]}}